{"id":100,"date":"2025-05-29T21:36:43","date_gmt":"2025-05-29T19:36:43","guid":{"rendered":"https:\/\/gogreen-schweiz.ch\/about-us\/"},"modified":"2025-10-27T16:52:31","modified_gmt":"2025-10-27T14:52:31","slug":"about-us","status":"publish","type":"page","link":"https:\/\/gogreen-schweiz.ch\/en\/about-us\/","title":{"rendered":"About Us"},"content":{"rendered":"<div class=\"wp-block-group alignwide has-medium-font-size has-global-padding is-layout-constrained wp-block-group-is-layout-constrained\">\n<div class=\"wp-block-columns alignwide is-layout-flex wp-container-core-columns-is-layout-552a1496 wp-block-columns-is-layout-flex\" style=\"padding-top:var(--wp--preset--spacing--50);padding-right:0;padding-bottom:var(--wp--preset--spacing--50);padding-left:0\">\n<div class=\"wp-block-column is-layout-flow wp-block-column-is-layout-flow\">\n<div class=\"wp-block-cover is-light\"><img loading=\"lazy\" decoding=\"async\" width=\"2560\" height=\"1707\" class=\"wp-block-cover__image-background wp-image-235 size-full\" alt=\"\" src=\"https:\/\/gogreen-schweiz.ch\/wp-content\/uploads\/2025\/05\/owner-greenhouse-agronomist-monitors-quality-microgreens-small-business-scaled.jpg\" data-object-fit=\"cover\" srcset=\"https:\/\/gogreen-schweiz.ch\/wp-content\/uploads\/2025\/05\/owner-greenhouse-agronomist-monitors-quality-microgreens-small-business-scaled.jpg 2560w, https:\/\/gogreen-schweiz.ch\/wp-content\/uploads\/2025\/05\/owner-greenhouse-agronomist-monitors-quality-microgreens-small-business-300x200.jpg 300w, https:\/\/gogreen-schweiz.ch\/wp-content\/uploads\/2025\/05\/owner-greenhouse-agronomist-monitors-quality-microgreens-small-business-1024x683.jpg 1024w, https:\/\/gogreen-schweiz.ch\/wp-content\/uploads\/2025\/05\/owner-greenhouse-agronomist-monitors-quality-microgreens-small-business-768x512.jpg 768w, https:\/\/gogreen-schweiz.ch\/wp-content\/uploads\/2025\/05\/owner-greenhouse-agronomist-monitors-quality-microgreens-small-business-1536x1024.jpg 1536w, https:\/\/gogreen-schweiz.ch\/wp-content\/uploads\/2025\/05\/owner-greenhouse-agronomist-monitors-quality-microgreens-small-business-2048x1365.jpg 2048w, https:\/\/gogreen-schweiz.ch\/wp-content\/uploads\/2025\/05\/owner-greenhouse-agronomist-monitors-quality-microgreens-small-business-600x400.jpg 600w\" sizes=\"auto, (max-width: 2560px) 100vw, 2560px\" \/><span aria-hidden=\"true\" class=\"wp-block-cover__background has-background-dim-0 has-background-dim\" style=\"background-color:#829072\"><\/span><div class=\"wp-block-cover__inner-container is-layout-flow wp-block-cover-is-layout-flow\">\n<p class=\"has-text-align-center has-large-font-size\"><\/p>\n<\/div><\/div>\n<\/div>\n\n\n\n<div class=\"wp-block-column is-vertically-aligned-center has-global-padding is-layout-constrained wp-container-core-column-is-layout-254f1302 wp-block-column-is-layout-constrained\" style=\"padding-top:0;padding-right:0;padding-bottom:0;padding-left:0\">\n<div class=\"wp-block-group alignwide is-layout-flow wp-block-group-is-layout-flow\" style=\"margin-top:var(--wp--preset--spacing--40);margin-bottom:var(--wp--preset--spacing--40);padding-top:0px;padding-right:10px;padding-bottom:0px;padding-left:15px\">\n<h2 class=\"wp-block-heading\" style=\"padding-top:0;padding-bottom:0\">\u00dcber uns &#8211; Go Green<\/h2>\n\n\n\n<p class=\"has-medium-font-size\">Familienbetrieb mit Herz, Wissen und Leidenschaft f\u00fcr Microgreens.<\/p>\n\n\n\n<p class=\"has-medium-font-size\">Wir sind eine Familienfirma, die Menschen aus verschiedenen Bereichen vereint: einen erfahrenen Landwirt, Biotechnologen, professionellen Koch, Leistungssportlerinnen und einfach Menschen, die hochwertige Lebensmittel lieben und auf ihre Gesundheit achten.<\/p>\n<\/div>\n<\/div>\n<\/div>\n\n\n\n<div class=\"wp-block-columns alignwide is-layout-flex wp-container-core-columns-is-layout-7c9548a8 wp-block-columns-is-layout-flex\" style=\"padding-top:0;padding-right:0;padding-bottom:0;padding-left:0\">\n<div class=\"wp-block-column is-vertically-aligned-center is-layout-flow wp-block-column-is-layout-flow\">\n<div class=\"wp-block-cover is-light\"><img loading=\"lazy\" decoding=\"async\" width=\"1020\" height=\"1020\" class=\"wp-block-cover__image-background wp-image-244 size-full\" alt=\"\" src=\"https:\/\/gogreen-schweiz.ch\/wp-content\/uploads\/2025\/05\/SONNENBLUMEN.jpg\" data-object-fit=\"cover\" srcset=\"https:\/\/gogreen-schweiz.ch\/wp-content\/uploads\/2025\/05\/SONNENBLUMEN.jpg 1020w, https:\/\/gogreen-schweiz.ch\/wp-content\/uploads\/2025\/05\/SONNENBLUMEN-300x300.jpg 300w, https:\/\/gogreen-schweiz.ch\/wp-content\/uploads\/2025\/05\/SONNENBLUMEN-150x150.jpg 150w, https:\/\/gogreen-schweiz.ch\/wp-content\/uploads\/2025\/05\/SONNENBLUMEN-768x768.jpg 768w, https:\/\/gogreen-schweiz.ch\/wp-content\/uploads\/2025\/05\/SONNENBLUMEN-600x600.jpg 600w, https:\/\/gogreen-schweiz.ch\/wp-content\/uploads\/2025\/05\/SONNENBLUMEN-100x100.jpg 100w\" sizes=\"auto, (max-width: 1020px) 100vw, 1020px\" \/><span aria-hidden=\"true\" class=\"wp-block-cover__background has-background-dim-0 has-background-dim\" style=\"background-color:#9eb06d\"><\/span><div class=\"wp-block-cover__inner-container is-layout-flow wp-block-cover-is-layout-flow\">\n<p class=\"has-text-align-center has-large-font-size\"><\/p>\n<\/div><\/div>\n<\/div>\n\n\n\n<div class=\"wp-block-column is-vertically-aligned-center is-layout-flow wp-block-column-is-layout-flow\" style=\"padding-top:0;padding-right:0;padding-bottom:0;padding-left:0\">\n<div class=\"wp-block-group has-global-padding is-layout-constrained wp-container-core-group-is-layout-357a5fb7 wp-block-group-is-layout-constrained\" style=\"padding-top:50px;padding-right:10px;padding-bottom:50px;padding-left:10px\">\n<p>Unser Ziel ist es, die Kraft der Natur in jeder Form zu bewahren \u2013 frisch, getrocknet oder konzentriert \u2013 und Ihnen Produkte zu bieten, die ehrlich, gesund und voller Leben sind.<\/p>\n\n\n\n<p>Wir verwenden nur bestes Saatgut, nat\u00fcrliche Bio-D\u00fcnger und bew\u00e4hrte Technologien,<br>die wir \u00fcber Jahre perfektioniert haben.<br>Dank Schockfrostung und Gefriertrocknung (Lyophilisation) bleiben Vitamine, Mineralstoffe und Enzyme optimal erhalten.<\/p>\n\n\n\n<p class=\"has-medium-font-size\">Wir essen unsere Microgreens selbst \u2013 und wir f\u00fcttern sie auch unseren Kindern. \ud83c\udf3f<\/p>\n<\/div>\n<\/div>\n<\/div>\n\n\n\n<div class=\"wp-block-columns alignwide is-layout-flex wp-container-core-columns-is-layout-7c9548a8 wp-block-columns-is-layout-flex\" style=\"padding-top:0;padding-right:0;padding-bottom:0;padding-left:0\">\n<div class=\"wp-block-column is-layout-flow wp-block-column-is-layout-flow\">\n<div class=\"wp-block-cover is-light\"><img loading=\"lazy\" decoding=\"async\" width=\"1232\" height=\"928\" class=\"wp-block-cover__image-background wp-image-1035 size-full\" alt=\"\" src=\"https:\/\/gogreen-schweiz.ch\/wp-content\/uploads\/2025\/08\/Geschaeftskunden-microgreens.webp\" data-object-fit=\"cover\" srcset=\"https:\/\/gogreen-schweiz.ch\/wp-content\/uploads\/2025\/08\/Geschaeftskunden-microgreens.webp 1232w, https:\/\/gogreen-schweiz.ch\/wp-content\/uploads\/2025\/08\/Geschaeftskunden-microgreens-300x226.webp 300w, https:\/\/gogreen-schweiz.ch\/wp-content\/uploads\/2025\/08\/Geschaeftskunden-microgreens-1024x771.webp 1024w, https:\/\/gogreen-schweiz.ch\/wp-content\/uploads\/2025\/08\/Geschaeftskunden-microgreens-768x578.webp 768w, https:\/\/gogreen-schweiz.ch\/wp-content\/uploads\/2025\/08\/Geschaeftskunden-microgreens-600x452.webp 600w\" sizes=\"auto, (max-width: 1232px) 100vw, 1232px\" \/><span aria-hidden=\"true\" class=\"wp-block-cover__background has-background-dim-0 has-background-dim\" style=\"background-color:#687362\"><\/span><div class=\"wp-block-cover__inner-container is-layout-flow wp-block-cover-is-layout-flow\">\n<p class=\"has-text-align-center has-large-font-size\"><\/p>\n<\/div><\/div>\n<\/div>\n\n\n\n<div class=\"wp-block-column is-vertically-aligned-center has-global-padding is-layout-constrained wp-container-core-column-is-layout-254f1302 wp-block-column-is-layout-constrained\" style=\"padding-top:0;padding-right:0;padding-bottom:0;padding-left:0\">\n<div class=\"wp-block-group alignfull is-layout-flow wp-block-group-is-layout-flow\" style=\"margin-top:var(--wp--preset--spacing--40);margin-bottom:var(--wp--preset--spacing--40);padding-top:0px;padding-right:10px;padding-bottom:0px;padding-left:10px\">\n<p>Heute umfasst unser Sortiment:<\/p>\n\n\n\n<ul class=\"wp-block-list\">\n<li>Frische Microgreens<\/li>\n\n\n\n<li>Getrocknete Microgreens in verschiedenen Formen: ganz, als Pulver, Tabletten oder Kapseln<\/li>\n\n\n\n<li>Kr\u00e4utertees mit Microgreens<\/li>\n\n\n\n<li>Edle und seltene \u00d6le<\/li>\n\n\n\n<li>Samen und Grow-Kits f\u00fcr den Eigenanbau von Microgreens und Sprossen<\/li>\n<\/ul>\n\n\n\n<p>Sie finden uns jeden Samstag auf dem Wochenmarkt in St. Gallen, oder Sie bestellen bequem online \u2013 wir liefern per Post oder direkt zu Ihnen nach Hause.<\/p>\n<\/div>\n<\/div>\n<\/div>\n\n\n\n<div class=\"wp-block-group alignwide has-global-padding is-layout-constrained wp-container-core-group-is-layout-4383d167 wp-block-group-is-layout-constrained\">\n<p class=\"has-text-align-center\">Wir beraten Sie auch gerne rund um: den Anbau von Microgreens, die richtige Anwendung unserer Produkte, und bieten Trocknungsservice auf Auftrag f\u00fcr Ihre eigene Ernte.<\/p>\n\n\n\n<p class=\"has-text-align-center\"><strong>Go Green Schweiz \u2013 Nat\u00fcrlich. Lokal. Mit Liebe gez\u00fcchtet.<\/strong> \ud83d\udc9a<\/p>\n<\/div>\n<\/div>\n\n\n\n<div style=\"height:100px\" aria-hidden=\"true\" class=\"wp-block-spacer\"><\/div>","protected":false},"excerpt":{"rendered":"<p>\u00dcber uns &#8211; Go Green Familienbetrieb mit Herz, Wissen und Leidenschaft f\u00fcr Microgreens. Wir sind eine Familienfirma, die Menschen aus verschiedenen Bereichen vereint: einen erfahrenen Landwirt, Biotechnologen, professionellen Koch, Leistungssportlerinnen und einfach Menschen, die hochwertige Lebensmittel lieben und auf ihre Gesundheit achten. Unser Ziel ist es, die Kraft der Natur in jeder Form zu bewahren [&hellip;]<\/p>\n","protected":false},"author":1,"featured_media":0,"parent":0,"menu_order":0,"comment_status":"closed","ping_status":"closed","template":"","meta":{"_coblocks_attr":"","_coblocks_dimensions":"{\"coblocks-hero-63115656346\":{\"padding\":{}}}","_coblocks_responsive_height":"","_coblocks_accordion_ie_support":"","wprm-recipe-roundup-name":"","wprm-recipe-roundup-description":"","footnotes":""},"class_list":["post-100","page","type-page","status-publish","hentry"],"yoast_head":"<!-- This site is optimized with the Yoast SEO plugin v27.5 - https:\/\/yoast.com\/product\/yoast-seo-wordpress\/ -->\n<title>\u00dcber uns - Bio Microgreens, Pulver &amp; Superfood aus der Schweiz<\/title>\n<meta name=\"description\" content=\"Lernen Sie Go Green \u2013 Schweiz GmbH kennen: Bio-Microgreens, gefriergetrocknetes Pulver &amp; gesunde Superfoods. Nachhaltig angebaut in der Schweiz, mit Liebe und Handarbeit.\" \/>\n<meta name=\"robots\" content=\"index, follow, max-snippet:-1, max-image-preview:large, max-video-preview:-1\" \/>\n<link rel=\"canonical\" href=\"https:\/\/gogreen-schweiz.ch\/en\/about-us\/\" \/>\n<meta property=\"og:locale\" content=\"en_GB\" \/>\n<meta property=\"og:type\" content=\"article\" \/>\n<meta property=\"og:title\" content=\"\u00dcber uns - Bio Microgreens, Pulver &amp; Superfood aus der Schweiz\" \/>\n<meta property=\"og:description\" content=\"Lernen Sie Go Green \u2013 Schweiz GmbH kennen: Bio-Microgreens, gefriergetrocknetes Pulver &amp; gesunde Superfoods. Nachhaltig angebaut in der Schweiz, mit Liebe und Handarbeit.\" \/>\n<meta property=\"og:url\" content=\"https:\/\/gogreen-schweiz.ch\/en\/about-us\/\" \/>\n<meta property=\"og:site_name\" content=\"Go Green - Schweiz GmbH\" \/>\n<meta property=\"article:modified_time\" content=\"2025-10-27T14:52:31+00:00\" \/>\n<meta property=\"og:image\" content=\"https:\/\/gogreen-schweiz.ch\/wp-content\/uploads\/2025\/05\/owner-greenhouse-agronomist-monitors-quality-microgreens-small-business-scaled.jpg\" \/>\n\t<meta property=\"og:image:width\" content=\"2560\" \/>\n\t<meta property=\"og:image:height\" content=\"1707\" \/>\n\t<meta property=\"og:image:type\" content=\"image\/jpeg\" \/>\n<meta name=\"twitter:card\" content=\"summary_large_image\" \/>\n<meta name=\"twitter:label1\" content=\"Estimated reading time\" \/>\n\t<meta name=\"twitter:data1\" content=\"2 minutes\" \/>\n<script type=\"application\/ld+json\" class=\"yoast-schema-graph\">{\"@context\":\"https:\\\/\\\/schema.org\",\"@graph\":[{\"@type\":\"WebPage\",\"@id\":\"https:\\\/\\\/gogreen-schweiz.ch\\\/about-us\\\/\",\"url\":\"https:\\\/\\\/gogreen-schweiz.ch\\\/about-us\\\/\",\"name\":\"\u00dcber uns - Bio Microgreens, Pulver & Superfood aus der Schweiz\",\"isPartOf\":{\"@id\":\"https:\\\/\\\/gogreen-schweiz.ch\\\/#website\"},\"primaryImageOfPage\":{\"@id\":\"https:\\\/\\\/gogreen-schweiz.ch\\\/about-us\\\/#primaryimage\"},\"image\":{\"@id\":\"https:\\\/\\\/gogreen-schweiz.ch\\\/about-us\\\/#primaryimage\"},\"thumbnailUrl\":\"https:\\\/\\\/gogreen-schweiz.ch\\\/wp-content\\\/uploads\\\/2025\\\/05\\\/owner-greenhouse-agronomist-monitors-quality-microgreens-small-business-scaled.jpg\",\"datePublished\":\"2025-05-29T19:36:43+00:00\",\"dateModified\":\"2025-10-27T14:52:31+00:00\",\"description\":\"Lernen Sie Go Green \u2013 Schweiz GmbH kennen: Bio-Microgreens, gefriergetrocknetes Pulver & gesunde Superfoods. Nachhaltig angebaut in der Schweiz, mit Liebe und Handarbeit.\",\"breadcrumb\":{\"@id\":\"https:\\\/\\\/gogreen-schweiz.ch\\\/about-us\\\/#breadcrumb\"},\"inLanguage\":\"en-GB\",\"potentialAction\":[{\"@type\":\"ReadAction\",\"target\":[\"https:\\\/\\\/gogreen-schweiz.ch\\\/about-us\\\/\"]}]},{\"@type\":\"ImageObject\",\"inLanguage\":\"en-GB\",\"@id\":\"https:\\\/\\\/gogreen-schweiz.ch\\\/about-us\\\/#primaryimage\",\"url\":\"https:\\\/\\\/gogreen-schweiz.ch\\\/wp-content\\\/uploads\\\/2025\\\/05\\\/owner-greenhouse-agronomist-monitors-quality-microgreens-small-business-scaled.jpg\",\"contentUrl\":\"https:\\\/\\\/gogreen-schweiz.ch\\\/wp-content\\\/uploads\\\/2025\\\/05\\\/owner-greenhouse-agronomist-monitors-quality-microgreens-small-business-scaled.jpg\"},{\"@type\":\"BreadcrumbList\",\"@id\":\"https:\\\/\\\/gogreen-schweiz.ch\\\/about-us\\\/#breadcrumb\",\"itemListElement\":[{\"@type\":\"ListItem\",\"position\":1,\"name\":\"Home\",\"item\":\"https:\\\/\\\/gogreen-schweiz.ch\\\/\"},{\"@type\":\"ListItem\",\"position\":2,\"name\":\"About Us\"}]},{\"@type\":\"WebSite\",\"@id\":\"https:\\\/\\\/gogreen-schweiz.ch\\\/#website\",\"url\":\"https:\\\/\\\/gogreen-schweiz.ch\\\/\",\"name\":\"Go Green - Schweiz GmbH\",\"description\":\"\",\"publisher\":{\"@id\":\"https:\\\/\\\/gogreen-schweiz.ch\\\/#organization\"},\"potentialAction\":[{\"@type\":\"SearchAction\",\"target\":{\"@type\":\"EntryPoint\",\"urlTemplate\":\"https:\\\/\\\/gogreen-schweiz.ch\\\/?s={search_term_string}\"},\"query-input\":{\"@type\":\"PropertyValueSpecification\",\"valueRequired\":true,\"valueName\":\"search_term_string\"}}],\"inLanguage\":\"en-GB\"},{\"@type\":\"Organization\",\"@id\":\"https:\\\/\\\/gogreen-schweiz.ch\\\/#organization\",\"name\":\"Go Green - Schweiz GmbH\",\"url\":\"https:\\\/\\\/gogreen-schweiz.ch\\\/\",\"logo\":{\"@type\":\"ImageObject\",\"inLanguage\":\"en-GB\",\"@id\":\"https:\\\/\\\/gogreen-schweiz.ch\\\/#\\\/schema\\\/logo\\\/image\\\/\",\"url\":\"https:\\\/\\\/gogreen-schweiz.ch\\\/wp-content\\\/uploads\\\/2025\\\/07\\\/cropped-Go-Green.webp\",\"contentUrl\":\"https:\\\/\\\/gogreen-schweiz.ch\\\/wp-content\\\/uploads\\\/2025\\\/07\\\/cropped-Go-Green.webp\",\"width\":512,\"height\":512,\"caption\":\"Go Green - Schweiz GmbH\"},\"image\":{\"@id\":\"https:\\\/\\\/gogreen-schweiz.ch\\\/#\\\/schema\\\/logo\\\/image\\\/\"},\"sameAs\":[\"https:\\\/\\\/www.instagram.com\\\/gogreenschweiz\"]}]}<\/script>\n<!-- \/ Yoast SEO plugin. -->","yoast_head_json":{"title":"\u00dcber uns - Bio Microgreens, Pulver & Superfood aus der Schweiz","description":"Lernen Sie Go Green \u2013 Schweiz GmbH kennen: Bio-Microgreens, gefriergetrocknetes Pulver & gesunde Superfoods. Nachhaltig angebaut in der Schweiz, mit Liebe und Handarbeit.","robots":{"index":"index","follow":"follow","max-snippet":"max-snippet:-1","max-image-preview":"max-image-preview:large","max-video-preview":"max-video-preview:-1"},"canonical":"https:\/\/gogreen-schweiz.ch\/en\/about-us\/","og_locale":"en_GB","og_type":"article","og_title":"\u00dcber uns - Bio Microgreens, Pulver & Superfood aus der Schweiz","og_description":"Lernen Sie Go Green \u2013 Schweiz GmbH kennen: Bio-Microgreens, gefriergetrocknetes Pulver & gesunde Superfoods. Nachhaltig angebaut in der Schweiz, mit Liebe und Handarbeit.","og_url":"https:\/\/gogreen-schweiz.ch\/en\/about-us\/","og_site_name":"Go Green - Schweiz GmbH","article_modified_time":"2025-10-27T14:52:31+00:00","og_image":[{"width":2560,"height":1707,"url":"https:\/\/gogreen-schweiz.ch\/wp-content\/uploads\/2025\/05\/owner-greenhouse-agronomist-monitors-quality-microgreens-small-business-scaled.jpg","type":"image\/jpeg"}],"twitter_card":"summary_large_image","twitter_misc":{"Estimated reading time":"2 minutes"},"schema":{"@context":"https:\/\/schema.org","@graph":[{"@type":"WebPage","@id":"https:\/\/gogreen-schweiz.ch\/about-us\/","url":"https:\/\/gogreen-schweiz.ch\/about-us\/","name":"\u00dcber uns - Bio Microgreens, Pulver & Superfood aus der Schweiz","isPartOf":{"@id":"https:\/\/gogreen-schweiz.ch\/#website"},"primaryImageOfPage":{"@id":"https:\/\/gogreen-schweiz.ch\/about-us\/#primaryimage"},"image":{"@id":"https:\/\/gogreen-schweiz.ch\/about-us\/#primaryimage"},"thumbnailUrl":"https:\/\/gogreen-schweiz.ch\/wp-content\/uploads\/2025\/05\/owner-greenhouse-agronomist-monitors-quality-microgreens-small-business-scaled.jpg","datePublished":"2025-05-29T19:36:43+00:00","dateModified":"2025-10-27T14:52:31+00:00","description":"Lernen Sie Go Green \u2013 Schweiz GmbH kennen: Bio-Microgreens, gefriergetrocknetes Pulver & gesunde Superfoods. Nachhaltig angebaut in der Schweiz, mit Liebe und Handarbeit.","breadcrumb":{"@id":"https:\/\/gogreen-schweiz.ch\/about-us\/#breadcrumb"},"inLanguage":"en-GB","potentialAction":[{"@type":"ReadAction","target":["https:\/\/gogreen-schweiz.ch\/about-us\/"]}]},{"@type":"ImageObject","inLanguage":"en-GB","@id":"https:\/\/gogreen-schweiz.ch\/about-us\/#primaryimage","url":"https:\/\/gogreen-schweiz.ch\/wp-content\/uploads\/2025\/05\/owner-greenhouse-agronomist-monitors-quality-microgreens-small-business-scaled.jpg","contentUrl":"https:\/\/gogreen-schweiz.ch\/wp-content\/uploads\/2025\/05\/owner-greenhouse-agronomist-monitors-quality-microgreens-small-business-scaled.jpg"},{"@type":"BreadcrumbList","@id":"https:\/\/gogreen-schweiz.ch\/about-us\/#breadcrumb","itemListElement":[{"@type":"ListItem","position":1,"name":"Home","item":"https:\/\/gogreen-schweiz.ch\/"},{"@type":"ListItem","position":2,"name":"About Us"}]},{"@type":"WebSite","@id":"https:\/\/gogreen-schweiz.ch\/#website","url":"https:\/\/gogreen-schweiz.ch\/","name":"Go Green - Schweiz GmbH","description":"","publisher":{"@id":"https:\/\/gogreen-schweiz.ch\/#organization"},"potentialAction":[{"@type":"SearchAction","target":{"@type":"EntryPoint","urlTemplate":"https:\/\/gogreen-schweiz.ch\/?s={search_term_string}"},"query-input":{"@type":"PropertyValueSpecification","valueRequired":true,"valueName":"search_term_string"}}],"inLanguage":"en-GB"},{"@type":"Organization","@id":"https:\/\/gogreen-schweiz.ch\/#organization","name":"Go Green - Schweiz GmbH","url":"https:\/\/gogreen-schweiz.ch\/","logo":{"@type":"ImageObject","inLanguage":"en-GB","@id":"https:\/\/gogreen-schweiz.ch\/#\/schema\/logo\/image\/","url":"https:\/\/gogreen-schweiz.ch\/wp-content\/uploads\/2025\/07\/cropped-Go-Green.webp","contentUrl":"https:\/\/gogreen-schweiz.ch\/wp-content\/uploads\/2025\/07\/cropped-Go-Green.webp","width":512,"height":512,"caption":"Go Green - Schweiz GmbH"},"image":{"@id":"https:\/\/gogreen-schweiz.ch\/#\/schema\/logo\/image\/"},"sameAs":["https:\/\/www.instagram.com\/gogreenschweiz"]}]}},"jetpack_sharing_enabled":true,"_links":{"self":[{"href":"https:\/\/gogreen-schweiz.ch\/en\/wp-json\/wp\/v2\/pages\/100","targetHints":{"allow":["GET"]}}],"collection":[{"href":"https:\/\/gogreen-schweiz.ch\/en\/wp-json\/wp\/v2\/pages"}],"about":[{"href":"https:\/\/gogreen-schweiz.ch\/en\/wp-json\/wp\/v2\/types\/page"}],"author":[{"embeddable":true,"href":"https:\/\/gogreen-schweiz.ch\/en\/wp-json\/wp\/v2\/users\/1"}],"replies":[{"embeddable":true,"href":"https:\/\/gogreen-schweiz.ch\/en\/wp-json\/wp\/v2\/comments?post=100"}],"version-history":[{"count":38,"href":"https:\/\/gogreen-schweiz.ch\/en\/wp-json\/wp\/v2\/pages\/100\/revisions"}],"predecessor-version":[{"id":1662,"href":"https:\/\/gogreen-schweiz.ch\/en\/wp-json\/wp\/v2\/pages\/100\/revisions\/1662"}],"wp:attachment":[{"href":"https:\/\/gogreen-schweiz.ch\/en\/wp-json\/wp\/v2\/media?parent=100"}],"curies":[{"name":"wp","href":"https:\/\/api.w.org\/{rel}","templated":true}]}}