{"id":106,"date":"2025-05-29T21:36:44","date_gmt":"2025-05-29T19:36:44","guid":{"rendered":"https:\/\/gogreen-schweiz.ch\/blog\/"},"modified":"2025-12-04T13:56:56","modified_gmt":"2025-12-04T11:56:56","slug":"blog","status":"publish","type":"page","link":"https:\/\/gogreen-schweiz.ch\/en\/blog\/","title":{"rendered":"Blog"},"content":{"rendered":"<div class=\"wp-block-columns alignwide is-layout-flex wp-container-core-columns-is-layout-285b7030 wp-block-columns-is-layout-flex\" style=\"margin-top:var(--wp--preset--spacing--40);margin-bottom:var(--wp--preset--spacing--40);padding-top:var(--wp--preset--spacing--40);padding-bottom:var(--wp--preset--spacing--40)\">\n<div class=\"wp-block-column is-layout-flow wp-block-column-is-layout-flow\" style=\"flex-basis:100%\">\n<div class=\"wp-block-query is-layout-flow wp-block-query-is-layout-flow\"><ul class=\"wp-block-post-template is-layout-flow wp-block-post-template-is-layout-flow\"><li class=\"wp-block-post post-2238 post type-post status-publish format-standard has-post-thumbnail hentry category-microgreens category-tipp tag-microgreens tag-superfood\">\n\n<div class=\"wp-block-columns alignwide is-layout-flex wp-container-core-columns-is-layout-28f84493 wp-block-columns-is-layout-flex\">\n<div class=\"wp-block-column is-layout-flow wp-block-column-is-layout-flow\" style=\"flex-basis:50%\"><figure class=\"wp-block-post-featured-image\"><a href=\"https:\/\/gogreen-schweiz.ch\/en\/superfoods-im-fokus\/\" target=\"_self\"  ><img loading=\"lazy\" decoding=\"async\" width=\"1024\" height=\"754\" src=\"https:\/\/gogreen-schweiz.ch\/wp-content\/uploads\/2026\/01\/Superfood.webp\" class=\"attachment-post-thumbnail size-post-thumbnail wp-post-image\" alt=\"Superfoods im Fokus: Was steckt hinter dem Trend zu \u201eWunderprodukten\u201c?\" style=\"object-fit:cover;\" srcset=\"https:\/\/gogreen-schweiz.ch\/wp-content\/uploads\/2026\/01\/Superfood.webp 1024w, https:\/\/gogreen-schweiz.ch\/wp-content\/uploads\/2026\/01\/Superfood-300x221.webp 300w, https:\/\/gogreen-schweiz.ch\/wp-content\/uploads\/2026\/01\/Superfood-768x566.webp 768w, https:\/\/gogreen-schweiz.ch\/wp-content\/uploads\/2026\/01\/Superfood-16x12.webp 16w, https:\/\/gogreen-schweiz.ch\/wp-content\/uploads\/2026\/01\/Superfood-600x442.webp 600w\" sizes=\"auto, (max-width: 1024px) 100vw, 1024px\" \/><\/a><\/figure><\/div>\n\n\n\n<div class=\"wp-block-column is-layout-flow wp-block-column-is-layout-flow\" style=\"flex-basis:50%\"><h2 class=\"wp-block-post-title\"><a href=\"https:\/\/gogreen-schweiz.ch\/en\/superfoods-im-fokus\/\" target=\"_self\" >Superfoods im Fokus: Was steckt hinter dem Trend zu \u201eWunderprodukten\u201c?<\/a><\/h2>\n\n<div class=\"wp-block-post-excerpt\"><p class=\"wp-block-post-excerpt__excerpt\">Maqui, Spirulina, Chia, A\u00e7a\u00ed, Moringa \u2026 Diese Namen begegnen uns heute in fast jedem Reformhaus und Bioladen. Superfoods versprechen viel \u2013 von der St\u00e4rkung des Immunsystems bis hin zur Vorbeugung von Krebs. Doch sind sie wirklich so gesund, wie es die Werbung suggeriert? Und vor allem: Wie sinnvoll und nachhaltig sind sie im Alltag? Wir&hellip; <\/p><\/div><\/div>\n<\/div>\n\n<\/li><li class=\"wp-block-post post-2041 post type-post status-publish format-standard has-post-thumbnail hentry category-tipp\">\n\n<div class=\"wp-block-columns alignwide is-layout-flex wp-container-core-columns-is-layout-28f84493 wp-block-columns-is-layout-flex\">\n<div class=\"wp-block-column is-layout-flow wp-block-column-is-layout-flow\" style=\"flex-basis:50%\"><figure class=\"wp-block-post-featured-image\"><a href=\"https:\/\/gogreen-schweiz.ch\/en\/gefriertrocknung-die-beste-methode-zur-erhaltung-von-lebensmitteln\/\" target=\"_self\"  ><img loading=\"lazy\" decoding=\"async\" width=\"1232\" height=\"928\" src=\"https:\/\/gogreen-schweiz.ch\/wp-content\/uploads\/2026\/01\/Gefriertrocknung.webp\" class=\"attachment-post-thumbnail size-post-thumbnail wp-post-image\" alt=\"Gefriertrocknung: die beste Methode zur Erhaltung von Lebensmitteln\" style=\"object-fit:cover;\" srcset=\"https:\/\/gogreen-schweiz.ch\/wp-content\/uploads\/2026\/01\/Gefriertrocknung.webp 1232w, https:\/\/gogreen-schweiz.ch\/wp-content\/uploads\/2026\/01\/Gefriertrocknung-300x226.webp 300w, https:\/\/gogreen-schweiz.ch\/wp-content\/uploads\/2026\/01\/Gefriertrocknung-1024x771.webp 1024w, https:\/\/gogreen-schweiz.ch\/wp-content\/uploads\/2026\/01\/Gefriertrocknung-768x578.webp 768w, https:\/\/gogreen-schweiz.ch\/wp-content\/uploads\/2026\/01\/Gefriertrocknung-16x12.webp 16w, https:\/\/gogreen-schweiz.ch\/wp-content\/uploads\/2026\/01\/Gefriertrocknung-600x452.webp 600w\" sizes=\"auto, (max-width: 1232px) 100vw, 1232px\" \/><\/a><\/figure><\/div>\n\n\n\n<div class=\"wp-block-column is-layout-flow wp-block-column-is-layout-flow\" style=\"flex-basis:50%\"><h2 class=\"wp-block-post-title\"><a href=\"https:\/\/gogreen-schweiz.ch\/en\/gefriertrocknung-die-beste-methode-zur-erhaltung-von-lebensmitteln\/\" target=\"_self\" >Gefriertrocknung: die beste Methode zur Erhaltung von Lebensmitteln<\/a><\/h2>\n\n<div class=\"wp-block-post-excerpt\"><p class=\"wp-block-post-excerpt__excerpt\">Die Gefriertrocknung (Lyophilisierung) ist eine moderne Technologie zur Wasserentfernung aus Lebensmitteln. Dabei wird das Produkt zun\u00e4chst tiefgefroren, anschliessend wird unter Vakuum das Wasser direkt vom Eis in Dampf \u00fcberf\u00fchrt \u2013 ohne fl\u00fcssige Phase. Da keine Hitze eingesetzt wird, bleiben Struktur und bioaktive Stoffe weitgehend erhalten. Die Gefriertrocknung wurde in den 1930er-Jahren entwickelt. Urspr\u00fcnglich fand sie&hellip; <\/p><\/div><\/div>\n<\/div>\n\n<\/li><li class=\"wp-block-post post-1900 post type-post status-publish format-standard has-post-thumbnail hentry category-microgreens tag-microgreens tag-superfood\">\n\n<div class=\"wp-block-columns alignwide is-layout-flex wp-container-core-columns-is-layout-28f84493 wp-block-columns-is-layout-flex\">\n<div class=\"wp-block-column is-layout-flow wp-block-column-is-layout-flow\" style=\"flex-basis:50%\"><figure class=\"wp-block-post-featured-image\"><a href=\"https:\/\/gogreen-schweiz.ch\/en\/sonnenblumen-microgreens-erstaunlich-wirkungsvolle-eigenschaften\/\" target=\"_self\"  ><img loading=\"lazy\" decoding=\"async\" width=\"1232\" height=\"928\" src=\"https:\/\/gogreen-schweiz.ch\/wp-content\/uploads\/2025\/12\/sonnenblumen-microgreens.webp\" class=\"attachment-post-thumbnail size-post-thumbnail wp-post-image\" alt=\"Sonnenblumen-Microgreens \u2013 erstaunlich wirkungsvolle Eigenschaften\" style=\"object-fit:cover;\" srcset=\"https:\/\/gogreen-schweiz.ch\/wp-content\/uploads\/2025\/12\/sonnenblumen-microgreens.webp 1232w, https:\/\/gogreen-schweiz.ch\/wp-content\/uploads\/2025\/12\/sonnenblumen-microgreens-300x226.webp 300w, https:\/\/gogreen-schweiz.ch\/wp-content\/uploads\/2025\/12\/sonnenblumen-microgreens-1024x771.webp 1024w, https:\/\/gogreen-schweiz.ch\/wp-content\/uploads\/2025\/12\/sonnenblumen-microgreens-768x578.webp 768w, https:\/\/gogreen-schweiz.ch\/wp-content\/uploads\/2025\/12\/sonnenblumen-microgreens-16x12.webp 16w, https:\/\/gogreen-schweiz.ch\/wp-content\/uploads\/2025\/12\/sonnenblumen-microgreens-600x452.webp 600w\" sizes=\"auto, (max-width: 1232px) 100vw, 1232px\" \/><\/a><\/figure><\/div>\n\n\n\n<div class=\"wp-block-column is-layout-flow wp-block-column-is-layout-flow\" style=\"flex-basis:50%\"><h2 class=\"wp-block-post-title\"><a href=\"https:\/\/gogreen-schweiz.ch\/en\/sonnenblumen-microgreens-erstaunlich-wirkungsvolle-eigenschaften\/\" target=\"_self\" >Sonnenblumen-Microgreens \u2013 erstaunlich wirkungsvolle Eigenschaften<\/a><\/h2>\n\n<div class=\"wp-block-post-excerpt\"><p class=\"wp-block-post-excerpt__excerpt\">Die Sonnenblume steht f\u00fcr W\u00e4rme, Kraft und Lebensenergie. Doch ihre jungen Triebe \u2013 die Microgreens \u2013 sind ein echtes Superfood. Sie enthalten Vitamine, Mineralstoffe, Eiweiss und gesunde Fette. Ihr leichter, nussiger Geschmack und das frische Aussehen bereichern jedes Gericht.Besonders bei Vegetariern gesch\u00e4tzt, denn sie sind eine hochwertige pflanzliche Eiweissquelle mit essentiellen Aminos\u00e4uren. Ausserdem enthalten sie&hellip; <\/p><\/div><\/div>\n<\/div>\n\n<\/li><li class=\"wp-block-post post-1867 post type-post status-publish format-standard has-post-thumbnail hentry category-microgreens tag-phytoostrogene tag-superfood\">\n\n<div class=\"wp-block-columns alignwide is-layout-flex wp-container-core-columns-is-layout-28f84493 wp-block-columns-is-layout-flex\">\n<div class=\"wp-block-column is-layout-flow wp-block-column-is-layout-flow\" style=\"flex-basis:50%\"><figure class=\"wp-block-post-featured-image\"><a href=\"https:\/\/gogreen-schweiz.ch\/en\/was-ist-alfalfa\/\" target=\"_self\"  ><img loading=\"lazy\" decoding=\"async\" width=\"1232\" height=\"928\" src=\"https:\/\/gogreen-schweiz.ch\/wp-content\/uploads\/2025\/12\/Alfalfa.webp\" class=\"attachment-post-thumbnail size-post-thumbnail wp-post-image\" alt=\"Was ist Alfalfa?\" style=\"object-fit:cover;\" srcset=\"https:\/\/gogreen-schweiz.ch\/wp-content\/uploads\/2025\/12\/Alfalfa.webp 1232w, https:\/\/gogreen-schweiz.ch\/wp-content\/uploads\/2025\/12\/Alfalfa-300x226.webp 300w, https:\/\/gogreen-schweiz.ch\/wp-content\/uploads\/2025\/12\/Alfalfa-1024x771.webp 1024w, https:\/\/gogreen-schweiz.ch\/wp-content\/uploads\/2025\/12\/Alfalfa-768x578.webp 768w, https:\/\/gogreen-schweiz.ch\/wp-content\/uploads\/2025\/12\/Alfalfa-16x12.webp 16w, https:\/\/gogreen-schweiz.ch\/wp-content\/uploads\/2025\/12\/Alfalfa-600x452.webp 600w\" sizes=\"auto, (max-width: 1232px) 100vw, 1232px\" \/><\/a><\/figure><\/div>\n\n\n\n<div class=\"wp-block-column is-layout-flow wp-block-column-is-layout-flow\" style=\"flex-basis:50%\"><h2 class=\"wp-block-post-title\"><a href=\"https:\/\/gogreen-schweiz.ch\/en\/was-ist-alfalfa\/\" target=\"_self\" >Was ist Alfalfa?<\/a><\/h2>\n\n<div class=\"wp-block-post-excerpt\"><p class=\"wp-block-post-excerpt__excerpt\">Alfalfa (Medicago sativa oder Luzerne) ist eine der \u00e4ltesten Kulturpflanzen der Welt und wurde seit Jahrhunderten als wertvolle Nahrungs- und Heilpflanze genutzt. Der Name stammt aus dem Arabischen \u201eal-fal-fa\u201c \u2013 \u201eVater aller Nahrung\u201c, was auf den aussergew\u00f6hnlichen N\u00e4hrwert hinweist. Heute erlebt Alfalfa ein Comeback als nat\u00fcrlicher Superfood \u2013 und besonders die Microgreens gelten als eine&hellip; <\/p><\/div><\/div>\n<\/div>\n\n<\/li><li class=\"wp-block-post post-1758 post type-post status-publish format-standard has-post-thumbnail hentry category-microgreens category-tipp tag-microgreens tag-superfood\">\n\n<div class=\"wp-block-columns alignwide is-layout-flex wp-container-core-columns-is-layout-28f84493 wp-block-columns-is-layout-flex\">\n<div class=\"wp-block-column is-layout-flow wp-block-column-is-layout-flow\" style=\"flex-basis:50%\"><figure class=\"wp-block-post-featured-image\"><a href=\"https:\/\/gogreen-schweiz.ch\/en\/gesunde-und-schoene-geschenkideen-von-go-green\/\" target=\"_self\"  ><img loading=\"lazy\" decoding=\"async\" width=\"1232\" height=\"928\" src=\"https:\/\/gogreen-schweiz.ch\/wp-content\/uploads\/2025\/11\/Geschenkidee-mit-Microgreen.webp\" class=\"attachment-post-thumbnail size-post-thumbnail wp-post-image\" alt=\"Gesunde und sch\u00f6ne Geschenkideen von Go Green\" style=\"object-fit:cover;\" srcset=\"https:\/\/gogreen-schweiz.ch\/wp-content\/uploads\/2025\/11\/Geschenkidee-mit-Microgreen.webp 1232w, https:\/\/gogreen-schweiz.ch\/wp-content\/uploads\/2025\/11\/Geschenkidee-mit-Microgreen-300x226.webp 300w, https:\/\/gogreen-schweiz.ch\/wp-content\/uploads\/2025\/11\/Geschenkidee-mit-Microgreen-1024x771.webp 1024w, https:\/\/gogreen-schweiz.ch\/wp-content\/uploads\/2025\/11\/Geschenkidee-mit-Microgreen-768x578.webp 768w, https:\/\/gogreen-schweiz.ch\/wp-content\/uploads\/2025\/11\/Geschenkidee-mit-Microgreen-16x12.webp 16w, https:\/\/gogreen-schweiz.ch\/wp-content\/uploads\/2025\/11\/Geschenkidee-mit-Microgreen-600x452.webp 600w\" sizes=\"auto, (max-width: 1232px) 100vw, 1232px\" \/><\/a><\/figure><\/div>\n\n\n\n<div class=\"wp-block-column is-layout-flow wp-block-column-is-layout-flow\" style=\"flex-basis:50%\"><h2 class=\"wp-block-post-title\"><a href=\"https:\/\/gogreen-schweiz.ch\/en\/gesunde-und-schoene-geschenkideen-von-go-green\/\" target=\"_self\" >Gesunde und sch\u00f6ne Geschenkideen von Go Green<\/a><\/h2>\n\n<div class=\"wp-block-post-excerpt\"><p class=\"wp-block-post-excerpt__excerpt\">Das beste Geschenk ist Gesundheit und F\u00fcrsorge. Geschenke k\u00f6nnen vieles sein \u2013 bunt, teuer, originell. Aber die wertvollsten sind diejenigen, die Wohlbefinden und F\u00fcrsorge schenken. Schenken Sie Ihren Liebsten Gesundheit, Energie und W\u00e4rme \u2013 mit Go Green Geschenksets aus biologischen Microgreens, liebevoll angebaut und gefriergetrocknet in der Schweiz. Alles, was wir herstellen, entsteht mit Liebe&hellip; <\/p><\/div><\/div>\n<\/div>\n\n<\/li><li class=\"wp-block-post post-1726 post type-post status-publish format-standard has-post-thumbnail hentry category-microgreens tag-kresse tag-microgreens\">\n\n<div class=\"wp-block-columns alignwide is-layout-flex wp-container-core-columns-is-layout-28f84493 wp-block-columns-is-layout-flex\">\n<div class=\"wp-block-column is-layout-flow wp-block-column-is-layout-flow\" style=\"flex-basis:50%\"><figure class=\"wp-block-post-featured-image\"><a href=\"https:\/\/gogreen-schweiz.ch\/en\/kresse-von-der-tradition-zum-superfood\/\" target=\"_self\"  ><img loading=\"lazy\" decoding=\"async\" width=\"1232\" height=\"928\" src=\"https:\/\/gogreen-schweiz.ch\/wp-content\/uploads\/2025\/11\/Kresse.webp\" class=\"attachment-post-thumbnail size-post-thumbnail wp-post-image\" alt=\"Kresse \u2013 von der Tradition zum Superfood\" style=\"object-fit:cover;\" srcset=\"https:\/\/gogreen-schweiz.ch\/wp-content\/uploads\/2025\/11\/Kresse.webp 1232w, https:\/\/gogreen-schweiz.ch\/wp-content\/uploads\/2025\/11\/Kresse-300x226.webp 300w, https:\/\/gogreen-schweiz.ch\/wp-content\/uploads\/2025\/11\/Kresse-1024x771.webp 1024w, https:\/\/gogreen-schweiz.ch\/wp-content\/uploads\/2025\/11\/Kresse-768x578.webp 768w, https:\/\/gogreen-schweiz.ch\/wp-content\/uploads\/2025\/11\/Kresse-600x452.webp 600w\" sizes=\"auto, (max-width: 1232px) 100vw, 1232px\" \/><\/a><\/figure><\/div>\n\n\n\n<div class=\"wp-block-column is-layout-flow wp-block-column-is-layout-flow\" style=\"flex-basis:50%\"><h2 class=\"wp-block-post-title\"><a href=\"https:\/\/gogreen-schweiz.ch\/en\/kresse-von-der-tradition-zum-superfood\/\" target=\"_self\" >Kresse \u2013 von der Tradition zum Superfood<\/a><\/h2>\n\n<div class=\"wp-block-post-excerpt\"><p class=\"wp-block-post-excerpt__excerpt\">Was ist Kresse? Das Wort \u201eKresse\u201c bezeichnete urspr\u00fcnglich die Gartenkresse (Lepidium sativum) \u2013 bekannt f\u00fcr ihren leicht scharfen Geschmack und schnellen Wuchs. Im Laufe der Zeit wurde in der Schweiz und in Deutschland \u201eKresse\u201c zum Sammelbegriff f\u00fcr alle kleinen, essbaren Pfl\u00e4nzchen, die man auf der Fensterbank zieht \u2013 von Rucola bis Brokkoli-Microgreens. Diese Tradition stammt&hellip; <\/p><\/div><\/div>\n<\/div>\n\n<\/li><li class=\"wp-block-post post-1714 post type-post status-publish format-standard has-post-thumbnail hentry category-microgreens tag-brokkoli tag-kinder tag-microgreens\">\n\n<div class=\"wp-block-columns alignwide is-layout-flex wp-container-core-columns-is-layout-28f84493 wp-block-columns-is-layout-flex\">\n<div class=\"wp-block-column is-layout-flow wp-block-column-is-layout-flow\" style=\"flex-basis:50%\"><figure class=\"wp-block-post-featured-image\"><a href=\"https:\/\/gogreen-schweiz.ch\/en\/5-wege-kinder-brokkoli-lieben-zu-lassen\/\" target=\"_self\"  ><img loading=\"lazy\" decoding=\"async\" width=\"1232\" height=\"928\" src=\"https:\/\/gogreen-schweiz.ch\/wp-content\/uploads\/2025\/11\/broccoli-for-children.webp\" class=\"attachment-post-thumbnail size-post-thumbnail wp-post-image\" alt=\"5 Wege, Kinder Brokkoli lieben zu lassen\" style=\"object-fit:cover;\" srcset=\"https:\/\/gogreen-schweiz.ch\/wp-content\/uploads\/2025\/11\/broccoli-for-children.webp 1232w, https:\/\/gogreen-schweiz.ch\/wp-content\/uploads\/2025\/11\/broccoli-for-children-300x226.webp 300w, https:\/\/gogreen-schweiz.ch\/wp-content\/uploads\/2025\/11\/broccoli-for-children-1024x771.webp 1024w, https:\/\/gogreen-schweiz.ch\/wp-content\/uploads\/2025\/11\/broccoli-for-children-768x578.webp 768w, https:\/\/gogreen-schweiz.ch\/wp-content\/uploads\/2025\/11\/broccoli-for-children-600x452.webp 600w\" sizes=\"auto, (max-width: 1232px) 100vw, 1232px\" \/><\/a><\/figure><\/div>\n\n\n\n<div class=\"wp-block-column is-layout-flow wp-block-column-is-layout-flow\" style=\"flex-basis:50%\"><h2 class=\"wp-block-post-title\"><a href=\"https:\/\/gogreen-schweiz.ch\/en\/5-wege-kinder-brokkoli-lieben-zu-lassen\/\" target=\"_self\" >5 Wege, Kinder Brokkoli lieben zu lassen<\/a><\/h2>\n\n<div class=\"wp-block-post-excerpt\"><p class=\"wp-block-post-excerpt__excerpt\">Warum das wichtig ist Der Satz \u201eIgitt, kein Brokkoli!\u201c ist jedem Elternteil vertraut. Doch Brokkoli ist eines der ges\u00fcndesten Gem\u00fcse \u00fcberhaupt \u2013 besonders f\u00fcr Kinder. Und Brokkoli-Microgreens sind ein echtes Superfood, das bis 40 Mal mehr N\u00e4hrstoffe enth\u00e4lt als die ausgewachsene Pflanze. Einige Fakten: 1. Z\u00fcchten Sie Brokkoli-Microgreens gemeinsam Kinder essen dreimal lieber das, was&hellip; <\/p><\/div><\/div>\n<\/div>\n\n<\/li><\/ul>\n\n<nav class=\"wp-block-query-pagination is-content-justification-center is-layout-flex wp-container-core-query-pagination-is-layout-a89b3969 wp-block-query-pagination-is-layout-flex\" aria-label=\"Pagination\">\n\n\n<div class=\"wp-block-query-pagination-numbers\"><span aria-label=\"Page 1\" aria-current=\"page\" class=\"page-numbers current\" data-no-translation-aria-label=\"\">1<\/span>\n<a aria-label=\"Page 2\" class=\"page-numbers\" href=\"?query-14-page=2\" data-no-translation-aria-label=\"\">2<\/a>\n<a aria-label=\"Page 3\" class=\"page-numbers\" href=\"?query-14-page=3\" data-no-translation-aria-label=\"\">3<\/a><\/div>\n\n<a href=\"\/en\/wp-json\/wp\/v2\/pages\/106?query-14-page=2\" class=\"wp-block-query-pagination-next\">Next Page<\/a>\n<\/nav><\/div>\n<\/div>\n<\/div>\n\n\n\n<div class=\"wp-block-group alignwide is-layout-flow wp-block-group-is-layout-flow\" style=\"padding-top:30px;padding-right:30px;padding-bottom:30px;padding-left:30px\"><\/div>","protected":false},"excerpt":{"rendered":"","protected":false},"author":1,"featured_media":0,"parent":0,"menu_order":0,"comment_status":"closed","ping_status":"closed","template":"","meta":{"_coblocks_attr":"","_coblocks_dimensions":"","_coblocks_responsive_height":"","_coblocks_accordion_ie_support":"","wprm-recipe-roundup-name":"","wprm-recipe-roundup-description":"","footnotes":""},"class_list":["post-106","page","type-page","status-publish","hentry"],"yoast_head":"<!-- This site is optimized with the Yoast SEO plugin v27.5 - https:\/\/yoast.com\/product\/yoast-seo-wordpress\/ -->\n<title>Microgreens Wissen, Rezepte &amp; Bio-Anbau-Tipps | Go Green Blog<\/title>\n<meta name=\"description\" content=\"Entdecken Sie den Go Green Blog: Alles \u00fcber Microgreens \u2013 Anbau-Tipps, gesunde Rezepte, Bio-Superfoods &amp; nachhaltige Ern\u00e4hrung aus der Schweiz.\" \/>\n<meta name=\"robots\" content=\"index, follow, max-snippet:-1, max-image-preview:large, max-video-preview:-1\" \/>\n<link rel=\"canonical\" href=\"https:\/\/gogreen-schweiz.ch\/en\/blog\/\" \/>\n<link rel=\"next\" href=\"https:\/\/gogreen-schweiz.ch\/blog\/106?query-14-page=2\" \/>\n<meta property=\"og:locale\" content=\"en_GB\" \/>\n<meta property=\"og:type\" content=\"article\" \/>\n<meta property=\"og:title\" content=\"Microgreens Wissen, Rezepte &amp; Bio-Anbau-Tipps | Go Green Blog\" \/>\n<meta property=\"og:description\" content=\"Entdecken Sie den Go Green Blog: Alles \u00fcber Microgreens \u2013 Anbau-Tipps, gesunde Rezepte, Bio-Superfoods &amp; nachhaltige Ern\u00e4hrung aus der Schweiz.\" \/>\n<meta property=\"og:url\" content=\"https:\/\/gogreen-schweiz.ch\/en\/blog\/\" \/>\n<meta property=\"og:site_name\" content=\"Go Green - Schweiz GmbH\" \/>\n<meta property=\"article:modified_time\" content=\"2025-12-04T11:56:56+00:00\" \/>\n<meta property=\"og:image\" content=\"https:\/\/gogreen-schweiz.ch\/wp-content\/uploads\/2025\/08\/microgreens-lieferung.webp\" \/>\n\t<meta property=\"og:image:width\" content=\"1232\" \/>\n\t<meta property=\"og:image:height\" content=\"928\" \/>\n\t<meta property=\"og:image:type\" content=\"image\/webp\" \/>\n<meta name=\"twitter:card\" content=\"summary_large_image\" \/>\n<script type=\"application\/ld+json\" class=\"yoast-schema-graph\">{\"@context\":\"https:\\\/\\\/schema.org\",\"@graph\":[{\"@type\":\"WebPage\",\"@id\":\"https:\\\/\\\/gogreen-schweiz.ch\\\/blog\\\/\",\"url\":\"https:\\\/\\\/gogreen-schweiz.ch\\\/blog\\\/\",\"name\":\"Microgreens Wissen, Rezepte & Bio-Anbau-Tipps | Go Green Blog\",\"isPartOf\":{\"@id\":\"https:\\\/\\\/gogreen-schweiz.ch\\\/#website\"},\"datePublished\":\"2025-05-29T19:36:44+00:00\",\"dateModified\":\"2025-12-04T11:56:56+00:00\",\"description\":\"Entdecken Sie den Go Green Blog: Alles \u00fcber Microgreens \u2013 Anbau-Tipps, gesunde Rezepte, Bio-Superfoods & nachhaltige Ern\u00e4hrung aus der Schweiz.\",\"breadcrumb\":{\"@id\":\"https:\\\/\\\/gogreen-schweiz.ch\\\/blog\\\/#breadcrumb\"},\"inLanguage\":\"en-GB\",\"potentialAction\":[{\"@type\":\"ReadAction\",\"target\":[\"https:\\\/\\\/gogreen-schweiz.ch\\\/blog\\\/\"]}]},{\"@type\":\"BreadcrumbList\",\"@id\":\"https:\\\/\\\/gogreen-schweiz.ch\\\/blog\\\/#breadcrumb\",\"itemListElement\":[{\"@type\":\"ListItem\",\"position\":1,\"name\":\"Home\",\"item\":\"https:\\\/\\\/gogreen-schweiz.ch\\\/\"},{\"@type\":\"ListItem\",\"position\":2,\"name\":\"Blog\"}]},{\"@type\":\"WebSite\",\"@id\":\"https:\\\/\\\/gogreen-schweiz.ch\\\/#website\",\"url\":\"https:\\\/\\\/gogreen-schweiz.ch\\\/\",\"name\":\"Go Green - Schweiz GmbH\",\"description\":\"\",\"publisher\":{\"@id\":\"https:\\\/\\\/gogreen-schweiz.ch\\\/#organization\"},\"potentialAction\":[{\"@type\":\"SearchAction\",\"target\":{\"@type\":\"EntryPoint\",\"urlTemplate\":\"https:\\\/\\\/gogreen-schweiz.ch\\\/?s={search_term_string}\"},\"query-input\":{\"@type\":\"PropertyValueSpecification\",\"valueRequired\":true,\"valueName\":\"search_term_string\"}}],\"inLanguage\":\"en-GB\"},{\"@type\":\"Organization\",\"@id\":\"https:\\\/\\\/gogreen-schweiz.ch\\\/#organization\",\"name\":\"Go Green - Schweiz GmbH\",\"url\":\"https:\\\/\\\/gogreen-schweiz.ch\\\/\",\"logo\":{\"@type\":\"ImageObject\",\"inLanguage\":\"en-GB\",\"@id\":\"https:\\\/\\\/gogreen-schweiz.ch\\\/#\\\/schema\\\/logo\\\/image\\\/\",\"url\":\"https:\\\/\\\/gogreen-schweiz.ch\\\/wp-content\\\/uploads\\\/2025\\\/07\\\/cropped-Go-Green.webp\",\"contentUrl\":\"https:\\\/\\\/gogreen-schweiz.ch\\\/wp-content\\\/uploads\\\/2025\\\/07\\\/cropped-Go-Green.webp\",\"width\":512,\"height\":512,\"caption\":\"Go Green - Schweiz GmbH\"},\"image\":{\"@id\":\"https:\\\/\\\/gogreen-schweiz.ch\\\/#\\\/schema\\\/logo\\\/image\\\/\"},\"sameAs\":[\"https:\\\/\\\/www.instagram.com\\\/gogreenschweiz\"]}]}<\/script>\n<!-- \/ Yoast SEO plugin. -->","yoast_head_json":{"title":"Microgreens Wissen, Rezepte & Bio-Anbau-Tipps | Go Green Blog","description":"Entdecken Sie den Go Green Blog: Alles \u00fcber Microgreens \u2013 Anbau-Tipps, gesunde Rezepte, Bio-Superfoods & nachhaltige Ern\u00e4hrung aus der Schweiz.","robots":{"index":"index","follow":"follow","max-snippet":"max-snippet:-1","max-image-preview":"max-image-preview:large","max-video-preview":"max-video-preview:-1"},"canonical":"https:\/\/gogreen-schweiz.ch\/en\/blog\/","next":"https:\/\/gogreen-schweiz.ch\/blog\/106?query-14-page=2","og_locale":"en_GB","og_type":"article","og_title":"Microgreens Wissen, Rezepte & Bio-Anbau-Tipps | Go Green Blog","og_description":"Entdecken Sie den Go Green Blog: Alles \u00fcber Microgreens \u2013 Anbau-Tipps, gesunde Rezepte, Bio-Superfoods & nachhaltige Ern\u00e4hrung aus der Schweiz.","og_url":"https:\/\/gogreen-schweiz.ch\/en\/blog\/","og_site_name":"Go Green - Schweiz GmbH","article_modified_time":"2025-12-04T11:56:56+00:00","og_image":[{"width":1232,"height":928,"url":"https:\/\/gogreen-schweiz.ch\/wp-content\/uploads\/2025\/08\/microgreens-lieferung.webp","type":"image\/webp"}],"twitter_card":"summary_large_image","schema":{"@context":"https:\/\/schema.org","@graph":[{"@type":"WebPage","@id":"https:\/\/gogreen-schweiz.ch\/blog\/","url":"https:\/\/gogreen-schweiz.ch\/blog\/","name":"Microgreens Wissen, Rezepte & Bio-Anbau-Tipps | Go Green Blog","isPartOf":{"@id":"https:\/\/gogreen-schweiz.ch\/#website"},"datePublished":"2025-05-29T19:36:44+00:00","dateModified":"2025-12-04T11:56:56+00:00","description":"Entdecken Sie den Go Green Blog: Alles \u00fcber Microgreens \u2013 Anbau-Tipps, gesunde Rezepte, Bio-Superfoods & nachhaltige Ern\u00e4hrung aus der Schweiz.","breadcrumb":{"@id":"https:\/\/gogreen-schweiz.ch\/blog\/#breadcrumb"},"inLanguage":"en-GB","potentialAction":[{"@type":"ReadAction","target":["https:\/\/gogreen-schweiz.ch\/blog\/"]}]},{"@type":"BreadcrumbList","@id":"https:\/\/gogreen-schweiz.ch\/blog\/#breadcrumb","itemListElement":[{"@type":"ListItem","position":1,"name":"Home","item":"https:\/\/gogreen-schweiz.ch\/"},{"@type":"ListItem","position":2,"name":"Blog"}]},{"@type":"WebSite","@id":"https:\/\/gogreen-schweiz.ch\/#website","url":"https:\/\/gogreen-schweiz.ch\/","name":"Go Green - Schweiz GmbH","description":"","publisher":{"@id":"https:\/\/gogreen-schweiz.ch\/#organization"},"potentialAction":[{"@type":"SearchAction","target":{"@type":"EntryPoint","urlTemplate":"https:\/\/gogreen-schweiz.ch\/?s={search_term_string}"},"query-input":{"@type":"PropertyValueSpecification","valueRequired":true,"valueName":"search_term_string"}}],"inLanguage":"en-GB"},{"@type":"Organization","@id":"https:\/\/gogreen-schweiz.ch\/#organization","name":"Go Green - Schweiz GmbH","url":"https:\/\/gogreen-schweiz.ch\/","logo":{"@type":"ImageObject","inLanguage":"en-GB","@id":"https:\/\/gogreen-schweiz.ch\/#\/schema\/logo\/image\/","url":"https:\/\/gogreen-schweiz.ch\/wp-content\/uploads\/2025\/07\/cropped-Go-Green.webp","contentUrl":"https:\/\/gogreen-schweiz.ch\/wp-content\/uploads\/2025\/07\/cropped-Go-Green.webp","width":512,"height":512,"caption":"Go Green - Schweiz GmbH"},"image":{"@id":"https:\/\/gogreen-schweiz.ch\/#\/schema\/logo\/image\/"},"sameAs":["https:\/\/www.instagram.com\/gogreenschweiz"]}]}},"jetpack_sharing_enabled":true,"_links":{"self":[{"href":"https:\/\/gogreen-schweiz.ch\/en\/wp-json\/wp\/v2\/pages\/106","targetHints":{"allow":["GET"]}}],"collection":[{"href":"https:\/\/gogreen-schweiz.ch\/en\/wp-json\/wp\/v2\/pages"}],"about":[{"href":"https:\/\/gogreen-schweiz.ch\/en\/wp-json\/wp\/v2\/types\/page"}],"author":[{"embeddable":true,"href":"https:\/\/gogreen-schweiz.ch\/en\/wp-json\/wp\/v2\/users\/1"}],"replies":[{"embeddable":true,"href":"https:\/\/gogreen-schweiz.ch\/en\/wp-json\/wp\/v2\/comments?post=106"}],"version-history":[{"count":6,"href":"https:\/\/gogreen-schweiz.ch\/en\/wp-json\/wp\/v2\/pages\/106\/revisions"}],"predecessor-version":[{"id":1885,"href":"https:\/\/gogreen-schweiz.ch\/en\/wp-json\/wp\/v2\/pages\/106\/revisions\/1885"}],"wp:attachment":[{"href":"https:\/\/gogreen-schweiz.ch\/en\/wp-json\/wp\/v2\/media?parent=106"}],"curies":[{"name":"wp","href":"https:\/\/api.w.org\/{rel}","templated":true}]}}