{"id":1118,"date":"2025-08-21T12:55:04","date_gmt":"2025-08-21T10:55:04","guid":{"rendered":"https:\/\/gogreen-schweiz.ch\/?page_id=1118"},"modified":"2025-08-26T15:44:11","modified_gmt":"2025-08-26T13:44:11","slug":"frische-microgreens-ihr-markt-an-der-haustuer","status":"publish","type":"page","link":"https:\/\/gogreen-schweiz.ch\/en\/frische-microgreens-ihr-markt-an-der-haustuer\/","title":{"rendered":"Frishe microgreens lieferung"},"content":{"rendered":"<div class=\"wp-block-media-text alignfull is-stacked-on-mobile is-vertically-aligned-center is-style-default has-background\" style=\"background-color:#f7fff2;margin-top:0;margin-bottom:0;padding-top:var(--wp--preset--spacing--40);padding-right:var(--wp--preset--spacing--50);padding-bottom:var(--wp--preset--spacing--40);padding-left:var(--wp--preset--spacing--50);grid-template-columns:30% auto\"><figure class=\"wp-block-media-text__media\"><img loading=\"lazy\" decoding=\"async\" width=\"1024\" height=\"771\" src=\"https:\/\/gogreen-schweiz.ch\/wp-content\/uploads\/2025\/08\/microgreens-lieferung-1024x771.webp\" alt=\"Microgreen-Markt direkt zu Ihnen nach Hause\" class=\"wp-image-1108 size-full\" srcset=\"https:\/\/gogreen-schweiz.ch\/wp-content\/uploads\/2025\/08\/microgreens-lieferung-1024x771.webp 1024w, https:\/\/gogreen-schweiz.ch\/wp-content\/uploads\/2025\/08\/microgreens-lieferung-300x226.webp 300w, https:\/\/gogreen-schweiz.ch\/wp-content\/uploads\/2025\/08\/microgreens-lieferung-768x578.webp 768w, https:\/\/gogreen-schweiz.ch\/wp-content\/uploads\/2025\/08\/microgreens-lieferung-600x452.webp 600w, https:\/\/gogreen-schweiz.ch\/wp-content\/uploads\/2025\/08\/microgreens-lieferung.webp 1232w\" sizes=\"auto, (max-width: 1024px) 100vw, 1024px\" \/><\/figure><div class=\"wp-block-media-text__content\">\n<div class=\"wp-block-group is-layout-flow wp-block-group-is-layout-flow\" style=\"padding-top:var(--wp--preset--spacing--50);padding-right:0em;padding-bottom:var(--wp--preset--spacing--50);padding-left:0em\">\n<p style=\"font-size:clamp(22.041px, 1.378rem + ((1vw - 3.2px) * 1.586), 36px);line-height:1.2\"><strong>Frische Microgreens<\/strong><\/p>\n\n\n\n<p>M\u00f6chten Sie&nbsp;<strong>frische, aromatische und gesunde Microgreens<\/strong>&nbsp;direkt an Ihre Haust\u00fcr geliefert bekommen?<\/p>\n\n\n\n<p>Jetzt ist es m\u00f6glich!<\/p>\n\n\n\n<p>Wir bieten Ihnen die Lieferung von frischen Microgreens direkt nach Hause! Ein echter&nbsp;<strong>Microgreen-Markt \u2013 an Ihre Haust\u00fcr<\/strong>&nbsp;geliefert!<\/p>\n<\/div>\n<\/div><\/div>\n\n\n\n<div class=\"wp-block-media-text alignfull has-media-on-the-right is-stacked-on-mobile is-vertically-aligned-center is-style-default has-background\" style=\"background-color:#e4fbde;padding-top:var(--wp--preset--spacing--40);padding-right:var(--wp--preset--spacing--50);padding-bottom:var(--wp--preset--spacing--40);padding-left:var(--wp--preset--spacing--50);grid-template-columns:auto 30%\"><div class=\"wp-block-media-text__content\">\n<div class=\"wp-block-group is-layout-flow wp-block-group-is-layout-flow\" style=\"padding-top:2em;padding-right:0em;padding-bottom:2em;padding-left:0em\">\n<p style=\"font-size:clamp(22.041px, 1.378rem + ((1vw - 3.2px) * 1.586), 36px);line-height:1.2\"><strong>Wie funktioniert es?<\/strong><\/p>\n\n\n\n<ul class=\"wp-block-list\">\n<li>Sie geben eine Bestellung auf<\/li>\n\n\n\n<li>Wir stimmen die Lieferzeit mit Ihnen ab<\/li>\n\n\n\n<li>Wir kommen mit&nbsp;<strong>\u00fcber 10 Sorten<\/strong>&nbsp;frischer Microgreens direkt zu Ihnen \u2013 und Sie&nbsp;<strong>w\u00e4hlen<\/strong>&nbsp;vor Ort die gew\u00fcnschten Sch\u00e4lchen aus<\/li>\n\n\n\n<li>Bezahlung: in bar oder per TWINT<\/li>\n<\/ul>\n<\/div>\n<\/div><figure class=\"wp-block-media-text__media\"><img loading=\"lazy\" decoding=\"async\" width=\"600\" height=\"600\" src=\"https:\/\/gogreen-schweiz.ch\/wp-content\/uploads\/2025\/08\/box-leiferung.webp\" alt=\"\" class=\"wp-image-1188 size-full\" srcset=\"https:\/\/gogreen-schweiz.ch\/wp-content\/uploads\/2025\/08\/box-leiferung.webp 600w, https:\/\/gogreen-schweiz.ch\/wp-content\/uploads\/2025\/08\/box-leiferung-300x300.webp 300w, https:\/\/gogreen-schweiz.ch\/wp-content\/uploads\/2025\/08\/box-leiferung-150x150.webp 150w, https:\/\/gogreen-schweiz.ch\/wp-content\/uploads\/2025\/08\/box-leiferung-100x100.webp 100w\" sizes=\"auto, (max-width: 600px) 100vw, 600px\" \/><\/figure><\/div>\n\n\n\n<div class=\"wp-block-media-text alignfull is-stacked-on-mobile is-vertically-aligned-center has-background\" style=\"background-color:#f7fff2;padding-top:var(--wp--preset--spacing--40);padding-right:var(--wp--preset--spacing--50);padding-bottom:var(--wp--preset--spacing--40);padding-left:var(--wp--preset--spacing--50);grid-template-columns:30% auto\"><figure class=\"wp-block-media-text__media\"><img loading=\"lazy\" decoding=\"async\" width=\"600\" height=\"600\" src=\"https:\/\/gogreen-schweiz.ch\/wp-content\/uploads\/2025\/08\/unterschale.webp\" alt=\"\" class=\"wp-image-1190 size-full\" srcset=\"https:\/\/gogreen-schweiz.ch\/wp-content\/uploads\/2025\/08\/unterschale.webp 600w, https:\/\/gogreen-schweiz.ch\/wp-content\/uploads\/2025\/08\/unterschale-300x300.webp 300w, https:\/\/gogreen-schweiz.ch\/wp-content\/uploads\/2025\/08\/unterschale-150x150.webp 150w, https:\/\/gogreen-schweiz.ch\/wp-content\/uploads\/2025\/08\/unterschale-100x100.webp 100w\" sizes=\"auto, (max-width: 600px) 100vw, 600px\" \/><\/figure><div class=\"wp-block-media-text__content\">\n<div class=\"wp-block-group is-layout-flow wp-block-group-is-layout-flow\" style=\"padding-top:2em;padding-right:0em;padding-bottom:2em;padding-left:0em\">\n<p style=\"font-size:clamp(22.041px, 1.378rem + ((1vw - 3.2px) * 1.586), 36px);line-height:1.2\"><strong>Preise:<\/strong><\/p>\n\n\n\n<ul class=\"wp-block-list\">\n<li>1 Sch\u00e4lchen (10&#215;12 cm) frischer Microgreens \u2013\u00a0<strong>5 CHF<\/strong><\/li>\n\n\n\n<li><strong>Kostenlose<\/strong>&nbsp;Lieferung ab 4 Sch\u00e4lchen<\/li>\n\n\n\n<li>Bei weniger als 4 Sch\u00e4lchen betr\u00e4gt die Liefergeb\u00fchr&nbsp;<strong>5 CHF<\/strong><\/li>\n<\/ul>\n\n\n\n<p style=\"font-size:clamp(22.041px, 1.378rem + ((1vw - 3.2px) * 1.586), 36px);line-height:1.2\"><strong>Vorteile f\u00fcr Stammkund:innen:<\/strong><\/p>\n\n\n\n<ul class=\"wp-block-list\">\n<li><strong>Geschenk:<\/strong>&nbsp;praktischer Untersetzer f\u00fcr die Pflege von Microgreens ausserhalb des K\u00fchlschranks<\/li>\n\n\n\n<li><strong>Exklusive Auswahl aus \u00fcber 40 Sorten<\/strong>\u00a0\u2013 auf Anfrage sind auch Sonderbestellungen m\u00f6glich<\/li>\n<\/ul>\n<\/div>\n<\/div><\/div>\n\n\n\n<div class=\"wp-block-media-text alignfull has-media-on-the-right is-stacked-on-mobile is-vertically-aligned-center has-background\" style=\"background-color:#e4fbde;padding-top:var(--wp--preset--spacing--40);padding-right:var(--wp--preset--spacing--50);padding-bottom:var(--wp--preset--spacing--40);padding-left:var(--wp--preset--spacing--50);grid-template-columns:auto 30%\"><div class=\"wp-block-media-text__content\">\n<div class=\"wp-block-group is-layout-flow wp-block-group-is-layout-flow\" style=\"padding-top:2em;padding-right:0em;padding-bottom:2em;padding-left:0em\">\n<p><strong>Bestellschluss:&nbsp;<\/strong>Bitte bestellen Sie&nbsp;<strong>bis Freitag, 20:00 Uhr<\/strong>, damit wir die frischeste Ernte rechtzeitig f\u00fcr Sie zusammenstellen k\u00f6nnen.<\/p>\n\n\n\n<p>Die Lieferung erfolgt in der Regel am Wochenende.<\/p>\n\n\n\n<p><strong>Probieren Sie es einmal aus \u2013 und Microgreens werden Teil Ihrer Ern\u00e4hrung!<\/strong><br>Lebendiger Geschmack. Echte N\u00e4hrstoffe. Bequeme Lieferung.<\/p>\n\n\n\n<p><strong>Lieferung in folgende PLZ-Gebiete: <\/strong>8500\u20138590, 9000\u20139030, 8400\u20138500, 9500\u20139548, 8000\u20138058<\/p>\n\n\n\n<p>Falls Ihre Adresse ausserhalb dieser Postleitzahlen liegt, schreiben Sie uns gern \u2013 vielleicht k\u00f6nnen wir Sie trotzdem beliefern.<\/p>\n<\/div>\n<\/div><figure class=\"wp-block-media-text__media\"><img loading=\"lazy\" decoding=\"async\" width=\"574\" height=\"521\" src=\"https:\/\/gogreen-schweiz.ch\/wp-content\/uploads\/2025\/08\/Pea-microgreens.webp\" alt=\"\" class=\"wp-image-1155 size-full\" srcset=\"https:\/\/gogreen-schweiz.ch\/wp-content\/uploads\/2025\/08\/Pea-microgreens.webp 574w, https:\/\/gogreen-schweiz.ch\/wp-content\/uploads\/2025\/08\/Pea-microgreens-300x272.webp 300w\" sizes=\"auto, (max-width: 574px) 100vw, 574px\" \/><\/figure><\/div>\n\n\n\n<div class=\"wp-block-group alignfull has-background has-global-padding is-layout-constrained wp-block-group-is-layout-constrained\" style=\"background-color:#f7fff2;margin-top:0;margin-bottom:0;padding-top:var(--wp--preset--spacing--50);padding-bottom:var(--wp--preset--spacing--50)\"><div class=\"wp-block-jetpack-contact-form is-layout-flex wp-container-jetpack-contact-form-is-layout-2b4208ba wp-block-jetpack-contact-form-is-layout-flex\"><a href=\"https:\/\/gogreen-schweiz.ch\/en\/frische-microgreens-ihr-markt-an-der-haustuer\/\" target=\"_blank\" rel=\"noopener noreferrer\">Submit a form.<\/a><\/div><\/div>","protected":false},"excerpt":{"rendered":"","protected":false},"author":1,"featured_media":0,"parent":0,"menu_order":0,"comment_status":"closed","ping_status":"closed","template":"","meta":{"_coblocks_attr":"","_coblocks_dimensions":"","_coblocks_responsive_height":"","_coblocks_accordion_ie_support":"","wprm-recipe-roundup-name":"","wprm-recipe-roundup-description":"","footnotes":""},"class_list":["post-1118","page","type-page","status-publish","hentry"],"yoast_head":"<!-- This site is optimized with the Yoast SEO plugin v27.5 - https:\/\/yoast.com\/product\/yoast-seo-wordpress\/ -->\n<title>Frishe microgreens lieferung - Go Green - Schweiz GmbH<\/title>\n<meta name=\"robots\" content=\"index, follow, max-snippet:-1, max-image-preview:large, max-video-preview:-1\" \/>\n<link rel=\"canonical\" href=\"https:\/\/gogreen-schweiz.ch\/en\/frische-microgreens-ihr-markt-an-der-haustuer\/\" \/>\n<meta property=\"og:locale\" content=\"en_GB\" \/>\n<meta property=\"og:type\" content=\"article\" \/>\n<meta property=\"og:title\" content=\"Frishe microgreens lieferung - Go Green - Schweiz GmbH\" \/>\n<meta property=\"og:url\" content=\"https:\/\/gogreen-schweiz.ch\/en\/frische-microgreens-ihr-markt-an-der-haustuer\/\" \/>\n<meta property=\"og:site_name\" content=\"Go Green - Schweiz GmbH\" \/>\n<meta property=\"article:modified_time\" content=\"2025-08-26T13:44:11+00:00\" \/>\n<meta property=\"og:image\" content=\"https:\/\/gogreen-schweiz.ch\/wp-content\/uploads\/2025\/08\/microgreens-lieferung.webp\" \/>\n\t<meta property=\"og:image:width\" content=\"1232\" \/>\n\t<meta property=\"og:image:height\" content=\"928\" \/>\n\t<meta property=\"og:image:type\" content=\"image\/webp\" \/>\n<meta name=\"twitter:card\" content=\"summary_large_image\" \/>\n<meta name=\"twitter:label1\" content=\"Estimated reading time\" \/>\n\t<meta name=\"twitter:data1\" content=\"2 minutes\" \/>\n<script type=\"application\/ld+json\" class=\"yoast-schema-graph\">{\"@context\":\"https:\\\/\\\/schema.org\",\"@graph\":[{\"@type\":\"WebPage\",\"@id\":\"https:\\\/\\\/gogreen-schweiz.ch\\\/frische-microgreens-ihr-markt-an-der-haustuer\\\/\",\"url\":\"https:\\\/\\\/gogreen-schweiz.ch\\\/frische-microgreens-ihr-markt-an-der-haustuer\\\/\",\"name\":\"Frishe microgreens lieferung - Go Green - Schweiz GmbH\",\"isPartOf\":{\"@id\":\"https:\\\/\\\/gogreen-schweiz.ch\\\/#website\"},\"primaryImageOfPage\":{\"@id\":\"https:\\\/\\\/gogreen-schweiz.ch\\\/frische-microgreens-ihr-markt-an-der-haustuer\\\/#primaryimage\"},\"image\":{\"@id\":\"https:\\\/\\\/gogreen-schweiz.ch\\\/frische-microgreens-ihr-markt-an-der-haustuer\\\/#primaryimage\"},\"thumbnailUrl\":\"https:\\\/\\\/gogreen-schweiz.ch\\\/wp-content\\\/uploads\\\/2025\\\/08\\\/microgreens-lieferung-1024x771.webp\",\"datePublished\":\"2025-08-21T10:55:04+00:00\",\"dateModified\":\"2025-08-26T13:44:11+00:00\",\"breadcrumb\":{\"@id\":\"https:\\\/\\\/gogreen-schweiz.ch\\\/frische-microgreens-ihr-markt-an-der-haustuer\\\/#breadcrumb\"},\"inLanguage\":\"en-GB\",\"potentialAction\":[{\"@type\":\"ReadAction\",\"target\":[\"https:\\\/\\\/gogreen-schweiz.ch\\\/frische-microgreens-ihr-markt-an-der-haustuer\\\/\"]}]},{\"@type\":\"ImageObject\",\"inLanguage\":\"en-GB\",\"@id\":\"https:\\\/\\\/gogreen-schweiz.ch\\\/frische-microgreens-ihr-markt-an-der-haustuer\\\/#primaryimage\",\"url\":\"https:\\\/\\\/gogreen-schweiz.ch\\\/wp-content\\\/uploads\\\/2025\\\/08\\\/microgreens-lieferung-1024x771.webp\",\"contentUrl\":\"https:\\\/\\\/gogreen-schweiz.ch\\\/wp-content\\\/uploads\\\/2025\\\/08\\\/microgreens-lieferung-1024x771.webp\"},{\"@type\":\"BreadcrumbList\",\"@id\":\"https:\\\/\\\/gogreen-schweiz.ch\\\/frische-microgreens-ihr-markt-an-der-haustuer\\\/#breadcrumb\",\"itemListElement\":[{\"@type\":\"ListItem\",\"position\":1,\"name\":\"Home\",\"item\":\"https:\\\/\\\/gogreen-schweiz.ch\\\/\"},{\"@type\":\"ListItem\",\"position\":2,\"name\":\"Frishe microgreens lieferung\"}]},{\"@type\":\"WebSite\",\"@id\":\"https:\\\/\\\/gogreen-schweiz.ch\\\/#website\",\"url\":\"https:\\\/\\\/gogreen-schweiz.ch\\\/\",\"name\":\"Go Green - Schweiz GmbH\",\"description\":\"\",\"publisher\":{\"@id\":\"https:\\\/\\\/gogreen-schweiz.ch\\\/#organization\"},\"potentialAction\":[{\"@type\":\"SearchAction\",\"target\":{\"@type\":\"EntryPoint\",\"urlTemplate\":\"https:\\\/\\\/gogreen-schweiz.ch\\\/?s={search_term_string}\"},\"query-input\":{\"@type\":\"PropertyValueSpecification\",\"valueRequired\":true,\"valueName\":\"search_term_string\"}}],\"inLanguage\":\"en-GB\"},{\"@type\":\"Organization\",\"@id\":\"https:\\\/\\\/gogreen-schweiz.ch\\\/#organization\",\"name\":\"Go Green - Schweiz GmbH\",\"url\":\"https:\\\/\\\/gogreen-schweiz.ch\\\/\",\"logo\":{\"@type\":\"ImageObject\",\"inLanguage\":\"en-GB\",\"@id\":\"https:\\\/\\\/gogreen-schweiz.ch\\\/#\\\/schema\\\/logo\\\/image\\\/\",\"url\":\"https:\\\/\\\/gogreen-schweiz.ch\\\/wp-content\\\/uploads\\\/2025\\\/07\\\/cropped-Go-Green.webp\",\"contentUrl\":\"https:\\\/\\\/gogreen-schweiz.ch\\\/wp-content\\\/uploads\\\/2025\\\/07\\\/cropped-Go-Green.webp\",\"width\":512,\"height\":512,\"caption\":\"Go Green - Schweiz GmbH\"},\"image\":{\"@id\":\"https:\\\/\\\/gogreen-schweiz.ch\\\/#\\\/schema\\\/logo\\\/image\\\/\"},\"sameAs\":[\"https:\\\/\\\/www.instagram.com\\\/gogreenschweiz\"]}]}<\/script>\n<!-- \/ Yoast SEO plugin. -->","yoast_head_json":{"title":"Frishe microgreens lieferung - Go Green - Schweiz GmbH","robots":{"index":"index","follow":"follow","max-snippet":"max-snippet:-1","max-image-preview":"max-image-preview:large","max-video-preview":"max-video-preview:-1"},"canonical":"https:\/\/gogreen-schweiz.ch\/en\/frische-microgreens-ihr-markt-an-der-haustuer\/","og_locale":"en_GB","og_type":"article","og_title":"Frishe microgreens lieferung - Go Green - Schweiz GmbH","og_url":"https:\/\/gogreen-schweiz.ch\/en\/frische-microgreens-ihr-markt-an-der-haustuer\/","og_site_name":"Go Green - Schweiz GmbH","article_modified_time":"2025-08-26T13:44:11+00:00","og_image":[{"width":1232,"height":928,"url":"https:\/\/gogreen-schweiz.ch\/wp-content\/uploads\/2025\/08\/microgreens-lieferung.webp","type":"image\/webp"}],"twitter_card":"summary_large_image","twitter_misc":{"Estimated reading time":"2 minutes"},"schema":{"@context":"https:\/\/schema.org","@graph":[{"@type":"WebPage","@id":"https:\/\/gogreen-schweiz.ch\/frische-microgreens-ihr-markt-an-der-haustuer\/","url":"https:\/\/gogreen-schweiz.ch\/frische-microgreens-ihr-markt-an-der-haustuer\/","name":"Frishe microgreens lieferung - Go Green - Schweiz GmbH","isPartOf":{"@id":"https:\/\/gogreen-schweiz.ch\/#website"},"primaryImageOfPage":{"@id":"https:\/\/gogreen-schweiz.ch\/frische-microgreens-ihr-markt-an-der-haustuer\/#primaryimage"},"image":{"@id":"https:\/\/gogreen-schweiz.ch\/frische-microgreens-ihr-markt-an-der-haustuer\/#primaryimage"},"thumbnailUrl":"https:\/\/gogreen-schweiz.ch\/wp-content\/uploads\/2025\/08\/microgreens-lieferung-1024x771.webp","datePublished":"2025-08-21T10:55:04+00:00","dateModified":"2025-08-26T13:44:11+00:00","breadcrumb":{"@id":"https:\/\/gogreen-schweiz.ch\/frische-microgreens-ihr-markt-an-der-haustuer\/#breadcrumb"},"inLanguage":"en-GB","potentialAction":[{"@type":"ReadAction","target":["https:\/\/gogreen-schweiz.ch\/frische-microgreens-ihr-markt-an-der-haustuer\/"]}]},{"@type":"ImageObject","inLanguage":"en-GB","@id":"https:\/\/gogreen-schweiz.ch\/frische-microgreens-ihr-markt-an-der-haustuer\/#primaryimage","url":"https:\/\/gogreen-schweiz.ch\/wp-content\/uploads\/2025\/08\/microgreens-lieferung-1024x771.webp","contentUrl":"https:\/\/gogreen-schweiz.ch\/wp-content\/uploads\/2025\/08\/microgreens-lieferung-1024x771.webp"},{"@type":"BreadcrumbList","@id":"https:\/\/gogreen-schweiz.ch\/frische-microgreens-ihr-markt-an-der-haustuer\/#breadcrumb","itemListElement":[{"@type":"ListItem","position":1,"name":"Home","item":"https:\/\/gogreen-schweiz.ch\/"},{"@type":"ListItem","position":2,"name":"Frishe microgreens lieferung"}]},{"@type":"WebSite","@id":"https:\/\/gogreen-schweiz.ch\/#website","url":"https:\/\/gogreen-schweiz.ch\/","name":"Go Green - Schweiz GmbH","description":"","publisher":{"@id":"https:\/\/gogreen-schweiz.ch\/#organization"},"potentialAction":[{"@type":"SearchAction","target":{"@type":"EntryPoint","urlTemplate":"https:\/\/gogreen-schweiz.ch\/?s={search_term_string}"},"query-input":{"@type":"PropertyValueSpecification","valueRequired":true,"valueName":"search_term_string"}}],"inLanguage":"en-GB"},{"@type":"Organization","@id":"https:\/\/gogreen-schweiz.ch\/#organization","name":"Go Green - Schweiz GmbH","url":"https:\/\/gogreen-schweiz.ch\/","logo":{"@type":"ImageObject","inLanguage":"en-GB","@id":"https:\/\/gogreen-schweiz.ch\/#\/schema\/logo\/image\/","url":"https:\/\/gogreen-schweiz.ch\/wp-content\/uploads\/2025\/07\/cropped-Go-Green.webp","contentUrl":"https:\/\/gogreen-schweiz.ch\/wp-content\/uploads\/2025\/07\/cropped-Go-Green.webp","width":512,"height":512,"caption":"Go Green - Schweiz GmbH"},"image":{"@id":"https:\/\/gogreen-schweiz.ch\/#\/schema\/logo\/image\/"},"sameAs":["https:\/\/www.instagram.com\/gogreenschweiz"]}]}},"jetpack_sharing_enabled":true,"_links":{"self":[{"href":"https:\/\/gogreen-schweiz.ch\/en\/wp-json\/wp\/v2\/pages\/1118","targetHints":{"allow":["GET"]}}],"collection":[{"href":"https:\/\/gogreen-schweiz.ch\/en\/wp-json\/wp\/v2\/pages"}],"about":[{"href":"https:\/\/gogreen-schweiz.ch\/en\/wp-json\/wp\/v2\/types\/page"}],"author":[{"embeddable":true,"href":"https:\/\/gogreen-schweiz.ch\/en\/wp-json\/wp\/v2\/users\/1"}],"replies":[{"embeddable":true,"href":"https:\/\/gogreen-schweiz.ch\/en\/wp-json\/wp\/v2\/comments?post=1118"}],"version-history":[{"count":30,"href":"https:\/\/gogreen-schweiz.ch\/en\/wp-json\/wp\/v2\/pages\/1118\/revisions"}],"predecessor-version":[{"id":1266,"href":"https:\/\/gogreen-schweiz.ch\/en\/wp-json\/wp\/v2\/pages\/1118\/revisions\/1266"}],"wp:attachment":[{"href":"https:\/\/gogreen-schweiz.ch\/en\/wp-json\/wp\/v2\/media?parent=1118"}],"curies":[{"name":"wp","href":"https:\/\/api.w.org\/{rel}","templated":true}]}}