{"id":1052,"date":"2025-08-17T16:59:49","date_gmt":"2025-08-17T14:59:49","guid":{"rendered":"https:\/\/gogreen-schweiz.ch\/?post_type=product&#038;p=1052"},"modified":"2025-11-18T13:25:42","modified_gmt":"2025-11-18T11:25:42","slug":"set-m-family-garden","status":"publish","type":"product","link":"https:\/\/gogreen-schweiz.ch\/en\/product\/set-m-family-garden\/","title":{"rendered":"Set M &#8222;Family&#8220;"},"content":{"rendered":"<p data-start=\"585\" data-end=\"713\"><strong>Enth\u00e4lt:<\/strong><\/p>\n<ul>\n<li data-start=\"716\" data-end=\"755\">5 Samenarten nach Wahl aus der Liste,<\/li>\n<li data-start=\"758\" data-end=\"770\">10 Schalen,<\/li>\n<li data-start=\"773\" data-end=\"789\">10 Kokosmatten.<\/li>\n<\/ul>\n<p>Mit diesem Set k\u00f6nnen Sie einfach frische Microgreens zu Hause anbauen. Zus\u00e4tzlich erhalten Sie Tipps zur Aussaat und Pflege f\u00fcr beste Ergebnisse!<\/p>\n<p><strong>Bitte beachten Sie:<\/strong> Die Samen verschiedener Sorten von Microgreens haben unterschiedliche Gewichte. Die Menge pro Packung und die erforderliche Menge f\u00fcr eine Schale finden Sie in der Beschreibung der einzelnen Saatgutsorten.<\/p>\n<p>Jeder Kunde erh\u00e4lt Tipps zum Anbau der ausgew\u00e4hlten Sorte und die M\u00f6glichkeit, sich von uns beraten zu lassen.<\/p>\n<p><strong>Samenliste:<\/strong><\/p>\n<ul>\n<li>Amaranth 35g<\/li>\n<li>Alfaalfa 35g<\/li>\n<li>Arugula, Rocket 30g<\/li>\n<li>Asian Micro Mix 30 g<\/li>\n<li>Basilikum, Red Opal 30g<\/li>\n<li>Basilikum, Otalienisch 30g<\/li>\n<li>Brokkoli Calabrese 30g<\/li>\n<li>Brokkoli \u00a0Raab 30g<\/li>\n<li>\n<div>Chickpea 90g<\/div>\n<\/li>\n<li>\n<div>Dill Dakota 20g<\/div>\n<\/li>\n<li>\n<div>Dicke Bohne (Fava Bean) 100g<\/div>\n<\/li>\n<li>\n<div>Erbsen Dunn 90g<\/div>\n<\/li>\n<li>\n<div>Erbsen Foxy 90g<\/div>\n<\/li>\n<li>\n<div>Erbsen Frilly 90g<\/div>\n<\/li>\n<li>\n<div>Erbsen Jumbo 90g<\/div>\n<\/li>\n<li>\n<div>Erbsen Salad 90g<\/div>\n<\/li>\n<li>\n<div>Erbsen Taiga 90g<\/div>\n<\/li>\n<li>Fenchel 25g<\/li>\n<li>Kresse 50g<\/li>\n<li>Knoblauch 30g<\/li>\n<li>Koriander 20g<\/li>\n<li>Lauch 30g<\/li>\n<li>Linsen Rote 90g<\/li>\n<li>Lupinen 75g<\/li>\n<li>\n<div>Mizuna Gr\u00fcn 30g<\/div>\n<\/li>\n<li>\n<div>Mizuna Rote 30g<\/div>\n<\/li>\n<li>\n<div>Mung Bean 100g<\/div>\n<\/li>\n<li>Radieschen Micro Mix 30g<\/li>\n<li>Radieschen Daikon 40g<\/li>\n<li>Radieschen Pink 30g<\/li>\n<li>Radieschen Rose 30g<\/li>\n<li>Radieschen Red Rambo 30g<\/li>\n<li>Rotkohl 30g<\/li>\n<li>Rucola 30g<\/li>\n<li>\n<div>Sunflower, Big 50g<\/div>\n<\/li>\n<li>\n<div>Sunflower, Small 50g<\/div>\n<\/li>\n<li>Weissklee 30g<\/li>\n<li>Zwiebel Barbra 25g<\/li>\n<\/ul>","protected":false},"excerpt":{"rendered":"<p>F\u00fcr alle, die mehr Vielfalt und Experimente m\u00f6chten.<\/p>\n<p>Perfekt, um verschiedene Microgreens gleichzeitig zu ziehen und das ganze Jahr \u00fcber Frische zu geniessen.<\/p>","protected":false},"featured_media":1044,"template":"","meta":{"_coblocks_attr":"","_coblocks_dimensions":"","_coblocks_responsive_height":"","_coblocks_accordion_ie_support":"","wprm-recipe-roundup-name":"","wprm-recipe-roundup-description":""},"product_brand":[],"product_cat":[55,96],"product_tag":[],"class_list":{"0":"post-1052","1":"product","2":"type-product","3":"status-publish","4":"has-post-thumbnail","6":"product_cat-anbau-von-microgreens","7":"product_cat-anbauset","8":"product_shipping_class-dry","10":"first","11":"instock","12":"taxable","13":"shipping-taxable","14":"purchasable","15":"product-type-simple"},"yoast_head":"<!-- This site is optimized with the Yoast SEO plugin v27.5 - https:\/\/yoast.com\/product\/yoast-seo-wordpress\/ -->\n<title>Set M &quot;Family&quot; - Go Green - Schweiz GmbH<\/title>\n<meta name=\"description\" content=\"Microgreens Anzuchtset M \u2013 5 Samenarten, Kokosmatten &amp; Schalen. F\u00fcr Vielfalt beim Anbau zu Hause.\" \/>\n<meta name=\"robots\" content=\"index, follow, max-snippet:-1, max-image-preview:large, max-video-preview:-1\" \/>\n<link rel=\"canonical\" href=\"https:\/\/gogreen-schweiz.ch\/en\/product\/set-m-family-garden\/\" \/>\n<meta property=\"og:locale\" content=\"en_GB\" \/>\n<meta property=\"og:type\" content=\"article\" \/>\n<meta property=\"og:title\" content=\"Set M &quot;Family&quot; - Go Green - Schweiz GmbH\" \/>\n<meta property=\"og:description\" content=\"Microgreens Anzuchtset M \u2013 5 Samenarten, Kokosmatten &amp; Schalen. F\u00fcr Vielfalt beim Anbau zu Hause.\" \/>\n<meta property=\"og:url\" content=\"https:\/\/gogreen-schweiz.ch\/en\/product\/set-m-family-garden\/\" \/>\n<meta property=\"og:site_name\" content=\"Go Green - Schweiz GmbH\" \/>\n<meta property=\"article:modified_time\" content=\"2025-11-18T11:25:42+00:00\" \/>\n<meta property=\"og:image\" content=\"https:\/\/gogreen-schweiz.ch\/wp-content\/uploads\/2025\/08\/Schale-2.webp\" \/>\n\t<meta property=\"og:image:width\" content=\"600\" \/>\n\t<meta property=\"og:image:height\" content=\"600\" \/>\n\t<meta property=\"og:image:type\" content=\"image\/webp\" \/>\n<meta name=\"twitter:card\" content=\"summary_large_image\" \/>\n<meta name=\"twitter:label1\" content=\"Estimated reading time\" \/>\n\t<meta name=\"twitter:data1\" content=\"2 minutes\" \/>\n<script type=\"application\/ld+json\" class=\"yoast-schema-graph\">{\"@context\":\"https:\\\/\\\/schema.org\",\"@graph\":[{\"@type\":\"WebPage\",\"@id\":\"https:\\\/\\\/gogreen-schweiz.ch\\\/product\\\/set-m-family-garden\\\/\",\"url\":\"https:\\\/\\\/gogreen-schweiz.ch\\\/product\\\/set-m-family-garden\\\/\",\"name\":\"Set M \\\"Family\\\" - Go Green - Schweiz GmbH\",\"isPartOf\":{\"@id\":\"https:\\\/\\\/gogreen-schweiz.ch\\\/#website\"},\"primaryImageOfPage\":{\"@id\":\"https:\\\/\\\/gogreen-schweiz.ch\\\/product\\\/set-m-family-garden\\\/#primaryimage\"},\"image\":{\"@id\":\"https:\\\/\\\/gogreen-schweiz.ch\\\/product\\\/set-m-family-garden\\\/#primaryimage\"},\"thumbnailUrl\":\"https:\\\/\\\/gogreen-schweiz.ch\\\/wp-content\\\/uploads\\\/2025\\\/08\\\/Schale-2.webp\",\"datePublished\":\"2025-08-17T14:59:49+00:00\",\"dateModified\":\"2025-11-18T11:25:42+00:00\",\"description\":\"Microgreens Anzuchtset M \u2013 5 Samenarten, Kokosmatten & Schalen. F\u00fcr Vielfalt beim Anbau zu Hause.\",\"breadcrumb\":{\"@id\":\"https:\\\/\\\/gogreen-schweiz.ch\\\/product\\\/set-m-family-garden\\\/#breadcrumb\"},\"inLanguage\":\"en-GB\",\"potentialAction\":[{\"@type\":\"ReadAction\",\"target\":[\"https:\\\/\\\/gogreen-schweiz.ch\\\/product\\\/set-m-family-garden\\\/\"]}]},{\"@type\":\"ImageObject\",\"inLanguage\":\"en-GB\",\"@id\":\"https:\\\/\\\/gogreen-schweiz.ch\\\/product\\\/set-m-family-garden\\\/#primaryimage\",\"url\":\"https:\\\/\\\/gogreen-schweiz.ch\\\/wp-content\\\/uploads\\\/2025\\\/08\\\/Schale-2.webp\",\"contentUrl\":\"https:\\\/\\\/gogreen-schweiz.ch\\\/wp-content\\\/uploads\\\/2025\\\/08\\\/Schale-2.webp\",\"width\":600,\"height\":600},{\"@type\":\"BreadcrumbList\",\"@id\":\"https:\\\/\\\/gogreen-schweiz.ch\\\/product\\\/set-m-family-garden\\\/#breadcrumb\",\"itemListElement\":[{\"@type\":\"ListItem\",\"position\":1,\"name\":\"Home\",\"item\":\"https:\\\/\\\/gogreen-schweiz.ch\\\/\"},{\"@type\":\"ListItem\",\"position\":2,\"name\":\"Shop\",\"item\":\"https:\\\/\\\/gogreen-schweiz.ch\\\/shop\\\/\"},{\"@type\":\"ListItem\",\"position\":3,\"name\":\"Set M &#8220;Family&#8221;\"}]},{\"@type\":\"WebSite\",\"@id\":\"https:\\\/\\\/gogreen-schweiz.ch\\\/#website\",\"url\":\"https:\\\/\\\/gogreen-schweiz.ch\\\/\",\"name\":\"Go Green - Schweiz GmbH\",\"description\":\"\",\"publisher\":{\"@id\":\"https:\\\/\\\/gogreen-schweiz.ch\\\/#organization\"},\"potentialAction\":[{\"@type\":\"SearchAction\",\"target\":{\"@type\":\"EntryPoint\",\"urlTemplate\":\"https:\\\/\\\/gogreen-schweiz.ch\\\/?s={search_term_string}\"},\"query-input\":{\"@type\":\"PropertyValueSpecification\",\"valueRequired\":true,\"valueName\":\"search_term_string\"}}],\"inLanguage\":\"en-GB\"},{\"@type\":\"Organization\",\"@id\":\"https:\\\/\\\/gogreen-schweiz.ch\\\/#organization\",\"name\":\"Go Green - Schweiz GmbH\",\"url\":\"https:\\\/\\\/gogreen-schweiz.ch\\\/\",\"logo\":{\"@type\":\"ImageObject\",\"inLanguage\":\"en-GB\",\"@id\":\"https:\\\/\\\/gogreen-schweiz.ch\\\/#\\\/schema\\\/logo\\\/image\\\/\",\"url\":\"https:\\\/\\\/gogreen-schweiz.ch\\\/wp-content\\\/uploads\\\/2025\\\/07\\\/cropped-Go-Green.webp\",\"contentUrl\":\"https:\\\/\\\/gogreen-schweiz.ch\\\/wp-content\\\/uploads\\\/2025\\\/07\\\/cropped-Go-Green.webp\",\"width\":512,\"height\":512,\"caption\":\"Go Green - Schweiz GmbH\"},\"image\":{\"@id\":\"https:\\\/\\\/gogreen-schweiz.ch\\\/#\\\/schema\\\/logo\\\/image\\\/\"},\"sameAs\":[\"https:\\\/\\\/www.instagram.com\\\/gogreenschweiz\"]}]}<\/script>\n<!-- \/ Yoast SEO plugin. -->","yoast_head_json":{"title":"Set M \"Family\" - Go Green - Schweiz GmbH","description":"Microgreens Anzuchtset M \u2013 5 Samenarten, Kokosmatten & Schalen. F\u00fcr Vielfalt beim Anbau zu Hause.","robots":{"index":"index","follow":"follow","max-snippet":"max-snippet:-1","max-image-preview":"max-image-preview:large","max-video-preview":"max-video-preview:-1"},"canonical":"https:\/\/gogreen-schweiz.ch\/en\/product\/set-m-family-garden\/","og_locale":"en_GB","og_type":"article","og_title":"Set M \"Family\" - Go Green - Schweiz GmbH","og_description":"Microgreens Anzuchtset M \u2013 5 Samenarten, Kokosmatten & Schalen. F\u00fcr Vielfalt beim Anbau zu Hause.","og_url":"https:\/\/gogreen-schweiz.ch\/en\/product\/set-m-family-garden\/","og_site_name":"Go Green - Schweiz GmbH","article_modified_time":"2025-11-18T11:25:42+00:00","og_image":[{"width":600,"height":600,"url":"https:\/\/gogreen-schweiz.ch\/wp-content\/uploads\/2025\/08\/Schale-2.webp","type":"image\/webp"}],"twitter_card":"summary_large_image","twitter_misc":{"Estimated reading time":"2 minutes"},"schema":{"@context":"https:\/\/schema.org","@graph":[{"@type":"WebPage","@id":"https:\/\/gogreen-schweiz.ch\/product\/set-m-family-garden\/","url":"https:\/\/gogreen-schweiz.ch\/product\/set-m-family-garden\/","name":"Set M \"Family\" - Go Green - Schweiz GmbH","isPartOf":{"@id":"https:\/\/gogreen-schweiz.ch\/#website"},"primaryImageOfPage":{"@id":"https:\/\/gogreen-schweiz.ch\/product\/set-m-family-garden\/#primaryimage"},"image":{"@id":"https:\/\/gogreen-schweiz.ch\/product\/set-m-family-garden\/#primaryimage"},"thumbnailUrl":"https:\/\/gogreen-schweiz.ch\/wp-content\/uploads\/2025\/08\/Schale-2.webp","datePublished":"2025-08-17T14:59:49+00:00","dateModified":"2025-11-18T11:25:42+00:00","description":"Microgreens Anzuchtset M \u2013 5 Samenarten, Kokosmatten & Schalen. F\u00fcr Vielfalt beim Anbau zu Hause.","breadcrumb":{"@id":"https:\/\/gogreen-schweiz.ch\/product\/set-m-family-garden\/#breadcrumb"},"inLanguage":"en-GB","potentialAction":[{"@type":"ReadAction","target":["https:\/\/gogreen-schweiz.ch\/product\/set-m-family-garden\/"]}]},{"@type":"ImageObject","inLanguage":"en-GB","@id":"https:\/\/gogreen-schweiz.ch\/product\/set-m-family-garden\/#primaryimage","url":"https:\/\/gogreen-schweiz.ch\/wp-content\/uploads\/2025\/08\/Schale-2.webp","contentUrl":"https:\/\/gogreen-schweiz.ch\/wp-content\/uploads\/2025\/08\/Schale-2.webp","width":600,"height":600},{"@type":"BreadcrumbList","@id":"https:\/\/gogreen-schweiz.ch\/product\/set-m-family-garden\/#breadcrumb","itemListElement":[{"@type":"ListItem","position":1,"name":"Home","item":"https:\/\/gogreen-schweiz.ch\/"},{"@type":"ListItem","position":2,"name":"Shop","item":"https:\/\/gogreen-schweiz.ch\/shop\/"},{"@type":"ListItem","position":3,"name":"Set M &#8220;Family&#8221;"}]},{"@type":"WebSite","@id":"https:\/\/gogreen-schweiz.ch\/#website","url":"https:\/\/gogreen-schweiz.ch\/","name":"Go Green - Schweiz GmbH","description":"","publisher":{"@id":"https:\/\/gogreen-schweiz.ch\/#organization"},"potentialAction":[{"@type":"SearchAction","target":{"@type":"EntryPoint","urlTemplate":"https:\/\/gogreen-schweiz.ch\/?s={search_term_string}"},"query-input":{"@type":"PropertyValueSpecification","valueRequired":true,"valueName":"search_term_string"}}],"inLanguage":"en-GB"},{"@type":"Organization","@id":"https:\/\/gogreen-schweiz.ch\/#organization","name":"Go Green - Schweiz GmbH","url":"https:\/\/gogreen-schweiz.ch\/","logo":{"@type":"ImageObject","inLanguage":"en-GB","@id":"https:\/\/gogreen-schweiz.ch\/#\/schema\/logo\/image\/","url":"https:\/\/gogreen-schweiz.ch\/wp-content\/uploads\/2025\/07\/cropped-Go-Green.webp","contentUrl":"https:\/\/gogreen-schweiz.ch\/wp-content\/uploads\/2025\/07\/cropped-Go-Green.webp","width":512,"height":512,"caption":"Go Green - Schweiz GmbH"},"image":{"@id":"https:\/\/gogreen-schweiz.ch\/#\/schema\/logo\/image\/"},"sameAs":["https:\/\/www.instagram.com\/gogreenschweiz"]}]}},"jetpack_sharing_enabled":true,"_links":{"self":[{"href":"https:\/\/gogreen-schweiz.ch\/en\/wp-json\/wp\/v2\/product\/1052","targetHints":{"allow":["GET"]}}],"collection":[{"href":"https:\/\/gogreen-schweiz.ch\/en\/wp-json\/wp\/v2\/product"}],"about":[{"href":"https:\/\/gogreen-schweiz.ch\/en\/wp-json\/wp\/v2\/types\/product"}],"wp:featuredmedia":[{"embeddable":true,"href":"https:\/\/gogreen-schweiz.ch\/en\/wp-json\/wp\/v2\/media\/1044"}],"wp:attachment":[{"href":"https:\/\/gogreen-schweiz.ch\/en\/wp-json\/wp\/v2\/media?parent=1052"}],"wp:term":[{"taxonomy":"product_brand","embeddable":true,"href":"https:\/\/gogreen-schweiz.ch\/en\/wp-json\/wp\/v2\/product_brand?post=1052"},{"taxonomy":"product_cat","embeddable":true,"href":"https:\/\/gogreen-schweiz.ch\/en\/wp-json\/wp\/v2\/product_cat?post=1052"},{"taxonomy":"product_tag","embeddable":true,"href":"https:\/\/gogreen-schweiz.ch\/en\/wp-json\/wp\/v2\/product_tag?post=1052"}],"curies":[{"name":"wp","href":"https:\/\/api.w.org\/{rel}","templated":true}]}}