{"id":1467,"date":"2025-09-23T21:29:22","date_gmt":"2025-09-23T19:29:22","guid":{"rendered":"https:\/\/gogreen-schweiz.ch\/?post_type=product&#038;p=1467"},"modified":"2026-04-21T16:06:10","modified_gmt":"2026-04-21T14:06:10","slug":"lupinen-samen","status":"publish","type":"product","link":"https:\/\/gogreen-schweiz.ch\/en\/product\/lupinen-samen\/","title":{"rendered":"Lupinen Samen"},"content":{"rendered":"<p data-start=\"911\" data-end=\"957\">Lupinen-Microgreens sind ein echtes Superfood:<\/p>\n<ul>\n<li data-start=\"961\" data-end=\"1030\"><strong data-start=\"961\" data-end=\"985\">Pflanzliches Eiweiss:<\/strong>\u00a0Perfekt f\u00fcr vegane Ern\u00e4hrung und Keto-Di\u00e4t<\/li>\n<li data-start=\"1033\" data-end=\"1094\"><strong data-start=\"1033\" data-end=\"1051\">Ballaststoffe:<\/strong>\u00a0F\u00f6rdern die Verdauung und Darmgesundheit<\/li>\n<li data-start=\"1097\" data-end=\"1172\"><strong data-start=\"1097\" data-end=\"1126\">Vitamin A &amp; Beta-Carotin:<\/strong>\u00a0Unterst\u00fctzen die Sehkraft &amp; das Immunsystem<\/li>\n<li data-start=\"1175\" data-end=\"1250\"><strong data-start=\"1175\" data-end=\"1191\">Sulforaphan:<\/strong>\u00a0Nat\u00fcrliches Antioxidans mit potenzieller Krebspr\u00e4vention<\/li>\n<li data-start=\"1253\" data-end=\"1315\"><strong data-start=\"1253\" data-end=\"1276\">Omega-3-Fetts\u00e4uren:<\/strong>\u00a0In den Samen enthalten \u2013 gut f\u00fcrs Herz<\/li>\n<\/ul>\n<p><strong>F\u00fcr unsere Standardmatte mit den Massen 10 x 12 cm ben\u00f6tigen Sie etwa 50 g Samen.<\/strong><\/p>\n<p>Jeder Kunde erh\u00e4lt Tipps zum Anbau der ausgew\u00e4hlten Sorte und die M\u00f6glichkeit, sich von uns beraten zu lassen.<\/p>","protected":false},"excerpt":{"rendered":"<p>Seit Jahrhunderten wird die Lupine in der mediterranen und s\u00fcdamerikanischen K\u00fcche wegen ihres hohen Eiwei\u00dfgehalts gesch\u00e4tzt. Jetzt erlebt sie als Microgreen ein kulinarisches Comeback \u2013 mit nussigem Umami-Geschmack, leuchtenden rosa-gr\u00fcnen Stielen und fester, knackiger Textur.<\/p>","protected":false},"featured_media":488,"template":"","meta":{"_coblocks_attr":"","_coblocks_dimensions":"","_coblocks_responsive_height":"","_coblocks_accordion_ie_support":"","wprm-recipe-roundup-name":"","wprm-recipe-roundup-description":""},"product_brand":[],"product_cat":[55,121,56],"product_tag":[],"class_list":{"0":"post-1467","1":"product","2":"type-product","3":"status-publish","4":"has-post-thumbnail","6":"product_cat-anbau-von-microgreens","7":"product_cat-garten","8":"product_cat-samen","9":"product_shipping_class-dry","11":"first","12":"instock","13":"taxable","14":"shipping-taxable","15":"purchasable","16":"product-type-simple"},"yoast_head":"<!-- This site is optimized with the Yoast SEO plugin v27.5 - https:\/\/yoast.com\/product\/yoast-seo-wordpress\/ -->\n<title>Lupinen Samen - Go Green - Schweiz GmbH<\/title>\n<meta name=\"description\" content=\"Entdecken Sie Lupinen Microgreens Samen. Go Green ist ein Unternehmen, das ausschliesslich hochwertige Samen f\u00fcr den Anbau von Microgreens, Mikro-Kr\u00e4utern und Sprossen anbietet. Bestellen Sie jetzt nur hochwertige Sprossen- und Microgreens-Samen.\" \/>\n<meta name=\"robots\" content=\"index, follow, max-snippet:-1, max-image-preview:large, max-video-preview:-1\" \/>\n<link rel=\"canonical\" href=\"https:\/\/gogreen-schweiz.ch\/en\/product\/lupinen-samen\/\" \/>\n<meta property=\"og:locale\" content=\"en_GB\" \/>\n<meta property=\"og:type\" content=\"article\" \/>\n<meta property=\"og:title\" content=\"Lupinen Samen - Go Green - Schweiz GmbH\" \/>\n<meta property=\"og:description\" content=\"Entdecken Sie Lupinen Microgreens Samen. Go Green ist ein Unternehmen, das ausschliesslich hochwertige Samen f\u00fcr den Anbau von Microgreens, Mikro-Kr\u00e4utern und Sprossen anbietet. Bestellen Sie jetzt nur hochwertige Sprossen- und Microgreens-Samen.\" \/>\n<meta property=\"og:url\" content=\"https:\/\/gogreen-schweiz.ch\/en\/product\/lupinen-samen\/\" \/>\n<meta property=\"og:site_name\" content=\"Go Green - Schweiz GmbH\" \/>\n<meta property=\"article:modified_time\" content=\"2026-04-21T14:06:10+00:00\" \/>\n<meta property=\"og:image\" content=\"https:\/\/gogreen-schweiz.ch\/wp-content\/uploads\/2025\/07\/Lupine-2.webp\" \/>\n\t<meta property=\"og:image:width\" content=\"600\" \/>\n\t<meta property=\"og:image:height\" content=\"600\" \/>\n\t<meta property=\"og:image:type\" content=\"image\/webp\" \/>\n<meta name=\"twitter:card\" content=\"summary_large_image\" \/>\n<meta name=\"twitter:label1\" content=\"Estimated reading time\" \/>\n\t<meta name=\"twitter:data1\" content=\"1 minute\" \/>\n<script type=\"application\/ld+json\" class=\"yoast-schema-graph\">{\"@context\":\"https:\\\/\\\/schema.org\",\"@graph\":[{\"@type\":\"WebPage\",\"@id\":\"https:\\\/\\\/gogreen-schweiz.ch\\\/product\\\/lupinen-samen\\\/\",\"url\":\"https:\\\/\\\/gogreen-schweiz.ch\\\/product\\\/lupinen-samen\\\/\",\"name\":\"Lupinen Samen - Go Green - Schweiz GmbH\",\"isPartOf\":{\"@id\":\"https:\\\/\\\/gogreen-schweiz.ch\\\/#website\"},\"primaryImageOfPage\":{\"@id\":\"https:\\\/\\\/gogreen-schweiz.ch\\\/product\\\/lupinen-samen\\\/#primaryimage\"},\"image\":{\"@id\":\"https:\\\/\\\/gogreen-schweiz.ch\\\/product\\\/lupinen-samen\\\/#primaryimage\"},\"thumbnailUrl\":\"https:\\\/\\\/gogreen-schweiz.ch\\\/wp-content\\\/uploads\\\/2025\\\/07\\\/Lupine-2.webp\",\"datePublished\":\"2025-09-23T19:29:22+00:00\",\"dateModified\":\"2026-04-21T14:06:10+00:00\",\"description\":\"Entdecken Sie Lupinen Microgreens Samen. Go Green ist ein Unternehmen, das ausschliesslich hochwertige Samen f\u00fcr den Anbau von Microgreens, Mikro-Kr\u00e4utern und Sprossen anbietet. Bestellen Sie jetzt nur hochwertige Sprossen- und Microgreens-Samen.\",\"breadcrumb\":{\"@id\":\"https:\\\/\\\/gogreen-schweiz.ch\\\/product\\\/lupinen-samen\\\/#breadcrumb\"},\"inLanguage\":\"en-GB\",\"potentialAction\":[{\"@type\":\"ReadAction\",\"target\":[\"https:\\\/\\\/gogreen-schweiz.ch\\\/product\\\/lupinen-samen\\\/\"]}]},{\"@type\":\"ImageObject\",\"inLanguage\":\"en-GB\",\"@id\":\"https:\\\/\\\/gogreen-schweiz.ch\\\/product\\\/lupinen-samen\\\/#primaryimage\",\"url\":\"https:\\\/\\\/gogreen-schweiz.ch\\\/wp-content\\\/uploads\\\/2025\\\/07\\\/Lupine-2.webp\",\"contentUrl\":\"https:\\\/\\\/gogreen-schweiz.ch\\\/wp-content\\\/uploads\\\/2025\\\/07\\\/Lupine-2.webp\",\"width\":600,\"height\":600,\"caption\":\"Lupine microgreens\"},{\"@type\":\"BreadcrumbList\",\"@id\":\"https:\\\/\\\/gogreen-schweiz.ch\\\/product\\\/lupinen-samen\\\/#breadcrumb\",\"itemListElement\":[{\"@type\":\"ListItem\",\"position\":1,\"name\":\"Home\",\"item\":\"https:\\\/\\\/gogreen-schweiz.ch\\\/\"},{\"@type\":\"ListItem\",\"position\":2,\"name\":\"Shop\",\"item\":\"https:\\\/\\\/gogreen-schweiz.ch\\\/shop\\\/\"},{\"@type\":\"ListItem\",\"position\":3,\"name\":\"Lupinen Samen\"}]},{\"@type\":\"WebSite\",\"@id\":\"https:\\\/\\\/gogreen-schweiz.ch\\\/#website\",\"url\":\"https:\\\/\\\/gogreen-schweiz.ch\\\/\",\"name\":\"Go Green - Schweiz GmbH\",\"description\":\"\",\"publisher\":{\"@id\":\"https:\\\/\\\/gogreen-schweiz.ch\\\/#organization\"},\"potentialAction\":[{\"@type\":\"SearchAction\",\"target\":{\"@type\":\"EntryPoint\",\"urlTemplate\":\"https:\\\/\\\/gogreen-schweiz.ch\\\/?s={search_term_string}\"},\"query-input\":{\"@type\":\"PropertyValueSpecification\",\"valueRequired\":true,\"valueName\":\"search_term_string\"}}],\"inLanguage\":\"en-GB\"},{\"@type\":\"Organization\",\"@id\":\"https:\\\/\\\/gogreen-schweiz.ch\\\/#organization\",\"name\":\"Go Green - Schweiz GmbH\",\"url\":\"https:\\\/\\\/gogreen-schweiz.ch\\\/\",\"logo\":{\"@type\":\"ImageObject\",\"inLanguage\":\"en-GB\",\"@id\":\"https:\\\/\\\/gogreen-schweiz.ch\\\/#\\\/schema\\\/logo\\\/image\\\/\",\"url\":\"https:\\\/\\\/gogreen-schweiz.ch\\\/wp-content\\\/uploads\\\/2025\\\/07\\\/cropped-Go-Green.webp\",\"contentUrl\":\"https:\\\/\\\/gogreen-schweiz.ch\\\/wp-content\\\/uploads\\\/2025\\\/07\\\/cropped-Go-Green.webp\",\"width\":512,\"height\":512,\"caption\":\"Go Green - Schweiz GmbH\"},\"image\":{\"@id\":\"https:\\\/\\\/gogreen-schweiz.ch\\\/#\\\/schema\\\/logo\\\/image\\\/\"},\"sameAs\":[\"https:\\\/\\\/www.instagram.com\\\/gogreenschweiz\"]}]}<\/script>\n<!-- \/ Yoast SEO plugin. -->","yoast_head_json":{"title":"Lupinen Samen - Go Green - Schweiz GmbH","description":"Entdecken Sie Lupinen Microgreens Samen. Go Green ist ein Unternehmen, das ausschliesslich hochwertige Samen f\u00fcr den Anbau von Microgreens, Mikro-Kr\u00e4utern und Sprossen anbietet. Bestellen Sie jetzt nur hochwertige Sprossen- und Microgreens-Samen.","robots":{"index":"index","follow":"follow","max-snippet":"max-snippet:-1","max-image-preview":"max-image-preview:large","max-video-preview":"max-video-preview:-1"},"canonical":"https:\/\/gogreen-schweiz.ch\/en\/product\/lupinen-samen\/","og_locale":"en_GB","og_type":"article","og_title":"Lupinen Samen - Go Green - Schweiz GmbH","og_description":"Entdecken Sie Lupinen Microgreens Samen. Go Green ist ein Unternehmen, das ausschliesslich hochwertige Samen f\u00fcr den Anbau von Microgreens, Mikro-Kr\u00e4utern und Sprossen anbietet. Bestellen Sie jetzt nur hochwertige Sprossen- und Microgreens-Samen.","og_url":"https:\/\/gogreen-schweiz.ch\/en\/product\/lupinen-samen\/","og_site_name":"Go Green - Schweiz GmbH","article_modified_time":"2026-04-21T14:06:10+00:00","og_image":[{"width":600,"height":600,"url":"https:\/\/gogreen-schweiz.ch\/wp-content\/uploads\/2025\/07\/Lupine-2.webp","type":"image\/webp"}],"twitter_card":"summary_large_image","twitter_misc":{"Estimated reading time":"1 minute"},"schema":{"@context":"https:\/\/schema.org","@graph":[{"@type":"WebPage","@id":"https:\/\/gogreen-schweiz.ch\/product\/lupinen-samen\/","url":"https:\/\/gogreen-schweiz.ch\/product\/lupinen-samen\/","name":"Lupinen Samen - Go Green - Schweiz GmbH","isPartOf":{"@id":"https:\/\/gogreen-schweiz.ch\/#website"},"primaryImageOfPage":{"@id":"https:\/\/gogreen-schweiz.ch\/product\/lupinen-samen\/#primaryimage"},"image":{"@id":"https:\/\/gogreen-schweiz.ch\/product\/lupinen-samen\/#primaryimage"},"thumbnailUrl":"https:\/\/gogreen-schweiz.ch\/wp-content\/uploads\/2025\/07\/Lupine-2.webp","datePublished":"2025-09-23T19:29:22+00:00","dateModified":"2026-04-21T14:06:10+00:00","description":"Entdecken Sie Lupinen Microgreens Samen. Go Green ist ein Unternehmen, das ausschliesslich hochwertige Samen f\u00fcr den Anbau von Microgreens, Mikro-Kr\u00e4utern und Sprossen anbietet. Bestellen Sie jetzt nur hochwertige Sprossen- und Microgreens-Samen.","breadcrumb":{"@id":"https:\/\/gogreen-schweiz.ch\/product\/lupinen-samen\/#breadcrumb"},"inLanguage":"en-GB","potentialAction":[{"@type":"ReadAction","target":["https:\/\/gogreen-schweiz.ch\/product\/lupinen-samen\/"]}]},{"@type":"ImageObject","inLanguage":"en-GB","@id":"https:\/\/gogreen-schweiz.ch\/product\/lupinen-samen\/#primaryimage","url":"https:\/\/gogreen-schweiz.ch\/wp-content\/uploads\/2025\/07\/Lupine-2.webp","contentUrl":"https:\/\/gogreen-schweiz.ch\/wp-content\/uploads\/2025\/07\/Lupine-2.webp","width":600,"height":600,"caption":"Lupine microgreens"},{"@type":"BreadcrumbList","@id":"https:\/\/gogreen-schweiz.ch\/product\/lupinen-samen\/#breadcrumb","itemListElement":[{"@type":"ListItem","position":1,"name":"Home","item":"https:\/\/gogreen-schweiz.ch\/"},{"@type":"ListItem","position":2,"name":"Shop","item":"https:\/\/gogreen-schweiz.ch\/shop\/"},{"@type":"ListItem","position":3,"name":"Lupinen Samen"}]},{"@type":"WebSite","@id":"https:\/\/gogreen-schweiz.ch\/#website","url":"https:\/\/gogreen-schweiz.ch\/","name":"Go Green - Schweiz GmbH","description":"","publisher":{"@id":"https:\/\/gogreen-schweiz.ch\/#organization"},"potentialAction":[{"@type":"SearchAction","target":{"@type":"EntryPoint","urlTemplate":"https:\/\/gogreen-schweiz.ch\/?s={search_term_string}"},"query-input":{"@type":"PropertyValueSpecification","valueRequired":true,"valueName":"search_term_string"}}],"inLanguage":"en-GB"},{"@type":"Organization","@id":"https:\/\/gogreen-schweiz.ch\/#organization","name":"Go Green - Schweiz GmbH","url":"https:\/\/gogreen-schweiz.ch\/","logo":{"@type":"ImageObject","inLanguage":"en-GB","@id":"https:\/\/gogreen-schweiz.ch\/#\/schema\/logo\/image\/","url":"https:\/\/gogreen-schweiz.ch\/wp-content\/uploads\/2025\/07\/cropped-Go-Green.webp","contentUrl":"https:\/\/gogreen-schweiz.ch\/wp-content\/uploads\/2025\/07\/cropped-Go-Green.webp","width":512,"height":512,"caption":"Go Green - Schweiz GmbH"},"image":{"@id":"https:\/\/gogreen-schweiz.ch\/#\/schema\/logo\/image\/"},"sameAs":["https:\/\/www.instagram.com\/gogreenschweiz"]}]}},"jetpack_sharing_enabled":true,"_links":{"self":[{"href":"https:\/\/gogreen-schweiz.ch\/en\/wp-json\/wp\/v2\/product\/1467","targetHints":{"allow":["GET"]}}],"collection":[{"href":"https:\/\/gogreen-schweiz.ch\/en\/wp-json\/wp\/v2\/product"}],"about":[{"href":"https:\/\/gogreen-schweiz.ch\/en\/wp-json\/wp\/v2\/types\/product"}],"wp:featuredmedia":[{"embeddable":true,"href":"https:\/\/gogreen-schweiz.ch\/en\/wp-json\/wp\/v2\/media\/488"}],"wp:attachment":[{"href":"https:\/\/gogreen-schweiz.ch\/en\/wp-json\/wp\/v2\/media?parent=1467"}],"wp:term":[{"taxonomy":"product_brand","embeddable":true,"href":"https:\/\/gogreen-schweiz.ch\/en\/wp-json\/wp\/v2\/product_brand?post=1467"},{"taxonomy":"product_cat","embeddable":true,"href":"https:\/\/gogreen-schweiz.ch\/en\/wp-json\/wp\/v2\/product_cat?post=1467"},{"taxonomy":"product_tag","embeddable":true,"href":"https:\/\/gogreen-schweiz.ch\/en\/wp-json\/wp\/v2\/product_tag?post=1467"}],"curies":[{"name":"wp","href":"https:\/\/api.w.org\/{rel}","templated":true}]}}