{"id":1479,"date":"2025-09-24T13:57:36","date_gmt":"2025-09-24T11:57:36","guid":{"rendered":"https:\/\/gogreen-schweiz.ch\/?post_type=product&#038;p=1479"},"modified":"2026-04-21T16:04:27","modified_gmt":"2026-04-21T14:04:27","slug":"dill-samen","status":"publish","type":"product","link":"https:\/\/gogreen-schweiz.ch\/en\/product\/dill-samen\/","title":{"rendered":"Dill Samen"},"content":{"rendered":"<p data-start=\"632\" data-end=\"695\">Dill-Mikrogreens sind ein echtes N\u00e4hrstoffwunder und enthalten:<\/p>\n<ul>\n<li data-start=\"699\" data-end=\"730\"><strong data-start=\"699\" data-end=\"728\">Vitamine A, B, C, E und K<\/strong><\/li>\n<li data-start=\"733\" data-end=\"749\"><strong data-start=\"733\" data-end=\"747\">Eisen (Fe)<\/strong><\/li>\n<li data-start=\"752\" data-end=\"768\"><strong data-start=\"752\" data-end=\"766\">Kalium (K)<\/strong><\/li>\n<li data-start=\"771\" data-end=\"786\"><strong data-start=\"771\" data-end=\"784\">Zink (Zn)<\/strong><\/li>\n<li data-start=\"789\" data-end=\"816\"><strong data-start=\"789\" data-end=\"816\">Essenzielle Aminos\u00e4uren<\/strong><\/li>\n<\/ul>\n<p><strong>F\u00fcr unsere Standardmatte mit den Massen 10 x 12 cm ben\u00f6tigen Sie etwa 8 g Samen.<\/strong><\/p>\n<p>Jeder Kunde erh\u00e4lt Tipps zum Anbau der ausgew\u00e4hlten Sorte und die M\u00f6glichkeit, sich von uns beraten zu lassen.<\/p>","protected":false},"excerpt":{"rendered":"<p>Dill-Mikrogr\u00fcn (Anethum graveolens) ist ein gesch\u00e4tztes kulinarisches Highlight mit seinem unverwechselbaren, s\u00fc\u00df-w\u00fcrzigen Geschmack und zarten Zitronen-Kr\u00e4uternoten. Ob zu cremigen Saucen, eingelegtem Gem\u00fcse oder klassischen Kartoffelgerichten \u2013 dieses aromatische Gr\u00fcn verleiht jedem Rezept eine besondere Note.<\/p>","protected":false},"featured_media":1480,"template":"","meta":{"_coblocks_attr":"","_coblocks_dimensions":"","_coblocks_responsive_height":"","_coblocks_accordion_ie_support":"","wprm-recipe-roundup-name":"","wprm-recipe-roundup-description":""},"product_brand":[],"product_cat":[55,121,56],"product_tag":[],"class_list":{"0":"post-1479","1":"product","2":"type-product","3":"status-publish","4":"has-post-thumbnail","6":"product_cat-anbau-von-microgreens","7":"product_cat-garten","8":"product_cat-samen","9":"product_shipping_class-dry","11":"first","12":"instock","13":"taxable","14":"shipping-taxable","15":"purchasable","16":"product-type-simple"},"yoast_head":"<!-- This site is optimized with the Yoast SEO plugin v27.5 - https:\/\/yoast.com\/product\/yoast-seo-wordpress\/ -->\n<title>Dill Samen - Go Green - Schweiz GmbH<\/title>\n<meta name=\"description\" content=\"Kaufen Sie Dillsamen f\u00fcr Microgreens. Leuchtende Keimlinge mit mild-nussigem Geschmack, reich an Vitaminen &amp; Mineralstoffen.\" \/>\n<meta name=\"robots\" content=\"index, follow, max-snippet:-1, max-image-preview:large, max-video-preview:-1\" \/>\n<link rel=\"canonical\" href=\"https:\/\/gogreen-schweiz.ch\/en\/product\/dill-samen\/\" \/>\n<meta property=\"og:locale\" content=\"en_GB\" \/>\n<meta property=\"og:type\" content=\"article\" \/>\n<meta property=\"og:title\" content=\"Dill Samen - Go Green - Schweiz GmbH\" \/>\n<meta property=\"og:description\" content=\"Kaufen Sie Dillsamen f\u00fcr Microgreens. Leuchtende Keimlinge mit mild-nussigem Geschmack, reich an Vitaminen &amp; Mineralstoffen.\" \/>\n<meta property=\"og:url\" content=\"https:\/\/gogreen-schweiz.ch\/en\/product\/dill-samen\/\" \/>\n<meta property=\"og:site_name\" content=\"Go Green - Schweiz GmbH\" \/>\n<meta property=\"article:modified_time\" content=\"2026-04-21T14:04:27+00:00\" \/>\n<meta property=\"og:image\" content=\"https:\/\/gogreen-schweiz.ch\/wp-content\/uploads\/2025\/09\/Dill-Samen.webp\" \/>\n\t<meta property=\"og:image:width\" content=\"600\" \/>\n\t<meta property=\"og:image:height\" content=\"600\" \/>\n\t<meta property=\"og:image:type\" content=\"image\/webp\" \/>\n<meta name=\"twitter:card\" content=\"summary_large_image\" \/>\n<meta name=\"twitter:label1\" content=\"Estimated reading time\" \/>\n\t<meta name=\"twitter:data1\" content=\"1 minute\" \/>\n<script type=\"application\/ld+json\" class=\"yoast-schema-graph\">{\"@context\":\"https:\\\/\\\/schema.org\",\"@graph\":[{\"@type\":\"WebPage\",\"@id\":\"https:\\\/\\\/gogreen-schweiz.ch\\\/product\\\/dill-samen\\\/\",\"url\":\"https:\\\/\\\/gogreen-schweiz.ch\\\/product\\\/dill-samen\\\/\",\"name\":\"Dill Samen - Go Green - Schweiz GmbH\",\"isPartOf\":{\"@id\":\"https:\\\/\\\/gogreen-schweiz.ch\\\/#website\"},\"primaryImageOfPage\":{\"@id\":\"https:\\\/\\\/gogreen-schweiz.ch\\\/product\\\/dill-samen\\\/#primaryimage\"},\"image\":{\"@id\":\"https:\\\/\\\/gogreen-schweiz.ch\\\/product\\\/dill-samen\\\/#primaryimage\"},\"thumbnailUrl\":\"https:\\\/\\\/gogreen-schweiz.ch\\\/wp-content\\\/uploads\\\/2025\\\/09\\\/Dill-Samen.webp\",\"datePublished\":\"2025-09-24T11:57:36+00:00\",\"dateModified\":\"2026-04-21T14:04:27+00:00\",\"description\":\"Kaufen Sie Dillsamen f\u00fcr Microgreens. Leuchtende Keimlinge mit mild-nussigem Geschmack, reich an Vitaminen & Mineralstoffen.\",\"breadcrumb\":{\"@id\":\"https:\\\/\\\/gogreen-schweiz.ch\\\/product\\\/dill-samen\\\/#breadcrumb\"},\"inLanguage\":\"en-GB\",\"potentialAction\":[{\"@type\":\"ReadAction\",\"target\":[\"https:\\\/\\\/gogreen-schweiz.ch\\\/product\\\/dill-samen\\\/\"]}]},{\"@type\":\"ImageObject\",\"inLanguage\":\"en-GB\",\"@id\":\"https:\\\/\\\/gogreen-schweiz.ch\\\/product\\\/dill-samen\\\/#primaryimage\",\"url\":\"https:\\\/\\\/gogreen-schweiz.ch\\\/wp-content\\\/uploads\\\/2025\\\/09\\\/Dill-Samen.webp\",\"contentUrl\":\"https:\\\/\\\/gogreen-schweiz.ch\\\/wp-content\\\/uploads\\\/2025\\\/09\\\/Dill-Samen.webp\",\"width\":600,\"height\":600,\"caption\":\"Dill Microgreens Samen\"},{\"@type\":\"BreadcrumbList\",\"@id\":\"https:\\\/\\\/gogreen-schweiz.ch\\\/product\\\/dill-samen\\\/#breadcrumb\",\"itemListElement\":[{\"@type\":\"ListItem\",\"position\":1,\"name\":\"Home\",\"item\":\"https:\\\/\\\/gogreen-schweiz.ch\\\/\"},{\"@type\":\"ListItem\",\"position\":2,\"name\":\"Shop\",\"item\":\"https:\\\/\\\/gogreen-schweiz.ch\\\/shop\\\/\"},{\"@type\":\"ListItem\",\"position\":3,\"name\":\"Dill Samen\"}]},{\"@type\":\"WebSite\",\"@id\":\"https:\\\/\\\/gogreen-schweiz.ch\\\/#website\",\"url\":\"https:\\\/\\\/gogreen-schweiz.ch\\\/\",\"name\":\"Go Green - Schweiz GmbH\",\"description\":\"\",\"publisher\":{\"@id\":\"https:\\\/\\\/gogreen-schweiz.ch\\\/#organization\"},\"potentialAction\":[{\"@type\":\"SearchAction\",\"target\":{\"@type\":\"EntryPoint\",\"urlTemplate\":\"https:\\\/\\\/gogreen-schweiz.ch\\\/?s={search_term_string}\"},\"query-input\":{\"@type\":\"PropertyValueSpecification\",\"valueRequired\":true,\"valueName\":\"search_term_string\"}}],\"inLanguage\":\"en-GB\"},{\"@type\":\"Organization\",\"@id\":\"https:\\\/\\\/gogreen-schweiz.ch\\\/#organization\",\"name\":\"Go Green - Schweiz GmbH\",\"url\":\"https:\\\/\\\/gogreen-schweiz.ch\\\/\",\"logo\":{\"@type\":\"ImageObject\",\"inLanguage\":\"en-GB\",\"@id\":\"https:\\\/\\\/gogreen-schweiz.ch\\\/#\\\/schema\\\/logo\\\/image\\\/\",\"url\":\"https:\\\/\\\/gogreen-schweiz.ch\\\/wp-content\\\/uploads\\\/2025\\\/07\\\/cropped-Go-Green.webp\",\"contentUrl\":\"https:\\\/\\\/gogreen-schweiz.ch\\\/wp-content\\\/uploads\\\/2025\\\/07\\\/cropped-Go-Green.webp\",\"width\":512,\"height\":512,\"caption\":\"Go Green - Schweiz GmbH\"},\"image\":{\"@id\":\"https:\\\/\\\/gogreen-schweiz.ch\\\/#\\\/schema\\\/logo\\\/image\\\/\"},\"sameAs\":[\"https:\\\/\\\/www.instagram.com\\\/gogreenschweiz\"]}]}<\/script>\n<!-- \/ Yoast SEO plugin. -->","yoast_head_json":{"title":"Dill Samen - Go Green - Schweiz GmbH","description":"Kaufen Sie Dillsamen f\u00fcr Microgreens. Leuchtende Keimlinge mit mild-nussigem Geschmack, reich an Vitaminen & Mineralstoffen.","robots":{"index":"index","follow":"follow","max-snippet":"max-snippet:-1","max-image-preview":"max-image-preview:large","max-video-preview":"max-video-preview:-1"},"canonical":"https:\/\/gogreen-schweiz.ch\/en\/product\/dill-samen\/","og_locale":"en_GB","og_type":"article","og_title":"Dill Samen - Go Green - Schweiz GmbH","og_description":"Kaufen Sie Dillsamen f\u00fcr Microgreens. Leuchtende Keimlinge mit mild-nussigem Geschmack, reich an Vitaminen & Mineralstoffen.","og_url":"https:\/\/gogreen-schweiz.ch\/en\/product\/dill-samen\/","og_site_name":"Go Green - Schweiz GmbH","article_modified_time":"2026-04-21T14:04:27+00:00","og_image":[{"width":600,"height":600,"url":"https:\/\/gogreen-schweiz.ch\/wp-content\/uploads\/2025\/09\/Dill-Samen.webp","type":"image\/webp"}],"twitter_card":"summary_large_image","twitter_misc":{"Estimated reading time":"1 minute"},"schema":{"@context":"https:\/\/schema.org","@graph":[{"@type":"WebPage","@id":"https:\/\/gogreen-schweiz.ch\/product\/dill-samen\/","url":"https:\/\/gogreen-schweiz.ch\/product\/dill-samen\/","name":"Dill Samen - Go Green - Schweiz GmbH","isPartOf":{"@id":"https:\/\/gogreen-schweiz.ch\/#website"},"primaryImageOfPage":{"@id":"https:\/\/gogreen-schweiz.ch\/product\/dill-samen\/#primaryimage"},"image":{"@id":"https:\/\/gogreen-schweiz.ch\/product\/dill-samen\/#primaryimage"},"thumbnailUrl":"https:\/\/gogreen-schweiz.ch\/wp-content\/uploads\/2025\/09\/Dill-Samen.webp","datePublished":"2025-09-24T11:57:36+00:00","dateModified":"2026-04-21T14:04:27+00:00","description":"Kaufen Sie Dillsamen f\u00fcr Microgreens. Leuchtende Keimlinge mit mild-nussigem Geschmack, reich an Vitaminen & Mineralstoffen.","breadcrumb":{"@id":"https:\/\/gogreen-schweiz.ch\/product\/dill-samen\/#breadcrumb"},"inLanguage":"en-GB","potentialAction":[{"@type":"ReadAction","target":["https:\/\/gogreen-schweiz.ch\/product\/dill-samen\/"]}]},{"@type":"ImageObject","inLanguage":"en-GB","@id":"https:\/\/gogreen-schweiz.ch\/product\/dill-samen\/#primaryimage","url":"https:\/\/gogreen-schweiz.ch\/wp-content\/uploads\/2025\/09\/Dill-Samen.webp","contentUrl":"https:\/\/gogreen-schweiz.ch\/wp-content\/uploads\/2025\/09\/Dill-Samen.webp","width":600,"height":600,"caption":"Dill Microgreens Samen"},{"@type":"BreadcrumbList","@id":"https:\/\/gogreen-schweiz.ch\/product\/dill-samen\/#breadcrumb","itemListElement":[{"@type":"ListItem","position":1,"name":"Home","item":"https:\/\/gogreen-schweiz.ch\/"},{"@type":"ListItem","position":2,"name":"Shop","item":"https:\/\/gogreen-schweiz.ch\/shop\/"},{"@type":"ListItem","position":3,"name":"Dill Samen"}]},{"@type":"WebSite","@id":"https:\/\/gogreen-schweiz.ch\/#website","url":"https:\/\/gogreen-schweiz.ch\/","name":"Go Green - Schweiz GmbH","description":"","publisher":{"@id":"https:\/\/gogreen-schweiz.ch\/#organization"},"potentialAction":[{"@type":"SearchAction","target":{"@type":"EntryPoint","urlTemplate":"https:\/\/gogreen-schweiz.ch\/?s={search_term_string}"},"query-input":{"@type":"PropertyValueSpecification","valueRequired":true,"valueName":"search_term_string"}}],"inLanguage":"en-GB"},{"@type":"Organization","@id":"https:\/\/gogreen-schweiz.ch\/#organization","name":"Go Green - Schweiz GmbH","url":"https:\/\/gogreen-schweiz.ch\/","logo":{"@type":"ImageObject","inLanguage":"en-GB","@id":"https:\/\/gogreen-schweiz.ch\/#\/schema\/logo\/image\/","url":"https:\/\/gogreen-schweiz.ch\/wp-content\/uploads\/2025\/07\/cropped-Go-Green.webp","contentUrl":"https:\/\/gogreen-schweiz.ch\/wp-content\/uploads\/2025\/07\/cropped-Go-Green.webp","width":512,"height":512,"caption":"Go Green - Schweiz GmbH"},"image":{"@id":"https:\/\/gogreen-schweiz.ch\/#\/schema\/logo\/image\/"},"sameAs":["https:\/\/www.instagram.com\/gogreenschweiz"]}]}},"jetpack_sharing_enabled":true,"_links":{"self":[{"href":"https:\/\/gogreen-schweiz.ch\/en\/wp-json\/wp\/v2\/product\/1479","targetHints":{"allow":["GET"]}}],"collection":[{"href":"https:\/\/gogreen-schweiz.ch\/en\/wp-json\/wp\/v2\/product"}],"about":[{"href":"https:\/\/gogreen-schweiz.ch\/en\/wp-json\/wp\/v2\/types\/product"}],"wp:featuredmedia":[{"embeddable":true,"href":"https:\/\/gogreen-schweiz.ch\/en\/wp-json\/wp\/v2\/media\/1480"}],"wp:attachment":[{"href":"https:\/\/gogreen-schweiz.ch\/en\/wp-json\/wp\/v2\/media?parent=1479"}],"wp:term":[{"taxonomy":"product_brand","embeddable":true,"href":"https:\/\/gogreen-schweiz.ch\/en\/wp-json\/wp\/v2\/product_brand?post=1479"},{"taxonomy":"product_cat","embeddable":true,"href":"https:\/\/gogreen-schweiz.ch\/en\/wp-json\/wp\/v2\/product_cat?post=1479"},{"taxonomy":"product_tag","embeddable":true,"href":"https:\/\/gogreen-schweiz.ch\/en\/wp-json\/wp\/v2\/product_tag?post=1479"}],"curies":[{"name":"wp","href":"https:\/\/api.w.org\/{rel}","templated":true}]}}