{"id":1482,"date":"2025-09-24T14:09:11","date_gmt":"2025-09-24T12:09:11","guid":{"rendered":"https:\/\/gogreen-schweiz.ch\/?post_type=product&#038;p=1482"},"modified":"2026-04-21T16:04:00","modified_gmt":"2026-04-21T14:04:00","slug":"fenchel-samen","status":"publish","type":"product","link":"https:\/\/gogreen-schweiz.ch\/en\/product\/fenchel-samen\/","title":{"rendered":"Fenchel Samen"},"content":{"rendered":"<p data-start=\"635\" data-end=\"690\">Fenchel-Mikrogr\u00fcn ist ein echtes Superfood und liefert:<\/p>\n<ul>\n<li data-start=\"694\" data-end=\"734\"><strong data-start=\"694\" data-end=\"707\">Vitamin C<\/strong>\u00a0\u2013 st\u00e4rkt das Immunsystem<\/li>\n<li data-start=\"737\" data-end=\"795\"><strong data-start=\"737\" data-end=\"750\">Vitamin E<\/strong>\u00a0\u2013 sch\u00fctzt die Zellen vor oxidativem Stress<\/li>\n<li data-start=\"798\" data-end=\"853\"><strong data-start=\"798\" data-end=\"811\">Vitamin K<\/strong>\u00a0\u2013 wichtig f\u00fcr Knochen und Blutgerinnung<\/li>\n<li data-start=\"856\" data-end=\"905\"><strong data-start=\"856\" data-end=\"866\">Kalium<\/strong>\u00a0\u2013 reguliert den Fl\u00fcssigkeitshaushalt<\/li>\n<li data-start=\"908\" data-end=\"985\"><strong data-start=\"908\" data-end=\"942\">Ballaststoffe &amp; Antioxidantien<\/strong>\u00a0\u2013 f\u00f6rdern die Verdauung und Zellgesundheit<\/li>\n<\/ul>\n<p><strong>F\u00fcr unsere Standardmatte mit den Massen 10 x 12 cm ben\u00f6tigen Sie etwa 10 g Samen.<\/strong><\/p>\n<p>Jeder Kunde erh\u00e4lt Tipps zum Anbau der ausgew\u00e4hlten Sorte und die M\u00f6glichkeit, sich von uns beraten zu lassen.<\/p>","protected":false},"excerpt":{"rendered":"<p>Fenchel wird seit Jahrhunderten in der Naturmedizin gesch\u00e4tzt \u2013 von der Linderung von Bl\u00e4hungen \u00fcber die Unterst\u00fctzung der Verdauung bis hin zur F\u00f6rderung der Milchbildung und Linderung von Menstruationsbeschwerden. Dieses Wissen steckt heute in zarten, fein gezahnten Bl\u00e4ttchen voller Geschmack und N\u00e4hrstoffe.<\/p>","protected":false},"featured_media":1483,"template":"","meta":{"_coblocks_attr":"","_coblocks_dimensions":"","_coblocks_responsive_height":"","_coblocks_accordion_ie_support":"","wprm-recipe-roundup-name":"","wprm-recipe-roundup-description":""},"product_brand":[],"product_cat":[55,121,56],"product_tag":[],"class_list":{"0":"post-1482","1":"product","2":"type-product","3":"status-publish","4":"has-post-thumbnail","6":"product_cat-anbau-von-microgreens","7":"product_cat-garten","8":"product_cat-samen","9":"product_shipping_class-dry","11":"first","12":"instock","13":"taxable","14":"shipping-taxable","15":"purchasable","16":"product-type-simple"},"yoast_head":"<!-- This site is optimized with the Yoast SEO plugin v27.5 - https:\/\/yoast.com\/product\/yoast-seo-wordpress\/ -->\n<title>Fenchel Samen - Go Green - Schweiz GmbH<\/title>\n<meta name=\"description\" content=\"Fenchel-Microgreensamen \u2013 enth\u00fcllen Sie verborgene N\u00e4hrkr\u00e4fte mit unseren Anbau-Tipps!\" \/>\n<meta name=\"robots\" content=\"index, follow, max-snippet:-1, max-image-preview:large, max-video-preview:-1\" \/>\n<link rel=\"canonical\" href=\"https:\/\/gogreen-schweiz.ch\/en\/product\/fenchel-samen\/\" \/>\n<meta property=\"og:locale\" content=\"en_GB\" \/>\n<meta property=\"og:type\" content=\"article\" \/>\n<meta property=\"og:title\" content=\"Fenchel Samen - Go Green - Schweiz GmbH\" \/>\n<meta property=\"og:description\" content=\"Fenchel-Microgreensamen \u2013 enth\u00fcllen Sie verborgene N\u00e4hrkr\u00e4fte mit unseren Anbau-Tipps!\" \/>\n<meta property=\"og:url\" content=\"https:\/\/gogreen-schweiz.ch\/en\/product\/fenchel-samen\/\" \/>\n<meta property=\"og:site_name\" content=\"Go Green - Schweiz GmbH\" \/>\n<meta property=\"article:modified_time\" content=\"2026-04-21T14:04:00+00:00\" \/>\n<meta property=\"og:image\" content=\"https:\/\/gogreen-schweiz.ch\/wp-content\/uploads\/2025\/09\/Fenchel-Samen.webp\" \/>\n\t<meta property=\"og:image:width\" content=\"600\" \/>\n\t<meta property=\"og:image:height\" content=\"600\" \/>\n\t<meta property=\"og:image:type\" content=\"image\/webp\" \/>\n<meta name=\"twitter:card\" content=\"summary_large_image\" \/>\n<meta name=\"twitter:label1\" content=\"Estimated reading time\" \/>\n\t<meta name=\"twitter:data1\" content=\"1 minute\" \/>\n<script type=\"application\/ld+json\" class=\"yoast-schema-graph\">{\"@context\":\"https:\\\/\\\/schema.org\",\"@graph\":[{\"@type\":\"WebPage\",\"@id\":\"https:\\\/\\\/gogreen-schweiz.ch\\\/product\\\/fenchel-samen\\\/\",\"url\":\"https:\\\/\\\/gogreen-schweiz.ch\\\/product\\\/fenchel-samen\\\/\",\"name\":\"Fenchel Samen - Go Green - Schweiz GmbH\",\"isPartOf\":{\"@id\":\"https:\\\/\\\/gogreen-schweiz.ch\\\/#website\"},\"primaryImageOfPage\":{\"@id\":\"https:\\\/\\\/gogreen-schweiz.ch\\\/product\\\/fenchel-samen\\\/#primaryimage\"},\"image\":{\"@id\":\"https:\\\/\\\/gogreen-schweiz.ch\\\/product\\\/fenchel-samen\\\/#primaryimage\"},\"thumbnailUrl\":\"https:\\\/\\\/gogreen-schweiz.ch\\\/wp-content\\\/uploads\\\/2025\\\/09\\\/Fenchel-Samen.webp\",\"datePublished\":\"2025-09-24T12:09:11+00:00\",\"dateModified\":\"2026-04-21T14:04:00+00:00\",\"description\":\"Fenchel-Microgreensamen \u2013 enth\u00fcllen Sie verborgene N\u00e4hrkr\u00e4fte mit unseren Anbau-Tipps!\",\"breadcrumb\":{\"@id\":\"https:\\\/\\\/gogreen-schweiz.ch\\\/product\\\/fenchel-samen\\\/#breadcrumb\"},\"inLanguage\":\"en-GB\",\"potentialAction\":[{\"@type\":\"ReadAction\",\"target\":[\"https:\\\/\\\/gogreen-schweiz.ch\\\/product\\\/fenchel-samen\\\/\"]}]},{\"@type\":\"ImageObject\",\"inLanguage\":\"en-GB\",\"@id\":\"https:\\\/\\\/gogreen-schweiz.ch\\\/product\\\/fenchel-samen\\\/#primaryimage\",\"url\":\"https:\\\/\\\/gogreen-schweiz.ch\\\/wp-content\\\/uploads\\\/2025\\\/09\\\/Fenchel-Samen.webp\",\"contentUrl\":\"https:\\\/\\\/gogreen-schweiz.ch\\\/wp-content\\\/uploads\\\/2025\\\/09\\\/Fenchel-Samen.webp\",\"width\":600,\"height\":600,\"caption\":\"Fenchel microgreens samen\"},{\"@type\":\"BreadcrumbList\",\"@id\":\"https:\\\/\\\/gogreen-schweiz.ch\\\/product\\\/fenchel-samen\\\/#breadcrumb\",\"itemListElement\":[{\"@type\":\"ListItem\",\"position\":1,\"name\":\"Home\",\"item\":\"https:\\\/\\\/gogreen-schweiz.ch\\\/\"},{\"@type\":\"ListItem\",\"position\":2,\"name\":\"Shop\",\"item\":\"https:\\\/\\\/gogreen-schweiz.ch\\\/shop\\\/\"},{\"@type\":\"ListItem\",\"position\":3,\"name\":\"Fenchel Samen\"}]},{\"@type\":\"WebSite\",\"@id\":\"https:\\\/\\\/gogreen-schweiz.ch\\\/#website\",\"url\":\"https:\\\/\\\/gogreen-schweiz.ch\\\/\",\"name\":\"Go Green - Schweiz GmbH\",\"description\":\"\",\"publisher\":{\"@id\":\"https:\\\/\\\/gogreen-schweiz.ch\\\/#organization\"},\"potentialAction\":[{\"@type\":\"SearchAction\",\"target\":{\"@type\":\"EntryPoint\",\"urlTemplate\":\"https:\\\/\\\/gogreen-schweiz.ch\\\/?s={search_term_string}\"},\"query-input\":{\"@type\":\"PropertyValueSpecification\",\"valueRequired\":true,\"valueName\":\"search_term_string\"}}],\"inLanguage\":\"en-GB\"},{\"@type\":\"Organization\",\"@id\":\"https:\\\/\\\/gogreen-schweiz.ch\\\/#organization\",\"name\":\"Go Green - Schweiz GmbH\",\"url\":\"https:\\\/\\\/gogreen-schweiz.ch\\\/\",\"logo\":{\"@type\":\"ImageObject\",\"inLanguage\":\"en-GB\",\"@id\":\"https:\\\/\\\/gogreen-schweiz.ch\\\/#\\\/schema\\\/logo\\\/image\\\/\",\"url\":\"https:\\\/\\\/gogreen-schweiz.ch\\\/wp-content\\\/uploads\\\/2025\\\/07\\\/cropped-Go-Green.webp\",\"contentUrl\":\"https:\\\/\\\/gogreen-schweiz.ch\\\/wp-content\\\/uploads\\\/2025\\\/07\\\/cropped-Go-Green.webp\",\"width\":512,\"height\":512,\"caption\":\"Go Green - Schweiz GmbH\"},\"image\":{\"@id\":\"https:\\\/\\\/gogreen-schweiz.ch\\\/#\\\/schema\\\/logo\\\/image\\\/\"},\"sameAs\":[\"https:\\\/\\\/www.instagram.com\\\/gogreenschweiz\"]}]}<\/script>\n<!-- \/ Yoast SEO plugin. -->","yoast_head_json":{"title":"Fenchel Samen - Go Green - Schweiz GmbH","description":"Fenchel-Microgreensamen \u2013 enth\u00fcllen Sie verborgene N\u00e4hrkr\u00e4fte mit unseren Anbau-Tipps!","robots":{"index":"index","follow":"follow","max-snippet":"max-snippet:-1","max-image-preview":"max-image-preview:large","max-video-preview":"max-video-preview:-1"},"canonical":"https:\/\/gogreen-schweiz.ch\/en\/product\/fenchel-samen\/","og_locale":"en_GB","og_type":"article","og_title":"Fenchel Samen - Go Green - Schweiz GmbH","og_description":"Fenchel-Microgreensamen \u2013 enth\u00fcllen Sie verborgene N\u00e4hrkr\u00e4fte mit unseren Anbau-Tipps!","og_url":"https:\/\/gogreen-schweiz.ch\/en\/product\/fenchel-samen\/","og_site_name":"Go Green - Schweiz GmbH","article_modified_time":"2026-04-21T14:04:00+00:00","og_image":[{"width":600,"height":600,"url":"https:\/\/gogreen-schweiz.ch\/wp-content\/uploads\/2025\/09\/Fenchel-Samen.webp","type":"image\/webp"}],"twitter_card":"summary_large_image","twitter_misc":{"Estimated reading time":"1 minute"},"schema":{"@context":"https:\/\/schema.org","@graph":[{"@type":"WebPage","@id":"https:\/\/gogreen-schweiz.ch\/product\/fenchel-samen\/","url":"https:\/\/gogreen-schweiz.ch\/product\/fenchel-samen\/","name":"Fenchel Samen - Go Green - Schweiz GmbH","isPartOf":{"@id":"https:\/\/gogreen-schweiz.ch\/#website"},"primaryImageOfPage":{"@id":"https:\/\/gogreen-schweiz.ch\/product\/fenchel-samen\/#primaryimage"},"image":{"@id":"https:\/\/gogreen-schweiz.ch\/product\/fenchel-samen\/#primaryimage"},"thumbnailUrl":"https:\/\/gogreen-schweiz.ch\/wp-content\/uploads\/2025\/09\/Fenchel-Samen.webp","datePublished":"2025-09-24T12:09:11+00:00","dateModified":"2026-04-21T14:04:00+00:00","description":"Fenchel-Microgreensamen \u2013 enth\u00fcllen Sie verborgene N\u00e4hrkr\u00e4fte mit unseren Anbau-Tipps!","breadcrumb":{"@id":"https:\/\/gogreen-schweiz.ch\/product\/fenchel-samen\/#breadcrumb"},"inLanguage":"en-GB","potentialAction":[{"@type":"ReadAction","target":["https:\/\/gogreen-schweiz.ch\/product\/fenchel-samen\/"]}]},{"@type":"ImageObject","inLanguage":"en-GB","@id":"https:\/\/gogreen-schweiz.ch\/product\/fenchel-samen\/#primaryimage","url":"https:\/\/gogreen-schweiz.ch\/wp-content\/uploads\/2025\/09\/Fenchel-Samen.webp","contentUrl":"https:\/\/gogreen-schweiz.ch\/wp-content\/uploads\/2025\/09\/Fenchel-Samen.webp","width":600,"height":600,"caption":"Fenchel microgreens samen"},{"@type":"BreadcrumbList","@id":"https:\/\/gogreen-schweiz.ch\/product\/fenchel-samen\/#breadcrumb","itemListElement":[{"@type":"ListItem","position":1,"name":"Home","item":"https:\/\/gogreen-schweiz.ch\/"},{"@type":"ListItem","position":2,"name":"Shop","item":"https:\/\/gogreen-schweiz.ch\/shop\/"},{"@type":"ListItem","position":3,"name":"Fenchel Samen"}]},{"@type":"WebSite","@id":"https:\/\/gogreen-schweiz.ch\/#website","url":"https:\/\/gogreen-schweiz.ch\/","name":"Go Green - Schweiz GmbH","description":"","publisher":{"@id":"https:\/\/gogreen-schweiz.ch\/#organization"},"potentialAction":[{"@type":"SearchAction","target":{"@type":"EntryPoint","urlTemplate":"https:\/\/gogreen-schweiz.ch\/?s={search_term_string}"},"query-input":{"@type":"PropertyValueSpecification","valueRequired":true,"valueName":"search_term_string"}}],"inLanguage":"en-GB"},{"@type":"Organization","@id":"https:\/\/gogreen-schweiz.ch\/#organization","name":"Go Green - Schweiz GmbH","url":"https:\/\/gogreen-schweiz.ch\/","logo":{"@type":"ImageObject","inLanguage":"en-GB","@id":"https:\/\/gogreen-schweiz.ch\/#\/schema\/logo\/image\/","url":"https:\/\/gogreen-schweiz.ch\/wp-content\/uploads\/2025\/07\/cropped-Go-Green.webp","contentUrl":"https:\/\/gogreen-schweiz.ch\/wp-content\/uploads\/2025\/07\/cropped-Go-Green.webp","width":512,"height":512,"caption":"Go Green - Schweiz GmbH"},"image":{"@id":"https:\/\/gogreen-schweiz.ch\/#\/schema\/logo\/image\/"},"sameAs":["https:\/\/www.instagram.com\/gogreenschweiz"]}]}},"jetpack_sharing_enabled":true,"_links":{"self":[{"href":"https:\/\/gogreen-schweiz.ch\/en\/wp-json\/wp\/v2\/product\/1482","targetHints":{"allow":["GET"]}}],"collection":[{"href":"https:\/\/gogreen-schweiz.ch\/en\/wp-json\/wp\/v2\/product"}],"about":[{"href":"https:\/\/gogreen-schweiz.ch\/en\/wp-json\/wp\/v2\/types\/product"}],"wp:featuredmedia":[{"embeddable":true,"href":"https:\/\/gogreen-schweiz.ch\/en\/wp-json\/wp\/v2\/media\/1483"}],"wp:attachment":[{"href":"https:\/\/gogreen-schweiz.ch\/en\/wp-json\/wp\/v2\/media?parent=1482"}],"wp:term":[{"taxonomy":"product_brand","embeddable":true,"href":"https:\/\/gogreen-schweiz.ch\/en\/wp-json\/wp\/v2\/product_brand?post=1482"},{"taxonomy":"product_cat","embeddable":true,"href":"https:\/\/gogreen-schweiz.ch\/en\/wp-json\/wp\/v2\/product_cat?post=1482"},{"taxonomy":"product_tag","embeddable":true,"href":"https:\/\/gogreen-schweiz.ch\/en\/wp-json\/wp\/v2\/product_tag?post=1482"}],"curies":[{"name":"wp","href":"https:\/\/api.w.org\/{rel}","templated":true}]}}