{"id":1546,"date":"2025-09-30T15:19:04","date_gmt":"2025-09-30T13:19:04","guid":{"rendered":"https:\/\/gogreen-schweiz.ch\/?post_type=product&#038;p=1546"},"modified":"2026-04-21T16:03:04","modified_gmt":"2026-04-21T14:03:04","slug":"linsen-rote-samen","status":"publish","type":"product","link":"https:\/\/gogreen-schweiz.ch\/en\/product\/linsen-rote-samen\/","title":{"rendered":"Linsen Rote Samen"},"content":{"rendered":"<div class=\"wp-block-woocommerce-product-details alignwide is-style-minimal\" data-block-name=\"woocommerce\/product-details\">\n<div>\n<div class=\"woocommerce-tabs wc-tabs-wrapper\">\n<div id=\"tab-description\" class=\"woocommerce-Tabs-panel woocommerce-Tabs-panel--description panel entry-content wc-tab\" role=\"tabpanel\" aria-labelledby=\"tab-title-description\">\n<p>Ob als Topping auf Salaten, in Suppen, Bowls oder Smoothies \u2013 dieses Mikrogr\u00fcn bringt Vitalit\u00e4t auf den Teller und ist besonders bei Vegetarier:innen und Veganer:innen beliebt.<\/p>\n<p data-start=\"524\" data-end=\"661\"><strong data-start=\"524\" data-end=\"538\">Geschmack:<\/strong>\u00a0Mild, leicht erdig<br data-start=\"557\" data-end=\"560\" \/><strong data-start=\"560\" data-end=\"575\">Stielfarbe:<\/strong>\u00a0Gr\u00fcn<br data-start=\"580\" data-end=\"583\" \/><strong data-start=\"583\" data-end=\"598\">Blattfarbe:<\/strong>\u00a0Gr\u00fcn<br data-start=\"603\" data-end=\"606\" \/><strong data-start=\"606\" data-end=\"635\">Vitamine &amp; Mineralstoffe:<\/strong><br data-start=\"635\" data-end=\"638\" \/>\u2013 Vit A, C<br data-start=\"648\" data-end=\"651\" \/>\u2013 Ca, Fe<\/p>\n<p data-start=\"663\" data-end=\"755\"><strong data-start=\"663\" data-end=\"680\">Besonderheit:<\/strong>\u00a0Fettarm &amp; nahrhaft \u2013 ideal f\u00fcr eine proteinreiche, pflanzenbasierte K\u00fcche.<\/p>\n<\/div>\n<p><strong>F\u00fcr unsere Standardmatte mit den Massen 10 x 12 cm ben\u00f6tigen Sie etwa 45 g Samen.<\/strong><\/p>\n<p>Jeder Kunde erh\u00e4lt Tipps zum Anbau der ausgew\u00e4hlten Sorte und die M\u00f6glichkeit, sich von uns beraten zu lassen.<\/p>\n<\/div>\n<\/div>\n<\/div>\n<div class=\"wp-block-woocommerce-product-collection alignwide is-layout-flow wp-block-product-collection-is-layout-flow\" data-wp-context=\"{&quot;notices&quot;:[],&quot;hideNextPreviousButtons&quot;:false,&quot;isDisabledPrevious&quot;:true,&quot;isDisabledNext&quot;:false,&quot;ariaLabelPrevious&quot;:&quot;Produkte nach links scrollen&quot;,&quot;ariaLabelNext&quot;:&quot;Produkte nach rechts scrollen&quot;,&quot;collection&quot;:&quot;woocommerce\\\/product-collection\\\/related&quot;}\" data-wp-init=\"callbacks.onRender\" data-wp-interactive=\"woocommerce\/product-collection\" data-wp-router-region=\"wc-product-collection-6\" data-__private-preview-state=\"{&quot;isPreview&quot;:true,&quot;previewMessage&quot;:&quot;Actual products will vary depending on the product being viewed.&quot;}\" data-block-name=\"woocommerce\/product-collection\" data-collection=\"woocommerce\/product-collection\/related\" data-dimensions=\"{&quot;widthType&quot;:&quot;fill&quot;}\" data-display-layout=\"{&quot;type&quot;:&quot;flex&quot;,&quot;columns&quot;:5,&quot;shrinkColumns&quot;:false}\" data-hide-controls=\"[&quot;inherit&quot;]\" data-layout=\"{&quot;type&quot;:&quot;default&quot;}\" data-query-context-includes=\"[&quot;collection&quot;]\" data-query-id=\"6\" data-query=\"{&quot;perPage&quot;:5,&quot;pages&quot;:1,&quot;offset&quot;:0,&quot;postType&quot;:&quot;product&quot;,&quot;order&quot;:&quot;asc&quot;,&quot;orderBy&quot;:&quot;title&quot;,&quot;search&quot;:&quot;&quot;,&quot;exclude&quot;:[],&quot;inherit&quot;:false,&quot;taxQuery&quot;:[],&quot;isProductCollectionBlock&quot;:true,&quot;featured&quot;:false,&quot;woocommerceOnSale&quot;:false,&quot;woocommerceStockStatus&quot;:[&quot;instock&quot;,&quot;onbackorder&quot;],&quot;woocommerceAttributes&quot;:[],&quot;woocommerceHandPickedProducts&quot;:[],&quot;filterable&quot;:false,&quot;relatedBy&quot;:{&quot;categories&quot;:false,&quot;tags&quot;:true}}\" data-tag-name=\"div\">\n<div class=\"wc-block-components-notices alignwide\" data-wp-interactive=\"woocommerce\/store-notices\"><\/div>\n<\/div>\n","protected":false},"excerpt":{"rendered":"<p>Proteinreich, kalorienarm und voller Mineralstoffe \u2013 Rote-Linsen-Mikrogr\u00fcn ist die ideale Zutat f\u00fcr eine ausgewogene Ern\u00e4hrung. Der milde, leicht erdige Geschmack harmoniert perfekt mit frischen oder warmen Gerichten.<\/p>","protected":false},"featured_media":1547,"template":"","meta":{"_coblocks_attr":"","_coblocks_dimensions":"","_coblocks_responsive_height":"","_coblocks_accordion_ie_support":"","wprm-recipe-roundup-name":"","wprm-recipe-roundup-description":""},"product_brand":[],"product_cat":[55,121,56],"product_tag":[],"class_list":{"0":"post-1546","1":"product","2":"type-product","3":"status-publish","4":"has-post-thumbnail","6":"product_cat-anbau-von-microgreens","7":"product_cat-garten","8":"product_cat-samen","9":"product_shipping_class-dry","11":"first","12":"instock","13":"taxable","14":"shipping-taxable","15":"purchasable","16":"product-type-simple"},"yoast_head":"<!-- This site is optimized with the Yoast SEO plugin v27.5 - https:\/\/yoast.com\/product\/yoast-seo-wordpress\/ -->\n<title>Linsen Rote Samen - Go Green - Schweiz GmbH<\/title>\n<meta name=\"description\" content=\"Kaufen Sie Linsensamen f\u00fcr Microgreens. Leuchtende Keimlinge mit mild-nussigem Geschmack, reich an Vitaminen &amp; Mineralstoffen. Ernte in 7\u201312 Tagen.\" \/>\n<meta name=\"robots\" content=\"index, follow, max-snippet:-1, max-image-preview:large, max-video-preview:-1\" \/>\n<link rel=\"canonical\" href=\"https:\/\/gogreen-schweiz.ch\/en\/product\/linsen-rote-samen\/\" \/>\n<meta property=\"og:locale\" content=\"en_GB\" \/>\n<meta property=\"og:type\" content=\"article\" \/>\n<meta property=\"og:title\" content=\"Linsen Rote Samen - Go Green - Schweiz GmbH\" \/>\n<meta property=\"og:description\" content=\"Kaufen Sie Linsensamen f\u00fcr Microgreens. Leuchtende Keimlinge mit mild-nussigem Geschmack, reich an Vitaminen &amp; Mineralstoffen. Ernte in 7\u201312 Tagen.\" \/>\n<meta property=\"og:url\" content=\"https:\/\/gogreen-schweiz.ch\/en\/product\/linsen-rote-samen\/\" \/>\n<meta property=\"og:site_name\" content=\"Go Green - Schweiz GmbH\" \/>\n<meta property=\"article:modified_time\" content=\"2026-04-21T14:03:04+00:00\" \/>\n<meta property=\"og:image\" content=\"https:\/\/gogreen-schweiz.ch\/wp-content\/uploads\/2025\/09\/Linsensamen-fur-Sprossen-und-Microgreens.webp\" \/>\n\t<meta property=\"og:image:width\" content=\"600\" \/>\n\t<meta property=\"og:image:height\" content=\"600\" \/>\n\t<meta property=\"og:image:type\" content=\"image\/webp\" \/>\n<meta name=\"twitter:card\" content=\"summary_large_image\" \/>\n<meta name=\"twitter:label1\" content=\"Estimated reading time\" \/>\n\t<meta name=\"twitter:data1\" content=\"1 minute\" \/>\n<script type=\"application\/ld+json\" class=\"yoast-schema-graph\">{\"@context\":\"https:\\\/\\\/schema.org\",\"@graph\":[{\"@type\":\"WebPage\",\"@id\":\"https:\\\/\\\/gogreen-schweiz.ch\\\/product\\\/linsen-rote-samen\\\/\",\"url\":\"https:\\\/\\\/gogreen-schweiz.ch\\\/product\\\/linsen-rote-samen\\\/\",\"name\":\"Linsen Rote Samen - Go Green - Schweiz GmbH\",\"isPartOf\":{\"@id\":\"https:\\\/\\\/gogreen-schweiz.ch\\\/#website\"},\"primaryImageOfPage\":{\"@id\":\"https:\\\/\\\/gogreen-schweiz.ch\\\/product\\\/linsen-rote-samen\\\/#primaryimage\"},\"image\":{\"@id\":\"https:\\\/\\\/gogreen-schweiz.ch\\\/product\\\/linsen-rote-samen\\\/#primaryimage\"},\"thumbnailUrl\":\"https:\\\/\\\/gogreen-schweiz.ch\\\/wp-content\\\/uploads\\\/2025\\\/09\\\/Linsensamen-fur-Sprossen-und-Microgreens.webp\",\"datePublished\":\"2025-09-30T13:19:04+00:00\",\"dateModified\":\"2026-04-21T14:03:04+00:00\",\"description\":\"Kaufen Sie Linsensamen f\u00fcr Microgreens. Leuchtende Keimlinge mit mild-nussigem Geschmack, reich an Vitaminen & Mineralstoffen. Ernte in 7\u201312 Tagen.\",\"breadcrumb\":{\"@id\":\"https:\\\/\\\/gogreen-schweiz.ch\\\/product\\\/linsen-rote-samen\\\/#breadcrumb\"},\"inLanguage\":\"en-GB\",\"potentialAction\":[{\"@type\":\"ReadAction\",\"target\":[\"https:\\\/\\\/gogreen-schweiz.ch\\\/product\\\/linsen-rote-samen\\\/\"]}]},{\"@type\":\"ImageObject\",\"inLanguage\":\"en-GB\",\"@id\":\"https:\\\/\\\/gogreen-schweiz.ch\\\/product\\\/linsen-rote-samen\\\/#primaryimage\",\"url\":\"https:\\\/\\\/gogreen-schweiz.ch\\\/wp-content\\\/uploads\\\/2025\\\/09\\\/Linsensamen-fur-Sprossen-und-Microgreens.webp\",\"contentUrl\":\"https:\\\/\\\/gogreen-schweiz.ch\\\/wp-content\\\/uploads\\\/2025\\\/09\\\/Linsensamen-fur-Sprossen-und-Microgreens.webp\",\"width\":600,\"height\":600,\"caption\":\"Linsen Rote Microgreens Samen\"},{\"@type\":\"BreadcrumbList\",\"@id\":\"https:\\\/\\\/gogreen-schweiz.ch\\\/product\\\/linsen-rote-samen\\\/#breadcrumb\",\"itemListElement\":[{\"@type\":\"ListItem\",\"position\":1,\"name\":\"Home\",\"item\":\"https:\\\/\\\/gogreen-schweiz.ch\\\/\"},{\"@type\":\"ListItem\",\"position\":2,\"name\":\"Shop\",\"item\":\"https:\\\/\\\/gogreen-schweiz.ch\\\/shop\\\/\"},{\"@type\":\"ListItem\",\"position\":3,\"name\":\"Linsen Rote Samen\"}]},{\"@type\":\"WebSite\",\"@id\":\"https:\\\/\\\/gogreen-schweiz.ch\\\/#website\",\"url\":\"https:\\\/\\\/gogreen-schweiz.ch\\\/\",\"name\":\"Go Green - Schweiz GmbH\",\"description\":\"\",\"publisher\":{\"@id\":\"https:\\\/\\\/gogreen-schweiz.ch\\\/#organization\"},\"potentialAction\":[{\"@type\":\"SearchAction\",\"target\":{\"@type\":\"EntryPoint\",\"urlTemplate\":\"https:\\\/\\\/gogreen-schweiz.ch\\\/?s={search_term_string}\"},\"query-input\":{\"@type\":\"PropertyValueSpecification\",\"valueRequired\":true,\"valueName\":\"search_term_string\"}}],\"inLanguage\":\"en-GB\"},{\"@type\":\"Organization\",\"@id\":\"https:\\\/\\\/gogreen-schweiz.ch\\\/#organization\",\"name\":\"Go Green - Schweiz GmbH\",\"url\":\"https:\\\/\\\/gogreen-schweiz.ch\\\/\",\"logo\":{\"@type\":\"ImageObject\",\"inLanguage\":\"en-GB\",\"@id\":\"https:\\\/\\\/gogreen-schweiz.ch\\\/#\\\/schema\\\/logo\\\/image\\\/\",\"url\":\"https:\\\/\\\/gogreen-schweiz.ch\\\/wp-content\\\/uploads\\\/2025\\\/07\\\/cropped-Go-Green.webp\",\"contentUrl\":\"https:\\\/\\\/gogreen-schweiz.ch\\\/wp-content\\\/uploads\\\/2025\\\/07\\\/cropped-Go-Green.webp\",\"width\":512,\"height\":512,\"caption\":\"Go Green - Schweiz GmbH\"},\"image\":{\"@id\":\"https:\\\/\\\/gogreen-schweiz.ch\\\/#\\\/schema\\\/logo\\\/image\\\/\"},\"sameAs\":[\"https:\\\/\\\/www.instagram.com\\\/gogreenschweiz\"]}]}<\/script>\n<!-- \/ Yoast SEO plugin. -->","yoast_head_json":{"title":"Linsen Rote Samen - Go Green - Schweiz GmbH","description":"Kaufen Sie Linsensamen f\u00fcr Microgreens. Leuchtende Keimlinge mit mild-nussigem Geschmack, reich an Vitaminen & Mineralstoffen. Ernte in 7\u201312 Tagen.","robots":{"index":"index","follow":"follow","max-snippet":"max-snippet:-1","max-image-preview":"max-image-preview:large","max-video-preview":"max-video-preview:-1"},"canonical":"https:\/\/gogreen-schweiz.ch\/en\/product\/linsen-rote-samen\/","og_locale":"en_GB","og_type":"article","og_title":"Linsen Rote Samen - Go Green - Schweiz GmbH","og_description":"Kaufen Sie Linsensamen f\u00fcr Microgreens. Leuchtende Keimlinge mit mild-nussigem Geschmack, reich an Vitaminen & Mineralstoffen. Ernte in 7\u201312 Tagen.","og_url":"https:\/\/gogreen-schweiz.ch\/en\/product\/linsen-rote-samen\/","og_site_name":"Go Green - Schweiz GmbH","article_modified_time":"2026-04-21T14:03:04+00:00","og_image":[{"width":600,"height":600,"url":"https:\/\/gogreen-schweiz.ch\/wp-content\/uploads\/2025\/09\/Linsensamen-fur-Sprossen-und-Microgreens.webp","type":"image\/webp"}],"twitter_card":"summary_large_image","twitter_misc":{"Estimated reading time":"1 minute"},"schema":{"@context":"https:\/\/schema.org","@graph":[{"@type":"WebPage","@id":"https:\/\/gogreen-schweiz.ch\/product\/linsen-rote-samen\/","url":"https:\/\/gogreen-schweiz.ch\/product\/linsen-rote-samen\/","name":"Linsen Rote Samen - Go Green - Schweiz GmbH","isPartOf":{"@id":"https:\/\/gogreen-schweiz.ch\/#website"},"primaryImageOfPage":{"@id":"https:\/\/gogreen-schweiz.ch\/product\/linsen-rote-samen\/#primaryimage"},"image":{"@id":"https:\/\/gogreen-schweiz.ch\/product\/linsen-rote-samen\/#primaryimage"},"thumbnailUrl":"https:\/\/gogreen-schweiz.ch\/wp-content\/uploads\/2025\/09\/Linsensamen-fur-Sprossen-und-Microgreens.webp","datePublished":"2025-09-30T13:19:04+00:00","dateModified":"2026-04-21T14:03:04+00:00","description":"Kaufen Sie Linsensamen f\u00fcr Microgreens. Leuchtende Keimlinge mit mild-nussigem Geschmack, reich an Vitaminen & Mineralstoffen. Ernte in 7\u201312 Tagen.","breadcrumb":{"@id":"https:\/\/gogreen-schweiz.ch\/product\/linsen-rote-samen\/#breadcrumb"},"inLanguage":"en-GB","potentialAction":[{"@type":"ReadAction","target":["https:\/\/gogreen-schweiz.ch\/product\/linsen-rote-samen\/"]}]},{"@type":"ImageObject","inLanguage":"en-GB","@id":"https:\/\/gogreen-schweiz.ch\/product\/linsen-rote-samen\/#primaryimage","url":"https:\/\/gogreen-schweiz.ch\/wp-content\/uploads\/2025\/09\/Linsensamen-fur-Sprossen-und-Microgreens.webp","contentUrl":"https:\/\/gogreen-schweiz.ch\/wp-content\/uploads\/2025\/09\/Linsensamen-fur-Sprossen-und-Microgreens.webp","width":600,"height":600,"caption":"Linsen Rote Microgreens Samen"},{"@type":"BreadcrumbList","@id":"https:\/\/gogreen-schweiz.ch\/product\/linsen-rote-samen\/#breadcrumb","itemListElement":[{"@type":"ListItem","position":1,"name":"Home","item":"https:\/\/gogreen-schweiz.ch\/"},{"@type":"ListItem","position":2,"name":"Shop","item":"https:\/\/gogreen-schweiz.ch\/shop\/"},{"@type":"ListItem","position":3,"name":"Linsen Rote Samen"}]},{"@type":"WebSite","@id":"https:\/\/gogreen-schweiz.ch\/#website","url":"https:\/\/gogreen-schweiz.ch\/","name":"Go Green - Schweiz GmbH","description":"","publisher":{"@id":"https:\/\/gogreen-schweiz.ch\/#organization"},"potentialAction":[{"@type":"SearchAction","target":{"@type":"EntryPoint","urlTemplate":"https:\/\/gogreen-schweiz.ch\/?s={search_term_string}"},"query-input":{"@type":"PropertyValueSpecification","valueRequired":true,"valueName":"search_term_string"}}],"inLanguage":"en-GB"},{"@type":"Organization","@id":"https:\/\/gogreen-schweiz.ch\/#organization","name":"Go Green - Schweiz GmbH","url":"https:\/\/gogreen-schweiz.ch\/","logo":{"@type":"ImageObject","inLanguage":"en-GB","@id":"https:\/\/gogreen-schweiz.ch\/#\/schema\/logo\/image\/","url":"https:\/\/gogreen-schweiz.ch\/wp-content\/uploads\/2025\/07\/cropped-Go-Green.webp","contentUrl":"https:\/\/gogreen-schweiz.ch\/wp-content\/uploads\/2025\/07\/cropped-Go-Green.webp","width":512,"height":512,"caption":"Go Green - Schweiz GmbH"},"image":{"@id":"https:\/\/gogreen-schweiz.ch\/#\/schema\/logo\/image\/"},"sameAs":["https:\/\/www.instagram.com\/gogreenschweiz"]}]}},"jetpack_sharing_enabled":true,"_links":{"self":[{"href":"https:\/\/gogreen-schweiz.ch\/en\/wp-json\/wp\/v2\/product\/1546","targetHints":{"allow":["GET"]}}],"collection":[{"href":"https:\/\/gogreen-schweiz.ch\/en\/wp-json\/wp\/v2\/product"}],"about":[{"href":"https:\/\/gogreen-schweiz.ch\/en\/wp-json\/wp\/v2\/types\/product"}],"wp:featuredmedia":[{"embeddable":true,"href":"https:\/\/gogreen-schweiz.ch\/en\/wp-json\/wp\/v2\/media\/1547"}],"wp:attachment":[{"href":"https:\/\/gogreen-schweiz.ch\/en\/wp-json\/wp\/v2\/media?parent=1546"}],"wp:term":[{"taxonomy":"product_brand","embeddable":true,"href":"https:\/\/gogreen-schweiz.ch\/en\/wp-json\/wp\/v2\/product_brand?post=1546"},{"taxonomy":"product_cat","embeddable":true,"href":"https:\/\/gogreen-schweiz.ch\/en\/wp-json\/wp\/v2\/product_cat?post=1546"},{"taxonomy":"product_tag","embeddable":true,"href":"https:\/\/gogreen-schweiz.ch\/en\/wp-json\/wp\/v2\/product_tag?post=1546"}],"curies":[{"name":"wp","href":"https:\/\/api.w.org\/{rel}","templated":true}]}}