{"id":1550,"date":"2025-09-30T15:30:21","date_gmt":"2025-09-30T13:30:21","guid":{"rendered":"https:\/\/gogreen-schweiz.ch\/?post_type=product&#038;p=1550"},"modified":"2026-04-21T16:02:41","modified_gmt":"2026-04-21T14:02:41","slug":"mizuna-rote-samen","status":"publish","type":"product","link":"https:\/\/gogreen-schweiz.ch\/en\/product\/mizuna-rote-samen\/","title":{"rendered":"Mizuna Rote Samen"},"content":{"rendered":"<p data-start=\"532\" data-end=\"562\">Rote Mizuna-Mikrogr\u00fcn enth\u00e4lt:<\/p>\n<ul>\n<li data-start=\"566\" data-end=\"647\"><strong data-start=\"566\" data-end=\"587\">Vitamine A, C &amp; K<\/strong>\u00a0\u2013 st\u00e4rken das Immunsystem und unterst\u00fctzen Haut &amp; Knochen<\/li>\n<li data-start=\"650\" data-end=\"716\"><strong data-start=\"650\" data-end=\"671\">Folat &amp; Magnesium<\/strong>\u00a0\u2013 f\u00f6rdern Zellbildung und Muskelgesundheit<\/li>\n<li data-start=\"719\" data-end=\"809\"><strong data-start=\"719\" data-end=\"736\">Glucosinolate<\/strong>\u00a0\u2013 sekund\u00e4re Pflanzenstoffe mit antioxidativer und krebshemmender Wirkung<\/li>\n<\/ul>\n<p><strong>F\u00fcr unsere Standardmatte mit den Massen 10 x 12 cm ben\u00f6tigen Sie etwa 6 g Samen.<\/strong><\/p>\n<p>Jeder Kunde erh\u00e4lt Tipps zum Anbau der ausgew\u00e4hlten Sorte und die M\u00f6glichkeit, sich von uns beraten zu lassen.<\/p>","protected":false},"excerpt":{"rendered":"<p>Diese besondere Mizuna-Sorte (auch japanischer Senfkohl) begeistert mit intensiv violett-gr\u00fcnen, gezackten Keimbl\u00e4ttern \u2013 ein echter Hingucker auf jedem Teller! Doch ihre wahre St\u00e4rke liegt in den inneren Werten: geballte Vitalstoffe und ein w\u00fcrziger Geschmack machen sie zur Superfood-K\u00f6nigin aus der Familie der Kreuzbl\u00fctler.<\/p>","protected":false},"featured_media":1549,"template":"","meta":{"_coblocks_attr":"","_coblocks_dimensions":"","_coblocks_responsive_height":"","_coblocks_accordion_ie_support":"","wprm-recipe-roundup-name":"","wprm-recipe-roundup-description":""},"product_brand":[],"product_cat":[55,121,56],"product_tag":[],"class_list":{"0":"post-1550","1":"product","2":"type-product","3":"status-publish","4":"has-post-thumbnail","6":"product_cat-anbau-von-microgreens","7":"product_cat-garten","8":"product_cat-samen","9":"product_shipping_class-dry","11":"first","12":"instock","13":"taxable","14":"shipping-taxable","15":"purchasable","16":"product-type-simple"},"yoast_head":"<!-- This site is optimized with the Yoast SEO plugin v27.5 - https:\/\/yoast.com\/product\/yoast-seo-wordpress\/ -->\n<title>Mizuna Rote Samen - Go Green - Schweiz GmbH<\/title>\n<meta name=\"description\" content=\"Kaufen Sie Mizunasamen f\u00fcr Microgreens. Leuchtende Keimlinge mit mild-nussigem Geschmack, reich an Vitaminen &amp; Mineralstoffen. Ernte in 7\u201312 Tagen.\" \/>\n<meta name=\"robots\" content=\"index, follow, max-snippet:-1, max-image-preview:large, max-video-preview:-1\" \/>\n<link rel=\"canonical\" href=\"https:\/\/gogreen-schweiz.ch\/en\/product\/mizuna-rote-samen\/\" \/>\n<meta property=\"og:locale\" content=\"en_GB\" \/>\n<meta property=\"og:type\" content=\"article\" \/>\n<meta property=\"og:title\" content=\"Mizuna Rote Samen - Go Green - Schweiz GmbH\" \/>\n<meta property=\"og:description\" content=\"Kaufen Sie Mizunasamen f\u00fcr Microgreens. Leuchtende Keimlinge mit mild-nussigem Geschmack, reich an Vitaminen &amp; Mineralstoffen. Ernte in 7\u201312 Tagen.\" \/>\n<meta property=\"og:url\" content=\"https:\/\/gogreen-schweiz.ch\/en\/product\/mizuna-rote-samen\/\" \/>\n<meta property=\"og:site_name\" content=\"Go Green - Schweiz GmbH\" \/>\n<meta property=\"article:modified_time\" content=\"2026-04-21T14:02:41+00:00\" \/>\n<meta property=\"og:image\" content=\"https:\/\/gogreen-schweiz.ch\/wp-content\/uploads\/2025\/09\/mizuna-grun-microgreens-samen.webp\" \/>\n\t<meta property=\"og:image:width\" content=\"600\" \/>\n\t<meta property=\"og:image:height\" content=\"600\" \/>\n\t<meta property=\"og:image:type\" content=\"image\/webp\" \/>\n<meta name=\"twitter:card\" content=\"summary_large_image\" \/>\n<meta name=\"twitter:label1\" content=\"Estimated reading time\" \/>\n\t<meta name=\"twitter:data1\" content=\"1 minute\" \/>\n<script type=\"application\/ld+json\" class=\"yoast-schema-graph\">{\"@context\":\"https:\\\/\\\/schema.org\",\"@graph\":[{\"@type\":\"WebPage\",\"@id\":\"https:\\\/\\\/gogreen-schweiz.ch\\\/product\\\/mizuna-rote-samen\\\/\",\"url\":\"https:\\\/\\\/gogreen-schweiz.ch\\\/product\\\/mizuna-rote-samen\\\/\",\"name\":\"Mizuna Rote Samen - Go Green - Schweiz GmbH\",\"isPartOf\":{\"@id\":\"https:\\\/\\\/gogreen-schweiz.ch\\\/#website\"},\"primaryImageOfPage\":{\"@id\":\"https:\\\/\\\/gogreen-schweiz.ch\\\/product\\\/mizuna-rote-samen\\\/#primaryimage\"},\"image\":{\"@id\":\"https:\\\/\\\/gogreen-schweiz.ch\\\/product\\\/mizuna-rote-samen\\\/#primaryimage\"},\"thumbnailUrl\":\"https:\\\/\\\/gogreen-schweiz.ch\\\/wp-content\\\/uploads\\\/2025\\\/09\\\/mizuna-grun-microgreens-samen.webp\",\"datePublished\":\"2025-09-30T13:30:21+00:00\",\"dateModified\":\"2026-04-21T14:02:41+00:00\",\"description\":\"Kaufen Sie Mizunasamen f\u00fcr Microgreens. Leuchtende Keimlinge mit mild-nussigem Geschmack, reich an Vitaminen & Mineralstoffen. Ernte in 7\u201312 Tagen.\",\"breadcrumb\":{\"@id\":\"https:\\\/\\\/gogreen-schweiz.ch\\\/product\\\/mizuna-rote-samen\\\/#breadcrumb\"},\"inLanguage\":\"en-GB\",\"potentialAction\":[{\"@type\":\"ReadAction\",\"target\":[\"https:\\\/\\\/gogreen-schweiz.ch\\\/product\\\/mizuna-rote-samen\\\/\"]}]},{\"@type\":\"ImageObject\",\"inLanguage\":\"en-GB\",\"@id\":\"https:\\\/\\\/gogreen-schweiz.ch\\\/product\\\/mizuna-rote-samen\\\/#primaryimage\",\"url\":\"https:\\\/\\\/gogreen-schweiz.ch\\\/wp-content\\\/uploads\\\/2025\\\/09\\\/mizuna-grun-microgreens-samen.webp\",\"contentUrl\":\"https:\\\/\\\/gogreen-schweiz.ch\\\/wp-content\\\/uploads\\\/2025\\\/09\\\/mizuna-grun-microgreens-samen.webp\",\"width\":600,\"height\":600,\"caption\":\"Mizuna gr\u00fcn microgreens samen\"},{\"@type\":\"BreadcrumbList\",\"@id\":\"https:\\\/\\\/gogreen-schweiz.ch\\\/product\\\/mizuna-rote-samen\\\/#breadcrumb\",\"itemListElement\":[{\"@type\":\"ListItem\",\"position\":1,\"name\":\"Home\",\"item\":\"https:\\\/\\\/gogreen-schweiz.ch\\\/\"},{\"@type\":\"ListItem\",\"position\":2,\"name\":\"Shop\",\"item\":\"https:\\\/\\\/gogreen-schweiz.ch\\\/shop\\\/\"},{\"@type\":\"ListItem\",\"position\":3,\"name\":\"Mizuna Rote Samen\"}]},{\"@type\":\"WebSite\",\"@id\":\"https:\\\/\\\/gogreen-schweiz.ch\\\/#website\",\"url\":\"https:\\\/\\\/gogreen-schweiz.ch\\\/\",\"name\":\"Go Green - Schweiz GmbH\",\"description\":\"\",\"publisher\":{\"@id\":\"https:\\\/\\\/gogreen-schweiz.ch\\\/#organization\"},\"potentialAction\":[{\"@type\":\"SearchAction\",\"target\":{\"@type\":\"EntryPoint\",\"urlTemplate\":\"https:\\\/\\\/gogreen-schweiz.ch\\\/?s={search_term_string}\"},\"query-input\":{\"@type\":\"PropertyValueSpecification\",\"valueRequired\":true,\"valueName\":\"search_term_string\"}}],\"inLanguage\":\"en-GB\"},{\"@type\":\"Organization\",\"@id\":\"https:\\\/\\\/gogreen-schweiz.ch\\\/#organization\",\"name\":\"Go Green - Schweiz GmbH\",\"url\":\"https:\\\/\\\/gogreen-schweiz.ch\\\/\",\"logo\":{\"@type\":\"ImageObject\",\"inLanguage\":\"en-GB\",\"@id\":\"https:\\\/\\\/gogreen-schweiz.ch\\\/#\\\/schema\\\/logo\\\/image\\\/\",\"url\":\"https:\\\/\\\/gogreen-schweiz.ch\\\/wp-content\\\/uploads\\\/2025\\\/07\\\/cropped-Go-Green.webp\",\"contentUrl\":\"https:\\\/\\\/gogreen-schweiz.ch\\\/wp-content\\\/uploads\\\/2025\\\/07\\\/cropped-Go-Green.webp\",\"width\":512,\"height\":512,\"caption\":\"Go Green - Schweiz GmbH\"},\"image\":{\"@id\":\"https:\\\/\\\/gogreen-schweiz.ch\\\/#\\\/schema\\\/logo\\\/image\\\/\"},\"sameAs\":[\"https:\\\/\\\/www.instagram.com\\\/gogreenschweiz\"]}]}<\/script>\n<!-- \/ Yoast SEO plugin. -->","yoast_head_json":{"title":"Mizuna Rote Samen - Go Green - Schweiz GmbH","description":"Kaufen Sie Mizunasamen f\u00fcr Microgreens. Leuchtende Keimlinge mit mild-nussigem Geschmack, reich an Vitaminen & Mineralstoffen. Ernte in 7\u201312 Tagen.","robots":{"index":"index","follow":"follow","max-snippet":"max-snippet:-1","max-image-preview":"max-image-preview:large","max-video-preview":"max-video-preview:-1"},"canonical":"https:\/\/gogreen-schweiz.ch\/en\/product\/mizuna-rote-samen\/","og_locale":"en_GB","og_type":"article","og_title":"Mizuna Rote Samen - Go Green - Schweiz GmbH","og_description":"Kaufen Sie Mizunasamen f\u00fcr Microgreens. Leuchtende Keimlinge mit mild-nussigem Geschmack, reich an Vitaminen & Mineralstoffen. Ernte in 7\u201312 Tagen.","og_url":"https:\/\/gogreen-schweiz.ch\/en\/product\/mizuna-rote-samen\/","og_site_name":"Go Green - Schweiz GmbH","article_modified_time":"2026-04-21T14:02:41+00:00","og_image":[{"width":600,"height":600,"url":"https:\/\/gogreen-schweiz.ch\/wp-content\/uploads\/2025\/09\/mizuna-grun-microgreens-samen.webp","type":"image\/webp"}],"twitter_card":"summary_large_image","twitter_misc":{"Estimated reading time":"1 minute"},"schema":{"@context":"https:\/\/schema.org","@graph":[{"@type":"WebPage","@id":"https:\/\/gogreen-schweiz.ch\/product\/mizuna-rote-samen\/","url":"https:\/\/gogreen-schweiz.ch\/product\/mizuna-rote-samen\/","name":"Mizuna Rote Samen - Go Green - Schweiz GmbH","isPartOf":{"@id":"https:\/\/gogreen-schweiz.ch\/#website"},"primaryImageOfPage":{"@id":"https:\/\/gogreen-schweiz.ch\/product\/mizuna-rote-samen\/#primaryimage"},"image":{"@id":"https:\/\/gogreen-schweiz.ch\/product\/mizuna-rote-samen\/#primaryimage"},"thumbnailUrl":"https:\/\/gogreen-schweiz.ch\/wp-content\/uploads\/2025\/09\/mizuna-grun-microgreens-samen.webp","datePublished":"2025-09-30T13:30:21+00:00","dateModified":"2026-04-21T14:02:41+00:00","description":"Kaufen Sie Mizunasamen f\u00fcr Microgreens. Leuchtende Keimlinge mit mild-nussigem Geschmack, reich an Vitaminen & Mineralstoffen. Ernte in 7\u201312 Tagen.","breadcrumb":{"@id":"https:\/\/gogreen-schweiz.ch\/product\/mizuna-rote-samen\/#breadcrumb"},"inLanguage":"en-GB","potentialAction":[{"@type":"ReadAction","target":["https:\/\/gogreen-schweiz.ch\/product\/mizuna-rote-samen\/"]}]},{"@type":"ImageObject","inLanguage":"en-GB","@id":"https:\/\/gogreen-schweiz.ch\/product\/mizuna-rote-samen\/#primaryimage","url":"https:\/\/gogreen-schweiz.ch\/wp-content\/uploads\/2025\/09\/mizuna-grun-microgreens-samen.webp","contentUrl":"https:\/\/gogreen-schweiz.ch\/wp-content\/uploads\/2025\/09\/mizuna-grun-microgreens-samen.webp","width":600,"height":600,"caption":"Mizuna gr\u00fcn microgreens samen"},{"@type":"BreadcrumbList","@id":"https:\/\/gogreen-schweiz.ch\/product\/mizuna-rote-samen\/#breadcrumb","itemListElement":[{"@type":"ListItem","position":1,"name":"Home","item":"https:\/\/gogreen-schweiz.ch\/"},{"@type":"ListItem","position":2,"name":"Shop","item":"https:\/\/gogreen-schweiz.ch\/shop\/"},{"@type":"ListItem","position":3,"name":"Mizuna Rote Samen"}]},{"@type":"WebSite","@id":"https:\/\/gogreen-schweiz.ch\/#website","url":"https:\/\/gogreen-schweiz.ch\/","name":"Go Green - Schweiz GmbH","description":"","publisher":{"@id":"https:\/\/gogreen-schweiz.ch\/#organization"},"potentialAction":[{"@type":"SearchAction","target":{"@type":"EntryPoint","urlTemplate":"https:\/\/gogreen-schweiz.ch\/?s={search_term_string}"},"query-input":{"@type":"PropertyValueSpecification","valueRequired":true,"valueName":"search_term_string"}}],"inLanguage":"en-GB"},{"@type":"Organization","@id":"https:\/\/gogreen-schweiz.ch\/#organization","name":"Go Green - Schweiz GmbH","url":"https:\/\/gogreen-schweiz.ch\/","logo":{"@type":"ImageObject","inLanguage":"en-GB","@id":"https:\/\/gogreen-schweiz.ch\/#\/schema\/logo\/image\/","url":"https:\/\/gogreen-schweiz.ch\/wp-content\/uploads\/2025\/07\/cropped-Go-Green.webp","contentUrl":"https:\/\/gogreen-schweiz.ch\/wp-content\/uploads\/2025\/07\/cropped-Go-Green.webp","width":512,"height":512,"caption":"Go Green - Schweiz GmbH"},"image":{"@id":"https:\/\/gogreen-schweiz.ch\/#\/schema\/logo\/image\/"},"sameAs":["https:\/\/www.instagram.com\/gogreenschweiz"]}]}},"jetpack_sharing_enabled":true,"_links":{"self":[{"href":"https:\/\/gogreen-schweiz.ch\/en\/wp-json\/wp\/v2\/product\/1550","targetHints":{"allow":["GET"]}}],"collection":[{"href":"https:\/\/gogreen-schweiz.ch\/en\/wp-json\/wp\/v2\/product"}],"about":[{"href":"https:\/\/gogreen-schweiz.ch\/en\/wp-json\/wp\/v2\/types\/product"}],"wp:featuredmedia":[{"embeddable":true,"href":"https:\/\/gogreen-schweiz.ch\/en\/wp-json\/wp\/v2\/media\/1549"}],"wp:attachment":[{"href":"https:\/\/gogreen-schweiz.ch\/en\/wp-json\/wp\/v2\/media?parent=1550"}],"wp:term":[{"taxonomy":"product_brand","embeddable":true,"href":"https:\/\/gogreen-schweiz.ch\/en\/wp-json\/wp\/v2\/product_brand?post=1550"},{"taxonomy":"product_cat","embeddable":true,"href":"https:\/\/gogreen-schweiz.ch\/en\/wp-json\/wp\/v2\/product_cat?post=1550"},{"taxonomy":"product_tag","embeddable":true,"href":"https:\/\/gogreen-schweiz.ch\/en\/wp-json\/wp\/v2\/product_tag?post=1550"}],"curies":[{"name":"wp","href":"https:\/\/api.w.org\/{rel}","templated":true}]}}