{"id":1611,"date":"2025-10-20T14:47:47","date_gmt":"2025-10-20T12:47:47","guid":{"rendered":"https:\/\/gogreen-schweiz.ch\/?post_type=product&#038;p=1611"},"modified":"2025-11-13T21:52:14","modified_gmt":"2025-11-13T19:52:14","slug":"erbsen-pulver","status":"publish","type":"product","link":"https:\/\/gogreen-schweiz.ch\/en\/product\/erbsen-pulver\/","title":{"rendered":"Erbsen Pulver"},"content":{"rendered":"<p><b>Gesundheitliche Vorteile von Erbsen-Microgreens<\/b><\/p>\n<ul>\n<li><b>Ein hervorragendes Pr\u00e4biotikum:<\/b> Erbsen-Microgreens enthalten Pr\u00e4biotika, die das Wachstum n\u00fctzlicher Bakterien im Darm f\u00f6rdern und die Verdauung unterst\u00fctzen k\u00f6nnen.<\/li>\n<li><b>N\u00e4hrstoffreich:<\/b> Erbsen-Microgreens sind reich an Vitamin A, C und K sowie an Mineralien wie Eisen, Kalzium, Magnesium, Phosphor, Fols\u00e4ure und Zink.<\/li>\n<li><b>Reich an Proteinen:<\/b> Steigern das Energieniveau, unterst\u00fctzen die Erholung nach dem Training und verbessern die allgemeine Gesundheit.<\/li>\n<li><b>Quelle f\u00fcr Antioxidantien: <\/b>Reich an Antioxidantien, die Entz\u00fcndungen lindern und chronischen Krankheiten vorbeugen k\u00f6nnen.<\/li>\n<\/ul>\n<p data-start=\"612\" data-end=\"652\"><strong>Was macht unser Pulver besonders?<\/strong><\/p>\n<ul>\n<li data-start=\"655\" data-end=\"710\">100\u202f% BIO, ohne Zus\u00e4tze, Farbstoffe oder Tr\u00e4gerstoffe<\/li>\n<li data-start=\"713\" data-end=\"760\">Von Hand angebaut und geerntet in der Schweiz<\/li>\n<li data-start=\"763\" data-end=\"814\">Mit Liebe verarbeitet und lokal gefriergetrocknet<\/li>\n<li data-start=\"817\" data-end=\"895\">Ideal f\u00fcr Smoothies, Bowls, Dips, Suppen oder als nat\u00fcrliche Nahrungserg\u00e4nzung<\/li>\n<\/ul>\n<p><strong>Anwendung:<\/strong>\u00a01\u20132 TL t\u00e4glich in Getr\u00e4nke oder Speisen mischen. Besonders wirksam roh oder in lauwarmen Gerichten.<\/p>\n<p>25 g gefriergetrocknetes Pulver werden aus mehr als 250 g frischem Microgreens hergestellt.<br \/>\nEin 25-g-Glas enth\u00e4lt Pulver f\u00fcr zwei Monate t\u00e4glicher Einnahme.<\/p>","protected":false},"excerpt":{"rendered":"<p>Erbsen-Microgreens sind die jungen, zarten Triebe der Erbsenpflanze, die f\u00fcr ihren leicht s\u00fc\u00dflichen, erdigen Geschmack und ihren hohen N\u00e4hrstoffgehalt bekannt sind. Trotz ihres zarten Aussehens sind sie eine reichhaltige Quelle f\u00fcr pflanzliches Eiweiss.<\/p>\n<p>Jede Portion enth\u00e4lt eine hochkonzentrierte N\u00e4hrstoffquelle und ist somit eine einfache und bequeme M\u00f6glichkeit, Ihren t\u00e4glichen N\u00e4hrstoffbedarf zu decken. Unsere Microgreens unterst\u00fctzen mit darmfreundlichen Bakterien und Ballaststoffen auch eine gute Darmgesundheit und tragen gleichzeitig dazu bei, das Immunsystem zu st\u00e4rken, das Energieniveau zu verbessern und oxidativen Stress und Entz\u00fcndungen zu reduzieren.<\/p>","protected":false},"featured_media":1382,"template":"","meta":{"_coblocks_attr":"","_coblocks_dimensions":"","_coblocks_responsive_height":"","_coblocks_accordion_ie_support":"","wprm-recipe-roundup-name":"","wprm-recipe-roundup-description":""},"product_brand":[],"product_cat":[52],"product_tag":[],"class_list":{"0":"post-1611","1":"product","2":"type-product","3":"status-publish","4":"has-post-thumbnail","6":"product_cat-microgreen-pulver","7":"product_shipping_class-dry","9":"first","10":"instock","11":"taxable","12":"shipping-taxable","13":"purchasable","14":"product-type-variable"},"yoast_head":"<!-- This site is optimized with the Yoast SEO plugin v27.5 - https:\/\/yoast.com\/product\/yoast-seo-wordpress\/ -->\n<title>Erbsen Pulver - Go Green - Schweiz GmbH<\/title>\n<meta name=\"description\" content=\"Gefriergetrocknetes Erbsen-Microgreen-Pulver \u2013 reich an pflanzlichem Eiweiss, Eisen und Ballaststoffen. 100 % nat\u00fcrlich, ohne Zus\u00e4tze, in der Schweiz hergestellt.\" \/>\n<meta name=\"robots\" content=\"index, follow, max-snippet:-1, max-image-preview:large, max-video-preview:-1\" \/>\n<link rel=\"canonical\" href=\"https:\/\/gogreen-schweiz.ch\/en\/product\/erbsen-pulver\/\" \/>\n<meta property=\"og:locale\" content=\"en_GB\" \/>\n<meta property=\"og:type\" content=\"article\" \/>\n<meta property=\"og:title\" content=\"Erbsen Pulver - Go Green - Schweiz GmbH\" \/>\n<meta property=\"og:description\" content=\"Gefriergetrocknetes Erbsen-Microgreen-Pulver \u2013 reich an pflanzlichem Eiweiss, Eisen und Ballaststoffen. 100 % nat\u00fcrlich, ohne Zus\u00e4tze, in der Schweiz hergestellt.\" \/>\n<meta property=\"og:url\" content=\"https:\/\/gogreen-schweiz.ch\/en\/product\/erbsen-pulver\/\" \/>\n<meta property=\"og:site_name\" content=\"Go Green - Schweiz GmbH\" \/>\n<meta property=\"article:modified_time\" content=\"2025-11-13T19:52:14+00:00\" \/>\n<meta property=\"og:image\" content=\"https:\/\/gogreen-schweiz.ch\/wp-content\/uploads\/2025\/09\/Radieschen-Pulver-1.webp\" \/>\n\t<meta property=\"og:image:width\" content=\"1200\" \/>\n\t<meta property=\"og:image:height\" content=\"1200\" \/>\n\t<meta property=\"og:image:type\" content=\"image\/webp\" \/>\n<meta name=\"twitter:card\" content=\"summary_large_image\" \/>\n<meta name=\"twitter:label1\" content=\"Estimated reading time\" \/>\n\t<meta name=\"twitter:data1\" content=\"2 minutes\" \/>\n<script type=\"application\/ld+json\" class=\"yoast-schema-graph\">{\"@context\":\"https:\\\/\\\/schema.org\",\"@graph\":[{\"@type\":\"WebPage\",\"@id\":\"https:\\\/\\\/gogreen-schweiz.ch\\\/product\\\/erbsen-pulver\\\/\",\"url\":\"https:\\\/\\\/gogreen-schweiz.ch\\\/product\\\/erbsen-pulver\\\/\",\"name\":\"Erbsen Pulver - Go Green - Schweiz GmbH\",\"isPartOf\":{\"@id\":\"https:\\\/\\\/gogreen-schweiz.ch\\\/#website\"},\"primaryImageOfPage\":{\"@id\":\"https:\\\/\\\/gogreen-schweiz.ch\\\/product\\\/erbsen-pulver\\\/#primaryimage\"},\"image\":{\"@id\":\"https:\\\/\\\/gogreen-schweiz.ch\\\/product\\\/erbsen-pulver\\\/#primaryimage\"},\"thumbnailUrl\":\"https:\\\/\\\/gogreen-schweiz.ch\\\/wp-content\\\/uploads\\\/2025\\\/09\\\/Radieschen-Pulver-1.webp\",\"datePublished\":\"2025-10-20T12:47:47+00:00\",\"dateModified\":\"2025-11-13T19:52:14+00:00\",\"description\":\"Gefriergetrocknetes Erbsen-Microgreen-Pulver \u2013 reich an pflanzlichem Eiweiss, Eisen und Ballaststoffen. 100 % nat\u00fcrlich, ohne Zus\u00e4tze, in der Schweiz hergestellt.\",\"breadcrumb\":{\"@id\":\"https:\\\/\\\/gogreen-schweiz.ch\\\/product\\\/erbsen-pulver\\\/#breadcrumb\"},\"inLanguage\":\"en-GB\",\"potentialAction\":[{\"@type\":\"ReadAction\",\"target\":[\"https:\\\/\\\/gogreen-schweiz.ch\\\/product\\\/erbsen-pulver\\\/\"]}]},{\"@type\":\"ImageObject\",\"inLanguage\":\"en-GB\",\"@id\":\"https:\\\/\\\/gogreen-schweiz.ch\\\/product\\\/erbsen-pulver\\\/#primaryimage\",\"url\":\"https:\\\/\\\/gogreen-schweiz.ch\\\/wp-content\\\/uploads\\\/2025\\\/09\\\/Radieschen-Pulver-1.webp\",\"contentUrl\":\"https:\\\/\\\/gogreen-schweiz.ch\\\/wp-content\\\/uploads\\\/2025\\\/09\\\/Radieschen-Pulver-1.webp\",\"width\":1200,\"height\":1200,\"caption\":\"Radieschen microgreens pulver\"},{\"@type\":\"BreadcrumbList\",\"@id\":\"https:\\\/\\\/gogreen-schweiz.ch\\\/product\\\/erbsen-pulver\\\/#breadcrumb\",\"itemListElement\":[{\"@type\":\"ListItem\",\"position\":1,\"name\":\"Home\",\"item\":\"https:\\\/\\\/gogreen-schweiz.ch\\\/\"},{\"@type\":\"ListItem\",\"position\":2,\"name\":\"Shop\",\"item\":\"https:\\\/\\\/gogreen-schweiz.ch\\\/shop\\\/\"},{\"@type\":\"ListItem\",\"position\":3,\"name\":\"Erbsen Pulver\"}]},{\"@type\":\"WebSite\",\"@id\":\"https:\\\/\\\/gogreen-schweiz.ch\\\/#website\",\"url\":\"https:\\\/\\\/gogreen-schweiz.ch\\\/\",\"name\":\"Go Green - Schweiz GmbH\",\"description\":\"\",\"publisher\":{\"@id\":\"https:\\\/\\\/gogreen-schweiz.ch\\\/#organization\"},\"potentialAction\":[{\"@type\":\"SearchAction\",\"target\":{\"@type\":\"EntryPoint\",\"urlTemplate\":\"https:\\\/\\\/gogreen-schweiz.ch\\\/?s={search_term_string}\"},\"query-input\":{\"@type\":\"PropertyValueSpecification\",\"valueRequired\":true,\"valueName\":\"search_term_string\"}}],\"inLanguage\":\"en-GB\"},{\"@type\":\"Organization\",\"@id\":\"https:\\\/\\\/gogreen-schweiz.ch\\\/#organization\",\"name\":\"Go Green - Schweiz GmbH\",\"url\":\"https:\\\/\\\/gogreen-schweiz.ch\\\/\",\"logo\":{\"@type\":\"ImageObject\",\"inLanguage\":\"en-GB\",\"@id\":\"https:\\\/\\\/gogreen-schweiz.ch\\\/#\\\/schema\\\/logo\\\/image\\\/\",\"url\":\"https:\\\/\\\/gogreen-schweiz.ch\\\/wp-content\\\/uploads\\\/2025\\\/07\\\/cropped-Go-Green.webp\",\"contentUrl\":\"https:\\\/\\\/gogreen-schweiz.ch\\\/wp-content\\\/uploads\\\/2025\\\/07\\\/cropped-Go-Green.webp\",\"width\":512,\"height\":512,\"caption\":\"Go Green - Schweiz GmbH\"},\"image\":{\"@id\":\"https:\\\/\\\/gogreen-schweiz.ch\\\/#\\\/schema\\\/logo\\\/image\\\/\"},\"sameAs\":[\"https:\\\/\\\/www.instagram.com\\\/gogreenschweiz\"]}]}<\/script>\n<!-- \/ Yoast SEO plugin. -->","yoast_head_json":{"title":"Erbsen Pulver - Go Green - Schweiz GmbH","description":"Gefriergetrocknetes Erbsen-Microgreen-Pulver \u2013 reich an pflanzlichem Eiweiss, Eisen und Ballaststoffen. 100 % nat\u00fcrlich, ohne Zus\u00e4tze, in der Schweiz hergestellt.","robots":{"index":"index","follow":"follow","max-snippet":"max-snippet:-1","max-image-preview":"max-image-preview:large","max-video-preview":"max-video-preview:-1"},"canonical":"https:\/\/gogreen-schweiz.ch\/en\/product\/erbsen-pulver\/","og_locale":"en_GB","og_type":"article","og_title":"Erbsen Pulver - Go Green - Schweiz GmbH","og_description":"Gefriergetrocknetes Erbsen-Microgreen-Pulver \u2013 reich an pflanzlichem Eiweiss, Eisen und Ballaststoffen. 100 % nat\u00fcrlich, ohne Zus\u00e4tze, in der Schweiz hergestellt.","og_url":"https:\/\/gogreen-schweiz.ch\/en\/product\/erbsen-pulver\/","og_site_name":"Go Green - Schweiz GmbH","article_modified_time":"2025-11-13T19:52:14+00:00","og_image":[{"width":1200,"height":1200,"url":"https:\/\/gogreen-schweiz.ch\/wp-content\/uploads\/2025\/09\/Radieschen-Pulver-1.webp","type":"image\/webp"}],"twitter_card":"summary_large_image","twitter_misc":{"Estimated reading time":"2 minutes"},"schema":{"@context":"https:\/\/schema.org","@graph":[{"@type":"WebPage","@id":"https:\/\/gogreen-schweiz.ch\/product\/erbsen-pulver\/","url":"https:\/\/gogreen-schweiz.ch\/product\/erbsen-pulver\/","name":"Erbsen Pulver - Go Green - Schweiz GmbH","isPartOf":{"@id":"https:\/\/gogreen-schweiz.ch\/#website"},"primaryImageOfPage":{"@id":"https:\/\/gogreen-schweiz.ch\/product\/erbsen-pulver\/#primaryimage"},"image":{"@id":"https:\/\/gogreen-schweiz.ch\/product\/erbsen-pulver\/#primaryimage"},"thumbnailUrl":"https:\/\/gogreen-schweiz.ch\/wp-content\/uploads\/2025\/09\/Radieschen-Pulver-1.webp","datePublished":"2025-10-20T12:47:47+00:00","dateModified":"2025-11-13T19:52:14+00:00","description":"Gefriergetrocknetes Erbsen-Microgreen-Pulver \u2013 reich an pflanzlichem Eiweiss, Eisen und Ballaststoffen. 100 % nat\u00fcrlich, ohne Zus\u00e4tze, in der Schweiz hergestellt.","breadcrumb":{"@id":"https:\/\/gogreen-schweiz.ch\/product\/erbsen-pulver\/#breadcrumb"},"inLanguage":"en-GB","potentialAction":[{"@type":"ReadAction","target":["https:\/\/gogreen-schweiz.ch\/product\/erbsen-pulver\/"]}]},{"@type":"ImageObject","inLanguage":"en-GB","@id":"https:\/\/gogreen-schweiz.ch\/product\/erbsen-pulver\/#primaryimage","url":"https:\/\/gogreen-schweiz.ch\/wp-content\/uploads\/2025\/09\/Radieschen-Pulver-1.webp","contentUrl":"https:\/\/gogreen-schweiz.ch\/wp-content\/uploads\/2025\/09\/Radieschen-Pulver-1.webp","width":1200,"height":1200,"caption":"Radieschen microgreens pulver"},{"@type":"BreadcrumbList","@id":"https:\/\/gogreen-schweiz.ch\/product\/erbsen-pulver\/#breadcrumb","itemListElement":[{"@type":"ListItem","position":1,"name":"Home","item":"https:\/\/gogreen-schweiz.ch\/"},{"@type":"ListItem","position":2,"name":"Shop","item":"https:\/\/gogreen-schweiz.ch\/shop\/"},{"@type":"ListItem","position":3,"name":"Erbsen Pulver"}]},{"@type":"WebSite","@id":"https:\/\/gogreen-schweiz.ch\/#website","url":"https:\/\/gogreen-schweiz.ch\/","name":"Go Green - Schweiz GmbH","description":"","publisher":{"@id":"https:\/\/gogreen-schweiz.ch\/#organization"},"potentialAction":[{"@type":"SearchAction","target":{"@type":"EntryPoint","urlTemplate":"https:\/\/gogreen-schweiz.ch\/?s={search_term_string}"},"query-input":{"@type":"PropertyValueSpecification","valueRequired":true,"valueName":"search_term_string"}}],"inLanguage":"en-GB"},{"@type":"Organization","@id":"https:\/\/gogreen-schweiz.ch\/#organization","name":"Go Green - Schweiz GmbH","url":"https:\/\/gogreen-schweiz.ch\/","logo":{"@type":"ImageObject","inLanguage":"en-GB","@id":"https:\/\/gogreen-schweiz.ch\/#\/schema\/logo\/image\/","url":"https:\/\/gogreen-schweiz.ch\/wp-content\/uploads\/2025\/07\/cropped-Go-Green.webp","contentUrl":"https:\/\/gogreen-schweiz.ch\/wp-content\/uploads\/2025\/07\/cropped-Go-Green.webp","width":512,"height":512,"caption":"Go Green - Schweiz GmbH"},"image":{"@id":"https:\/\/gogreen-schweiz.ch\/#\/schema\/logo\/image\/"},"sameAs":["https:\/\/www.instagram.com\/gogreenschweiz"]}]}},"jetpack_sharing_enabled":true,"_links":{"self":[{"href":"https:\/\/gogreen-schweiz.ch\/en\/wp-json\/wp\/v2\/product\/1611","targetHints":{"allow":["GET"]}}],"collection":[{"href":"https:\/\/gogreen-schweiz.ch\/en\/wp-json\/wp\/v2\/product"}],"about":[{"href":"https:\/\/gogreen-schweiz.ch\/en\/wp-json\/wp\/v2\/types\/product"}],"wp:featuredmedia":[{"embeddable":true,"href":"https:\/\/gogreen-schweiz.ch\/en\/wp-json\/wp\/v2\/media\/1382"}],"wp:attachment":[{"href":"https:\/\/gogreen-schweiz.ch\/en\/wp-json\/wp\/v2\/media?parent=1611"}],"wp:term":[{"taxonomy":"product_brand","embeddable":true,"href":"https:\/\/gogreen-schweiz.ch\/en\/wp-json\/wp\/v2\/product_brand?post=1611"},{"taxonomy":"product_cat","embeddable":true,"href":"https:\/\/gogreen-schweiz.ch\/en\/wp-json\/wp\/v2\/product_cat?post=1611"},{"taxonomy":"product_tag","embeddable":true,"href":"https:\/\/gogreen-schweiz.ch\/en\/wp-json\/wp\/v2\/product_tag?post=1611"}],"curies":[{"name":"wp","href":"https:\/\/api.w.org\/{rel}","templated":true}]}}