{"id":1675,"date":"2025-10-29T16:14:08","date_gmt":"2025-10-29T14:14:08","guid":{"rendered":"https:\/\/gogreen-schweiz.ch\/?post_type=product&#038;p=1675"},"modified":"2025-11-17T23:22:48","modified_gmt":"2025-11-17T21:22:48","slug":"immunity-mix","status":"publish","type":"product","link":"https:\/\/gogreen-schweiz.ch\/en\/product\/immunity-mix\/","title":{"rendered":"Immunity Mix"},"content":{"rendered":"<p>Mit diesem Set bekommen Sie:<\/p>\n<ul>\n<li><a href=\"https:\/\/gogreen-schweiz.ch\/en\/product\/brokkoli-raab-samen\/\">Brokkoli Samen<\/a>, 30 g<\/li>\n<li><a href=\"https:\/\/gogreen-schweiz.ch\/en\/product\/daikon-samen\/\">Radieschen Daikon Samen<\/a>, 40 g<\/li>\n<li><a href=\"https:\/\/gogreen-schweiz.ch\/en\/product\/amaranth-samen\/\">Amaranth<\/a>, 30 g<\/li>\n<li><a href=\"https:\/\/gogreen-schweiz.ch\/en\/product\/kresse-samen\/\">Kresse Samen<\/a>, 30 g<\/li>\n<li><a href=\"https:\/\/gogreen-schweiz.ch\/en\/product\/lauch-samen\/\">Lauch Samen<\/a>, 30 g<\/li>\n<\/ul>\n<p>&nbsp;<\/p>\n<p>Vorteile:<\/p>\n<ul>\n<li data-start=\"1744\" data-end=\"1773\">Reich an Vitamin C, K und E<\/li>\n<li data-start=\"1776\" data-end=\"1820\">Enth\u00e4lt Antioxidantien und Phyton\u00e4hrstoffe<\/li>\n<li data-start=\"1823\" data-end=\"1865\">Unterst\u00fctzt die nat\u00fcrlichen Abwehrkr\u00e4fte<\/li>\n<li data-start=\"1868\" data-end=\"1927\">Ideal f\u00fcr die t\u00e4gliche Ern\u00e4hrung in der kalten Jahreszeit<\/li>\n<\/ul>","protected":false},"excerpt":{"rendered":"<p>Diese Mischung wurde entwickelt, um das Immunsystem auf nat\u00fcrliche Weise zu st\u00e4rken.<\/p>\n<p>Die Kombination aus Brokkoli, Daikon-Rettich und Kresse liefert viel Vitamin C, K und E, w\u00e4hrend Amaranth und Lauch wertvolle Antioxidantien und Spurenelemente beisteuern, die die Zellregeneration unterst\u00fctzen.<\/p>\n<p>Regelm\u00e4ssiger Verzehr von Microgreens aus diesem Set hilft, die Abwehrkr\u00e4fte zu st\u00e4rken und das allgemeine Wohlbefinden zu verbessern.<\/p>","protected":false},"featured_media":1051,"template":"","meta":{"_coblocks_attr":"","_coblocks_dimensions":"","_coblocks_responsive_height":"","_coblocks_accordion_ie_support":"","wprm-recipe-roundup-name":"","wprm-recipe-roundup-description":""},"product_brand":[],"product_cat":[55,56,101],"product_tag":[],"class_list":{"0":"post-1675","1":"product","2":"type-product","3":"status-publish","4":"has-post-thumbnail","6":"product_cat-anbau-von-microgreens","7":"product_cat-samen","8":"product_cat-samenset","9":"product_shipping_class-dry","11":"first","12":"instock","13":"taxable","14":"shipping-taxable","15":"purchasable","16":"product-type-simple"},"yoast_head":"<!-- This site is optimized with the Yoast SEO plugin v27.5 - https:\/\/yoast.com\/product\/yoast-seo-wordpress\/ -->\n<title>Immunity Mix \u2013 Samenmischung f\u00fcr mehr Immunit\u00e4t | Go Green Schweiz<\/title>\n<meta name=\"description\" content=\"Die Samenmischung \u201eImmunity Mix\u201d von Go Green Schweiz. Brokkoli, Daikon-Rettich, Amaranth, Kresse und Lauch \u2013 eine Quelle f\u00fcr Vitamin C, K, E und Antioxidantien zum Schutz des K\u00f6rpers.\" \/>\n<meta name=\"robots\" content=\"index, follow, max-snippet:-1, max-image-preview:large, max-video-preview:-1\" \/>\n<link rel=\"canonical\" href=\"https:\/\/gogreen-schweiz.ch\/en\/product\/immunity-mix\/\" \/>\n<meta property=\"og:locale\" content=\"en_GB\" \/>\n<meta property=\"og:type\" content=\"article\" \/>\n<meta property=\"og:title\" content=\"Immunity Mix \u2013 Samenmischung f\u00fcr mehr Immunit\u00e4t | Go Green Schweiz\" \/>\n<meta property=\"og:description\" content=\"Die Samenmischung \u201eImmunity Mix\u201d von Go Green Schweiz. Brokkoli, Daikon-Rettich, Amaranth, Kresse und Lauch \u2013 eine Quelle f\u00fcr Vitamin C, K, E und Antioxidantien zum Schutz des K\u00f6rpers.\" \/>\n<meta property=\"og:url\" content=\"https:\/\/gogreen-schweiz.ch\/en\/product\/immunity-mix\/\" \/>\n<meta property=\"og:site_name\" content=\"Go Green - Schweiz GmbH\" \/>\n<meta property=\"article:modified_time\" content=\"2025-11-17T21:22:48+00:00\" \/>\n<meta property=\"og:image\" content=\"https:\/\/gogreen-schweiz.ch\/wp-content\/uploads\/2025\/08\/Schale-6.webp\" \/>\n\t<meta property=\"og:image:width\" content=\"600\" \/>\n\t<meta property=\"og:image:height\" content=\"600\" \/>\n\t<meta property=\"og:image:type\" content=\"image\/webp\" \/>\n<meta name=\"twitter:card\" content=\"summary_large_image\" \/>\n<meta name=\"twitter:label1\" content=\"Estimated reading time\" \/>\n\t<meta name=\"twitter:data1\" content=\"1 minute\" \/>\n<script type=\"application\/ld+json\" class=\"yoast-schema-graph\">{\"@context\":\"https:\\\/\\\/schema.org\",\"@graph\":[{\"@type\":\"WebPage\",\"@id\":\"https:\\\/\\\/gogreen-schweiz.ch\\\/product\\\/immunity-mix\\\/\",\"url\":\"https:\\\/\\\/gogreen-schweiz.ch\\\/product\\\/immunity-mix\\\/\",\"name\":\"Immunity Mix \u2013 Samenmischung f\u00fcr mehr Immunit\u00e4t | Go Green Schweiz\",\"isPartOf\":{\"@id\":\"https:\\\/\\\/gogreen-schweiz.ch\\\/#website\"},\"primaryImageOfPage\":{\"@id\":\"https:\\\/\\\/gogreen-schweiz.ch\\\/product\\\/immunity-mix\\\/#primaryimage\"},\"image\":{\"@id\":\"https:\\\/\\\/gogreen-schweiz.ch\\\/product\\\/immunity-mix\\\/#primaryimage\"},\"thumbnailUrl\":\"https:\\\/\\\/gogreen-schweiz.ch\\\/wp-content\\\/uploads\\\/2025\\\/08\\\/Schale-6.webp\",\"datePublished\":\"2025-10-29T14:14:08+00:00\",\"dateModified\":\"2025-11-17T21:22:48+00:00\",\"description\":\"Die Samenmischung \u201eImmunity Mix\u201d von Go Green Schweiz. Brokkoli, Daikon-Rettich, Amaranth, Kresse und Lauch \u2013 eine Quelle f\u00fcr Vitamin C, K, E und Antioxidantien zum Schutz des K\u00f6rpers.\",\"breadcrumb\":{\"@id\":\"https:\\\/\\\/gogreen-schweiz.ch\\\/product\\\/immunity-mix\\\/#breadcrumb\"},\"inLanguage\":\"en-GB\",\"potentialAction\":[{\"@type\":\"ReadAction\",\"target\":[\"https:\\\/\\\/gogreen-schweiz.ch\\\/product\\\/immunity-mix\\\/\"]}]},{\"@type\":\"ImageObject\",\"inLanguage\":\"en-GB\",\"@id\":\"https:\\\/\\\/gogreen-schweiz.ch\\\/product\\\/immunity-mix\\\/#primaryimage\",\"url\":\"https:\\\/\\\/gogreen-schweiz.ch\\\/wp-content\\\/uploads\\\/2025\\\/08\\\/Schale-6.webp\",\"contentUrl\":\"https:\\\/\\\/gogreen-schweiz.ch\\\/wp-content\\\/uploads\\\/2025\\\/08\\\/Schale-6.webp\",\"width\":600,\"height\":600},{\"@type\":\"BreadcrumbList\",\"@id\":\"https:\\\/\\\/gogreen-schweiz.ch\\\/product\\\/immunity-mix\\\/#breadcrumb\",\"itemListElement\":[{\"@type\":\"ListItem\",\"position\":1,\"name\":\"Home\",\"item\":\"https:\\\/\\\/gogreen-schweiz.ch\\\/\"},{\"@type\":\"ListItem\",\"position\":2,\"name\":\"Shop\",\"item\":\"https:\\\/\\\/gogreen-schweiz.ch\\\/shop\\\/\"},{\"@type\":\"ListItem\",\"position\":3,\"name\":\"Immunity Mix\"}]},{\"@type\":\"WebSite\",\"@id\":\"https:\\\/\\\/gogreen-schweiz.ch\\\/#website\",\"url\":\"https:\\\/\\\/gogreen-schweiz.ch\\\/\",\"name\":\"Go Green - Schweiz GmbH\",\"description\":\"\",\"publisher\":{\"@id\":\"https:\\\/\\\/gogreen-schweiz.ch\\\/#organization\"},\"potentialAction\":[{\"@type\":\"SearchAction\",\"target\":{\"@type\":\"EntryPoint\",\"urlTemplate\":\"https:\\\/\\\/gogreen-schweiz.ch\\\/?s={search_term_string}\"},\"query-input\":{\"@type\":\"PropertyValueSpecification\",\"valueRequired\":true,\"valueName\":\"search_term_string\"}}],\"inLanguage\":\"en-GB\"},{\"@type\":\"Organization\",\"@id\":\"https:\\\/\\\/gogreen-schweiz.ch\\\/#organization\",\"name\":\"Go Green - Schweiz GmbH\",\"url\":\"https:\\\/\\\/gogreen-schweiz.ch\\\/\",\"logo\":{\"@type\":\"ImageObject\",\"inLanguage\":\"en-GB\",\"@id\":\"https:\\\/\\\/gogreen-schweiz.ch\\\/#\\\/schema\\\/logo\\\/image\\\/\",\"url\":\"https:\\\/\\\/gogreen-schweiz.ch\\\/wp-content\\\/uploads\\\/2025\\\/07\\\/cropped-Go-Green.webp\",\"contentUrl\":\"https:\\\/\\\/gogreen-schweiz.ch\\\/wp-content\\\/uploads\\\/2025\\\/07\\\/cropped-Go-Green.webp\",\"width\":512,\"height\":512,\"caption\":\"Go Green - Schweiz GmbH\"},\"image\":{\"@id\":\"https:\\\/\\\/gogreen-schweiz.ch\\\/#\\\/schema\\\/logo\\\/image\\\/\"},\"sameAs\":[\"https:\\\/\\\/www.instagram.com\\\/gogreenschweiz\"]}]}<\/script>\n<!-- \/ Yoast SEO plugin. -->","yoast_head_json":{"title":"Immunity Mix \u2013 Samenmischung f\u00fcr mehr Immunit\u00e4t | Go Green Schweiz","description":"Die Samenmischung \u201eImmunity Mix\u201d von Go Green Schweiz. Brokkoli, Daikon-Rettich, Amaranth, Kresse und Lauch \u2013 eine Quelle f\u00fcr Vitamin C, K, E und Antioxidantien zum Schutz des K\u00f6rpers.","robots":{"index":"index","follow":"follow","max-snippet":"max-snippet:-1","max-image-preview":"max-image-preview:large","max-video-preview":"max-video-preview:-1"},"canonical":"https:\/\/gogreen-schweiz.ch\/en\/product\/immunity-mix\/","og_locale":"en_GB","og_type":"article","og_title":"Immunity Mix \u2013 Samenmischung f\u00fcr mehr Immunit\u00e4t | Go Green Schweiz","og_description":"Die Samenmischung \u201eImmunity Mix\u201d von Go Green Schweiz. Brokkoli, Daikon-Rettich, Amaranth, Kresse und Lauch \u2013 eine Quelle f\u00fcr Vitamin C, K, E und Antioxidantien zum Schutz des K\u00f6rpers.","og_url":"https:\/\/gogreen-schweiz.ch\/en\/product\/immunity-mix\/","og_site_name":"Go Green - Schweiz GmbH","article_modified_time":"2025-11-17T21:22:48+00:00","og_image":[{"width":600,"height":600,"url":"https:\/\/gogreen-schweiz.ch\/wp-content\/uploads\/2025\/08\/Schale-6.webp","type":"image\/webp"}],"twitter_card":"summary_large_image","twitter_misc":{"Estimated reading time":"1 minute"},"schema":{"@context":"https:\/\/schema.org","@graph":[{"@type":"WebPage","@id":"https:\/\/gogreen-schweiz.ch\/product\/immunity-mix\/","url":"https:\/\/gogreen-schweiz.ch\/product\/immunity-mix\/","name":"Immunity Mix \u2013 Samenmischung f\u00fcr mehr Immunit\u00e4t | Go Green Schweiz","isPartOf":{"@id":"https:\/\/gogreen-schweiz.ch\/#website"},"primaryImageOfPage":{"@id":"https:\/\/gogreen-schweiz.ch\/product\/immunity-mix\/#primaryimage"},"image":{"@id":"https:\/\/gogreen-schweiz.ch\/product\/immunity-mix\/#primaryimage"},"thumbnailUrl":"https:\/\/gogreen-schweiz.ch\/wp-content\/uploads\/2025\/08\/Schale-6.webp","datePublished":"2025-10-29T14:14:08+00:00","dateModified":"2025-11-17T21:22:48+00:00","description":"Die Samenmischung \u201eImmunity Mix\u201d von Go Green Schweiz. Brokkoli, Daikon-Rettich, Amaranth, Kresse und Lauch \u2013 eine Quelle f\u00fcr Vitamin C, K, E und Antioxidantien zum Schutz des K\u00f6rpers.","breadcrumb":{"@id":"https:\/\/gogreen-schweiz.ch\/product\/immunity-mix\/#breadcrumb"},"inLanguage":"en-GB","potentialAction":[{"@type":"ReadAction","target":["https:\/\/gogreen-schweiz.ch\/product\/immunity-mix\/"]}]},{"@type":"ImageObject","inLanguage":"en-GB","@id":"https:\/\/gogreen-schweiz.ch\/product\/immunity-mix\/#primaryimage","url":"https:\/\/gogreen-schweiz.ch\/wp-content\/uploads\/2025\/08\/Schale-6.webp","contentUrl":"https:\/\/gogreen-schweiz.ch\/wp-content\/uploads\/2025\/08\/Schale-6.webp","width":600,"height":600},{"@type":"BreadcrumbList","@id":"https:\/\/gogreen-schweiz.ch\/product\/immunity-mix\/#breadcrumb","itemListElement":[{"@type":"ListItem","position":1,"name":"Home","item":"https:\/\/gogreen-schweiz.ch\/"},{"@type":"ListItem","position":2,"name":"Shop","item":"https:\/\/gogreen-schweiz.ch\/shop\/"},{"@type":"ListItem","position":3,"name":"Immunity Mix"}]},{"@type":"WebSite","@id":"https:\/\/gogreen-schweiz.ch\/#website","url":"https:\/\/gogreen-schweiz.ch\/","name":"Go Green - Schweiz GmbH","description":"","publisher":{"@id":"https:\/\/gogreen-schweiz.ch\/#organization"},"potentialAction":[{"@type":"SearchAction","target":{"@type":"EntryPoint","urlTemplate":"https:\/\/gogreen-schweiz.ch\/?s={search_term_string}"},"query-input":{"@type":"PropertyValueSpecification","valueRequired":true,"valueName":"search_term_string"}}],"inLanguage":"en-GB"},{"@type":"Organization","@id":"https:\/\/gogreen-schweiz.ch\/#organization","name":"Go Green - Schweiz GmbH","url":"https:\/\/gogreen-schweiz.ch\/","logo":{"@type":"ImageObject","inLanguage":"en-GB","@id":"https:\/\/gogreen-schweiz.ch\/#\/schema\/logo\/image\/","url":"https:\/\/gogreen-schweiz.ch\/wp-content\/uploads\/2025\/07\/cropped-Go-Green.webp","contentUrl":"https:\/\/gogreen-schweiz.ch\/wp-content\/uploads\/2025\/07\/cropped-Go-Green.webp","width":512,"height":512,"caption":"Go Green - Schweiz GmbH"},"image":{"@id":"https:\/\/gogreen-schweiz.ch\/#\/schema\/logo\/image\/"},"sameAs":["https:\/\/www.instagram.com\/gogreenschweiz"]}]}},"jetpack_sharing_enabled":true,"_links":{"self":[{"href":"https:\/\/gogreen-schweiz.ch\/en\/wp-json\/wp\/v2\/product\/1675","targetHints":{"allow":["GET"]}}],"collection":[{"href":"https:\/\/gogreen-schweiz.ch\/en\/wp-json\/wp\/v2\/product"}],"about":[{"href":"https:\/\/gogreen-schweiz.ch\/en\/wp-json\/wp\/v2\/types\/product"}],"wp:featuredmedia":[{"embeddable":true,"href":"https:\/\/gogreen-schweiz.ch\/en\/wp-json\/wp\/v2\/media\/1051"}],"wp:attachment":[{"href":"https:\/\/gogreen-schweiz.ch\/en\/wp-json\/wp\/v2\/media?parent=1675"}],"wp:term":[{"taxonomy":"product_brand","embeddable":true,"href":"https:\/\/gogreen-schweiz.ch\/en\/wp-json\/wp\/v2\/product_brand?post=1675"},{"taxonomy":"product_cat","embeddable":true,"href":"https:\/\/gogreen-schweiz.ch\/en\/wp-json\/wp\/v2\/product_cat?post=1675"},{"taxonomy":"product_tag","embeddable":true,"href":"https:\/\/gogreen-schweiz.ch\/en\/wp-json\/wp\/v2\/product_tag?post=1675"}],"curies":[{"name":"wp","href":"https:\/\/api.w.org\/{rel}","templated":true}]}}