{"id":1678,"date":"2025-10-29T16:44:55","date_gmt":"2025-10-29T14:44:55","guid":{"rendered":"https:\/\/gogreen-schweiz.ch\/?post_type=product&#038;p=1678"},"modified":"2025-11-17T23:20:58","modified_gmt":"2025-11-17T21:20:58","slug":"detox-balance-mix","status":"publish","type":"product","link":"https:\/\/gogreen-schweiz.ch\/en\/product\/detox-balance-mix\/","title":{"rendered":"Detox &#038; Balance Mix"},"content":{"rendered":"<p>Mit diesem Set bekommen Sie:<\/p>\n<ul>\n<li><a href=\"https:\/\/gogreen-schweiz.ch\/en\/product\/kresse-samen\/\">Kresse Samen<\/a>, 30 g<\/li>\n<li><a href=\"https:\/\/gogreen-schweiz.ch\/en\/product\/amaranth-samen\/\">Amaranth Samen<\/a>, 30 g<\/li>\n<li><a href=\"https:\/\/gogreen-schweiz.ch\/en\/product\/radieschen-rosen-samen\/\">Radieschen Rosen Samen<\/a>, 30 g<\/li>\n<li><a href=\"https:\/\/gogreen-schweiz.ch\/en\/product\/mizuna-rote-samen\/\">Mizuna rote Samen<\/a>, 30 g<\/li>\n<li><a href=\"https:\/\/gogreen-schweiz.ch\/en\/product\/brokkoli-raab-samen\/\">Brokkoli Samen<\/a>, 30 g<\/li>\n<\/ul>\n<p>Vorteile:<\/p>\n<ul>\n<li data-start=\"1906\" data-end=\"1963\">Unterst\u00fctzt die nat\u00fcrliche Entgiftung und Leberfunktion<\/li>\n<li data-start=\"1966\" data-end=\"2018\">Reich an Chlorophyll, Antioxidantien und Vitaminen<\/li>\n<li data-start=\"2021\" data-end=\"2064\">F\u00f6rdert den Stoffwechsel und das Hautbild<\/li>\n<li data-start=\"2067\" data-end=\"2102\">Verleiht Energie und Leichtigkeit<\/li>\n<\/ul>","protected":false},"excerpt":{"rendered":"<p>Diese Mischung unterst\u00fctzt den K\u00f6rper auf nat\u00fcrliche Weise bei der Entgiftung und f\u00f6rdert das allgemeine Wohlbefinden.<\/p>\n<p>Brokkoli und Kresse sind reich an Chlorophyll und Antioxidantien, die die Leberfunktion unterst\u00fctzen und das Immunsystem st\u00e4rken. Amaranth liefert Eisen und Fols\u00e4ure, Mizuna regt den Stoffwechsel an, und rosa Radieschen verleiht eine frische, leicht w\u00fcrzige Note.<\/p>\n<p>Der Detox &amp; Balance Mix bringt K\u00f6rper und Geist ins Gleichgewicht \u2013 f\u00fcr mehr Energie und strahlende Haut.<\/p>","protected":false},"featured_media":1051,"template":"","meta":{"_coblocks_attr":"","_coblocks_dimensions":"","_coblocks_responsive_height":"","_coblocks_accordion_ie_support":"","wprm-recipe-roundup-name":"","wprm-recipe-roundup-description":""},"product_brand":[],"product_cat":[55,56,101],"product_tag":[],"class_list":{"0":"post-1678","1":"product","2":"type-product","3":"status-publish","4":"has-post-thumbnail","6":"product_cat-anbau-von-microgreens","7":"product_cat-samen","8":"product_cat-samenset","9":"product_shipping_class-dry","11":"first","12":"instock","13":"taxable","14":"shipping-taxable","15":"purchasable","16":"product-type-simple"},"yoast_head":"<!-- This site is optimized with the Yoast SEO plugin v27.5 - https:\/\/yoast.com\/product\/yoast-seo-wordpress\/ -->\n<title>Detox &amp; Balance Mix \u2013 Mikrogreensamen-Mischung f\u00fcr Entgiftung und Energie | Go Green Schweiz<\/title>\n<meta name=\"description\" content=\"Detox &amp; Balance Mikrogreensamen-Mischung von Go Green Schweiz. Brokkoli, Kresse, Amaranth, Radieschen und Mizuna \u2013 f\u00fcr eine sanfte Entgiftung des K\u00f6rpers, Energie und strahlende Haut.\" \/>\n<meta name=\"robots\" content=\"index, follow, max-snippet:-1, max-image-preview:large, max-video-preview:-1\" \/>\n<link rel=\"canonical\" href=\"https:\/\/gogreen-schweiz.ch\/en\/product\/detox-balance-mix\/\" \/>\n<meta property=\"og:locale\" content=\"en_GB\" \/>\n<meta property=\"og:type\" content=\"article\" \/>\n<meta property=\"og:title\" content=\"Detox &amp; Balance Mix \u2013 Mikrogreensamen-Mischung f\u00fcr Entgiftung und Energie | Go Green Schweiz\" \/>\n<meta property=\"og:description\" content=\"Detox &amp; Balance Mikrogreensamen-Mischung von Go Green Schweiz. Brokkoli, Kresse, Amaranth, Radieschen und Mizuna \u2013 f\u00fcr eine sanfte Entgiftung des K\u00f6rpers, Energie und strahlende Haut.\" \/>\n<meta property=\"og:url\" content=\"https:\/\/gogreen-schweiz.ch\/en\/product\/detox-balance-mix\/\" \/>\n<meta property=\"og:site_name\" content=\"Go Green - Schweiz GmbH\" \/>\n<meta property=\"article:modified_time\" content=\"2025-11-17T21:20:58+00:00\" \/>\n<meta property=\"og:image\" content=\"https:\/\/gogreen-schweiz.ch\/wp-content\/uploads\/2025\/08\/Schale-6.webp\" \/>\n\t<meta property=\"og:image:width\" content=\"600\" \/>\n\t<meta property=\"og:image:height\" content=\"600\" \/>\n\t<meta property=\"og:image:type\" content=\"image\/webp\" \/>\n<meta name=\"twitter:card\" content=\"summary_large_image\" \/>\n<meta name=\"twitter:label1\" content=\"Estimated reading time\" \/>\n\t<meta name=\"twitter:data1\" content=\"1 minute\" \/>\n<script type=\"application\/ld+json\" class=\"yoast-schema-graph\">{\"@context\":\"https:\\\/\\\/schema.org\",\"@graph\":[{\"@type\":\"WebPage\",\"@id\":\"https:\\\/\\\/gogreen-schweiz.ch\\\/product\\\/detox-balance-mix\\\/\",\"url\":\"https:\\\/\\\/gogreen-schweiz.ch\\\/product\\\/detox-balance-mix\\\/\",\"name\":\"Detox & Balance Mix \u2013 Mikrogreensamen-Mischung f\u00fcr Entgiftung und Energie | Go Green Schweiz\",\"isPartOf\":{\"@id\":\"https:\\\/\\\/gogreen-schweiz.ch\\\/#website\"},\"primaryImageOfPage\":{\"@id\":\"https:\\\/\\\/gogreen-schweiz.ch\\\/product\\\/detox-balance-mix\\\/#primaryimage\"},\"image\":{\"@id\":\"https:\\\/\\\/gogreen-schweiz.ch\\\/product\\\/detox-balance-mix\\\/#primaryimage\"},\"thumbnailUrl\":\"https:\\\/\\\/gogreen-schweiz.ch\\\/wp-content\\\/uploads\\\/2025\\\/08\\\/Schale-6.webp\",\"datePublished\":\"2025-10-29T14:44:55+00:00\",\"dateModified\":\"2025-11-17T21:20:58+00:00\",\"description\":\"Detox & Balance Mikrogreensamen-Mischung von Go Green Schweiz. Brokkoli, Kresse, Amaranth, Radieschen und Mizuna \u2013 f\u00fcr eine sanfte Entgiftung des K\u00f6rpers, Energie und strahlende Haut.\",\"breadcrumb\":{\"@id\":\"https:\\\/\\\/gogreen-schweiz.ch\\\/product\\\/detox-balance-mix\\\/#breadcrumb\"},\"inLanguage\":\"en-GB\",\"potentialAction\":[{\"@type\":\"ReadAction\",\"target\":[\"https:\\\/\\\/gogreen-schweiz.ch\\\/product\\\/detox-balance-mix\\\/\"]}]},{\"@type\":\"ImageObject\",\"inLanguage\":\"en-GB\",\"@id\":\"https:\\\/\\\/gogreen-schweiz.ch\\\/product\\\/detox-balance-mix\\\/#primaryimage\",\"url\":\"https:\\\/\\\/gogreen-schweiz.ch\\\/wp-content\\\/uploads\\\/2025\\\/08\\\/Schale-6.webp\",\"contentUrl\":\"https:\\\/\\\/gogreen-schweiz.ch\\\/wp-content\\\/uploads\\\/2025\\\/08\\\/Schale-6.webp\",\"width\":600,\"height\":600},{\"@type\":\"BreadcrumbList\",\"@id\":\"https:\\\/\\\/gogreen-schweiz.ch\\\/product\\\/detox-balance-mix\\\/#breadcrumb\",\"itemListElement\":[{\"@type\":\"ListItem\",\"position\":1,\"name\":\"Home\",\"item\":\"https:\\\/\\\/gogreen-schweiz.ch\\\/\"},{\"@type\":\"ListItem\",\"position\":2,\"name\":\"Shop\",\"item\":\"https:\\\/\\\/gogreen-schweiz.ch\\\/shop\\\/\"},{\"@type\":\"ListItem\",\"position\":3,\"name\":\"Detox &#038; Balance Mix\"}]},{\"@type\":\"WebSite\",\"@id\":\"https:\\\/\\\/gogreen-schweiz.ch\\\/#website\",\"url\":\"https:\\\/\\\/gogreen-schweiz.ch\\\/\",\"name\":\"Go Green - Schweiz GmbH\",\"description\":\"\",\"publisher\":{\"@id\":\"https:\\\/\\\/gogreen-schweiz.ch\\\/#organization\"},\"potentialAction\":[{\"@type\":\"SearchAction\",\"target\":{\"@type\":\"EntryPoint\",\"urlTemplate\":\"https:\\\/\\\/gogreen-schweiz.ch\\\/?s={search_term_string}\"},\"query-input\":{\"@type\":\"PropertyValueSpecification\",\"valueRequired\":true,\"valueName\":\"search_term_string\"}}],\"inLanguage\":\"en-GB\"},{\"@type\":\"Organization\",\"@id\":\"https:\\\/\\\/gogreen-schweiz.ch\\\/#organization\",\"name\":\"Go Green - Schweiz GmbH\",\"url\":\"https:\\\/\\\/gogreen-schweiz.ch\\\/\",\"logo\":{\"@type\":\"ImageObject\",\"inLanguage\":\"en-GB\",\"@id\":\"https:\\\/\\\/gogreen-schweiz.ch\\\/#\\\/schema\\\/logo\\\/image\\\/\",\"url\":\"https:\\\/\\\/gogreen-schweiz.ch\\\/wp-content\\\/uploads\\\/2025\\\/07\\\/cropped-Go-Green.webp\",\"contentUrl\":\"https:\\\/\\\/gogreen-schweiz.ch\\\/wp-content\\\/uploads\\\/2025\\\/07\\\/cropped-Go-Green.webp\",\"width\":512,\"height\":512,\"caption\":\"Go Green - Schweiz GmbH\"},\"image\":{\"@id\":\"https:\\\/\\\/gogreen-schweiz.ch\\\/#\\\/schema\\\/logo\\\/image\\\/\"},\"sameAs\":[\"https:\\\/\\\/www.instagram.com\\\/gogreenschweiz\"]}]}<\/script>\n<!-- \/ Yoast SEO plugin. -->","yoast_head_json":{"title":"Detox & Balance Mix \u2013 Mikrogreensamen-Mischung f\u00fcr Entgiftung und Energie | Go Green Schweiz","description":"Detox & Balance Mikrogreensamen-Mischung von Go Green Schweiz. Brokkoli, Kresse, Amaranth, Radieschen und Mizuna \u2013 f\u00fcr eine sanfte Entgiftung des K\u00f6rpers, Energie und strahlende Haut.","robots":{"index":"index","follow":"follow","max-snippet":"max-snippet:-1","max-image-preview":"max-image-preview:large","max-video-preview":"max-video-preview:-1"},"canonical":"https:\/\/gogreen-schweiz.ch\/en\/product\/detox-balance-mix\/","og_locale":"en_GB","og_type":"article","og_title":"Detox & Balance Mix \u2013 Mikrogreensamen-Mischung f\u00fcr Entgiftung und Energie | Go Green Schweiz","og_description":"Detox & Balance Mikrogreensamen-Mischung von Go Green Schweiz. Brokkoli, Kresse, Amaranth, Radieschen und Mizuna \u2013 f\u00fcr eine sanfte Entgiftung des K\u00f6rpers, Energie und strahlende Haut.","og_url":"https:\/\/gogreen-schweiz.ch\/en\/product\/detox-balance-mix\/","og_site_name":"Go Green - Schweiz GmbH","article_modified_time":"2025-11-17T21:20:58+00:00","og_image":[{"width":600,"height":600,"url":"https:\/\/gogreen-schweiz.ch\/wp-content\/uploads\/2025\/08\/Schale-6.webp","type":"image\/webp"}],"twitter_card":"summary_large_image","twitter_misc":{"Estimated reading time":"1 minute"},"schema":{"@context":"https:\/\/schema.org","@graph":[{"@type":"WebPage","@id":"https:\/\/gogreen-schweiz.ch\/product\/detox-balance-mix\/","url":"https:\/\/gogreen-schweiz.ch\/product\/detox-balance-mix\/","name":"Detox & Balance Mix \u2013 Mikrogreensamen-Mischung f\u00fcr Entgiftung und Energie | Go Green Schweiz","isPartOf":{"@id":"https:\/\/gogreen-schweiz.ch\/#website"},"primaryImageOfPage":{"@id":"https:\/\/gogreen-schweiz.ch\/product\/detox-balance-mix\/#primaryimage"},"image":{"@id":"https:\/\/gogreen-schweiz.ch\/product\/detox-balance-mix\/#primaryimage"},"thumbnailUrl":"https:\/\/gogreen-schweiz.ch\/wp-content\/uploads\/2025\/08\/Schale-6.webp","datePublished":"2025-10-29T14:44:55+00:00","dateModified":"2025-11-17T21:20:58+00:00","description":"Detox & Balance Mikrogreensamen-Mischung von Go Green Schweiz. Brokkoli, Kresse, Amaranth, Radieschen und Mizuna \u2013 f\u00fcr eine sanfte Entgiftung des K\u00f6rpers, Energie und strahlende Haut.","breadcrumb":{"@id":"https:\/\/gogreen-schweiz.ch\/product\/detox-balance-mix\/#breadcrumb"},"inLanguage":"en-GB","potentialAction":[{"@type":"ReadAction","target":["https:\/\/gogreen-schweiz.ch\/product\/detox-balance-mix\/"]}]},{"@type":"ImageObject","inLanguage":"en-GB","@id":"https:\/\/gogreen-schweiz.ch\/product\/detox-balance-mix\/#primaryimage","url":"https:\/\/gogreen-schweiz.ch\/wp-content\/uploads\/2025\/08\/Schale-6.webp","contentUrl":"https:\/\/gogreen-schweiz.ch\/wp-content\/uploads\/2025\/08\/Schale-6.webp","width":600,"height":600},{"@type":"BreadcrumbList","@id":"https:\/\/gogreen-schweiz.ch\/product\/detox-balance-mix\/#breadcrumb","itemListElement":[{"@type":"ListItem","position":1,"name":"Home","item":"https:\/\/gogreen-schweiz.ch\/"},{"@type":"ListItem","position":2,"name":"Shop","item":"https:\/\/gogreen-schweiz.ch\/shop\/"},{"@type":"ListItem","position":3,"name":"Detox &#038; Balance Mix"}]},{"@type":"WebSite","@id":"https:\/\/gogreen-schweiz.ch\/#website","url":"https:\/\/gogreen-schweiz.ch\/","name":"Go Green - Schweiz GmbH","description":"","publisher":{"@id":"https:\/\/gogreen-schweiz.ch\/#organization"},"potentialAction":[{"@type":"SearchAction","target":{"@type":"EntryPoint","urlTemplate":"https:\/\/gogreen-schweiz.ch\/?s={search_term_string}"},"query-input":{"@type":"PropertyValueSpecification","valueRequired":true,"valueName":"search_term_string"}}],"inLanguage":"en-GB"},{"@type":"Organization","@id":"https:\/\/gogreen-schweiz.ch\/#organization","name":"Go Green - Schweiz GmbH","url":"https:\/\/gogreen-schweiz.ch\/","logo":{"@type":"ImageObject","inLanguage":"en-GB","@id":"https:\/\/gogreen-schweiz.ch\/#\/schema\/logo\/image\/","url":"https:\/\/gogreen-schweiz.ch\/wp-content\/uploads\/2025\/07\/cropped-Go-Green.webp","contentUrl":"https:\/\/gogreen-schweiz.ch\/wp-content\/uploads\/2025\/07\/cropped-Go-Green.webp","width":512,"height":512,"caption":"Go Green - Schweiz GmbH"},"image":{"@id":"https:\/\/gogreen-schweiz.ch\/#\/schema\/logo\/image\/"},"sameAs":["https:\/\/www.instagram.com\/gogreenschweiz"]}]}},"jetpack_sharing_enabled":true,"_links":{"self":[{"href":"https:\/\/gogreen-schweiz.ch\/en\/wp-json\/wp\/v2\/product\/1678","targetHints":{"allow":["GET"]}}],"collection":[{"href":"https:\/\/gogreen-schweiz.ch\/en\/wp-json\/wp\/v2\/product"}],"about":[{"href":"https:\/\/gogreen-schweiz.ch\/en\/wp-json\/wp\/v2\/types\/product"}],"wp:featuredmedia":[{"embeddable":true,"href":"https:\/\/gogreen-schweiz.ch\/en\/wp-json\/wp\/v2\/media\/1051"}],"wp:attachment":[{"href":"https:\/\/gogreen-schweiz.ch\/en\/wp-json\/wp\/v2\/media?parent=1678"}],"wp:term":[{"taxonomy":"product_brand","embeddable":true,"href":"https:\/\/gogreen-schweiz.ch\/en\/wp-json\/wp\/v2\/product_brand?post=1678"},{"taxonomy":"product_cat","embeddable":true,"href":"https:\/\/gogreen-schweiz.ch\/en\/wp-json\/wp\/v2\/product_cat?post=1678"},{"taxonomy":"product_tag","embeddable":true,"href":"https:\/\/gogreen-schweiz.ch\/en\/wp-json\/wp\/v2\/product_tag?post=1678"}],"curies":[{"name":"wp","href":"https:\/\/api.w.org\/{rel}","templated":true}]}}