{"id":1679,"date":"2025-10-29T17:02:03","date_gmt":"2025-10-29T15:02:03","guid":{"rendered":"https:\/\/gogreen-schweiz.ch\/?post_type=product&#038;p=1679"},"modified":"2025-11-17T23:20:31","modified_gmt":"2025-11-17T21:20:31","slug":"beauty-skin-mix","status":"publish","type":"product","link":"https:\/\/gogreen-schweiz.ch\/en\/product\/beauty-skin-mix\/","title":{"rendered":"Beauty &#038; Skin Mix"},"content":{"rendered":"<p>Mit diesem Set bekommen Sie:<\/p>\n<ul>\n<li><a href=\"https:\/\/gogreen-schweiz.ch\/en\/product\/amaranth-samen\/\">Amaranth Samen<\/a>, 30 g<\/li>\n<li><a href=\"https:\/\/gogreen-schweiz.ch\/en\/product\/mizuna-rote-samen\/\">Mizuna rote Samen<\/a>, 30 g<\/li>\n<li><a href=\"https:\/\/gogreen-schweiz.ch\/en\/product\/basilikum-red-opal-samen\/\">Basilikum Samen<\/a>, 30 g<\/li>\n<li><a href=\"https:\/\/gogreen-schweiz.ch\/en\/product\/alfaalfa-samen\/\">Alfalfa Samen<\/a>, 30 g<\/li>\n<li><a href=\"https:\/\/gogreen-schweiz.ch\/en\/product\/fenchel-samen\/\">Fenchel Samen<\/a>, 25 g<\/li>\n<\/ul>\n<p>Vorteile:<\/p>\n<ul>\n<li data-start=\"1890\" data-end=\"1939\">Verbessert das Hautbild, st\u00e4rkt Haare und N\u00e4gel<\/li>\n<li data-start=\"1942\" data-end=\"1986\">Reich an Antioxidantien (Vitamine A, C, E)<\/li>\n<li data-start=\"1989\" data-end=\"2039\">Unterst\u00fctzt die nat\u00fcrliche Reinigung des K\u00f6rpers<\/li>\n<li data-start=\"2042\" data-end=\"2078\">F\u00f6rdert Vitalit\u00e4t und Ausstrahlung<\/li>\n<\/ul>","protected":false},"excerpt":{"rendered":"<p>Der Beauty &amp; Skin Mix wurde entwickelt, um Sch\u00f6nheit von innen heraus zu f\u00f6rdern.<\/p>\n<p>Diese Mischung ist reich an den Vitaminen A, C und E \u2013 starken Antioxidantien, die den Alterungsprozess verlangsamen und Haut, Haare und N\u00e4gel st\u00e4rken.<\/p>\n<p>Fenchel und rotes Basilikum f\u00f6rdern die Durchblutung und den Stoffwechsel und verleihen der Haut Spannkraft und einen nat\u00fcrlichen Glow. Amaranth und Alfalfa liefern pflanzliches Eiweiss und Spurenelemente, die f\u00fcr Vitalit\u00e4t und ein frisches Aussehen sorgen.<\/p>","protected":false},"featured_media":1051,"template":"","meta":{"_coblocks_attr":"","_coblocks_dimensions":"","_coblocks_responsive_height":"","_coblocks_accordion_ie_support":"","wprm-recipe-roundup-name":"","wprm-recipe-roundup-description":""},"product_brand":[],"product_cat":[55,56,101],"product_tag":[],"class_list":{"0":"post-1679","1":"product","2":"type-product","3":"status-publish","4":"has-post-thumbnail","6":"product_cat-anbau-von-microgreens","7":"product_cat-samen","8":"product_cat-samenset","9":"product_shipping_class-dry","11":"first","12":"instock","13":"taxable","14":"shipping-taxable","15":"purchasable","16":"product-type-simple"},"yoast_head":"<!-- This site is optimized with the Yoast SEO plugin v27.5 - https:\/\/yoast.com\/product\/yoast-seo-wordpress\/ -->\n<title>Beauty &amp; Skin Mix \u2013 Mikrogreensamen-Mischung f\u00fcr strahlende Haut und Sch\u00f6nheit | Go Green Schweiz<\/title>\n<meta name=\"description\" content=\"Mikrogreensamen-Mischung Beauty &amp; Skin von Go Green Schweiz. Amaranth, Luzerne, Fenchel, Mizuna und Basilikum \u2013 Vitamine und Antioxidantien f\u00fcr strahlende Haut und Gesundheit von innen heraus.\" \/>\n<meta name=\"robots\" content=\"index, follow, max-snippet:-1, max-image-preview:large, max-video-preview:-1\" \/>\n<link rel=\"canonical\" href=\"https:\/\/gogreen-schweiz.ch\/en\/product\/beauty-skin-mix\/\" \/>\n<meta property=\"og:locale\" content=\"en_GB\" \/>\n<meta property=\"og:type\" content=\"article\" \/>\n<meta property=\"og:title\" content=\"Beauty &amp; Skin Mix \u2013 Mikrogreensamen-Mischung f\u00fcr strahlende Haut und Sch\u00f6nheit | Go Green Schweiz\" \/>\n<meta property=\"og:description\" content=\"Mikrogreensamen-Mischung Beauty &amp; Skin von Go Green Schweiz. Amaranth, Luzerne, Fenchel, Mizuna und Basilikum \u2013 Vitamine und Antioxidantien f\u00fcr strahlende Haut und Gesundheit von innen heraus.\" \/>\n<meta property=\"og:url\" content=\"https:\/\/gogreen-schweiz.ch\/en\/product\/beauty-skin-mix\/\" \/>\n<meta property=\"og:site_name\" content=\"Go Green - Schweiz GmbH\" \/>\n<meta property=\"article:modified_time\" content=\"2025-11-17T21:20:31+00:00\" \/>\n<meta property=\"og:image\" content=\"https:\/\/gogreen-schweiz.ch\/wp-content\/uploads\/2025\/08\/Schale-6.webp\" \/>\n\t<meta property=\"og:image:width\" content=\"600\" \/>\n\t<meta property=\"og:image:height\" content=\"600\" \/>\n\t<meta property=\"og:image:type\" content=\"image\/webp\" \/>\n<meta name=\"twitter:card\" content=\"summary_large_image\" \/>\n<meta name=\"twitter:label1\" content=\"Estimated reading time\" \/>\n\t<meta name=\"twitter:data1\" content=\"1 minute\" \/>\n<script type=\"application\/ld+json\" class=\"yoast-schema-graph\">{\"@context\":\"https:\\\/\\\/schema.org\",\"@graph\":[{\"@type\":\"WebPage\",\"@id\":\"https:\\\/\\\/gogreen-schweiz.ch\\\/product\\\/beauty-skin-mix\\\/\",\"url\":\"https:\\\/\\\/gogreen-schweiz.ch\\\/product\\\/beauty-skin-mix\\\/\",\"name\":\"Beauty & Skin Mix \u2013 Mikrogreensamen-Mischung f\u00fcr strahlende Haut und Sch\u00f6nheit | Go Green Schweiz\",\"isPartOf\":{\"@id\":\"https:\\\/\\\/gogreen-schweiz.ch\\\/#website\"},\"primaryImageOfPage\":{\"@id\":\"https:\\\/\\\/gogreen-schweiz.ch\\\/product\\\/beauty-skin-mix\\\/#primaryimage\"},\"image\":{\"@id\":\"https:\\\/\\\/gogreen-schweiz.ch\\\/product\\\/beauty-skin-mix\\\/#primaryimage\"},\"thumbnailUrl\":\"https:\\\/\\\/gogreen-schweiz.ch\\\/wp-content\\\/uploads\\\/2025\\\/08\\\/Schale-6.webp\",\"datePublished\":\"2025-10-29T15:02:03+00:00\",\"dateModified\":\"2025-11-17T21:20:31+00:00\",\"description\":\"Mikrogreensamen-Mischung Beauty & Skin von Go Green Schweiz. Amaranth, Luzerne, Fenchel, Mizuna und Basilikum \u2013 Vitamine und Antioxidantien f\u00fcr strahlende Haut und Gesundheit von innen heraus.\",\"breadcrumb\":{\"@id\":\"https:\\\/\\\/gogreen-schweiz.ch\\\/product\\\/beauty-skin-mix\\\/#breadcrumb\"},\"inLanguage\":\"en-GB\",\"potentialAction\":[{\"@type\":\"ReadAction\",\"target\":[\"https:\\\/\\\/gogreen-schweiz.ch\\\/product\\\/beauty-skin-mix\\\/\"]}]},{\"@type\":\"ImageObject\",\"inLanguage\":\"en-GB\",\"@id\":\"https:\\\/\\\/gogreen-schweiz.ch\\\/product\\\/beauty-skin-mix\\\/#primaryimage\",\"url\":\"https:\\\/\\\/gogreen-schweiz.ch\\\/wp-content\\\/uploads\\\/2025\\\/08\\\/Schale-6.webp\",\"contentUrl\":\"https:\\\/\\\/gogreen-schweiz.ch\\\/wp-content\\\/uploads\\\/2025\\\/08\\\/Schale-6.webp\",\"width\":600,\"height\":600},{\"@type\":\"BreadcrumbList\",\"@id\":\"https:\\\/\\\/gogreen-schweiz.ch\\\/product\\\/beauty-skin-mix\\\/#breadcrumb\",\"itemListElement\":[{\"@type\":\"ListItem\",\"position\":1,\"name\":\"Home\",\"item\":\"https:\\\/\\\/gogreen-schweiz.ch\\\/\"},{\"@type\":\"ListItem\",\"position\":2,\"name\":\"Shop\",\"item\":\"https:\\\/\\\/gogreen-schweiz.ch\\\/shop\\\/\"},{\"@type\":\"ListItem\",\"position\":3,\"name\":\"Beauty &#038; Skin Mix\"}]},{\"@type\":\"WebSite\",\"@id\":\"https:\\\/\\\/gogreen-schweiz.ch\\\/#website\",\"url\":\"https:\\\/\\\/gogreen-schweiz.ch\\\/\",\"name\":\"Go Green - Schweiz GmbH\",\"description\":\"\",\"publisher\":{\"@id\":\"https:\\\/\\\/gogreen-schweiz.ch\\\/#organization\"},\"potentialAction\":[{\"@type\":\"SearchAction\",\"target\":{\"@type\":\"EntryPoint\",\"urlTemplate\":\"https:\\\/\\\/gogreen-schweiz.ch\\\/?s={search_term_string}\"},\"query-input\":{\"@type\":\"PropertyValueSpecification\",\"valueRequired\":true,\"valueName\":\"search_term_string\"}}],\"inLanguage\":\"en-GB\"},{\"@type\":\"Organization\",\"@id\":\"https:\\\/\\\/gogreen-schweiz.ch\\\/#organization\",\"name\":\"Go Green - Schweiz GmbH\",\"url\":\"https:\\\/\\\/gogreen-schweiz.ch\\\/\",\"logo\":{\"@type\":\"ImageObject\",\"inLanguage\":\"en-GB\",\"@id\":\"https:\\\/\\\/gogreen-schweiz.ch\\\/#\\\/schema\\\/logo\\\/image\\\/\",\"url\":\"https:\\\/\\\/gogreen-schweiz.ch\\\/wp-content\\\/uploads\\\/2025\\\/07\\\/cropped-Go-Green.webp\",\"contentUrl\":\"https:\\\/\\\/gogreen-schweiz.ch\\\/wp-content\\\/uploads\\\/2025\\\/07\\\/cropped-Go-Green.webp\",\"width\":512,\"height\":512,\"caption\":\"Go Green - Schweiz GmbH\"},\"image\":{\"@id\":\"https:\\\/\\\/gogreen-schweiz.ch\\\/#\\\/schema\\\/logo\\\/image\\\/\"},\"sameAs\":[\"https:\\\/\\\/www.instagram.com\\\/gogreenschweiz\"]}]}<\/script>\n<!-- \/ Yoast SEO plugin. -->","yoast_head_json":{"title":"Beauty & Skin Mix \u2013 Mikrogreensamen-Mischung f\u00fcr strahlende Haut und Sch\u00f6nheit | Go Green Schweiz","description":"Mikrogreensamen-Mischung Beauty & Skin von Go Green Schweiz. Amaranth, Luzerne, Fenchel, Mizuna und Basilikum \u2013 Vitamine und Antioxidantien f\u00fcr strahlende Haut und Gesundheit von innen heraus.","robots":{"index":"index","follow":"follow","max-snippet":"max-snippet:-1","max-image-preview":"max-image-preview:large","max-video-preview":"max-video-preview:-1"},"canonical":"https:\/\/gogreen-schweiz.ch\/en\/product\/beauty-skin-mix\/","og_locale":"en_GB","og_type":"article","og_title":"Beauty & Skin Mix \u2013 Mikrogreensamen-Mischung f\u00fcr strahlende Haut und Sch\u00f6nheit | Go Green Schweiz","og_description":"Mikrogreensamen-Mischung Beauty & Skin von Go Green Schweiz. Amaranth, Luzerne, Fenchel, Mizuna und Basilikum \u2013 Vitamine und Antioxidantien f\u00fcr strahlende Haut und Gesundheit von innen heraus.","og_url":"https:\/\/gogreen-schweiz.ch\/en\/product\/beauty-skin-mix\/","og_site_name":"Go Green - Schweiz GmbH","article_modified_time":"2025-11-17T21:20:31+00:00","og_image":[{"width":600,"height":600,"url":"https:\/\/gogreen-schweiz.ch\/wp-content\/uploads\/2025\/08\/Schale-6.webp","type":"image\/webp"}],"twitter_card":"summary_large_image","twitter_misc":{"Estimated reading time":"1 minute"},"schema":{"@context":"https:\/\/schema.org","@graph":[{"@type":"WebPage","@id":"https:\/\/gogreen-schweiz.ch\/product\/beauty-skin-mix\/","url":"https:\/\/gogreen-schweiz.ch\/product\/beauty-skin-mix\/","name":"Beauty & Skin Mix \u2013 Mikrogreensamen-Mischung f\u00fcr strahlende Haut und Sch\u00f6nheit | Go Green Schweiz","isPartOf":{"@id":"https:\/\/gogreen-schweiz.ch\/#website"},"primaryImageOfPage":{"@id":"https:\/\/gogreen-schweiz.ch\/product\/beauty-skin-mix\/#primaryimage"},"image":{"@id":"https:\/\/gogreen-schweiz.ch\/product\/beauty-skin-mix\/#primaryimage"},"thumbnailUrl":"https:\/\/gogreen-schweiz.ch\/wp-content\/uploads\/2025\/08\/Schale-6.webp","datePublished":"2025-10-29T15:02:03+00:00","dateModified":"2025-11-17T21:20:31+00:00","description":"Mikrogreensamen-Mischung Beauty & Skin von Go Green Schweiz. Amaranth, Luzerne, Fenchel, Mizuna und Basilikum \u2013 Vitamine und Antioxidantien f\u00fcr strahlende Haut und Gesundheit von innen heraus.","breadcrumb":{"@id":"https:\/\/gogreen-schweiz.ch\/product\/beauty-skin-mix\/#breadcrumb"},"inLanguage":"en-GB","potentialAction":[{"@type":"ReadAction","target":["https:\/\/gogreen-schweiz.ch\/product\/beauty-skin-mix\/"]}]},{"@type":"ImageObject","inLanguage":"en-GB","@id":"https:\/\/gogreen-schweiz.ch\/product\/beauty-skin-mix\/#primaryimage","url":"https:\/\/gogreen-schweiz.ch\/wp-content\/uploads\/2025\/08\/Schale-6.webp","contentUrl":"https:\/\/gogreen-schweiz.ch\/wp-content\/uploads\/2025\/08\/Schale-6.webp","width":600,"height":600},{"@type":"BreadcrumbList","@id":"https:\/\/gogreen-schweiz.ch\/product\/beauty-skin-mix\/#breadcrumb","itemListElement":[{"@type":"ListItem","position":1,"name":"Home","item":"https:\/\/gogreen-schweiz.ch\/"},{"@type":"ListItem","position":2,"name":"Shop","item":"https:\/\/gogreen-schweiz.ch\/shop\/"},{"@type":"ListItem","position":3,"name":"Beauty &#038; Skin Mix"}]},{"@type":"WebSite","@id":"https:\/\/gogreen-schweiz.ch\/#website","url":"https:\/\/gogreen-schweiz.ch\/","name":"Go Green - Schweiz GmbH","description":"","publisher":{"@id":"https:\/\/gogreen-schweiz.ch\/#organization"},"potentialAction":[{"@type":"SearchAction","target":{"@type":"EntryPoint","urlTemplate":"https:\/\/gogreen-schweiz.ch\/?s={search_term_string}"},"query-input":{"@type":"PropertyValueSpecification","valueRequired":true,"valueName":"search_term_string"}}],"inLanguage":"en-GB"},{"@type":"Organization","@id":"https:\/\/gogreen-schweiz.ch\/#organization","name":"Go Green - Schweiz GmbH","url":"https:\/\/gogreen-schweiz.ch\/","logo":{"@type":"ImageObject","inLanguage":"en-GB","@id":"https:\/\/gogreen-schweiz.ch\/#\/schema\/logo\/image\/","url":"https:\/\/gogreen-schweiz.ch\/wp-content\/uploads\/2025\/07\/cropped-Go-Green.webp","contentUrl":"https:\/\/gogreen-schweiz.ch\/wp-content\/uploads\/2025\/07\/cropped-Go-Green.webp","width":512,"height":512,"caption":"Go Green - Schweiz GmbH"},"image":{"@id":"https:\/\/gogreen-schweiz.ch\/#\/schema\/logo\/image\/"},"sameAs":["https:\/\/www.instagram.com\/gogreenschweiz"]}]}},"jetpack_sharing_enabled":true,"_links":{"self":[{"href":"https:\/\/gogreen-schweiz.ch\/en\/wp-json\/wp\/v2\/product\/1679","targetHints":{"allow":["GET"]}}],"collection":[{"href":"https:\/\/gogreen-schweiz.ch\/en\/wp-json\/wp\/v2\/product"}],"about":[{"href":"https:\/\/gogreen-schweiz.ch\/en\/wp-json\/wp\/v2\/types\/product"}],"wp:featuredmedia":[{"embeddable":true,"href":"https:\/\/gogreen-schweiz.ch\/en\/wp-json\/wp\/v2\/media\/1051"}],"wp:attachment":[{"href":"https:\/\/gogreen-schweiz.ch\/en\/wp-json\/wp\/v2\/media?parent=1679"}],"wp:term":[{"taxonomy":"product_brand","embeddable":true,"href":"https:\/\/gogreen-schweiz.ch\/en\/wp-json\/wp\/v2\/product_brand?post=1679"},{"taxonomy":"product_cat","embeddable":true,"href":"https:\/\/gogreen-schweiz.ch\/en\/wp-json\/wp\/v2\/product_cat?post=1679"},{"taxonomy":"product_tag","embeddable":true,"href":"https:\/\/gogreen-schweiz.ch\/en\/wp-json\/wp\/v2\/product_tag?post=1679"}],"curies":[{"name":"wp","href":"https:\/\/api.w.org\/{rel}","templated":true}]}}