{"id":1708,"date":"2025-11-08T14:49:55","date_gmt":"2025-11-08T12:49:55","guid":{"rendered":"https:\/\/gogreen-schweiz.ch\/?post_type=product&#038;p=1708"},"modified":"2025-12-01T11:28:13","modified_gmt":"2025-12-01T09:28:13","slug":"gute-nacht-miktotee","status":"publish","type":"product","link":"https:\/\/gogreen-schweiz.ch\/en\/product\/gute-nacht-miktotee\/","title":{"rendered":"Gute Nacht Miktotee"},"content":{"rendered":"<p><strong>Zutaten:<\/strong> Melisse, Lindenbl\u00fcten, Passionsblume, Lavendel,\u00a0 Steinklee, Schl\u00fcsselblume, Gefriergetrocknetes Brokkoli-Mikrogreens, Gefriergetrocknetes Sonnenblumen-Mikrogreens.<\/p>\n<p data-start=\"1695\" data-end=\"1734\"><strong data-start=\"1702\" data-end=\"1734\">Zubereitung:<\/strong><\/p>\n<ol>\n<li data-start=\"1695\" data-end=\"1734\">1\u20132 Teel\u00f6ffel auf 250 ml heisses Wasser (\u2248 90 \u00b0C).<\/li>\n<li data-start=\"1695\" data-end=\"1734\">8\u201310 Minuten ziehen lassen.<\/li>\n<li data-start=\"1695\" data-end=\"1734\">Warm trinken, gegebenenfalls mit einem L\u00f6ffel Honig.<\/li>\n<\/ol>\n<p><strong data-start=\"1855\" data-end=\"1884\">Wann trinken:<\/strong>Am besten abends, 30 bis 60 Minuten vor dem Schlafengehen. Geeignet f\u00fcr die abendliche Routine nach der Arbeit, nach Yoga oder nach einem Spaziergang.<\/p>\n<p><b>Wirkung:<\/b><\/p>\n<ul>\n<li>Beruhigt das Nervensystem<\/li>\n<li>Lindert Stress und Angstzust\u00e4nde<\/li>\n<li>Verbessert die Schlafqualit\u00e4t<\/li>\n<li>Unterst\u00fctzt die Zellregeneration<\/li>\n<li>Versorgt den K\u00f6rper mit Spurenelementen und Antioxidantien<\/li>\n<\/ul>","protected":false},"excerpt":{"rendered":"<p>Koffeinfrei, 100 % Bio, ideal f\u00fcr die ganze Familie.<\/p>\n<p>Good Night ist eine sanfte, entspannende Teemischung f\u00fcr Ruhe und erholsamen Schlaf.<\/p>\n<p>Melisse, Lindenbl\u00fcten und Zitronenverbene beruhigen den Geist, w\u00e4hrend Lavendel und Passionsblume innere Ausgeglichenheit schenken.<\/p>\n<p>Steinklee und Schl\u00fcsselblume unterst\u00fctzen die Regeneration, und gefriergetrocknetes Brokkoli- und Sonnenblumen-Microgreen liefern nat\u00fcrliche Antioxidantien und Magnesium \u2013 perfekt f\u00fcr einen friedlichen Abend.<\/p>","protected":false},"featured_media":1741,"template":"","meta":{"_coblocks_attr":"","_coblocks_dimensions":"","_coblocks_responsive_height":"","_coblocks_accordion_ie_support":"","wprm-recipe-roundup-name":"","wprm-recipe-roundup-description":""},"product_brand":[],"product_cat":[16],"product_tag":[103,102],"class_list":{"0":"post-1708","1":"product","2":"type-product","3":"status-publish","4":"has-post-thumbnail","6":"product_cat-mikrotee","7":"product_tag-microgreens","8":"product_tag-tee","9":"product_shipping_class-dry","11":"first","12":"instock","13":"taxable","14":"shipping-taxable","15":"purchasable","16":"product-type-simple"},"yoast_head":"<!-- This site is optimized with the Yoast SEO plugin v27.5 - https:\/\/yoast.com\/product\/yoast-seo-wordpress\/ -->\n<title>Gute Nacht Tea \u2013 Kr\u00e4utertee mit Microgreens f\u00fcr einen erholsamen Schlaf und innere Ruhe | Go Green Schweiz<\/title>\n<meta name=\"description\" content=\"Nat\u00fcrlicher Gute Nacht Tee mit Brokkoli- und Sonnenblumen-Microgreens, Melisse, Lavendel und Lindenbl\u00fcten. Koffeinfrei. F\u00f6rdert die Entspannung und einen tiefen Schlaf.\" \/>\n<meta name=\"robots\" content=\"index, follow, max-snippet:-1, max-image-preview:large, max-video-preview:-1\" \/>\n<link rel=\"canonical\" href=\"https:\/\/gogreen-schweiz.ch\/en\/product\/gute-nacht-miktotee\/\" \/>\n<meta property=\"og:locale\" content=\"en_GB\" \/>\n<meta property=\"og:type\" content=\"article\" \/>\n<meta property=\"og:title\" content=\"Gute Nacht Tea \u2013 Kr\u00e4utertee mit Microgreens f\u00fcr einen erholsamen Schlaf und innere Ruhe | Go Green Schweiz\" \/>\n<meta property=\"og:description\" content=\"Nat\u00fcrlicher Gute Nacht Tee mit Brokkoli- und Sonnenblumen-Microgreens, Melisse, Lavendel und Lindenbl\u00fcten. Koffeinfrei. F\u00f6rdert die Entspannung und einen tiefen Schlaf.\" \/>\n<meta property=\"og:url\" content=\"https:\/\/gogreen-schweiz.ch\/en\/product\/gute-nacht-miktotee\/\" \/>\n<meta property=\"og:site_name\" content=\"Go Green - Schweiz GmbH\" \/>\n<meta property=\"article:modified_time\" content=\"2025-12-01T09:28:13+00:00\" \/>\n<meta property=\"og:image\" content=\"https:\/\/gogreen-schweiz.ch\/wp-content\/uploads\/2025\/11\/Gute-Nacht-1.webp\" \/>\n\t<meta property=\"og:image:width\" content=\"600\" \/>\n\t<meta property=\"og:image:height\" content=\"600\" \/>\n\t<meta property=\"og:image:type\" content=\"image\/webp\" \/>\n<meta name=\"twitter:card\" content=\"summary_large_image\" \/>\n<meta name=\"twitter:label1\" content=\"Estimated reading time\" \/>\n\t<meta name=\"twitter:data1\" content=\"1 minute\" \/>\n<script type=\"application\/ld+json\" class=\"yoast-schema-graph\">{\"@context\":\"https:\\\/\\\/schema.org\",\"@graph\":[{\"@type\":\"WebPage\",\"@id\":\"https:\\\/\\\/gogreen-schweiz.ch\\\/product\\\/gute-nacht-miktotee\\\/\",\"url\":\"https:\\\/\\\/gogreen-schweiz.ch\\\/product\\\/gute-nacht-miktotee\\\/\",\"name\":\"Gute Nacht Tea \u2013 Kr\u00e4utertee mit Microgreens f\u00fcr einen erholsamen Schlaf und innere Ruhe | Go Green Schweiz\",\"isPartOf\":{\"@id\":\"https:\\\/\\\/gogreen-schweiz.ch\\\/#website\"},\"primaryImageOfPage\":{\"@id\":\"https:\\\/\\\/gogreen-schweiz.ch\\\/product\\\/gute-nacht-miktotee\\\/#primaryimage\"},\"image\":{\"@id\":\"https:\\\/\\\/gogreen-schweiz.ch\\\/product\\\/gute-nacht-miktotee\\\/#primaryimage\"},\"thumbnailUrl\":\"https:\\\/\\\/gogreen-schweiz.ch\\\/wp-content\\\/uploads\\\/2025\\\/11\\\/Gute-Nacht-1.webp\",\"datePublished\":\"2025-11-08T12:49:55+00:00\",\"dateModified\":\"2025-12-01T09:28:13+00:00\",\"description\":\"Nat\u00fcrlicher Gute Nacht Tee mit Brokkoli- und Sonnenblumen-Microgreens, Melisse, Lavendel und Lindenbl\u00fcten. Koffeinfrei. F\u00f6rdert die Entspannung und einen tiefen Schlaf.\",\"breadcrumb\":{\"@id\":\"https:\\\/\\\/gogreen-schweiz.ch\\\/product\\\/gute-nacht-miktotee\\\/#breadcrumb\"},\"inLanguage\":\"en-GB\",\"potentialAction\":[{\"@type\":\"ReadAction\",\"target\":[\"https:\\\/\\\/gogreen-schweiz.ch\\\/product\\\/gute-nacht-miktotee\\\/\"]}]},{\"@type\":\"ImageObject\",\"inLanguage\":\"en-GB\",\"@id\":\"https:\\\/\\\/gogreen-schweiz.ch\\\/product\\\/gute-nacht-miktotee\\\/#primaryimage\",\"url\":\"https:\\\/\\\/gogreen-schweiz.ch\\\/wp-content\\\/uploads\\\/2025\\\/11\\\/Gute-Nacht-1.webp\",\"contentUrl\":\"https:\\\/\\\/gogreen-schweiz.ch\\\/wp-content\\\/uploads\\\/2025\\\/11\\\/Gute-Nacht-1.webp\",\"width\":600,\"height\":600,\"caption\":\"Good Night Microgreen Tea\"},{\"@type\":\"BreadcrumbList\",\"@id\":\"https:\\\/\\\/gogreen-schweiz.ch\\\/product\\\/gute-nacht-miktotee\\\/#breadcrumb\",\"itemListElement\":[{\"@type\":\"ListItem\",\"position\":1,\"name\":\"Home\",\"item\":\"https:\\\/\\\/gogreen-schweiz.ch\\\/\"},{\"@type\":\"ListItem\",\"position\":2,\"name\":\"Shop\",\"item\":\"https:\\\/\\\/gogreen-schweiz.ch\\\/shop\\\/\"},{\"@type\":\"ListItem\",\"position\":3,\"name\":\"Gute Nacht Miktotee\"}]},{\"@type\":\"WebSite\",\"@id\":\"https:\\\/\\\/gogreen-schweiz.ch\\\/#website\",\"url\":\"https:\\\/\\\/gogreen-schweiz.ch\\\/\",\"name\":\"Go Green - Schweiz GmbH\",\"description\":\"\",\"publisher\":{\"@id\":\"https:\\\/\\\/gogreen-schweiz.ch\\\/#organization\"},\"potentialAction\":[{\"@type\":\"SearchAction\",\"target\":{\"@type\":\"EntryPoint\",\"urlTemplate\":\"https:\\\/\\\/gogreen-schweiz.ch\\\/?s={search_term_string}\"},\"query-input\":{\"@type\":\"PropertyValueSpecification\",\"valueRequired\":true,\"valueName\":\"search_term_string\"}}],\"inLanguage\":\"en-GB\"},{\"@type\":\"Organization\",\"@id\":\"https:\\\/\\\/gogreen-schweiz.ch\\\/#organization\",\"name\":\"Go Green - Schweiz GmbH\",\"url\":\"https:\\\/\\\/gogreen-schweiz.ch\\\/\",\"logo\":{\"@type\":\"ImageObject\",\"inLanguage\":\"en-GB\",\"@id\":\"https:\\\/\\\/gogreen-schweiz.ch\\\/#\\\/schema\\\/logo\\\/image\\\/\",\"url\":\"https:\\\/\\\/gogreen-schweiz.ch\\\/wp-content\\\/uploads\\\/2025\\\/07\\\/cropped-Go-Green.webp\",\"contentUrl\":\"https:\\\/\\\/gogreen-schweiz.ch\\\/wp-content\\\/uploads\\\/2025\\\/07\\\/cropped-Go-Green.webp\",\"width\":512,\"height\":512,\"caption\":\"Go Green - Schweiz GmbH\"},\"image\":{\"@id\":\"https:\\\/\\\/gogreen-schweiz.ch\\\/#\\\/schema\\\/logo\\\/image\\\/\"},\"sameAs\":[\"https:\\\/\\\/www.instagram.com\\\/gogreenschweiz\"]}]}<\/script>\n<!-- \/ Yoast SEO plugin. -->","yoast_head_json":{"title":"Gute Nacht Tea \u2013 Kr\u00e4utertee mit Microgreens f\u00fcr einen erholsamen Schlaf und innere Ruhe | Go Green Schweiz","description":"Nat\u00fcrlicher Gute Nacht Tee mit Brokkoli- und Sonnenblumen-Microgreens, Melisse, Lavendel und Lindenbl\u00fcten. Koffeinfrei. F\u00f6rdert die Entspannung und einen tiefen Schlaf.","robots":{"index":"index","follow":"follow","max-snippet":"max-snippet:-1","max-image-preview":"max-image-preview:large","max-video-preview":"max-video-preview:-1"},"canonical":"https:\/\/gogreen-schweiz.ch\/en\/product\/gute-nacht-miktotee\/","og_locale":"en_GB","og_type":"article","og_title":"Gute Nacht Tea \u2013 Kr\u00e4utertee mit Microgreens f\u00fcr einen erholsamen Schlaf und innere Ruhe | Go Green Schweiz","og_description":"Nat\u00fcrlicher Gute Nacht Tee mit Brokkoli- und Sonnenblumen-Microgreens, Melisse, Lavendel und Lindenbl\u00fcten. Koffeinfrei. F\u00f6rdert die Entspannung und einen tiefen Schlaf.","og_url":"https:\/\/gogreen-schweiz.ch\/en\/product\/gute-nacht-miktotee\/","og_site_name":"Go Green - Schweiz GmbH","article_modified_time":"2025-12-01T09:28:13+00:00","og_image":[{"width":600,"height":600,"url":"https:\/\/gogreen-schweiz.ch\/wp-content\/uploads\/2025\/11\/Gute-Nacht-1.webp","type":"image\/webp"}],"twitter_card":"summary_large_image","twitter_misc":{"Estimated reading time":"1 minute"},"schema":{"@context":"https:\/\/schema.org","@graph":[{"@type":"WebPage","@id":"https:\/\/gogreen-schweiz.ch\/product\/gute-nacht-miktotee\/","url":"https:\/\/gogreen-schweiz.ch\/product\/gute-nacht-miktotee\/","name":"Gute Nacht Tea \u2013 Kr\u00e4utertee mit Microgreens f\u00fcr einen erholsamen Schlaf und innere Ruhe | Go Green Schweiz","isPartOf":{"@id":"https:\/\/gogreen-schweiz.ch\/#website"},"primaryImageOfPage":{"@id":"https:\/\/gogreen-schweiz.ch\/product\/gute-nacht-miktotee\/#primaryimage"},"image":{"@id":"https:\/\/gogreen-schweiz.ch\/product\/gute-nacht-miktotee\/#primaryimage"},"thumbnailUrl":"https:\/\/gogreen-schweiz.ch\/wp-content\/uploads\/2025\/11\/Gute-Nacht-1.webp","datePublished":"2025-11-08T12:49:55+00:00","dateModified":"2025-12-01T09:28:13+00:00","description":"Nat\u00fcrlicher Gute Nacht Tee mit Brokkoli- und Sonnenblumen-Microgreens, Melisse, Lavendel und Lindenbl\u00fcten. Koffeinfrei. F\u00f6rdert die Entspannung und einen tiefen Schlaf.","breadcrumb":{"@id":"https:\/\/gogreen-schweiz.ch\/product\/gute-nacht-miktotee\/#breadcrumb"},"inLanguage":"en-GB","potentialAction":[{"@type":"ReadAction","target":["https:\/\/gogreen-schweiz.ch\/product\/gute-nacht-miktotee\/"]}]},{"@type":"ImageObject","inLanguage":"en-GB","@id":"https:\/\/gogreen-schweiz.ch\/product\/gute-nacht-miktotee\/#primaryimage","url":"https:\/\/gogreen-schweiz.ch\/wp-content\/uploads\/2025\/11\/Gute-Nacht-1.webp","contentUrl":"https:\/\/gogreen-schweiz.ch\/wp-content\/uploads\/2025\/11\/Gute-Nacht-1.webp","width":600,"height":600,"caption":"Good Night Microgreen Tea"},{"@type":"BreadcrumbList","@id":"https:\/\/gogreen-schweiz.ch\/product\/gute-nacht-miktotee\/#breadcrumb","itemListElement":[{"@type":"ListItem","position":1,"name":"Home","item":"https:\/\/gogreen-schweiz.ch\/"},{"@type":"ListItem","position":2,"name":"Shop","item":"https:\/\/gogreen-schweiz.ch\/shop\/"},{"@type":"ListItem","position":3,"name":"Gute Nacht Miktotee"}]},{"@type":"WebSite","@id":"https:\/\/gogreen-schweiz.ch\/#website","url":"https:\/\/gogreen-schweiz.ch\/","name":"Go Green - Schweiz GmbH","description":"","publisher":{"@id":"https:\/\/gogreen-schweiz.ch\/#organization"},"potentialAction":[{"@type":"SearchAction","target":{"@type":"EntryPoint","urlTemplate":"https:\/\/gogreen-schweiz.ch\/?s={search_term_string}"},"query-input":{"@type":"PropertyValueSpecification","valueRequired":true,"valueName":"search_term_string"}}],"inLanguage":"en-GB"},{"@type":"Organization","@id":"https:\/\/gogreen-schweiz.ch\/#organization","name":"Go Green - Schweiz GmbH","url":"https:\/\/gogreen-schweiz.ch\/","logo":{"@type":"ImageObject","inLanguage":"en-GB","@id":"https:\/\/gogreen-schweiz.ch\/#\/schema\/logo\/image\/","url":"https:\/\/gogreen-schweiz.ch\/wp-content\/uploads\/2025\/07\/cropped-Go-Green.webp","contentUrl":"https:\/\/gogreen-schweiz.ch\/wp-content\/uploads\/2025\/07\/cropped-Go-Green.webp","width":512,"height":512,"caption":"Go Green - Schweiz GmbH"},"image":{"@id":"https:\/\/gogreen-schweiz.ch\/#\/schema\/logo\/image\/"},"sameAs":["https:\/\/www.instagram.com\/gogreenschweiz"]}]}},"jetpack_sharing_enabled":true,"_links":{"self":[{"href":"https:\/\/gogreen-schweiz.ch\/en\/wp-json\/wp\/v2\/product\/1708","targetHints":{"allow":["GET"]}}],"collection":[{"href":"https:\/\/gogreen-schweiz.ch\/en\/wp-json\/wp\/v2\/product"}],"about":[{"href":"https:\/\/gogreen-schweiz.ch\/en\/wp-json\/wp\/v2\/types\/product"}],"wp:featuredmedia":[{"embeddable":true,"href":"https:\/\/gogreen-schweiz.ch\/en\/wp-json\/wp\/v2\/media\/1741"}],"wp:attachment":[{"href":"https:\/\/gogreen-schweiz.ch\/en\/wp-json\/wp\/v2\/media?parent=1708"}],"wp:term":[{"taxonomy":"product_brand","embeddable":true,"href":"https:\/\/gogreen-schweiz.ch\/en\/wp-json\/wp\/v2\/product_brand?post=1708"},{"taxonomy":"product_cat","embeddable":true,"href":"https:\/\/gogreen-schweiz.ch\/en\/wp-json\/wp\/v2\/product_cat?post=1708"},{"taxonomy":"product_tag","embeddable":true,"href":"https:\/\/gogreen-schweiz.ch\/en\/wp-json\/wp\/v2\/product_tag?post=1708"}],"curies":[{"name":"wp","href":"https:\/\/api.w.org\/{rel}","templated":true}]}}