{"id":1709,"date":"2025-11-04T16:48:19","date_gmt":"2025-11-04T14:48:19","guid":{"rendered":"https:\/\/gogreen-schweiz.ch\/?post_type=product&#038;p=1709"},"modified":"2025-12-01T11:29:12","modified_gmt":"2025-12-01T09:29:12","slug":"green-detox-mikrotee","status":"publish","type":"product","link":"https:\/\/gogreen-schweiz.ch\/en\/product\/green-detox-mikrotee\/","title":{"rendered":"Green Detox Mikrotee"},"content":{"rendered":"<p data-start=\"1333\" data-end=\"1360\"><strong data-start=\"1340\" data-end=\"1360\">Zutaten: <\/strong>Mate, Kamille, Zitronenschale, Salbei, Fenchel,\u00a0Zitronengras, Melisse, Rosenbl\u00fcten, Gefriergetrocknetes Brokkoli-Microgreen.<\/p>\n<p data-start=\"1715\" data-end=\"1754\"><strong data-start=\"1722\" data-end=\"1754\">Zubereitung:<\/strong><\/p>\n<ol>\n<li data-start=\"1890\" data-end=\"2044\">1\u20132 TL pro 250 ml heissem Wasser (ca. 90 \u00b0C).<\/li>\n<li data-start=\"1890\" data-end=\"2044\">8\u201310 Minuten ziehen lassen, dann abseihen.<\/li>\n<li data-start=\"1890\" data-end=\"2044\">Optional mit Zitronenscheibe oder etwas Honig geniessen.<\/li>\n<\/ol>\n<p data-start=\"2051\" data-end=\"2087\"><strong data-start=\"2058\" data-end=\"2087\">Wann trinken: <\/strong>Morgens \u2013 f\u00fcr einen energiegeladenen Start in den Tag, oder tags\u00fcber \u2013 zur Unterst\u00fctzung der Verdauung und Leichtigkeit. Ideal als 10\u201314-t\u00e4gige Detox-Kur.<\/p>\n<p data-start=\"2378\" data-end=\"2405\"><strong data-start=\"2385\" data-end=\"2405\">Wirkung:<\/strong><\/p>\n<ul>\n<li data-start=\"2631\" data-end=\"2685\">Unterst\u00fctzt die nat\u00fcrliche Entgiftung des K\u00f6rpers<\/li>\n<li data-start=\"2688\" data-end=\"2724\">Reguliert den Blutzuckerspiegel<\/li>\n<li data-start=\"2727\" data-end=\"2755\">Reich an Antioxidantien<\/li>\n<li data-start=\"2758\" data-end=\"2798\">St\u00e4rkt Immunsystem und Stoffwechsel<\/li>\n<li data-start=\"2801\" data-end=\"2853\">Reduziert Stress und V\u00f6llegef\u00fchl nach dem Essen<\/li>\n<\/ul>\n<p data-start=\"2860\" data-end=\"2898\"><strong data-start=\"2870\" data-end=\"2898\">Empfehlung: <\/strong>Kombinieren Sie ihn mit einem leichten Fr\u00fchst\u00fcck oder trinken Sie ihn abends nach einem anstrengenden Tag. Perfekt als Teil einer \u201eDetox-Woche\u201c zusammen mit dem <strong data-start=\"3218\" data-end=\"3236\">Gute Nacht Tee<\/strong>.<\/p>","protected":false},"excerpt":{"rendered":"<p data-start=\"798\" data-end=\"1252\">Detox &amp; Balance ist eine erfrischende, harmonische Kr\u00e4utermischung zur sanften Reinigung des K\u00f6rpers und zur Wiederherstellung der Energie.<\/p>\n<p data-start=\"798\" data-end=\"1252\">Mate regt den Stoffwechsel an, Kamille und Salbei unterst\u00fctzen Verdauung und Leber, Fenchel hilft bei der Entgiftung, und Rosenbl\u00fcten verleihen eine zarte, blumige Note.<\/p>\n<p data-start=\"798\" data-end=\"1252\">Gefriergetrocknetes Brokkoli-Microgreen verst\u00e4rkt die antioxidative Wirkung, st\u00e4rkt die Zellabwehr und stabilisiert den Blutzuckerspiegel.<\/p>\n<p data-start=\"798\" data-end=\"1252\">F\u00fcr den t\u00e4glichen Genuss geeignet. Ohne Zusatzstoffe oder Aromen.<\/p>","protected":false},"featured_media":1745,"template":"","meta":{"_coblocks_attr":"","_coblocks_dimensions":"","_coblocks_responsive_height":"","_coblocks_accordion_ie_support":"","wprm-recipe-roundup-name":"","wprm-recipe-roundup-description":""},"product_brand":[],"product_cat":[16],"product_tag":[103,102],"class_list":{"0":"post-1709","1":"product","2":"type-product","3":"status-publish","4":"has-post-thumbnail","6":"product_cat-mikrotee","7":"product_tag-microgreens","8":"product_tag-tee","9":"product_shipping_class-dry","11":"first","12":"instock","13":"taxable","14":"shipping-taxable","15":"purchasable","16":"product-type-simple"},"yoast_head":"<!-- This site is optimized with the Yoast SEO plugin v27.5 - https:\/\/yoast.com\/product\/yoast-seo-wordpress\/ -->\n<title>Detox &amp; Balance Tee \u2013 Kr\u00e4utertee mit Microgreens f\u00fcr Reinigung und Balance | Go Green Schweiz<\/title>\n<meta name=\"description\" content=\"Nat\u00fcrlicher Kr\u00e4utertee mit Mate, Salbei, Kamille und Brokkoli-Microgreen. Unterst\u00fctzt Entgiftung, Leberfunktion und Stoffwechsel.\" \/>\n<meta name=\"robots\" content=\"index, follow, max-snippet:-1, max-image-preview:large, max-video-preview:-1\" \/>\n<link rel=\"canonical\" href=\"https:\/\/gogreen-schweiz.ch\/en\/product\/green-detox-mikrotee\/\" \/>\n<meta property=\"og:locale\" content=\"en_GB\" \/>\n<meta property=\"og:type\" content=\"article\" \/>\n<meta property=\"og:title\" content=\"Detox &amp; Balance Tee \u2013 Kr\u00e4utertee mit Microgreens f\u00fcr Reinigung und Balance | Go Green Schweiz\" \/>\n<meta property=\"og:description\" content=\"Nat\u00fcrlicher Kr\u00e4utertee mit Mate, Salbei, Kamille und Brokkoli-Microgreen. Unterst\u00fctzt Entgiftung, Leberfunktion und Stoffwechsel.\" \/>\n<meta property=\"og:url\" content=\"https:\/\/gogreen-schweiz.ch\/en\/product\/green-detox-mikrotee\/\" \/>\n<meta property=\"og:site_name\" content=\"Go Green - Schweiz GmbH\" \/>\n<meta property=\"article:modified_time\" content=\"2025-12-01T09:29:12+00:00\" \/>\n<meta property=\"og:image\" content=\"https:\/\/gogreen-schweiz.ch\/wp-content\/uploads\/2025\/11\/Detox-Tee.webp\" \/>\n\t<meta property=\"og:image:width\" content=\"600\" \/>\n\t<meta property=\"og:image:height\" content=\"600\" \/>\n\t<meta property=\"og:image:type\" content=\"image\/webp\" \/>\n<meta name=\"twitter:card\" content=\"summary_large_image\" \/>\n<meta name=\"twitter:label1\" content=\"Estimated reading time\" \/>\n\t<meta name=\"twitter:data1\" content=\"1 minute\" \/>\n<script type=\"application\/ld+json\" class=\"yoast-schema-graph\">{\"@context\":\"https:\\\/\\\/schema.org\",\"@graph\":[{\"@type\":\"WebPage\",\"@id\":\"https:\\\/\\\/gogreen-schweiz.ch\\\/product\\\/green-detox-mikrotee\\\/\",\"url\":\"https:\\\/\\\/gogreen-schweiz.ch\\\/product\\\/green-detox-mikrotee\\\/\",\"name\":\"Detox & Balance Tee \u2013 Kr\u00e4utertee mit Microgreens f\u00fcr Reinigung und Balance | Go Green Schweiz\",\"isPartOf\":{\"@id\":\"https:\\\/\\\/gogreen-schweiz.ch\\\/#website\"},\"primaryImageOfPage\":{\"@id\":\"https:\\\/\\\/gogreen-schweiz.ch\\\/product\\\/green-detox-mikrotee\\\/#primaryimage\"},\"image\":{\"@id\":\"https:\\\/\\\/gogreen-schweiz.ch\\\/product\\\/green-detox-mikrotee\\\/#primaryimage\"},\"thumbnailUrl\":\"https:\\\/\\\/gogreen-schweiz.ch\\\/wp-content\\\/uploads\\\/2025\\\/11\\\/Detox-Tee.webp\",\"datePublished\":\"2025-11-04T14:48:19+00:00\",\"dateModified\":\"2025-12-01T09:29:12+00:00\",\"description\":\"Nat\u00fcrlicher Kr\u00e4utertee mit Mate, Salbei, Kamille und Brokkoli-Microgreen. Unterst\u00fctzt Entgiftung, Leberfunktion und Stoffwechsel.\",\"breadcrumb\":{\"@id\":\"https:\\\/\\\/gogreen-schweiz.ch\\\/product\\\/green-detox-mikrotee\\\/#breadcrumb\"},\"inLanguage\":\"en-GB\",\"potentialAction\":[{\"@type\":\"ReadAction\",\"target\":[\"https:\\\/\\\/gogreen-schweiz.ch\\\/product\\\/green-detox-mikrotee\\\/\"]}]},{\"@type\":\"ImageObject\",\"inLanguage\":\"en-GB\",\"@id\":\"https:\\\/\\\/gogreen-schweiz.ch\\\/product\\\/green-detox-mikrotee\\\/#primaryimage\",\"url\":\"https:\\\/\\\/gogreen-schweiz.ch\\\/wp-content\\\/uploads\\\/2025\\\/11\\\/Detox-Tee.webp\",\"contentUrl\":\"https:\\\/\\\/gogreen-schweiz.ch\\\/wp-content\\\/uploads\\\/2025\\\/11\\\/Detox-Tee.webp\",\"width\":600,\"height\":600,\"caption\":\"Detox Microgreen Tea\"},{\"@type\":\"BreadcrumbList\",\"@id\":\"https:\\\/\\\/gogreen-schweiz.ch\\\/product\\\/green-detox-mikrotee\\\/#breadcrumb\",\"itemListElement\":[{\"@type\":\"ListItem\",\"position\":1,\"name\":\"Home\",\"item\":\"https:\\\/\\\/gogreen-schweiz.ch\\\/\"},{\"@type\":\"ListItem\",\"position\":2,\"name\":\"Shop\",\"item\":\"https:\\\/\\\/gogreen-schweiz.ch\\\/shop\\\/\"},{\"@type\":\"ListItem\",\"position\":3,\"name\":\"Green Detox Mikrotee\"}]},{\"@type\":\"WebSite\",\"@id\":\"https:\\\/\\\/gogreen-schweiz.ch\\\/#website\",\"url\":\"https:\\\/\\\/gogreen-schweiz.ch\\\/\",\"name\":\"Go Green - Schweiz GmbH\",\"description\":\"\",\"publisher\":{\"@id\":\"https:\\\/\\\/gogreen-schweiz.ch\\\/#organization\"},\"potentialAction\":[{\"@type\":\"SearchAction\",\"target\":{\"@type\":\"EntryPoint\",\"urlTemplate\":\"https:\\\/\\\/gogreen-schweiz.ch\\\/?s={search_term_string}\"},\"query-input\":{\"@type\":\"PropertyValueSpecification\",\"valueRequired\":true,\"valueName\":\"search_term_string\"}}],\"inLanguage\":\"en-GB\"},{\"@type\":\"Organization\",\"@id\":\"https:\\\/\\\/gogreen-schweiz.ch\\\/#organization\",\"name\":\"Go Green - Schweiz GmbH\",\"url\":\"https:\\\/\\\/gogreen-schweiz.ch\\\/\",\"logo\":{\"@type\":\"ImageObject\",\"inLanguage\":\"en-GB\",\"@id\":\"https:\\\/\\\/gogreen-schweiz.ch\\\/#\\\/schema\\\/logo\\\/image\\\/\",\"url\":\"https:\\\/\\\/gogreen-schweiz.ch\\\/wp-content\\\/uploads\\\/2025\\\/07\\\/cropped-Go-Green.webp\",\"contentUrl\":\"https:\\\/\\\/gogreen-schweiz.ch\\\/wp-content\\\/uploads\\\/2025\\\/07\\\/cropped-Go-Green.webp\",\"width\":512,\"height\":512,\"caption\":\"Go Green - Schweiz GmbH\"},\"image\":{\"@id\":\"https:\\\/\\\/gogreen-schweiz.ch\\\/#\\\/schema\\\/logo\\\/image\\\/\"},\"sameAs\":[\"https:\\\/\\\/www.instagram.com\\\/gogreenschweiz\"]}]}<\/script>\n<!-- \/ Yoast SEO plugin. -->","yoast_head_json":{"title":"Detox & Balance Tee \u2013 Kr\u00e4utertee mit Microgreens f\u00fcr Reinigung und Balance | Go Green Schweiz","description":"Nat\u00fcrlicher Kr\u00e4utertee mit Mate, Salbei, Kamille und Brokkoli-Microgreen. Unterst\u00fctzt Entgiftung, Leberfunktion und Stoffwechsel.","robots":{"index":"index","follow":"follow","max-snippet":"max-snippet:-1","max-image-preview":"max-image-preview:large","max-video-preview":"max-video-preview:-1"},"canonical":"https:\/\/gogreen-schweiz.ch\/en\/product\/green-detox-mikrotee\/","og_locale":"en_GB","og_type":"article","og_title":"Detox & Balance Tee \u2013 Kr\u00e4utertee mit Microgreens f\u00fcr Reinigung und Balance | Go Green Schweiz","og_description":"Nat\u00fcrlicher Kr\u00e4utertee mit Mate, Salbei, Kamille und Brokkoli-Microgreen. Unterst\u00fctzt Entgiftung, Leberfunktion und Stoffwechsel.","og_url":"https:\/\/gogreen-schweiz.ch\/en\/product\/green-detox-mikrotee\/","og_site_name":"Go Green - Schweiz GmbH","article_modified_time":"2025-12-01T09:29:12+00:00","og_image":[{"width":600,"height":600,"url":"https:\/\/gogreen-schweiz.ch\/wp-content\/uploads\/2025\/11\/Detox-Tee.webp","type":"image\/webp"}],"twitter_card":"summary_large_image","twitter_misc":{"Estimated reading time":"1 minute"},"schema":{"@context":"https:\/\/schema.org","@graph":[{"@type":"WebPage","@id":"https:\/\/gogreen-schweiz.ch\/product\/green-detox-mikrotee\/","url":"https:\/\/gogreen-schweiz.ch\/product\/green-detox-mikrotee\/","name":"Detox & Balance Tee \u2013 Kr\u00e4utertee mit Microgreens f\u00fcr Reinigung und Balance | Go Green Schweiz","isPartOf":{"@id":"https:\/\/gogreen-schweiz.ch\/#website"},"primaryImageOfPage":{"@id":"https:\/\/gogreen-schweiz.ch\/product\/green-detox-mikrotee\/#primaryimage"},"image":{"@id":"https:\/\/gogreen-schweiz.ch\/product\/green-detox-mikrotee\/#primaryimage"},"thumbnailUrl":"https:\/\/gogreen-schweiz.ch\/wp-content\/uploads\/2025\/11\/Detox-Tee.webp","datePublished":"2025-11-04T14:48:19+00:00","dateModified":"2025-12-01T09:29:12+00:00","description":"Nat\u00fcrlicher Kr\u00e4utertee mit Mate, Salbei, Kamille und Brokkoli-Microgreen. Unterst\u00fctzt Entgiftung, Leberfunktion und Stoffwechsel.","breadcrumb":{"@id":"https:\/\/gogreen-schweiz.ch\/product\/green-detox-mikrotee\/#breadcrumb"},"inLanguage":"en-GB","potentialAction":[{"@type":"ReadAction","target":["https:\/\/gogreen-schweiz.ch\/product\/green-detox-mikrotee\/"]}]},{"@type":"ImageObject","inLanguage":"en-GB","@id":"https:\/\/gogreen-schweiz.ch\/product\/green-detox-mikrotee\/#primaryimage","url":"https:\/\/gogreen-schweiz.ch\/wp-content\/uploads\/2025\/11\/Detox-Tee.webp","contentUrl":"https:\/\/gogreen-schweiz.ch\/wp-content\/uploads\/2025\/11\/Detox-Tee.webp","width":600,"height":600,"caption":"Detox Microgreen Tea"},{"@type":"BreadcrumbList","@id":"https:\/\/gogreen-schweiz.ch\/product\/green-detox-mikrotee\/#breadcrumb","itemListElement":[{"@type":"ListItem","position":1,"name":"Home","item":"https:\/\/gogreen-schweiz.ch\/"},{"@type":"ListItem","position":2,"name":"Shop","item":"https:\/\/gogreen-schweiz.ch\/shop\/"},{"@type":"ListItem","position":3,"name":"Green Detox Mikrotee"}]},{"@type":"WebSite","@id":"https:\/\/gogreen-schweiz.ch\/#website","url":"https:\/\/gogreen-schweiz.ch\/","name":"Go Green - Schweiz GmbH","description":"","publisher":{"@id":"https:\/\/gogreen-schweiz.ch\/#organization"},"potentialAction":[{"@type":"SearchAction","target":{"@type":"EntryPoint","urlTemplate":"https:\/\/gogreen-schweiz.ch\/?s={search_term_string}"},"query-input":{"@type":"PropertyValueSpecification","valueRequired":true,"valueName":"search_term_string"}}],"inLanguage":"en-GB"},{"@type":"Organization","@id":"https:\/\/gogreen-schweiz.ch\/#organization","name":"Go Green - Schweiz GmbH","url":"https:\/\/gogreen-schweiz.ch\/","logo":{"@type":"ImageObject","inLanguage":"en-GB","@id":"https:\/\/gogreen-schweiz.ch\/#\/schema\/logo\/image\/","url":"https:\/\/gogreen-schweiz.ch\/wp-content\/uploads\/2025\/07\/cropped-Go-Green.webp","contentUrl":"https:\/\/gogreen-schweiz.ch\/wp-content\/uploads\/2025\/07\/cropped-Go-Green.webp","width":512,"height":512,"caption":"Go Green - Schweiz GmbH"},"image":{"@id":"https:\/\/gogreen-schweiz.ch\/#\/schema\/logo\/image\/"},"sameAs":["https:\/\/www.instagram.com\/gogreenschweiz"]}]}},"jetpack_sharing_enabled":true,"_links":{"self":[{"href":"https:\/\/gogreen-schweiz.ch\/en\/wp-json\/wp\/v2\/product\/1709","targetHints":{"allow":["GET"]}}],"collection":[{"href":"https:\/\/gogreen-schweiz.ch\/en\/wp-json\/wp\/v2\/product"}],"about":[{"href":"https:\/\/gogreen-schweiz.ch\/en\/wp-json\/wp\/v2\/types\/product"}],"wp:featuredmedia":[{"embeddable":true,"href":"https:\/\/gogreen-schweiz.ch\/en\/wp-json\/wp\/v2\/media\/1745"}],"wp:attachment":[{"href":"https:\/\/gogreen-schweiz.ch\/en\/wp-json\/wp\/v2\/media?parent=1709"}],"wp:term":[{"taxonomy":"product_brand","embeddable":true,"href":"https:\/\/gogreen-schweiz.ch\/en\/wp-json\/wp\/v2\/product_brand?post=1709"},{"taxonomy":"product_cat","embeddable":true,"href":"https:\/\/gogreen-schweiz.ch\/en\/wp-json\/wp\/v2\/product_cat?post=1709"},{"taxonomy":"product_tag","embeddable":true,"href":"https:\/\/gogreen-schweiz.ch\/en\/wp-json\/wp\/v2\/product_tag?post=1709"}],"curies":[{"name":"wp","href":"https:\/\/api.w.org\/{rel}","templated":true}]}}