{"id":1771,"date":"2025-11-12T16:23:55","date_gmt":"2025-11-12T14:23:55","guid":{"rendered":"https:\/\/gogreen-schweiz.ch\/?post_type=product&#038;p=1771"},"modified":"2026-04-21T16:01:32","modified_gmt":"2026-04-21T14:01:32","slug":"kapuzinerkresse-empress-of-india-samen","status":"publish","type":"product","link":"https:\/\/gogreen-schweiz.ch\/en\/product\/kapuzinerkresse-empress-of-india-samen\/","title":{"rendered":"Kapuzinerkresse (Empress of India) Samen"},"content":{"rendered":"<p><strong data-start=\"598\" data-end=\"627\">Vitamine &amp; Mineralstoffe:<\/strong><br data-start=\"627\" data-end=\"630\" \/>\u2013 Vit A, B, C<br data-start=\"648\" data-end=\"651\" \/>\u2013 Fols\u00e4ure, Antioxidantien,\u00a0 Mg, Mn, Se, Cu, Fe, P, K<\/p>\n<p>&nbsp;<\/p>\n<p><strong>F\u00fcr unsere Standardmatte mit den Massen 10 x 12 cm ben\u00f6tigen Sie etwa 25 g Samen.<\/strong><\/p>\n<p>Jeder Kunde erh\u00e4lt Tipps zum Anbau der ausgew\u00e4hlten Sorte und die M\u00f6glichkeit, sich von uns beraten zu lassen.<\/p>","protected":false},"excerpt":{"rendered":"<p>Nasturtium oder Kapuzinerkresse. Erleben Sie den intensiven Geschmack und die faszinierende Farbe dieses seltenen Microgreens. Die Sorte Empress of India besticht durch ihre dunkelgr\u00fcnen bis bl\u00e4ulichen Bl\u00e4tter und rosa-gr\u00fcnen Stiele \u2013 ein echter Hingucker auf jedem Teller. Diese Sorte ist besonders beliebt bei Sternek\u00f6chen, denn sie vereint \u00e4sthetische Eleganz mit w\u00fcrzig-frischer Sch\u00e4rfe und bietet gleichzeitig eine F\u00fclle an wertvollen Inhaltsstoffen.<\/p>","protected":false},"featured_media":814,"template":"","meta":{"_coblocks_attr":"","_coblocks_dimensions":"","_coblocks_responsive_height":"","_coblocks_accordion_ie_support":"","wprm-recipe-roundup-name":"","wprm-recipe-roundup-description":""},"product_brand":[],"product_cat":[55,121,56],"product_tag":[],"class_list":{"0":"post-1771","1":"product","2":"type-product","3":"status-publish","4":"has-post-thumbnail","6":"product_cat-anbau-von-microgreens","7":"product_cat-garten","8":"product_cat-samen","9":"product_shipping_class-dry","11":"first","12":"onbackorder","13":"taxable","14":"shipping-taxable","15":"purchasable","16":"product-type-simple"},"yoast_head":"<!-- This site is optimized with the Yoast SEO plugin v27.5 - https:\/\/yoast.com\/product\/yoast-seo-wordpress\/ -->\n<title>Kapuzinerkresse (Empress of India) Samen - Go Green - Schweiz GmbH<\/title>\n<meta name=\"description\" content=\"Kapusinerkresse (Nasturtium) samen f\u00fcr Microgreens, Sprossen oder einfach f\u00fcr deinen Garten. Go Green Schweiz \u2013 jeder Samen steckt voller Vorteile.\" \/>\n<meta name=\"robots\" content=\"index, follow, max-snippet:-1, max-image-preview:large, max-video-preview:-1\" \/>\n<link rel=\"canonical\" href=\"https:\/\/gogreen-schweiz.ch\/en\/product\/kapuzinerkresse-empress-of-india-samen\/\" \/>\n<meta property=\"og:locale\" content=\"en_GB\" \/>\n<meta property=\"og:type\" content=\"article\" \/>\n<meta property=\"og:title\" content=\"Kapuzinerkresse (Empress of India) Samen - Go Green - Schweiz GmbH\" \/>\n<meta property=\"og:description\" content=\"Kapusinerkresse (Nasturtium) samen f\u00fcr Microgreens, Sprossen oder einfach f\u00fcr deinen Garten. Go Green Schweiz \u2013 jeder Samen steckt voller Vorteile.\" \/>\n<meta property=\"og:url\" content=\"https:\/\/gogreen-schweiz.ch\/en\/product\/kapuzinerkresse-empress-of-india-samen\/\" \/>\n<meta property=\"og:site_name\" content=\"Go Green - Schweiz GmbH\" \/>\n<meta property=\"article:modified_time\" content=\"2026-04-21T14:01:32+00:00\" \/>\n<meta property=\"og:image\" content=\"https:\/\/gogreen-schweiz.ch\/wp-content\/uploads\/2025\/08\/Nasturtium-2.webp\" \/>\n\t<meta property=\"og:image:width\" content=\"600\" \/>\n\t<meta property=\"og:image:height\" content=\"600\" \/>\n\t<meta property=\"og:image:type\" content=\"image\/webp\" \/>\n<meta name=\"twitter:card\" content=\"summary_large_image\" \/>\n<meta name=\"twitter:label1\" content=\"Estimated reading time\" \/>\n\t<meta name=\"twitter:data1\" content=\"1 minute\" \/>\n<script type=\"application\/ld+json\" class=\"yoast-schema-graph\">{\"@context\":\"https:\\\/\\\/schema.org\",\"@graph\":[{\"@type\":\"WebPage\",\"@id\":\"https:\\\/\\\/gogreen-schweiz.ch\\\/product\\\/kapuzinerkresse-empress-of-india-samen\\\/\",\"url\":\"https:\\\/\\\/gogreen-schweiz.ch\\\/product\\\/kapuzinerkresse-empress-of-india-samen\\\/\",\"name\":\"Kapuzinerkresse (Empress of India) Samen - Go Green - Schweiz GmbH\",\"isPartOf\":{\"@id\":\"https:\\\/\\\/gogreen-schweiz.ch\\\/#website\"},\"primaryImageOfPage\":{\"@id\":\"https:\\\/\\\/gogreen-schweiz.ch\\\/product\\\/kapuzinerkresse-empress-of-india-samen\\\/#primaryimage\"},\"image\":{\"@id\":\"https:\\\/\\\/gogreen-schweiz.ch\\\/product\\\/kapuzinerkresse-empress-of-india-samen\\\/#primaryimage\"},\"thumbnailUrl\":\"https:\\\/\\\/gogreen-schweiz.ch\\\/wp-content\\\/uploads\\\/2025\\\/08\\\/Nasturtium-2.webp\",\"datePublished\":\"2025-11-12T14:23:55+00:00\",\"dateModified\":\"2026-04-21T14:01:32+00:00\",\"description\":\"Kapusinerkresse (Nasturtium) samen f\u00fcr Microgreens, Sprossen oder einfach f\u00fcr deinen Garten. Go Green Schweiz \u2013 jeder Samen steckt voller Vorteile.\",\"breadcrumb\":{\"@id\":\"https:\\\/\\\/gogreen-schweiz.ch\\\/product\\\/kapuzinerkresse-empress-of-india-samen\\\/#breadcrumb\"},\"inLanguage\":\"en-GB\",\"potentialAction\":[{\"@type\":\"ReadAction\",\"target\":[\"https:\\\/\\\/gogreen-schweiz.ch\\\/product\\\/kapuzinerkresse-empress-of-india-samen\\\/\"]}]},{\"@type\":\"ImageObject\",\"inLanguage\":\"en-GB\",\"@id\":\"https:\\\/\\\/gogreen-schweiz.ch\\\/product\\\/kapuzinerkresse-empress-of-india-samen\\\/#primaryimage\",\"url\":\"https:\\\/\\\/gogreen-schweiz.ch\\\/wp-content\\\/uploads\\\/2025\\\/08\\\/Nasturtium-2.webp\",\"contentUrl\":\"https:\\\/\\\/gogreen-schweiz.ch\\\/wp-content\\\/uploads\\\/2025\\\/08\\\/Nasturtium-2.webp\",\"width\":600,\"height\":600,\"caption\":\"Nasturtium\"},{\"@type\":\"BreadcrumbList\",\"@id\":\"https:\\\/\\\/gogreen-schweiz.ch\\\/product\\\/kapuzinerkresse-empress-of-india-samen\\\/#breadcrumb\",\"itemListElement\":[{\"@type\":\"ListItem\",\"position\":1,\"name\":\"Home\",\"item\":\"https:\\\/\\\/gogreen-schweiz.ch\\\/\"},{\"@type\":\"ListItem\",\"position\":2,\"name\":\"Shop\",\"item\":\"https:\\\/\\\/gogreen-schweiz.ch\\\/shop\\\/\"},{\"@type\":\"ListItem\",\"position\":3,\"name\":\"Kapuzinerkresse (Empress of India) Samen\"}]},{\"@type\":\"WebSite\",\"@id\":\"https:\\\/\\\/gogreen-schweiz.ch\\\/#website\",\"url\":\"https:\\\/\\\/gogreen-schweiz.ch\\\/\",\"name\":\"Go Green - Schweiz GmbH\",\"description\":\"\",\"publisher\":{\"@id\":\"https:\\\/\\\/gogreen-schweiz.ch\\\/#organization\"},\"potentialAction\":[{\"@type\":\"SearchAction\",\"target\":{\"@type\":\"EntryPoint\",\"urlTemplate\":\"https:\\\/\\\/gogreen-schweiz.ch\\\/?s={search_term_string}\"},\"query-input\":{\"@type\":\"PropertyValueSpecification\",\"valueRequired\":true,\"valueName\":\"search_term_string\"}}],\"inLanguage\":\"en-GB\"},{\"@type\":\"Organization\",\"@id\":\"https:\\\/\\\/gogreen-schweiz.ch\\\/#organization\",\"name\":\"Go Green - Schweiz GmbH\",\"url\":\"https:\\\/\\\/gogreen-schweiz.ch\\\/\",\"logo\":{\"@type\":\"ImageObject\",\"inLanguage\":\"en-GB\",\"@id\":\"https:\\\/\\\/gogreen-schweiz.ch\\\/#\\\/schema\\\/logo\\\/image\\\/\",\"url\":\"https:\\\/\\\/gogreen-schweiz.ch\\\/wp-content\\\/uploads\\\/2025\\\/07\\\/cropped-Go-Green.webp\",\"contentUrl\":\"https:\\\/\\\/gogreen-schweiz.ch\\\/wp-content\\\/uploads\\\/2025\\\/07\\\/cropped-Go-Green.webp\",\"width\":512,\"height\":512,\"caption\":\"Go Green - Schweiz GmbH\"},\"image\":{\"@id\":\"https:\\\/\\\/gogreen-schweiz.ch\\\/#\\\/schema\\\/logo\\\/image\\\/\"},\"sameAs\":[\"https:\\\/\\\/www.instagram.com\\\/gogreenschweiz\"]}]}<\/script>\n<!-- \/ Yoast SEO plugin. -->","yoast_head_json":{"title":"Kapuzinerkresse (Empress of India) Samen - Go Green - Schweiz GmbH","description":"Kapusinerkresse (Nasturtium) samen f\u00fcr Microgreens, Sprossen oder einfach f\u00fcr deinen Garten. Go Green Schweiz \u2013 jeder Samen steckt voller Vorteile.","robots":{"index":"index","follow":"follow","max-snippet":"max-snippet:-1","max-image-preview":"max-image-preview:large","max-video-preview":"max-video-preview:-1"},"canonical":"https:\/\/gogreen-schweiz.ch\/en\/product\/kapuzinerkresse-empress-of-india-samen\/","og_locale":"en_GB","og_type":"article","og_title":"Kapuzinerkresse (Empress of India) Samen - Go Green - Schweiz GmbH","og_description":"Kapusinerkresse (Nasturtium) samen f\u00fcr Microgreens, Sprossen oder einfach f\u00fcr deinen Garten. Go Green Schweiz \u2013 jeder Samen steckt voller Vorteile.","og_url":"https:\/\/gogreen-schweiz.ch\/en\/product\/kapuzinerkresse-empress-of-india-samen\/","og_site_name":"Go Green - Schweiz GmbH","article_modified_time":"2026-04-21T14:01:32+00:00","og_image":[{"width":600,"height":600,"url":"https:\/\/gogreen-schweiz.ch\/wp-content\/uploads\/2025\/08\/Nasturtium-2.webp","type":"image\/webp"}],"twitter_card":"summary_large_image","twitter_misc":{"Estimated reading time":"1 minute"},"schema":{"@context":"https:\/\/schema.org","@graph":[{"@type":"WebPage","@id":"https:\/\/gogreen-schweiz.ch\/product\/kapuzinerkresse-empress-of-india-samen\/","url":"https:\/\/gogreen-schweiz.ch\/product\/kapuzinerkresse-empress-of-india-samen\/","name":"Kapuzinerkresse (Empress of India) Samen - Go Green - Schweiz GmbH","isPartOf":{"@id":"https:\/\/gogreen-schweiz.ch\/#website"},"primaryImageOfPage":{"@id":"https:\/\/gogreen-schweiz.ch\/product\/kapuzinerkresse-empress-of-india-samen\/#primaryimage"},"image":{"@id":"https:\/\/gogreen-schweiz.ch\/product\/kapuzinerkresse-empress-of-india-samen\/#primaryimage"},"thumbnailUrl":"https:\/\/gogreen-schweiz.ch\/wp-content\/uploads\/2025\/08\/Nasturtium-2.webp","datePublished":"2025-11-12T14:23:55+00:00","dateModified":"2026-04-21T14:01:32+00:00","description":"Kapusinerkresse (Nasturtium) samen f\u00fcr Microgreens, Sprossen oder einfach f\u00fcr deinen Garten. Go Green Schweiz \u2013 jeder Samen steckt voller Vorteile.","breadcrumb":{"@id":"https:\/\/gogreen-schweiz.ch\/product\/kapuzinerkresse-empress-of-india-samen\/#breadcrumb"},"inLanguage":"en-GB","potentialAction":[{"@type":"ReadAction","target":["https:\/\/gogreen-schweiz.ch\/product\/kapuzinerkresse-empress-of-india-samen\/"]}]},{"@type":"ImageObject","inLanguage":"en-GB","@id":"https:\/\/gogreen-schweiz.ch\/product\/kapuzinerkresse-empress-of-india-samen\/#primaryimage","url":"https:\/\/gogreen-schweiz.ch\/wp-content\/uploads\/2025\/08\/Nasturtium-2.webp","contentUrl":"https:\/\/gogreen-schweiz.ch\/wp-content\/uploads\/2025\/08\/Nasturtium-2.webp","width":600,"height":600,"caption":"Nasturtium"},{"@type":"BreadcrumbList","@id":"https:\/\/gogreen-schweiz.ch\/product\/kapuzinerkresse-empress-of-india-samen\/#breadcrumb","itemListElement":[{"@type":"ListItem","position":1,"name":"Home","item":"https:\/\/gogreen-schweiz.ch\/"},{"@type":"ListItem","position":2,"name":"Shop","item":"https:\/\/gogreen-schweiz.ch\/shop\/"},{"@type":"ListItem","position":3,"name":"Kapuzinerkresse (Empress of India) Samen"}]},{"@type":"WebSite","@id":"https:\/\/gogreen-schweiz.ch\/#website","url":"https:\/\/gogreen-schweiz.ch\/","name":"Go Green - Schweiz GmbH","description":"","publisher":{"@id":"https:\/\/gogreen-schweiz.ch\/#organization"},"potentialAction":[{"@type":"SearchAction","target":{"@type":"EntryPoint","urlTemplate":"https:\/\/gogreen-schweiz.ch\/?s={search_term_string}"},"query-input":{"@type":"PropertyValueSpecification","valueRequired":true,"valueName":"search_term_string"}}],"inLanguage":"en-GB"},{"@type":"Organization","@id":"https:\/\/gogreen-schweiz.ch\/#organization","name":"Go Green - Schweiz GmbH","url":"https:\/\/gogreen-schweiz.ch\/","logo":{"@type":"ImageObject","inLanguage":"en-GB","@id":"https:\/\/gogreen-schweiz.ch\/#\/schema\/logo\/image\/","url":"https:\/\/gogreen-schweiz.ch\/wp-content\/uploads\/2025\/07\/cropped-Go-Green.webp","contentUrl":"https:\/\/gogreen-schweiz.ch\/wp-content\/uploads\/2025\/07\/cropped-Go-Green.webp","width":512,"height":512,"caption":"Go Green - Schweiz GmbH"},"image":{"@id":"https:\/\/gogreen-schweiz.ch\/#\/schema\/logo\/image\/"},"sameAs":["https:\/\/www.instagram.com\/gogreenschweiz"]}]}},"jetpack_sharing_enabled":true,"_links":{"self":[{"href":"https:\/\/gogreen-schweiz.ch\/en\/wp-json\/wp\/v2\/product\/1771","targetHints":{"allow":["GET"]}}],"collection":[{"href":"https:\/\/gogreen-schweiz.ch\/en\/wp-json\/wp\/v2\/product"}],"about":[{"href":"https:\/\/gogreen-schweiz.ch\/en\/wp-json\/wp\/v2\/types\/product"}],"wp:featuredmedia":[{"embeddable":true,"href":"https:\/\/gogreen-schweiz.ch\/en\/wp-json\/wp\/v2\/media\/814"}],"wp:attachment":[{"href":"https:\/\/gogreen-schweiz.ch\/en\/wp-json\/wp\/v2\/media?parent=1771"}],"wp:term":[{"taxonomy":"product_brand","embeddable":true,"href":"https:\/\/gogreen-schweiz.ch\/en\/wp-json\/wp\/v2\/product_brand?post=1771"},{"taxonomy":"product_cat","embeddable":true,"href":"https:\/\/gogreen-schweiz.ch\/en\/wp-json\/wp\/v2\/product_cat?post=1771"},{"taxonomy":"product_tag","embeddable":true,"href":"https:\/\/gogreen-schweiz.ch\/en\/wp-json\/wp\/v2\/product_tag?post=1771"}],"curies":[{"name":"wp","href":"https:\/\/api.w.org\/{rel}","templated":true}]}}