{"id":1773,"date":"2025-11-12T16:39:23","date_gmt":"2025-11-12T14:39:23","guid":{"rendered":"https:\/\/gogreen-schweiz.ch\/?post_type=product&#038;p=1773"},"modified":"2026-04-21T16:00:48","modified_gmt":"2026-04-21T14:00:48","slug":"sonnenblumen-samen","status":"publish","type":"product","link":"https:\/\/gogreen-schweiz.ch\/en\/product\/sonnenblumen-samen\/","title":{"rendered":"Sonnenblumen Samen"},"content":{"rendered":"<p data-start=\"1158\" data-end=\"1203\">Diese kleinen Bl\u00e4tter sind echte Kraftpakete:<\/p>\n<ul>\n<li data-start=\"1206\" data-end=\"1277\"><strong data-start=\"1206\" data-end=\"1241\">Reich an Vitaminen &amp; Mineralien<\/strong>\u00a0(v.\u202fa. Vitamin E, Magnesium, Selen)<\/li>\n<li data-start=\"1280\" data-end=\"1335\"><strong data-start=\"1280\" data-end=\"1305\">F\u00f6rdern die Verdauung<\/strong>\u00a0dank wertvoller Ballaststoffe<\/li>\n<li data-start=\"1338\" data-end=\"1391\"><strong data-start=\"1338\" data-end=\"1365\">St\u00e4rken das Immunsystem<\/strong>\u00a0&amp; beugen Entz\u00fcndungen vor<\/li>\n<li data-start=\"1394\" data-end=\"1482\"><strong data-start=\"1394\" data-end=\"1428\">Gut f\u00fcr Haut, Herz und Knochen<\/strong>\u00a0\u2013 mit Antioxidantien und essentiellen Spurenelementen<\/li>\n<li data-start=\"1485\" data-end=\"1540\"><strong data-start=\"1485\" data-end=\"1517\">Reich an pflanzlichem Eiwei\u00df<\/strong>\u00a0f\u00fcr Muskelregeneration<\/li>\n<li data-start=\"1543\" data-end=\"1613\"><strong data-start=\"1543\" data-end=\"1582\">Unterst\u00fctzen das Gewichtsmanagement<\/strong>\u00a0\u2013 n\u00e4hrstoffreich &amp; kalorienarm<\/li>\n<\/ul>\n<p><strong>F\u00fcr unsere Standardmatte mit den Massen 10 x 12 cm ben\u00f6tigen Sie etwa 25 g Samen.<\/strong><\/p>\n<p>Jeder Kunde erh\u00e4lt Tipps zum Anbau der ausgew\u00e4hlten Sorte und die M\u00f6glichkeit, sich von uns beraten zu lassen.<\/p>","protected":false},"excerpt":{"rendered":"<p>Sonnenblumen-Mikrogr\u00fcn aus kontrolliert biologischem Anbau begeistert mit einem mild-nussigen Geschmack und frischem Biss \u2013 perfekt als Superfood in Ihrer K\u00fcche! Ob in Salaten, Sandwiches, Smoothies oder als Topping f\u00fcr Bowls, Suppen und Aufl\u00e4ufe \u2013 diese Microgreens bringen Frische, Textur und Vitamine auf den Teller.<\/p>","protected":false},"featured_media":477,"template":"","meta":{"_coblocks_attr":"","_coblocks_dimensions":"","_coblocks_responsive_height":"","_coblocks_accordion_ie_support":"","wprm-recipe-roundup-name":"","wprm-recipe-roundup-description":""},"product_brand":[],"product_cat":[55,121,56],"product_tag":[],"class_list":{"0":"post-1773","1":"product","2":"type-product","3":"status-publish","4":"has-post-thumbnail","6":"product_cat-anbau-von-microgreens","7":"product_cat-garten","8":"product_cat-samen","9":"product_shipping_class-dry","11":"first","12":"instock","13":"taxable","14":"shipping-taxable","15":"purchasable","16":"product-type-simple"},"yoast_head":"<!-- This site is optimized with the Yoast SEO plugin v27.5 - https:\/\/yoast.com\/product\/yoast-seo-wordpress\/ -->\n<title>Sonnenblumen Samen - Go Green - Schweiz GmbH<\/title>\n<meta name=\"description\" content=\"Bio Microgreens kaufen Schweiz, Sonnenblumen Microgreens, Microgreens Eisen, Superfood gesund, Microgreens Kalorienarm, Pflanzenprotein vegan, Bio Vitamin E Quelle, Microgreens online bestellen\" \/>\n<meta name=\"robots\" content=\"index, follow, max-snippet:-1, max-image-preview:large, max-video-preview:-1\" \/>\n<link rel=\"canonical\" href=\"https:\/\/gogreen-schweiz.ch\/en\/product\/sonnenblumen-samen\/\" \/>\n<meta property=\"og:locale\" content=\"en_GB\" \/>\n<meta property=\"og:type\" content=\"article\" \/>\n<meta property=\"og:title\" content=\"Sonnenblumen Samen - Go Green - Schweiz GmbH\" \/>\n<meta property=\"og:description\" content=\"Bio Microgreens kaufen Schweiz, Sonnenblumen Microgreens, Microgreens Eisen, Superfood gesund, Microgreens Kalorienarm, Pflanzenprotein vegan, Bio Vitamin E Quelle, Microgreens online bestellen\" \/>\n<meta property=\"og:url\" content=\"https:\/\/gogreen-schweiz.ch\/en\/product\/sonnenblumen-samen\/\" \/>\n<meta property=\"og:site_name\" content=\"Go Green - Schweiz GmbH\" \/>\n<meta property=\"article:modified_time\" content=\"2026-04-21T14:00:48+00:00\" \/>\n<meta property=\"og:image\" content=\"https:\/\/gogreen-schweiz.ch\/wp-content\/uploads\/2025\/07\/sunflower-1.webp\" \/>\n\t<meta property=\"og:image:width\" content=\"600\" \/>\n\t<meta property=\"og:image:height\" content=\"600\" \/>\n\t<meta property=\"og:image:type\" content=\"image\/webp\" \/>\n<meta name=\"twitter:card\" content=\"summary_large_image\" \/>\n<meta name=\"twitter:label1\" content=\"Estimated reading time\" \/>\n\t<meta name=\"twitter:data1\" content=\"1 minute\" \/>\n<script type=\"application\/ld+json\" class=\"yoast-schema-graph\">{\"@context\":\"https:\\\/\\\/schema.org\",\"@graph\":[{\"@type\":\"WebPage\",\"@id\":\"https:\\\/\\\/gogreen-schweiz.ch\\\/product\\\/sonnenblumen-samen\\\/\",\"url\":\"https:\\\/\\\/gogreen-schweiz.ch\\\/product\\\/sonnenblumen-samen\\\/\",\"name\":\"Sonnenblumen Samen - Go Green - Schweiz GmbH\",\"isPartOf\":{\"@id\":\"https:\\\/\\\/gogreen-schweiz.ch\\\/#website\"},\"primaryImageOfPage\":{\"@id\":\"https:\\\/\\\/gogreen-schweiz.ch\\\/product\\\/sonnenblumen-samen\\\/#primaryimage\"},\"image\":{\"@id\":\"https:\\\/\\\/gogreen-schweiz.ch\\\/product\\\/sonnenblumen-samen\\\/#primaryimage\"},\"thumbnailUrl\":\"https:\\\/\\\/gogreen-schweiz.ch\\\/wp-content\\\/uploads\\\/2025\\\/07\\\/sunflower-1.webp\",\"datePublished\":\"2025-11-12T14:39:23+00:00\",\"dateModified\":\"2026-04-21T14:00:48+00:00\",\"description\":\"Bio Microgreens kaufen Schweiz, Sonnenblumen Microgreens, Microgreens Eisen, Superfood gesund, Microgreens Kalorienarm, Pflanzenprotein vegan, Bio Vitamin E Quelle, Microgreens online bestellen\",\"breadcrumb\":{\"@id\":\"https:\\\/\\\/gogreen-schweiz.ch\\\/product\\\/sonnenblumen-samen\\\/#breadcrumb\"},\"inLanguage\":\"en-GB\",\"potentialAction\":[{\"@type\":\"ReadAction\",\"target\":[\"https:\\\/\\\/gogreen-schweiz.ch\\\/product\\\/sonnenblumen-samen\\\/\"]}]},{\"@type\":\"ImageObject\",\"inLanguage\":\"en-GB\",\"@id\":\"https:\\\/\\\/gogreen-schweiz.ch\\\/product\\\/sonnenblumen-samen\\\/#primaryimage\",\"url\":\"https:\\\/\\\/gogreen-schweiz.ch\\\/wp-content\\\/uploads\\\/2025\\\/07\\\/sunflower-1.webp\",\"contentUrl\":\"https:\\\/\\\/gogreen-schweiz.ch\\\/wp-content\\\/uploads\\\/2025\\\/07\\\/sunflower-1.webp\",\"width\":600,\"height\":600,\"caption\":\"Sonnenblumen microgreens\"},{\"@type\":\"BreadcrumbList\",\"@id\":\"https:\\\/\\\/gogreen-schweiz.ch\\\/product\\\/sonnenblumen-samen\\\/#breadcrumb\",\"itemListElement\":[{\"@type\":\"ListItem\",\"position\":1,\"name\":\"Home\",\"item\":\"https:\\\/\\\/gogreen-schweiz.ch\\\/\"},{\"@type\":\"ListItem\",\"position\":2,\"name\":\"Shop\",\"item\":\"https:\\\/\\\/gogreen-schweiz.ch\\\/shop\\\/\"},{\"@type\":\"ListItem\",\"position\":3,\"name\":\"Sonnenblumen Samen\"}]},{\"@type\":\"WebSite\",\"@id\":\"https:\\\/\\\/gogreen-schweiz.ch\\\/#website\",\"url\":\"https:\\\/\\\/gogreen-schweiz.ch\\\/\",\"name\":\"Go Green - Schweiz GmbH\",\"description\":\"\",\"publisher\":{\"@id\":\"https:\\\/\\\/gogreen-schweiz.ch\\\/#organization\"},\"potentialAction\":[{\"@type\":\"SearchAction\",\"target\":{\"@type\":\"EntryPoint\",\"urlTemplate\":\"https:\\\/\\\/gogreen-schweiz.ch\\\/?s={search_term_string}\"},\"query-input\":{\"@type\":\"PropertyValueSpecification\",\"valueRequired\":true,\"valueName\":\"search_term_string\"}}],\"inLanguage\":\"en-GB\"},{\"@type\":\"Organization\",\"@id\":\"https:\\\/\\\/gogreen-schweiz.ch\\\/#organization\",\"name\":\"Go Green - Schweiz GmbH\",\"url\":\"https:\\\/\\\/gogreen-schweiz.ch\\\/\",\"logo\":{\"@type\":\"ImageObject\",\"inLanguage\":\"en-GB\",\"@id\":\"https:\\\/\\\/gogreen-schweiz.ch\\\/#\\\/schema\\\/logo\\\/image\\\/\",\"url\":\"https:\\\/\\\/gogreen-schweiz.ch\\\/wp-content\\\/uploads\\\/2025\\\/07\\\/cropped-Go-Green.webp\",\"contentUrl\":\"https:\\\/\\\/gogreen-schweiz.ch\\\/wp-content\\\/uploads\\\/2025\\\/07\\\/cropped-Go-Green.webp\",\"width\":512,\"height\":512,\"caption\":\"Go Green - Schweiz GmbH\"},\"image\":{\"@id\":\"https:\\\/\\\/gogreen-schweiz.ch\\\/#\\\/schema\\\/logo\\\/image\\\/\"},\"sameAs\":[\"https:\\\/\\\/www.instagram.com\\\/gogreenschweiz\"]}]}<\/script>\n<!-- \/ Yoast SEO plugin. -->","yoast_head_json":{"title":"Sonnenblumen Samen - Go Green - Schweiz GmbH","description":"Bio Microgreens kaufen Schweiz, Sonnenblumen Microgreens, Microgreens Eisen, Superfood gesund, Microgreens Kalorienarm, Pflanzenprotein vegan, Bio Vitamin E Quelle, Microgreens online bestellen","robots":{"index":"index","follow":"follow","max-snippet":"max-snippet:-1","max-image-preview":"max-image-preview:large","max-video-preview":"max-video-preview:-1"},"canonical":"https:\/\/gogreen-schweiz.ch\/en\/product\/sonnenblumen-samen\/","og_locale":"en_GB","og_type":"article","og_title":"Sonnenblumen Samen - Go Green - Schweiz GmbH","og_description":"Bio Microgreens kaufen Schweiz, Sonnenblumen Microgreens, Microgreens Eisen, Superfood gesund, Microgreens Kalorienarm, Pflanzenprotein vegan, Bio Vitamin E Quelle, Microgreens online bestellen","og_url":"https:\/\/gogreen-schweiz.ch\/en\/product\/sonnenblumen-samen\/","og_site_name":"Go Green - Schweiz GmbH","article_modified_time":"2026-04-21T14:00:48+00:00","og_image":[{"width":600,"height":600,"url":"https:\/\/gogreen-schweiz.ch\/wp-content\/uploads\/2025\/07\/sunflower-1.webp","type":"image\/webp"}],"twitter_card":"summary_large_image","twitter_misc":{"Estimated reading time":"1 minute"},"schema":{"@context":"https:\/\/schema.org","@graph":[{"@type":"WebPage","@id":"https:\/\/gogreen-schweiz.ch\/product\/sonnenblumen-samen\/","url":"https:\/\/gogreen-schweiz.ch\/product\/sonnenblumen-samen\/","name":"Sonnenblumen Samen - Go Green - Schweiz GmbH","isPartOf":{"@id":"https:\/\/gogreen-schweiz.ch\/#website"},"primaryImageOfPage":{"@id":"https:\/\/gogreen-schweiz.ch\/product\/sonnenblumen-samen\/#primaryimage"},"image":{"@id":"https:\/\/gogreen-schweiz.ch\/product\/sonnenblumen-samen\/#primaryimage"},"thumbnailUrl":"https:\/\/gogreen-schweiz.ch\/wp-content\/uploads\/2025\/07\/sunflower-1.webp","datePublished":"2025-11-12T14:39:23+00:00","dateModified":"2026-04-21T14:00:48+00:00","description":"Bio Microgreens kaufen Schweiz, Sonnenblumen Microgreens, Microgreens Eisen, Superfood gesund, Microgreens Kalorienarm, Pflanzenprotein vegan, Bio Vitamin E Quelle, Microgreens online bestellen","breadcrumb":{"@id":"https:\/\/gogreen-schweiz.ch\/product\/sonnenblumen-samen\/#breadcrumb"},"inLanguage":"en-GB","potentialAction":[{"@type":"ReadAction","target":["https:\/\/gogreen-schweiz.ch\/product\/sonnenblumen-samen\/"]}]},{"@type":"ImageObject","inLanguage":"en-GB","@id":"https:\/\/gogreen-schweiz.ch\/product\/sonnenblumen-samen\/#primaryimage","url":"https:\/\/gogreen-schweiz.ch\/wp-content\/uploads\/2025\/07\/sunflower-1.webp","contentUrl":"https:\/\/gogreen-schweiz.ch\/wp-content\/uploads\/2025\/07\/sunflower-1.webp","width":600,"height":600,"caption":"Sonnenblumen microgreens"},{"@type":"BreadcrumbList","@id":"https:\/\/gogreen-schweiz.ch\/product\/sonnenblumen-samen\/#breadcrumb","itemListElement":[{"@type":"ListItem","position":1,"name":"Home","item":"https:\/\/gogreen-schweiz.ch\/"},{"@type":"ListItem","position":2,"name":"Shop","item":"https:\/\/gogreen-schweiz.ch\/shop\/"},{"@type":"ListItem","position":3,"name":"Sonnenblumen Samen"}]},{"@type":"WebSite","@id":"https:\/\/gogreen-schweiz.ch\/#website","url":"https:\/\/gogreen-schweiz.ch\/","name":"Go Green - Schweiz GmbH","description":"","publisher":{"@id":"https:\/\/gogreen-schweiz.ch\/#organization"},"potentialAction":[{"@type":"SearchAction","target":{"@type":"EntryPoint","urlTemplate":"https:\/\/gogreen-schweiz.ch\/?s={search_term_string}"},"query-input":{"@type":"PropertyValueSpecification","valueRequired":true,"valueName":"search_term_string"}}],"inLanguage":"en-GB"},{"@type":"Organization","@id":"https:\/\/gogreen-schweiz.ch\/#organization","name":"Go Green - Schweiz GmbH","url":"https:\/\/gogreen-schweiz.ch\/","logo":{"@type":"ImageObject","inLanguage":"en-GB","@id":"https:\/\/gogreen-schweiz.ch\/#\/schema\/logo\/image\/","url":"https:\/\/gogreen-schweiz.ch\/wp-content\/uploads\/2025\/07\/cropped-Go-Green.webp","contentUrl":"https:\/\/gogreen-schweiz.ch\/wp-content\/uploads\/2025\/07\/cropped-Go-Green.webp","width":512,"height":512,"caption":"Go Green - Schweiz GmbH"},"image":{"@id":"https:\/\/gogreen-schweiz.ch\/#\/schema\/logo\/image\/"},"sameAs":["https:\/\/www.instagram.com\/gogreenschweiz"]}]}},"jetpack_sharing_enabled":true,"_links":{"self":[{"href":"https:\/\/gogreen-schweiz.ch\/en\/wp-json\/wp\/v2\/product\/1773","targetHints":{"allow":["GET"]}}],"collection":[{"href":"https:\/\/gogreen-schweiz.ch\/en\/wp-json\/wp\/v2\/product"}],"about":[{"href":"https:\/\/gogreen-schweiz.ch\/en\/wp-json\/wp\/v2\/types\/product"}],"wp:featuredmedia":[{"embeddable":true,"href":"https:\/\/gogreen-schweiz.ch\/en\/wp-json\/wp\/v2\/media\/477"}],"wp:attachment":[{"href":"https:\/\/gogreen-schweiz.ch\/en\/wp-json\/wp\/v2\/media?parent=1773"}],"wp:term":[{"taxonomy":"product_brand","embeddable":true,"href":"https:\/\/gogreen-schweiz.ch\/en\/wp-json\/wp\/v2\/product_brand?post=1773"},{"taxonomy":"product_cat","embeddable":true,"href":"https:\/\/gogreen-schweiz.ch\/en\/wp-json\/wp\/v2\/product_cat?post=1773"},{"taxonomy":"product_tag","embeddable":true,"href":"https:\/\/gogreen-schweiz.ch\/en\/wp-json\/wp\/v2\/product_tag?post=1773"}],"curies":[{"name":"wp","href":"https:\/\/api.w.org\/{rel}","templated":true}]}}