{"id":1792,"date":"2025-11-14T12:33:03","date_gmt":"2025-11-14T10:33:03","guid":{"rendered":"https:\/\/gogreen-schweiz.ch\/?post_type=product&#038;p=1792"},"modified":"2025-12-01T11:26:14","modified_gmt":"2025-12-01T09:26:14","slug":"geschenkset-4-premium-kraeutertees-mit-microgreen","status":"publish","type":"product","link":"https:\/\/gogreen-schweiz.ch\/en\/product\/geschenkset-4-premium-kraeutertees-mit-microgreen\/","title":{"rendered":"Geschenkset \u201e4 Premium-Kr\u00e4utertees mit Microgreen\u201c"},"content":{"rendered":"<p data-start=\"3199\" data-end=\"3468\">Unser Tee-Set enth\u00e4lt vier funktionelle Teemischungen, die sorgf\u00e4ltig aus hochwertigen Bio-Kr\u00e4utern, Bl\u00fcten und gefriergetrocknetem Microgreen hergestellt sind.<br data-start=\"3363\" data-end=\"3366\" \/>Jede Mischung wurde entwickelt, um den K\u00f6rper gezielt zu unterst\u00fctzen \u2014 sanft, nat\u00fcrlich und effektiv.<\/p>\n<p data-start=\"3470\" data-end=\"3495\"><strong data-start=\"3474\" data-end=\"3495\">Im Set enthalten:<\/strong><\/p>\n<ul>\n<li data-start=\"3496\" data-end=\"3618\">Gute Nacht \u2014 f\u00fcr ruhigen Schlaf und Entspannung (50 g)<\/li>\n<li data-start=\"3496\" data-end=\"3618\">Green Detox \u2014 f\u00fcr nat\u00fcrliche Reinigung und Stoffwechsel-Unterst\u00fctzung (50 g)<\/li>\n<li data-start=\"3496\" data-end=\"3618\">Guten Morgen \u2014 Energie &amp; Klarheit ohne Kaffee (50 g)<\/li>\n<li data-start=\"3496\" data-end=\"3618\">Immune Boost \u2014 starke Unterst\u00fctzung f\u00fcr das Immunsystem (50 g)<\/li>\n<\/ul>\n<p data-start=\"3999\" data-end=\"4052\"><strong data-start=\"4003\" data-end=\"4050\">Warum dieses Set das perfekte Geschenk ist:<\/strong><\/p>\n<p data-start=\"4053\" data-end=\"4254\">\u2714 100% nat\u00fcrlich<br data-start=\"4069\" data-end=\"4072\" \/>\u2714 Handgemacht in der Schweiz<br data-start=\"4100\" data-end=\"4103\" \/>\u2714 Exklusive Rezepturen<br data-start=\"4125\" data-end=\"4128\" \/>\u2714 Stilvolle Verpackung<br data-start=\"4150\" data-end=\"4153\" \/>\u2714 Geeignet f\u00fcr jeden Anlass<br data-start=\"4180\" data-end=\"4183\" \/>\u2714 Besonders beliebt im Herbst &amp; Winter<br data-start=\"4221\" data-end=\"4224\" \/>\u2714 Gesundheit zum Verschenken<\/p>\n<p data-start=\"4256\" data-end=\"4278\"><strong data-start=\"4260\" data-end=\"4276\">Zubereitung:<\/strong><\/p>\n<ul>\n<li data-start=\"4279\" data-end=\"4370\">1 TL Tee auf 250 ml heisses Wasser (80\u201390\u00b0C).<\/li>\n<li data-start=\"4279\" data-end=\"4370\">5\u201310 Minuten ziehen lassen.<\/li>\n<li data-start=\"4279\" data-end=\"4370\">2\u00d7 aufgiesbar.<\/li>\n<\/ul>\n<p data-start=\"4372\" data-end=\"4403\"><strong data-start=\"4376\" data-end=\"4401\">Empfohlene Tageszeit: <\/strong>Good Night \u2014 abends, Detox \u2014 morgens oder tags\u00fcber, Focus \u2014 morgens und vormittags, Immun Boost \u2014 jederzeit, besonders bei kaltem Wetter<\/p>","protected":false},"excerpt":{"rendered":"<p>Verschenken Sie Gesundheit, W\u00e4rme und Genuss \u2014 mit einem exklusiven Set aus vier handgemachten Kr\u00e4utertees, verfeinert mit gefriergetrocknetem Microgreen.<br data-start=\"3049\" data-end=\"3052\" \/>Ein ideales Geschenk f\u00fcr Familie, Freunde und alle, die Nat\u00fcrlichkeit, Achtsamkeit und Wohlbefinden sch\u00e4tzen.<\/p>","protected":false},"featured_media":1793,"template":"","meta":{"_coblocks_attr":"","_coblocks_dimensions":"","_coblocks_responsive_height":"","_coblocks_accordion_ie_support":"","wprm-recipe-roundup-name":"","wprm-recipe-roundup-description":""},"product_brand":[],"product_cat":[107,16],"product_tag":[],"class_list":{"0":"post-1792","1":"product","2":"type-product","3":"status-publish","4":"has-post-thumbnail","6":"product_cat-geschenkset","7":"product_cat-mikrotee","8":"product_shipping_class-dry","10":"first","11":"instock","12":"taxable","13":"shipping-taxable","14":"purchasable","15":"product-type-simple"},"yoast_head":"<!-- This site is optimized with the Yoast SEO plugin v27.5 - https:\/\/yoast.com\/product\/yoast-seo-wordpress\/ -->\n<title>Geschenkset: 4 Premium-Kr\u00e4utertees mit Microgreen | Handgemacht in der Schweiz<\/title>\n<meta name=\"description\" content=\"Vier handgemachte Kr\u00e4utertees mit gefriergetrocknetem Microgreen: Good Night, Detox, Focus und Immun Boost. Nat\u00fcrlich, aromatisch &amp; ideal als Geschenk. Schweizer Qualit\u00e4t.\" \/>\n<meta name=\"robots\" content=\"index, follow, max-snippet:-1, max-image-preview:large, max-video-preview:-1\" \/>\n<link rel=\"canonical\" href=\"https:\/\/gogreen-schweiz.ch\/en\/product\/geschenkset-4-premium-kraeutertees-mit-microgreen\/\" \/>\n<meta property=\"og:locale\" content=\"en_GB\" \/>\n<meta property=\"og:type\" content=\"article\" \/>\n<meta property=\"og:title\" content=\"Geschenkset: 4 Premium-Kr\u00e4utertees mit Microgreen | Handgemacht in der Schweiz\" \/>\n<meta property=\"og:description\" content=\"Vier handgemachte Kr\u00e4utertees mit gefriergetrocknetem Microgreen: Good Night, Detox, Focus und Immun Boost. Nat\u00fcrlich, aromatisch &amp; ideal als Geschenk. Schweizer Qualit\u00e4t.\" \/>\n<meta property=\"og:url\" content=\"https:\/\/gogreen-schweiz.ch\/en\/product\/geschenkset-4-premium-kraeutertees-mit-microgreen\/\" \/>\n<meta property=\"og:site_name\" content=\"Go Green - Schweiz GmbH\" \/>\n<meta property=\"article:modified_time\" content=\"2025-12-01T09:26:14+00:00\" \/>\n<meta property=\"og:image\" content=\"https:\/\/gogreen-schweiz.ch\/wp-content\/uploads\/2025\/11\/Tee-geschenk-2.webp\" \/>\n\t<meta property=\"og:image:width\" content=\"600\" \/>\n\t<meta property=\"og:image:height\" content=\"600\" \/>\n\t<meta property=\"og:image:type\" content=\"image\/webp\" \/>\n<meta name=\"twitter:card\" content=\"summary_large_image\" \/>\n<meta name=\"twitter:label1\" content=\"Estimated reading time\" \/>\n\t<meta name=\"twitter:data1\" content=\"1 minute\" \/>\n<script type=\"application\/ld+json\" class=\"yoast-schema-graph\">{\"@context\":\"https:\\\/\\\/schema.org\",\"@graph\":[{\"@type\":\"WebPage\",\"@id\":\"https:\\\/\\\/gogreen-schweiz.ch\\\/product\\\/geschenkset-4-premium-kraeutertees-mit-microgreen\\\/\",\"url\":\"https:\\\/\\\/gogreen-schweiz.ch\\\/product\\\/geschenkset-4-premium-kraeutertees-mit-microgreen\\\/\",\"name\":\"Geschenkset: 4 Premium-Kr\u00e4utertees mit Microgreen | Handgemacht in der Schweiz\",\"isPartOf\":{\"@id\":\"https:\\\/\\\/gogreen-schweiz.ch\\\/#website\"},\"primaryImageOfPage\":{\"@id\":\"https:\\\/\\\/gogreen-schweiz.ch\\\/product\\\/geschenkset-4-premium-kraeutertees-mit-microgreen\\\/#primaryimage\"},\"image\":{\"@id\":\"https:\\\/\\\/gogreen-schweiz.ch\\\/product\\\/geschenkset-4-premium-kraeutertees-mit-microgreen\\\/#primaryimage\"},\"thumbnailUrl\":\"https:\\\/\\\/gogreen-schweiz.ch\\\/wp-content\\\/uploads\\\/2025\\\/11\\\/Tee-geschenk-2.webp\",\"datePublished\":\"2025-11-14T10:33:03+00:00\",\"dateModified\":\"2025-12-01T09:26:14+00:00\",\"description\":\"Vier handgemachte Kr\u00e4utertees mit gefriergetrocknetem Microgreen: Good Night, Detox, Focus und Immun Boost. Nat\u00fcrlich, aromatisch & ideal als Geschenk. Schweizer Qualit\u00e4t.\",\"breadcrumb\":{\"@id\":\"https:\\\/\\\/gogreen-schweiz.ch\\\/product\\\/geschenkset-4-premium-kraeutertees-mit-microgreen\\\/#breadcrumb\"},\"inLanguage\":\"en-GB\",\"potentialAction\":[{\"@type\":\"ReadAction\",\"target\":[\"https:\\\/\\\/gogreen-schweiz.ch\\\/product\\\/geschenkset-4-premium-kraeutertees-mit-microgreen\\\/\"]}]},{\"@type\":\"ImageObject\",\"inLanguage\":\"en-GB\",\"@id\":\"https:\\\/\\\/gogreen-schweiz.ch\\\/product\\\/geschenkset-4-premium-kraeutertees-mit-microgreen\\\/#primaryimage\",\"url\":\"https:\\\/\\\/gogreen-schweiz.ch\\\/wp-content\\\/uploads\\\/2025\\\/11\\\/Tee-geschenk-2.webp\",\"contentUrl\":\"https:\\\/\\\/gogreen-schweiz.ch\\\/wp-content\\\/uploads\\\/2025\\\/11\\\/Tee-geschenk-2.webp\",\"width\":600,\"height\":600,\"caption\":\"Geschenkset \u201e4 Premium-Kr\u00e4utertees mit Microgreen\u201c\"},{\"@type\":\"BreadcrumbList\",\"@id\":\"https:\\\/\\\/gogreen-schweiz.ch\\\/product\\\/geschenkset-4-premium-kraeutertees-mit-microgreen\\\/#breadcrumb\",\"itemListElement\":[{\"@type\":\"ListItem\",\"position\":1,\"name\":\"Home\",\"item\":\"https:\\\/\\\/gogreen-schweiz.ch\\\/\"},{\"@type\":\"ListItem\",\"position\":2,\"name\":\"Shop\",\"item\":\"https:\\\/\\\/gogreen-schweiz.ch\\\/shop\\\/\"},{\"@type\":\"ListItem\",\"position\":3,\"name\":\"Geschenkset \u201e4 Premium-Kr\u00e4utertees mit Microgreen\u201c\"}]},{\"@type\":\"WebSite\",\"@id\":\"https:\\\/\\\/gogreen-schweiz.ch\\\/#website\",\"url\":\"https:\\\/\\\/gogreen-schweiz.ch\\\/\",\"name\":\"Go Green - Schweiz GmbH\",\"description\":\"\",\"publisher\":{\"@id\":\"https:\\\/\\\/gogreen-schweiz.ch\\\/#organization\"},\"potentialAction\":[{\"@type\":\"SearchAction\",\"target\":{\"@type\":\"EntryPoint\",\"urlTemplate\":\"https:\\\/\\\/gogreen-schweiz.ch\\\/?s={search_term_string}\"},\"query-input\":{\"@type\":\"PropertyValueSpecification\",\"valueRequired\":true,\"valueName\":\"search_term_string\"}}],\"inLanguage\":\"en-GB\"},{\"@type\":\"Organization\",\"@id\":\"https:\\\/\\\/gogreen-schweiz.ch\\\/#organization\",\"name\":\"Go Green - Schweiz GmbH\",\"url\":\"https:\\\/\\\/gogreen-schweiz.ch\\\/\",\"logo\":{\"@type\":\"ImageObject\",\"inLanguage\":\"en-GB\",\"@id\":\"https:\\\/\\\/gogreen-schweiz.ch\\\/#\\\/schema\\\/logo\\\/image\\\/\",\"url\":\"https:\\\/\\\/gogreen-schweiz.ch\\\/wp-content\\\/uploads\\\/2025\\\/07\\\/cropped-Go-Green.webp\",\"contentUrl\":\"https:\\\/\\\/gogreen-schweiz.ch\\\/wp-content\\\/uploads\\\/2025\\\/07\\\/cropped-Go-Green.webp\",\"width\":512,\"height\":512,\"caption\":\"Go Green - Schweiz GmbH\"},\"image\":{\"@id\":\"https:\\\/\\\/gogreen-schweiz.ch\\\/#\\\/schema\\\/logo\\\/image\\\/\"},\"sameAs\":[\"https:\\\/\\\/www.instagram.com\\\/gogreenschweiz\"]}]}<\/script>\n<!-- \/ Yoast SEO plugin. -->","yoast_head_json":{"title":"Geschenkset: 4 Premium-Kr\u00e4utertees mit Microgreen | Handgemacht in der Schweiz","description":"Vier handgemachte Kr\u00e4utertees mit gefriergetrocknetem Microgreen: Good Night, Detox, Focus und Immun Boost. Nat\u00fcrlich, aromatisch & ideal als Geschenk. Schweizer Qualit\u00e4t.","robots":{"index":"index","follow":"follow","max-snippet":"max-snippet:-1","max-image-preview":"max-image-preview:large","max-video-preview":"max-video-preview:-1"},"canonical":"https:\/\/gogreen-schweiz.ch\/en\/product\/geschenkset-4-premium-kraeutertees-mit-microgreen\/","og_locale":"en_GB","og_type":"article","og_title":"Geschenkset: 4 Premium-Kr\u00e4utertees mit Microgreen | Handgemacht in der Schweiz","og_description":"Vier handgemachte Kr\u00e4utertees mit gefriergetrocknetem Microgreen: Good Night, Detox, Focus und Immun Boost. Nat\u00fcrlich, aromatisch & ideal als Geschenk. Schweizer Qualit\u00e4t.","og_url":"https:\/\/gogreen-schweiz.ch\/en\/product\/geschenkset-4-premium-kraeutertees-mit-microgreen\/","og_site_name":"Go Green - Schweiz GmbH","article_modified_time":"2025-12-01T09:26:14+00:00","og_image":[{"width":600,"height":600,"url":"https:\/\/gogreen-schweiz.ch\/wp-content\/uploads\/2025\/11\/Tee-geschenk-2.webp","type":"image\/webp"}],"twitter_card":"summary_large_image","twitter_misc":{"Estimated reading time":"1 minute"},"schema":{"@context":"https:\/\/schema.org","@graph":[{"@type":"WebPage","@id":"https:\/\/gogreen-schweiz.ch\/product\/geschenkset-4-premium-kraeutertees-mit-microgreen\/","url":"https:\/\/gogreen-schweiz.ch\/product\/geschenkset-4-premium-kraeutertees-mit-microgreen\/","name":"Geschenkset: 4 Premium-Kr\u00e4utertees mit Microgreen | Handgemacht in der Schweiz","isPartOf":{"@id":"https:\/\/gogreen-schweiz.ch\/#website"},"primaryImageOfPage":{"@id":"https:\/\/gogreen-schweiz.ch\/product\/geschenkset-4-premium-kraeutertees-mit-microgreen\/#primaryimage"},"image":{"@id":"https:\/\/gogreen-schweiz.ch\/product\/geschenkset-4-premium-kraeutertees-mit-microgreen\/#primaryimage"},"thumbnailUrl":"https:\/\/gogreen-schweiz.ch\/wp-content\/uploads\/2025\/11\/Tee-geschenk-2.webp","datePublished":"2025-11-14T10:33:03+00:00","dateModified":"2025-12-01T09:26:14+00:00","description":"Vier handgemachte Kr\u00e4utertees mit gefriergetrocknetem Microgreen: Good Night, Detox, Focus und Immun Boost. Nat\u00fcrlich, aromatisch & ideal als Geschenk. Schweizer Qualit\u00e4t.","breadcrumb":{"@id":"https:\/\/gogreen-schweiz.ch\/product\/geschenkset-4-premium-kraeutertees-mit-microgreen\/#breadcrumb"},"inLanguage":"en-GB","potentialAction":[{"@type":"ReadAction","target":["https:\/\/gogreen-schweiz.ch\/product\/geschenkset-4-premium-kraeutertees-mit-microgreen\/"]}]},{"@type":"ImageObject","inLanguage":"en-GB","@id":"https:\/\/gogreen-schweiz.ch\/product\/geschenkset-4-premium-kraeutertees-mit-microgreen\/#primaryimage","url":"https:\/\/gogreen-schweiz.ch\/wp-content\/uploads\/2025\/11\/Tee-geschenk-2.webp","contentUrl":"https:\/\/gogreen-schweiz.ch\/wp-content\/uploads\/2025\/11\/Tee-geschenk-2.webp","width":600,"height":600,"caption":"Geschenkset \u201e4 Premium-Kr\u00e4utertees mit Microgreen\u201c"},{"@type":"BreadcrumbList","@id":"https:\/\/gogreen-schweiz.ch\/product\/geschenkset-4-premium-kraeutertees-mit-microgreen\/#breadcrumb","itemListElement":[{"@type":"ListItem","position":1,"name":"Home","item":"https:\/\/gogreen-schweiz.ch\/"},{"@type":"ListItem","position":2,"name":"Shop","item":"https:\/\/gogreen-schweiz.ch\/shop\/"},{"@type":"ListItem","position":3,"name":"Geschenkset \u201e4 Premium-Kr\u00e4utertees mit Microgreen\u201c"}]},{"@type":"WebSite","@id":"https:\/\/gogreen-schweiz.ch\/#website","url":"https:\/\/gogreen-schweiz.ch\/","name":"Go Green - Schweiz GmbH","description":"","publisher":{"@id":"https:\/\/gogreen-schweiz.ch\/#organization"},"potentialAction":[{"@type":"SearchAction","target":{"@type":"EntryPoint","urlTemplate":"https:\/\/gogreen-schweiz.ch\/?s={search_term_string}"},"query-input":{"@type":"PropertyValueSpecification","valueRequired":true,"valueName":"search_term_string"}}],"inLanguage":"en-GB"},{"@type":"Organization","@id":"https:\/\/gogreen-schweiz.ch\/#organization","name":"Go Green - Schweiz GmbH","url":"https:\/\/gogreen-schweiz.ch\/","logo":{"@type":"ImageObject","inLanguage":"en-GB","@id":"https:\/\/gogreen-schweiz.ch\/#\/schema\/logo\/image\/","url":"https:\/\/gogreen-schweiz.ch\/wp-content\/uploads\/2025\/07\/cropped-Go-Green.webp","contentUrl":"https:\/\/gogreen-schweiz.ch\/wp-content\/uploads\/2025\/07\/cropped-Go-Green.webp","width":512,"height":512,"caption":"Go Green - Schweiz GmbH"},"image":{"@id":"https:\/\/gogreen-schweiz.ch\/#\/schema\/logo\/image\/"},"sameAs":["https:\/\/www.instagram.com\/gogreenschweiz"]}]}},"jetpack_sharing_enabled":true,"_links":{"self":[{"href":"https:\/\/gogreen-schweiz.ch\/en\/wp-json\/wp\/v2\/product\/1792","targetHints":{"allow":["GET"]}}],"collection":[{"href":"https:\/\/gogreen-schweiz.ch\/en\/wp-json\/wp\/v2\/product"}],"about":[{"href":"https:\/\/gogreen-schweiz.ch\/en\/wp-json\/wp\/v2\/types\/product"}],"wp:featuredmedia":[{"embeddable":true,"href":"https:\/\/gogreen-schweiz.ch\/en\/wp-json\/wp\/v2\/media\/1793"}],"wp:attachment":[{"href":"https:\/\/gogreen-schweiz.ch\/en\/wp-json\/wp\/v2\/media?parent=1792"}],"wp:term":[{"taxonomy":"product_brand","embeddable":true,"href":"https:\/\/gogreen-schweiz.ch\/en\/wp-json\/wp\/v2\/product_brand?post=1792"},{"taxonomy":"product_cat","embeddable":true,"href":"https:\/\/gogreen-schweiz.ch\/en\/wp-json\/wp\/v2\/product_cat?post=1792"},{"taxonomy":"product_tag","embeddable":true,"href":"https:\/\/gogreen-schweiz.ch\/en\/wp-json\/wp\/v2\/product_tag?post=1792"}],"curies":[{"name":"wp","href":"https:\/\/api.w.org\/{rel}","templated":true}]}}