{"id":1797,"date":"2025-11-14T13:04:36","date_gmt":"2025-11-14T11:04:36","guid":{"rendered":"https:\/\/gogreen-schweiz.ch\/?post_type=product&#038;p=1797"},"modified":"2025-11-17T23:10:46","modified_gmt":"2025-11-17T21:10:46","slug":"geschenkset-3-microgreen-pulver","status":"publish","type":"product","link":"https:\/\/gogreen-schweiz.ch\/en\/product\/geschenkset-3-microgreen-pulver\/","title":{"rendered":"Geschenkset &#8222;3 Microgreen-Pulver&#8220;"},"content":{"rendered":"<p>Gefriergetrocknete Microgreens sind ein wahres Powerfood.<br data-start=\"2886\" data-end=\"2889\" \/>Durch die schonende Trocknung bleiben <strong data-start=\"2927\" data-end=\"2958\">bis zu 97% aller N\u00e4hrstoffe<\/strong> erhalten \u2014 Vitamine, Mineralstoffe, Polyphenole und Antioxidantien.<\/p>\n<p data-start=\"3028\" data-end=\"3053\"><strong data-start=\"3032\" data-end=\"3053\">Im Set enthalten:<\/strong><\/p>\n<ul>\n<li data-start=\"3055\" data-end=\"3095\"><a href=\"https:\/\/gogreen-schweiz.ch\/en\/product\/brokkoli-mikrogruen-pulver\/\"><strong data-start=\"3063\" data-end=\"3093\">Brokkoli-Microgreen-Pulver<\/strong><\/a>\n<ul>\n<li data-start=\"3055\" data-end=\"3095\">Eines der st\u00e4rksten Superfoods \u00fcberhaupt.<\/li>\n<li data-start=\"3055\" data-end=\"3095\">Reich an Sulforaphan, Vitamin C, Eisen und Magnesium.<\/li>\n<li data-start=\"3055\" data-end=\"3095\">Ideal f\u00fcr Immunsystem, Zellschutz und Energie.<\/li>\n<\/ul>\n<\/li>\n<li><a href=\"https:\/\/gogreen-schweiz.ch\/en\/product\/supergreenmix-24-sorten\/\"><strong data-start=\"3252\" data-end=\"3283\">Supermix aus 24 Microgreens<\/strong><\/a>\n<ul>\n<li>Eine perfekte Kombination aus 24 Sorten \u2014 von Amaranth und Kresse bis zu Zwiebel, Dill, Erbsen und Mizuna.<\/li>\n<li>Eine t\u00e4gliche Portion liefert ein breites Spektrum an Vitaminen und sekund\u00e4ren Pflanzenstoffen.<\/li>\n<\/ul>\n<\/li>\n<li><a href=\"https:\/\/gogreen-schweiz.ch\/en\/product\/radieschen-pulver\/\"><strong data-start=\"3500\" data-end=\"3532\">Radieschen-Microgreen-Pulver<\/strong><\/a>\n<ul>\n<li>W\u00fcrzig, leicht pikant, aromatisch.<\/li>\n<li>Reich an Vitamin C und Antioxidantien.<\/li>\n<li>Kann als <strong data-start=\"3622\" data-end=\"3652\">gesunde Gew\u00fcrz-Alternative<\/strong> verwendet werden.<\/li>\n<\/ul>\n<\/li>\n<\/ul>\n<p data-start=\"3677\" data-end=\"3705\"><strong data-start=\"3681\" data-end=\"3703\">Vorteile des Sets:<\/strong><\/p>\n<ul>\n<li data-start=\"3706\" data-end=\"3900\">100% nat\u00fcrlich<\/li>\n<li data-start=\"3706\" data-end=\"3900\">Ohne Zus\u00e4tze<\/li>\n<li data-start=\"3706\" data-end=\"3900\">Schweizer Qualit\u00e4t &amp; Handarbeit<\/li>\n<li data-start=\"3706\" data-end=\"3900\">F\u00fcr Kinder, Sportler, Senioren und Vielbesch\u00e4ftigte<\/li>\n<li data-start=\"3706\" data-end=\"3900\">Einfach in jedes Gericht zu integrieren<\/li>\n<li data-start=\"3706\" data-end=\"3900\">Perfekt als Geschenk<\/li>\n<\/ul>\n<p data-start=\"3907\" data-end=\"3927\"><strong data-start=\"3911\" data-end=\"3925\">Anwendung: <\/strong>1 TL hinzuf\u00fcgen zu:<br data-start=\"3947\" data-end=\"3950\" \/>\ud83e\udd63 Smoothies<br data-start=\"3962\" data-end=\"3965\" \/>\ud83c\udf72 Suppen<br data-start=\"3974\" data-end=\"3977\" \/>\ud83e\udd57 Salaten<br data-start=\"3987\" data-end=\"3990\" \/>\ud83c\udf5b Saucen<br data-start=\"3999\" data-end=\"4002\" \/>\ud83c\udf5e Teig (Pfannkuchen, Brot, Waffeln)<br data-start=\"4038\" data-end=\"4041\" \/>\ud83c\udf68 Joghurt<\/p>\n<p data-start=\"4055\" data-end=\"4119\">Radieschen-Pulver eignet sich besonders gut als pikantes Gew\u00fcrz.<\/p>\n<p data-start=\"3706\" data-end=\"3900\">","protected":false},"excerpt":{"rendered":"<p>Das perfekte Geschenk f\u00fcr alle, die Gesundheit und hochwertige Ern\u00e4hrung sch\u00e4tzen. Das Set enth\u00e4lt drei Dosen Microgreen-Pulver: Brokkoli, Supermix aus 24 Microgreen-Sorten und Radieschen.<\/p>\n<p>Jede Dose enth\u00e4lt 12.5 g \u2013 entspricht 150\u2013250 g frischer Microgreens.<\/p>","protected":false},"featured_media":1799,"template":"","meta":{"_coblocks_attr":"","_coblocks_dimensions":"","_coblocks_responsive_height":"","_coblocks_accordion_ie_support":"","wprm-recipe-roundup-name":"","wprm-recipe-roundup-description":""},"product_brand":[],"product_cat":[107,52],"product_tag":[],"class_list":{"0":"post-1797","1":"product","2":"type-product","3":"status-publish","4":"has-post-thumbnail","6":"product_cat-geschenkset","7":"product_cat-microgreen-pulver","8":"product_shipping_class-dry","10":"first","11":"instock","12":"taxable","13":"shipping-taxable","14":"purchasable","15":"product-type-simple"},"yoast_head":"<!-- This site is optimized with the Yoast SEO plugin v27.5 - https:\/\/yoast.com\/product\/yoast-seo-wordpress\/ -->\n<title>Geschenkset: 3 Microgreen-Pulver \u2014 Brokkoli, 24er Supermix, Radieschen | Go Green<\/title>\n<meta name=\"description\" content=\"Geschenkset mit drei gefriergetrockneten Microgreen-Pulvern: Brokkoli, 24-Sorten-Supermix und Radieschen. 12.5 g pro Dose. Nat\u00fcrlich, gesund, handgemacht in der Schweiz.\" \/>\n<meta name=\"robots\" content=\"index, follow, max-snippet:-1, max-image-preview:large, max-video-preview:-1\" \/>\n<link rel=\"canonical\" href=\"https:\/\/gogreen-schweiz.ch\/en\/product\/geschenkset-3-microgreen-pulver\/\" \/>\n<meta property=\"og:locale\" content=\"en_GB\" \/>\n<meta property=\"og:type\" content=\"article\" \/>\n<meta property=\"og:title\" content=\"Geschenkset: 3 Microgreen-Pulver \u2014 Brokkoli, 24er Supermix, Radieschen | Go Green\" \/>\n<meta property=\"og:description\" content=\"Geschenkset mit drei gefriergetrockneten Microgreen-Pulvern: Brokkoli, 24-Sorten-Supermix und Radieschen. 12.5 g pro Dose. Nat\u00fcrlich, gesund, handgemacht in der Schweiz.\" \/>\n<meta property=\"og:url\" content=\"https:\/\/gogreen-schweiz.ch\/en\/product\/geschenkset-3-microgreen-pulver\/\" \/>\n<meta property=\"og:site_name\" content=\"Go Green - Schweiz GmbH\" \/>\n<meta property=\"article:modified_time\" content=\"2025-11-17T21:10:46+00:00\" \/>\n<meta property=\"og:image\" content=\"https:\/\/gogreen-schweiz.ch\/wp-content\/uploads\/2025\/11\/Geschenkset-pulver-1.webp\" \/>\n\t<meta property=\"og:image:width\" content=\"600\" \/>\n\t<meta property=\"og:image:height\" content=\"600\" \/>\n\t<meta property=\"og:image:type\" content=\"image\/webp\" \/>\n<meta name=\"twitter:card\" content=\"summary_large_image\" \/>\n<meta name=\"twitter:label1\" content=\"Estimated reading time\" \/>\n\t<meta name=\"twitter:data1\" content=\"2 minutes\" \/>\n<script type=\"application\/ld+json\" class=\"yoast-schema-graph\">{\"@context\":\"https:\\\/\\\/schema.org\",\"@graph\":[{\"@type\":\"WebPage\",\"@id\":\"https:\\\/\\\/gogreen-schweiz.ch\\\/product\\\/geschenkset-3-microgreen-pulver\\\/\",\"url\":\"https:\\\/\\\/gogreen-schweiz.ch\\\/product\\\/geschenkset-3-microgreen-pulver\\\/\",\"name\":\"Geschenkset: 3 Microgreen-Pulver \u2014 Brokkoli, 24er Supermix, Radieschen | Go Green\",\"isPartOf\":{\"@id\":\"https:\\\/\\\/gogreen-schweiz.ch\\\/#website\"},\"primaryImageOfPage\":{\"@id\":\"https:\\\/\\\/gogreen-schweiz.ch\\\/product\\\/geschenkset-3-microgreen-pulver\\\/#primaryimage\"},\"image\":{\"@id\":\"https:\\\/\\\/gogreen-schweiz.ch\\\/product\\\/geschenkset-3-microgreen-pulver\\\/#primaryimage\"},\"thumbnailUrl\":\"https:\\\/\\\/gogreen-schweiz.ch\\\/wp-content\\\/uploads\\\/2025\\\/11\\\/Geschenkset-pulver-1.webp\",\"datePublished\":\"2025-11-14T11:04:36+00:00\",\"dateModified\":\"2025-11-17T21:10:46+00:00\",\"description\":\"Geschenkset mit drei gefriergetrockneten Microgreen-Pulvern: Brokkoli, 24-Sorten-Supermix und Radieschen. 12.5 g pro Dose. Nat\u00fcrlich, gesund, handgemacht in der Schweiz.\",\"breadcrumb\":{\"@id\":\"https:\\\/\\\/gogreen-schweiz.ch\\\/product\\\/geschenkset-3-microgreen-pulver\\\/#breadcrumb\"},\"inLanguage\":\"en-GB\",\"potentialAction\":[{\"@type\":\"ReadAction\",\"target\":[\"https:\\\/\\\/gogreen-schweiz.ch\\\/product\\\/geschenkset-3-microgreen-pulver\\\/\"]}]},{\"@type\":\"ImageObject\",\"inLanguage\":\"en-GB\",\"@id\":\"https:\\\/\\\/gogreen-schweiz.ch\\\/product\\\/geschenkset-3-microgreen-pulver\\\/#primaryimage\",\"url\":\"https:\\\/\\\/gogreen-schweiz.ch\\\/wp-content\\\/uploads\\\/2025\\\/11\\\/Geschenkset-pulver-1.webp\",\"contentUrl\":\"https:\\\/\\\/gogreen-schweiz.ch\\\/wp-content\\\/uploads\\\/2025\\\/11\\\/Geschenkset-pulver-1.webp\",\"width\":600,\"height\":600,\"caption\":\"Geschenkset - microgreen pulver\"},{\"@type\":\"BreadcrumbList\",\"@id\":\"https:\\\/\\\/gogreen-schweiz.ch\\\/product\\\/geschenkset-3-microgreen-pulver\\\/#breadcrumb\",\"itemListElement\":[{\"@type\":\"ListItem\",\"position\":1,\"name\":\"Home\",\"item\":\"https:\\\/\\\/gogreen-schweiz.ch\\\/\"},{\"@type\":\"ListItem\",\"position\":2,\"name\":\"Shop\",\"item\":\"https:\\\/\\\/gogreen-schweiz.ch\\\/shop\\\/\"},{\"@type\":\"ListItem\",\"position\":3,\"name\":\"Geschenkset &#8220;3 Microgreen-Pulver&#8221;\"}]},{\"@type\":\"WebSite\",\"@id\":\"https:\\\/\\\/gogreen-schweiz.ch\\\/#website\",\"url\":\"https:\\\/\\\/gogreen-schweiz.ch\\\/\",\"name\":\"Go Green - Schweiz GmbH\",\"description\":\"\",\"publisher\":{\"@id\":\"https:\\\/\\\/gogreen-schweiz.ch\\\/#organization\"},\"potentialAction\":[{\"@type\":\"SearchAction\",\"target\":{\"@type\":\"EntryPoint\",\"urlTemplate\":\"https:\\\/\\\/gogreen-schweiz.ch\\\/?s={search_term_string}\"},\"query-input\":{\"@type\":\"PropertyValueSpecification\",\"valueRequired\":true,\"valueName\":\"search_term_string\"}}],\"inLanguage\":\"en-GB\"},{\"@type\":\"Organization\",\"@id\":\"https:\\\/\\\/gogreen-schweiz.ch\\\/#organization\",\"name\":\"Go Green - Schweiz GmbH\",\"url\":\"https:\\\/\\\/gogreen-schweiz.ch\\\/\",\"logo\":{\"@type\":\"ImageObject\",\"inLanguage\":\"en-GB\",\"@id\":\"https:\\\/\\\/gogreen-schweiz.ch\\\/#\\\/schema\\\/logo\\\/image\\\/\",\"url\":\"https:\\\/\\\/gogreen-schweiz.ch\\\/wp-content\\\/uploads\\\/2025\\\/07\\\/cropped-Go-Green.webp\",\"contentUrl\":\"https:\\\/\\\/gogreen-schweiz.ch\\\/wp-content\\\/uploads\\\/2025\\\/07\\\/cropped-Go-Green.webp\",\"width\":512,\"height\":512,\"caption\":\"Go Green - Schweiz GmbH\"},\"image\":{\"@id\":\"https:\\\/\\\/gogreen-schweiz.ch\\\/#\\\/schema\\\/logo\\\/image\\\/\"},\"sameAs\":[\"https:\\\/\\\/www.instagram.com\\\/gogreenschweiz\"]}]}<\/script>\n<!-- \/ Yoast SEO plugin. -->","yoast_head_json":{"title":"Geschenkset: 3 Microgreen-Pulver \u2014 Brokkoli, 24er Supermix, Radieschen | Go Green","description":"Geschenkset mit drei gefriergetrockneten Microgreen-Pulvern: Brokkoli, 24-Sorten-Supermix und Radieschen. 12.5 g pro Dose. Nat\u00fcrlich, gesund, handgemacht in der Schweiz.","robots":{"index":"index","follow":"follow","max-snippet":"max-snippet:-1","max-image-preview":"max-image-preview:large","max-video-preview":"max-video-preview:-1"},"canonical":"https:\/\/gogreen-schweiz.ch\/en\/product\/geschenkset-3-microgreen-pulver\/","og_locale":"en_GB","og_type":"article","og_title":"Geschenkset: 3 Microgreen-Pulver \u2014 Brokkoli, 24er Supermix, Radieschen | Go Green","og_description":"Geschenkset mit drei gefriergetrockneten Microgreen-Pulvern: Brokkoli, 24-Sorten-Supermix und Radieschen. 12.5 g pro Dose. Nat\u00fcrlich, gesund, handgemacht in der Schweiz.","og_url":"https:\/\/gogreen-schweiz.ch\/en\/product\/geschenkset-3-microgreen-pulver\/","og_site_name":"Go Green - Schweiz GmbH","article_modified_time":"2025-11-17T21:10:46+00:00","og_image":[{"width":600,"height":600,"url":"https:\/\/gogreen-schweiz.ch\/wp-content\/uploads\/2025\/11\/Geschenkset-pulver-1.webp","type":"image\/webp"}],"twitter_card":"summary_large_image","twitter_misc":{"Estimated reading time":"2 minutes"},"schema":{"@context":"https:\/\/schema.org","@graph":[{"@type":"WebPage","@id":"https:\/\/gogreen-schweiz.ch\/product\/geschenkset-3-microgreen-pulver\/","url":"https:\/\/gogreen-schweiz.ch\/product\/geschenkset-3-microgreen-pulver\/","name":"Geschenkset: 3 Microgreen-Pulver \u2014 Brokkoli, 24er Supermix, Radieschen | Go Green","isPartOf":{"@id":"https:\/\/gogreen-schweiz.ch\/#website"},"primaryImageOfPage":{"@id":"https:\/\/gogreen-schweiz.ch\/product\/geschenkset-3-microgreen-pulver\/#primaryimage"},"image":{"@id":"https:\/\/gogreen-schweiz.ch\/product\/geschenkset-3-microgreen-pulver\/#primaryimage"},"thumbnailUrl":"https:\/\/gogreen-schweiz.ch\/wp-content\/uploads\/2025\/11\/Geschenkset-pulver-1.webp","datePublished":"2025-11-14T11:04:36+00:00","dateModified":"2025-11-17T21:10:46+00:00","description":"Geschenkset mit drei gefriergetrockneten Microgreen-Pulvern: Brokkoli, 24-Sorten-Supermix und Radieschen. 12.5 g pro Dose. Nat\u00fcrlich, gesund, handgemacht in der Schweiz.","breadcrumb":{"@id":"https:\/\/gogreen-schweiz.ch\/product\/geschenkset-3-microgreen-pulver\/#breadcrumb"},"inLanguage":"en-GB","potentialAction":[{"@type":"ReadAction","target":["https:\/\/gogreen-schweiz.ch\/product\/geschenkset-3-microgreen-pulver\/"]}]},{"@type":"ImageObject","inLanguage":"en-GB","@id":"https:\/\/gogreen-schweiz.ch\/product\/geschenkset-3-microgreen-pulver\/#primaryimage","url":"https:\/\/gogreen-schweiz.ch\/wp-content\/uploads\/2025\/11\/Geschenkset-pulver-1.webp","contentUrl":"https:\/\/gogreen-schweiz.ch\/wp-content\/uploads\/2025\/11\/Geschenkset-pulver-1.webp","width":600,"height":600,"caption":"Geschenkset - microgreen pulver"},{"@type":"BreadcrumbList","@id":"https:\/\/gogreen-schweiz.ch\/product\/geschenkset-3-microgreen-pulver\/#breadcrumb","itemListElement":[{"@type":"ListItem","position":1,"name":"Home","item":"https:\/\/gogreen-schweiz.ch\/"},{"@type":"ListItem","position":2,"name":"Shop","item":"https:\/\/gogreen-schweiz.ch\/shop\/"},{"@type":"ListItem","position":3,"name":"Geschenkset &#8220;3 Microgreen-Pulver&#8221;"}]},{"@type":"WebSite","@id":"https:\/\/gogreen-schweiz.ch\/#website","url":"https:\/\/gogreen-schweiz.ch\/","name":"Go Green - Schweiz GmbH","description":"","publisher":{"@id":"https:\/\/gogreen-schweiz.ch\/#organization"},"potentialAction":[{"@type":"SearchAction","target":{"@type":"EntryPoint","urlTemplate":"https:\/\/gogreen-schweiz.ch\/?s={search_term_string}"},"query-input":{"@type":"PropertyValueSpecification","valueRequired":true,"valueName":"search_term_string"}}],"inLanguage":"en-GB"},{"@type":"Organization","@id":"https:\/\/gogreen-schweiz.ch\/#organization","name":"Go Green - Schweiz GmbH","url":"https:\/\/gogreen-schweiz.ch\/","logo":{"@type":"ImageObject","inLanguage":"en-GB","@id":"https:\/\/gogreen-schweiz.ch\/#\/schema\/logo\/image\/","url":"https:\/\/gogreen-schweiz.ch\/wp-content\/uploads\/2025\/07\/cropped-Go-Green.webp","contentUrl":"https:\/\/gogreen-schweiz.ch\/wp-content\/uploads\/2025\/07\/cropped-Go-Green.webp","width":512,"height":512,"caption":"Go Green - Schweiz GmbH"},"image":{"@id":"https:\/\/gogreen-schweiz.ch\/#\/schema\/logo\/image\/"},"sameAs":["https:\/\/www.instagram.com\/gogreenschweiz"]}]}},"jetpack_sharing_enabled":true,"_links":{"self":[{"href":"https:\/\/gogreen-schweiz.ch\/en\/wp-json\/wp\/v2\/product\/1797","targetHints":{"allow":["GET"]}}],"collection":[{"href":"https:\/\/gogreen-schweiz.ch\/en\/wp-json\/wp\/v2\/product"}],"about":[{"href":"https:\/\/gogreen-schweiz.ch\/en\/wp-json\/wp\/v2\/types\/product"}],"wp:featuredmedia":[{"embeddable":true,"href":"https:\/\/gogreen-schweiz.ch\/en\/wp-json\/wp\/v2\/media\/1799"}],"wp:attachment":[{"href":"https:\/\/gogreen-schweiz.ch\/en\/wp-json\/wp\/v2\/media?parent=1797"}],"wp:term":[{"taxonomy":"product_brand","embeddable":true,"href":"https:\/\/gogreen-schweiz.ch\/en\/wp-json\/wp\/v2\/product_brand?post=1797"},{"taxonomy":"product_cat","embeddable":true,"href":"https:\/\/gogreen-schweiz.ch\/en\/wp-json\/wp\/v2\/product_cat?post=1797"},{"taxonomy":"product_tag","embeddable":true,"href":"https:\/\/gogreen-schweiz.ch\/en\/wp-json\/wp\/v2\/product_tag?post=1797"}],"curies":[{"name":"wp","href":"https:\/\/api.w.org\/{rel}","templated":true}]}}