{"id":1872,"date":"2025-12-01T16:58:44","date_gmt":"2025-12-01T14:58:44","guid":{"rendered":"https:\/\/gogreen-schweiz.ch\/?post_type=product&#038;p=1872"},"modified":"2025-12-08T22:48:32","modified_gmt":"2025-12-08T20:48:32","slug":"supermix-women","status":"publish","type":"product","link":"https:\/\/gogreen-schweiz.ch\/en\/product\/supermix-women\/","title":{"rendered":"Supermix &#8211; Women Balance"},"content":{"rendered":"<p data-start=\"1004\" data-end=\"1390\">Der <strong data-start=\"1008\" data-end=\"1046\">Women&#8217;s Balance Microgreen Mix<\/strong> wurde speziell entwickelt, um die nat\u00fcrlichen Bed\u00fcrfnisse des weiblichen K\u00f6rpers zu unterst\u00fctzen.<br data-start=\"1150\" data-end=\"1153\" \/>Mit einer ausgew\u00e4hlten Kombination aus 12 kraftvollen Microgreens \u2013 darunter Alfalfa, Klee, Brokkoli, Amaranth und Kapuzinerkresse \u2013 liefert dieser Mix wertvolle Phyto\u00f6strogene, Sulforaphan, Antioxidantien, Mineralstoffe und Chlorophyll.<\/p>\n<p data-start=\"1392\" data-end=\"1583\">Dank der <strong data-start=\"1401\" data-end=\"1432\">schonenden Gefriertrocknung<\/strong> bleiben bis zu 97 % der N\u00e4hrstoffe erhalten.<br data-start=\"1477\" data-end=\"1480\" \/>Eine Portion pro Tag (1 TL) gen\u00fcgt, um deinen K\u00f6rper mit hochkonzentrierter Pflanzenkraft zu versorgen.<\/p>\n<p data-start=\"1585\" data-end=\"1736\">Ideal f\u00fcr Haut, Hormonbalance, Energie, Verdauung und Immunsystem.<br data-start=\"1651\" data-end=\"1654\" \/>Kann jeden Tag in Smoothies, Joghurt, Wasser, Suppen oder Bowls einger\u00fchrt werden.<\/p>\n<p data-start=\"2444\" data-end=\"2501\"><strong data-start=\"2449\" data-end=\"2499\">Warum dieser Mix ideal f\u00fcr Frauen ist:<\/strong><\/p>\n<ul>\n<li data-start=\"2504\" data-end=\"2567\"><strong data-start=\"2507\" data-end=\"2544\">Phyto\u00f6strogene aus <a href=\"https:\/\/gogreen-schweiz.ch\/en\/was-ist-alfalfa\/\">Alfalfa<\/a> &amp; Klee<\/strong> \u2192 nat\u00fcrliche Balance<\/li>\n<li data-start=\"2570\" data-end=\"2628\"><strong data-start=\"2573\" data-end=\"2601\"><a href=\"https:\/\/gogreen-schweiz.ch\/en\/sulforaphan-superheld-aus-gemuese\/\">Sulforaphan<\/a> aus <a href=\"https:\/\/gogreen-schweiz.ch\/en\/die-erstaunlichen-vorteile-von-brokkoli-microgreens-frisch-und-in-pulverform\/\">Brokkoli<\/a><\/strong> \u2192 Zellschutz, Entgiftung<\/li>\n<li data-start=\"2631\" data-end=\"2684\"><strong data-start=\"2634\" data-end=\"2659\">Amaranth &amp; Koriander<\/strong> \u2192 Eisen, Energie, Haut<\/li>\n<li data-start=\"2687\" data-end=\"2745\"><strong data-start=\"2690\" data-end=\"2709\">Kapuzinerkresse<\/strong> \u2192 Immunst\u00e4rkung, Mikrozirkulation<\/li>\n<li data-start=\"2748\" data-end=\"2799\"><strong data-start=\"2751\" data-end=\"2770\">Lupine &amp; Mizuna<\/strong> \u2192 Proteine, Antioxidantien<\/li>\n<li data-start=\"2802\" data-end=\"2858\"><strong data-start=\"2804\" data-end=\"2828\"><a href=\"https:\/\/gogreen-schweiz.ch\/en\/sonnenblumen-microgreens-erstaunlich-wirkungsvolle-eigenschaften\/\">Sonnenblume<\/a> &amp; Rucola<\/strong> \u2192 Vitamin E, Knochen &amp; Haut<\/li>\n<li data-start=\"2861\" data-end=\"2908\"><a href=\"https:\/\/gogreen-schweiz.ch\/en\/was-ist-fenchel\/\"><strong data-start=\"2864\" data-end=\"2875\">Fenchel<\/strong><\/a> \u2192 Verdauung &amp; Hormonregulation<\/li>\n<li data-start=\"2911\" data-end=\"2941\"><strong data-start=\"2914\" data-end=\"2925\">Zwiebel<\/strong> \u2192 Herz &amp; Gef\u00e4sse<\/li>\n<\/ul>\n<p>Alle Zutaten sind <b>100 % nat\u00fcrliche gefriergetrocknete Microgreens<\/b>, ohne Zusatzstoffe, Zucker oder Aromastoffe.<\/p>\n<p><strong>Verwendung: <\/strong>0,5 &#8211; 1 Teel\u00f6ffel pro Tag<\/p>","protected":false},"excerpt":{"rendered":"<p>Premium-Mix aus 12 Sorten gefriergetrockneter Microgreens \u2013 speziell f\u00fcr Frauen.<\/p>\n<p>Ein einzigartiger, wissenschaftlich inspirierter Mix aus 12 gefriergetrockneten Microgreens, entwickelt f\u00fcr Frauen. Unterst\u00fctzt Hormonbalance, Haut, Energie, Immunsystem und Stoffwechsel \u2013 nat\u00fcrlich, kraftvoll und jeden Tag anwendbar.<\/p>","protected":false},"featured_media":1382,"template":"","meta":{"_coblocks_attr":"","_coblocks_dimensions":"","_coblocks_responsive_height":"","_coblocks_accordion_ie_support":"","wprm-recipe-roundup-name":"","wprm-recipe-roundup-description":""},"product_brand":[],"product_cat":[52],"product_tag":[],"class_list":{"0":"post-1872","1":"product","2":"type-product","3":"status-publish","4":"has-post-thumbnail","6":"product_cat-microgreen-pulver","8":"first","9":"instock","10":"taxable","11":"shipping-taxable","12":"purchasable","13":"product-type-simple"},"yoast_head":"<!-- This site is optimized with the Yoast SEO plugin v27.5 - https:\/\/yoast.com\/product\/yoast-seo-wordpress\/ -->\n<title>Women&#039;s Balance Microgreen Mix \u2013 Premium Superfood f\u00fcr Hormonbalance, Haut &amp; Energie<\/title>\n<meta name=\"description\" content=\"Ein n\u00e4hrstoffreicher Mix aus 12 gefriergetrockneten Microgreens f\u00fcr Frauen. Enth\u00e4lt Phyto\u00f6strogene, Sulforaphan, Antioxidantien und Vitamin E. Unterst\u00fctzt Hormone, Haut, Energie &amp; Immunsystem.\" \/>\n<meta name=\"robots\" content=\"index, follow, max-snippet:-1, max-image-preview:large, max-video-preview:-1\" \/>\n<link rel=\"canonical\" href=\"https:\/\/gogreen-schweiz.ch\/en\/product\/supermix-women\/\" \/>\n<meta property=\"og:locale\" content=\"en_GB\" \/>\n<meta property=\"og:type\" content=\"article\" \/>\n<meta property=\"og:title\" content=\"Women&#039;s Balance Microgreen Mix \u2013 Premium Superfood f\u00fcr Hormonbalance, Haut &amp; Energie\" \/>\n<meta property=\"og:description\" content=\"Ein n\u00e4hrstoffreicher Mix aus 12 gefriergetrockneten Microgreens f\u00fcr Frauen. Enth\u00e4lt Phyto\u00f6strogene, Sulforaphan, Antioxidantien und Vitamin E. Unterst\u00fctzt Hormone, Haut, Energie &amp; Immunsystem.\" \/>\n<meta property=\"og:url\" content=\"https:\/\/gogreen-schweiz.ch\/en\/product\/supermix-women\/\" \/>\n<meta property=\"og:site_name\" content=\"Go Green - Schweiz GmbH\" \/>\n<meta property=\"article:modified_time\" content=\"2025-12-08T20:48:32+00:00\" \/>\n<meta property=\"og:image\" content=\"https:\/\/gogreen-schweiz.ch\/wp-content\/uploads\/2025\/09\/Radieschen-Pulver-1.webp\" \/>\n\t<meta property=\"og:image:width\" content=\"1200\" \/>\n\t<meta property=\"og:image:height\" content=\"1200\" \/>\n\t<meta property=\"og:image:type\" content=\"image\/webp\" \/>\n<meta name=\"twitter:card\" content=\"summary_large_image\" \/>\n<meta name=\"twitter:label1\" content=\"Estimated reading time\" \/>\n\t<meta name=\"twitter:data1\" content=\"2 minutes\" \/>\n<script type=\"application\/ld+json\" class=\"yoast-schema-graph\">{\"@context\":\"https:\\\/\\\/schema.org\",\"@graph\":[{\"@type\":\"WebPage\",\"@id\":\"https:\\\/\\\/gogreen-schweiz.ch\\\/product\\\/supermix-women\\\/\",\"url\":\"https:\\\/\\\/gogreen-schweiz.ch\\\/product\\\/supermix-women\\\/\",\"name\":\"Women's Balance Microgreen Mix \u2013 Premium Superfood f\u00fcr Hormonbalance, Haut & Energie\",\"isPartOf\":{\"@id\":\"https:\\\/\\\/gogreen-schweiz.ch\\\/#website\"},\"primaryImageOfPage\":{\"@id\":\"https:\\\/\\\/gogreen-schweiz.ch\\\/product\\\/supermix-women\\\/#primaryimage\"},\"image\":{\"@id\":\"https:\\\/\\\/gogreen-schweiz.ch\\\/product\\\/supermix-women\\\/#primaryimage\"},\"thumbnailUrl\":\"https:\\\/\\\/gogreen-schweiz.ch\\\/wp-content\\\/uploads\\\/2025\\\/09\\\/Radieschen-Pulver-1.webp\",\"datePublished\":\"2025-12-01T14:58:44+00:00\",\"dateModified\":\"2025-12-08T20:48:32+00:00\",\"description\":\"Ein n\u00e4hrstoffreicher Mix aus 12 gefriergetrockneten Microgreens f\u00fcr Frauen. Enth\u00e4lt Phyto\u00f6strogene, Sulforaphan, Antioxidantien und Vitamin E. Unterst\u00fctzt Hormone, Haut, Energie & Immunsystem.\",\"breadcrumb\":{\"@id\":\"https:\\\/\\\/gogreen-schweiz.ch\\\/product\\\/supermix-women\\\/#breadcrumb\"},\"inLanguage\":\"en-GB\",\"potentialAction\":[{\"@type\":\"ReadAction\",\"target\":[\"https:\\\/\\\/gogreen-schweiz.ch\\\/product\\\/supermix-women\\\/\"]}]},{\"@type\":\"ImageObject\",\"inLanguage\":\"en-GB\",\"@id\":\"https:\\\/\\\/gogreen-schweiz.ch\\\/product\\\/supermix-women\\\/#primaryimage\",\"url\":\"https:\\\/\\\/gogreen-schweiz.ch\\\/wp-content\\\/uploads\\\/2025\\\/09\\\/Radieschen-Pulver-1.webp\",\"contentUrl\":\"https:\\\/\\\/gogreen-schweiz.ch\\\/wp-content\\\/uploads\\\/2025\\\/09\\\/Radieschen-Pulver-1.webp\",\"width\":1200,\"height\":1200,\"caption\":\"Radieschen microgreens pulver\"},{\"@type\":\"BreadcrumbList\",\"@id\":\"https:\\\/\\\/gogreen-schweiz.ch\\\/product\\\/supermix-women\\\/#breadcrumb\",\"itemListElement\":[{\"@type\":\"ListItem\",\"position\":1,\"name\":\"Home\",\"item\":\"https:\\\/\\\/gogreen-schweiz.ch\\\/\"},{\"@type\":\"ListItem\",\"position\":2,\"name\":\"Shop\",\"item\":\"https:\\\/\\\/gogreen-schweiz.ch\\\/shop\\\/\"},{\"@type\":\"ListItem\",\"position\":3,\"name\":\"Supermix &#8211; Women Balance\"}]},{\"@type\":\"WebSite\",\"@id\":\"https:\\\/\\\/gogreen-schweiz.ch\\\/#website\",\"url\":\"https:\\\/\\\/gogreen-schweiz.ch\\\/\",\"name\":\"Go Green - Schweiz GmbH\",\"description\":\"\",\"publisher\":{\"@id\":\"https:\\\/\\\/gogreen-schweiz.ch\\\/#organization\"},\"potentialAction\":[{\"@type\":\"SearchAction\",\"target\":{\"@type\":\"EntryPoint\",\"urlTemplate\":\"https:\\\/\\\/gogreen-schweiz.ch\\\/?s={search_term_string}\"},\"query-input\":{\"@type\":\"PropertyValueSpecification\",\"valueRequired\":true,\"valueName\":\"search_term_string\"}}],\"inLanguage\":\"en-GB\"},{\"@type\":\"Organization\",\"@id\":\"https:\\\/\\\/gogreen-schweiz.ch\\\/#organization\",\"name\":\"Go Green - Schweiz GmbH\",\"url\":\"https:\\\/\\\/gogreen-schweiz.ch\\\/\",\"logo\":{\"@type\":\"ImageObject\",\"inLanguage\":\"en-GB\",\"@id\":\"https:\\\/\\\/gogreen-schweiz.ch\\\/#\\\/schema\\\/logo\\\/image\\\/\",\"url\":\"https:\\\/\\\/gogreen-schweiz.ch\\\/wp-content\\\/uploads\\\/2025\\\/07\\\/cropped-Go-Green.webp\",\"contentUrl\":\"https:\\\/\\\/gogreen-schweiz.ch\\\/wp-content\\\/uploads\\\/2025\\\/07\\\/cropped-Go-Green.webp\",\"width\":512,\"height\":512,\"caption\":\"Go Green - Schweiz GmbH\"},\"image\":{\"@id\":\"https:\\\/\\\/gogreen-schweiz.ch\\\/#\\\/schema\\\/logo\\\/image\\\/\"},\"sameAs\":[\"https:\\\/\\\/www.instagram.com\\\/gogreenschweiz\"]}]}<\/script>\n<!-- \/ Yoast SEO plugin. -->","yoast_head_json":{"title":"Women's Balance Microgreen Mix \u2013 Premium Superfood f\u00fcr Hormonbalance, Haut & Energie","description":"Ein n\u00e4hrstoffreicher Mix aus 12 gefriergetrockneten Microgreens f\u00fcr Frauen. Enth\u00e4lt Phyto\u00f6strogene, Sulforaphan, Antioxidantien und Vitamin E. Unterst\u00fctzt Hormone, Haut, Energie & Immunsystem.","robots":{"index":"index","follow":"follow","max-snippet":"max-snippet:-1","max-image-preview":"max-image-preview:large","max-video-preview":"max-video-preview:-1"},"canonical":"https:\/\/gogreen-schweiz.ch\/en\/product\/supermix-women\/","og_locale":"en_GB","og_type":"article","og_title":"Women's Balance Microgreen Mix \u2013 Premium Superfood f\u00fcr Hormonbalance, Haut & Energie","og_description":"Ein n\u00e4hrstoffreicher Mix aus 12 gefriergetrockneten Microgreens f\u00fcr Frauen. Enth\u00e4lt Phyto\u00f6strogene, Sulforaphan, Antioxidantien und Vitamin E. Unterst\u00fctzt Hormone, Haut, Energie & Immunsystem.","og_url":"https:\/\/gogreen-schweiz.ch\/en\/product\/supermix-women\/","og_site_name":"Go Green - Schweiz GmbH","article_modified_time":"2025-12-08T20:48:32+00:00","og_image":[{"width":1200,"height":1200,"url":"https:\/\/gogreen-schweiz.ch\/wp-content\/uploads\/2025\/09\/Radieschen-Pulver-1.webp","type":"image\/webp"}],"twitter_card":"summary_large_image","twitter_misc":{"Estimated reading time":"2 minutes"},"schema":{"@context":"https:\/\/schema.org","@graph":[{"@type":"WebPage","@id":"https:\/\/gogreen-schweiz.ch\/product\/supermix-women\/","url":"https:\/\/gogreen-schweiz.ch\/product\/supermix-women\/","name":"Women's Balance Microgreen Mix \u2013 Premium Superfood f\u00fcr Hormonbalance, Haut & Energie","isPartOf":{"@id":"https:\/\/gogreen-schweiz.ch\/#website"},"primaryImageOfPage":{"@id":"https:\/\/gogreen-schweiz.ch\/product\/supermix-women\/#primaryimage"},"image":{"@id":"https:\/\/gogreen-schweiz.ch\/product\/supermix-women\/#primaryimage"},"thumbnailUrl":"https:\/\/gogreen-schweiz.ch\/wp-content\/uploads\/2025\/09\/Radieschen-Pulver-1.webp","datePublished":"2025-12-01T14:58:44+00:00","dateModified":"2025-12-08T20:48:32+00:00","description":"Ein n\u00e4hrstoffreicher Mix aus 12 gefriergetrockneten Microgreens f\u00fcr Frauen. Enth\u00e4lt Phyto\u00f6strogene, Sulforaphan, Antioxidantien und Vitamin E. Unterst\u00fctzt Hormone, Haut, Energie & Immunsystem.","breadcrumb":{"@id":"https:\/\/gogreen-schweiz.ch\/product\/supermix-women\/#breadcrumb"},"inLanguage":"en-GB","potentialAction":[{"@type":"ReadAction","target":["https:\/\/gogreen-schweiz.ch\/product\/supermix-women\/"]}]},{"@type":"ImageObject","inLanguage":"en-GB","@id":"https:\/\/gogreen-schweiz.ch\/product\/supermix-women\/#primaryimage","url":"https:\/\/gogreen-schweiz.ch\/wp-content\/uploads\/2025\/09\/Radieschen-Pulver-1.webp","contentUrl":"https:\/\/gogreen-schweiz.ch\/wp-content\/uploads\/2025\/09\/Radieschen-Pulver-1.webp","width":1200,"height":1200,"caption":"Radieschen microgreens pulver"},{"@type":"BreadcrumbList","@id":"https:\/\/gogreen-schweiz.ch\/product\/supermix-women\/#breadcrumb","itemListElement":[{"@type":"ListItem","position":1,"name":"Home","item":"https:\/\/gogreen-schweiz.ch\/"},{"@type":"ListItem","position":2,"name":"Shop","item":"https:\/\/gogreen-schweiz.ch\/shop\/"},{"@type":"ListItem","position":3,"name":"Supermix &#8211; Women Balance"}]},{"@type":"WebSite","@id":"https:\/\/gogreen-schweiz.ch\/#website","url":"https:\/\/gogreen-schweiz.ch\/","name":"Go Green - Schweiz GmbH","description":"","publisher":{"@id":"https:\/\/gogreen-schweiz.ch\/#organization"},"potentialAction":[{"@type":"SearchAction","target":{"@type":"EntryPoint","urlTemplate":"https:\/\/gogreen-schweiz.ch\/?s={search_term_string}"},"query-input":{"@type":"PropertyValueSpecification","valueRequired":true,"valueName":"search_term_string"}}],"inLanguage":"en-GB"},{"@type":"Organization","@id":"https:\/\/gogreen-schweiz.ch\/#organization","name":"Go Green - Schweiz GmbH","url":"https:\/\/gogreen-schweiz.ch\/","logo":{"@type":"ImageObject","inLanguage":"en-GB","@id":"https:\/\/gogreen-schweiz.ch\/#\/schema\/logo\/image\/","url":"https:\/\/gogreen-schweiz.ch\/wp-content\/uploads\/2025\/07\/cropped-Go-Green.webp","contentUrl":"https:\/\/gogreen-schweiz.ch\/wp-content\/uploads\/2025\/07\/cropped-Go-Green.webp","width":512,"height":512,"caption":"Go Green - Schweiz GmbH"},"image":{"@id":"https:\/\/gogreen-schweiz.ch\/#\/schema\/logo\/image\/"},"sameAs":["https:\/\/www.instagram.com\/gogreenschweiz"]}]}},"jetpack_sharing_enabled":true,"_links":{"self":[{"href":"https:\/\/gogreen-schweiz.ch\/en\/wp-json\/wp\/v2\/product\/1872","targetHints":{"allow":["GET"]}}],"collection":[{"href":"https:\/\/gogreen-schweiz.ch\/en\/wp-json\/wp\/v2\/product"}],"about":[{"href":"https:\/\/gogreen-schweiz.ch\/en\/wp-json\/wp\/v2\/types\/product"}],"wp:featuredmedia":[{"embeddable":true,"href":"https:\/\/gogreen-schweiz.ch\/en\/wp-json\/wp\/v2\/media\/1382"}],"wp:attachment":[{"href":"https:\/\/gogreen-schweiz.ch\/en\/wp-json\/wp\/v2\/media?parent=1872"}],"wp:term":[{"taxonomy":"product_brand","embeddable":true,"href":"https:\/\/gogreen-schweiz.ch\/en\/wp-json\/wp\/v2\/product_brand?post=1872"},{"taxonomy":"product_cat","embeddable":true,"href":"https:\/\/gogreen-schweiz.ch\/en\/wp-json\/wp\/v2\/product_cat?post=1872"},{"taxonomy":"product_tag","embeddable":true,"href":"https:\/\/gogreen-schweiz.ch\/en\/wp-json\/wp\/v2\/product_tag?post=1872"}],"curies":[{"name":"wp","href":"https:\/\/api.w.org\/{rel}","templated":true}]}}