{"id":2088,"date":"2026-01-15T14:53:44","date_gmt":"2026-01-15T12:53:44","guid":{"rendered":"https:\/\/gogreen-schweiz.ch\/?post_type=product&#038;p=2088"},"modified":"2026-02-02T18:26:36","modified_gmt":"2026-02-02T16:26:36","slug":"microgreen-zu-hause","status":"publish","type":"product","link":"https:\/\/gogreen-schweiz.ch\/en\/product\/microgreen-zu-hause\/","title":{"rendered":"Microgreen zu Hause"},"content":{"rendered":"<h3>Warum Microgreens?<\/h3>\n<ul>\n<li>Gesundheitsvorsorge\n<ul>\n<li>Microgreens ist ein Konzentrat n\u00fctzlicher Substanzen. Es enth\u00e4lt etwa 40 Mal mehr wertvolle Elemente als ausgewachsene Pflanzen: Vitamine A, C, E, K, B-Vitamine, Eisen, Kalzium, Magnesium, Antioxidantien und Chlorophyll.<\/li>\n<li>Es f\u00f6rdert die Energie, die Stimmung und das Immunsystem, was besonders im Winter wichtig ist, wenn dem K\u00f6rper Vitamine fehlen.<\/li>\n<\/ul>\n<\/li>\n<li>Praktische Aspekte\n<ul>\n<li>Microgreens ist anspruchslos, ben\u00f6tigt wenig Platz und w\u00e4chst schnell.<\/li>\n<li>Der Anbau zu Hause ist 3- bis 5-mal kosteng\u00fcnstiger als der Kauf im Gesch\u00e4ft.<\/li>\n<li>Es macht Gerichte ansprechender und sorgt f\u00fcr mehr Geschmacksvielfalt.<\/li>\n<\/ul>\n<\/li>\n<li>Gem\u00fctlichkeit und Ruhe\n<ul>\n<li>Microgreens schafft eine gr\u00fcne Ecke im Haus, verleiht W\u00e4rme und ein Gef\u00fchl von Nat\u00fcrlichkeit.<\/li>\n<li>Es ist ein leichtes und angenehmes Hobby, das beruhigt und inspiriert.<\/li>\n<li>Es bereitet Freude durch das t\u00e4gliche Wachstum und die sichtbaren Ergebnisse.<\/li>\n<\/ul>\n<\/li>\n<\/ul>\n<p>&nbsp;<\/p>\n<h3>Kurs Programm<\/h3>\n<ol>\n<li>Was ist Microgreens?<\/li>\n<li>Grundprinzipien des Anbaus von Microgreens<\/li>\n<li>Substratarten<\/li>\n<li>Varianten von Containern<\/li>\n<li>Vorbereitung des Substrats<\/li>\n<li>Vorbereitung der Samen<\/li>\n<li>Die Dunkelphase<\/li>\n<li>Die Lichtphase<\/li>\n<li>Typische Erkrankungen und Probleme<\/li>\n<li>Ernte Und Lagerung von Microgreens<\/li>\n<\/ol>\n<p>&nbsp;<\/p>\n<p>Das <strong>Basic-Paket<\/strong> umfasst zeitlich unbegrenzten Zugang zu Kursmaterialien, Videomaterialien, Tabellen, Tipps und praktischen Empfehlungen.<\/p>\n<p><strong>Standard-Paket<\/strong> \u2013 umfasst alle Leistungen des Basic-Pakets sowie ein Starter-Set f\u00fcr den Anbau (10 Anzuchtk\u00e4sten, 10 Kokosmatten, eine Bew\u00e4sserungswanne, Samen f\u00fcr den Anbau von 5 verschiedenen Sorten Microgreens, einen Spr\u00fchbeh\u00e4lter zur Befeuchtung).<\/p>\n<p><strong>Premium-Paket<\/strong> \u2013 alles, was im Basic-Paket enthalten ist, sowie 5 Stunden pers\u00f6nliche schriftliche Beratung. Sie erhalten die M\u00f6glichkeit, vorrangig von Experten beraten zu werden.<\/p>","protected":false},"excerpt":{"rendered":"<p>Lernen Sie in 10 Tagen, wie Sie leckeres SUPERFOOD f\u00fcr sich und Ihre Familie anbauen k\u00f6nnen.<\/p>\n<ul>\n<li>Ohne Schmutz, Lampen, Misserfolge und unn\u00f6tige Komplikationen<\/li>\n<li>Die erste Ernte bereits nach einer Woche<\/li>\n<li>Es wird sowohl f\u00fcr Anf\u00e4nger als auch f\u00fcr diejenigen, die bereits Erfahrung im Anbau haben, von Nutzen sein<\/li>\n<\/ul>","protected":false},"featured_media":1190,"template":"","meta":{"_coblocks_attr":"","_coblocks_dimensions":"","_coblocks_responsive_height":"","_coblocks_accordion_ie_support":"","wprm-recipe-roundup-name":"","wprm-recipe-roundup-description":""},"product_brand":[],"product_cat":[117],"product_tag":[],"class_list":{"0":"post-2088","1":"product","2":"type-product","3":"status-publish","4":"has-post-thumbnail","6":"product_cat-kurse","8":"first","9":"instock","10":"taxable","11":"shipping-taxable","12":"purchasable","13":"product-type-variable"},"yoast_head":"<!-- This site is optimized with the Yoast SEO plugin v27.5 - https:\/\/yoast.com\/product\/yoast-seo-wordpress\/ -->\n<title>Microgreens zu Hause anbauen \u2013 Schritt-f\u00fcr-Schritt Kurs<\/title>\n<meta name=\"description\" content=\"Lerne, wie Microgreens einfach zu Hause anbauen. Online-Kurs mit Praxis, Tipps &amp; Fehlervermeidung \u2013 ideal f\u00fcr Anf\u00e4nger.\" \/>\n<meta name=\"robots\" content=\"index, follow, max-snippet:-1, max-image-preview:large, max-video-preview:-1\" \/>\n<link rel=\"canonical\" href=\"https:\/\/gogreen-schweiz.ch\/en\/product\/microgreen-zu-hause\/\" \/>\n<meta property=\"og:locale\" content=\"en_GB\" \/>\n<meta property=\"og:type\" content=\"article\" \/>\n<meta property=\"og:title\" content=\"Microgreens zu Hause anbauen \u2013 Schritt-f\u00fcr-Schritt Kurs\" \/>\n<meta property=\"og:description\" content=\"Lerne, wie Microgreens einfach zu Hause anbauen. Online-Kurs mit Praxis, Tipps &amp; Fehlervermeidung \u2013 ideal f\u00fcr Anf\u00e4nger.\" \/>\n<meta property=\"og:url\" content=\"https:\/\/gogreen-schweiz.ch\/en\/product\/microgreen-zu-hause\/\" \/>\n<meta property=\"og:site_name\" content=\"Go Green - Schweiz GmbH\" \/>\n<meta property=\"article:modified_time\" content=\"2026-02-02T16:26:36+00:00\" \/>\n<meta property=\"og:image\" content=\"https:\/\/gogreen-schweiz.ch\/wp-content\/uploads\/2025\/08\/unterschale.webp\" \/>\n\t<meta property=\"og:image:width\" content=\"600\" \/>\n\t<meta property=\"og:image:height\" content=\"600\" \/>\n\t<meta property=\"og:image:type\" content=\"image\/webp\" \/>\n<meta name=\"twitter:card\" content=\"summary_large_image\" \/>\n<meta name=\"twitter:label1\" content=\"Estimated reading time\" \/>\n\t<meta name=\"twitter:data1\" content=\"2 minutes\" \/>\n<script type=\"application\/ld+json\" class=\"yoast-schema-graph\">{\"@context\":\"https:\\\/\\\/schema.org\",\"@graph\":[{\"@type\":\"WebPage\",\"@id\":\"https:\\\/\\\/gogreen-schweiz.ch\\\/product\\\/microgreen-zu-hause\\\/\",\"url\":\"https:\\\/\\\/gogreen-schweiz.ch\\\/product\\\/microgreen-zu-hause\\\/\",\"name\":\"Microgreens zu Hause anbauen \u2013 Schritt-f\u00fcr-Schritt Kurs\",\"isPartOf\":{\"@id\":\"https:\\\/\\\/gogreen-schweiz.ch\\\/#website\"},\"primaryImageOfPage\":{\"@id\":\"https:\\\/\\\/gogreen-schweiz.ch\\\/product\\\/microgreen-zu-hause\\\/#primaryimage\"},\"image\":{\"@id\":\"https:\\\/\\\/gogreen-schweiz.ch\\\/product\\\/microgreen-zu-hause\\\/#primaryimage\"},\"thumbnailUrl\":\"https:\\\/\\\/gogreen-schweiz.ch\\\/wp-content\\\/uploads\\\/2025\\\/08\\\/unterschale.webp\",\"datePublished\":\"2026-01-15T12:53:44+00:00\",\"dateModified\":\"2026-02-02T16:26:36+00:00\",\"description\":\"Lerne, wie Microgreens einfach zu Hause anbauen. Online-Kurs mit Praxis, Tipps & Fehlervermeidung \u2013 ideal f\u00fcr Anf\u00e4nger.\",\"breadcrumb\":{\"@id\":\"https:\\\/\\\/gogreen-schweiz.ch\\\/product\\\/microgreen-zu-hause\\\/#breadcrumb\"},\"inLanguage\":\"en-GB\",\"potentialAction\":[{\"@type\":\"ReadAction\",\"target\":[\"https:\\\/\\\/gogreen-schweiz.ch\\\/product\\\/microgreen-zu-hause\\\/\"]}]},{\"@type\":\"ImageObject\",\"inLanguage\":\"en-GB\",\"@id\":\"https:\\\/\\\/gogreen-schweiz.ch\\\/product\\\/microgreen-zu-hause\\\/#primaryimage\",\"url\":\"https:\\\/\\\/gogreen-schweiz.ch\\\/wp-content\\\/uploads\\\/2025\\\/08\\\/unterschale.webp\",\"contentUrl\":\"https:\\\/\\\/gogreen-schweiz.ch\\\/wp-content\\\/uploads\\\/2025\\\/08\\\/unterschale.webp\",\"width\":600,\"height\":600},{\"@type\":\"BreadcrumbList\",\"@id\":\"https:\\\/\\\/gogreen-schweiz.ch\\\/product\\\/microgreen-zu-hause\\\/#breadcrumb\",\"itemListElement\":[{\"@type\":\"ListItem\",\"position\":1,\"name\":\"Home\",\"item\":\"https:\\\/\\\/gogreen-schweiz.ch\\\/\"},{\"@type\":\"ListItem\",\"position\":2,\"name\":\"Shop\",\"item\":\"https:\\\/\\\/gogreen-schweiz.ch\\\/shop\\\/\"},{\"@type\":\"ListItem\",\"position\":3,\"name\":\"Microgreen zu Hause\"}]},{\"@type\":\"WebSite\",\"@id\":\"https:\\\/\\\/gogreen-schweiz.ch\\\/#website\",\"url\":\"https:\\\/\\\/gogreen-schweiz.ch\\\/\",\"name\":\"Go Green - Schweiz GmbH\",\"description\":\"\",\"publisher\":{\"@id\":\"https:\\\/\\\/gogreen-schweiz.ch\\\/#organization\"},\"potentialAction\":[{\"@type\":\"SearchAction\",\"target\":{\"@type\":\"EntryPoint\",\"urlTemplate\":\"https:\\\/\\\/gogreen-schweiz.ch\\\/?s={search_term_string}\"},\"query-input\":{\"@type\":\"PropertyValueSpecification\",\"valueRequired\":true,\"valueName\":\"search_term_string\"}}],\"inLanguage\":\"en-GB\"},{\"@type\":\"Organization\",\"@id\":\"https:\\\/\\\/gogreen-schweiz.ch\\\/#organization\",\"name\":\"Go Green - Schweiz GmbH\",\"url\":\"https:\\\/\\\/gogreen-schweiz.ch\\\/\",\"logo\":{\"@type\":\"ImageObject\",\"inLanguage\":\"en-GB\",\"@id\":\"https:\\\/\\\/gogreen-schweiz.ch\\\/#\\\/schema\\\/logo\\\/image\\\/\",\"url\":\"https:\\\/\\\/gogreen-schweiz.ch\\\/wp-content\\\/uploads\\\/2025\\\/07\\\/cropped-Go-Green.webp\",\"contentUrl\":\"https:\\\/\\\/gogreen-schweiz.ch\\\/wp-content\\\/uploads\\\/2025\\\/07\\\/cropped-Go-Green.webp\",\"width\":512,\"height\":512,\"caption\":\"Go Green - Schweiz GmbH\"},\"image\":{\"@id\":\"https:\\\/\\\/gogreen-schweiz.ch\\\/#\\\/schema\\\/logo\\\/image\\\/\"},\"sameAs\":[\"https:\\\/\\\/www.instagram.com\\\/gogreenschweiz\"]}]}<\/script>\n<!-- \/ Yoast SEO plugin. -->","yoast_head_json":{"title":"Microgreens zu Hause anbauen \u2013 Schritt-f\u00fcr-Schritt Kurs","description":"Lerne, wie Microgreens einfach zu Hause anbauen. Online-Kurs mit Praxis, Tipps & Fehlervermeidung \u2013 ideal f\u00fcr Anf\u00e4nger.","robots":{"index":"index","follow":"follow","max-snippet":"max-snippet:-1","max-image-preview":"max-image-preview:large","max-video-preview":"max-video-preview:-1"},"canonical":"https:\/\/gogreen-schweiz.ch\/en\/product\/microgreen-zu-hause\/","og_locale":"en_GB","og_type":"article","og_title":"Microgreens zu Hause anbauen \u2013 Schritt-f\u00fcr-Schritt Kurs","og_description":"Lerne, wie Microgreens einfach zu Hause anbauen. Online-Kurs mit Praxis, Tipps & Fehlervermeidung \u2013 ideal f\u00fcr Anf\u00e4nger.","og_url":"https:\/\/gogreen-schweiz.ch\/en\/product\/microgreen-zu-hause\/","og_site_name":"Go Green - Schweiz GmbH","article_modified_time":"2026-02-02T16:26:36+00:00","og_image":[{"width":600,"height":600,"url":"https:\/\/gogreen-schweiz.ch\/wp-content\/uploads\/2025\/08\/unterschale.webp","type":"image\/webp"}],"twitter_card":"summary_large_image","twitter_misc":{"Estimated reading time":"2 minutes"},"schema":{"@context":"https:\/\/schema.org","@graph":[{"@type":"WebPage","@id":"https:\/\/gogreen-schweiz.ch\/product\/microgreen-zu-hause\/","url":"https:\/\/gogreen-schweiz.ch\/product\/microgreen-zu-hause\/","name":"Microgreens zu Hause anbauen \u2013 Schritt-f\u00fcr-Schritt Kurs","isPartOf":{"@id":"https:\/\/gogreen-schweiz.ch\/#website"},"primaryImageOfPage":{"@id":"https:\/\/gogreen-schweiz.ch\/product\/microgreen-zu-hause\/#primaryimage"},"image":{"@id":"https:\/\/gogreen-schweiz.ch\/product\/microgreen-zu-hause\/#primaryimage"},"thumbnailUrl":"https:\/\/gogreen-schweiz.ch\/wp-content\/uploads\/2025\/08\/unterschale.webp","datePublished":"2026-01-15T12:53:44+00:00","dateModified":"2026-02-02T16:26:36+00:00","description":"Lerne, wie Microgreens einfach zu Hause anbauen. Online-Kurs mit Praxis, Tipps & Fehlervermeidung \u2013 ideal f\u00fcr Anf\u00e4nger.","breadcrumb":{"@id":"https:\/\/gogreen-schweiz.ch\/product\/microgreen-zu-hause\/#breadcrumb"},"inLanguage":"en-GB","potentialAction":[{"@type":"ReadAction","target":["https:\/\/gogreen-schweiz.ch\/product\/microgreen-zu-hause\/"]}]},{"@type":"ImageObject","inLanguage":"en-GB","@id":"https:\/\/gogreen-schweiz.ch\/product\/microgreen-zu-hause\/#primaryimage","url":"https:\/\/gogreen-schweiz.ch\/wp-content\/uploads\/2025\/08\/unterschale.webp","contentUrl":"https:\/\/gogreen-schweiz.ch\/wp-content\/uploads\/2025\/08\/unterschale.webp","width":600,"height":600},{"@type":"BreadcrumbList","@id":"https:\/\/gogreen-schweiz.ch\/product\/microgreen-zu-hause\/#breadcrumb","itemListElement":[{"@type":"ListItem","position":1,"name":"Home","item":"https:\/\/gogreen-schweiz.ch\/"},{"@type":"ListItem","position":2,"name":"Shop","item":"https:\/\/gogreen-schweiz.ch\/shop\/"},{"@type":"ListItem","position":3,"name":"Microgreen zu Hause"}]},{"@type":"WebSite","@id":"https:\/\/gogreen-schweiz.ch\/#website","url":"https:\/\/gogreen-schweiz.ch\/","name":"Go Green - Schweiz GmbH","description":"","publisher":{"@id":"https:\/\/gogreen-schweiz.ch\/#organization"},"potentialAction":[{"@type":"SearchAction","target":{"@type":"EntryPoint","urlTemplate":"https:\/\/gogreen-schweiz.ch\/?s={search_term_string}"},"query-input":{"@type":"PropertyValueSpecification","valueRequired":true,"valueName":"search_term_string"}}],"inLanguage":"en-GB"},{"@type":"Organization","@id":"https:\/\/gogreen-schweiz.ch\/#organization","name":"Go Green - Schweiz GmbH","url":"https:\/\/gogreen-schweiz.ch\/","logo":{"@type":"ImageObject","inLanguage":"en-GB","@id":"https:\/\/gogreen-schweiz.ch\/#\/schema\/logo\/image\/","url":"https:\/\/gogreen-schweiz.ch\/wp-content\/uploads\/2025\/07\/cropped-Go-Green.webp","contentUrl":"https:\/\/gogreen-schweiz.ch\/wp-content\/uploads\/2025\/07\/cropped-Go-Green.webp","width":512,"height":512,"caption":"Go Green - Schweiz GmbH"},"image":{"@id":"https:\/\/gogreen-schweiz.ch\/#\/schema\/logo\/image\/"},"sameAs":["https:\/\/www.instagram.com\/gogreenschweiz"]}]}},"jetpack_sharing_enabled":true,"_links":{"self":[{"href":"https:\/\/gogreen-schweiz.ch\/en\/wp-json\/wp\/v2\/product\/2088","targetHints":{"allow":["GET"]}}],"collection":[{"href":"https:\/\/gogreen-schweiz.ch\/en\/wp-json\/wp\/v2\/product"}],"about":[{"href":"https:\/\/gogreen-schweiz.ch\/en\/wp-json\/wp\/v2\/types\/product"}],"wp:featuredmedia":[{"embeddable":true,"href":"https:\/\/gogreen-schweiz.ch\/en\/wp-json\/wp\/v2\/media\/1190"}],"wp:attachment":[{"href":"https:\/\/gogreen-schweiz.ch\/en\/wp-json\/wp\/v2\/media?parent=2088"}],"wp:term":[{"taxonomy":"product_brand","embeddable":true,"href":"https:\/\/gogreen-schweiz.ch\/en\/wp-json\/wp\/v2\/product_brand?post=2088"},{"taxonomy":"product_cat","embeddable":true,"href":"https:\/\/gogreen-schweiz.ch\/en\/wp-json\/wp\/v2\/product_cat?post=2088"},{"taxonomy":"product_tag","embeddable":true,"href":"https:\/\/gogreen-schweiz.ch\/en\/wp-json\/wp\/v2\/product_tag?post=2088"}],"curies":[{"name":"wp","href":"https:\/\/api.w.org\/{rel}","templated":true}]}}