{"id":2478,"date":"2026-03-16T14:16:49","date_gmt":"2026-03-16T12:16:49","guid":{"rendered":"https:\/\/gogreen-schweiz.ch\/?post_type=product&#038;p=2478"},"modified":"2026-03-16T14:21:14","modified_gmt":"2026-03-16T12:21:14","slug":"supermix-mens-power","status":"publish","type":"product","link":"https:\/\/gogreen-schweiz.ch\/en\/product\/supermix-mens-power\/","title":{"rendered":"Supermix &#8211; Men&#8217;s Power"},"content":{"rendered":"<p>Microgreens enthalten oft ein Vielfaches der N\u00e4hrstoffe ausgewachsener Pflanzen und sind eine einfache M\u00f6glichkeit, die t\u00e4gliche Ern\u00e4hrung mit nat\u00fcrlichen Superfoods zu bereichern.<\/p>\n<p>&nbsp;<\/p>\n<p data-start=\"1838\" data-end=\"1890\"><strong>Warum dieser Mix besonders f\u00fcr M\u00e4nner geeignet ist<\/strong><\/p>\n<p data-start=\"1892\" data-end=\"1966\">Die sorgf\u00e4ltig ausgew\u00e4hlten Microgreens in diesem Mix k\u00f6nnen unterst\u00fctzen:<\/p>\n<ul>\n<li data-start=\"1970\" data-end=\"2005\">nat\u00fcrliche Energie und Ausdauer<\/li>\n<li data-start=\"2008\" data-end=\"2037\">Herz- und Gef\u00e4ssgesundheit<\/li>\n<li data-start=\"2040\" data-end=\"2055\">Immunsystem<\/li>\n<li data-start=\"2058\" data-end=\"2102\">Regeneration nach k\u00f6rperlicher Belastung<\/li>\n<li data-start=\"2105\" data-end=\"2135\">Stoffwechsel und Vitalit\u00e4t<\/li>\n<\/ul>\n<p data-start=\"2137\" data-end=\"2289\">Dank der Kombination aus Antioxidantien, pflanzlichem Protein und wichtigen Mineralstoffen ist dieser Mix ideal f\u00fcr M\u00e4nner mit einem aktiven Lebensstil.<\/p>\n<p data-start=\"2137\" data-end=\"2289\"><strong>Die Microgreens im Supermix Men<\/strong><\/p>\n<ul>\n<li data-start=\"2137\" data-end=\"2289\"><a href=\"https:\/\/gogreen-schweiz.ch\/en\/sulforaphan-superheld-aus-gemuese\/\"><strong>Brokkoli<\/strong><\/a>-Microgreens &#8211; Sie enthalten besonders viel Sulforaphan, ein starkes Antioxidans, das den K\u00f6rper bei nat\u00fcrlichen Entgiftungsprozessen unterst\u00fctzt und zur allgemeinen Zellgesundheit beitragen kann.<\/li>\n<li data-start=\"2137\" data-end=\"2289\"><a href=\"https:\/\/gogreen-schweiz.ch\/en\/herbstzeit-gesundheit-staerken-mit-radieschen-microgreens\/\"><strong>Radieschen Red Rambo<\/strong><\/a> &#8211; Diese intensiv gef\u00e4rbten Microgreens sind reich an Antioxidantien und Vitamin C. Sie k\u00f6nnen helfen das Immunsystem zu st\u00e4rken,\u00a0die Durchblutung zu unterst\u00fctzen, dem Mix eine angenehme W\u00fcrze zu geben.<\/li>\n<li data-start=\"2137\" data-end=\"2289\"><strong>Daikon-Radieschen<\/strong> &#8211; sind bekannt f\u00fcr ihre unterst\u00fctzende Wirkung auf die Verdauung und den Stoffwechsel. Sie enthalten nat\u00fcrliche Pflanzenstoffe, die zur allgemeinen Vitalit\u00e4t beitragen k\u00f6nnen.<\/li>\n<li data-start=\"2137\" data-end=\"2289\"><a href=\"https:\/\/gogreen-schweiz.ch\/en\/sonnenblumen-microgreens-erstaunlich-wirkungsvolle-eigenschaften\/\"><strong>Sonnenblumen<\/strong><\/a> sind besonders nahrhaft und enthalten:\u00a0 pflanzliches Protein, wichtige Mineralstoffe, Vitamin E. Sie unterst\u00fctzen Energie und Muskelregeneration und machen den Mix besonders s\u00e4ttigend.<\/li>\n<li data-start=\"2137\" data-end=\"2289\"><strong>Erbsen<\/strong> &#8211; eine hervorragende Quelle f\u00fcr pflanzliches Eiwei\u00df und Aminos\u00e4uren. Sie unterst\u00fctzen: Muskelaufbau, Energieversorgung k\u00f6rperliche, Leistungsf\u00e4higkeit.<\/li>\n<li data-start=\"2137\" data-end=\"2289\"><strong>Rucola<\/strong> Microgreens. Rucola geh\u00f6rt zu den Kreuzbl\u00fctlern und enth\u00e4lt wertvolle sekund\u00e4re Pflanzenstoffe. Diese k\u00f6nnen: antioxidativ wirken, die Herzgesundheit f\u00f6rdern<strong data-start=\"3733\" data-end=\"3759\">, <\/strong>den Stoffwechsel unterst\u00fctzen<strong data-start=\"3697\" data-end=\"3726\">.<\/strong><\/li>\n<li data-start=\"2137\" data-end=\"2289\"><a href=\"https:\/\/gogreen-schweiz.ch\/en\/microgreens-schuetzen-das-herz\/\"><strong>Rotkohl<\/strong><\/a> ist reich an Anthocyanen, starken Antioxidantien. Diese k\u00f6nnen helfen Zellen vor oxidativem Stress zu sch\u00fctzen, das Herz-Kreislauf-System zu unterst\u00fctzen.<\/li>\n<li data-start=\"2137\" data-end=\"2289\"><strong>Mizuna<\/strong> Microgreens bringen eine angenehme Sch\u00e4rfe in den Mix. Sie k\u00f6nnen den Stoffwechsel aktivieren<strong data-start=\"4110\" data-end=\"4137\">, <\/strong>die Durchblutung f\u00f6rdern<strong data-start=\"4144\" data-end=\"4168\">, <\/strong>das Verdauungssystem unterst\u00fctzen.<\/li>\n<li><strong>Amaranth<\/strong> &#8211; enthaltet wertvolle Antioxidantien sowie Eisen und Magnesium. Diese N\u00e4hrstoffe k\u00f6nnen helfen Energie zu unterst\u00fctzen, M\u00fcdigkeit zu reduzieren, den K\u00f6rper mit wichtigen Mikron\u00e4hrstoffen zu versorgen.<\/li>\n<li><a href=\"https:\/\/gogreen-schweiz.ch\/en\/kresse-von-der-tradition-zum-superfood\/\"><strong>Kresse<\/strong><\/a> Microgreens &#8211; enthalten wichtige Vitamine und Mineralstoffe wie C, K, Eisen, Fols\u00e4ure.<\/li>\n<\/ul>","protected":false},"excerpt":{"rendered":"<p>Supermix Men ist eine speziell entwickelte Mischung aus n\u00e4hrstoffreichen Microgreens, die den m\u00e4nnlichen K\u00f6rper auf nat\u00fcrliche Weise unterst\u00fctzen.<\/p>\n<p>Diese Kombination aus ausgew\u00e4hlten jungen Pflanzen liefert eine hohe Konzentration an Vitaminen, Mineralstoffen und Antioxidantien und kann helfen, Energie, Leistungsf\u00e4higkeit und das allgemeine Wohlbefinden zu f\u00f6rdern.<\/p>","protected":false},"featured_media":1382,"template":"","meta":{"_coblocks_attr":"","_coblocks_dimensions":"","_coblocks_responsive_height":"","_coblocks_accordion_ie_support":"","wprm-recipe-roundup-name":"","wprm-recipe-roundup-description":""},"product_brand":[],"product_cat":[52],"product_tag":[],"class_list":{"0":"post-2478","1":"product","2":"type-product","3":"status-publish","4":"has-post-thumbnail","6":"product_cat-microgreen-pulver","8":"first","9":"instock","10":"taxable","11":"shipping-taxable","12":"purchasable","13":"product-type-simple"},"yoast_head":"<!-- This site is optimized with the Yoast SEO plugin v27.5 - https:\/\/yoast.com\/product\/yoast-seo-wordpress\/ -->\n<title>Supermix Men \u2013 Superfood f\u00fcr Energie &amp; M\u00e4nnergesundheit<\/title>\n<meta name=\"description\" content=\"Supermix Men ist eine kraftvolle Mischung. Unterst\u00fctzt Energie, Immunsystem und Herzgesundheit \u2013 nat\u00fcrlich aus der Schweiz.\" \/>\n<meta name=\"robots\" content=\"index, follow, max-snippet:-1, max-image-preview:large, max-video-preview:-1\" \/>\n<link rel=\"canonical\" href=\"https:\/\/gogreen-schweiz.ch\/en\/product\/supermix-mens-power\/\" \/>\n<meta property=\"og:locale\" content=\"en_GB\" \/>\n<meta property=\"og:type\" content=\"article\" \/>\n<meta property=\"og:title\" content=\"Supermix Men \u2013 Superfood f\u00fcr Energie &amp; M\u00e4nnergesundheit\" \/>\n<meta property=\"og:description\" content=\"Supermix Men ist eine kraftvolle Mischung. Unterst\u00fctzt Energie, Immunsystem und Herzgesundheit \u2013 nat\u00fcrlich aus der Schweiz.\" \/>\n<meta property=\"og:url\" content=\"https:\/\/gogreen-schweiz.ch\/en\/product\/supermix-mens-power\/\" \/>\n<meta property=\"og:site_name\" content=\"Go Green - Schweiz GmbH\" \/>\n<meta property=\"article:modified_time\" content=\"2026-03-16T12:21:14+00:00\" \/>\n<meta property=\"og:image\" content=\"https:\/\/gogreen-schweiz.ch\/wp-content\/uploads\/2025\/09\/Radieschen-Pulver-1.webp\" \/>\n\t<meta property=\"og:image:width\" content=\"1200\" \/>\n\t<meta property=\"og:image:height\" content=\"1200\" \/>\n\t<meta property=\"og:image:type\" content=\"image\/webp\" \/>\n<meta name=\"twitter:card\" content=\"summary_large_image\" \/>\n<meta name=\"twitter:label1\" content=\"Estimated reading time\" \/>\n\t<meta name=\"twitter:data1\" content=\"2 minutes\" \/>\n<script type=\"application\/ld+json\" class=\"yoast-schema-graph\">{\"@context\":\"https:\\\/\\\/schema.org\",\"@graph\":[{\"@type\":\"WebPage\",\"@id\":\"https:\\\/\\\/gogreen-schweiz.ch\\\/product\\\/supermix-mens-power\\\/\",\"url\":\"https:\\\/\\\/gogreen-schweiz.ch\\\/product\\\/supermix-mens-power\\\/\",\"name\":\"Supermix Men \u2013 Superfood f\u00fcr Energie & M\u00e4nnergesundheit\",\"isPartOf\":{\"@id\":\"https:\\\/\\\/gogreen-schweiz.ch\\\/#website\"},\"primaryImageOfPage\":{\"@id\":\"https:\\\/\\\/gogreen-schweiz.ch\\\/product\\\/supermix-mens-power\\\/#primaryimage\"},\"image\":{\"@id\":\"https:\\\/\\\/gogreen-schweiz.ch\\\/product\\\/supermix-mens-power\\\/#primaryimage\"},\"thumbnailUrl\":\"https:\\\/\\\/gogreen-schweiz.ch\\\/wp-content\\\/uploads\\\/2025\\\/09\\\/Radieschen-Pulver-1.webp\",\"datePublished\":\"2026-03-16T12:16:49+00:00\",\"dateModified\":\"2026-03-16T12:21:14+00:00\",\"description\":\"Supermix Men ist eine kraftvolle Mischung. Unterst\u00fctzt Energie, Immunsystem und Herzgesundheit \u2013 nat\u00fcrlich aus der Schweiz.\",\"breadcrumb\":{\"@id\":\"https:\\\/\\\/gogreen-schweiz.ch\\\/product\\\/supermix-mens-power\\\/#breadcrumb\"},\"inLanguage\":\"en-GB\",\"potentialAction\":[{\"@type\":\"ReadAction\",\"target\":[\"https:\\\/\\\/gogreen-schweiz.ch\\\/product\\\/supermix-mens-power\\\/\"]}]},{\"@type\":\"ImageObject\",\"inLanguage\":\"en-GB\",\"@id\":\"https:\\\/\\\/gogreen-schweiz.ch\\\/product\\\/supermix-mens-power\\\/#primaryimage\",\"url\":\"https:\\\/\\\/gogreen-schweiz.ch\\\/wp-content\\\/uploads\\\/2025\\\/09\\\/Radieschen-Pulver-1.webp\",\"contentUrl\":\"https:\\\/\\\/gogreen-schweiz.ch\\\/wp-content\\\/uploads\\\/2025\\\/09\\\/Radieschen-Pulver-1.webp\",\"width\":1200,\"height\":1200,\"caption\":\"Radieschen microgreens pulver\"},{\"@type\":\"BreadcrumbList\",\"@id\":\"https:\\\/\\\/gogreen-schweiz.ch\\\/product\\\/supermix-mens-power\\\/#breadcrumb\",\"itemListElement\":[{\"@type\":\"ListItem\",\"position\":1,\"name\":\"Home\",\"item\":\"https:\\\/\\\/gogreen-schweiz.ch\\\/\"},{\"@type\":\"ListItem\",\"position\":2,\"name\":\"Shop\",\"item\":\"https:\\\/\\\/gogreen-schweiz.ch\\\/shop\\\/\"},{\"@type\":\"ListItem\",\"position\":3,\"name\":\"Supermix &#8211; Men&#8217;s Power\"}]},{\"@type\":\"WebSite\",\"@id\":\"https:\\\/\\\/gogreen-schweiz.ch\\\/#website\",\"url\":\"https:\\\/\\\/gogreen-schweiz.ch\\\/\",\"name\":\"Go Green - Schweiz GmbH\",\"description\":\"\",\"publisher\":{\"@id\":\"https:\\\/\\\/gogreen-schweiz.ch\\\/#organization\"},\"potentialAction\":[{\"@type\":\"SearchAction\",\"target\":{\"@type\":\"EntryPoint\",\"urlTemplate\":\"https:\\\/\\\/gogreen-schweiz.ch\\\/?s={search_term_string}\"},\"query-input\":{\"@type\":\"PropertyValueSpecification\",\"valueRequired\":true,\"valueName\":\"search_term_string\"}}],\"inLanguage\":\"en-GB\"},{\"@type\":\"Organization\",\"@id\":\"https:\\\/\\\/gogreen-schweiz.ch\\\/#organization\",\"name\":\"Go Green - Schweiz GmbH\",\"url\":\"https:\\\/\\\/gogreen-schweiz.ch\\\/\",\"logo\":{\"@type\":\"ImageObject\",\"inLanguage\":\"en-GB\",\"@id\":\"https:\\\/\\\/gogreen-schweiz.ch\\\/#\\\/schema\\\/logo\\\/image\\\/\",\"url\":\"https:\\\/\\\/gogreen-schweiz.ch\\\/wp-content\\\/uploads\\\/2025\\\/07\\\/cropped-Go-Green.webp\",\"contentUrl\":\"https:\\\/\\\/gogreen-schweiz.ch\\\/wp-content\\\/uploads\\\/2025\\\/07\\\/cropped-Go-Green.webp\",\"width\":512,\"height\":512,\"caption\":\"Go Green - Schweiz GmbH\"},\"image\":{\"@id\":\"https:\\\/\\\/gogreen-schweiz.ch\\\/#\\\/schema\\\/logo\\\/image\\\/\"},\"sameAs\":[\"https:\\\/\\\/www.instagram.com\\\/gogreenschweiz\"]}]}<\/script>\n<!-- \/ Yoast SEO plugin. -->","yoast_head_json":{"title":"Supermix Men \u2013 Superfood f\u00fcr Energie & M\u00e4nnergesundheit","description":"Supermix Men ist eine kraftvolle Mischung. Unterst\u00fctzt Energie, Immunsystem und Herzgesundheit \u2013 nat\u00fcrlich aus der Schweiz.","robots":{"index":"index","follow":"follow","max-snippet":"max-snippet:-1","max-image-preview":"max-image-preview:large","max-video-preview":"max-video-preview:-1"},"canonical":"https:\/\/gogreen-schweiz.ch\/en\/product\/supermix-mens-power\/","og_locale":"en_GB","og_type":"article","og_title":"Supermix Men \u2013 Superfood f\u00fcr Energie & M\u00e4nnergesundheit","og_description":"Supermix Men ist eine kraftvolle Mischung. Unterst\u00fctzt Energie, Immunsystem und Herzgesundheit \u2013 nat\u00fcrlich aus der Schweiz.","og_url":"https:\/\/gogreen-schweiz.ch\/en\/product\/supermix-mens-power\/","og_site_name":"Go Green - Schweiz GmbH","article_modified_time":"2026-03-16T12:21:14+00:00","og_image":[{"width":1200,"height":1200,"url":"https:\/\/gogreen-schweiz.ch\/wp-content\/uploads\/2025\/09\/Radieschen-Pulver-1.webp","type":"image\/webp"}],"twitter_card":"summary_large_image","twitter_misc":{"Estimated reading time":"2 minutes"},"schema":{"@context":"https:\/\/schema.org","@graph":[{"@type":"WebPage","@id":"https:\/\/gogreen-schweiz.ch\/product\/supermix-mens-power\/","url":"https:\/\/gogreen-schweiz.ch\/product\/supermix-mens-power\/","name":"Supermix Men \u2013 Superfood f\u00fcr Energie & M\u00e4nnergesundheit","isPartOf":{"@id":"https:\/\/gogreen-schweiz.ch\/#website"},"primaryImageOfPage":{"@id":"https:\/\/gogreen-schweiz.ch\/product\/supermix-mens-power\/#primaryimage"},"image":{"@id":"https:\/\/gogreen-schweiz.ch\/product\/supermix-mens-power\/#primaryimage"},"thumbnailUrl":"https:\/\/gogreen-schweiz.ch\/wp-content\/uploads\/2025\/09\/Radieschen-Pulver-1.webp","datePublished":"2026-03-16T12:16:49+00:00","dateModified":"2026-03-16T12:21:14+00:00","description":"Supermix Men ist eine kraftvolle Mischung. Unterst\u00fctzt Energie, Immunsystem und Herzgesundheit \u2013 nat\u00fcrlich aus der Schweiz.","breadcrumb":{"@id":"https:\/\/gogreen-schweiz.ch\/product\/supermix-mens-power\/#breadcrumb"},"inLanguage":"en-GB","potentialAction":[{"@type":"ReadAction","target":["https:\/\/gogreen-schweiz.ch\/product\/supermix-mens-power\/"]}]},{"@type":"ImageObject","inLanguage":"en-GB","@id":"https:\/\/gogreen-schweiz.ch\/product\/supermix-mens-power\/#primaryimage","url":"https:\/\/gogreen-schweiz.ch\/wp-content\/uploads\/2025\/09\/Radieschen-Pulver-1.webp","contentUrl":"https:\/\/gogreen-schweiz.ch\/wp-content\/uploads\/2025\/09\/Radieschen-Pulver-1.webp","width":1200,"height":1200,"caption":"Radieschen microgreens pulver"},{"@type":"BreadcrumbList","@id":"https:\/\/gogreen-schweiz.ch\/product\/supermix-mens-power\/#breadcrumb","itemListElement":[{"@type":"ListItem","position":1,"name":"Home","item":"https:\/\/gogreen-schweiz.ch\/"},{"@type":"ListItem","position":2,"name":"Shop","item":"https:\/\/gogreen-schweiz.ch\/shop\/"},{"@type":"ListItem","position":3,"name":"Supermix &#8211; Men&#8217;s Power"}]},{"@type":"WebSite","@id":"https:\/\/gogreen-schweiz.ch\/#website","url":"https:\/\/gogreen-schweiz.ch\/","name":"Go Green - Schweiz GmbH","description":"","publisher":{"@id":"https:\/\/gogreen-schweiz.ch\/#organization"},"potentialAction":[{"@type":"SearchAction","target":{"@type":"EntryPoint","urlTemplate":"https:\/\/gogreen-schweiz.ch\/?s={search_term_string}"},"query-input":{"@type":"PropertyValueSpecification","valueRequired":true,"valueName":"search_term_string"}}],"inLanguage":"en-GB"},{"@type":"Organization","@id":"https:\/\/gogreen-schweiz.ch\/#organization","name":"Go Green - Schweiz GmbH","url":"https:\/\/gogreen-schweiz.ch\/","logo":{"@type":"ImageObject","inLanguage":"en-GB","@id":"https:\/\/gogreen-schweiz.ch\/#\/schema\/logo\/image\/","url":"https:\/\/gogreen-schweiz.ch\/wp-content\/uploads\/2025\/07\/cropped-Go-Green.webp","contentUrl":"https:\/\/gogreen-schweiz.ch\/wp-content\/uploads\/2025\/07\/cropped-Go-Green.webp","width":512,"height":512,"caption":"Go Green - Schweiz GmbH"},"image":{"@id":"https:\/\/gogreen-schweiz.ch\/#\/schema\/logo\/image\/"},"sameAs":["https:\/\/www.instagram.com\/gogreenschweiz"]}]}},"jetpack_sharing_enabled":true,"_links":{"self":[{"href":"https:\/\/gogreen-schweiz.ch\/en\/wp-json\/wp\/v2\/product\/2478","targetHints":{"allow":["GET"]}}],"collection":[{"href":"https:\/\/gogreen-schweiz.ch\/en\/wp-json\/wp\/v2\/product"}],"about":[{"href":"https:\/\/gogreen-schweiz.ch\/en\/wp-json\/wp\/v2\/types\/product"}],"wp:featuredmedia":[{"embeddable":true,"href":"https:\/\/gogreen-schweiz.ch\/en\/wp-json\/wp\/v2\/media\/1382"}],"wp:attachment":[{"href":"https:\/\/gogreen-schweiz.ch\/en\/wp-json\/wp\/v2\/media?parent=2478"}],"wp:term":[{"taxonomy":"product_brand","embeddable":true,"href":"https:\/\/gogreen-schweiz.ch\/en\/wp-json\/wp\/v2\/product_brand?post=2478"},{"taxonomy":"product_cat","embeddable":true,"href":"https:\/\/gogreen-schweiz.ch\/en\/wp-json\/wp\/v2\/product_cat?post=2478"},{"taxonomy":"product_tag","embeddable":true,"href":"https:\/\/gogreen-schweiz.ch\/en\/wp-json\/wp\/v2\/product_tag?post=2478"}],"curies":[{"name":"wp","href":"https:\/\/api.w.org\/{rel}","templated":true}]}}