{"id":424,"date":"2025-07-04T12:50:49","date_gmt":"2025-07-04T10:50:49","guid":{"rendered":"https:\/\/gogreen-schweiz.ch\/?post_type=product&#038;p=424"},"modified":"2025-11-18T13:48:10","modified_gmt":"2025-11-18T11:48:10","slug":"alfalfa","status":"publish","type":"product","link":"https:\/\/gogreen-schweiz.ch\/en\/product\/alfalfa\/","title":{"rendered":"Alfalfa"},"content":{"rendered":"<div class=\"flex basis-auto flex-col -mb-(--composer-overlap-px) [--composer-overlap-px:55px] grow overflow-hidden\">\n<div class=\"relative h-full\">\n<div class=\"flex h-full flex-col overflow-y-auto [scrollbar-gutter:stable_both-edges] @[84rem]\/thread:pt-(--header-height)\">\n<div class=\"@thread-xl\/thread:pt-header-height flex flex-col text-sm pb-25\">\n<article class=\"text-token-text-primary w-full\" dir=\"auto\" data-testid=\"conversation-turn-64\" data-scroll-anchor=\"true\">\n<div class=\"text-base my-auto mx-auto py-5 [--thread-content-margin:--spacing(4)] @[37rem]:[--thread-content-margin:--spacing(6)] @[72rem]:[--thread-content-margin:--spacing(16)] px-(--thread-content-margin)\">\n<div class=\"[--thread-content-max-width:32rem] @[34rem]:[--thread-content-max-width:40rem] @[64rem]:[--thread-content-max-width:48rem] mx-auto flex max-w-(--thread-content-max-width) flex-1 text-base gap-4 md:gap-5 lg:gap-6 group\/turn-messages focus-visible:outline-hidden\" tabindex=\"-1\">\n<div class=\"group\/conversation-turn relative flex w-full min-w-0 flex-col agent-turn\">\n<div class=\"relative flex-col gap-1 md:gap-3\">\n<div class=\"flex max-w-full flex-col grow\">\n<div class=\"min-h-8 text-message relative flex w-full flex-col items-end gap-2 text-start break-words whitespace-normal [.text-message+&amp;]:mt-5\" dir=\"auto\" data-message-author-role=\"assistant\" data-message-id=\"73eca444-8b45-4bc2-b45b-c4e81d4642d5\" data-message-model-slug=\"gpt-4o\">\n<div class=\"flex w-full flex-col gap-1 empty:hidden first:pt-[3px]\">\n<div class=\"markdown prose dark:prose-invert w-full break-words light\">\n<p data-start=\"566\" data-end=\"698\"><strong data-start=\"566\" data-end=\"592\">Geschmack &amp; Verwendung<\/strong><br data-start=\"592\" data-end=\"595\" \/>Mit ihrer frischen Textur und dem dezenten Geschmack sind Alfalfa-Sprossen eine k\u00f6stliche Erg\u00e4nzung zu:<\/p>\n<ul>\n<li data-start=\"702\" data-end=\"711\">Salaten<\/li>\n<li data-start=\"714\" data-end=\"726\">Sandwiches<\/li>\n<li data-start=\"729\" data-end=\"736\">Wraps<\/li>\n<li data-start=\"739\" data-end=\"760\">Smoothies und Bowls<\/li>\n<\/ul>\n<p data-start=\"762\" data-end=\"936\"><strong data-start=\"762\" data-end=\"803\">N\u00e4hrstoffe &amp; gesundheitliche Vorteile<\/strong><br data-start=\"803\" data-end=\"806\" \/>Alfalfa enth\u00e4lt eine beeindruckende Dichte an N\u00e4hrstoffen \u2013 deutlich h\u00f6her als die ausgewachsene Pflanze. Die Mikrogreens liefern:<\/p>\n<ul>\n<li data-start=\"940\" data-end=\"968\"><strong data-start=\"940\" data-end=\"966\">Vitamine A<\/strong><\/li>\n<li data-start=\"940\" data-end=\"968\"><strong data-start=\"940\" data-end=\"966\">Vitamine B<\/strong><\/li>\n<li data-start=\"940\" data-end=\"968\"><strong data-start=\"940\" data-end=\"966\">Vitamine E<\/strong><\/li>\n<li data-start=\"940\" data-end=\"968\"><strong data-start=\"940\" data-end=\"966\">Vitamine K<\/strong><\/li>\n<li data-start=\"971\" data-end=\"1013\"><strong data-start=\"971\" data-end=\"1013\">Kalzium<\/strong><\/li>\n<li data-start=\"971\" data-end=\"1013\"><strong data-start=\"971\" data-end=\"1013\">Magnesium<\/strong><\/li>\n<li data-start=\"971\" data-end=\"1013\"><strong data-start=\"971\" data-end=\"1013\">Phosphor<\/strong><\/li>\n<li data-start=\"971\" data-end=\"1013\"><strong data-start=\"971\" data-end=\"1013\"> Eisen<\/strong><\/li>\n<\/ul>\n<p data-start=\"1015\" data-end=\"1129\">Diese Kombination unterst\u00fctzt das Immunsystem, die Zellregeneration, gesunde Knochen und die allgemeine Vitalit\u00e4t.<\/p>\n<p data-start=\"1015\" data-end=\"1129\">Einfach zu geniessen, leicht zu integrieren und voller Power: Alfalfa-Mikrogr\u00fcn ist die ideale t\u00e4gliche Erg\u00e4nzung f\u00fcr mehr Wohlbefinden \u2013 ganz nat\u00fcrlich.<\/p>\n<p data-start=\"1015\" data-end=\"1129\">\n<\/div>\n<h2 data-start=\"803\" data-end=\"856\"><strong data-start=\"806\" data-end=\"856\">Wichtige Informationen zu frischer Microgreens<\/strong><\/h2>\n<p data-start=\"857\" data-end=\"978\">Dieses Produkt ist <strong data-start=\"876\" data-end=\"901\">nur als Vorbestellung<\/strong> erh\u00e4ltlich.<br data-start=\"913\" data-end=\"916\" \/>Die Vorbereitungszeit betr\u00e4gt etwa <strong data-start=\"951\" data-end=\"961\">7 Tage<\/strong> ab Bestelldatum.<\/p>\n<p data-start=\"980\" data-end=\"1193\">Die Lieferung von frischer Microgreens ist <strong data-start=\"1023\" data-end=\"1065\">nur in bestimmten Regionen der Schweiz<\/strong> m\u00f6glich.<br data-start=\"1074\" data-end=\"1077\" \/>Vor Ihrer Bestellung <strong data-start=\"1098\" data-end=\"1136\">empfehlen wir, uns zu kontaktieren<\/strong>, um die Lieferm\u00f6glichkeit an Ihre Adresse zu best\u00e4tigen.<\/p>\n<p data-start=\"1241\" data-end=\"1336\"><strong data-start=\"1241\" data-end=\"1336\">Vielleicht wollten Sie lyophilisierte Microgreens, <a href=\"https:\/\/gogreen-schweiz.ch\/product\/alfaalfa-samen\/\">Samen<\/a> oder <a href=\"https:\/\/gogreen-schweiz.ch\/product-category\/microgreen-pulver\/\">Microgreens-Pulver<\/a> bestellen.<\/strong><\/p>\n<\/div>\n<\/div>\n<\/div>\n<\/div>\n<\/div>\n<\/div>\n<\/div>\n<\/article>\n<\/div>\n<\/div>\n<\/div>\n<\/div>\n","protected":false},"excerpt":{"rendered":"<p>Alfalfa-Mikrogr\u00fcn ist seit \u00fcber 1.500 Jahren in der traditionellen chinesischen Medizin bekannt \u2013 und das aus gutem Grund: Es steckt voller wertvoller Mikro- und Makron\u00e4hrstoffe. Die zarten, knackigen Sprossen \u00fcberzeugen mit einem mild-nussigen Aroma und passen perfekt in moderne, gesunde Ern\u00e4hrung.<\/p>","protected":false},"featured_media":425,"template":"","meta":{"_coblocks_attr":"","_coblocks_dimensions":"","_coblocks_responsive_height":"","_coblocks_accordion_ie_support":"","wprm-recipe-roundup-name":"","wprm-recipe-roundup-description":""},"product_brand":[],"product_cat":[30],"product_tag":[35,27,28,33,34],"class_list":{"0":"post-424","1":"product","2":"type-product","3":"status-publish","4":"has-post-thumbnail","6":"product_cat-microgreen","7":"product_tag-bowl","8":"product_tag-salat","9":"product_tag-sandwich","10":"product_tag-smoothie","11":"product_tag-wrap","12":"product_shipping_class-fresh","14":"first","15":"onbackorder","16":"taxable","17":"shipping-taxable","18":"purchasable","19":"product-type-simple"},"yoast_head":"<!-- This site is optimized with the Yoast SEO plugin v27.5 - https:\/\/yoast.com\/product\/yoast-seo-wordpress\/ -->\n<title>Alfalfa - Go Green - Schweiz GmbH<\/title>\n<meta name=\"description\" content=\"Alfalfa Microgreens: mild-nussiger Geschmack, zarte Textur und hoher Gehalt an Vitaminen A, B, C, E sowie Calcium, Magnesium, Phosphor und Eisen. Ideal f\u00fcr Salate, Sandwiches, Bowls und gesunde Snacks. Frisch, bio &amp; nachhaltig in der Schweiz angebaut.\" \/>\n<meta name=\"robots\" content=\"index, follow, max-snippet:-1, max-image-preview:large, max-video-preview:-1\" \/>\n<link rel=\"canonical\" href=\"https:\/\/gogreen-schweiz.ch\/en\/product\/alfalfa\/\" \/>\n<meta property=\"og:locale\" content=\"en_GB\" \/>\n<meta property=\"og:type\" content=\"article\" \/>\n<meta property=\"og:title\" content=\"Alfalfa - Go Green - Schweiz GmbH\" \/>\n<meta property=\"og:description\" content=\"Alfalfa Microgreens: mild-nussiger Geschmack, zarte Textur und hoher Gehalt an Vitaminen A, B, C, E sowie Calcium, Magnesium, Phosphor und Eisen. Ideal f\u00fcr Salate, Sandwiches, Bowls und gesunde Snacks. Frisch, bio &amp; nachhaltig in der Schweiz angebaut.\" \/>\n<meta property=\"og:url\" content=\"https:\/\/gogreen-schweiz.ch\/en\/product\/alfalfa\/\" \/>\n<meta property=\"og:site_name\" content=\"Go Green - Schweiz GmbH\" \/>\n<meta property=\"article:modified_time\" content=\"2025-11-18T11:48:10+00:00\" \/>\n<meta property=\"og:image\" content=\"https:\/\/gogreen-schweiz.ch\/wp-content\/uploads\/2025\/07\/AlfaAlfa-1.webp\" \/>\n\t<meta property=\"og:image:width\" content=\"600\" \/>\n\t<meta property=\"og:image:height\" content=\"600\" \/>\n\t<meta property=\"og:image:type\" content=\"image\/webp\" \/>\n<meta name=\"twitter:card\" content=\"summary_large_image\" \/>\n<meta name=\"twitter:label1\" content=\"Estimated reading time\" \/>\n\t<meta name=\"twitter:data1\" content=\"2 minutes\" \/>\n<script type=\"application\/ld+json\" class=\"yoast-schema-graph\">{\"@context\":\"https:\\\/\\\/schema.org\",\"@graph\":[{\"@type\":\"WebPage\",\"@id\":\"https:\\\/\\\/gogreen-schweiz.ch\\\/product\\\/alfalfa\\\/\",\"url\":\"https:\\\/\\\/gogreen-schweiz.ch\\\/product\\\/alfalfa\\\/\",\"name\":\"Alfalfa - Go Green - Schweiz GmbH\",\"isPartOf\":{\"@id\":\"https:\\\/\\\/gogreen-schweiz.ch\\\/#website\"},\"primaryImageOfPage\":{\"@id\":\"https:\\\/\\\/gogreen-schweiz.ch\\\/product\\\/alfalfa\\\/#primaryimage\"},\"image\":{\"@id\":\"https:\\\/\\\/gogreen-schweiz.ch\\\/product\\\/alfalfa\\\/#primaryimage\"},\"thumbnailUrl\":\"https:\\\/\\\/gogreen-schweiz.ch\\\/wp-content\\\/uploads\\\/2025\\\/07\\\/AlfaAlfa-1.webp\",\"datePublished\":\"2025-07-04T10:50:49+00:00\",\"dateModified\":\"2025-11-18T11:48:10+00:00\",\"description\":\"Alfalfa Microgreens: mild-nussiger Geschmack, zarte Textur und hoher Gehalt an Vitaminen A, B, C, E sowie Calcium, Magnesium, Phosphor und Eisen. Ideal f\u00fcr Salate, Sandwiches, Bowls und gesunde Snacks. Frisch, bio & nachhaltig in der Schweiz angebaut.\",\"breadcrumb\":{\"@id\":\"https:\\\/\\\/gogreen-schweiz.ch\\\/product\\\/alfalfa\\\/#breadcrumb\"},\"inLanguage\":\"en-GB\",\"potentialAction\":[{\"@type\":\"ReadAction\",\"target\":[\"https:\\\/\\\/gogreen-schweiz.ch\\\/product\\\/alfalfa\\\/\"]}]},{\"@type\":\"ImageObject\",\"inLanguage\":\"en-GB\",\"@id\":\"https:\\\/\\\/gogreen-schweiz.ch\\\/product\\\/alfalfa\\\/#primaryimage\",\"url\":\"https:\\\/\\\/gogreen-schweiz.ch\\\/wp-content\\\/uploads\\\/2025\\\/07\\\/AlfaAlfa-1.webp\",\"contentUrl\":\"https:\\\/\\\/gogreen-schweiz.ch\\\/wp-content\\\/uploads\\\/2025\\\/07\\\/AlfaAlfa-1.webp\",\"width\":600,\"height\":600,\"caption\":\"Alfaalfa microgreens\"},{\"@type\":\"BreadcrumbList\",\"@id\":\"https:\\\/\\\/gogreen-schweiz.ch\\\/product\\\/alfalfa\\\/#breadcrumb\",\"itemListElement\":[{\"@type\":\"ListItem\",\"position\":1,\"name\":\"Home\",\"item\":\"https:\\\/\\\/gogreen-schweiz.ch\\\/\"},{\"@type\":\"ListItem\",\"position\":2,\"name\":\"Shop\",\"item\":\"https:\\\/\\\/gogreen-schweiz.ch\\\/shop\\\/\"},{\"@type\":\"ListItem\",\"position\":3,\"name\":\"Alfalfa\"}]},{\"@type\":\"WebSite\",\"@id\":\"https:\\\/\\\/gogreen-schweiz.ch\\\/#website\",\"url\":\"https:\\\/\\\/gogreen-schweiz.ch\\\/\",\"name\":\"Go Green - Schweiz GmbH\",\"description\":\"\",\"publisher\":{\"@id\":\"https:\\\/\\\/gogreen-schweiz.ch\\\/#organization\"},\"potentialAction\":[{\"@type\":\"SearchAction\",\"target\":{\"@type\":\"EntryPoint\",\"urlTemplate\":\"https:\\\/\\\/gogreen-schweiz.ch\\\/?s={search_term_string}\"},\"query-input\":{\"@type\":\"PropertyValueSpecification\",\"valueRequired\":true,\"valueName\":\"search_term_string\"}}],\"inLanguage\":\"en-GB\"},{\"@type\":\"Organization\",\"@id\":\"https:\\\/\\\/gogreen-schweiz.ch\\\/#organization\",\"name\":\"Go Green - Schweiz GmbH\",\"url\":\"https:\\\/\\\/gogreen-schweiz.ch\\\/\",\"logo\":{\"@type\":\"ImageObject\",\"inLanguage\":\"en-GB\",\"@id\":\"https:\\\/\\\/gogreen-schweiz.ch\\\/#\\\/schema\\\/logo\\\/image\\\/\",\"url\":\"https:\\\/\\\/gogreen-schweiz.ch\\\/wp-content\\\/uploads\\\/2025\\\/07\\\/cropped-Go-Green.webp\",\"contentUrl\":\"https:\\\/\\\/gogreen-schweiz.ch\\\/wp-content\\\/uploads\\\/2025\\\/07\\\/cropped-Go-Green.webp\",\"width\":512,\"height\":512,\"caption\":\"Go Green - Schweiz GmbH\"},\"image\":{\"@id\":\"https:\\\/\\\/gogreen-schweiz.ch\\\/#\\\/schema\\\/logo\\\/image\\\/\"},\"sameAs\":[\"https:\\\/\\\/www.instagram.com\\\/gogreenschweiz\"]}]}<\/script>\n<!-- \/ Yoast SEO plugin. -->","yoast_head_json":{"title":"Alfalfa - Go Green - Schweiz GmbH","description":"Alfalfa Microgreens: mild-nussiger Geschmack, zarte Textur und hoher Gehalt an Vitaminen A, B, C, E sowie Calcium, Magnesium, Phosphor und Eisen. Ideal f\u00fcr Salate, Sandwiches, Bowls und gesunde Snacks. Frisch, bio & nachhaltig in der Schweiz angebaut.","robots":{"index":"index","follow":"follow","max-snippet":"max-snippet:-1","max-image-preview":"max-image-preview:large","max-video-preview":"max-video-preview:-1"},"canonical":"https:\/\/gogreen-schweiz.ch\/en\/product\/alfalfa\/","og_locale":"en_GB","og_type":"article","og_title":"Alfalfa - Go Green - Schweiz GmbH","og_description":"Alfalfa Microgreens: mild-nussiger Geschmack, zarte Textur und hoher Gehalt an Vitaminen A, B, C, E sowie Calcium, Magnesium, Phosphor und Eisen. Ideal f\u00fcr Salate, Sandwiches, Bowls und gesunde Snacks. Frisch, bio & nachhaltig in der Schweiz angebaut.","og_url":"https:\/\/gogreen-schweiz.ch\/en\/product\/alfalfa\/","og_site_name":"Go Green - Schweiz GmbH","article_modified_time":"2025-11-18T11:48:10+00:00","og_image":[{"width":600,"height":600,"url":"https:\/\/gogreen-schweiz.ch\/wp-content\/uploads\/2025\/07\/AlfaAlfa-1.webp","type":"image\/webp"}],"twitter_card":"summary_large_image","twitter_misc":{"Estimated reading time":"2 minutes"},"schema":{"@context":"https:\/\/schema.org","@graph":[{"@type":"WebPage","@id":"https:\/\/gogreen-schweiz.ch\/product\/alfalfa\/","url":"https:\/\/gogreen-schweiz.ch\/product\/alfalfa\/","name":"Alfalfa - Go Green - Schweiz GmbH","isPartOf":{"@id":"https:\/\/gogreen-schweiz.ch\/#website"},"primaryImageOfPage":{"@id":"https:\/\/gogreen-schweiz.ch\/product\/alfalfa\/#primaryimage"},"image":{"@id":"https:\/\/gogreen-schweiz.ch\/product\/alfalfa\/#primaryimage"},"thumbnailUrl":"https:\/\/gogreen-schweiz.ch\/wp-content\/uploads\/2025\/07\/AlfaAlfa-1.webp","datePublished":"2025-07-04T10:50:49+00:00","dateModified":"2025-11-18T11:48:10+00:00","description":"Alfalfa Microgreens: mild-nussiger Geschmack, zarte Textur und hoher Gehalt an Vitaminen A, B, C, E sowie Calcium, Magnesium, Phosphor und Eisen. Ideal f\u00fcr Salate, Sandwiches, Bowls und gesunde Snacks. Frisch, bio & nachhaltig in der Schweiz angebaut.","breadcrumb":{"@id":"https:\/\/gogreen-schweiz.ch\/product\/alfalfa\/#breadcrumb"},"inLanguage":"en-GB","potentialAction":[{"@type":"ReadAction","target":["https:\/\/gogreen-schweiz.ch\/product\/alfalfa\/"]}]},{"@type":"ImageObject","inLanguage":"en-GB","@id":"https:\/\/gogreen-schweiz.ch\/product\/alfalfa\/#primaryimage","url":"https:\/\/gogreen-schweiz.ch\/wp-content\/uploads\/2025\/07\/AlfaAlfa-1.webp","contentUrl":"https:\/\/gogreen-schweiz.ch\/wp-content\/uploads\/2025\/07\/AlfaAlfa-1.webp","width":600,"height":600,"caption":"Alfaalfa microgreens"},{"@type":"BreadcrumbList","@id":"https:\/\/gogreen-schweiz.ch\/product\/alfalfa\/#breadcrumb","itemListElement":[{"@type":"ListItem","position":1,"name":"Home","item":"https:\/\/gogreen-schweiz.ch\/"},{"@type":"ListItem","position":2,"name":"Shop","item":"https:\/\/gogreen-schweiz.ch\/shop\/"},{"@type":"ListItem","position":3,"name":"Alfalfa"}]},{"@type":"WebSite","@id":"https:\/\/gogreen-schweiz.ch\/#website","url":"https:\/\/gogreen-schweiz.ch\/","name":"Go Green - Schweiz GmbH","description":"","publisher":{"@id":"https:\/\/gogreen-schweiz.ch\/#organization"},"potentialAction":[{"@type":"SearchAction","target":{"@type":"EntryPoint","urlTemplate":"https:\/\/gogreen-schweiz.ch\/?s={search_term_string}"},"query-input":{"@type":"PropertyValueSpecification","valueRequired":true,"valueName":"search_term_string"}}],"inLanguage":"en-GB"},{"@type":"Organization","@id":"https:\/\/gogreen-schweiz.ch\/#organization","name":"Go Green - Schweiz GmbH","url":"https:\/\/gogreen-schweiz.ch\/","logo":{"@type":"ImageObject","inLanguage":"en-GB","@id":"https:\/\/gogreen-schweiz.ch\/#\/schema\/logo\/image\/","url":"https:\/\/gogreen-schweiz.ch\/wp-content\/uploads\/2025\/07\/cropped-Go-Green.webp","contentUrl":"https:\/\/gogreen-schweiz.ch\/wp-content\/uploads\/2025\/07\/cropped-Go-Green.webp","width":512,"height":512,"caption":"Go Green - Schweiz GmbH"},"image":{"@id":"https:\/\/gogreen-schweiz.ch\/#\/schema\/logo\/image\/"},"sameAs":["https:\/\/www.instagram.com\/gogreenschweiz"]}]}},"jetpack_sharing_enabled":true,"_links":{"self":[{"href":"https:\/\/gogreen-schweiz.ch\/en\/wp-json\/wp\/v2\/product\/424","targetHints":{"allow":["GET"]}}],"collection":[{"href":"https:\/\/gogreen-schweiz.ch\/en\/wp-json\/wp\/v2\/product"}],"about":[{"href":"https:\/\/gogreen-schweiz.ch\/en\/wp-json\/wp\/v2\/types\/product"}],"wp:featuredmedia":[{"embeddable":true,"href":"https:\/\/gogreen-schweiz.ch\/en\/wp-json\/wp\/v2\/media\/425"}],"wp:attachment":[{"href":"https:\/\/gogreen-schweiz.ch\/en\/wp-json\/wp\/v2\/media?parent=424"}],"wp:term":[{"taxonomy":"product_brand","embeddable":true,"href":"https:\/\/gogreen-schweiz.ch\/en\/wp-json\/wp\/v2\/product_brand?post=424"},{"taxonomy":"product_cat","embeddable":true,"href":"https:\/\/gogreen-schweiz.ch\/en\/wp-json\/wp\/v2\/product_cat?post=424"},{"taxonomy":"product_tag","embeddable":true,"href":"https:\/\/gogreen-schweiz.ch\/en\/wp-json\/wp\/v2\/product_tag?post=424"}],"curies":[{"name":"wp","href":"https:\/\/api.w.org\/{rel}","templated":true}]}}