{"id":434,"date":"2025-07-04T13:20:43","date_gmt":"2025-07-04T11:20:43","guid":{"rendered":"https:\/\/gogreen-schweiz.ch\/?post_type=product&#038;p=434"},"modified":"2025-11-18T13:51:23","modified_gmt":"2025-11-18T11:51:23","slug":"dill-dakota","status":"publish","type":"product","link":"https:\/\/gogreen-schweiz.ch\/en\/product\/dill-dakota\/","title":{"rendered":"Dill \u201eDakota\u201c"},"content":{"rendered":"<h3 data-start=\"584\" data-end=\"630\"><strong data-start=\"591\" data-end=\"630\">N\u00e4hrwerte &amp; gesundheitlicher Nutzen<\/strong><\/h3>\n<p data-start=\"632\" data-end=\"695\">Dill-Mikrogreens sind ein echtes N\u00e4hrstoffwunder und enthalten:<\/p>\n<ul>\n<li data-start=\"699\" data-end=\"730\"><strong data-start=\"699\" data-end=\"728\">Vitamine A, B, C, E und K<\/strong><\/li>\n<li data-start=\"733\" data-end=\"749\"><strong data-start=\"733\" data-end=\"747\">Eisen (Fe)<\/strong><\/li>\n<li data-start=\"752\" data-end=\"768\"><strong data-start=\"752\" data-end=\"766\">Kalium (K)<\/strong><\/li>\n<li data-start=\"771\" data-end=\"786\"><strong data-start=\"771\" data-end=\"784\">Zink (Zn)<\/strong><\/li>\n<li data-start=\"789\" data-end=\"816\"><strong data-start=\"789\" data-end=\"816\">Essenzielle Aminos\u00e4uren<\/strong><\/li>\n<\/ul>\n<p data-start=\"818\" data-end=\"939\">Diese Kombination unterst\u00fctzt das Immunsystem, wirkt entz\u00fcndungshemmend, st\u00e4rkt Knochen und f\u00f6rdert die Zellregeneration.<\/p>\n<h3 data-start=\"946\" data-end=\"977\"><strong data-start=\"953\" data-end=\"977\">Aussehen &amp; Geschmack<\/strong><\/h3>\n<ul>\n<li data-start=\"981\" data-end=\"1045\"><strong data-start=\"981\" data-end=\"995\">Geschmack:<\/strong> s\u00fc\u00dflich, w\u00fcrzig, mit Kr\u00e4uter- und Zitronennoten<\/li>\n<li data-start=\"1048\" data-end=\"1070\"><strong data-start=\"1048\" data-end=\"1058\">Stiel:<\/strong> br\u00e4unlich<\/li>\n<li data-start=\"1073\" data-end=\"1116\"><strong data-start=\"1073\" data-end=\"1085\">Bl\u00e4tter:<\/strong> frisch gr\u00fcn und fein gefiedert<\/li>\n<\/ul>\n<p><strong data-start=\"1123\" data-end=\"1138\">Verwendung:<\/strong> Perfekt als Garnitur, in Salaten, Dips, Kartoffelgerichten oder zur kreativen Veredelung moderner K\u00fcche.<\/p>\n<p>&nbsp;<\/p>\n<h2 data-start=\"803\" data-end=\"856\"><strong data-start=\"806\" data-end=\"856\">Wichtige Informationen zu frischer Microgreens<\/strong><\/h2>\n<p data-start=\"857\" data-end=\"978\">Dieses Produkt ist <strong data-start=\"876\" data-end=\"901\">nur als Vorbestellung<\/strong> erh\u00e4ltlich.<br data-start=\"913\" data-end=\"916\" \/>Die Vorbereitungszeit betr\u00e4gt etwa <strong data-start=\"951\" data-end=\"961\">7 Tage<\/strong> ab Bestelldatum.<\/p>\n<p data-start=\"980\" data-end=\"1193\">Die Lieferung von frischer Microgreens ist <strong data-start=\"1023\" data-end=\"1065\">nur in bestimmten Regionen der Schweiz<\/strong> m\u00f6glich.<br data-start=\"1074\" data-end=\"1077\" \/>Vor Ihrer Bestellung <strong data-start=\"1098\" data-end=\"1136\">empfehlen wir, uns zu kontaktieren<\/strong>, um die Lieferm\u00f6glichkeit an Ihre Adresse zu best\u00e4tigen.<\/p>\n<p data-start=\"1241\" data-end=\"1336\"><strong data-start=\"1241\" data-end=\"1336\">Vielleicht wollten Sie lyophilisierte Microgreens, <a href=\"https:\/\/gogreen-schweiz.ch\/en\/product\/dill-samen\/\">Samen<\/a> oder <a href=\"https:\/\/gogreen-schweiz.ch\/en\/product-category\/microgreen-pulver\/\">Microgreens-Pulver<\/a> bestellen.<\/strong><\/p>","protected":false},"excerpt":{"rendered":"<p>Dill-Mikrogr\u00fcn (<em data-start=\"278\" data-end=\"298\">Anethum graveolens<\/em>) ist ein gesch\u00e4tztes kulinarisches Highlight mit seinem unverwechselbaren, s\u00fc\u00df-w\u00fcrzigen Geschmack und zarten Zitronen-Kr\u00e4uternoten. Ob zu cremigen Saucen, eingelegtem Gem\u00fcse oder klassischen Kartoffelgerichten \u2013 dieses aromatische Gr\u00fcn verleiht jedem Rezept eine besondere Note.<\/p>\n<h3 data-start=\"584\" data-end=\"630\"><\/h3>","protected":false},"featured_media":435,"template":"","meta":{"_coblocks_attr":"","_coblocks_dimensions":"","_coblocks_responsive_height":"","_coblocks_accordion_ie_support":"","wprm-recipe-roundup-name":"","wprm-recipe-roundup-description":""},"product_brand":[],"product_cat":[30],"product_tag":[40,32,41,27],"class_list":{"0":"post-434","1":"product","2":"type-product","3":"status-publish","4":"has-post-thumbnail","6":"product_cat-microgreen","7":"product_tag-dips","8":"product_tag-garnitur","9":"product_tag-kartoffel","10":"product_tag-salat","11":"product_shipping_class-fresh","13":"first","14":"onbackorder","15":"taxable","16":"shipping-taxable","17":"purchasable","18":"product-type-simple"},"yoast_head":"<!-- This site is optimized with the Yoast SEO plugin v27.5 - https:\/\/yoast.com\/product\/yoast-seo-wordpress\/ -->\n<title>Dill \u201eDakota\u201c - Go Green - Schweiz GmbH<\/title>\n<meta name=\"description\" content=\"Dill Microgreens: intensiv aromatisch mit Noten von Zitrone und Kr\u00e4utern. Reich an Vitamin A, B, C, E, K sowie Eisen, Zink und Kalium. Perfekt f\u00fcr Fischgerichte, Kartoffeln, Dips, Salate und skandinavische K\u00fcche. Frisch, bio &amp; nachhaltig in der Schweiz angebaut.\" \/>\n<meta name=\"robots\" content=\"index, follow, max-snippet:-1, max-image-preview:large, max-video-preview:-1\" \/>\n<link rel=\"canonical\" href=\"https:\/\/gogreen-schweiz.ch\/en\/product\/dill-dakota\/\" \/>\n<meta property=\"og:locale\" content=\"en_GB\" \/>\n<meta property=\"og:type\" content=\"article\" \/>\n<meta property=\"og:title\" content=\"Dill \u201eDakota\u201c - Go Green - Schweiz GmbH\" \/>\n<meta property=\"og:description\" content=\"Dill Microgreens: intensiv aromatisch mit Noten von Zitrone und Kr\u00e4utern. Reich an Vitamin A, B, C, E, K sowie Eisen, Zink und Kalium. Perfekt f\u00fcr Fischgerichte, Kartoffeln, Dips, Salate und skandinavische K\u00fcche. Frisch, bio &amp; nachhaltig in der Schweiz angebaut.\" \/>\n<meta property=\"og:url\" content=\"https:\/\/gogreen-schweiz.ch\/en\/product\/dill-dakota\/\" \/>\n<meta property=\"og:site_name\" content=\"Go Green - Schweiz GmbH\" \/>\n<meta property=\"article:modified_time\" content=\"2025-11-18T11:51:23+00:00\" \/>\n<meta property=\"og:image\" content=\"https:\/\/gogreen-schweiz.ch\/wp-content\/uploads\/2025\/07\/Dill-1.webp\" \/>\n\t<meta property=\"og:image:width\" content=\"600\" \/>\n\t<meta property=\"og:image:height\" content=\"600\" \/>\n\t<meta property=\"og:image:type\" content=\"image\/webp\" \/>\n<meta name=\"twitter:card\" content=\"summary_large_image\" \/>\n<meta name=\"twitter:label1\" content=\"Estimated reading time\" \/>\n\t<meta name=\"twitter:data1\" content=\"1 minute\" \/>\n<script type=\"application\/ld+json\" class=\"yoast-schema-graph\">{\"@context\":\"https:\\\/\\\/schema.org\",\"@graph\":[{\"@type\":\"WebPage\",\"@id\":\"https:\\\/\\\/gogreen-schweiz.ch\\\/product\\\/dill-dakota\\\/\",\"url\":\"https:\\\/\\\/gogreen-schweiz.ch\\\/product\\\/dill-dakota\\\/\",\"name\":\"Dill \u201eDakota\u201c - Go Green - Schweiz GmbH\",\"isPartOf\":{\"@id\":\"https:\\\/\\\/gogreen-schweiz.ch\\\/#website\"},\"primaryImageOfPage\":{\"@id\":\"https:\\\/\\\/gogreen-schweiz.ch\\\/product\\\/dill-dakota\\\/#primaryimage\"},\"image\":{\"@id\":\"https:\\\/\\\/gogreen-schweiz.ch\\\/product\\\/dill-dakota\\\/#primaryimage\"},\"thumbnailUrl\":\"https:\\\/\\\/gogreen-schweiz.ch\\\/wp-content\\\/uploads\\\/2025\\\/07\\\/Dill-1.webp\",\"datePublished\":\"2025-07-04T11:20:43+00:00\",\"dateModified\":\"2025-11-18T11:51:23+00:00\",\"description\":\"Dill Microgreens: intensiv aromatisch mit Noten von Zitrone und Kr\u00e4utern. Reich an Vitamin A, B, C, E, K sowie Eisen, Zink und Kalium. Perfekt f\u00fcr Fischgerichte, Kartoffeln, Dips, Salate und skandinavische K\u00fcche. Frisch, bio & nachhaltig in der Schweiz angebaut.\",\"breadcrumb\":{\"@id\":\"https:\\\/\\\/gogreen-schweiz.ch\\\/product\\\/dill-dakota\\\/#breadcrumb\"},\"inLanguage\":\"en-GB\",\"potentialAction\":[{\"@type\":\"ReadAction\",\"target\":[\"https:\\\/\\\/gogreen-schweiz.ch\\\/product\\\/dill-dakota\\\/\"]}]},{\"@type\":\"ImageObject\",\"inLanguage\":\"en-GB\",\"@id\":\"https:\\\/\\\/gogreen-schweiz.ch\\\/product\\\/dill-dakota\\\/#primaryimage\",\"url\":\"https:\\\/\\\/gogreen-schweiz.ch\\\/wp-content\\\/uploads\\\/2025\\\/07\\\/Dill-1.webp\",\"contentUrl\":\"https:\\\/\\\/gogreen-schweiz.ch\\\/wp-content\\\/uploads\\\/2025\\\/07\\\/Dill-1.webp\",\"width\":600,\"height\":600,\"caption\":\"Dill microgreens\"},{\"@type\":\"BreadcrumbList\",\"@id\":\"https:\\\/\\\/gogreen-schweiz.ch\\\/product\\\/dill-dakota\\\/#breadcrumb\",\"itemListElement\":[{\"@type\":\"ListItem\",\"position\":1,\"name\":\"Home\",\"item\":\"https:\\\/\\\/gogreen-schweiz.ch\\\/\"},{\"@type\":\"ListItem\",\"position\":2,\"name\":\"Shop\",\"item\":\"https:\\\/\\\/gogreen-schweiz.ch\\\/shop\\\/\"},{\"@type\":\"ListItem\",\"position\":3,\"name\":\"Dill \u201eDakota\u201c\"}]},{\"@type\":\"WebSite\",\"@id\":\"https:\\\/\\\/gogreen-schweiz.ch\\\/#website\",\"url\":\"https:\\\/\\\/gogreen-schweiz.ch\\\/\",\"name\":\"Go Green - Schweiz GmbH\",\"description\":\"\",\"publisher\":{\"@id\":\"https:\\\/\\\/gogreen-schweiz.ch\\\/#organization\"},\"potentialAction\":[{\"@type\":\"SearchAction\",\"target\":{\"@type\":\"EntryPoint\",\"urlTemplate\":\"https:\\\/\\\/gogreen-schweiz.ch\\\/?s={search_term_string}\"},\"query-input\":{\"@type\":\"PropertyValueSpecification\",\"valueRequired\":true,\"valueName\":\"search_term_string\"}}],\"inLanguage\":\"en-GB\"},{\"@type\":\"Organization\",\"@id\":\"https:\\\/\\\/gogreen-schweiz.ch\\\/#organization\",\"name\":\"Go Green - Schweiz GmbH\",\"url\":\"https:\\\/\\\/gogreen-schweiz.ch\\\/\",\"logo\":{\"@type\":\"ImageObject\",\"inLanguage\":\"en-GB\",\"@id\":\"https:\\\/\\\/gogreen-schweiz.ch\\\/#\\\/schema\\\/logo\\\/image\\\/\",\"url\":\"https:\\\/\\\/gogreen-schweiz.ch\\\/wp-content\\\/uploads\\\/2025\\\/07\\\/cropped-Go-Green.webp\",\"contentUrl\":\"https:\\\/\\\/gogreen-schweiz.ch\\\/wp-content\\\/uploads\\\/2025\\\/07\\\/cropped-Go-Green.webp\",\"width\":512,\"height\":512,\"caption\":\"Go Green - Schweiz GmbH\"},\"image\":{\"@id\":\"https:\\\/\\\/gogreen-schweiz.ch\\\/#\\\/schema\\\/logo\\\/image\\\/\"},\"sameAs\":[\"https:\\\/\\\/www.instagram.com\\\/gogreenschweiz\"]}]}<\/script>\n<!-- \/ Yoast SEO plugin. -->","yoast_head_json":{"title":"Dill \u201eDakota\u201c - Go Green - Schweiz GmbH","description":"Dill Microgreens: intensiv aromatisch mit Noten von Zitrone und Kr\u00e4utern. Reich an Vitamin A, B, C, E, K sowie Eisen, Zink und Kalium. Perfekt f\u00fcr Fischgerichte, Kartoffeln, Dips, Salate und skandinavische K\u00fcche. Frisch, bio & nachhaltig in der Schweiz angebaut.","robots":{"index":"index","follow":"follow","max-snippet":"max-snippet:-1","max-image-preview":"max-image-preview:large","max-video-preview":"max-video-preview:-1"},"canonical":"https:\/\/gogreen-schweiz.ch\/en\/product\/dill-dakota\/","og_locale":"en_GB","og_type":"article","og_title":"Dill \u201eDakota\u201c - Go Green - Schweiz GmbH","og_description":"Dill Microgreens: intensiv aromatisch mit Noten von Zitrone und Kr\u00e4utern. Reich an Vitamin A, B, C, E, K sowie Eisen, Zink und Kalium. Perfekt f\u00fcr Fischgerichte, Kartoffeln, Dips, Salate und skandinavische K\u00fcche. Frisch, bio & nachhaltig in der Schweiz angebaut.","og_url":"https:\/\/gogreen-schweiz.ch\/en\/product\/dill-dakota\/","og_site_name":"Go Green - Schweiz GmbH","article_modified_time":"2025-11-18T11:51:23+00:00","og_image":[{"width":600,"height":600,"url":"https:\/\/gogreen-schweiz.ch\/wp-content\/uploads\/2025\/07\/Dill-1.webp","type":"image\/webp"}],"twitter_card":"summary_large_image","twitter_misc":{"Estimated reading time":"1 minute"},"schema":{"@context":"https:\/\/schema.org","@graph":[{"@type":"WebPage","@id":"https:\/\/gogreen-schweiz.ch\/product\/dill-dakota\/","url":"https:\/\/gogreen-schweiz.ch\/product\/dill-dakota\/","name":"Dill \u201eDakota\u201c - Go Green - Schweiz GmbH","isPartOf":{"@id":"https:\/\/gogreen-schweiz.ch\/#website"},"primaryImageOfPage":{"@id":"https:\/\/gogreen-schweiz.ch\/product\/dill-dakota\/#primaryimage"},"image":{"@id":"https:\/\/gogreen-schweiz.ch\/product\/dill-dakota\/#primaryimage"},"thumbnailUrl":"https:\/\/gogreen-schweiz.ch\/wp-content\/uploads\/2025\/07\/Dill-1.webp","datePublished":"2025-07-04T11:20:43+00:00","dateModified":"2025-11-18T11:51:23+00:00","description":"Dill Microgreens: intensiv aromatisch mit Noten von Zitrone und Kr\u00e4utern. Reich an Vitamin A, B, C, E, K sowie Eisen, Zink und Kalium. Perfekt f\u00fcr Fischgerichte, Kartoffeln, Dips, Salate und skandinavische K\u00fcche. Frisch, bio & nachhaltig in der Schweiz angebaut.","breadcrumb":{"@id":"https:\/\/gogreen-schweiz.ch\/product\/dill-dakota\/#breadcrumb"},"inLanguage":"en-GB","potentialAction":[{"@type":"ReadAction","target":["https:\/\/gogreen-schweiz.ch\/product\/dill-dakota\/"]}]},{"@type":"ImageObject","inLanguage":"en-GB","@id":"https:\/\/gogreen-schweiz.ch\/product\/dill-dakota\/#primaryimage","url":"https:\/\/gogreen-schweiz.ch\/wp-content\/uploads\/2025\/07\/Dill-1.webp","contentUrl":"https:\/\/gogreen-schweiz.ch\/wp-content\/uploads\/2025\/07\/Dill-1.webp","width":600,"height":600,"caption":"Dill microgreens"},{"@type":"BreadcrumbList","@id":"https:\/\/gogreen-schweiz.ch\/product\/dill-dakota\/#breadcrumb","itemListElement":[{"@type":"ListItem","position":1,"name":"Home","item":"https:\/\/gogreen-schweiz.ch\/"},{"@type":"ListItem","position":2,"name":"Shop","item":"https:\/\/gogreen-schweiz.ch\/shop\/"},{"@type":"ListItem","position":3,"name":"Dill \u201eDakota\u201c"}]},{"@type":"WebSite","@id":"https:\/\/gogreen-schweiz.ch\/#website","url":"https:\/\/gogreen-schweiz.ch\/","name":"Go Green - Schweiz GmbH","description":"","publisher":{"@id":"https:\/\/gogreen-schweiz.ch\/#organization"},"potentialAction":[{"@type":"SearchAction","target":{"@type":"EntryPoint","urlTemplate":"https:\/\/gogreen-schweiz.ch\/?s={search_term_string}"},"query-input":{"@type":"PropertyValueSpecification","valueRequired":true,"valueName":"search_term_string"}}],"inLanguage":"en-GB"},{"@type":"Organization","@id":"https:\/\/gogreen-schweiz.ch\/#organization","name":"Go Green - Schweiz GmbH","url":"https:\/\/gogreen-schweiz.ch\/","logo":{"@type":"ImageObject","inLanguage":"en-GB","@id":"https:\/\/gogreen-schweiz.ch\/#\/schema\/logo\/image\/","url":"https:\/\/gogreen-schweiz.ch\/wp-content\/uploads\/2025\/07\/cropped-Go-Green.webp","contentUrl":"https:\/\/gogreen-schweiz.ch\/wp-content\/uploads\/2025\/07\/cropped-Go-Green.webp","width":512,"height":512,"caption":"Go Green - Schweiz GmbH"},"image":{"@id":"https:\/\/gogreen-schweiz.ch\/#\/schema\/logo\/image\/"},"sameAs":["https:\/\/www.instagram.com\/gogreenschweiz"]}]}},"jetpack_sharing_enabled":true,"_links":{"self":[{"href":"https:\/\/gogreen-schweiz.ch\/en\/wp-json\/wp\/v2\/product\/434","targetHints":{"allow":["GET"]}}],"collection":[{"href":"https:\/\/gogreen-schweiz.ch\/en\/wp-json\/wp\/v2\/product"}],"about":[{"href":"https:\/\/gogreen-schweiz.ch\/en\/wp-json\/wp\/v2\/types\/product"}],"wp:featuredmedia":[{"embeddable":true,"href":"https:\/\/gogreen-schweiz.ch\/en\/wp-json\/wp\/v2\/media\/435"}],"wp:attachment":[{"href":"https:\/\/gogreen-schweiz.ch\/en\/wp-json\/wp\/v2\/media?parent=434"}],"wp:term":[{"taxonomy":"product_brand","embeddable":true,"href":"https:\/\/gogreen-schweiz.ch\/en\/wp-json\/wp\/v2\/product_brand?post=434"},{"taxonomy":"product_cat","embeddable":true,"href":"https:\/\/gogreen-schweiz.ch\/en\/wp-json\/wp\/v2\/product_cat?post=434"},{"taxonomy":"product_tag","embeddable":true,"href":"https:\/\/gogreen-schweiz.ch\/en\/wp-json\/wp\/v2\/product_tag?post=434"}],"curies":[{"name":"wp","href":"https:\/\/api.w.org\/{rel}","templated":true}]}}