{"id":438,"date":"2025-07-04T13:27:02","date_gmt":"2025-07-04T11:27:02","guid":{"rendered":"https:\/\/gogreen-schweiz.ch\/?post_type=product&#038;p=438"},"modified":"2025-11-18T13:52:15","modified_gmt":"2025-11-18T11:52:15","slug":"fenchel","status":"publish","type":"product","link":"https:\/\/gogreen-schweiz.ch\/en\/product\/fenchel\/","title":{"rendered":"Fenchel"},"content":{"rendered":"<h3 data-start=\"585\" data-end=\"633\"><strong data-start=\"592\" data-end=\"633\">N\u00e4hrstoffe &amp; gesundheitliche Vorteile<\/strong><\/h3>\n<p data-start=\"635\" data-end=\"690\">Fenchel-Mikrogr\u00fcn ist ein echtes Superfood und liefert:<\/p>\n<ul>\n<li data-start=\"694\" data-end=\"734\"><strong data-start=\"694\" data-end=\"707\">Vitamin C<\/strong> \u2013 st\u00e4rkt das Immunsystem<\/li>\n<li data-start=\"737\" data-end=\"795\"><strong data-start=\"737\" data-end=\"750\">Vitamin E<\/strong> \u2013 sch\u00fctzt die Zellen vor oxidativem Stress<\/li>\n<li data-start=\"798\" data-end=\"853\"><strong data-start=\"798\" data-end=\"811\">Vitamin K<\/strong> \u2013 wichtig f\u00fcr Knochen und Blutgerinnung<\/li>\n<li data-start=\"856\" data-end=\"905\"><strong data-start=\"856\" data-end=\"866\">Kalium<\/strong> \u2013 reguliert den Fl\u00fcssigkeitshaushalt<\/li>\n<li data-start=\"908\" data-end=\"985\"><strong data-start=\"908\" data-end=\"942\">Ballaststoffe &amp; Antioxidantien<\/strong> \u2013 f\u00f6rdern die Verdauung und Zellgesundheit<\/li>\n<\/ul>\n<h3><strong data-start=\"999\" data-end=\"1023\">Geschmack &amp; Aussehen<\/strong><\/h3>\n<ul>\n<li data-start=\"1027\" data-end=\"1074\"><strong data-start=\"1027\" data-end=\"1041\">Geschmack:<\/strong> mild-anisartig mit s\u00fc\u00dfem Aroma<\/li>\n<li data-start=\"1077\" data-end=\"1094\"><strong data-start=\"1077\" data-end=\"1087\">Stiel:<\/strong> weiss<\/li>\n<li data-start=\"1097\" data-end=\"1130\"><strong data-start=\"1097\" data-end=\"1109\">Bl\u00e4tter:<\/strong> gr\u00fcn, zart gefiedert<\/li>\n<\/ul>\n<p><strong data-start=\"1137\" data-end=\"1152\">Verwendung:<\/strong> Ideal in Salaten, Suppen, Dips oder als frisches Topping auf eingelegtem Gem\u00fcse.<br data-start=\"1233\" data-end=\"1236\" \/><strong data-start=\"1236\" data-end=\"1245\">Tipp:<\/strong> Auch perfekt f\u00fcr Smoothies \u2013 f\u00fcr mehr N\u00e4hrstoffe und einen besonderen Frischekick.<\/p>\n<p>&nbsp;<\/p>\n<h2 data-start=\"803\" data-end=\"856\"><strong data-start=\"806\" data-end=\"856\">Wichtige Informationen zu frischer Microgreens<\/strong><\/h2>\n<p data-start=\"857\" data-end=\"978\">Dieses Produkt ist <strong data-start=\"876\" data-end=\"901\">nur als Vorbestellung<\/strong> erh\u00e4ltlich.<br data-start=\"913\" data-end=\"916\" \/>Die Vorbereitungszeit betr\u00e4gt etwa <strong data-start=\"951\" data-end=\"961\">7 Tage<\/strong> ab Bestelldatum.<\/p>\n<p data-start=\"980\" data-end=\"1193\">Die Lieferung von frischer Microgreens ist <strong data-start=\"1023\" data-end=\"1065\">nur in bestimmten Regionen der Schweiz<\/strong> m\u00f6glich.<br data-start=\"1074\" data-end=\"1077\" \/>Vor Ihrer Bestellung <strong data-start=\"1098\" data-end=\"1136\">empfehlen wir, uns zu kontaktieren<\/strong>, um die Lieferm\u00f6glichkeit an Ihre Adresse zu best\u00e4tigen.<\/p>\n<p data-start=\"1241\" data-end=\"1336\"><strong data-start=\"1241\" data-end=\"1336\">Vielleicht wollten Sie lyophilisierte Microgreens, <a href=\"https:\/\/gogreen-schweiz.ch\/en\/product\/fenchel-samen\/\">Samen<\/a> oder <a href=\"https:\/\/gogreen-schweiz.ch\/en\/product-category\/microgreen-pulver\/\">Microgreens-Pulver<\/a> bestellen.<\/strong><\/p>","protected":false},"excerpt":{"rendered":"<p>Fenchel wird seit Jahrhunderten in der Naturmedizin gesch\u00e4tzt \u2013 von der Linderung von Bl\u00e4hungen \u00fcber die Unterst\u00fctzung der Verdauung bis hin zur F\u00f6rderung der Milchbildung und Linderung von Menstruationsbeschwerden. Dieses Wissen steckt heute in zarten, fein gezahnten Bl\u00e4ttchen voller Geschmack und N\u00e4hrstoffe.<\/p>","protected":false},"featured_media":439,"template":"","meta":{"_coblocks_attr":"","_coblocks_dimensions":"","_coblocks_responsive_height":"","_coblocks_accordion_ie_support":"","wprm-recipe-roundup-name":"","wprm-recipe-roundup-description":""},"product_brand":[],"product_cat":[30],"product_tag":[40,42,27,33,36],"class_list":{"0":"post-438","1":"product","2":"type-product","3":"status-publish","4":"has-post-thumbnail","6":"product_cat-microgreen","7":"product_tag-dips","8":"product_tag-gemuse","9":"product_tag-salat","10":"product_tag-smoothie","11":"product_tag-suppe","12":"product_shipping_class-fresh","14":"first","15":"onbackorder","16":"taxable","17":"shipping-taxable","18":"purchasable","19":"product-type-simple"},"yoast_head":"<!-- This site is optimized with the Yoast SEO plugin v27.5 - https:\/\/yoast.com\/product\/yoast-seo-wordpress\/ -->\n<title>Fenchel - Go Green - Schweiz GmbH<\/title>\n<meta name=\"description\" content=\"Fenchel-Microgreens: zartes Anis- und Kr\u00e4uteraroma, reich an Vitamin C, E, K, Kalium und Ballaststoffen. Ideal f\u00fcr Salate, Suppen, Fischgerichte, Bowls und mediterrane K\u00fcche. Frisch, bio &amp; nachhaltig in der Schweiz angebaut.\" \/>\n<meta name=\"robots\" content=\"index, follow, max-snippet:-1, max-image-preview:large, max-video-preview:-1\" \/>\n<link rel=\"canonical\" href=\"https:\/\/gogreen-schweiz.ch\/en\/product\/fenchel\/\" \/>\n<meta property=\"og:locale\" content=\"en_GB\" \/>\n<meta property=\"og:type\" content=\"article\" \/>\n<meta property=\"og:title\" content=\"Fenchel - Go Green - Schweiz GmbH\" \/>\n<meta property=\"og:description\" content=\"Fenchel-Microgreens: zartes Anis- und Kr\u00e4uteraroma, reich an Vitamin C, E, K, Kalium und Ballaststoffen. Ideal f\u00fcr Salate, Suppen, Fischgerichte, Bowls und mediterrane K\u00fcche. Frisch, bio &amp; nachhaltig in der Schweiz angebaut.\" \/>\n<meta property=\"og:url\" content=\"https:\/\/gogreen-schweiz.ch\/en\/product\/fenchel\/\" \/>\n<meta property=\"og:site_name\" content=\"Go Green - Schweiz GmbH\" \/>\n<meta property=\"article:modified_time\" content=\"2025-11-18T11:52:15+00:00\" \/>\n<meta property=\"og:image\" content=\"https:\/\/gogreen-schweiz.ch\/wp-content\/uploads\/2025\/07\/Fennel.webp\" \/>\n\t<meta property=\"og:image:width\" content=\"600\" \/>\n\t<meta property=\"og:image:height\" content=\"600\" \/>\n\t<meta property=\"og:image:type\" content=\"image\/webp\" \/>\n<meta name=\"twitter:card\" content=\"summary_large_image\" \/>\n<meta name=\"twitter:label1\" content=\"Estimated reading time\" \/>\n\t<meta name=\"twitter:data1\" content=\"1 minute\" \/>\n<script type=\"application\/ld+json\" class=\"yoast-schema-graph\">{\"@context\":\"https:\\\/\\\/schema.org\",\"@graph\":[{\"@type\":\"WebPage\",\"@id\":\"https:\\\/\\\/gogreen-schweiz.ch\\\/product\\\/fenchel\\\/\",\"url\":\"https:\\\/\\\/gogreen-schweiz.ch\\\/product\\\/fenchel\\\/\",\"name\":\"Fenchel - Go Green - Schweiz GmbH\",\"isPartOf\":{\"@id\":\"https:\\\/\\\/gogreen-schweiz.ch\\\/#website\"},\"primaryImageOfPage\":{\"@id\":\"https:\\\/\\\/gogreen-schweiz.ch\\\/product\\\/fenchel\\\/#primaryimage\"},\"image\":{\"@id\":\"https:\\\/\\\/gogreen-schweiz.ch\\\/product\\\/fenchel\\\/#primaryimage\"},\"thumbnailUrl\":\"https:\\\/\\\/gogreen-schweiz.ch\\\/wp-content\\\/uploads\\\/2025\\\/07\\\/Fennel.webp\",\"datePublished\":\"2025-07-04T11:27:02+00:00\",\"dateModified\":\"2025-11-18T11:52:15+00:00\",\"description\":\"Fenchel-Microgreens: zartes Anis- und Kr\u00e4uteraroma, reich an Vitamin C, E, K, Kalium und Ballaststoffen. Ideal f\u00fcr Salate, Suppen, Fischgerichte, Bowls und mediterrane K\u00fcche. Frisch, bio & nachhaltig in der Schweiz angebaut.\",\"breadcrumb\":{\"@id\":\"https:\\\/\\\/gogreen-schweiz.ch\\\/product\\\/fenchel\\\/#breadcrumb\"},\"inLanguage\":\"en-GB\",\"potentialAction\":[{\"@type\":\"ReadAction\",\"target\":[\"https:\\\/\\\/gogreen-schweiz.ch\\\/product\\\/fenchel\\\/\"]}]},{\"@type\":\"ImageObject\",\"inLanguage\":\"en-GB\",\"@id\":\"https:\\\/\\\/gogreen-schweiz.ch\\\/product\\\/fenchel\\\/#primaryimage\",\"url\":\"https:\\\/\\\/gogreen-schweiz.ch\\\/wp-content\\\/uploads\\\/2025\\\/07\\\/Fennel.webp\",\"contentUrl\":\"https:\\\/\\\/gogreen-schweiz.ch\\\/wp-content\\\/uploads\\\/2025\\\/07\\\/Fennel.webp\",\"width\":600,\"height\":600,\"caption\":\"Fennel microgreens\"},{\"@type\":\"BreadcrumbList\",\"@id\":\"https:\\\/\\\/gogreen-schweiz.ch\\\/product\\\/fenchel\\\/#breadcrumb\",\"itemListElement\":[{\"@type\":\"ListItem\",\"position\":1,\"name\":\"Home\",\"item\":\"https:\\\/\\\/gogreen-schweiz.ch\\\/\"},{\"@type\":\"ListItem\",\"position\":2,\"name\":\"Shop\",\"item\":\"https:\\\/\\\/gogreen-schweiz.ch\\\/shop\\\/\"},{\"@type\":\"ListItem\",\"position\":3,\"name\":\"Fenchel\"}]},{\"@type\":\"WebSite\",\"@id\":\"https:\\\/\\\/gogreen-schweiz.ch\\\/#website\",\"url\":\"https:\\\/\\\/gogreen-schweiz.ch\\\/\",\"name\":\"Go Green - Schweiz GmbH\",\"description\":\"\",\"publisher\":{\"@id\":\"https:\\\/\\\/gogreen-schweiz.ch\\\/#organization\"},\"potentialAction\":[{\"@type\":\"SearchAction\",\"target\":{\"@type\":\"EntryPoint\",\"urlTemplate\":\"https:\\\/\\\/gogreen-schweiz.ch\\\/?s={search_term_string}\"},\"query-input\":{\"@type\":\"PropertyValueSpecification\",\"valueRequired\":true,\"valueName\":\"search_term_string\"}}],\"inLanguage\":\"en-GB\"},{\"@type\":\"Organization\",\"@id\":\"https:\\\/\\\/gogreen-schweiz.ch\\\/#organization\",\"name\":\"Go Green - Schweiz GmbH\",\"url\":\"https:\\\/\\\/gogreen-schweiz.ch\\\/\",\"logo\":{\"@type\":\"ImageObject\",\"inLanguage\":\"en-GB\",\"@id\":\"https:\\\/\\\/gogreen-schweiz.ch\\\/#\\\/schema\\\/logo\\\/image\\\/\",\"url\":\"https:\\\/\\\/gogreen-schweiz.ch\\\/wp-content\\\/uploads\\\/2025\\\/07\\\/cropped-Go-Green.webp\",\"contentUrl\":\"https:\\\/\\\/gogreen-schweiz.ch\\\/wp-content\\\/uploads\\\/2025\\\/07\\\/cropped-Go-Green.webp\",\"width\":512,\"height\":512,\"caption\":\"Go Green - Schweiz GmbH\"},\"image\":{\"@id\":\"https:\\\/\\\/gogreen-schweiz.ch\\\/#\\\/schema\\\/logo\\\/image\\\/\"},\"sameAs\":[\"https:\\\/\\\/www.instagram.com\\\/gogreenschweiz\"]}]}<\/script>\n<!-- \/ Yoast SEO plugin. -->","yoast_head_json":{"title":"Fenchel - Go Green - Schweiz GmbH","description":"Fenchel-Microgreens: zartes Anis- und Kr\u00e4uteraroma, reich an Vitamin C, E, K, Kalium und Ballaststoffen. Ideal f\u00fcr Salate, Suppen, Fischgerichte, Bowls und mediterrane K\u00fcche. Frisch, bio & nachhaltig in der Schweiz angebaut.","robots":{"index":"index","follow":"follow","max-snippet":"max-snippet:-1","max-image-preview":"max-image-preview:large","max-video-preview":"max-video-preview:-1"},"canonical":"https:\/\/gogreen-schweiz.ch\/en\/product\/fenchel\/","og_locale":"en_GB","og_type":"article","og_title":"Fenchel - Go Green - Schweiz GmbH","og_description":"Fenchel-Microgreens: zartes Anis- und Kr\u00e4uteraroma, reich an Vitamin C, E, K, Kalium und Ballaststoffen. Ideal f\u00fcr Salate, Suppen, Fischgerichte, Bowls und mediterrane K\u00fcche. Frisch, bio & nachhaltig in der Schweiz angebaut.","og_url":"https:\/\/gogreen-schweiz.ch\/en\/product\/fenchel\/","og_site_name":"Go Green - Schweiz GmbH","article_modified_time":"2025-11-18T11:52:15+00:00","og_image":[{"width":600,"height":600,"url":"https:\/\/gogreen-schweiz.ch\/wp-content\/uploads\/2025\/07\/Fennel.webp","type":"image\/webp"}],"twitter_card":"summary_large_image","twitter_misc":{"Estimated reading time":"1 minute"},"schema":{"@context":"https:\/\/schema.org","@graph":[{"@type":"WebPage","@id":"https:\/\/gogreen-schweiz.ch\/product\/fenchel\/","url":"https:\/\/gogreen-schweiz.ch\/product\/fenchel\/","name":"Fenchel - Go Green - Schweiz GmbH","isPartOf":{"@id":"https:\/\/gogreen-schweiz.ch\/#website"},"primaryImageOfPage":{"@id":"https:\/\/gogreen-schweiz.ch\/product\/fenchel\/#primaryimage"},"image":{"@id":"https:\/\/gogreen-schweiz.ch\/product\/fenchel\/#primaryimage"},"thumbnailUrl":"https:\/\/gogreen-schweiz.ch\/wp-content\/uploads\/2025\/07\/Fennel.webp","datePublished":"2025-07-04T11:27:02+00:00","dateModified":"2025-11-18T11:52:15+00:00","description":"Fenchel-Microgreens: zartes Anis- und Kr\u00e4uteraroma, reich an Vitamin C, E, K, Kalium und Ballaststoffen. Ideal f\u00fcr Salate, Suppen, Fischgerichte, Bowls und mediterrane K\u00fcche. Frisch, bio & nachhaltig in der Schweiz angebaut.","breadcrumb":{"@id":"https:\/\/gogreen-schweiz.ch\/product\/fenchel\/#breadcrumb"},"inLanguage":"en-GB","potentialAction":[{"@type":"ReadAction","target":["https:\/\/gogreen-schweiz.ch\/product\/fenchel\/"]}]},{"@type":"ImageObject","inLanguage":"en-GB","@id":"https:\/\/gogreen-schweiz.ch\/product\/fenchel\/#primaryimage","url":"https:\/\/gogreen-schweiz.ch\/wp-content\/uploads\/2025\/07\/Fennel.webp","contentUrl":"https:\/\/gogreen-schweiz.ch\/wp-content\/uploads\/2025\/07\/Fennel.webp","width":600,"height":600,"caption":"Fennel microgreens"},{"@type":"BreadcrumbList","@id":"https:\/\/gogreen-schweiz.ch\/product\/fenchel\/#breadcrumb","itemListElement":[{"@type":"ListItem","position":1,"name":"Home","item":"https:\/\/gogreen-schweiz.ch\/"},{"@type":"ListItem","position":2,"name":"Shop","item":"https:\/\/gogreen-schweiz.ch\/shop\/"},{"@type":"ListItem","position":3,"name":"Fenchel"}]},{"@type":"WebSite","@id":"https:\/\/gogreen-schweiz.ch\/#website","url":"https:\/\/gogreen-schweiz.ch\/","name":"Go Green - Schweiz GmbH","description":"","publisher":{"@id":"https:\/\/gogreen-schweiz.ch\/#organization"},"potentialAction":[{"@type":"SearchAction","target":{"@type":"EntryPoint","urlTemplate":"https:\/\/gogreen-schweiz.ch\/?s={search_term_string}"},"query-input":{"@type":"PropertyValueSpecification","valueRequired":true,"valueName":"search_term_string"}}],"inLanguage":"en-GB"},{"@type":"Organization","@id":"https:\/\/gogreen-schweiz.ch\/#organization","name":"Go Green - Schweiz GmbH","url":"https:\/\/gogreen-schweiz.ch\/","logo":{"@type":"ImageObject","inLanguage":"en-GB","@id":"https:\/\/gogreen-schweiz.ch\/#\/schema\/logo\/image\/","url":"https:\/\/gogreen-schweiz.ch\/wp-content\/uploads\/2025\/07\/cropped-Go-Green.webp","contentUrl":"https:\/\/gogreen-schweiz.ch\/wp-content\/uploads\/2025\/07\/cropped-Go-Green.webp","width":512,"height":512,"caption":"Go Green - Schweiz GmbH"},"image":{"@id":"https:\/\/gogreen-schweiz.ch\/#\/schema\/logo\/image\/"},"sameAs":["https:\/\/www.instagram.com\/gogreenschweiz"]}]}},"jetpack_sharing_enabled":true,"_links":{"self":[{"href":"https:\/\/gogreen-schweiz.ch\/en\/wp-json\/wp\/v2\/product\/438","targetHints":{"allow":["GET"]}}],"collection":[{"href":"https:\/\/gogreen-schweiz.ch\/en\/wp-json\/wp\/v2\/product"}],"about":[{"href":"https:\/\/gogreen-schweiz.ch\/en\/wp-json\/wp\/v2\/types\/product"}],"wp:featuredmedia":[{"embeddable":true,"href":"https:\/\/gogreen-schweiz.ch\/en\/wp-json\/wp\/v2\/media\/439"}],"wp:attachment":[{"href":"https:\/\/gogreen-schweiz.ch\/en\/wp-json\/wp\/v2\/media?parent=438"}],"wp:term":[{"taxonomy":"product_brand","embeddable":true,"href":"https:\/\/gogreen-schweiz.ch\/en\/wp-json\/wp\/v2\/product_brand?post=438"},{"taxonomy":"product_cat","embeddable":true,"href":"https:\/\/gogreen-schweiz.ch\/en\/wp-json\/wp\/v2\/product_cat?post=438"},{"taxonomy":"product_tag","embeddable":true,"href":"https:\/\/gogreen-schweiz.ch\/en\/wp-json\/wp\/v2\/product_tag?post=438"}],"curies":[{"name":"wp","href":"https:\/\/api.w.org\/{rel}","templated":true}]}}