{"id":440,"date":"2025-07-04T13:34:07","date_gmt":"2025-07-04T11:34:07","guid":{"rendered":"https:\/\/gogreen-schweiz.ch\/?post_type=product&#038;p=440"},"modified":"2025-11-18T13:53:52","modified_gmt":"2025-11-18T11:53:52","slug":"kresse","status":"publish","type":"product","link":"https:\/\/gogreen-schweiz.ch\/en\/product\/kresse\/","title":{"rendered":"Kresse"},"content":{"rendered":"<h3 data-start=\"529\" data-end=\"560\">\ud83c\udf31 <strong data-start=\"536\" data-end=\"560\">Geschmack &amp; Aussehen<\/strong><\/h3>\n<ul>\n<li data-start=\"564\" data-end=\"615\"><strong data-start=\"564\" data-end=\"578\">Geschmack:<\/strong> frisch, pfeffrig und leicht scharf<\/li>\n<li data-start=\"618\" data-end=\"635\"><strong data-start=\"618\" data-end=\"628\">Stiel:<\/strong> weiss<\/li>\n<li data-start=\"638\" data-end=\"659\"><strong data-start=\"638\" data-end=\"650\">Bl\u00e4tter:<\/strong> sattgr\u00fcn<\/li>\n<\/ul>\n<h3 data-start=\"666\" data-end=\"713\">\ud83e\uddec <strong data-start=\"673\" data-end=\"713\">N\u00e4hrstoffe &amp; gesundheitlicher Nutzen<\/strong><\/h3>\n<p data-start=\"715\" data-end=\"776\">Trotz ihrer Gr\u00f6\u00dfe steckt Kresse-Mikrogr\u00fcn voller Vitalstoffe:<\/p>\n<ul>\n<li data-start=\"780\" data-end=\"807\"><strong data-start=\"780\" data-end=\"793\">Vitamine:<\/strong> A, B3, E, K<\/li>\n<li data-start=\"810\" data-end=\"885\"><strong data-start=\"810\" data-end=\"828\">Mineralstoffe:<\/strong> Kalzium (Ca), Eisen (Fe), Magnesium (Mg), Phosphor (P)<\/li>\n<li data-start=\"888\" data-end=\"926\"><strong data-start=\"888\" data-end=\"924\">Ballaststoffe und Antioxidantien<\/strong><\/li>\n<li data-start=\"929\" data-end=\"966\"><strong data-start=\"929\" data-end=\"966\">Aminos\u00e4uren &amp; pflanzliches Eiweiss<\/strong><\/li>\n<\/ul>\n<h3>Diese Kombination unterst\u00fctzt:<\/h3>\n<ul>\n<li data-start=\"1002\" data-end=\"1021\">gesunde Verdauung<\/li>\n<li data-start=\"1024\" data-end=\"1036\">Zellschutz<\/li>\n<li data-start=\"1039\" data-end=\"1053\">Muskelerhalt<\/li>\n<li data-start=\"1056\" data-end=\"1069\">Immunsystem<\/li>\n<li data-start=\"1072\" data-end=\"1096\">allgemeines Wohlbefinden<\/li>\n<\/ul>\n<h3 data-start=\"1190\" data-end=\"1234\">\ud83c\udf7d\ufe0f <strong data-start=\"1198\" data-end=\"1234\">Kreative Verwendung in der K\u00fcche<\/strong><\/h3>\n<ul>\n<li data-start=\"1238\" data-end=\"1278\"><strong data-start=\"1238\" data-end=\"1249\">Salate:<\/strong> f\u00fcr mehr W\u00fcrze und Frische<\/li>\n<li data-start=\"1281\" data-end=\"1325\"><strong data-start=\"1281\" data-end=\"1304\">Sandwiches &amp; Wraps:<\/strong> f\u00fcr Biss und Aroma<\/li>\n<li data-start=\"1328\" data-end=\"1382\"><strong data-start=\"1328\" data-end=\"1355\">Suppen &amp; Hauptgerichte:<\/strong> als raffinierte Garnitur<\/li>\n<li data-start=\"1385\" data-end=\"1444\"><strong data-start=\"1385\" data-end=\"1399\">Fr\u00fchst\u00fcck:<\/strong> im Omelett, Burrito oder auf dem Avocadobrot<\/li>\n<\/ul>\n<p data-start=\"1451\" data-end=\"1584\"><strong data-start=\"1451\" data-end=\"1584\">Kresse-Mikrogr\u00fcn \u2013 intensiv im Geschmack, reich an N\u00e4hrstoffen und vielseitig einsetzbar. Ideal f\u00fcr gesundheitsbewusste Geniesser.<\/strong><\/p>\n<p data-start=\"1451\" data-end=\"1584\">\n<h2 data-start=\"803\" data-end=\"856\"><strong data-start=\"806\" data-end=\"856\">Wichtige Informationen zu frischer Microgreens<\/strong><\/h2>\n<p data-start=\"857\" data-end=\"978\">Dieses Produkt ist <strong data-start=\"876\" data-end=\"901\">nur als Vorbestellung<\/strong> erh\u00e4ltlich.<br data-start=\"913\" data-end=\"916\" \/>Die Vorbereitungszeit betr\u00e4gt etwa <strong data-start=\"951\" data-end=\"961\">7 Tage<\/strong> ab Bestelldatum.<\/p>\n<p data-start=\"980\" data-end=\"1193\">Die Lieferung von frischer Microgreens ist <strong data-start=\"1023\" data-end=\"1065\">nur in bestimmten Regionen der Schweiz<\/strong> m\u00f6glich.<br data-start=\"1074\" data-end=\"1077\" \/>Vor Ihrer Bestellung <strong data-start=\"1098\" data-end=\"1136\">empfehlen wir, uns zu kontaktieren<\/strong>, um die Lieferm\u00f6glichkeit an Ihre Adresse zu best\u00e4tigen.<\/p>\n<p data-start=\"1241\" data-end=\"1336\"><strong data-start=\"1241\" data-end=\"1336\">Vielleicht wollten Sie lyophilisierte Microgreens, <a href=\"https:\/\/gogreen-schweiz.ch\/en\/product\/kresse-samen\/\">Samen<\/a> oder <a href=\"https:\/\/gogreen-schweiz.ch\/en\/product-category\/microgreen-pulver\/\">Microgreens-Pulver<\/a> bestellen.<\/strong><\/p>","protected":false},"excerpt":{"rendered":"<p>Im vielf\u00e4ltigen Kosmos der Mikrogreens ist Kresse ein echtes kulinarisches Juwel \u2013 bekannt f\u00fcr ihren kr\u00e4ftig-w\u00fcrzigen Geschmack und das leuchtend gr\u00fcne Erscheinungsbild. Sie verleiht vielen Gerichten ein scharf-frisches Aroma mit angenehmem Biss.<\/p>","protected":false},"featured_media":441,"template":"","meta":{"_coblocks_attr":"","_coblocks_dimensions":"","_coblocks_responsive_height":"","_coblocks_accordion_ie_support":"","wprm-recipe-roundup-name":"","wprm-recipe-roundup-description":""},"product_brand":[],"product_cat":[30],"product_tag":[38,27,28,36,34],"class_list":{"0":"post-440","1":"product","2":"type-product","3":"status-publish","4":"has-post-thumbnail","6":"product_cat-microgreen","7":"product_tag-eier","8":"product_tag-salat","9":"product_tag-sandwich","10":"product_tag-suppe","11":"product_tag-wrap","12":"product_shipping_class-fresh","14":"first","15":"onbackorder","16":"taxable","17":"shipping-taxable","18":"purchasable","19":"product-type-simple"},"yoast_head":"<!-- This site is optimized with the Yoast SEO plugin v27.5 - https:\/\/yoast.com\/product\/yoast-seo-wordpress\/ -->\n<title>Kresse - Go Green - Schweiz GmbH<\/title>\n<meta name=\"description\" content=\"Kresse-Microgreens: intensiver pfeffrig-frischer Geschmack, reich an Vitamin A, C, E, K, Calcium, Eisen und Antioxidantien. Ideal f\u00fcr Sandwiches, Salate, Suppen, Eiergerichte und gesunde K\u00fcche. Frisch, bio &amp; nachhaltig in der Schweiz angebaut.\" \/>\n<meta name=\"robots\" content=\"index, follow, max-snippet:-1, max-image-preview:large, max-video-preview:-1\" \/>\n<link rel=\"canonical\" href=\"https:\/\/gogreen-schweiz.ch\/en\/product\/kresse\/\" \/>\n<meta property=\"og:locale\" content=\"en_GB\" \/>\n<meta property=\"og:type\" content=\"article\" \/>\n<meta property=\"og:title\" content=\"Kresse - Go Green - Schweiz GmbH\" \/>\n<meta property=\"og:description\" content=\"Kresse-Microgreens: intensiver pfeffrig-frischer Geschmack, reich an Vitamin A, C, E, K, Calcium, Eisen und Antioxidantien. Ideal f\u00fcr Sandwiches, Salate, Suppen, Eiergerichte und gesunde K\u00fcche. Frisch, bio &amp; nachhaltig in der Schweiz angebaut.\" \/>\n<meta property=\"og:url\" content=\"https:\/\/gogreen-schweiz.ch\/en\/product\/kresse\/\" \/>\n<meta property=\"og:site_name\" content=\"Go Green - Schweiz GmbH\" \/>\n<meta property=\"article:modified_time\" content=\"2025-11-18T11:53:52+00:00\" \/>\n<meta property=\"og:image\" content=\"https:\/\/gogreen-schweiz.ch\/wp-content\/uploads\/2025\/07\/Cress-1.webp\" \/>\n\t<meta property=\"og:image:width\" content=\"600\" \/>\n\t<meta property=\"og:image:height\" content=\"600\" \/>\n\t<meta property=\"og:image:type\" content=\"image\/webp\" \/>\n<meta name=\"twitter:card\" content=\"summary_large_image\" \/>\n<meta name=\"twitter:label1\" content=\"Estimated reading time\" \/>\n\t<meta name=\"twitter:data1\" content=\"2 minutes\" \/>\n<script type=\"application\/ld+json\" class=\"yoast-schema-graph\">{\"@context\":\"https:\\\/\\\/schema.org\",\"@graph\":[{\"@type\":\"WebPage\",\"@id\":\"https:\\\/\\\/gogreen-schweiz.ch\\\/product\\\/kresse\\\/\",\"url\":\"https:\\\/\\\/gogreen-schweiz.ch\\\/product\\\/kresse\\\/\",\"name\":\"Kresse - Go Green - Schweiz GmbH\",\"isPartOf\":{\"@id\":\"https:\\\/\\\/gogreen-schweiz.ch\\\/#website\"},\"primaryImageOfPage\":{\"@id\":\"https:\\\/\\\/gogreen-schweiz.ch\\\/product\\\/kresse\\\/#primaryimage\"},\"image\":{\"@id\":\"https:\\\/\\\/gogreen-schweiz.ch\\\/product\\\/kresse\\\/#primaryimage\"},\"thumbnailUrl\":\"https:\\\/\\\/gogreen-schweiz.ch\\\/wp-content\\\/uploads\\\/2025\\\/07\\\/Cress-1.webp\",\"datePublished\":\"2025-07-04T11:34:07+00:00\",\"dateModified\":\"2025-11-18T11:53:52+00:00\",\"description\":\"Kresse-Microgreens: intensiver pfeffrig-frischer Geschmack, reich an Vitamin A, C, E, K, Calcium, Eisen und Antioxidantien. Ideal f\u00fcr Sandwiches, Salate, Suppen, Eiergerichte und gesunde K\u00fcche. Frisch, bio & nachhaltig in der Schweiz angebaut.\",\"breadcrumb\":{\"@id\":\"https:\\\/\\\/gogreen-schweiz.ch\\\/product\\\/kresse\\\/#breadcrumb\"},\"inLanguage\":\"en-GB\",\"potentialAction\":[{\"@type\":\"ReadAction\",\"target\":[\"https:\\\/\\\/gogreen-schweiz.ch\\\/product\\\/kresse\\\/\"]}]},{\"@type\":\"ImageObject\",\"inLanguage\":\"en-GB\",\"@id\":\"https:\\\/\\\/gogreen-schweiz.ch\\\/product\\\/kresse\\\/#primaryimage\",\"url\":\"https:\\\/\\\/gogreen-schweiz.ch\\\/wp-content\\\/uploads\\\/2025\\\/07\\\/Cress-1.webp\",\"contentUrl\":\"https:\\\/\\\/gogreen-schweiz.ch\\\/wp-content\\\/uploads\\\/2025\\\/07\\\/Cress-1.webp\",\"width\":600,\"height\":600,\"caption\":\"Cress microgreens\"},{\"@type\":\"BreadcrumbList\",\"@id\":\"https:\\\/\\\/gogreen-schweiz.ch\\\/product\\\/kresse\\\/#breadcrumb\",\"itemListElement\":[{\"@type\":\"ListItem\",\"position\":1,\"name\":\"Home\",\"item\":\"https:\\\/\\\/gogreen-schweiz.ch\\\/\"},{\"@type\":\"ListItem\",\"position\":2,\"name\":\"Shop\",\"item\":\"https:\\\/\\\/gogreen-schweiz.ch\\\/shop\\\/\"},{\"@type\":\"ListItem\",\"position\":3,\"name\":\"Kresse\"}]},{\"@type\":\"WebSite\",\"@id\":\"https:\\\/\\\/gogreen-schweiz.ch\\\/#website\",\"url\":\"https:\\\/\\\/gogreen-schweiz.ch\\\/\",\"name\":\"Go Green - Schweiz GmbH\",\"description\":\"\",\"publisher\":{\"@id\":\"https:\\\/\\\/gogreen-schweiz.ch\\\/#organization\"},\"potentialAction\":[{\"@type\":\"SearchAction\",\"target\":{\"@type\":\"EntryPoint\",\"urlTemplate\":\"https:\\\/\\\/gogreen-schweiz.ch\\\/?s={search_term_string}\"},\"query-input\":{\"@type\":\"PropertyValueSpecification\",\"valueRequired\":true,\"valueName\":\"search_term_string\"}}],\"inLanguage\":\"en-GB\"},{\"@type\":\"Organization\",\"@id\":\"https:\\\/\\\/gogreen-schweiz.ch\\\/#organization\",\"name\":\"Go Green - Schweiz GmbH\",\"url\":\"https:\\\/\\\/gogreen-schweiz.ch\\\/\",\"logo\":{\"@type\":\"ImageObject\",\"inLanguage\":\"en-GB\",\"@id\":\"https:\\\/\\\/gogreen-schweiz.ch\\\/#\\\/schema\\\/logo\\\/image\\\/\",\"url\":\"https:\\\/\\\/gogreen-schweiz.ch\\\/wp-content\\\/uploads\\\/2025\\\/07\\\/cropped-Go-Green.webp\",\"contentUrl\":\"https:\\\/\\\/gogreen-schweiz.ch\\\/wp-content\\\/uploads\\\/2025\\\/07\\\/cropped-Go-Green.webp\",\"width\":512,\"height\":512,\"caption\":\"Go Green - Schweiz GmbH\"},\"image\":{\"@id\":\"https:\\\/\\\/gogreen-schweiz.ch\\\/#\\\/schema\\\/logo\\\/image\\\/\"},\"sameAs\":[\"https:\\\/\\\/www.instagram.com\\\/gogreenschweiz\"]}]}<\/script>\n<!-- \/ Yoast SEO plugin. -->","yoast_head_json":{"title":"Kresse - Go Green - Schweiz GmbH","description":"Kresse-Microgreens: intensiver pfeffrig-frischer Geschmack, reich an Vitamin A, C, E, K, Calcium, Eisen und Antioxidantien. Ideal f\u00fcr Sandwiches, Salate, Suppen, Eiergerichte und gesunde K\u00fcche. Frisch, bio & nachhaltig in der Schweiz angebaut.","robots":{"index":"index","follow":"follow","max-snippet":"max-snippet:-1","max-image-preview":"max-image-preview:large","max-video-preview":"max-video-preview:-1"},"canonical":"https:\/\/gogreen-schweiz.ch\/en\/product\/kresse\/","og_locale":"en_GB","og_type":"article","og_title":"Kresse - Go Green - Schweiz GmbH","og_description":"Kresse-Microgreens: intensiver pfeffrig-frischer Geschmack, reich an Vitamin A, C, E, K, Calcium, Eisen und Antioxidantien. Ideal f\u00fcr Sandwiches, Salate, Suppen, Eiergerichte und gesunde K\u00fcche. Frisch, bio & nachhaltig in der Schweiz angebaut.","og_url":"https:\/\/gogreen-schweiz.ch\/en\/product\/kresse\/","og_site_name":"Go Green - Schweiz GmbH","article_modified_time":"2025-11-18T11:53:52+00:00","og_image":[{"width":600,"height":600,"url":"https:\/\/gogreen-schweiz.ch\/wp-content\/uploads\/2025\/07\/Cress-1.webp","type":"image\/webp"}],"twitter_card":"summary_large_image","twitter_misc":{"Estimated reading time":"2 minutes"},"schema":{"@context":"https:\/\/schema.org","@graph":[{"@type":"WebPage","@id":"https:\/\/gogreen-schweiz.ch\/product\/kresse\/","url":"https:\/\/gogreen-schweiz.ch\/product\/kresse\/","name":"Kresse - Go Green - Schweiz GmbH","isPartOf":{"@id":"https:\/\/gogreen-schweiz.ch\/#website"},"primaryImageOfPage":{"@id":"https:\/\/gogreen-schweiz.ch\/product\/kresse\/#primaryimage"},"image":{"@id":"https:\/\/gogreen-schweiz.ch\/product\/kresse\/#primaryimage"},"thumbnailUrl":"https:\/\/gogreen-schweiz.ch\/wp-content\/uploads\/2025\/07\/Cress-1.webp","datePublished":"2025-07-04T11:34:07+00:00","dateModified":"2025-11-18T11:53:52+00:00","description":"Kresse-Microgreens: intensiver pfeffrig-frischer Geschmack, reich an Vitamin A, C, E, K, Calcium, Eisen und Antioxidantien. Ideal f\u00fcr Sandwiches, Salate, Suppen, Eiergerichte und gesunde K\u00fcche. Frisch, bio & nachhaltig in der Schweiz angebaut.","breadcrumb":{"@id":"https:\/\/gogreen-schweiz.ch\/product\/kresse\/#breadcrumb"},"inLanguage":"en-GB","potentialAction":[{"@type":"ReadAction","target":["https:\/\/gogreen-schweiz.ch\/product\/kresse\/"]}]},{"@type":"ImageObject","inLanguage":"en-GB","@id":"https:\/\/gogreen-schweiz.ch\/product\/kresse\/#primaryimage","url":"https:\/\/gogreen-schweiz.ch\/wp-content\/uploads\/2025\/07\/Cress-1.webp","contentUrl":"https:\/\/gogreen-schweiz.ch\/wp-content\/uploads\/2025\/07\/Cress-1.webp","width":600,"height":600,"caption":"Cress microgreens"},{"@type":"BreadcrumbList","@id":"https:\/\/gogreen-schweiz.ch\/product\/kresse\/#breadcrumb","itemListElement":[{"@type":"ListItem","position":1,"name":"Home","item":"https:\/\/gogreen-schweiz.ch\/"},{"@type":"ListItem","position":2,"name":"Shop","item":"https:\/\/gogreen-schweiz.ch\/shop\/"},{"@type":"ListItem","position":3,"name":"Kresse"}]},{"@type":"WebSite","@id":"https:\/\/gogreen-schweiz.ch\/#website","url":"https:\/\/gogreen-schweiz.ch\/","name":"Go Green - Schweiz GmbH","description":"","publisher":{"@id":"https:\/\/gogreen-schweiz.ch\/#organization"},"potentialAction":[{"@type":"SearchAction","target":{"@type":"EntryPoint","urlTemplate":"https:\/\/gogreen-schweiz.ch\/?s={search_term_string}"},"query-input":{"@type":"PropertyValueSpecification","valueRequired":true,"valueName":"search_term_string"}}],"inLanguage":"en-GB"},{"@type":"Organization","@id":"https:\/\/gogreen-schweiz.ch\/#organization","name":"Go Green - Schweiz GmbH","url":"https:\/\/gogreen-schweiz.ch\/","logo":{"@type":"ImageObject","inLanguage":"en-GB","@id":"https:\/\/gogreen-schweiz.ch\/#\/schema\/logo\/image\/","url":"https:\/\/gogreen-schweiz.ch\/wp-content\/uploads\/2025\/07\/cropped-Go-Green.webp","contentUrl":"https:\/\/gogreen-schweiz.ch\/wp-content\/uploads\/2025\/07\/cropped-Go-Green.webp","width":512,"height":512,"caption":"Go Green - Schweiz GmbH"},"image":{"@id":"https:\/\/gogreen-schweiz.ch\/#\/schema\/logo\/image\/"},"sameAs":["https:\/\/www.instagram.com\/gogreenschweiz"]}]}},"jetpack_sharing_enabled":true,"_links":{"self":[{"href":"https:\/\/gogreen-schweiz.ch\/en\/wp-json\/wp\/v2\/product\/440","targetHints":{"allow":["GET"]}}],"collection":[{"href":"https:\/\/gogreen-schweiz.ch\/en\/wp-json\/wp\/v2\/product"}],"about":[{"href":"https:\/\/gogreen-schweiz.ch\/en\/wp-json\/wp\/v2\/types\/product"}],"wp:featuredmedia":[{"embeddable":true,"href":"https:\/\/gogreen-schweiz.ch\/en\/wp-json\/wp\/v2\/media\/441"}],"wp:attachment":[{"href":"https:\/\/gogreen-schweiz.ch\/en\/wp-json\/wp\/v2\/media?parent=440"}],"wp:term":[{"taxonomy":"product_brand","embeddable":true,"href":"https:\/\/gogreen-schweiz.ch\/en\/wp-json\/wp\/v2\/product_brand?post=440"},{"taxonomy":"product_cat","embeddable":true,"href":"https:\/\/gogreen-schweiz.ch\/en\/wp-json\/wp\/v2\/product_cat?post=440"},{"taxonomy":"product_tag","embeddable":true,"href":"https:\/\/gogreen-schweiz.ch\/en\/wp-json\/wp\/v2\/product_tag?post=440"}],"curies":[{"name":"wp","href":"https:\/\/api.w.org\/{rel}","templated":true}]}}