{"id":444,"date":"2025-07-04T13:38:39","date_gmt":"2025-07-04T11:38:39","guid":{"rendered":"https:\/\/gogreen-schweiz.ch\/?post_type=product&#038;p=444"},"modified":"2025-11-18T13:55:05","modified_gmt":"2025-11-18T11:55:05","slug":"koriander","status":"publish","type":"product","link":"https:\/\/gogreen-schweiz.ch\/en\/product\/koriander\/","title":{"rendered":"Koriander"},"content":{"rendered":"<h3 data-start=\"526\" data-end=\"557\">\ud83c\udf3f <strong data-start=\"533\" data-end=\"557\">Geschmack &amp; Aussehen<\/strong><\/h3>\n<ul>\n<li data-start=\"561\" data-end=\"617\"><strong data-start=\"561\" data-end=\"575\">Geschmack:<\/strong> zitronig, kr\u00e4uterartig, leicht pfeffrig<\/li>\n<li data-start=\"620\" data-end=\"721\"><strong data-start=\"620\" data-end=\"640\">Stiel &amp; Bl\u00e4tter:<\/strong> zart, federartig, leuchtend gr\u00fcn \u2013 wie Mini-Korianderbl\u00e4tter mit intensivem Duft<\/li>\n<\/ul>\n<h3 data-start=\"728\" data-end=\"763\">\ud83e\uddec <strong data-start=\"735\" data-end=\"763\">Gesundheitliche Vorteile<\/strong><\/h3>\n<p data-start=\"765\" data-end=\"820\">Koriander-Mikrogr\u00fcn bietet weit mehr als nur Geschmack:<\/p>\n<ul>\n<li data-start=\"824\" data-end=\"901\"><strong data-start=\"824\" data-end=\"837\">Vitamin K<\/strong> \u2013 \u00e4hnlich wie Babyspinat, unterst\u00fctzt Blutgerinnung &amp; Knochen<\/li>\n<li data-start=\"904\" data-end=\"978\"><strong data-start=\"904\" data-end=\"917\">Vitamin C<\/strong> \u2013 fast so viel wie in einer Orange, st\u00e4rkt das Immunsystem<\/li>\n<li data-start=\"981\" data-end=\"1046\"><strong data-start=\"981\" data-end=\"994\">Vitamin E<\/strong> \u2013 sch\u00fctzt Zellen und unterst\u00fctzt die Abwehrkr\u00e4fte<\/li>\n<li data-start=\"1049\" data-end=\"1122\"><strong data-start=\"1049\" data-end=\"1092\">Carotinoide (z.\u202fB. Lutein &amp; Zeaxanthin)<\/strong> \u2013 f\u00f6rdern die Augengesundheit<\/li>\n<\/ul>\n<p>Ein echtes Superfood \u2013 konzentriert in feinster Form!<\/p>\n<h3 data-start=\"1184\" data-end=\"1220\">\ud83c\udf7d\ufe0f <strong data-start=\"1192\" data-end=\"1220\">Kreative Anwendungsideen<\/strong><\/h3>\n<ol>\n<li data-start=\"1225\" data-end=\"1282\"><strong data-start=\"1225\" data-end=\"1256\">Topping f\u00fcr Suppen &amp; Currys<\/strong> \u2013 f\u00fcr Frische und Aroma<\/li>\n<li data-start=\"1286\" data-end=\"1343\"><strong data-start=\"1286\" data-end=\"1309\">In Salaten &amp; Salsas<\/strong> \u2013 f\u00fcr Farbe, Duft und Geschmack<\/li>\n<li data-start=\"1347\" data-end=\"1408\"><strong data-start=\"1347\" data-end=\"1370\">Mexikanische K\u00fcche:<\/strong> perfekt f\u00fcr Tacos, Burritos &amp; Bowls<\/li>\n<li data-start=\"1412\" data-end=\"1467\"><strong data-start=\"1412\" data-end=\"1434\">Sandwiches &amp; Wraps<\/strong> \u2013 f\u00fcr eine frische, gr\u00fcne Note<\/li>\n<li data-start=\"1471\" data-end=\"1532\"><strong data-start=\"1471\" data-end=\"1495\">Asiatische Gerichte:<\/strong> in Wok-Pfannen, Nudeln &amp; Reisschalen<\/li>\n<\/ol>\n<p data-start=\"1539\" data-end=\"1660\">Koriander-Mikrogr\u00fcn \u2013 klein im Format, gross im Geschmack. Ideal f\u00fcr kreative K\u00fcchen und gesundheitsbewusste Geniesser.<\/p>\n<p data-start=\"1539\" data-end=\"1660\">\n<h2 data-start=\"803\" data-end=\"856\"><strong data-start=\"806\" data-end=\"856\">Wichtige Informationen zu frischer Microgreens<\/strong><\/h2>\n<p data-start=\"857\" data-end=\"978\">Dieses Produkt ist <strong data-start=\"876\" data-end=\"901\">nur als Vorbestellung<\/strong> erh\u00e4ltlich.<br data-start=\"913\" data-end=\"916\" \/>Die Vorbereitungszeit betr\u00e4gt etwa <strong data-start=\"951\" data-end=\"961\">7 Tage<\/strong> ab Bestelldatum.<\/p>\n<p data-start=\"980\" data-end=\"1193\">Die Lieferung von frischer Microgreens ist <strong data-start=\"1023\" data-end=\"1065\">nur in bestimmten Regionen der Schweiz<\/strong> m\u00f6glich.<br data-start=\"1074\" data-end=\"1077\" \/>Vor Ihrer Bestellung <strong data-start=\"1098\" data-end=\"1136\">empfehlen wir, uns zu kontaktieren<\/strong>, um die Lieferm\u00f6glichkeit an Ihre Adresse zu best\u00e4tigen.<\/p>\n<p data-start=\"1241\" data-end=\"1336\"><strong data-start=\"1241\" data-end=\"1336\">Vielleicht wollten Sie lyophilisierte Microgreens, <a href=\"https:\/\/gogreen-schweiz.ch\/en\/product\/koriander-samen\/\">Samen<\/a> oder <a href=\"https:\/\/gogreen-schweiz.ch\/en\/product-category\/microgreen-pulver\/\">Microgreens-Pulver<\/a> bestellen.<\/strong><\/p>","protected":false},"excerpt":{"rendered":"<p>Koriander (<em data-start=\"295\" data-end=\"315\">Coriandrum sativum<\/em>) \u2013 eine unverzichtbare Zutat f\u00fcr viele internationale K\u00fcchen. Ob in mexikanischen Tacos, asiatischen Currys oder frischen Salsas \u2013 sein zitronig-gr\u00fcnes Aroma verleiht jedem Gericht Frische und Charakter.<\/p>","protected":false},"featured_media":445,"template":"","meta":{"_coblocks_attr":"","_coblocks_dimensions":"","_coblocks_responsive_height":"","_coblocks_accordion_ie_support":"","wprm-recipe-roundup-name":"","wprm-recipe-roundup-description":""},"product_brand":[],"product_cat":[30],"product_tag":[],"class_list":{"0":"post-444","1":"product","2":"type-product","3":"status-publish","4":"has-post-thumbnail","6":"product_cat-microgreen","7":"product_shipping_class-fresh","9":"first","10":"onbackorder","11":"taxable","12":"shipping-taxable","13":"purchasable","14":"product-type-simple"},"yoast_head":"<!-- This site is optimized with the Yoast SEO plugin v27.5 - https:\/\/yoast.com\/product\/yoast-seo-wordpress\/ -->\n<title>Koriander - Go Green - Schweiz GmbH<\/title>\n<meta name=\"description\" content=\"Koriander-Microgreens: intensiver frischer Zitrus-Kr\u00e4utergeschmack, reich an Vitamin C, E und K, Antioxidantien und Carotinoiden. Perfekt f\u00fcr asiatische Gerichte, Bowls, Currys, Tacos, Salate und Suppen. Frisch, bio &amp; nachhaltig in der Schweiz angebaut.\" \/>\n<meta name=\"robots\" content=\"index, follow, max-snippet:-1, max-image-preview:large, max-video-preview:-1\" \/>\n<link rel=\"canonical\" href=\"https:\/\/gogreen-schweiz.ch\/en\/product\/koriander\/\" \/>\n<meta property=\"og:locale\" content=\"en_GB\" \/>\n<meta property=\"og:type\" content=\"article\" \/>\n<meta property=\"og:title\" content=\"Koriander - Go Green - Schweiz GmbH\" \/>\n<meta property=\"og:description\" content=\"Koriander-Microgreens: intensiver frischer Zitrus-Kr\u00e4utergeschmack, reich an Vitamin C, E und K, Antioxidantien und Carotinoiden. Perfekt f\u00fcr asiatische Gerichte, Bowls, Currys, Tacos, Salate und Suppen. Frisch, bio &amp; nachhaltig in der Schweiz angebaut.\" \/>\n<meta property=\"og:url\" content=\"https:\/\/gogreen-schweiz.ch\/en\/product\/koriander\/\" \/>\n<meta property=\"og:site_name\" content=\"Go Green - Schweiz GmbH\" \/>\n<meta property=\"article:modified_time\" content=\"2025-11-18T11:55:05+00:00\" \/>\n<meta property=\"og:image\" content=\"https:\/\/gogreen-schweiz.ch\/wp-content\/uploads\/2025\/07\/Koriander-1.webp\" \/>\n\t<meta property=\"og:image:width\" content=\"600\" \/>\n\t<meta property=\"og:image:height\" content=\"600\" \/>\n\t<meta property=\"og:image:type\" content=\"image\/webp\" \/>\n<meta name=\"twitter:card\" content=\"summary_large_image\" \/>\n<meta name=\"twitter:label1\" content=\"Estimated reading time\" \/>\n\t<meta name=\"twitter:data1\" content=\"2 minutes\" \/>\n<script type=\"application\/ld+json\" class=\"yoast-schema-graph\">{\"@context\":\"https:\\\/\\\/schema.org\",\"@graph\":[{\"@type\":\"WebPage\",\"@id\":\"https:\\\/\\\/gogreen-schweiz.ch\\\/product\\\/koriander\\\/\",\"url\":\"https:\\\/\\\/gogreen-schweiz.ch\\\/product\\\/koriander\\\/\",\"name\":\"Koriander - Go Green - Schweiz GmbH\",\"isPartOf\":{\"@id\":\"https:\\\/\\\/gogreen-schweiz.ch\\\/#website\"},\"primaryImageOfPage\":{\"@id\":\"https:\\\/\\\/gogreen-schweiz.ch\\\/product\\\/koriander\\\/#primaryimage\"},\"image\":{\"@id\":\"https:\\\/\\\/gogreen-schweiz.ch\\\/product\\\/koriander\\\/#primaryimage\"},\"thumbnailUrl\":\"https:\\\/\\\/gogreen-schweiz.ch\\\/wp-content\\\/uploads\\\/2025\\\/07\\\/Koriander-1.webp\",\"datePublished\":\"2025-07-04T11:38:39+00:00\",\"dateModified\":\"2025-11-18T11:55:05+00:00\",\"description\":\"Koriander-Microgreens: intensiver frischer Zitrus-Kr\u00e4utergeschmack, reich an Vitamin C, E und K, Antioxidantien und Carotinoiden. Perfekt f\u00fcr asiatische Gerichte, Bowls, Currys, Tacos, Salate und Suppen. Frisch, bio & nachhaltig in der Schweiz angebaut.\",\"breadcrumb\":{\"@id\":\"https:\\\/\\\/gogreen-schweiz.ch\\\/product\\\/koriander\\\/#breadcrumb\"},\"inLanguage\":\"en-GB\",\"potentialAction\":[{\"@type\":\"ReadAction\",\"target\":[\"https:\\\/\\\/gogreen-schweiz.ch\\\/product\\\/koriander\\\/\"]}]},{\"@type\":\"ImageObject\",\"inLanguage\":\"en-GB\",\"@id\":\"https:\\\/\\\/gogreen-schweiz.ch\\\/product\\\/koriander\\\/#primaryimage\",\"url\":\"https:\\\/\\\/gogreen-schweiz.ch\\\/wp-content\\\/uploads\\\/2025\\\/07\\\/Koriander-1.webp\",\"contentUrl\":\"https:\\\/\\\/gogreen-schweiz.ch\\\/wp-content\\\/uploads\\\/2025\\\/07\\\/Koriander-1.webp\",\"width\":600,\"height\":600,\"caption\":\"Koriander microgreens\"},{\"@type\":\"BreadcrumbList\",\"@id\":\"https:\\\/\\\/gogreen-schweiz.ch\\\/product\\\/koriander\\\/#breadcrumb\",\"itemListElement\":[{\"@type\":\"ListItem\",\"position\":1,\"name\":\"Home\",\"item\":\"https:\\\/\\\/gogreen-schweiz.ch\\\/\"},{\"@type\":\"ListItem\",\"position\":2,\"name\":\"Shop\",\"item\":\"https:\\\/\\\/gogreen-schweiz.ch\\\/shop\\\/\"},{\"@type\":\"ListItem\",\"position\":3,\"name\":\"Koriander\"}]},{\"@type\":\"WebSite\",\"@id\":\"https:\\\/\\\/gogreen-schweiz.ch\\\/#website\",\"url\":\"https:\\\/\\\/gogreen-schweiz.ch\\\/\",\"name\":\"Go Green - Schweiz GmbH\",\"description\":\"\",\"publisher\":{\"@id\":\"https:\\\/\\\/gogreen-schweiz.ch\\\/#organization\"},\"potentialAction\":[{\"@type\":\"SearchAction\",\"target\":{\"@type\":\"EntryPoint\",\"urlTemplate\":\"https:\\\/\\\/gogreen-schweiz.ch\\\/?s={search_term_string}\"},\"query-input\":{\"@type\":\"PropertyValueSpecification\",\"valueRequired\":true,\"valueName\":\"search_term_string\"}}],\"inLanguage\":\"en-GB\"},{\"@type\":\"Organization\",\"@id\":\"https:\\\/\\\/gogreen-schweiz.ch\\\/#organization\",\"name\":\"Go Green - Schweiz GmbH\",\"url\":\"https:\\\/\\\/gogreen-schweiz.ch\\\/\",\"logo\":{\"@type\":\"ImageObject\",\"inLanguage\":\"en-GB\",\"@id\":\"https:\\\/\\\/gogreen-schweiz.ch\\\/#\\\/schema\\\/logo\\\/image\\\/\",\"url\":\"https:\\\/\\\/gogreen-schweiz.ch\\\/wp-content\\\/uploads\\\/2025\\\/07\\\/cropped-Go-Green.webp\",\"contentUrl\":\"https:\\\/\\\/gogreen-schweiz.ch\\\/wp-content\\\/uploads\\\/2025\\\/07\\\/cropped-Go-Green.webp\",\"width\":512,\"height\":512,\"caption\":\"Go Green - Schweiz GmbH\"},\"image\":{\"@id\":\"https:\\\/\\\/gogreen-schweiz.ch\\\/#\\\/schema\\\/logo\\\/image\\\/\"},\"sameAs\":[\"https:\\\/\\\/www.instagram.com\\\/gogreenschweiz\"]}]}<\/script>\n<!-- \/ Yoast SEO plugin. -->","yoast_head_json":{"title":"Koriander - Go Green - Schweiz GmbH","description":"Koriander-Microgreens: intensiver frischer Zitrus-Kr\u00e4utergeschmack, reich an Vitamin C, E und K, Antioxidantien und Carotinoiden. Perfekt f\u00fcr asiatische Gerichte, Bowls, Currys, Tacos, Salate und Suppen. Frisch, bio & nachhaltig in der Schweiz angebaut.","robots":{"index":"index","follow":"follow","max-snippet":"max-snippet:-1","max-image-preview":"max-image-preview:large","max-video-preview":"max-video-preview:-1"},"canonical":"https:\/\/gogreen-schweiz.ch\/en\/product\/koriander\/","og_locale":"en_GB","og_type":"article","og_title":"Koriander - Go Green - Schweiz GmbH","og_description":"Koriander-Microgreens: intensiver frischer Zitrus-Kr\u00e4utergeschmack, reich an Vitamin C, E und K, Antioxidantien und Carotinoiden. Perfekt f\u00fcr asiatische Gerichte, Bowls, Currys, Tacos, Salate und Suppen. Frisch, bio & nachhaltig in der Schweiz angebaut.","og_url":"https:\/\/gogreen-schweiz.ch\/en\/product\/koriander\/","og_site_name":"Go Green - Schweiz GmbH","article_modified_time":"2025-11-18T11:55:05+00:00","og_image":[{"width":600,"height":600,"url":"https:\/\/gogreen-schweiz.ch\/wp-content\/uploads\/2025\/07\/Koriander-1.webp","type":"image\/webp"}],"twitter_card":"summary_large_image","twitter_misc":{"Estimated reading time":"2 minutes"},"schema":{"@context":"https:\/\/schema.org","@graph":[{"@type":"WebPage","@id":"https:\/\/gogreen-schweiz.ch\/product\/koriander\/","url":"https:\/\/gogreen-schweiz.ch\/product\/koriander\/","name":"Koriander - Go Green - Schweiz GmbH","isPartOf":{"@id":"https:\/\/gogreen-schweiz.ch\/#website"},"primaryImageOfPage":{"@id":"https:\/\/gogreen-schweiz.ch\/product\/koriander\/#primaryimage"},"image":{"@id":"https:\/\/gogreen-schweiz.ch\/product\/koriander\/#primaryimage"},"thumbnailUrl":"https:\/\/gogreen-schweiz.ch\/wp-content\/uploads\/2025\/07\/Koriander-1.webp","datePublished":"2025-07-04T11:38:39+00:00","dateModified":"2025-11-18T11:55:05+00:00","description":"Koriander-Microgreens: intensiver frischer Zitrus-Kr\u00e4utergeschmack, reich an Vitamin C, E und K, Antioxidantien und Carotinoiden. Perfekt f\u00fcr asiatische Gerichte, Bowls, Currys, Tacos, Salate und Suppen. Frisch, bio & nachhaltig in der Schweiz angebaut.","breadcrumb":{"@id":"https:\/\/gogreen-schweiz.ch\/product\/koriander\/#breadcrumb"},"inLanguage":"en-GB","potentialAction":[{"@type":"ReadAction","target":["https:\/\/gogreen-schweiz.ch\/product\/koriander\/"]}]},{"@type":"ImageObject","inLanguage":"en-GB","@id":"https:\/\/gogreen-schweiz.ch\/product\/koriander\/#primaryimage","url":"https:\/\/gogreen-schweiz.ch\/wp-content\/uploads\/2025\/07\/Koriander-1.webp","contentUrl":"https:\/\/gogreen-schweiz.ch\/wp-content\/uploads\/2025\/07\/Koriander-1.webp","width":600,"height":600,"caption":"Koriander microgreens"},{"@type":"BreadcrumbList","@id":"https:\/\/gogreen-schweiz.ch\/product\/koriander\/#breadcrumb","itemListElement":[{"@type":"ListItem","position":1,"name":"Home","item":"https:\/\/gogreen-schweiz.ch\/"},{"@type":"ListItem","position":2,"name":"Shop","item":"https:\/\/gogreen-schweiz.ch\/shop\/"},{"@type":"ListItem","position":3,"name":"Koriander"}]},{"@type":"WebSite","@id":"https:\/\/gogreen-schweiz.ch\/#website","url":"https:\/\/gogreen-schweiz.ch\/","name":"Go Green - Schweiz GmbH","description":"","publisher":{"@id":"https:\/\/gogreen-schweiz.ch\/#organization"},"potentialAction":[{"@type":"SearchAction","target":{"@type":"EntryPoint","urlTemplate":"https:\/\/gogreen-schweiz.ch\/?s={search_term_string}"},"query-input":{"@type":"PropertyValueSpecification","valueRequired":true,"valueName":"search_term_string"}}],"inLanguage":"en-GB"},{"@type":"Organization","@id":"https:\/\/gogreen-schweiz.ch\/#organization","name":"Go Green - Schweiz GmbH","url":"https:\/\/gogreen-schweiz.ch\/","logo":{"@type":"ImageObject","inLanguage":"en-GB","@id":"https:\/\/gogreen-schweiz.ch\/#\/schema\/logo\/image\/","url":"https:\/\/gogreen-schweiz.ch\/wp-content\/uploads\/2025\/07\/cropped-Go-Green.webp","contentUrl":"https:\/\/gogreen-schweiz.ch\/wp-content\/uploads\/2025\/07\/cropped-Go-Green.webp","width":512,"height":512,"caption":"Go Green - Schweiz GmbH"},"image":{"@id":"https:\/\/gogreen-schweiz.ch\/#\/schema\/logo\/image\/"},"sameAs":["https:\/\/www.instagram.com\/gogreenschweiz"]}]}},"jetpack_sharing_enabled":true,"_links":{"self":[{"href":"https:\/\/gogreen-schweiz.ch\/en\/wp-json\/wp\/v2\/product\/444","targetHints":{"allow":["GET"]}}],"collection":[{"href":"https:\/\/gogreen-schweiz.ch\/en\/wp-json\/wp\/v2\/product"}],"about":[{"href":"https:\/\/gogreen-schweiz.ch\/en\/wp-json\/wp\/v2\/types\/product"}],"wp:featuredmedia":[{"embeddable":true,"href":"https:\/\/gogreen-schweiz.ch\/en\/wp-json\/wp\/v2\/media\/445"}],"wp:attachment":[{"href":"https:\/\/gogreen-schweiz.ch\/en\/wp-json\/wp\/v2\/media?parent=444"}],"wp:term":[{"taxonomy":"product_brand","embeddable":true,"href":"https:\/\/gogreen-schweiz.ch\/en\/wp-json\/wp\/v2\/product_brand?post=444"},{"taxonomy":"product_cat","embeddable":true,"href":"https:\/\/gogreen-schweiz.ch\/en\/wp-json\/wp\/v2\/product_cat?post=444"},{"taxonomy":"product_tag","embeddable":true,"href":"https:\/\/gogreen-schweiz.ch\/en\/wp-json\/wp\/v2\/product_tag?post=444"}],"curies":[{"name":"wp","href":"https:\/\/api.w.org\/{rel}","templated":true}]}}