{"id":447,"date":"2025-07-04T13:43:48","date_gmt":"2025-07-04T11:43:48","guid":{"rendered":"https:\/\/gogreen-schweiz.ch\/?post_type=product&#038;p=447"},"modified":"2025-11-18T13:56:18","modified_gmt":"2025-11-18T11:56:18","slug":"zuckermelone","status":"publish","type":"product","link":"https:\/\/gogreen-schweiz.ch\/en\/product\/zuckermelone\/","title":{"rendered":"Zuckermelone"},"content":{"rendered":"<h3 data-start=\"627\" data-end=\"674\">\ud83c\udf31 <strong data-start=\"634\" data-end=\"674\">N\u00e4hrstoffe &amp; gesundheitlicher Nutzen<\/strong><\/h3>\n<p data-start=\"676\" data-end=\"718\">Diese s\u00fcsse Mikrozutat steckt voller Power:<\/p>\n<ul>\n<li data-start=\"722\" data-end=\"790\"><strong data-start=\"722\" data-end=\"745\">Vitamine A, C und E<\/strong> \u2013 st\u00e4rken Haut, Immunsystem und Zellschutz<\/li>\n<li data-start=\"793\" data-end=\"854\"><strong data-start=\"793\" data-end=\"810\">Ballaststoffe<\/strong> \u2013 unterst\u00fctzen die Verdauung und s\u00e4ttigen<\/li>\n<li data-start=\"857\" data-end=\"922\"><strong data-start=\"857\" data-end=\"867\">Kalium<\/strong> \u2013 wichtig f\u00fcr Herzgesundheit und Blutdruckregulation<\/li>\n<li data-start=\"925\" data-end=\"1003\"><strong data-start=\"925\" data-end=\"959\">Antioxidantien &amp; gesunde Fette<\/strong> \u2013 aus den n\u00e4hrstoffreichen Samen der Melone<\/li>\n<\/ul>\n<p data-start=\"1005\" data-end=\"1135\">Einige Studien zeigen, dass Mikrogr\u00fcn bis zu 30x mehr N\u00e4hrstoffe enthalten kann als ausgewachsene Pflanzen \u2013 ein echtes Superfood!<\/p>\n<h3 data-start=\"1142\" data-end=\"1177\">\ud83c\udf7d\ufe0f <strong data-start=\"1150\" data-end=\"1177\">Kulinarische Verwendung<\/strong><\/h3>\n<p data-start=\"1179\" data-end=\"1275\">Cantaloupe-Mikrogr\u00fcn ist mehr als nur Dekoration \u2013 es verwandelt jedes Gericht in ein Highlight:<\/p>\n<ul>\n<li data-start=\"1279\" data-end=\"1331\"><strong data-start=\"1279\" data-end=\"1290\">Salate:<\/strong> als fruchtige Basis oder s\u00fc\u00dfes Topping<\/li>\n<li data-start=\"1334\" data-end=\"1396\"><strong data-start=\"1334\" data-end=\"1357\">Sandwiches &amp; Wraps:<\/strong> f\u00fcr nat\u00fcrliche S\u00fc\u00dfe und extra Crunch<\/li>\n<li data-start=\"1399\" data-end=\"1453\"><strong data-start=\"1399\" data-end=\"1426\">Suppen &amp; Hauptgerichte:<\/strong> als raffinierte Garnitur<\/li>\n<li data-start=\"1456\" data-end=\"1536\"><strong data-start=\"1456\" data-end=\"1474\">Kombinationen:<\/strong> hervorragend mit Fr\u00fcchten, K\u00e4se oder luftgetrocknetem Fleisch<\/li>\n<\/ul>\n<p>\ud83d\udc49 Ein Hauch von Melone \u2013 t\u00e4glich frisch, direkt aus der Natur!<\/p>\n<p>&nbsp;<\/p>\n<h2 data-start=\"803\" data-end=\"856\"><strong data-start=\"806\" data-end=\"856\">Wichtige Informationen zu frischer Microgreens<\/strong><\/h2>\n<p data-start=\"857\" data-end=\"978\">Dieses Produkt ist <strong data-start=\"876\" data-end=\"901\">nur als Vorbestellung<\/strong> erh\u00e4ltlich.<br data-start=\"913\" data-end=\"916\" \/>Die Vorbereitungszeit betr\u00e4gt etwa <strong data-start=\"951\" data-end=\"961\">7 Tage<\/strong> ab Bestelldatum.<\/p>\n<p data-start=\"980\" data-end=\"1193\">Die Lieferung von frischer Microgreens ist <strong data-start=\"1023\" data-end=\"1065\">nur in bestimmten Regionen der Schweiz<\/strong> m\u00f6glich.<br data-start=\"1074\" data-end=\"1077\" \/>Vor Ihrer Bestellung <strong data-start=\"1098\" data-end=\"1136\">empfehlen wir, uns zu kontaktieren<\/strong>, um die Lieferm\u00f6glichkeit an Ihre Adresse zu best\u00e4tigen.<\/p>\n<p data-start=\"1241\" data-end=\"1336\"><strong data-start=\"1241\" data-end=\"1336\">Vielleicht wollten Sie lyophilisierte Microgreens, <a href=\"https:\/\/gogreen-schweiz.ch\/en\/product\/melone-samen\/\">Samen<\/a> oder <a href=\"https:\/\/gogreen-schweiz.ch\/en\/product-category\/microgreen-pulver\/\">Microgreens-Pulver<\/a> bestellen.<\/strong><\/p>","protected":false},"excerpt":{"rendered":"<p data-start=\"265\" data-end=\"521\">Cantaloupe-Mikrogr\u00fcn \u00fcberrascht mit einem nat\u00fcrlichen, leicht melonigen Geschmack und saftigen, knackigen Bl\u00e4ttern \u2013 \u00e4hnlich wie bei Sonnenblumen-Mikrogr\u00fcn. Ideal als Topping oder Basis f\u00fcr kreative Salate und Sandwiches.<\/p>\n<p data-start=\"523\" data-end=\"620\">Stellen Sie sich vor: Caesar Salad mit frischem Cantaloupe-Mikrogr\u00fcn \u2013 klingt k\u00f6stlich, oder?<\/p>","protected":false},"featured_media":448,"template":"","meta":{"_coblocks_attr":"","_coblocks_dimensions":"","_coblocks_responsive_height":"","_coblocks_accordion_ie_support":"","wprm-recipe-roundup-name":"","wprm-recipe-roundup-description":""},"product_brand":[],"product_cat":[30],"product_tag":[43,44,27,28,36,34],"class_list":{"0":"post-447","1":"product","2":"type-product","3":"status-publish","4":"has-post-thumbnail","6":"product_cat-microgreen","7":"product_tag-fleisch","8":"product_tag-kase","9":"product_tag-salat","10":"product_tag-sandwich","11":"product_tag-suppe","12":"product_tag-wrap","13":"product_shipping_class-fresh","15":"first","16":"onbackorder","17":"taxable","18":"shipping-taxable","19":"purchasable","20":"product-type-simple"},"yoast_head":"<!-- This site is optimized with the Yoast SEO plugin v27.5 - https:\/\/yoast.com\/product\/yoast-seo-wordpress\/ -->\n<title>Zuckermelone - Go Green - Schweiz GmbH<\/title>\n<meta name=\"description\" content=\"Zuckermelonen-Microgreens: zart s\u00fcss, erfrischend und voller Vitamine A und C sowie Antioxidantien. Perfekt f\u00fcr Salate, Bowls, Sandwiches und kreative K\u00fcche. Frisch, bio &amp; nachhaltig in der Schweiz angebaut.\" \/>\n<meta name=\"robots\" content=\"index, follow, max-snippet:-1, max-image-preview:large, max-video-preview:-1\" \/>\n<link rel=\"canonical\" href=\"https:\/\/gogreen-schweiz.ch\/en\/product\/zuckermelone\/\" \/>\n<meta property=\"og:locale\" content=\"en_GB\" \/>\n<meta property=\"og:type\" content=\"article\" \/>\n<meta property=\"og:title\" content=\"Zuckermelone - Go Green - Schweiz GmbH\" \/>\n<meta property=\"og:description\" content=\"Zuckermelonen-Microgreens: zart s\u00fcss, erfrischend und voller Vitamine A und C sowie Antioxidantien. Perfekt f\u00fcr Salate, Bowls, Sandwiches und kreative K\u00fcche. Frisch, bio &amp; nachhaltig in der Schweiz angebaut.\" \/>\n<meta property=\"og:url\" content=\"https:\/\/gogreen-schweiz.ch\/en\/product\/zuckermelone\/\" \/>\n<meta property=\"og:site_name\" content=\"Go Green - Schweiz GmbH\" \/>\n<meta property=\"article:modified_time\" content=\"2025-11-18T11:56:18+00:00\" \/>\n<meta property=\"og:image\" content=\"https:\/\/gogreen-schweiz.ch\/wp-content\/uploads\/2025\/07\/Melon-1.webp\" \/>\n\t<meta property=\"og:image:width\" content=\"600\" \/>\n\t<meta property=\"og:image:height\" content=\"600\" \/>\n\t<meta property=\"og:image:type\" content=\"image\/webp\" \/>\n<meta name=\"twitter:card\" content=\"summary_large_image\" \/>\n<meta name=\"twitter:label1\" content=\"Estimated reading time\" \/>\n\t<meta name=\"twitter:data1\" content=\"2 minutes\" \/>\n<script type=\"application\/ld+json\" class=\"yoast-schema-graph\">{\"@context\":\"https:\\\/\\\/schema.org\",\"@graph\":[{\"@type\":\"WebPage\",\"@id\":\"https:\\\/\\\/gogreen-schweiz.ch\\\/product\\\/zuckermelone\\\/\",\"url\":\"https:\\\/\\\/gogreen-schweiz.ch\\\/product\\\/zuckermelone\\\/\",\"name\":\"Zuckermelone - Go Green - Schweiz GmbH\",\"isPartOf\":{\"@id\":\"https:\\\/\\\/gogreen-schweiz.ch\\\/#website\"},\"primaryImageOfPage\":{\"@id\":\"https:\\\/\\\/gogreen-schweiz.ch\\\/product\\\/zuckermelone\\\/#primaryimage\"},\"image\":{\"@id\":\"https:\\\/\\\/gogreen-schweiz.ch\\\/product\\\/zuckermelone\\\/#primaryimage\"},\"thumbnailUrl\":\"https:\\\/\\\/gogreen-schweiz.ch\\\/wp-content\\\/uploads\\\/2025\\\/07\\\/Melon-1.webp\",\"datePublished\":\"2025-07-04T11:43:48+00:00\",\"dateModified\":\"2025-11-18T11:56:18+00:00\",\"description\":\"Zuckermelonen-Microgreens: zart s\u00fcss, erfrischend und voller Vitamine A und C sowie Antioxidantien. Perfekt f\u00fcr Salate, Bowls, Sandwiches und kreative K\u00fcche. Frisch, bio & nachhaltig in der Schweiz angebaut.\",\"breadcrumb\":{\"@id\":\"https:\\\/\\\/gogreen-schweiz.ch\\\/product\\\/zuckermelone\\\/#breadcrumb\"},\"inLanguage\":\"en-GB\",\"potentialAction\":[{\"@type\":\"ReadAction\",\"target\":[\"https:\\\/\\\/gogreen-schweiz.ch\\\/product\\\/zuckermelone\\\/\"]}]},{\"@type\":\"ImageObject\",\"inLanguage\":\"en-GB\",\"@id\":\"https:\\\/\\\/gogreen-schweiz.ch\\\/product\\\/zuckermelone\\\/#primaryimage\",\"url\":\"https:\\\/\\\/gogreen-schweiz.ch\\\/wp-content\\\/uploads\\\/2025\\\/07\\\/Melon-1.webp\",\"contentUrl\":\"https:\\\/\\\/gogreen-schweiz.ch\\\/wp-content\\\/uploads\\\/2025\\\/07\\\/Melon-1.webp\",\"width\":600,\"height\":600,\"caption\":\"Melon microgreens\"},{\"@type\":\"BreadcrumbList\",\"@id\":\"https:\\\/\\\/gogreen-schweiz.ch\\\/product\\\/zuckermelone\\\/#breadcrumb\",\"itemListElement\":[{\"@type\":\"ListItem\",\"position\":1,\"name\":\"Home\",\"item\":\"https:\\\/\\\/gogreen-schweiz.ch\\\/\"},{\"@type\":\"ListItem\",\"position\":2,\"name\":\"Shop\",\"item\":\"https:\\\/\\\/gogreen-schweiz.ch\\\/shop\\\/\"},{\"@type\":\"ListItem\",\"position\":3,\"name\":\"Zuckermelone\"}]},{\"@type\":\"WebSite\",\"@id\":\"https:\\\/\\\/gogreen-schweiz.ch\\\/#website\",\"url\":\"https:\\\/\\\/gogreen-schweiz.ch\\\/\",\"name\":\"Go Green - Schweiz GmbH\",\"description\":\"\",\"publisher\":{\"@id\":\"https:\\\/\\\/gogreen-schweiz.ch\\\/#organization\"},\"potentialAction\":[{\"@type\":\"SearchAction\",\"target\":{\"@type\":\"EntryPoint\",\"urlTemplate\":\"https:\\\/\\\/gogreen-schweiz.ch\\\/?s={search_term_string}\"},\"query-input\":{\"@type\":\"PropertyValueSpecification\",\"valueRequired\":true,\"valueName\":\"search_term_string\"}}],\"inLanguage\":\"en-GB\"},{\"@type\":\"Organization\",\"@id\":\"https:\\\/\\\/gogreen-schweiz.ch\\\/#organization\",\"name\":\"Go Green - Schweiz GmbH\",\"url\":\"https:\\\/\\\/gogreen-schweiz.ch\\\/\",\"logo\":{\"@type\":\"ImageObject\",\"inLanguage\":\"en-GB\",\"@id\":\"https:\\\/\\\/gogreen-schweiz.ch\\\/#\\\/schema\\\/logo\\\/image\\\/\",\"url\":\"https:\\\/\\\/gogreen-schweiz.ch\\\/wp-content\\\/uploads\\\/2025\\\/07\\\/cropped-Go-Green.webp\",\"contentUrl\":\"https:\\\/\\\/gogreen-schweiz.ch\\\/wp-content\\\/uploads\\\/2025\\\/07\\\/cropped-Go-Green.webp\",\"width\":512,\"height\":512,\"caption\":\"Go Green - Schweiz GmbH\"},\"image\":{\"@id\":\"https:\\\/\\\/gogreen-schweiz.ch\\\/#\\\/schema\\\/logo\\\/image\\\/\"},\"sameAs\":[\"https:\\\/\\\/www.instagram.com\\\/gogreenschweiz\"]}]}<\/script>\n<!-- \/ Yoast SEO plugin. -->","yoast_head_json":{"title":"Zuckermelone - Go Green - Schweiz GmbH","description":"Zuckermelonen-Microgreens: zart s\u00fcss, erfrischend und voller Vitamine A und C sowie Antioxidantien. Perfekt f\u00fcr Salate, Bowls, Sandwiches und kreative K\u00fcche. Frisch, bio & nachhaltig in der Schweiz angebaut.","robots":{"index":"index","follow":"follow","max-snippet":"max-snippet:-1","max-image-preview":"max-image-preview:large","max-video-preview":"max-video-preview:-1"},"canonical":"https:\/\/gogreen-schweiz.ch\/en\/product\/zuckermelone\/","og_locale":"en_GB","og_type":"article","og_title":"Zuckermelone - Go Green - Schweiz GmbH","og_description":"Zuckermelonen-Microgreens: zart s\u00fcss, erfrischend und voller Vitamine A und C sowie Antioxidantien. Perfekt f\u00fcr Salate, Bowls, Sandwiches und kreative K\u00fcche. Frisch, bio & nachhaltig in der Schweiz angebaut.","og_url":"https:\/\/gogreen-schweiz.ch\/en\/product\/zuckermelone\/","og_site_name":"Go Green - Schweiz GmbH","article_modified_time":"2025-11-18T11:56:18+00:00","og_image":[{"width":600,"height":600,"url":"https:\/\/gogreen-schweiz.ch\/wp-content\/uploads\/2025\/07\/Melon-1.webp","type":"image\/webp"}],"twitter_card":"summary_large_image","twitter_misc":{"Estimated reading time":"2 minutes"},"schema":{"@context":"https:\/\/schema.org","@graph":[{"@type":"WebPage","@id":"https:\/\/gogreen-schweiz.ch\/product\/zuckermelone\/","url":"https:\/\/gogreen-schweiz.ch\/product\/zuckermelone\/","name":"Zuckermelone - Go Green - Schweiz GmbH","isPartOf":{"@id":"https:\/\/gogreen-schweiz.ch\/#website"},"primaryImageOfPage":{"@id":"https:\/\/gogreen-schweiz.ch\/product\/zuckermelone\/#primaryimage"},"image":{"@id":"https:\/\/gogreen-schweiz.ch\/product\/zuckermelone\/#primaryimage"},"thumbnailUrl":"https:\/\/gogreen-schweiz.ch\/wp-content\/uploads\/2025\/07\/Melon-1.webp","datePublished":"2025-07-04T11:43:48+00:00","dateModified":"2025-11-18T11:56:18+00:00","description":"Zuckermelonen-Microgreens: zart s\u00fcss, erfrischend und voller Vitamine A und C sowie Antioxidantien. Perfekt f\u00fcr Salate, Bowls, Sandwiches und kreative K\u00fcche. Frisch, bio & nachhaltig in der Schweiz angebaut.","breadcrumb":{"@id":"https:\/\/gogreen-schweiz.ch\/product\/zuckermelone\/#breadcrumb"},"inLanguage":"en-GB","potentialAction":[{"@type":"ReadAction","target":["https:\/\/gogreen-schweiz.ch\/product\/zuckermelone\/"]}]},{"@type":"ImageObject","inLanguage":"en-GB","@id":"https:\/\/gogreen-schweiz.ch\/product\/zuckermelone\/#primaryimage","url":"https:\/\/gogreen-schweiz.ch\/wp-content\/uploads\/2025\/07\/Melon-1.webp","contentUrl":"https:\/\/gogreen-schweiz.ch\/wp-content\/uploads\/2025\/07\/Melon-1.webp","width":600,"height":600,"caption":"Melon microgreens"},{"@type":"BreadcrumbList","@id":"https:\/\/gogreen-schweiz.ch\/product\/zuckermelone\/#breadcrumb","itemListElement":[{"@type":"ListItem","position":1,"name":"Home","item":"https:\/\/gogreen-schweiz.ch\/"},{"@type":"ListItem","position":2,"name":"Shop","item":"https:\/\/gogreen-schweiz.ch\/shop\/"},{"@type":"ListItem","position":3,"name":"Zuckermelone"}]},{"@type":"WebSite","@id":"https:\/\/gogreen-schweiz.ch\/#website","url":"https:\/\/gogreen-schweiz.ch\/","name":"Go Green - Schweiz GmbH","description":"","publisher":{"@id":"https:\/\/gogreen-schweiz.ch\/#organization"},"potentialAction":[{"@type":"SearchAction","target":{"@type":"EntryPoint","urlTemplate":"https:\/\/gogreen-schweiz.ch\/?s={search_term_string}"},"query-input":{"@type":"PropertyValueSpecification","valueRequired":true,"valueName":"search_term_string"}}],"inLanguage":"en-GB"},{"@type":"Organization","@id":"https:\/\/gogreen-schweiz.ch\/#organization","name":"Go Green - Schweiz GmbH","url":"https:\/\/gogreen-schweiz.ch\/","logo":{"@type":"ImageObject","inLanguage":"en-GB","@id":"https:\/\/gogreen-schweiz.ch\/#\/schema\/logo\/image\/","url":"https:\/\/gogreen-schweiz.ch\/wp-content\/uploads\/2025\/07\/cropped-Go-Green.webp","contentUrl":"https:\/\/gogreen-schweiz.ch\/wp-content\/uploads\/2025\/07\/cropped-Go-Green.webp","width":512,"height":512,"caption":"Go Green - Schweiz GmbH"},"image":{"@id":"https:\/\/gogreen-schweiz.ch\/#\/schema\/logo\/image\/"},"sameAs":["https:\/\/www.instagram.com\/gogreenschweiz"]}]}},"jetpack_sharing_enabled":true,"_links":{"self":[{"href":"https:\/\/gogreen-schweiz.ch\/en\/wp-json\/wp\/v2\/product\/447","targetHints":{"allow":["GET"]}}],"collection":[{"href":"https:\/\/gogreen-schweiz.ch\/en\/wp-json\/wp\/v2\/product"}],"about":[{"href":"https:\/\/gogreen-schweiz.ch\/en\/wp-json\/wp\/v2\/types\/product"}],"wp:featuredmedia":[{"embeddable":true,"href":"https:\/\/gogreen-schweiz.ch\/en\/wp-json\/wp\/v2\/media\/448"}],"wp:attachment":[{"href":"https:\/\/gogreen-schweiz.ch\/en\/wp-json\/wp\/v2\/media?parent=447"}],"wp:term":[{"taxonomy":"product_brand","embeddable":true,"href":"https:\/\/gogreen-schweiz.ch\/en\/wp-json\/wp\/v2\/product_brand?post=447"},{"taxonomy":"product_cat","embeddable":true,"href":"https:\/\/gogreen-schweiz.ch\/en\/wp-json\/wp\/v2\/product_cat?post=447"},{"taxonomy":"product_tag","embeddable":true,"href":"https:\/\/gogreen-schweiz.ch\/en\/wp-json\/wp\/v2\/product_tag?post=447"}],"curies":[{"name":"wp","href":"https:\/\/api.w.org\/{rel}","templated":true}]}}