{"id":453,"date":"2025-07-04T13:48:33","date_gmt":"2025-07-04T11:48:33","guid":{"rendered":"https:\/\/gogreen-schweiz.ch\/?post_type=product&#038;p=453"},"modified":"2025-11-18T13:57:38","modified_gmt":"2025-11-18T11:57:38","slug":"mizuna-grun","status":"publish","type":"product","link":"https:\/\/gogreen-schweiz.ch\/en\/product\/mizuna-grun\/","title":{"rendered":"Mizuna gr\u00fcn"},"content":{"rendered":"<h3 data-start=\"416\" data-end=\"468\">\ud83c\udf31 <strong data-start=\"423\" data-end=\"468\">N\u00e4hrstoffpower &amp; gesundheitliche Vorteile<\/strong><\/h3>\n<p data-start=\"470\" data-end=\"500\">Mizuna-Mikrogr\u00fcn ist reich an:<\/p>\n<ul>\n<li data-start=\"504\" data-end=\"569\"><strong data-start=\"504\" data-end=\"527\">Vitamine A, C und K<\/strong> \u2013 f\u00fcr Haut, Immunsystem &amp; Blutgerinnung<\/li>\n<li data-start=\"572\" data-end=\"648\"><strong data-start=\"572\" data-end=\"590\">Folat &amp; Mangan<\/strong> \u2013 unterst\u00fctzen Zellregeneration und Energiestoffwechsel<\/li>\n<li data-start=\"651\" data-end=\"725\"><strong data-start=\"651\" data-end=\"668\">Glucosinolate<\/strong> \u2013 nat\u00fcrliche Antioxidantien mit krebshemmender Wirkung<\/li>\n<\/ul>\n<p data-start=\"727\" data-end=\"878\">Mit seinem frischen, leicht w\u00fcrzigen Geschmack und knackigen Biss ist Mizuna ein echtes Superfood f\u00fcr alle, die gesunde Ern\u00e4hrung mit Genuss verbinden.<\/p>\n<h3 data-start=\"885\" data-end=\"920\">\ud83c\udf7d\ufe0f <strong data-start=\"893\" data-end=\"920\">Verwendung in der K\u00fcche<\/strong><\/h3>\n<p data-start=\"922\" data-end=\"932\">Ideal f\u00fcr:<\/p>\n<ul>\n<li data-start=\"936\" data-end=\"944\">Salate<\/li>\n<li data-start=\"947\" data-end=\"959\">Sandwiches<\/li>\n<li data-start=\"962\" data-end=\"977\">Sushi &amp; Bowls<\/li>\n<li data-start=\"980\" data-end=\"1030\">Als gesunder Garnitur f\u00fcr warme und kalte Gerichte<\/li>\n<\/ul>\n<p data-start=\"1032\" data-end=\"1122\">\ud83d\udc49 Frisch, scharf, vital \u2013 Mizuna bringt Schwung auf den Teller und Energie in deinen Tag!<\/p>\n<p data-start=\"1032\" data-end=\"1122\">\n<h2 data-start=\"803\" data-end=\"856\"><strong data-start=\"806\" data-end=\"856\">Wichtige Informationen zu frischer Microgreens<\/strong><\/h2>\n<p data-start=\"857\" data-end=\"978\">Dieses Produkt ist <strong data-start=\"876\" data-end=\"901\">nur als Vorbestellung<\/strong> erh\u00e4ltlich.<br data-start=\"913\" data-end=\"916\" \/>Die Vorbereitungszeit betr\u00e4gt etwa <strong data-start=\"951\" data-end=\"961\">7 Tage<\/strong> ab Bestelldatum.<\/p>\n<p data-start=\"980\" data-end=\"1193\">Die Lieferung von frischer Microgreens ist <strong data-start=\"1023\" data-end=\"1065\">nur in bestimmten Regionen der Schweiz<\/strong> m\u00f6glich.<br data-start=\"1074\" data-end=\"1077\" \/>Vor Ihrer Bestellung <strong data-start=\"1098\" data-end=\"1136\">empfehlen wir, uns zu kontaktieren<\/strong>, um die Lieferm\u00f6glichkeit an Ihre Adresse zu best\u00e4tigen.<\/p>\n<p data-start=\"1241\" data-end=\"1336\"><strong data-start=\"1241\" data-end=\"1336\">Vielleicht wollten Sie lyophilisierte Microgreens, <a href=\"https:\/\/gogreen-schweiz.ch\/en\/product\/mizuna-gruen-samen\/\">Samen<\/a> oder <a href=\"https:\/\/gogreen-schweiz.ch\/en\/product-category\/microgreen-pulver\/\">Microgreens-Pulver<\/a> bestellen.<\/strong><\/p>","protected":false},"excerpt":{"rendered":"<p>Mizuna (auch japanischer Senfkohl) geh\u00f6rt zur Familie der Kohlgew\u00e4chse und beeindruckt mit fein gezackten, leuchtend gr\u00fcnen Bl\u00e4ttern. Diese zarte Mikrogr\u00fcn-Sorte ist nicht nur optisch ein Highlight, sondern auch ein echtes N\u00e4hrstoffwunder.<\/p>","protected":false},"featured_media":451,"template":"","meta":{"_coblocks_attr":"","_coblocks_dimensions":"","_coblocks_responsive_height":"","_coblocks_accordion_ie_support":"","wprm-recipe-roundup-name":"","wprm-recipe-roundup-description":""},"product_brand":[],"product_cat":[30],"product_tag":[35,43,32,27,28,39],"class_list":{"0":"post-453","1":"product","2":"type-product","3":"status-publish","4":"has-post-thumbnail","6":"product_cat-microgreen","7":"product_tag-bowl","8":"product_tag-fleisch","9":"product_tag-garnitur","10":"product_tag-salat","11":"product_tag-sandwich","12":"product_tag-sushi","13":"product_shipping_class-fresh","15":"first","16":"onbackorder","17":"taxable","18":"shipping-taxable","19":"purchasable","20":"product-type-simple"},"yoast_head":"<!-- This site is optimized with the Yoast SEO plugin v27.5 - https:\/\/yoast.com\/product\/yoast-seo-wordpress\/ -->\n<title>Mizuna gr\u00fcn - Go Green - Schweiz GmbH<\/title>\n<meta name=\"description\" content=\"Gr\u00fcne Mizuna (auch japanischer Senfkohl) Microgreens \u2013 mild-w\u00fcrziger Geschmack, reich an Antioxidantien und Vitamin C. Ideal f\u00fcr asiatische Gerichte, Salate &amp; Bowls. Jetzt frisch bei Go Green Schweiz!\" \/>\n<meta name=\"robots\" content=\"index, follow, max-snippet:-1, max-image-preview:large, max-video-preview:-1\" \/>\n<link rel=\"canonical\" href=\"https:\/\/gogreen-schweiz.ch\/en\/product\/mizuna-grun\/\" \/>\n<meta property=\"og:locale\" content=\"en_GB\" \/>\n<meta property=\"og:type\" content=\"article\" \/>\n<meta property=\"og:title\" content=\"Mizuna gr\u00fcn - Go Green - Schweiz GmbH\" \/>\n<meta property=\"og:description\" content=\"Gr\u00fcne Mizuna (auch japanischer Senfkohl) Microgreens \u2013 mild-w\u00fcrziger Geschmack, reich an Antioxidantien und Vitamin C. Ideal f\u00fcr asiatische Gerichte, Salate &amp; Bowls. Jetzt frisch bei Go Green Schweiz!\" \/>\n<meta property=\"og:url\" content=\"https:\/\/gogreen-schweiz.ch\/en\/product\/mizuna-grun\/\" \/>\n<meta property=\"og:site_name\" content=\"Go Green - Schweiz GmbH\" \/>\n<meta property=\"article:modified_time\" content=\"2025-11-18T11:57:38+00:00\" \/>\n<meta property=\"og:image\" content=\"https:\/\/gogreen-schweiz.ch\/wp-content\/uploads\/2025\/07\/Mizuna-green-1.webp\" \/>\n\t<meta property=\"og:image:width\" content=\"600\" \/>\n\t<meta property=\"og:image:height\" content=\"600\" \/>\n\t<meta property=\"og:image:type\" content=\"image\/webp\" \/>\n<meta name=\"twitter:card\" content=\"summary_large_image\" \/>\n<meta name=\"twitter:label1\" content=\"Estimated reading time\" \/>\n\t<meta name=\"twitter:data1\" content=\"1 minute\" \/>\n<script type=\"application\/ld+json\" class=\"yoast-schema-graph\">{\"@context\":\"https:\\\/\\\/schema.org\",\"@graph\":[{\"@type\":\"WebPage\",\"@id\":\"https:\\\/\\\/gogreen-schweiz.ch\\\/product\\\/mizuna-grun\\\/\",\"url\":\"https:\\\/\\\/gogreen-schweiz.ch\\\/product\\\/mizuna-grun\\\/\",\"name\":\"Mizuna gr\u00fcn - Go Green - Schweiz GmbH\",\"isPartOf\":{\"@id\":\"https:\\\/\\\/gogreen-schweiz.ch\\\/#website\"},\"primaryImageOfPage\":{\"@id\":\"https:\\\/\\\/gogreen-schweiz.ch\\\/product\\\/mizuna-grun\\\/#primaryimage\"},\"image\":{\"@id\":\"https:\\\/\\\/gogreen-schweiz.ch\\\/product\\\/mizuna-grun\\\/#primaryimage\"},\"thumbnailUrl\":\"https:\\\/\\\/gogreen-schweiz.ch\\\/wp-content\\\/uploads\\\/2025\\\/07\\\/Mizuna-green-1.webp\",\"datePublished\":\"2025-07-04T11:48:33+00:00\",\"dateModified\":\"2025-11-18T11:57:38+00:00\",\"description\":\"Gr\u00fcne Mizuna (auch japanischer Senfkohl) Microgreens \u2013 mild-w\u00fcrziger Geschmack, reich an Antioxidantien und Vitamin C. Ideal f\u00fcr asiatische Gerichte, Salate & Bowls. Jetzt frisch bei Go Green Schweiz!\",\"breadcrumb\":{\"@id\":\"https:\\\/\\\/gogreen-schweiz.ch\\\/product\\\/mizuna-grun\\\/#breadcrumb\"},\"inLanguage\":\"en-GB\",\"potentialAction\":[{\"@type\":\"ReadAction\",\"target\":[\"https:\\\/\\\/gogreen-schweiz.ch\\\/product\\\/mizuna-grun\\\/\"]}]},{\"@type\":\"ImageObject\",\"inLanguage\":\"en-GB\",\"@id\":\"https:\\\/\\\/gogreen-schweiz.ch\\\/product\\\/mizuna-grun\\\/#primaryimage\",\"url\":\"https:\\\/\\\/gogreen-schweiz.ch\\\/wp-content\\\/uploads\\\/2025\\\/07\\\/Mizuna-green-1.webp\",\"contentUrl\":\"https:\\\/\\\/gogreen-schweiz.ch\\\/wp-content\\\/uploads\\\/2025\\\/07\\\/Mizuna-green-1.webp\",\"width\":600,\"height\":600,\"caption\":\"Mizuna microgreens\"},{\"@type\":\"BreadcrumbList\",\"@id\":\"https:\\\/\\\/gogreen-schweiz.ch\\\/product\\\/mizuna-grun\\\/#breadcrumb\",\"itemListElement\":[{\"@type\":\"ListItem\",\"position\":1,\"name\":\"Home\",\"item\":\"https:\\\/\\\/gogreen-schweiz.ch\\\/\"},{\"@type\":\"ListItem\",\"position\":2,\"name\":\"Shop\",\"item\":\"https:\\\/\\\/gogreen-schweiz.ch\\\/shop\\\/\"},{\"@type\":\"ListItem\",\"position\":3,\"name\":\"Mizuna gr\u00fcn\"}]},{\"@type\":\"WebSite\",\"@id\":\"https:\\\/\\\/gogreen-schweiz.ch\\\/#website\",\"url\":\"https:\\\/\\\/gogreen-schweiz.ch\\\/\",\"name\":\"Go Green - Schweiz GmbH\",\"description\":\"\",\"publisher\":{\"@id\":\"https:\\\/\\\/gogreen-schweiz.ch\\\/#organization\"},\"potentialAction\":[{\"@type\":\"SearchAction\",\"target\":{\"@type\":\"EntryPoint\",\"urlTemplate\":\"https:\\\/\\\/gogreen-schweiz.ch\\\/?s={search_term_string}\"},\"query-input\":{\"@type\":\"PropertyValueSpecification\",\"valueRequired\":true,\"valueName\":\"search_term_string\"}}],\"inLanguage\":\"en-GB\"},{\"@type\":\"Organization\",\"@id\":\"https:\\\/\\\/gogreen-schweiz.ch\\\/#organization\",\"name\":\"Go Green - Schweiz GmbH\",\"url\":\"https:\\\/\\\/gogreen-schweiz.ch\\\/\",\"logo\":{\"@type\":\"ImageObject\",\"inLanguage\":\"en-GB\",\"@id\":\"https:\\\/\\\/gogreen-schweiz.ch\\\/#\\\/schema\\\/logo\\\/image\\\/\",\"url\":\"https:\\\/\\\/gogreen-schweiz.ch\\\/wp-content\\\/uploads\\\/2025\\\/07\\\/cropped-Go-Green.webp\",\"contentUrl\":\"https:\\\/\\\/gogreen-schweiz.ch\\\/wp-content\\\/uploads\\\/2025\\\/07\\\/cropped-Go-Green.webp\",\"width\":512,\"height\":512,\"caption\":\"Go Green - Schweiz GmbH\"},\"image\":{\"@id\":\"https:\\\/\\\/gogreen-schweiz.ch\\\/#\\\/schema\\\/logo\\\/image\\\/\"},\"sameAs\":[\"https:\\\/\\\/www.instagram.com\\\/gogreenschweiz\"]}]}<\/script>\n<!-- \/ Yoast SEO plugin. -->","yoast_head_json":{"title":"Mizuna gr\u00fcn - Go Green - Schweiz GmbH","description":"Gr\u00fcne Mizuna (auch japanischer Senfkohl) Microgreens \u2013 mild-w\u00fcrziger Geschmack, reich an Antioxidantien und Vitamin C. Ideal f\u00fcr asiatische Gerichte, Salate & Bowls. Jetzt frisch bei Go Green Schweiz!","robots":{"index":"index","follow":"follow","max-snippet":"max-snippet:-1","max-image-preview":"max-image-preview:large","max-video-preview":"max-video-preview:-1"},"canonical":"https:\/\/gogreen-schweiz.ch\/en\/product\/mizuna-grun\/","og_locale":"en_GB","og_type":"article","og_title":"Mizuna gr\u00fcn - Go Green - Schweiz GmbH","og_description":"Gr\u00fcne Mizuna (auch japanischer Senfkohl) Microgreens \u2013 mild-w\u00fcrziger Geschmack, reich an Antioxidantien und Vitamin C. Ideal f\u00fcr asiatische Gerichte, Salate & Bowls. Jetzt frisch bei Go Green Schweiz!","og_url":"https:\/\/gogreen-schweiz.ch\/en\/product\/mizuna-grun\/","og_site_name":"Go Green - Schweiz GmbH","article_modified_time":"2025-11-18T11:57:38+00:00","og_image":[{"width":600,"height":600,"url":"https:\/\/gogreen-schweiz.ch\/wp-content\/uploads\/2025\/07\/Mizuna-green-1.webp","type":"image\/webp"}],"twitter_card":"summary_large_image","twitter_misc":{"Estimated reading time":"1 minute"},"schema":{"@context":"https:\/\/schema.org","@graph":[{"@type":"WebPage","@id":"https:\/\/gogreen-schweiz.ch\/product\/mizuna-grun\/","url":"https:\/\/gogreen-schweiz.ch\/product\/mizuna-grun\/","name":"Mizuna gr\u00fcn - Go Green - Schweiz GmbH","isPartOf":{"@id":"https:\/\/gogreen-schweiz.ch\/#website"},"primaryImageOfPage":{"@id":"https:\/\/gogreen-schweiz.ch\/product\/mizuna-grun\/#primaryimage"},"image":{"@id":"https:\/\/gogreen-schweiz.ch\/product\/mizuna-grun\/#primaryimage"},"thumbnailUrl":"https:\/\/gogreen-schweiz.ch\/wp-content\/uploads\/2025\/07\/Mizuna-green-1.webp","datePublished":"2025-07-04T11:48:33+00:00","dateModified":"2025-11-18T11:57:38+00:00","description":"Gr\u00fcne Mizuna (auch japanischer Senfkohl) Microgreens \u2013 mild-w\u00fcrziger Geschmack, reich an Antioxidantien und Vitamin C. Ideal f\u00fcr asiatische Gerichte, Salate & Bowls. Jetzt frisch bei Go Green Schweiz!","breadcrumb":{"@id":"https:\/\/gogreen-schweiz.ch\/product\/mizuna-grun\/#breadcrumb"},"inLanguage":"en-GB","potentialAction":[{"@type":"ReadAction","target":["https:\/\/gogreen-schweiz.ch\/product\/mizuna-grun\/"]}]},{"@type":"ImageObject","inLanguage":"en-GB","@id":"https:\/\/gogreen-schweiz.ch\/product\/mizuna-grun\/#primaryimage","url":"https:\/\/gogreen-schweiz.ch\/wp-content\/uploads\/2025\/07\/Mizuna-green-1.webp","contentUrl":"https:\/\/gogreen-schweiz.ch\/wp-content\/uploads\/2025\/07\/Mizuna-green-1.webp","width":600,"height":600,"caption":"Mizuna microgreens"},{"@type":"BreadcrumbList","@id":"https:\/\/gogreen-schweiz.ch\/product\/mizuna-grun\/#breadcrumb","itemListElement":[{"@type":"ListItem","position":1,"name":"Home","item":"https:\/\/gogreen-schweiz.ch\/"},{"@type":"ListItem","position":2,"name":"Shop","item":"https:\/\/gogreen-schweiz.ch\/shop\/"},{"@type":"ListItem","position":3,"name":"Mizuna gr\u00fcn"}]},{"@type":"WebSite","@id":"https:\/\/gogreen-schweiz.ch\/#website","url":"https:\/\/gogreen-schweiz.ch\/","name":"Go Green - Schweiz GmbH","description":"","publisher":{"@id":"https:\/\/gogreen-schweiz.ch\/#organization"},"potentialAction":[{"@type":"SearchAction","target":{"@type":"EntryPoint","urlTemplate":"https:\/\/gogreen-schweiz.ch\/?s={search_term_string}"},"query-input":{"@type":"PropertyValueSpecification","valueRequired":true,"valueName":"search_term_string"}}],"inLanguage":"en-GB"},{"@type":"Organization","@id":"https:\/\/gogreen-schweiz.ch\/#organization","name":"Go Green - Schweiz GmbH","url":"https:\/\/gogreen-schweiz.ch\/","logo":{"@type":"ImageObject","inLanguage":"en-GB","@id":"https:\/\/gogreen-schweiz.ch\/#\/schema\/logo\/image\/","url":"https:\/\/gogreen-schweiz.ch\/wp-content\/uploads\/2025\/07\/cropped-Go-Green.webp","contentUrl":"https:\/\/gogreen-schweiz.ch\/wp-content\/uploads\/2025\/07\/cropped-Go-Green.webp","width":512,"height":512,"caption":"Go Green - Schweiz GmbH"},"image":{"@id":"https:\/\/gogreen-schweiz.ch\/#\/schema\/logo\/image\/"},"sameAs":["https:\/\/www.instagram.com\/gogreenschweiz"]}]}},"jetpack_sharing_enabled":true,"_links":{"self":[{"href":"https:\/\/gogreen-schweiz.ch\/en\/wp-json\/wp\/v2\/product\/453","targetHints":{"allow":["GET"]}}],"collection":[{"href":"https:\/\/gogreen-schweiz.ch\/en\/wp-json\/wp\/v2\/product"}],"about":[{"href":"https:\/\/gogreen-schweiz.ch\/en\/wp-json\/wp\/v2\/types\/product"}],"wp:featuredmedia":[{"embeddable":true,"href":"https:\/\/gogreen-schweiz.ch\/en\/wp-json\/wp\/v2\/media\/451"}],"wp:attachment":[{"href":"https:\/\/gogreen-schweiz.ch\/en\/wp-json\/wp\/v2\/media?parent=453"}],"wp:term":[{"taxonomy":"product_brand","embeddable":true,"href":"https:\/\/gogreen-schweiz.ch\/en\/wp-json\/wp\/v2\/product_brand?post=453"},{"taxonomy":"product_cat","embeddable":true,"href":"https:\/\/gogreen-schweiz.ch\/en\/wp-json\/wp\/v2\/product_cat?post=453"},{"taxonomy":"product_tag","embeddable":true,"href":"https:\/\/gogreen-schweiz.ch\/en\/wp-json\/wp\/v2\/product_tag?post=453"}],"curies":[{"name":"wp","href":"https:\/\/api.w.org\/{rel}","templated":true}]}}