{"id":454,"date":"2025-07-04T13:52:04","date_gmt":"2025-07-04T11:52:04","guid":{"rendered":"https:\/\/gogreen-schweiz.ch\/?post_type=product&#038;p=454"},"modified":"2025-11-18T13:58:30","modified_gmt":"2025-11-18T11:58:30","slug":"rote-mizuna","status":"publish","type":"product","link":"https:\/\/gogreen-schweiz.ch\/en\/product\/rote-mizuna\/","title":{"rendered":"Mizuna Rote"},"content":{"rendered":"<h3 data-start=\"477\" data-end=\"530\">\ud83c\udf3f <strong data-start=\"484\" data-end=\"530\">N\u00e4hrstoffprofil &amp; gesundheitliche Vorteile<\/strong><\/h3>\n<p data-start=\"532\" data-end=\"562\">Rote Mizuna-Mikrogr\u00fcn enth\u00e4lt:<\/p>\n<ul>\n<li data-start=\"566\" data-end=\"647\"><strong data-start=\"566\" data-end=\"587\">Vitamine A, C &amp; K<\/strong> \u2013 st\u00e4rken das Immunsystem und unterst\u00fctzen Haut &amp; Knochen<\/li>\n<li data-start=\"650\" data-end=\"716\"><strong data-start=\"650\" data-end=\"671\">Folat &amp; Magnesium<\/strong> \u2013 f\u00f6rdern Zellbildung und Muskelgesundheit<\/li>\n<li data-start=\"719\" data-end=\"809\"><strong data-start=\"719\" data-end=\"736\">Glucosinolate<\/strong> \u2013 sekund\u00e4re Pflanzenstoffe mit antioxidativer und krebshemmender Wirkung<\/li>\n<\/ul>\n<p data-start=\"811\" data-end=\"911\">Das knackige Blattgr\u00fcn \u00fcberzeugt nicht nur optisch, sondern auch funktional \u2013 ein echtes Powerpaket!<\/p>\n<h3 data-start=\"918\" data-end=\"951\">\ud83c\udf7d\ufe0f <strong data-start=\"926\" data-end=\"951\">Kulinarischer Einsatz<\/strong><\/h3>\n<p data-start=\"953\" data-end=\"974\">Perfekt geeignet f\u00fcr:<\/p>\n<ul>\n<li data-start=\"978\" data-end=\"1001\">Salate mit Farbakzent<\/li>\n<li data-start=\"1004\" data-end=\"1024\">Wraps &amp; Sandwiches<\/li>\n<li data-start=\"1027\" data-end=\"1063\">Gem\u00fcse-Bowls &amp; asiatische Gerichte<\/li>\n<li data-start=\"1066\" data-end=\"1096\">Edle Garnitur auf Hauptspeisen<\/li>\n<\/ul>\n<p data-start=\"1098\" data-end=\"1211\">\ud83d\udc49 F\u00fcr alle, die Gesundheit mit Genuss verbinden \u2013 Mizuna Red bringt Farbe, Sch\u00e4rfe und Vitalit\u00e4t auf den Teller!<\/p>\n<p data-start=\"1098\" data-end=\"1211\">\n<h2 data-start=\"803\" data-end=\"856\"><strong data-start=\"806\" data-end=\"856\">Wichtige Informationen zu frischer Microgreens<\/strong><\/h2>\n<p data-start=\"857\" data-end=\"978\">Dieses Produkt ist <strong data-start=\"876\" data-end=\"901\">nur als Vorbestellung<\/strong> erh\u00e4ltlich.<br data-start=\"913\" data-end=\"916\" \/>Die Vorbereitungszeit betr\u00e4gt etwa <strong data-start=\"951\" data-end=\"961\">7 Tage<\/strong> ab Bestelldatum.<\/p>\n<p data-start=\"980\" data-end=\"1193\">Die Lieferung von frischer Microgreens ist <strong data-start=\"1023\" data-end=\"1065\">nur in bestimmten Regionen der Schweiz<\/strong> m\u00f6glich.<br data-start=\"1074\" data-end=\"1077\" \/>Vor Ihrer Bestellung <strong data-start=\"1098\" data-end=\"1136\">empfehlen wir, uns zu kontaktieren<\/strong>, um die Lieferm\u00f6glichkeit an Ihre Adresse zu best\u00e4tigen.<\/p>\n<p data-start=\"1241\" data-end=\"1336\"><strong data-start=\"1241\" data-end=\"1336\">Vielleicht wollten Sie lyophilisierte Microgreens, <a href=\"https:\/\/gogreen-schweiz.ch\/en\/product\/mizuna-rote-samen\/\">Samen<\/a> oder <a href=\"https:\/\/gogreen-schweiz.ch\/en\/product-category\/microgreen-pulver\/\">Microgreens-Pulver<\/a> bestellen.<\/strong><\/p>","protected":false},"excerpt":{"rendered":"<p data-start=\"138\" data-end=\"470\">Diese besondere Mizuna-Sorte (auch japanischer Senfkohl) begeistert mit intensiv violett-gr\u00fcnen, gezackten Keimbl\u00e4ttern \u2013 ein echter Hingucker auf jedem Teller! Doch ihre wahre St\u00e4rke liegt in den inneren Werten: geballte Vitalstoffe und ein w\u00fcrziger Geschmack machen sie zur Superfood-K\u00f6nigin aus der Familie der Kreuzbl\u00fctler.<\/p>","protected":false},"featured_media":455,"template":"","meta":{"_coblocks_attr":"","_coblocks_dimensions":"","_coblocks_responsive_height":"","_coblocks_accordion_ie_support":"","wprm-recipe-roundup-name":"","wprm-recipe-roundup-description":""},"product_brand":[],"product_cat":[30],"product_tag":[35,43,32,27,28,34],"class_list":{"0":"post-454","1":"product","2":"type-product","3":"status-publish","4":"has-post-thumbnail","6":"product_cat-microgreen","7":"product_tag-bowl","8":"product_tag-fleisch","9":"product_tag-garnitur","10":"product_tag-salat","11":"product_tag-sandwich","12":"product_tag-wrap","13":"product_shipping_class-fresh","15":"first","16":"onbackorder","17":"taxable","18":"shipping-taxable","19":"purchasable","20":"product-type-simple"},"yoast_head":"<!-- This site is optimized with the Yoast SEO plugin v27.5 - https:\/\/yoast.com\/product\/yoast-seo-wordpress\/ -->\n<title>Mizuna Rote - Go Green - Schweiz GmbH<\/title>\n<meta name=\"description\" content=\"Rote Mizuna (auch japanischer Senfkohl) Microgreens \u2013 mild-w\u00fcrziger Geschmack, reich an Antioxidantien und Vitamin C. Ideal f\u00fcr asiatische Gerichte, Salate &amp; Bowls. Jetzt frisch bei Go Green Schweiz!\" \/>\n<meta name=\"robots\" content=\"index, follow, max-snippet:-1, max-image-preview:large, max-video-preview:-1\" \/>\n<link rel=\"canonical\" href=\"https:\/\/gogreen-schweiz.ch\/en\/product\/rote-mizuna\/\" \/>\n<meta property=\"og:locale\" content=\"en_GB\" \/>\n<meta property=\"og:type\" content=\"article\" \/>\n<meta property=\"og:title\" content=\"Mizuna Rote - Go Green - Schweiz GmbH\" \/>\n<meta property=\"og:description\" content=\"Rote Mizuna (auch japanischer Senfkohl) Microgreens \u2013 mild-w\u00fcrziger Geschmack, reich an Antioxidantien und Vitamin C. Ideal f\u00fcr asiatische Gerichte, Salate &amp; Bowls. Jetzt frisch bei Go Green Schweiz!\" \/>\n<meta property=\"og:url\" content=\"https:\/\/gogreen-schweiz.ch\/en\/product\/rote-mizuna\/\" \/>\n<meta property=\"og:site_name\" content=\"Go Green - Schweiz GmbH\" \/>\n<meta property=\"article:modified_time\" content=\"2025-11-18T11:58:30+00:00\" \/>\n<meta property=\"og:image\" content=\"https:\/\/gogreen-schweiz.ch\/wp-content\/uploads\/2025\/07\/Mizuna-red-1.webp\" \/>\n\t<meta property=\"og:image:width\" content=\"600\" \/>\n\t<meta property=\"og:image:height\" content=\"600\" \/>\n\t<meta property=\"og:image:type\" content=\"image\/webp\" \/>\n<meta name=\"twitter:card\" content=\"summary_large_image\" \/>\n<meta name=\"twitter:label1\" content=\"Estimated reading time\" \/>\n\t<meta name=\"twitter:data1\" content=\"1 minute\" \/>\n<script type=\"application\/ld+json\" class=\"yoast-schema-graph\">{\"@context\":\"https:\\\/\\\/schema.org\",\"@graph\":[{\"@type\":\"WebPage\",\"@id\":\"https:\\\/\\\/gogreen-schweiz.ch\\\/product\\\/rote-mizuna\\\/\",\"url\":\"https:\\\/\\\/gogreen-schweiz.ch\\\/product\\\/rote-mizuna\\\/\",\"name\":\"Mizuna Rote - Go Green - Schweiz GmbH\",\"isPartOf\":{\"@id\":\"https:\\\/\\\/gogreen-schweiz.ch\\\/#website\"},\"primaryImageOfPage\":{\"@id\":\"https:\\\/\\\/gogreen-schweiz.ch\\\/product\\\/rote-mizuna\\\/#primaryimage\"},\"image\":{\"@id\":\"https:\\\/\\\/gogreen-schweiz.ch\\\/product\\\/rote-mizuna\\\/#primaryimage\"},\"thumbnailUrl\":\"https:\\\/\\\/gogreen-schweiz.ch\\\/wp-content\\\/uploads\\\/2025\\\/07\\\/Mizuna-red-1.webp\",\"datePublished\":\"2025-07-04T11:52:04+00:00\",\"dateModified\":\"2025-11-18T11:58:30+00:00\",\"description\":\"Rote Mizuna (auch japanischer Senfkohl) Microgreens \u2013 mild-w\u00fcrziger Geschmack, reich an Antioxidantien und Vitamin C. Ideal f\u00fcr asiatische Gerichte, Salate & Bowls. Jetzt frisch bei Go Green Schweiz!\",\"breadcrumb\":{\"@id\":\"https:\\\/\\\/gogreen-schweiz.ch\\\/product\\\/rote-mizuna\\\/#breadcrumb\"},\"inLanguage\":\"en-GB\",\"potentialAction\":[{\"@type\":\"ReadAction\",\"target\":[\"https:\\\/\\\/gogreen-schweiz.ch\\\/product\\\/rote-mizuna\\\/\"]}]},{\"@type\":\"ImageObject\",\"inLanguage\":\"en-GB\",\"@id\":\"https:\\\/\\\/gogreen-schweiz.ch\\\/product\\\/rote-mizuna\\\/#primaryimage\",\"url\":\"https:\\\/\\\/gogreen-schweiz.ch\\\/wp-content\\\/uploads\\\/2025\\\/07\\\/Mizuna-red-1.webp\",\"contentUrl\":\"https:\\\/\\\/gogreen-schweiz.ch\\\/wp-content\\\/uploads\\\/2025\\\/07\\\/Mizuna-red-1.webp\",\"width\":600,\"height\":600,\"caption\":\"Mizuna microgreens\"},{\"@type\":\"BreadcrumbList\",\"@id\":\"https:\\\/\\\/gogreen-schweiz.ch\\\/product\\\/rote-mizuna\\\/#breadcrumb\",\"itemListElement\":[{\"@type\":\"ListItem\",\"position\":1,\"name\":\"Home\",\"item\":\"https:\\\/\\\/gogreen-schweiz.ch\\\/\"},{\"@type\":\"ListItem\",\"position\":2,\"name\":\"Shop\",\"item\":\"https:\\\/\\\/gogreen-schweiz.ch\\\/shop\\\/\"},{\"@type\":\"ListItem\",\"position\":3,\"name\":\"Mizuna Rote\"}]},{\"@type\":\"WebSite\",\"@id\":\"https:\\\/\\\/gogreen-schweiz.ch\\\/#website\",\"url\":\"https:\\\/\\\/gogreen-schweiz.ch\\\/\",\"name\":\"Go Green - Schweiz GmbH\",\"description\":\"\",\"publisher\":{\"@id\":\"https:\\\/\\\/gogreen-schweiz.ch\\\/#organization\"},\"potentialAction\":[{\"@type\":\"SearchAction\",\"target\":{\"@type\":\"EntryPoint\",\"urlTemplate\":\"https:\\\/\\\/gogreen-schweiz.ch\\\/?s={search_term_string}\"},\"query-input\":{\"@type\":\"PropertyValueSpecification\",\"valueRequired\":true,\"valueName\":\"search_term_string\"}}],\"inLanguage\":\"en-GB\"},{\"@type\":\"Organization\",\"@id\":\"https:\\\/\\\/gogreen-schweiz.ch\\\/#organization\",\"name\":\"Go Green - Schweiz GmbH\",\"url\":\"https:\\\/\\\/gogreen-schweiz.ch\\\/\",\"logo\":{\"@type\":\"ImageObject\",\"inLanguage\":\"en-GB\",\"@id\":\"https:\\\/\\\/gogreen-schweiz.ch\\\/#\\\/schema\\\/logo\\\/image\\\/\",\"url\":\"https:\\\/\\\/gogreen-schweiz.ch\\\/wp-content\\\/uploads\\\/2025\\\/07\\\/cropped-Go-Green.webp\",\"contentUrl\":\"https:\\\/\\\/gogreen-schweiz.ch\\\/wp-content\\\/uploads\\\/2025\\\/07\\\/cropped-Go-Green.webp\",\"width\":512,\"height\":512,\"caption\":\"Go Green - Schweiz GmbH\"},\"image\":{\"@id\":\"https:\\\/\\\/gogreen-schweiz.ch\\\/#\\\/schema\\\/logo\\\/image\\\/\"},\"sameAs\":[\"https:\\\/\\\/www.instagram.com\\\/gogreenschweiz\"]}]}<\/script>\n<!-- \/ Yoast SEO plugin. -->","yoast_head_json":{"title":"Mizuna Rote - Go Green - Schweiz GmbH","description":"Rote Mizuna (auch japanischer Senfkohl) Microgreens \u2013 mild-w\u00fcrziger Geschmack, reich an Antioxidantien und Vitamin C. Ideal f\u00fcr asiatische Gerichte, Salate & Bowls. Jetzt frisch bei Go Green Schweiz!","robots":{"index":"index","follow":"follow","max-snippet":"max-snippet:-1","max-image-preview":"max-image-preview:large","max-video-preview":"max-video-preview:-1"},"canonical":"https:\/\/gogreen-schweiz.ch\/en\/product\/rote-mizuna\/","og_locale":"en_GB","og_type":"article","og_title":"Mizuna Rote - Go Green - Schweiz GmbH","og_description":"Rote Mizuna (auch japanischer Senfkohl) Microgreens \u2013 mild-w\u00fcrziger Geschmack, reich an Antioxidantien und Vitamin C. Ideal f\u00fcr asiatische Gerichte, Salate & Bowls. Jetzt frisch bei Go Green Schweiz!","og_url":"https:\/\/gogreen-schweiz.ch\/en\/product\/rote-mizuna\/","og_site_name":"Go Green - Schweiz GmbH","article_modified_time":"2025-11-18T11:58:30+00:00","og_image":[{"width":600,"height":600,"url":"https:\/\/gogreen-schweiz.ch\/wp-content\/uploads\/2025\/07\/Mizuna-red-1.webp","type":"image\/webp"}],"twitter_card":"summary_large_image","twitter_misc":{"Estimated reading time":"1 minute"},"schema":{"@context":"https:\/\/schema.org","@graph":[{"@type":"WebPage","@id":"https:\/\/gogreen-schweiz.ch\/product\/rote-mizuna\/","url":"https:\/\/gogreen-schweiz.ch\/product\/rote-mizuna\/","name":"Mizuna Rote - Go Green - Schweiz GmbH","isPartOf":{"@id":"https:\/\/gogreen-schweiz.ch\/#website"},"primaryImageOfPage":{"@id":"https:\/\/gogreen-schweiz.ch\/product\/rote-mizuna\/#primaryimage"},"image":{"@id":"https:\/\/gogreen-schweiz.ch\/product\/rote-mizuna\/#primaryimage"},"thumbnailUrl":"https:\/\/gogreen-schweiz.ch\/wp-content\/uploads\/2025\/07\/Mizuna-red-1.webp","datePublished":"2025-07-04T11:52:04+00:00","dateModified":"2025-11-18T11:58:30+00:00","description":"Rote Mizuna (auch japanischer Senfkohl) Microgreens \u2013 mild-w\u00fcrziger Geschmack, reich an Antioxidantien und Vitamin C. Ideal f\u00fcr asiatische Gerichte, Salate & Bowls. Jetzt frisch bei Go Green Schweiz!","breadcrumb":{"@id":"https:\/\/gogreen-schweiz.ch\/product\/rote-mizuna\/#breadcrumb"},"inLanguage":"en-GB","potentialAction":[{"@type":"ReadAction","target":["https:\/\/gogreen-schweiz.ch\/product\/rote-mizuna\/"]}]},{"@type":"ImageObject","inLanguage":"en-GB","@id":"https:\/\/gogreen-schweiz.ch\/product\/rote-mizuna\/#primaryimage","url":"https:\/\/gogreen-schweiz.ch\/wp-content\/uploads\/2025\/07\/Mizuna-red-1.webp","contentUrl":"https:\/\/gogreen-schweiz.ch\/wp-content\/uploads\/2025\/07\/Mizuna-red-1.webp","width":600,"height":600,"caption":"Mizuna microgreens"},{"@type":"BreadcrumbList","@id":"https:\/\/gogreen-schweiz.ch\/product\/rote-mizuna\/#breadcrumb","itemListElement":[{"@type":"ListItem","position":1,"name":"Home","item":"https:\/\/gogreen-schweiz.ch\/"},{"@type":"ListItem","position":2,"name":"Shop","item":"https:\/\/gogreen-schweiz.ch\/shop\/"},{"@type":"ListItem","position":3,"name":"Mizuna Rote"}]},{"@type":"WebSite","@id":"https:\/\/gogreen-schweiz.ch\/#website","url":"https:\/\/gogreen-schweiz.ch\/","name":"Go Green - Schweiz GmbH","description":"","publisher":{"@id":"https:\/\/gogreen-schweiz.ch\/#organization"},"potentialAction":[{"@type":"SearchAction","target":{"@type":"EntryPoint","urlTemplate":"https:\/\/gogreen-schweiz.ch\/?s={search_term_string}"},"query-input":{"@type":"PropertyValueSpecification","valueRequired":true,"valueName":"search_term_string"}}],"inLanguage":"en-GB"},{"@type":"Organization","@id":"https:\/\/gogreen-schweiz.ch\/#organization","name":"Go Green - Schweiz GmbH","url":"https:\/\/gogreen-schweiz.ch\/","logo":{"@type":"ImageObject","inLanguage":"en-GB","@id":"https:\/\/gogreen-schweiz.ch\/#\/schema\/logo\/image\/","url":"https:\/\/gogreen-schweiz.ch\/wp-content\/uploads\/2025\/07\/cropped-Go-Green.webp","contentUrl":"https:\/\/gogreen-schweiz.ch\/wp-content\/uploads\/2025\/07\/cropped-Go-Green.webp","width":512,"height":512,"caption":"Go Green - Schweiz GmbH"},"image":{"@id":"https:\/\/gogreen-schweiz.ch\/#\/schema\/logo\/image\/"},"sameAs":["https:\/\/www.instagram.com\/gogreenschweiz"]}]}},"jetpack_sharing_enabled":true,"_links":{"self":[{"href":"https:\/\/gogreen-schweiz.ch\/en\/wp-json\/wp\/v2\/product\/454","targetHints":{"allow":["GET"]}}],"collection":[{"href":"https:\/\/gogreen-schweiz.ch\/en\/wp-json\/wp\/v2\/product"}],"about":[{"href":"https:\/\/gogreen-schweiz.ch\/en\/wp-json\/wp\/v2\/types\/product"}],"wp:featuredmedia":[{"embeddable":true,"href":"https:\/\/gogreen-schweiz.ch\/en\/wp-json\/wp\/v2\/media\/455"}],"wp:attachment":[{"href":"https:\/\/gogreen-schweiz.ch\/en\/wp-json\/wp\/v2\/media?parent=454"}],"wp:term":[{"taxonomy":"product_brand","embeddable":true,"href":"https:\/\/gogreen-schweiz.ch\/en\/wp-json\/wp\/v2\/product_brand?post=454"},{"taxonomy":"product_cat","embeddable":true,"href":"https:\/\/gogreen-schweiz.ch\/en\/wp-json\/wp\/v2\/product_cat?post=454"},{"taxonomy":"product_tag","embeddable":true,"href":"https:\/\/gogreen-schweiz.ch\/en\/wp-json\/wp\/v2\/product_tag?post=454"}],"curies":[{"name":"wp","href":"https:\/\/api.w.org\/{rel}","templated":true}]}}