{"id":481,"date":"2025-07-05T16:06:08","date_gmt":"2025-07-05T14:06:08","guid":{"rendered":"https:\/\/gogreen-schweiz.ch\/?post_type=product&#038;p=481"},"modified":"2025-11-18T13:59:38","modified_gmt":"2025-11-18T11:59:38","slug":"bio-sonnenblumen","status":"publish","type":"product","link":"https:\/\/gogreen-schweiz.ch\/en\/product\/bio-sonnenblumen\/","title":{"rendered":"Sonnenblumen BIO"},"content":{"rendered":"<h3 data-start=\"582\" data-end=\"618\">\ud83e\udd57 <strong data-start=\"589\" data-end=\"618\">Kulinarischer Allesk\u00f6nner<\/strong><\/h3>\n<p data-start=\"619\" data-end=\"790\">Genie\u00dfen Sie BIO Sonnenblumen-Microgreens roh f\u00fcr maximale N\u00e4hrstoffdichte oder f\u00fcgen Sie sie kurz vor dem Servieren warmen Gerichten hinzu. Sie harmonieren wunderbar mit:<\/p>\n<ul>\n<li data-start=\"793\" data-end=\"823\">Pasta-Salaten &amp; Buddha Bowls<\/li>\n<li data-start=\"826\" data-end=\"856\">Omeletts oder Avocado-Toasts<\/li>\n<li data-start=\"859\" data-end=\"885\">Sushi-Rollen, Dips &amp; Tacos<\/li>\n<\/ul>\n<h3 data-start=\"887\" data-end=\"925\">\ud83c\udf3f <strong data-start=\"894\" data-end=\"925\">N\u00e4hrstoffprofil (pro 100 g)<\/strong><\/h3>\n<ul>\n<li data-start=\"928\" data-end=\"947\">Kalorien: 28 kcal<\/li>\n<li data-start=\"950\" data-end=\"981\">Eisen: 180\u202f% des Tagesbedarfs<\/li>\n<li data-start=\"984\" data-end=\"998\">Kalzium: 8\u202f%<\/li>\n<li data-start=\"1001\" data-end=\"1021\">Ballaststoffe: 8\u202f%<\/li>\n<li data-start=\"1024\" data-end=\"1038\">Natrium: 1\u202f%<\/li>\n<li data-start=\"1041\" data-end=\"1094\">Enth\u00e4lt auch: Vitamin A, B, D, E, Phosphor, Magnesium<\/li>\n<\/ul>\n<h3 data-start=\"1096\" data-end=\"1157\">\ud83d\udcaa <strong data-start=\"1103\" data-end=\"1157\">Gesundheitsvorteile von BIO Sonnenblumen-Mikrogr\u00fcn<\/strong><\/h3>\n<p data-start=\"1158\" data-end=\"1203\">Diese kleinen Bl\u00e4tter sind echte Kraftpakete:<\/p>\n<ul>\n<li data-start=\"1206\" data-end=\"1277\"><strong data-start=\"1206\" data-end=\"1241\">Reich an Vitaminen &amp; Mineralien<\/strong> (v.\u202fa. Vitamin E, Magnesium, Selen)<\/li>\n<li data-start=\"1280\" data-end=\"1335\"><strong data-start=\"1280\" data-end=\"1305\">F\u00f6rdern die Verdauung<\/strong> dank wertvoller Ballaststoffe<\/li>\n<li data-start=\"1338\" data-end=\"1391\"><strong data-start=\"1338\" data-end=\"1365\">St\u00e4rken das Immunsystem<\/strong> &amp; beugen Entz\u00fcndungen vor<\/li>\n<li data-start=\"1394\" data-end=\"1482\"><strong data-start=\"1394\" data-end=\"1428\">Gut f\u00fcr Haut, Herz und Knochen<\/strong> \u2013 mit Antioxidantien und essentiellen Spurenelementen<\/li>\n<li data-start=\"1485\" data-end=\"1540\"><strong data-start=\"1485\" data-end=\"1517\">Reich an pflanzlichem Eiweiss<\/strong>\u00a0f\u00fcr Muskelregeneration<\/li>\n<li data-start=\"1543\" data-end=\"1613\"><strong data-start=\"1543\" data-end=\"1582\">Unterst\u00fctzen das Gewichtsmanagement<\/strong> \u2013 n\u00e4hrstoffreich &amp; kalorienarm<\/li>\n<\/ul>\n<p>&nbsp;<\/p>\n<h2 data-start=\"803\" data-end=\"856\"><strong data-start=\"806\" data-end=\"856\">Wichtige Informationen zu frischer Microgreens<\/strong><\/h2>\n<p data-start=\"857\" data-end=\"978\">Dieses Produkt ist <strong data-start=\"876\" data-end=\"901\">nur als Vorbestellung<\/strong> erh\u00e4ltlich.<br data-start=\"913\" data-end=\"916\" \/>Die Vorbereitungszeit betr\u00e4gt etwa <strong data-start=\"951\" data-end=\"961\">7 Tage<\/strong> ab Bestelldatum.<\/p>\n<p data-start=\"980\" data-end=\"1193\">Die Lieferung von frischer Microgreens ist <strong data-start=\"1023\" data-end=\"1065\">nur in bestimmten Regionen der Schweiz<\/strong> m\u00f6glich.<br data-start=\"1074\" data-end=\"1077\" \/>Vor Ihrer Bestellung <strong data-start=\"1098\" data-end=\"1136\">empfehlen wir, uns zu kontaktieren<\/strong>, um die Lieferm\u00f6glichkeit an Ihre Adresse zu best\u00e4tigen.<\/p>\n<p data-start=\"1241\" data-end=\"1336\"><strong data-start=\"1241\" data-end=\"1336\">Vielleicht wollten Sie lyophilisierte Microgreens, <a href=\"https:\/\/gogreen-schweiz.ch\/en\/product\/sonnenblumen-samen\/\">Samen<\/a> oder <a href=\"https:\/\/gogreen-schweiz.ch\/en\/product\/sonnenblumen-pulver\/\">Microgreens-Pulver<\/a> bestellen.<\/strong><\/p>","protected":false},"excerpt":{"rendered":"<p><strong data-start=\"257\" data-end=\"283\">Sonnenblumen-Mikrogr\u00fcn<\/strong> aus kontrolliert biologischem Anbau begeistert mit einem mild-nussigen Geschmack und frischem Biss \u2013 perfekt als Superfood in Ihrer K\u00fcche! Ob in Salaten, Sandwiches, Smoothies oder als Topping f\u00fcr Bowls, Suppen und Aufl\u00e4ufe \u2013 diese Microgreens bringen Frische, Textur und Vitamine auf den Teller.<\/p>","protected":false},"featured_media":477,"template":"","meta":{"_coblocks_attr":"","_coblocks_dimensions":"","_coblocks_responsive_height":"","_coblocks_accordion_ie_support":"","wprm-recipe-roundup-name":"","wprm-recipe-roundup-description":""},"product_brand":[],"product_cat":[30],"product_tag":[35,40,38,50,27,39],"class_list":{"0":"post-481","1":"product","2":"type-product","3":"status-publish","4":"has-post-thumbnail","6":"product_cat-microgreen","7":"product_tag-bowl","8":"product_tag-dips","9":"product_tag-eier","10":"product_tag-pasta","11":"product_tag-salat","12":"product_tag-sushi","13":"product_shipping_class-fresh","15":"first","16":"onbackorder","17":"taxable","18":"shipping-taxable","19":"purchasable","20":"product-type-simple"},"yoast_head":"<!-- This site is optimized with the Yoast SEO plugin v27.5 - https:\/\/yoast.com\/product\/yoast-seo-wordpress\/ -->\n<title>Sonnenblumen BIO - Go Green - Schweiz GmbH<\/title>\n<meta name=\"description\" content=\"Bio Microgreens kaufen Schweiz, Sonnenblumen Microgreens, Microgreens Eisen, Superfood gesund, Microgreens Kalorienarm, Pflanzenprotein vegan, Bio Vitamin E Quelle, Microgreens online bestellen\" \/>\n<meta name=\"robots\" content=\"index, follow, max-snippet:-1, max-image-preview:large, max-video-preview:-1\" \/>\n<link rel=\"canonical\" href=\"https:\/\/gogreen-schweiz.ch\/en\/product\/bio-sonnenblumen\/\" \/>\n<meta property=\"og:locale\" content=\"en_GB\" \/>\n<meta property=\"og:type\" content=\"article\" \/>\n<meta property=\"og:title\" content=\"Sonnenblumen BIO - Go Green - Schweiz GmbH\" \/>\n<meta property=\"og:description\" content=\"Bio Microgreens kaufen Schweiz, Sonnenblumen Microgreens, Microgreens Eisen, Superfood gesund, Microgreens Kalorienarm, Pflanzenprotein vegan, Bio Vitamin E Quelle, Microgreens online bestellen\" \/>\n<meta property=\"og:url\" content=\"https:\/\/gogreen-schweiz.ch\/en\/product\/bio-sonnenblumen\/\" \/>\n<meta property=\"og:site_name\" content=\"Go Green - Schweiz GmbH\" \/>\n<meta property=\"article:modified_time\" content=\"2025-11-18T11:59:38+00:00\" \/>\n<meta property=\"og:image\" content=\"https:\/\/gogreen-schweiz.ch\/wp-content\/uploads\/2025\/07\/sunflower-1.webp\" \/>\n\t<meta property=\"og:image:width\" content=\"600\" \/>\n\t<meta property=\"og:image:height\" content=\"600\" \/>\n\t<meta property=\"og:image:type\" content=\"image\/webp\" \/>\n<meta name=\"twitter:card\" content=\"summary_large_image\" \/>\n<meta name=\"twitter:label1\" content=\"Estimated reading time\" \/>\n\t<meta name=\"twitter:data1\" content=\"2 minutes\" \/>\n<script type=\"application\/ld+json\" class=\"yoast-schema-graph\">{\"@context\":\"https:\\\/\\\/schema.org\",\"@graph\":[{\"@type\":\"WebPage\",\"@id\":\"https:\\\/\\\/gogreen-schweiz.ch\\\/product\\\/bio-sonnenblumen\\\/\",\"url\":\"https:\\\/\\\/gogreen-schweiz.ch\\\/product\\\/bio-sonnenblumen\\\/\",\"name\":\"Sonnenblumen BIO - Go Green - Schweiz GmbH\",\"isPartOf\":{\"@id\":\"https:\\\/\\\/gogreen-schweiz.ch\\\/#website\"},\"primaryImageOfPage\":{\"@id\":\"https:\\\/\\\/gogreen-schweiz.ch\\\/product\\\/bio-sonnenblumen\\\/#primaryimage\"},\"image\":{\"@id\":\"https:\\\/\\\/gogreen-schweiz.ch\\\/product\\\/bio-sonnenblumen\\\/#primaryimage\"},\"thumbnailUrl\":\"https:\\\/\\\/gogreen-schweiz.ch\\\/wp-content\\\/uploads\\\/2025\\\/07\\\/sunflower-1.webp\",\"datePublished\":\"2025-07-05T14:06:08+00:00\",\"dateModified\":\"2025-11-18T11:59:38+00:00\",\"description\":\"Bio Microgreens kaufen Schweiz, Sonnenblumen Microgreens, Microgreens Eisen, Superfood gesund, Microgreens Kalorienarm, Pflanzenprotein vegan, Bio Vitamin E Quelle, Microgreens online bestellen\",\"breadcrumb\":{\"@id\":\"https:\\\/\\\/gogreen-schweiz.ch\\\/product\\\/bio-sonnenblumen\\\/#breadcrumb\"},\"inLanguage\":\"en-GB\",\"potentialAction\":[{\"@type\":\"ReadAction\",\"target\":[\"https:\\\/\\\/gogreen-schweiz.ch\\\/product\\\/bio-sonnenblumen\\\/\"]}]},{\"@type\":\"ImageObject\",\"inLanguage\":\"en-GB\",\"@id\":\"https:\\\/\\\/gogreen-schweiz.ch\\\/product\\\/bio-sonnenblumen\\\/#primaryimage\",\"url\":\"https:\\\/\\\/gogreen-schweiz.ch\\\/wp-content\\\/uploads\\\/2025\\\/07\\\/sunflower-1.webp\",\"contentUrl\":\"https:\\\/\\\/gogreen-schweiz.ch\\\/wp-content\\\/uploads\\\/2025\\\/07\\\/sunflower-1.webp\",\"width\":600,\"height\":600,\"caption\":\"Sonnenblumen microgreens\"},{\"@type\":\"BreadcrumbList\",\"@id\":\"https:\\\/\\\/gogreen-schweiz.ch\\\/product\\\/bio-sonnenblumen\\\/#breadcrumb\",\"itemListElement\":[{\"@type\":\"ListItem\",\"position\":1,\"name\":\"Home\",\"item\":\"https:\\\/\\\/gogreen-schweiz.ch\\\/\"},{\"@type\":\"ListItem\",\"position\":2,\"name\":\"Shop\",\"item\":\"https:\\\/\\\/gogreen-schweiz.ch\\\/shop\\\/\"},{\"@type\":\"ListItem\",\"position\":3,\"name\":\"Sonnenblumen BIO\"}]},{\"@type\":\"WebSite\",\"@id\":\"https:\\\/\\\/gogreen-schweiz.ch\\\/#website\",\"url\":\"https:\\\/\\\/gogreen-schweiz.ch\\\/\",\"name\":\"Go Green - Schweiz GmbH\",\"description\":\"\",\"publisher\":{\"@id\":\"https:\\\/\\\/gogreen-schweiz.ch\\\/#organization\"},\"potentialAction\":[{\"@type\":\"SearchAction\",\"target\":{\"@type\":\"EntryPoint\",\"urlTemplate\":\"https:\\\/\\\/gogreen-schweiz.ch\\\/?s={search_term_string}\"},\"query-input\":{\"@type\":\"PropertyValueSpecification\",\"valueRequired\":true,\"valueName\":\"search_term_string\"}}],\"inLanguage\":\"en-GB\"},{\"@type\":\"Organization\",\"@id\":\"https:\\\/\\\/gogreen-schweiz.ch\\\/#organization\",\"name\":\"Go Green - Schweiz GmbH\",\"url\":\"https:\\\/\\\/gogreen-schweiz.ch\\\/\",\"logo\":{\"@type\":\"ImageObject\",\"inLanguage\":\"en-GB\",\"@id\":\"https:\\\/\\\/gogreen-schweiz.ch\\\/#\\\/schema\\\/logo\\\/image\\\/\",\"url\":\"https:\\\/\\\/gogreen-schweiz.ch\\\/wp-content\\\/uploads\\\/2025\\\/07\\\/cropped-Go-Green.webp\",\"contentUrl\":\"https:\\\/\\\/gogreen-schweiz.ch\\\/wp-content\\\/uploads\\\/2025\\\/07\\\/cropped-Go-Green.webp\",\"width\":512,\"height\":512,\"caption\":\"Go Green - Schweiz GmbH\"},\"image\":{\"@id\":\"https:\\\/\\\/gogreen-schweiz.ch\\\/#\\\/schema\\\/logo\\\/image\\\/\"},\"sameAs\":[\"https:\\\/\\\/www.instagram.com\\\/gogreenschweiz\"]}]}<\/script>\n<!-- \/ Yoast SEO plugin. -->","yoast_head_json":{"title":"Sonnenblumen BIO - Go Green - Schweiz GmbH","description":"Bio Microgreens kaufen Schweiz, Sonnenblumen Microgreens, Microgreens Eisen, Superfood gesund, Microgreens Kalorienarm, Pflanzenprotein vegan, Bio Vitamin E Quelle, Microgreens online bestellen","robots":{"index":"index","follow":"follow","max-snippet":"max-snippet:-1","max-image-preview":"max-image-preview:large","max-video-preview":"max-video-preview:-1"},"canonical":"https:\/\/gogreen-schweiz.ch\/en\/product\/bio-sonnenblumen\/","og_locale":"en_GB","og_type":"article","og_title":"Sonnenblumen BIO - Go Green - Schweiz GmbH","og_description":"Bio Microgreens kaufen Schweiz, Sonnenblumen Microgreens, Microgreens Eisen, Superfood gesund, Microgreens Kalorienarm, Pflanzenprotein vegan, Bio Vitamin E Quelle, Microgreens online bestellen","og_url":"https:\/\/gogreen-schweiz.ch\/en\/product\/bio-sonnenblumen\/","og_site_name":"Go Green - Schweiz GmbH","article_modified_time":"2025-11-18T11:59:38+00:00","og_image":[{"width":600,"height":600,"url":"https:\/\/gogreen-schweiz.ch\/wp-content\/uploads\/2025\/07\/sunflower-1.webp","type":"image\/webp"}],"twitter_card":"summary_large_image","twitter_misc":{"Estimated reading time":"2 minutes"},"schema":{"@context":"https:\/\/schema.org","@graph":[{"@type":"WebPage","@id":"https:\/\/gogreen-schweiz.ch\/product\/bio-sonnenblumen\/","url":"https:\/\/gogreen-schweiz.ch\/product\/bio-sonnenblumen\/","name":"Sonnenblumen BIO - Go Green - Schweiz GmbH","isPartOf":{"@id":"https:\/\/gogreen-schweiz.ch\/#website"},"primaryImageOfPage":{"@id":"https:\/\/gogreen-schweiz.ch\/product\/bio-sonnenblumen\/#primaryimage"},"image":{"@id":"https:\/\/gogreen-schweiz.ch\/product\/bio-sonnenblumen\/#primaryimage"},"thumbnailUrl":"https:\/\/gogreen-schweiz.ch\/wp-content\/uploads\/2025\/07\/sunflower-1.webp","datePublished":"2025-07-05T14:06:08+00:00","dateModified":"2025-11-18T11:59:38+00:00","description":"Bio Microgreens kaufen Schweiz, Sonnenblumen Microgreens, Microgreens Eisen, Superfood gesund, Microgreens Kalorienarm, Pflanzenprotein vegan, Bio Vitamin E Quelle, Microgreens online bestellen","breadcrumb":{"@id":"https:\/\/gogreen-schweiz.ch\/product\/bio-sonnenblumen\/#breadcrumb"},"inLanguage":"en-GB","potentialAction":[{"@type":"ReadAction","target":["https:\/\/gogreen-schweiz.ch\/product\/bio-sonnenblumen\/"]}]},{"@type":"ImageObject","inLanguage":"en-GB","@id":"https:\/\/gogreen-schweiz.ch\/product\/bio-sonnenblumen\/#primaryimage","url":"https:\/\/gogreen-schweiz.ch\/wp-content\/uploads\/2025\/07\/sunflower-1.webp","contentUrl":"https:\/\/gogreen-schweiz.ch\/wp-content\/uploads\/2025\/07\/sunflower-1.webp","width":600,"height":600,"caption":"Sonnenblumen microgreens"},{"@type":"BreadcrumbList","@id":"https:\/\/gogreen-schweiz.ch\/product\/bio-sonnenblumen\/#breadcrumb","itemListElement":[{"@type":"ListItem","position":1,"name":"Home","item":"https:\/\/gogreen-schweiz.ch\/"},{"@type":"ListItem","position":2,"name":"Shop","item":"https:\/\/gogreen-schweiz.ch\/shop\/"},{"@type":"ListItem","position":3,"name":"Sonnenblumen BIO"}]},{"@type":"WebSite","@id":"https:\/\/gogreen-schweiz.ch\/#website","url":"https:\/\/gogreen-schweiz.ch\/","name":"Go Green - Schweiz GmbH","description":"","publisher":{"@id":"https:\/\/gogreen-schweiz.ch\/#organization"},"potentialAction":[{"@type":"SearchAction","target":{"@type":"EntryPoint","urlTemplate":"https:\/\/gogreen-schweiz.ch\/?s={search_term_string}"},"query-input":{"@type":"PropertyValueSpecification","valueRequired":true,"valueName":"search_term_string"}}],"inLanguage":"en-GB"},{"@type":"Organization","@id":"https:\/\/gogreen-schweiz.ch\/#organization","name":"Go Green - Schweiz GmbH","url":"https:\/\/gogreen-schweiz.ch\/","logo":{"@type":"ImageObject","inLanguage":"en-GB","@id":"https:\/\/gogreen-schweiz.ch\/#\/schema\/logo\/image\/","url":"https:\/\/gogreen-schweiz.ch\/wp-content\/uploads\/2025\/07\/cropped-Go-Green.webp","contentUrl":"https:\/\/gogreen-schweiz.ch\/wp-content\/uploads\/2025\/07\/cropped-Go-Green.webp","width":512,"height":512,"caption":"Go Green - Schweiz GmbH"},"image":{"@id":"https:\/\/gogreen-schweiz.ch\/#\/schema\/logo\/image\/"},"sameAs":["https:\/\/www.instagram.com\/gogreenschweiz"]}]}},"jetpack_sharing_enabled":true,"_links":{"self":[{"href":"https:\/\/gogreen-schweiz.ch\/en\/wp-json\/wp\/v2\/product\/481","targetHints":{"allow":["GET"]}}],"collection":[{"href":"https:\/\/gogreen-schweiz.ch\/en\/wp-json\/wp\/v2\/product"}],"about":[{"href":"https:\/\/gogreen-schweiz.ch\/en\/wp-json\/wp\/v2\/types\/product"}],"wp:featuredmedia":[{"embeddable":true,"href":"https:\/\/gogreen-schweiz.ch\/en\/wp-json\/wp\/v2\/media\/477"}],"wp:attachment":[{"href":"https:\/\/gogreen-schweiz.ch\/en\/wp-json\/wp\/v2\/media?parent=481"}],"wp:term":[{"taxonomy":"product_brand","embeddable":true,"href":"https:\/\/gogreen-schweiz.ch\/en\/wp-json\/wp\/v2\/product_brand?post=481"},{"taxonomy":"product_cat","embeddable":true,"href":"https:\/\/gogreen-schweiz.ch\/en\/wp-json\/wp\/v2\/product_cat?post=481"},{"taxonomy":"product_tag","embeddable":true,"href":"https:\/\/gogreen-schweiz.ch\/en\/wp-json\/wp\/v2\/product_tag?post=481"}],"curies":[{"name":"wp","href":"https:\/\/api.w.org\/{rel}","templated":true}]}}