{"id":482,"date":"2025-07-05T16:12:44","date_gmt":"2025-07-05T14:12:44","guid":{"rendered":"https:\/\/gogreen-schweiz.ch\/?post_type=product&#038;p=482"},"modified":"2025-11-18T14:01:22","modified_gmt":"2025-11-18T12:01:22","slug":"zwiebel-microgreens-barbra","status":"publish","type":"product","link":"https:\/\/gogreen-schweiz.ch\/en\/product\/zwiebel-microgreens-barbra\/","title":{"rendered":"Zwiebel &#8222;Barbra&#8220;"},"content":{"rendered":"<h3 data-start=\"525\" data-end=\"562\">\ud83c\udf3f <strong data-start=\"532\" data-end=\"562\">Vorteile &amp; N\u00e4hrstoffprofil<\/strong><\/h3>\n<p data-start=\"563\" data-end=\"657\">Diese Microgreens sind nicht nur k\u00f6stlich, sondern auch ein wahres <strong data-start=\"630\" data-end=\"656\">Immunbooster-Superfood<\/strong>:<\/p>\n<ul>\n<li data-start=\"660\" data-end=\"682\"><strong data-start=\"660\" data-end=\"682\">Reich an Vitamin C<\/strong><\/li>\n<li data-start=\"685\" data-end=\"745\"><strong data-start=\"685\" data-end=\"714\">Bakterienhemmende Wirkung<\/strong> \u2013 bekannt aus der Volksmedizin<\/li>\n<li data-start=\"748\" data-end=\"814\"><strong data-start=\"748\" data-end=\"814\">Hilfreich bei Erk\u00e4ltungen, zur Immunst\u00e4rkung &amp; als Katermittel<\/strong><\/li>\n<\/ul>\n<p data-start=\"816\" data-end=\"826\">Ideal f\u00fcr:<\/p>\n<ul>\n<li data-start=\"829\" data-end=\"884\">Salate, Sandwiches, Bowls, Omeletts oder als Garnitur<\/li>\n<li data-start=\"887\" data-end=\"922\">Kreative K\u00fcchenideen \u2013 ohne Tr\u00e4nen!<\/li>\n<\/ul>\n<p>&nbsp;<\/p>\n<h2 data-start=\"803\" data-end=\"856\"><strong data-start=\"806\" data-end=\"856\">Wichtige Informationen zu frischer Microgreens<\/strong><\/h2>\n<p data-start=\"857\" data-end=\"978\">Dieses Produkt ist <strong data-start=\"876\" data-end=\"901\">nur als Vorbestellung<\/strong> erh\u00e4ltlich.<br data-start=\"913\" data-end=\"916\" \/>Die Vorbereitungszeit betr\u00e4gt etwa <strong data-start=\"951\" data-end=\"961\">7 Tage<\/strong> ab Bestelldatum.<\/p>\n<p data-start=\"980\" data-end=\"1193\">Die Lieferung von frischer Microgreens ist <strong data-start=\"1023\" data-end=\"1065\">nur in bestimmten Regionen der Schweiz<\/strong> m\u00f6glich.<br data-start=\"1074\" data-end=\"1077\" \/>Vor Ihrer Bestellung <strong data-start=\"1098\" data-end=\"1136\">empfehlen wir, uns zu kontaktieren<\/strong>, um die Lieferm\u00f6glichkeit an Ihre Adresse zu best\u00e4tigen.<\/p>\n<p data-start=\"1241\" data-end=\"1336\"><strong data-start=\"1241\" data-end=\"1336\">Vielleicht wollten Sie lyophilisierte Microgreens, <a href=\"https:\/\/gogreen-schweiz.ch\/en\/product\/zwiebel-samen\/\">Samen<\/a> oder <a href=\"https:\/\/gogreen-schweiz.ch\/en\/product-category\/microgreen-pulver\/\">Microgreens-Pulver<\/a> bestellen.<\/strong><\/p>","protected":false},"excerpt":{"rendered":"<p>Diese aromatische, zarte Alternative bringt den klassischen Zwiebelschmack auf den Teller, ohne l\u00e4stiges Schneiden. Je nach Anbaubedingungen erscheinen die Sprossen in <strong data-start=\"446\" data-end=\"480\">frischem Gr\u00fcn oder hellem Gelb<\/strong> \u2013 optisch wie geschmacklich ein Highlight!<\/p>","protected":false},"featured_media":483,"template":"","meta":{"_coblocks_attr":"","_coblocks_dimensions":"","_coblocks_responsive_height":"","_coblocks_accordion_ie_support":"","wprm-recipe-roundup-name":"","wprm-recipe-roundup-description":""},"product_brand":[],"product_cat":[30],"product_tag":[35,38,27,28],"class_list":{"0":"post-482","1":"product","2":"type-product","3":"status-publish","4":"has-post-thumbnail","6":"product_cat-microgreen","7":"product_tag-bowl","8":"product_tag-eier","9":"product_tag-salat","10":"product_tag-sandwich","11":"product_shipping_class-fresh","13":"first","14":"onbackorder","15":"taxable","16":"shipping-taxable","17":"purchasable","18":"product-type-simple"},"yoast_head":"<!-- This site is optimized with the Yoast SEO plugin v27.5 - https:\/\/yoast.com\/product\/yoast-seo-wordpress\/ -->\n<title>Zwiebel &quot;Barbra&quot; - Go Green - Schweiz GmbH<\/title>\n<meta name=\"description\" content=\"Zwiebel Microgreens kaufen, Microgreens Schweiz Bio, Vitamin C Mikrogr\u00fcn, Microgreens gegen Erk\u00e4ltung, Immunsystem st\u00e4rken nat\u00fcrlich, Zwiebelgr\u00fcn roh\" \/>\n<meta name=\"robots\" content=\"index, follow, max-snippet:-1, max-image-preview:large, max-video-preview:-1\" \/>\n<link rel=\"canonical\" href=\"https:\/\/gogreen-schweiz.ch\/en\/product\/zwiebel-microgreens-barbra\/\" \/>\n<meta property=\"og:locale\" content=\"en_GB\" \/>\n<meta property=\"og:type\" content=\"article\" \/>\n<meta property=\"og:title\" content=\"Zwiebel &quot;Barbra&quot; - Go Green - Schweiz GmbH\" \/>\n<meta property=\"og:description\" content=\"Zwiebel Microgreens kaufen, Microgreens Schweiz Bio, Vitamin C Mikrogr\u00fcn, Microgreens gegen Erk\u00e4ltung, Immunsystem st\u00e4rken nat\u00fcrlich, Zwiebelgr\u00fcn roh\" \/>\n<meta property=\"og:url\" content=\"https:\/\/gogreen-schweiz.ch\/en\/product\/zwiebel-microgreens-barbra\/\" \/>\n<meta property=\"og:site_name\" content=\"Go Green - Schweiz GmbH\" \/>\n<meta property=\"article:modified_time\" content=\"2025-11-18T12:01:22+00:00\" \/>\n<meta property=\"og:image\" content=\"https:\/\/gogreen-schweiz.ch\/wp-content\/uploads\/2025\/07\/Zwiebel-1.webp\" \/>\n\t<meta property=\"og:image:width\" content=\"600\" \/>\n\t<meta property=\"og:image:height\" content=\"600\" \/>\n\t<meta property=\"og:image:type\" content=\"image\/webp\" \/>\n<meta name=\"twitter:card\" content=\"summary_large_image\" \/>\n<meta name=\"twitter:label1\" content=\"Estimated reading time\" \/>\n\t<meta name=\"twitter:data1\" content=\"1 minute\" \/>\n<script type=\"application\/ld+json\" class=\"yoast-schema-graph\">{\"@context\":\"https:\\\/\\\/schema.org\",\"@graph\":[{\"@type\":\"WebPage\",\"@id\":\"https:\\\/\\\/gogreen-schweiz.ch\\\/product\\\/zwiebel-microgreens-barbra\\\/\",\"url\":\"https:\\\/\\\/gogreen-schweiz.ch\\\/product\\\/zwiebel-microgreens-barbra\\\/\",\"name\":\"Zwiebel \\\"Barbra\\\" - Go Green - Schweiz GmbH\",\"isPartOf\":{\"@id\":\"https:\\\/\\\/gogreen-schweiz.ch\\\/#website\"},\"primaryImageOfPage\":{\"@id\":\"https:\\\/\\\/gogreen-schweiz.ch\\\/product\\\/zwiebel-microgreens-barbra\\\/#primaryimage\"},\"image\":{\"@id\":\"https:\\\/\\\/gogreen-schweiz.ch\\\/product\\\/zwiebel-microgreens-barbra\\\/#primaryimage\"},\"thumbnailUrl\":\"https:\\\/\\\/gogreen-schweiz.ch\\\/wp-content\\\/uploads\\\/2025\\\/07\\\/Zwiebel-1.webp\",\"datePublished\":\"2025-07-05T14:12:44+00:00\",\"dateModified\":\"2025-11-18T12:01:22+00:00\",\"description\":\"Zwiebel Microgreens kaufen, Microgreens Schweiz Bio, Vitamin C Mikrogr\u00fcn, Microgreens gegen Erk\u00e4ltung, Immunsystem st\u00e4rken nat\u00fcrlich, Zwiebelgr\u00fcn roh\",\"breadcrumb\":{\"@id\":\"https:\\\/\\\/gogreen-schweiz.ch\\\/product\\\/zwiebel-microgreens-barbra\\\/#breadcrumb\"},\"inLanguage\":\"en-GB\",\"potentialAction\":[{\"@type\":\"ReadAction\",\"target\":[\"https:\\\/\\\/gogreen-schweiz.ch\\\/product\\\/zwiebel-microgreens-barbra\\\/\"]}]},{\"@type\":\"ImageObject\",\"inLanguage\":\"en-GB\",\"@id\":\"https:\\\/\\\/gogreen-schweiz.ch\\\/product\\\/zwiebel-microgreens-barbra\\\/#primaryimage\",\"url\":\"https:\\\/\\\/gogreen-schweiz.ch\\\/wp-content\\\/uploads\\\/2025\\\/07\\\/Zwiebel-1.webp\",\"contentUrl\":\"https:\\\/\\\/gogreen-schweiz.ch\\\/wp-content\\\/uploads\\\/2025\\\/07\\\/Zwiebel-1.webp\",\"width\":600,\"height\":600,\"caption\":\"Zwiebel microgreens\"},{\"@type\":\"BreadcrumbList\",\"@id\":\"https:\\\/\\\/gogreen-schweiz.ch\\\/product\\\/zwiebel-microgreens-barbra\\\/#breadcrumb\",\"itemListElement\":[{\"@type\":\"ListItem\",\"position\":1,\"name\":\"Home\",\"item\":\"https:\\\/\\\/gogreen-schweiz.ch\\\/\"},{\"@type\":\"ListItem\",\"position\":2,\"name\":\"Shop\",\"item\":\"https:\\\/\\\/gogreen-schweiz.ch\\\/shop\\\/\"},{\"@type\":\"ListItem\",\"position\":3,\"name\":\"Zwiebel &#8220;Barbra&#8221;\"}]},{\"@type\":\"WebSite\",\"@id\":\"https:\\\/\\\/gogreen-schweiz.ch\\\/#website\",\"url\":\"https:\\\/\\\/gogreen-schweiz.ch\\\/\",\"name\":\"Go Green - Schweiz GmbH\",\"description\":\"\",\"publisher\":{\"@id\":\"https:\\\/\\\/gogreen-schweiz.ch\\\/#organization\"},\"potentialAction\":[{\"@type\":\"SearchAction\",\"target\":{\"@type\":\"EntryPoint\",\"urlTemplate\":\"https:\\\/\\\/gogreen-schweiz.ch\\\/?s={search_term_string}\"},\"query-input\":{\"@type\":\"PropertyValueSpecification\",\"valueRequired\":true,\"valueName\":\"search_term_string\"}}],\"inLanguage\":\"en-GB\"},{\"@type\":\"Organization\",\"@id\":\"https:\\\/\\\/gogreen-schweiz.ch\\\/#organization\",\"name\":\"Go Green - Schweiz GmbH\",\"url\":\"https:\\\/\\\/gogreen-schweiz.ch\\\/\",\"logo\":{\"@type\":\"ImageObject\",\"inLanguage\":\"en-GB\",\"@id\":\"https:\\\/\\\/gogreen-schweiz.ch\\\/#\\\/schema\\\/logo\\\/image\\\/\",\"url\":\"https:\\\/\\\/gogreen-schweiz.ch\\\/wp-content\\\/uploads\\\/2025\\\/07\\\/cropped-Go-Green.webp\",\"contentUrl\":\"https:\\\/\\\/gogreen-schweiz.ch\\\/wp-content\\\/uploads\\\/2025\\\/07\\\/cropped-Go-Green.webp\",\"width\":512,\"height\":512,\"caption\":\"Go Green - Schweiz GmbH\"},\"image\":{\"@id\":\"https:\\\/\\\/gogreen-schweiz.ch\\\/#\\\/schema\\\/logo\\\/image\\\/\"},\"sameAs\":[\"https:\\\/\\\/www.instagram.com\\\/gogreenschweiz\"]}]}<\/script>\n<!-- \/ Yoast SEO plugin. -->","yoast_head_json":{"title":"Zwiebel \"Barbra\" - Go Green - Schweiz GmbH","description":"Zwiebel Microgreens kaufen, Microgreens Schweiz Bio, Vitamin C Mikrogr\u00fcn, Microgreens gegen Erk\u00e4ltung, Immunsystem st\u00e4rken nat\u00fcrlich, Zwiebelgr\u00fcn roh","robots":{"index":"index","follow":"follow","max-snippet":"max-snippet:-1","max-image-preview":"max-image-preview:large","max-video-preview":"max-video-preview:-1"},"canonical":"https:\/\/gogreen-schweiz.ch\/en\/product\/zwiebel-microgreens-barbra\/","og_locale":"en_GB","og_type":"article","og_title":"Zwiebel \"Barbra\" - Go Green - Schweiz GmbH","og_description":"Zwiebel Microgreens kaufen, Microgreens Schweiz Bio, Vitamin C Mikrogr\u00fcn, Microgreens gegen Erk\u00e4ltung, Immunsystem st\u00e4rken nat\u00fcrlich, Zwiebelgr\u00fcn roh","og_url":"https:\/\/gogreen-schweiz.ch\/en\/product\/zwiebel-microgreens-barbra\/","og_site_name":"Go Green - Schweiz GmbH","article_modified_time":"2025-11-18T12:01:22+00:00","og_image":[{"width":600,"height":600,"url":"https:\/\/gogreen-schweiz.ch\/wp-content\/uploads\/2025\/07\/Zwiebel-1.webp","type":"image\/webp"}],"twitter_card":"summary_large_image","twitter_misc":{"Estimated reading time":"1 minute"},"schema":{"@context":"https:\/\/schema.org","@graph":[{"@type":"WebPage","@id":"https:\/\/gogreen-schweiz.ch\/product\/zwiebel-microgreens-barbra\/","url":"https:\/\/gogreen-schweiz.ch\/product\/zwiebel-microgreens-barbra\/","name":"Zwiebel \"Barbra\" - Go Green - Schweiz GmbH","isPartOf":{"@id":"https:\/\/gogreen-schweiz.ch\/#website"},"primaryImageOfPage":{"@id":"https:\/\/gogreen-schweiz.ch\/product\/zwiebel-microgreens-barbra\/#primaryimage"},"image":{"@id":"https:\/\/gogreen-schweiz.ch\/product\/zwiebel-microgreens-barbra\/#primaryimage"},"thumbnailUrl":"https:\/\/gogreen-schweiz.ch\/wp-content\/uploads\/2025\/07\/Zwiebel-1.webp","datePublished":"2025-07-05T14:12:44+00:00","dateModified":"2025-11-18T12:01:22+00:00","description":"Zwiebel Microgreens kaufen, Microgreens Schweiz Bio, Vitamin C Mikrogr\u00fcn, Microgreens gegen Erk\u00e4ltung, Immunsystem st\u00e4rken nat\u00fcrlich, Zwiebelgr\u00fcn roh","breadcrumb":{"@id":"https:\/\/gogreen-schweiz.ch\/product\/zwiebel-microgreens-barbra\/#breadcrumb"},"inLanguage":"en-GB","potentialAction":[{"@type":"ReadAction","target":["https:\/\/gogreen-schweiz.ch\/product\/zwiebel-microgreens-barbra\/"]}]},{"@type":"ImageObject","inLanguage":"en-GB","@id":"https:\/\/gogreen-schweiz.ch\/product\/zwiebel-microgreens-barbra\/#primaryimage","url":"https:\/\/gogreen-schweiz.ch\/wp-content\/uploads\/2025\/07\/Zwiebel-1.webp","contentUrl":"https:\/\/gogreen-schweiz.ch\/wp-content\/uploads\/2025\/07\/Zwiebel-1.webp","width":600,"height":600,"caption":"Zwiebel microgreens"},{"@type":"BreadcrumbList","@id":"https:\/\/gogreen-schweiz.ch\/product\/zwiebel-microgreens-barbra\/#breadcrumb","itemListElement":[{"@type":"ListItem","position":1,"name":"Home","item":"https:\/\/gogreen-schweiz.ch\/"},{"@type":"ListItem","position":2,"name":"Shop","item":"https:\/\/gogreen-schweiz.ch\/shop\/"},{"@type":"ListItem","position":3,"name":"Zwiebel &#8220;Barbra&#8221;"}]},{"@type":"WebSite","@id":"https:\/\/gogreen-schweiz.ch\/#website","url":"https:\/\/gogreen-schweiz.ch\/","name":"Go Green - Schweiz GmbH","description":"","publisher":{"@id":"https:\/\/gogreen-schweiz.ch\/#organization"},"potentialAction":[{"@type":"SearchAction","target":{"@type":"EntryPoint","urlTemplate":"https:\/\/gogreen-schweiz.ch\/?s={search_term_string}"},"query-input":{"@type":"PropertyValueSpecification","valueRequired":true,"valueName":"search_term_string"}}],"inLanguage":"en-GB"},{"@type":"Organization","@id":"https:\/\/gogreen-schweiz.ch\/#organization","name":"Go Green - Schweiz GmbH","url":"https:\/\/gogreen-schweiz.ch\/","logo":{"@type":"ImageObject","inLanguage":"en-GB","@id":"https:\/\/gogreen-schweiz.ch\/#\/schema\/logo\/image\/","url":"https:\/\/gogreen-schweiz.ch\/wp-content\/uploads\/2025\/07\/cropped-Go-Green.webp","contentUrl":"https:\/\/gogreen-schweiz.ch\/wp-content\/uploads\/2025\/07\/cropped-Go-Green.webp","width":512,"height":512,"caption":"Go Green - Schweiz GmbH"},"image":{"@id":"https:\/\/gogreen-schweiz.ch\/#\/schema\/logo\/image\/"},"sameAs":["https:\/\/www.instagram.com\/gogreenschweiz"]}]}},"jetpack_sharing_enabled":true,"_links":{"self":[{"href":"https:\/\/gogreen-schweiz.ch\/en\/wp-json\/wp\/v2\/product\/482","targetHints":{"allow":["GET"]}}],"collection":[{"href":"https:\/\/gogreen-schweiz.ch\/en\/wp-json\/wp\/v2\/product"}],"about":[{"href":"https:\/\/gogreen-schweiz.ch\/en\/wp-json\/wp\/v2\/types\/product"}],"wp:featuredmedia":[{"embeddable":true,"href":"https:\/\/gogreen-schweiz.ch\/en\/wp-json\/wp\/v2\/media\/483"}],"wp:attachment":[{"href":"https:\/\/gogreen-schweiz.ch\/en\/wp-json\/wp\/v2\/media?parent=482"}],"wp:term":[{"taxonomy":"product_brand","embeddable":true,"href":"https:\/\/gogreen-schweiz.ch\/en\/wp-json\/wp\/v2\/product_brand?post=482"},{"taxonomy":"product_cat","embeddable":true,"href":"https:\/\/gogreen-schweiz.ch\/en\/wp-json\/wp\/v2\/product_cat?post=482"},{"taxonomy":"product_tag","embeddable":true,"href":"https:\/\/gogreen-schweiz.ch\/en\/wp-json\/wp\/v2\/product_tag?post=482"}],"curies":[{"name":"wp","href":"https:\/\/api.w.org\/{rel}","templated":true}]}}