{"id":490,"date":"2025-07-05T16:29:32","date_gmt":"2025-07-05T14:29:32","guid":{"rendered":"https:\/\/gogreen-schweiz.ch\/?post_type=product&#038;p=490"},"modified":"2025-11-18T14:04:15","modified_gmt":"2025-11-18T12:04:15","slug":"red-rambo-radieschen","status":"publish","type":"product","link":"https:\/\/gogreen-schweiz.ch\/en\/product\/red-rambo-radieschen\/","title":{"rendered":"Radieschen Red Rambo"},"content":{"rendered":"<h3 data-start=\"575\" data-end=\"622\">\ud83c\udf3f <strong data-start=\"582\" data-end=\"622\">N\u00e4hrwerte &amp; gesundheitliche Vorteile<\/strong><\/h3>\n<p data-start=\"624\" data-end=\"671\">Diese kraftvolle Microgreen-Sorte ist reich an:<\/p>\n<ul>\n<li data-start=\"675\" data-end=\"704\"><strong data-start=\"675\" data-end=\"688\">Vitamine:<\/strong> A, B, C, E, K<\/li>\n<li data-start=\"707\" data-end=\"777\"><strong data-start=\"707\" data-end=\"725\">Mineralstoffe:<\/strong> Kalzium, Eisen, Magnesium, Phosphor, Kalium, Zink<\/li>\n<li data-start=\"780\" data-end=\"881\"><strong data-start=\"780\" data-end=\"793\">Vorteile:<\/strong> St\u00e4rkt das Immunsystem, unterst\u00fctzt Knochen &amp; Zellschutz, bringt W\u00fcrze in gesunde K\u00fcche<\/li>\n<\/ul>\n<h3 data-start=\"888\" data-end=\"924\">\ud83c\udf7d\ufe0f <strong data-start=\"896\" data-end=\"924\">Verwendungsm\u00f6glichkeiten<\/strong><\/h3>\n<p data-start=\"926\" data-end=\"953\">Red Rambo passt perfekt zu:<\/p>\n<ul>\n<li data-start=\"957\" data-end=\"995\"><strong data-start=\"957\" data-end=\"968\">Salaten<\/strong> \u2013 als Basis oder Topping<\/li>\n<li data-start=\"998\" data-end=\"1047\"><strong data-start=\"998\" data-end=\"1020\">Sandwiches &amp; Wraps<\/strong> \u2013 f\u00fcr Textur und Frische<\/li>\n<li data-start=\"1050\" data-end=\"1093\"><strong data-start=\"1050\" data-end=\"1066\">Sushi-Rollen<\/strong> \u2013 f\u00fcr Farbe &amp; Umami-Note<\/li>\n<li data-start=\"1096\" data-end=\"1136\"><strong data-start=\"1096\" data-end=\"1114\">Suppen &amp; Bowls<\/strong> \u2013 als bunter Akzent<\/li>\n<li data-start=\"1139\" data-end=\"1182\"><strong data-start=\"1139\" data-end=\"1155\">Eierspeisen:<\/strong> Auf Omeletts oder R\u00fchrei<\/li>\n<li data-start=\"1185\" data-end=\"1235\"><strong data-start=\"1185\" data-end=\"1195\">Pizza:<\/strong> Kurz vor dem Servieren dar\u00fcberstreuen<\/li>\n<li data-start=\"1238\" data-end=\"1320\"><strong data-start=\"1238\" data-end=\"1258\">Pfannengerichte:<\/strong> Am Ende hinzuf\u00fcgen, damit Farbe &amp; N\u00e4hrstoffe erhalten bleiben<\/li>\n<\/ul>\n<p data-start=\"1322\" data-end=\"1397\">\ud83d\udc49 Am besten roh genie\u00dfen \u2013 f\u00fcr maximalen N\u00e4hrwert und aromatische Sch\u00e4rfe.<\/p>\n<h3 data-start=\"1404\" data-end=\"1441\">\ud83e\uddec <strong data-start=\"1411\" data-end=\"1441\">Eigenschaften im \u00dcberblick<\/strong><\/h3>\n<ul>\n<li data-start=\"1445\" data-end=\"1485\"><strong data-start=\"1445\" data-end=\"1459\">Geschmack:<\/strong> W\u00fcrzig, pfeffrig-frisch<\/li>\n<li data-start=\"1488\" data-end=\"1512\"><strong data-start=\"1488\" data-end=\"1498\">Stiel:<\/strong> kr\u00e4ftig rot<\/li>\n<li data-start=\"1515\" data-end=\"1543\"><strong data-start=\"1515\" data-end=\"1527\">Bl\u00e4tter:<\/strong> dunkelviolett<\/li>\n<li data-start=\"1546\" data-end=\"1590\"><strong data-start=\"1546\" data-end=\"1561\">N\u00e4hrstoffe:<\/strong> A, B, C, E, K, Ca, Mg, Fe, P<\/li>\n<\/ul>\n<p>&nbsp;<\/p>\n<h2 data-start=\"803\" data-end=\"856\"><strong data-start=\"806\" data-end=\"856\">Wichtige Informationen zu frischer Microgreens<\/strong><\/h2>\n<p data-start=\"857\" data-end=\"978\">Dieses Produkt ist <strong data-start=\"876\" data-end=\"901\">nur als Vorbestellung<\/strong> erh\u00e4ltlich.<br data-start=\"913\" data-end=\"916\" \/>Die Vorbereitungszeit betr\u00e4gt etwa <strong data-start=\"951\" data-end=\"961\">7 Tage<\/strong> ab Bestelldatum.<\/p>\n<p data-start=\"980\" data-end=\"1193\">Die Lieferung von frischer Microgreens ist <strong data-start=\"1023\" data-end=\"1065\">nur in bestimmten Regionen der Schweiz<\/strong> m\u00f6glich.<br data-start=\"1074\" data-end=\"1077\" \/>Vor Ihrer Bestellung <strong data-start=\"1098\" data-end=\"1136\">empfehlen wir, uns zu kontaktieren<\/strong>, um die Lieferm\u00f6glichkeit an Ihre Adresse zu best\u00e4tigen.<\/p>\n<p data-start=\"1241\" data-end=\"1336\"><strong data-start=\"1241\" data-end=\"1336\">Vielleicht wollten Sie lyophilisierte Microgreens, <a href=\"https:\/\/gogreen-schweiz.ch\/en\/product\/radieschen-red-rambo-samen\/\">Samen<\/a> oder <a href=\"https:\/\/gogreen-schweiz.ch\/en\/product-category\/microgreen-pulver\/\">Microgreens-Pulver<\/a> bestellen.<\/strong><\/p>","protected":false},"excerpt":{"rendered":"<p><strong data-start=\"253\" data-end=\"299\">Ein asiatischer Genuss mit Farbe und Biss.<\/strong><br data-start=\"299\" data-end=\"302\" \/>Red Rambo ist eine beliebte Sorte in der Spitzenk\u00fcche \u2013 mit leuchtend violett-roten Stielen und dunkelgr\u00fcnen bis violetten Bl\u00e4ttern. Diese auff\u00e4llige Mikrozutat kombiniert <strong data-start=\"474\" data-end=\"522\">w\u00fcrzigen Geschmack mit hoher N\u00e4hrstoffdichte<\/strong> \u2013 ideal f\u00fcr kreative Gerichte mit Wow-Effekt.<\/p>","protected":false},"featured_media":491,"template":"","meta":{"_coblocks_attr":"","_coblocks_dimensions":"","_coblocks_responsive_height":"","_coblocks_accordion_ie_support":"","wprm-recipe-roundup-name":"","wprm-recipe-roundup-description":""},"product_brand":[],"product_cat":[30],"product_tag":[38,43,37,27,28,36,39,34],"class_list":{"0":"post-490","1":"product","2":"type-product","3":"status-publish","4":"has-post-thumbnail","6":"product_cat-microgreen","7":"product_tag-eier","8":"product_tag-fleisch","9":"product_tag-pizza","10":"product_tag-salat","11":"product_tag-sandwich","12":"product_tag-suppe","13":"product_tag-sushi","14":"product_tag-wrap","15":"product_shipping_class-fresh","17":"first","18":"onbackorder","19":"taxable","20":"shipping-taxable","21":"purchasable","22":"product-type-simple"},"yoast_head":"<!-- This site is optimized with the Yoast SEO plugin v27.5 - https:\/\/yoast.com\/product\/yoast-seo-wordpress\/ -->\n<title>Radieschen Red Rambo - Go Green - Schweiz GmbH<\/title>\n<meta name=\"description\" content=\"Red Rambo Radieschen-Microgreens: kr\u00e4ftig w\u00fcrzig, leicht scharf und reich an Vitaminen A, C, K sowie Antioxidantien. Mit leuchtend violetten Stielen und Bl\u00e4ttern \u2013 ideal f\u00fcr Bowls, Sandwiches, Salate &amp; asiatische Gerichte. Frisch, bio &amp; nachhaltig in der Schweiz angebaut.\" \/>\n<meta name=\"robots\" content=\"index, follow, max-snippet:-1, max-image-preview:large, max-video-preview:-1\" \/>\n<link rel=\"canonical\" href=\"https:\/\/gogreen-schweiz.ch\/en\/product\/red-rambo-radieschen\/\" \/>\n<meta property=\"og:locale\" content=\"en_GB\" \/>\n<meta property=\"og:type\" content=\"article\" \/>\n<meta property=\"og:title\" content=\"Radieschen Red Rambo - Go Green - Schweiz GmbH\" \/>\n<meta property=\"og:description\" content=\"Red Rambo Radieschen-Microgreens: kr\u00e4ftig w\u00fcrzig, leicht scharf und reich an Vitaminen A, C, K sowie Antioxidantien. Mit leuchtend violetten Stielen und Bl\u00e4ttern \u2013 ideal f\u00fcr Bowls, Sandwiches, Salate &amp; asiatische Gerichte. Frisch, bio &amp; nachhaltig in der Schweiz angebaut.\" \/>\n<meta property=\"og:url\" content=\"https:\/\/gogreen-schweiz.ch\/en\/product\/red-rambo-radieschen\/\" \/>\n<meta property=\"og:site_name\" content=\"Go Green - Schweiz GmbH\" \/>\n<meta property=\"article:modified_time\" content=\"2025-11-18T12:04:15+00:00\" \/>\n<meta property=\"og:image\" content=\"https:\/\/gogreen-schweiz.ch\/wp-content\/uploads\/2025\/07\/Rambo-1.webp\" \/>\n\t<meta property=\"og:image:width\" content=\"600\" \/>\n\t<meta property=\"og:image:height\" content=\"600\" \/>\n\t<meta property=\"og:image:type\" content=\"image\/webp\" \/>\n<meta name=\"twitter:card\" content=\"summary_large_image\" \/>\n<meta name=\"twitter:label1\" content=\"Estimated reading time\" \/>\n\t<meta name=\"twitter:data1\" content=\"2 minutes\" \/>\n<script type=\"application\/ld+json\" class=\"yoast-schema-graph\">{\"@context\":\"https:\\\/\\\/schema.org\",\"@graph\":[{\"@type\":\"WebPage\",\"@id\":\"https:\\\/\\\/gogreen-schweiz.ch\\\/product\\\/red-rambo-radieschen\\\/\",\"url\":\"https:\\\/\\\/gogreen-schweiz.ch\\\/product\\\/red-rambo-radieschen\\\/\",\"name\":\"Radieschen Red Rambo - Go Green - Schweiz GmbH\",\"isPartOf\":{\"@id\":\"https:\\\/\\\/gogreen-schweiz.ch\\\/#website\"},\"primaryImageOfPage\":{\"@id\":\"https:\\\/\\\/gogreen-schweiz.ch\\\/product\\\/red-rambo-radieschen\\\/#primaryimage\"},\"image\":{\"@id\":\"https:\\\/\\\/gogreen-schweiz.ch\\\/product\\\/red-rambo-radieschen\\\/#primaryimage\"},\"thumbnailUrl\":\"https:\\\/\\\/gogreen-schweiz.ch\\\/wp-content\\\/uploads\\\/2025\\\/07\\\/Rambo-1.webp\",\"datePublished\":\"2025-07-05T14:29:32+00:00\",\"dateModified\":\"2025-11-18T12:04:15+00:00\",\"description\":\"Red Rambo Radieschen-Microgreens: kr\u00e4ftig w\u00fcrzig, leicht scharf und reich an Vitaminen A, C, K sowie Antioxidantien. Mit leuchtend violetten Stielen und Bl\u00e4ttern \u2013 ideal f\u00fcr Bowls, Sandwiches, Salate & asiatische Gerichte. Frisch, bio & nachhaltig in der Schweiz angebaut.\",\"breadcrumb\":{\"@id\":\"https:\\\/\\\/gogreen-schweiz.ch\\\/product\\\/red-rambo-radieschen\\\/#breadcrumb\"},\"inLanguage\":\"en-GB\",\"potentialAction\":[{\"@type\":\"ReadAction\",\"target\":[\"https:\\\/\\\/gogreen-schweiz.ch\\\/product\\\/red-rambo-radieschen\\\/\"]}]},{\"@type\":\"ImageObject\",\"inLanguage\":\"en-GB\",\"@id\":\"https:\\\/\\\/gogreen-schweiz.ch\\\/product\\\/red-rambo-radieschen\\\/#primaryimage\",\"url\":\"https:\\\/\\\/gogreen-schweiz.ch\\\/wp-content\\\/uploads\\\/2025\\\/07\\\/Rambo-1.webp\",\"contentUrl\":\"https:\\\/\\\/gogreen-schweiz.ch\\\/wp-content\\\/uploads\\\/2025\\\/07\\\/Rambo-1.webp\",\"width\":600,\"height\":600,\"caption\":\"Radish microgreens\"},{\"@type\":\"BreadcrumbList\",\"@id\":\"https:\\\/\\\/gogreen-schweiz.ch\\\/product\\\/red-rambo-radieschen\\\/#breadcrumb\",\"itemListElement\":[{\"@type\":\"ListItem\",\"position\":1,\"name\":\"Home\",\"item\":\"https:\\\/\\\/gogreen-schweiz.ch\\\/\"},{\"@type\":\"ListItem\",\"position\":2,\"name\":\"Shop\",\"item\":\"https:\\\/\\\/gogreen-schweiz.ch\\\/shop\\\/\"},{\"@type\":\"ListItem\",\"position\":3,\"name\":\"Radieschen Red Rambo\"}]},{\"@type\":\"WebSite\",\"@id\":\"https:\\\/\\\/gogreen-schweiz.ch\\\/#website\",\"url\":\"https:\\\/\\\/gogreen-schweiz.ch\\\/\",\"name\":\"Go Green - Schweiz GmbH\",\"description\":\"\",\"publisher\":{\"@id\":\"https:\\\/\\\/gogreen-schweiz.ch\\\/#organization\"},\"potentialAction\":[{\"@type\":\"SearchAction\",\"target\":{\"@type\":\"EntryPoint\",\"urlTemplate\":\"https:\\\/\\\/gogreen-schweiz.ch\\\/?s={search_term_string}\"},\"query-input\":{\"@type\":\"PropertyValueSpecification\",\"valueRequired\":true,\"valueName\":\"search_term_string\"}}],\"inLanguage\":\"en-GB\"},{\"@type\":\"Organization\",\"@id\":\"https:\\\/\\\/gogreen-schweiz.ch\\\/#organization\",\"name\":\"Go Green - Schweiz GmbH\",\"url\":\"https:\\\/\\\/gogreen-schweiz.ch\\\/\",\"logo\":{\"@type\":\"ImageObject\",\"inLanguage\":\"en-GB\",\"@id\":\"https:\\\/\\\/gogreen-schweiz.ch\\\/#\\\/schema\\\/logo\\\/image\\\/\",\"url\":\"https:\\\/\\\/gogreen-schweiz.ch\\\/wp-content\\\/uploads\\\/2025\\\/07\\\/cropped-Go-Green.webp\",\"contentUrl\":\"https:\\\/\\\/gogreen-schweiz.ch\\\/wp-content\\\/uploads\\\/2025\\\/07\\\/cropped-Go-Green.webp\",\"width\":512,\"height\":512,\"caption\":\"Go Green - Schweiz GmbH\"},\"image\":{\"@id\":\"https:\\\/\\\/gogreen-schweiz.ch\\\/#\\\/schema\\\/logo\\\/image\\\/\"},\"sameAs\":[\"https:\\\/\\\/www.instagram.com\\\/gogreenschweiz\"]}]}<\/script>\n<!-- \/ Yoast SEO plugin. -->","yoast_head_json":{"title":"Radieschen Red Rambo - Go Green - Schweiz GmbH","description":"Red Rambo Radieschen-Microgreens: kr\u00e4ftig w\u00fcrzig, leicht scharf und reich an Vitaminen A, C, K sowie Antioxidantien. Mit leuchtend violetten Stielen und Bl\u00e4ttern \u2013 ideal f\u00fcr Bowls, Sandwiches, Salate & asiatische Gerichte. Frisch, bio & nachhaltig in der Schweiz angebaut.","robots":{"index":"index","follow":"follow","max-snippet":"max-snippet:-1","max-image-preview":"max-image-preview:large","max-video-preview":"max-video-preview:-1"},"canonical":"https:\/\/gogreen-schweiz.ch\/en\/product\/red-rambo-radieschen\/","og_locale":"en_GB","og_type":"article","og_title":"Radieschen Red Rambo - Go Green - Schweiz GmbH","og_description":"Red Rambo Radieschen-Microgreens: kr\u00e4ftig w\u00fcrzig, leicht scharf und reich an Vitaminen A, C, K sowie Antioxidantien. Mit leuchtend violetten Stielen und Bl\u00e4ttern \u2013 ideal f\u00fcr Bowls, Sandwiches, Salate & asiatische Gerichte. Frisch, bio & nachhaltig in der Schweiz angebaut.","og_url":"https:\/\/gogreen-schweiz.ch\/en\/product\/red-rambo-radieschen\/","og_site_name":"Go Green - Schweiz GmbH","article_modified_time":"2025-11-18T12:04:15+00:00","og_image":[{"width":600,"height":600,"url":"https:\/\/gogreen-schweiz.ch\/wp-content\/uploads\/2025\/07\/Rambo-1.webp","type":"image\/webp"}],"twitter_card":"summary_large_image","twitter_misc":{"Estimated reading time":"2 minutes"},"schema":{"@context":"https:\/\/schema.org","@graph":[{"@type":"WebPage","@id":"https:\/\/gogreen-schweiz.ch\/product\/red-rambo-radieschen\/","url":"https:\/\/gogreen-schweiz.ch\/product\/red-rambo-radieschen\/","name":"Radieschen Red Rambo - Go Green - Schweiz GmbH","isPartOf":{"@id":"https:\/\/gogreen-schweiz.ch\/#website"},"primaryImageOfPage":{"@id":"https:\/\/gogreen-schweiz.ch\/product\/red-rambo-radieschen\/#primaryimage"},"image":{"@id":"https:\/\/gogreen-schweiz.ch\/product\/red-rambo-radieschen\/#primaryimage"},"thumbnailUrl":"https:\/\/gogreen-schweiz.ch\/wp-content\/uploads\/2025\/07\/Rambo-1.webp","datePublished":"2025-07-05T14:29:32+00:00","dateModified":"2025-11-18T12:04:15+00:00","description":"Red Rambo Radieschen-Microgreens: kr\u00e4ftig w\u00fcrzig, leicht scharf und reich an Vitaminen A, C, K sowie Antioxidantien. Mit leuchtend violetten Stielen und Bl\u00e4ttern \u2013 ideal f\u00fcr Bowls, Sandwiches, Salate & asiatische Gerichte. Frisch, bio & nachhaltig in der Schweiz angebaut.","breadcrumb":{"@id":"https:\/\/gogreen-schweiz.ch\/product\/red-rambo-radieschen\/#breadcrumb"},"inLanguage":"en-GB","potentialAction":[{"@type":"ReadAction","target":["https:\/\/gogreen-schweiz.ch\/product\/red-rambo-radieschen\/"]}]},{"@type":"ImageObject","inLanguage":"en-GB","@id":"https:\/\/gogreen-schweiz.ch\/product\/red-rambo-radieschen\/#primaryimage","url":"https:\/\/gogreen-schweiz.ch\/wp-content\/uploads\/2025\/07\/Rambo-1.webp","contentUrl":"https:\/\/gogreen-schweiz.ch\/wp-content\/uploads\/2025\/07\/Rambo-1.webp","width":600,"height":600,"caption":"Radish microgreens"},{"@type":"BreadcrumbList","@id":"https:\/\/gogreen-schweiz.ch\/product\/red-rambo-radieschen\/#breadcrumb","itemListElement":[{"@type":"ListItem","position":1,"name":"Home","item":"https:\/\/gogreen-schweiz.ch\/"},{"@type":"ListItem","position":2,"name":"Shop","item":"https:\/\/gogreen-schweiz.ch\/shop\/"},{"@type":"ListItem","position":3,"name":"Radieschen Red Rambo"}]},{"@type":"WebSite","@id":"https:\/\/gogreen-schweiz.ch\/#website","url":"https:\/\/gogreen-schweiz.ch\/","name":"Go Green - Schweiz GmbH","description":"","publisher":{"@id":"https:\/\/gogreen-schweiz.ch\/#organization"},"potentialAction":[{"@type":"SearchAction","target":{"@type":"EntryPoint","urlTemplate":"https:\/\/gogreen-schweiz.ch\/?s={search_term_string}"},"query-input":{"@type":"PropertyValueSpecification","valueRequired":true,"valueName":"search_term_string"}}],"inLanguage":"en-GB"},{"@type":"Organization","@id":"https:\/\/gogreen-schweiz.ch\/#organization","name":"Go Green - Schweiz GmbH","url":"https:\/\/gogreen-schweiz.ch\/","logo":{"@type":"ImageObject","inLanguage":"en-GB","@id":"https:\/\/gogreen-schweiz.ch\/#\/schema\/logo\/image\/","url":"https:\/\/gogreen-schweiz.ch\/wp-content\/uploads\/2025\/07\/cropped-Go-Green.webp","contentUrl":"https:\/\/gogreen-schweiz.ch\/wp-content\/uploads\/2025\/07\/cropped-Go-Green.webp","width":512,"height":512,"caption":"Go Green - Schweiz GmbH"},"image":{"@id":"https:\/\/gogreen-schweiz.ch\/#\/schema\/logo\/image\/"},"sameAs":["https:\/\/www.instagram.com\/gogreenschweiz"]}]}},"jetpack_sharing_enabled":true,"_links":{"self":[{"href":"https:\/\/gogreen-schweiz.ch\/en\/wp-json\/wp\/v2\/product\/490","targetHints":{"allow":["GET"]}}],"collection":[{"href":"https:\/\/gogreen-schweiz.ch\/en\/wp-json\/wp\/v2\/product"}],"about":[{"href":"https:\/\/gogreen-schweiz.ch\/en\/wp-json\/wp\/v2\/types\/product"}],"wp:featuredmedia":[{"embeddable":true,"href":"https:\/\/gogreen-schweiz.ch\/en\/wp-json\/wp\/v2\/media\/491"}],"wp:attachment":[{"href":"https:\/\/gogreen-schweiz.ch\/en\/wp-json\/wp\/v2\/media?parent=490"}],"wp:term":[{"taxonomy":"product_brand","embeddable":true,"href":"https:\/\/gogreen-schweiz.ch\/en\/wp-json\/wp\/v2\/product_brand?post=490"},{"taxonomy":"product_cat","embeddable":true,"href":"https:\/\/gogreen-schweiz.ch\/en\/wp-json\/wp\/v2\/product_cat?post=490"},{"taxonomy":"product_tag","embeddable":true,"href":"https:\/\/gogreen-schweiz.ch\/en\/wp-json\/wp\/v2\/product_tag?post=490"}],"curies":[{"name":"wp","href":"https:\/\/api.w.org\/{rel}","templated":true}]}}