{"id":496,"date":"2025-07-05T16:39:31","date_gmt":"2025-07-05T14:39:31","guid":{"rendered":"https:\/\/gogreen-schweiz.ch\/?post_type=product&#038;p=496"},"modified":"2025-11-18T14:05:46","modified_gmt":"2025-11-18T12:05:46","slug":"pink-radieschen","status":"publish","type":"product","link":"https:\/\/gogreen-schweiz.ch\/en\/product\/pink-radieschen\/","title":{"rendered":"Radieschen Pink"},"content":{"rendered":"<h3 data-start=\"647\" data-end=\"693\">\ud83c\udf3f <strong data-start=\"654\" data-end=\"693\">N\u00e4hrwert &amp; gesundheitliche Vorteile<\/strong><\/h3>\n<p data-start=\"695\" data-end=\"750\">Pink Radieschen-Microgreens sind echte N\u00e4hrstoffpakete:<\/p>\n<ul>\n<li data-start=\"754\" data-end=\"786\"><strong data-start=\"754\" data-end=\"767\">Vitamine:<\/strong> A, B, C, E und K<\/li>\n<li data-start=\"789\" data-end=\"844\"><strong data-start=\"789\" data-end=\"807\">Mineralstoffe:<\/strong> Kalzium, Magnesium, Phosphor, Zink<\/li>\n<li data-start=\"847\" data-end=\"913\"><strong data-start=\"847\" data-end=\"865\">Eigenschaften:<\/strong> kalorienarm, antioxidantienreich, immunst\u00e4rkend<\/li>\n<\/ul>\n<p data-start=\"915\" data-end=\"1023\">Perfekt f\u00fcr alle, die ihren Speiseplan mit Geschmack und N\u00e4hrstoffen aufwerten m\u00f6chten \u2013 ganz ohne Verzicht!<\/p>\n<h3 data-start=\"1030\" data-end=\"1071\">\ud83c\udf7d\ufe0f <strong data-start=\"1038\" data-end=\"1071\">Verwendungsideen in der K\u00fcche<\/strong><\/h3>\n<p data-start=\"1073\" data-end=\"1114\">Diese Microgreens sind extrem vielseitig:<\/p>\n<ul>\n<li data-start=\"1118\" data-end=\"1161\"><strong data-start=\"1118\" data-end=\"1129\">Salate:<\/strong> F\u00fcr Sch\u00e4rfe und frischen Biss<\/li>\n<li data-start=\"1164\" data-end=\"1219\"><strong data-start=\"1164\" data-end=\"1187\">Sandwiches &amp; Wraps:<\/strong> F\u00fcr mehr Textur und Geschmack<\/li>\n<li data-start=\"1222\" data-end=\"1279\"><strong data-start=\"1222\" data-end=\"1235\">Toppings:<\/strong> Auf Suppen, Eierspeisen, Pizza oder Bowls<\/li>\n<li data-start=\"1282\" data-end=\"1327\"><strong data-start=\"1282\" data-end=\"1302\">Sushi &amp; Sashimi:<\/strong> Als farbenfrohes Extra<\/li>\n<li data-start=\"1330\" data-end=\"1397\"><strong data-start=\"1330\" data-end=\"1341\">Burger:<\/strong> F\u00fcr einen frischen Kontrast zur herzhaften Komponente<\/li>\n<li data-start=\"1400\" data-end=\"1469\"><strong data-start=\"1400\" data-end=\"1414\">Smoothies:<\/strong> F\u00fcr einen n\u00e4hrstoffreichen Kick mit leichter Sch\u00e4rfe<\/li>\n<li data-start=\"1472\" data-end=\"1548\"><strong data-start=\"1472\" data-end=\"1512\">Gebratenes Gem\u00fcse &amp; Pfannengerichte:<\/strong> Kurz vor dem Servieren hinzuf\u00fcgen<\/li>\n<li data-start=\"1551\" data-end=\"1609\"><strong data-start=\"1551\" data-end=\"1579\">Fr\u00fchlingsrollen &amp; Bowls:<\/strong> F\u00fcr extra Farbe und Frische<\/li>\n<li data-start=\"1612\" data-end=\"1698\"><strong data-start=\"1612\" data-end=\"1656\">Mit essbaren Bl\u00fcten &amp; Radieschenscheiben<\/strong> f\u00fcr visuell eindrucksvolle Pr\u00e4sentationen<\/li>\n<\/ul>\n<p data-start=\"1700\" data-end=\"1812\">\ud83d\udca1 <strong data-start=\"1703\" data-end=\"1712\">Tipp:<\/strong> Aufgrund ihres pfeffrigen Geschmacks lieber mit kleinen Mengen starten und nach Geschmack anpassen.<\/p>\n<h3 data-start=\"1819\" data-end=\"1843\">\ud83c\udfa8 <strong data-start=\"1826\" data-end=\"1843\">Produktprofil<\/strong><\/h3>\n<ul>\n<li data-start=\"1847\" data-end=\"1875\"><strong data-start=\"1847\" data-end=\"1861\">Geschmack:<\/strong> Fein-w\u00fcrzig<\/li>\n<li data-start=\"1878\" data-end=\"1907\"><strong data-start=\"1878\" data-end=\"1888\">Stiel:<\/strong> Rosa bis violett<\/li>\n<li data-start=\"1910\" data-end=\"1929\"><strong data-start=\"1910\" data-end=\"1922\">Bl\u00e4tter:<\/strong> Gr\u00fcn<\/li>\n<li data-start=\"1932\" data-end=\"1972\"><strong data-start=\"1932\" data-end=\"1947\">N\u00e4hrstoffe:<\/strong> A, B, C, E, K, P, Ca, Mg<\/li>\n<\/ul>\n<h2 data-start=\"803\" data-end=\"856\"><\/h2>\n<h2 data-start=\"803\" data-end=\"856\"><strong data-start=\"806\" data-end=\"856\">Wichtige Informationen zu frischer Microgreens<\/strong><\/h2>\n<p data-start=\"857\" data-end=\"978\">Dieses Produkt ist <strong data-start=\"876\" data-end=\"901\">nur als Vorbestellung<\/strong> erh\u00e4ltlich.<br data-start=\"913\" data-end=\"916\" \/>Die Vorbereitungszeit betr\u00e4gt etwa <strong data-start=\"951\" data-end=\"961\">7 Tage<\/strong> ab Bestelldatum.<\/p>\n<p data-start=\"980\" data-end=\"1193\">Die Lieferung von frischer Microgreens ist <strong data-start=\"1023\" data-end=\"1065\">nur in bestimmten Regionen der Schweiz<\/strong> m\u00f6glich.<br data-start=\"1074\" data-end=\"1077\" \/>Vor Ihrer Bestellung <strong data-start=\"1098\" data-end=\"1136\">empfehlen wir, uns zu kontaktieren<\/strong>, um die Lieferm\u00f6glichkeit an Ihre Adresse zu best\u00e4tigen.<\/p>\n<p data-start=\"1241\" data-end=\"1336\"><strong data-start=\"1241\" data-end=\"1336\">Vielleicht wollten Sie lyophilisierte Microgreens, <a href=\"https:\/\/gogreen-schweiz.ch\/en\/product\/radieschen-pink-samen\/\">Samen<\/a> oder <a href=\"https:\/\/gogreen-schweiz.ch\/en\/product-category\/microgreen-pulver\/\">Microgreens-Pulver<\/a> bestellen.<\/strong><\/p>","protected":false},"excerpt":{"rendered":"<p><strong data-start=\"280\" data-end=\"365\">Suchen Sie nach einem herzf\u00f6rmigen, pinkfarbenen Akzent f\u00fcr Ihr n\u00e4chstes Gericht?<\/strong><br data-start=\"365\" data-end=\"368\" \/>Diese leuchtenden Mikrobl\u00e4tter mit rosa bis violetten Stielen und gr\u00fcnen Bl\u00e4ttern bringen nicht nur Farbe, sondern auch <strong data-start=\"488\" data-end=\"521\">einen fein-w\u00fcrzigen Geschmack<\/strong>, der Ihre Gerichte aufpeppt. Besonders beliebt bei Spitzenk\u00f6chen \u2013 sowohl als Garnitur als auch als funktionale Zutat.<\/p>","protected":false},"featured_media":497,"template":"","meta":{"_coblocks_attr":"","_coblocks_dimensions":"","_coblocks_responsive_height":"","_coblocks_accordion_ie_support":"","wprm-recipe-roundup-name":"","wprm-recipe-roundup-description":""},"product_brand":[],"product_cat":[30],"product_tag":[35,43,27,28,33,39,34],"class_list":{"0":"post-496","1":"product","2":"type-product","3":"status-publish","4":"has-post-thumbnail","6":"product_cat-microgreen","7":"product_tag-bowl","8":"product_tag-fleisch","9":"product_tag-salat","10":"product_tag-sandwich","11":"product_tag-smoothie","12":"product_tag-sushi","13":"product_tag-wrap","14":"product_shipping_class-fresh","16":"first","17":"onbackorder","18":"taxable","19":"shipping-taxable","20":"purchasable","21":"product-type-simple"},"yoast_head":"<!-- This site is optimized with the Yoast SEO plugin v27.5 - https:\/\/yoast.com\/product\/yoast-seo-wordpress\/ -->\n<title>Radieschen Pink - Go Green - Schweiz GmbH<\/title>\n<meta name=\"description\" content=\"Verleihen Sie Ihren Gerichten Farbe und W\u00fcrze \u2013 Pink Radieschen-Microgreens sind reich an Vitaminen und Mineralstoffen. Ideal f\u00fcr gesunde K\u00fcche.\" \/>\n<meta name=\"robots\" content=\"index, follow, max-snippet:-1, max-image-preview:large, max-video-preview:-1\" \/>\n<link rel=\"canonical\" href=\"https:\/\/gogreen-schweiz.ch\/en\/product\/pink-radieschen\/\" \/>\n<meta property=\"og:locale\" content=\"en_GB\" \/>\n<meta property=\"og:type\" content=\"article\" \/>\n<meta property=\"og:title\" content=\"Radieschen Pink - Go Green - Schweiz GmbH\" \/>\n<meta property=\"og:description\" content=\"Verleihen Sie Ihren Gerichten Farbe und W\u00fcrze \u2013 Pink Radieschen-Microgreens sind reich an Vitaminen und Mineralstoffen. Ideal f\u00fcr gesunde K\u00fcche.\" \/>\n<meta property=\"og:url\" content=\"https:\/\/gogreen-schweiz.ch\/en\/product\/pink-radieschen\/\" \/>\n<meta property=\"og:site_name\" content=\"Go Green - Schweiz GmbH\" \/>\n<meta property=\"article:modified_time\" content=\"2025-11-18T12:05:46+00:00\" \/>\n<meta property=\"og:image\" content=\"https:\/\/gogreen-schweiz.ch\/wp-content\/uploads\/2025\/07\/Pink-1.webp\" \/>\n\t<meta property=\"og:image:width\" content=\"600\" \/>\n\t<meta property=\"og:image:height\" content=\"600\" \/>\n\t<meta property=\"og:image:type\" content=\"image\/webp\" \/>\n<meta name=\"twitter:card\" content=\"summary_large_image\" \/>\n<meta name=\"twitter:label1\" content=\"Estimated reading time\" \/>\n\t<meta name=\"twitter:data1\" content=\"2 minutes\" \/>\n<script type=\"application\/ld+json\" class=\"yoast-schema-graph\">{\"@context\":\"https:\\\/\\\/schema.org\",\"@graph\":[{\"@type\":\"WebPage\",\"@id\":\"https:\\\/\\\/gogreen-schweiz.ch\\\/product\\\/pink-radieschen\\\/\",\"url\":\"https:\\\/\\\/gogreen-schweiz.ch\\\/product\\\/pink-radieschen\\\/\",\"name\":\"Radieschen Pink - Go Green - Schweiz GmbH\",\"isPartOf\":{\"@id\":\"https:\\\/\\\/gogreen-schweiz.ch\\\/#website\"},\"primaryImageOfPage\":{\"@id\":\"https:\\\/\\\/gogreen-schweiz.ch\\\/product\\\/pink-radieschen\\\/#primaryimage\"},\"image\":{\"@id\":\"https:\\\/\\\/gogreen-schweiz.ch\\\/product\\\/pink-radieschen\\\/#primaryimage\"},\"thumbnailUrl\":\"https:\\\/\\\/gogreen-schweiz.ch\\\/wp-content\\\/uploads\\\/2025\\\/07\\\/Pink-1.webp\",\"datePublished\":\"2025-07-05T14:39:31+00:00\",\"dateModified\":\"2025-11-18T12:05:46+00:00\",\"description\":\"Verleihen Sie Ihren Gerichten Farbe und W\u00fcrze \u2013 Pink Radieschen-Microgreens sind reich an Vitaminen und Mineralstoffen. Ideal f\u00fcr gesunde K\u00fcche.\",\"breadcrumb\":{\"@id\":\"https:\\\/\\\/gogreen-schweiz.ch\\\/product\\\/pink-radieschen\\\/#breadcrumb\"},\"inLanguage\":\"en-GB\",\"potentialAction\":[{\"@type\":\"ReadAction\",\"target\":[\"https:\\\/\\\/gogreen-schweiz.ch\\\/product\\\/pink-radieschen\\\/\"]}]},{\"@type\":\"ImageObject\",\"inLanguage\":\"en-GB\",\"@id\":\"https:\\\/\\\/gogreen-schweiz.ch\\\/product\\\/pink-radieschen\\\/#primaryimage\",\"url\":\"https:\\\/\\\/gogreen-schweiz.ch\\\/wp-content\\\/uploads\\\/2025\\\/07\\\/Pink-1.webp\",\"contentUrl\":\"https:\\\/\\\/gogreen-schweiz.ch\\\/wp-content\\\/uploads\\\/2025\\\/07\\\/Pink-1.webp\",\"width\":600,\"height\":600,\"caption\":\"Radish microgreens\"},{\"@type\":\"BreadcrumbList\",\"@id\":\"https:\\\/\\\/gogreen-schweiz.ch\\\/product\\\/pink-radieschen\\\/#breadcrumb\",\"itemListElement\":[{\"@type\":\"ListItem\",\"position\":1,\"name\":\"Home\",\"item\":\"https:\\\/\\\/gogreen-schweiz.ch\\\/\"},{\"@type\":\"ListItem\",\"position\":2,\"name\":\"Shop\",\"item\":\"https:\\\/\\\/gogreen-schweiz.ch\\\/shop\\\/\"},{\"@type\":\"ListItem\",\"position\":3,\"name\":\"Radieschen Pink\"}]},{\"@type\":\"WebSite\",\"@id\":\"https:\\\/\\\/gogreen-schweiz.ch\\\/#website\",\"url\":\"https:\\\/\\\/gogreen-schweiz.ch\\\/\",\"name\":\"Go Green - Schweiz GmbH\",\"description\":\"\",\"publisher\":{\"@id\":\"https:\\\/\\\/gogreen-schweiz.ch\\\/#organization\"},\"potentialAction\":[{\"@type\":\"SearchAction\",\"target\":{\"@type\":\"EntryPoint\",\"urlTemplate\":\"https:\\\/\\\/gogreen-schweiz.ch\\\/?s={search_term_string}\"},\"query-input\":{\"@type\":\"PropertyValueSpecification\",\"valueRequired\":true,\"valueName\":\"search_term_string\"}}],\"inLanguage\":\"en-GB\"},{\"@type\":\"Organization\",\"@id\":\"https:\\\/\\\/gogreen-schweiz.ch\\\/#organization\",\"name\":\"Go Green - Schweiz GmbH\",\"url\":\"https:\\\/\\\/gogreen-schweiz.ch\\\/\",\"logo\":{\"@type\":\"ImageObject\",\"inLanguage\":\"en-GB\",\"@id\":\"https:\\\/\\\/gogreen-schweiz.ch\\\/#\\\/schema\\\/logo\\\/image\\\/\",\"url\":\"https:\\\/\\\/gogreen-schweiz.ch\\\/wp-content\\\/uploads\\\/2025\\\/07\\\/cropped-Go-Green.webp\",\"contentUrl\":\"https:\\\/\\\/gogreen-schweiz.ch\\\/wp-content\\\/uploads\\\/2025\\\/07\\\/cropped-Go-Green.webp\",\"width\":512,\"height\":512,\"caption\":\"Go Green - Schweiz GmbH\"},\"image\":{\"@id\":\"https:\\\/\\\/gogreen-schweiz.ch\\\/#\\\/schema\\\/logo\\\/image\\\/\"},\"sameAs\":[\"https:\\\/\\\/www.instagram.com\\\/gogreenschweiz\"]}]}<\/script>\n<!-- \/ Yoast SEO plugin. -->","yoast_head_json":{"title":"Radieschen Pink - Go Green - Schweiz GmbH","description":"Verleihen Sie Ihren Gerichten Farbe und W\u00fcrze \u2013 Pink Radieschen-Microgreens sind reich an Vitaminen und Mineralstoffen. Ideal f\u00fcr gesunde K\u00fcche.","robots":{"index":"index","follow":"follow","max-snippet":"max-snippet:-1","max-image-preview":"max-image-preview:large","max-video-preview":"max-video-preview:-1"},"canonical":"https:\/\/gogreen-schweiz.ch\/en\/product\/pink-radieschen\/","og_locale":"en_GB","og_type":"article","og_title":"Radieschen Pink - Go Green - Schweiz GmbH","og_description":"Verleihen Sie Ihren Gerichten Farbe und W\u00fcrze \u2013 Pink Radieschen-Microgreens sind reich an Vitaminen und Mineralstoffen. Ideal f\u00fcr gesunde K\u00fcche.","og_url":"https:\/\/gogreen-schweiz.ch\/en\/product\/pink-radieschen\/","og_site_name":"Go Green - Schweiz GmbH","article_modified_time":"2025-11-18T12:05:46+00:00","og_image":[{"width":600,"height":600,"url":"https:\/\/gogreen-schweiz.ch\/wp-content\/uploads\/2025\/07\/Pink-1.webp","type":"image\/webp"}],"twitter_card":"summary_large_image","twitter_misc":{"Estimated reading time":"2 minutes"},"schema":{"@context":"https:\/\/schema.org","@graph":[{"@type":"WebPage","@id":"https:\/\/gogreen-schweiz.ch\/product\/pink-radieschen\/","url":"https:\/\/gogreen-schweiz.ch\/product\/pink-radieschen\/","name":"Radieschen Pink - Go Green - Schweiz GmbH","isPartOf":{"@id":"https:\/\/gogreen-schweiz.ch\/#website"},"primaryImageOfPage":{"@id":"https:\/\/gogreen-schweiz.ch\/product\/pink-radieschen\/#primaryimage"},"image":{"@id":"https:\/\/gogreen-schweiz.ch\/product\/pink-radieschen\/#primaryimage"},"thumbnailUrl":"https:\/\/gogreen-schweiz.ch\/wp-content\/uploads\/2025\/07\/Pink-1.webp","datePublished":"2025-07-05T14:39:31+00:00","dateModified":"2025-11-18T12:05:46+00:00","description":"Verleihen Sie Ihren Gerichten Farbe und W\u00fcrze \u2013 Pink Radieschen-Microgreens sind reich an Vitaminen und Mineralstoffen. Ideal f\u00fcr gesunde K\u00fcche.","breadcrumb":{"@id":"https:\/\/gogreen-schweiz.ch\/product\/pink-radieschen\/#breadcrumb"},"inLanguage":"en-GB","potentialAction":[{"@type":"ReadAction","target":["https:\/\/gogreen-schweiz.ch\/product\/pink-radieschen\/"]}]},{"@type":"ImageObject","inLanguage":"en-GB","@id":"https:\/\/gogreen-schweiz.ch\/product\/pink-radieschen\/#primaryimage","url":"https:\/\/gogreen-schweiz.ch\/wp-content\/uploads\/2025\/07\/Pink-1.webp","contentUrl":"https:\/\/gogreen-schweiz.ch\/wp-content\/uploads\/2025\/07\/Pink-1.webp","width":600,"height":600,"caption":"Radish microgreens"},{"@type":"BreadcrumbList","@id":"https:\/\/gogreen-schweiz.ch\/product\/pink-radieschen\/#breadcrumb","itemListElement":[{"@type":"ListItem","position":1,"name":"Home","item":"https:\/\/gogreen-schweiz.ch\/"},{"@type":"ListItem","position":2,"name":"Shop","item":"https:\/\/gogreen-schweiz.ch\/shop\/"},{"@type":"ListItem","position":3,"name":"Radieschen Pink"}]},{"@type":"WebSite","@id":"https:\/\/gogreen-schweiz.ch\/#website","url":"https:\/\/gogreen-schweiz.ch\/","name":"Go Green - Schweiz GmbH","description":"","publisher":{"@id":"https:\/\/gogreen-schweiz.ch\/#organization"},"potentialAction":[{"@type":"SearchAction","target":{"@type":"EntryPoint","urlTemplate":"https:\/\/gogreen-schweiz.ch\/?s={search_term_string}"},"query-input":{"@type":"PropertyValueSpecification","valueRequired":true,"valueName":"search_term_string"}}],"inLanguage":"en-GB"},{"@type":"Organization","@id":"https:\/\/gogreen-schweiz.ch\/#organization","name":"Go Green - Schweiz GmbH","url":"https:\/\/gogreen-schweiz.ch\/","logo":{"@type":"ImageObject","inLanguage":"en-GB","@id":"https:\/\/gogreen-schweiz.ch\/#\/schema\/logo\/image\/","url":"https:\/\/gogreen-schweiz.ch\/wp-content\/uploads\/2025\/07\/cropped-Go-Green.webp","contentUrl":"https:\/\/gogreen-schweiz.ch\/wp-content\/uploads\/2025\/07\/cropped-Go-Green.webp","width":512,"height":512,"caption":"Go Green - Schweiz GmbH"},"image":{"@id":"https:\/\/gogreen-schweiz.ch\/#\/schema\/logo\/image\/"},"sameAs":["https:\/\/www.instagram.com\/gogreenschweiz"]}]}},"jetpack_sharing_enabled":true,"_links":{"self":[{"href":"https:\/\/gogreen-schweiz.ch\/en\/wp-json\/wp\/v2\/product\/496","targetHints":{"allow":["GET"]}}],"collection":[{"href":"https:\/\/gogreen-schweiz.ch\/en\/wp-json\/wp\/v2\/product"}],"about":[{"href":"https:\/\/gogreen-schweiz.ch\/en\/wp-json\/wp\/v2\/types\/product"}],"wp:featuredmedia":[{"embeddable":true,"href":"https:\/\/gogreen-schweiz.ch\/en\/wp-json\/wp\/v2\/media\/497"}],"wp:attachment":[{"href":"https:\/\/gogreen-schweiz.ch\/en\/wp-json\/wp\/v2\/media?parent=496"}],"wp:term":[{"taxonomy":"product_brand","embeddable":true,"href":"https:\/\/gogreen-schweiz.ch\/en\/wp-json\/wp\/v2\/product_brand?post=496"},{"taxonomy":"product_cat","embeddable":true,"href":"https:\/\/gogreen-schweiz.ch\/en\/wp-json\/wp\/v2\/product_cat?post=496"},{"taxonomy":"product_tag","embeddable":true,"href":"https:\/\/gogreen-schweiz.ch\/en\/wp-json\/wp\/v2\/product_tag?post=496"}],"curies":[{"name":"wp","href":"https:\/\/api.w.org\/{rel}","templated":true}]}}