{"id":502,"date":"2025-07-05T16:49:21","date_gmt":"2025-07-05T14:49:21","guid":{"rendered":"https:\/\/gogreen-schweiz.ch\/?post_type=product&#038;p=502"},"modified":"2025-11-18T14:06:21","modified_gmt":"2025-11-18T12:06:21","slug":"rosen-radieschen","status":"publish","type":"product","link":"https:\/\/gogreen-schweiz.ch\/en\/product\/rosen-radieschen\/","title":{"rendered":"Radieschen Rosen"},"content":{"rendered":"<h3 data-start=\"623\" data-end=\"670\">\ud83c\udf3f <strong data-start=\"630\" data-end=\"670\">N\u00e4hrwerte &amp; gesundheitliche Vorteile<\/strong><\/h3>\n<p data-start=\"672\" data-end=\"744\">Rosen-Radieschen-Microgreens enthalten eine geballte Portion N\u00e4hrstoffe:<\/p>\n<ul>\n<li data-start=\"748\" data-end=\"780\"><strong data-start=\"748\" data-end=\"761\">Vitamine:<\/strong> A, B, C, E und K<\/li>\n<li data-start=\"783\" data-end=\"835\"><strong data-start=\"783\" data-end=\"801\">Mineralstoffe:<\/strong> Fols\u00e4ure, Niacin, Kalium, Eisen<\/li>\n<li data-start=\"838\" data-end=\"932\"><strong data-start=\"838\" data-end=\"850\">Wirkung:<\/strong> Unterst\u00fctzen die Verdauung, st\u00e4rken das Immunsystem und f\u00f6rdern eine gesunde Haut<\/li>\n<\/ul>\n<p data-start=\"934\" data-end=\"994\">Ein echtes Powerpaket mit wenig Kalorien und viel Geschmack!<\/p>\n<h3 data-start=\"1001\" data-end=\"1029\">\ud83c\udf7d\ufe0f <strong data-start=\"1009\" data-end=\"1029\">Verwendungsideen<\/strong><\/h3>\n<p data-start=\"1031\" data-end=\"1041\">Ideal f\u00fcr:<\/p>\n<ul>\n<li data-start=\"1045\" data-end=\"1088\"><strong data-start=\"1045\" data-end=\"1064\">Pestos &amp; Saucen<\/strong> \u2013 f\u00fcr w\u00fcrzige Frische<\/li>\n<li data-start=\"1091\" data-end=\"1136\"><strong data-start=\"1091\" data-end=\"1109\">Salate &amp; Bowls<\/strong> \u2013 als Basis oder Topping<\/li>\n<li data-start=\"1139\" data-end=\"1184\"><strong data-start=\"1139\" data-end=\"1161\">Sandwiches &amp; Wraps<\/strong> \u2013 f\u00fcr Textur &amp; Aroma<\/li>\n<li data-start=\"1187\" data-end=\"1246\"><strong data-start=\"1187\" data-end=\"1200\">Toppings:<\/strong> Auf Eierspeisen, Pizza oder Gem\u00fcsegerichten<\/li>\n<li data-start=\"1249\" data-end=\"1280\"><strong data-start=\"1249\" data-end=\"1280\">Garnitur f\u00fcr Gourmet-Teller<\/strong><\/li>\n<\/ul>\n<p data-start=\"1282\" data-end=\"1381\">\ud83d\udc49 Roh genie\u00dfen, um die wertvollen Inhaltsstoffe und die angenehme Sch\u00e4rfe bestm\u00f6glich zu erhalten.<\/p>\n<h3 data-start=\"1388\" data-end=\"1412\">\ud83c\udfa8 <strong data-start=\"1395\" data-end=\"1412\">Produktprofil<\/strong><\/h3>\n<ul>\n<li data-start=\"1416\" data-end=\"1447\"><strong data-start=\"1416\" data-end=\"1430\">Geschmack:<\/strong> kr\u00e4ftig-w\u00fcrzig<\/li>\n<li data-start=\"1450\" data-end=\"1471\"><strong data-start=\"1450\" data-end=\"1460\">Stiel:<\/strong> zartrosa<\/li>\n<li data-start=\"1474\" data-end=\"1493\"><strong data-start=\"1474\" data-end=\"1486\">Bl\u00e4tter:<\/strong> gr\u00fcn<\/li>\n<li data-start=\"1496\" data-end=\"1542\"><strong data-start=\"1496\" data-end=\"1511\">N\u00e4hrstoffe:<\/strong> A, B, C, E, K, Fols\u00e4ure, Fe, K<\/li>\n<\/ul>\n<p>&nbsp;<\/p>\n<h2 data-start=\"803\" data-end=\"856\"><strong data-start=\"806\" data-end=\"856\">Wichtige Informationen zu frischer Microgreens<\/strong><\/h2>\n<p data-start=\"857\" data-end=\"978\">Dieses Produkt ist <strong data-start=\"876\" data-end=\"901\">nur als Vorbestellung<\/strong> erh\u00e4ltlich.<br data-start=\"913\" data-end=\"916\" \/>Die Vorbereitungszeit betr\u00e4gt etwa <strong data-start=\"951\" data-end=\"961\">7 Tage<\/strong> ab Bestelldatum.<\/p>\n<p data-start=\"980\" data-end=\"1193\">Die Lieferung von frischer Microgreens ist <strong data-start=\"1023\" data-end=\"1065\">nur in bestimmten Regionen der Schweiz<\/strong> m\u00f6glich.<br data-start=\"1074\" data-end=\"1077\" \/>Vor Ihrer Bestellung <strong data-start=\"1098\" data-end=\"1136\">empfehlen wir, uns zu kontaktieren<\/strong>, um die Lieferm\u00f6glichkeit an Ihre Adresse zu best\u00e4tigen.<\/p>\n<p data-start=\"1241\" data-end=\"1336\"><strong data-start=\"1241\" data-end=\"1336\">Vielleicht wollten Sie lyophilisierte Microgreens, <a href=\"https:\/\/gogreen-schweiz.ch\/en\/product\/radieschen-rosen-samen\/\">Samen<\/a> oder <a href=\"https:\/\/gogreen-schweiz.ch\/en\/product\/radieschen-pulver\/\">Microgreens-Pulver<\/a> bestellen.<\/strong><\/p>","protected":false},"excerpt":{"rendered":"<p>Diese besondere Sorte aus der Rettich-Familie \u00fcberzeugt mit <strong data-start=\"371\" data-end=\"420\">zarten rosa Stielen, frischen gr\u00fcnen Bl\u00e4ttern<\/strong> und einem der <strong data-start=\"435\" data-end=\"463\">intensivsten Geschm\u00e4cker<\/strong> im gesamten Sortiment. Die <strong data-start=\"491\" data-end=\"509\">gr\u00f6sseren Samen<\/strong> sorgen f\u00fcr eine extra knackige Textur \u2013 perfekt f\u00fcr kreative K\u00fcchenideen und gesundheitsbewusste Geniesser.<\/p>","protected":false},"featured_media":503,"template":"","meta":{"_coblocks_attr":"","_coblocks_dimensions":"","_coblocks_responsive_height":"","_coblocks_accordion_ie_support":"","wprm-recipe-roundup-name":"","wprm-recipe-roundup-description":""},"product_brand":[],"product_cat":[30],"product_tag":[35,43,32,27,28,34],"class_list":{"0":"post-502","1":"product","2":"type-product","3":"status-publish","4":"has-post-thumbnail","6":"product_cat-microgreen","7":"product_tag-bowl","8":"product_tag-fleisch","9":"product_tag-garnitur","10":"product_tag-salat","11":"product_tag-sandwich","12":"product_tag-wrap","13":"product_shipping_class-fresh","15":"first","16":"onbackorder","17":"taxable","18":"shipping-taxable","19":"purchasable","20":"product-type-simple"},"yoast_head":"<!-- This site is optimized with the Yoast SEO plugin v27.5 - https:\/\/yoast.com\/product\/yoast-seo-wordpress\/ -->\n<title>Radieschen Rosen - Go Green - Schweiz GmbH<\/title>\n<meta name=\"description\" content=\"W\u00fcrzig, farbenfroh &amp; voller Vitamine: Rose-Radieschen-Microgreens mit rosa Stiel &amp; intensivem Geschmack \u2013 ideal f\u00fcr Salate, Pesto &amp; Bowls.\" \/>\n<meta name=\"robots\" content=\"index, follow, max-snippet:-1, max-image-preview:large, max-video-preview:-1\" \/>\n<link rel=\"canonical\" href=\"https:\/\/gogreen-schweiz.ch\/en\/product\/rosen-radieschen\/\" \/>\n<meta property=\"og:locale\" content=\"en_GB\" \/>\n<meta property=\"og:type\" content=\"article\" \/>\n<meta property=\"og:title\" content=\"Radieschen Rosen - Go Green - Schweiz GmbH\" \/>\n<meta property=\"og:description\" content=\"W\u00fcrzig, farbenfroh &amp; voller Vitamine: Rose-Radieschen-Microgreens mit rosa Stiel &amp; intensivem Geschmack \u2013 ideal f\u00fcr Salate, Pesto &amp; Bowls.\" \/>\n<meta property=\"og:url\" content=\"https:\/\/gogreen-schweiz.ch\/en\/product\/rosen-radieschen\/\" \/>\n<meta property=\"og:site_name\" content=\"Go Green - Schweiz GmbH\" \/>\n<meta property=\"article:modified_time\" content=\"2025-11-18T12:06:21+00:00\" \/>\n<meta property=\"og:image\" content=\"https:\/\/gogreen-schweiz.ch\/wp-content\/uploads\/2025\/07\/Rose-1.webp\" \/>\n\t<meta property=\"og:image:width\" content=\"664\" \/>\n\t<meta property=\"og:image:height\" content=\"664\" \/>\n\t<meta property=\"og:image:type\" content=\"image\/webp\" \/>\n<meta name=\"twitter:card\" content=\"summary_large_image\" \/>\n<meta name=\"twitter:label1\" content=\"Estimated reading time\" \/>\n\t<meta name=\"twitter:data1\" content=\"2 minutes\" \/>\n<script type=\"application\/ld+json\" class=\"yoast-schema-graph\">{\"@context\":\"https:\\\/\\\/schema.org\",\"@graph\":[{\"@type\":\"WebPage\",\"@id\":\"https:\\\/\\\/gogreen-schweiz.ch\\\/product\\\/rosen-radieschen\\\/\",\"url\":\"https:\\\/\\\/gogreen-schweiz.ch\\\/product\\\/rosen-radieschen\\\/\",\"name\":\"Radieschen Rosen - Go Green - Schweiz GmbH\",\"isPartOf\":{\"@id\":\"https:\\\/\\\/gogreen-schweiz.ch\\\/#website\"},\"primaryImageOfPage\":{\"@id\":\"https:\\\/\\\/gogreen-schweiz.ch\\\/product\\\/rosen-radieschen\\\/#primaryimage\"},\"image\":{\"@id\":\"https:\\\/\\\/gogreen-schweiz.ch\\\/product\\\/rosen-radieschen\\\/#primaryimage\"},\"thumbnailUrl\":\"https:\\\/\\\/gogreen-schweiz.ch\\\/wp-content\\\/uploads\\\/2025\\\/07\\\/Rose-1.webp\",\"datePublished\":\"2025-07-05T14:49:21+00:00\",\"dateModified\":\"2025-11-18T12:06:21+00:00\",\"description\":\"W\u00fcrzig, farbenfroh & voller Vitamine: Rose-Radieschen-Microgreens mit rosa Stiel & intensivem Geschmack \u2013 ideal f\u00fcr Salate, Pesto & Bowls.\",\"breadcrumb\":{\"@id\":\"https:\\\/\\\/gogreen-schweiz.ch\\\/product\\\/rosen-radieschen\\\/#breadcrumb\"},\"inLanguage\":\"en-GB\",\"potentialAction\":[{\"@type\":\"ReadAction\",\"target\":[\"https:\\\/\\\/gogreen-schweiz.ch\\\/product\\\/rosen-radieschen\\\/\"]}]},{\"@type\":\"ImageObject\",\"inLanguage\":\"en-GB\",\"@id\":\"https:\\\/\\\/gogreen-schweiz.ch\\\/product\\\/rosen-radieschen\\\/#primaryimage\",\"url\":\"https:\\\/\\\/gogreen-schweiz.ch\\\/wp-content\\\/uploads\\\/2025\\\/07\\\/Rose-1.webp\",\"contentUrl\":\"https:\\\/\\\/gogreen-schweiz.ch\\\/wp-content\\\/uploads\\\/2025\\\/07\\\/Rose-1.webp\",\"width\":664,\"height\":664,\"caption\":\"Radish microgreens\"},{\"@type\":\"BreadcrumbList\",\"@id\":\"https:\\\/\\\/gogreen-schweiz.ch\\\/product\\\/rosen-radieschen\\\/#breadcrumb\",\"itemListElement\":[{\"@type\":\"ListItem\",\"position\":1,\"name\":\"Home\",\"item\":\"https:\\\/\\\/gogreen-schweiz.ch\\\/\"},{\"@type\":\"ListItem\",\"position\":2,\"name\":\"Shop\",\"item\":\"https:\\\/\\\/gogreen-schweiz.ch\\\/shop\\\/\"},{\"@type\":\"ListItem\",\"position\":3,\"name\":\"Radieschen Rosen\"}]},{\"@type\":\"WebSite\",\"@id\":\"https:\\\/\\\/gogreen-schweiz.ch\\\/#website\",\"url\":\"https:\\\/\\\/gogreen-schweiz.ch\\\/\",\"name\":\"Go Green - Schweiz GmbH\",\"description\":\"\",\"publisher\":{\"@id\":\"https:\\\/\\\/gogreen-schweiz.ch\\\/#organization\"},\"potentialAction\":[{\"@type\":\"SearchAction\",\"target\":{\"@type\":\"EntryPoint\",\"urlTemplate\":\"https:\\\/\\\/gogreen-schweiz.ch\\\/?s={search_term_string}\"},\"query-input\":{\"@type\":\"PropertyValueSpecification\",\"valueRequired\":true,\"valueName\":\"search_term_string\"}}],\"inLanguage\":\"en-GB\"},{\"@type\":\"Organization\",\"@id\":\"https:\\\/\\\/gogreen-schweiz.ch\\\/#organization\",\"name\":\"Go Green - Schweiz GmbH\",\"url\":\"https:\\\/\\\/gogreen-schweiz.ch\\\/\",\"logo\":{\"@type\":\"ImageObject\",\"inLanguage\":\"en-GB\",\"@id\":\"https:\\\/\\\/gogreen-schweiz.ch\\\/#\\\/schema\\\/logo\\\/image\\\/\",\"url\":\"https:\\\/\\\/gogreen-schweiz.ch\\\/wp-content\\\/uploads\\\/2025\\\/07\\\/cropped-Go-Green.webp\",\"contentUrl\":\"https:\\\/\\\/gogreen-schweiz.ch\\\/wp-content\\\/uploads\\\/2025\\\/07\\\/cropped-Go-Green.webp\",\"width\":512,\"height\":512,\"caption\":\"Go Green - Schweiz GmbH\"},\"image\":{\"@id\":\"https:\\\/\\\/gogreen-schweiz.ch\\\/#\\\/schema\\\/logo\\\/image\\\/\"},\"sameAs\":[\"https:\\\/\\\/www.instagram.com\\\/gogreenschweiz\"]}]}<\/script>\n<!-- \/ Yoast SEO plugin. -->","yoast_head_json":{"title":"Radieschen Rosen - Go Green - Schweiz GmbH","description":"W\u00fcrzig, farbenfroh & voller Vitamine: Rose-Radieschen-Microgreens mit rosa Stiel & intensivem Geschmack \u2013 ideal f\u00fcr Salate, Pesto & Bowls.","robots":{"index":"index","follow":"follow","max-snippet":"max-snippet:-1","max-image-preview":"max-image-preview:large","max-video-preview":"max-video-preview:-1"},"canonical":"https:\/\/gogreen-schweiz.ch\/en\/product\/rosen-radieschen\/","og_locale":"en_GB","og_type":"article","og_title":"Radieschen Rosen - Go Green - Schweiz GmbH","og_description":"W\u00fcrzig, farbenfroh & voller Vitamine: Rose-Radieschen-Microgreens mit rosa Stiel & intensivem Geschmack \u2013 ideal f\u00fcr Salate, Pesto & Bowls.","og_url":"https:\/\/gogreen-schweiz.ch\/en\/product\/rosen-radieschen\/","og_site_name":"Go Green - Schweiz GmbH","article_modified_time":"2025-11-18T12:06:21+00:00","og_image":[{"width":664,"height":664,"url":"https:\/\/gogreen-schweiz.ch\/wp-content\/uploads\/2025\/07\/Rose-1.webp","type":"image\/webp"}],"twitter_card":"summary_large_image","twitter_misc":{"Estimated reading time":"2 minutes"},"schema":{"@context":"https:\/\/schema.org","@graph":[{"@type":"WebPage","@id":"https:\/\/gogreen-schweiz.ch\/product\/rosen-radieschen\/","url":"https:\/\/gogreen-schweiz.ch\/product\/rosen-radieschen\/","name":"Radieschen Rosen - Go Green - Schweiz GmbH","isPartOf":{"@id":"https:\/\/gogreen-schweiz.ch\/#website"},"primaryImageOfPage":{"@id":"https:\/\/gogreen-schweiz.ch\/product\/rosen-radieschen\/#primaryimage"},"image":{"@id":"https:\/\/gogreen-schweiz.ch\/product\/rosen-radieschen\/#primaryimage"},"thumbnailUrl":"https:\/\/gogreen-schweiz.ch\/wp-content\/uploads\/2025\/07\/Rose-1.webp","datePublished":"2025-07-05T14:49:21+00:00","dateModified":"2025-11-18T12:06:21+00:00","description":"W\u00fcrzig, farbenfroh & voller Vitamine: Rose-Radieschen-Microgreens mit rosa Stiel & intensivem Geschmack \u2013 ideal f\u00fcr Salate, Pesto & Bowls.","breadcrumb":{"@id":"https:\/\/gogreen-schweiz.ch\/product\/rosen-radieschen\/#breadcrumb"},"inLanguage":"en-GB","potentialAction":[{"@type":"ReadAction","target":["https:\/\/gogreen-schweiz.ch\/product\/rosen-radieschen\/"]}]},{"@type":"ImageObject","inLanguage":"en-GB","@id":"https:\/\/gogreen-schweiz.ch\/product\/rosen-radieschen\/#primaryimage","url":"https:\/\/gogreen-schweiz.ch\/wp-content\/uploads\/2025\/07\/Rose-1.webp","contentUrl":"https:\/\/gogreen-schweiz.ch\/wp-content\/uploads\/2025\/07\/Rose-1.webp","width":664,"height":664,"caption":"Radish microgreens"},{"@type":"BreadcrumbList","@id":"https:\/\/gogreen-schweiz.ch\/product\/rosen-radieschen\/#breadcrumb","itemListElement":[{"@type":"ListItem","position":1,"name":"Home","item":"https:\/\/gogreen-schweiz.ch\/"},{"@type":"ListItem","position":2,"name":"Shop","item":"https:\/\/gogreen-schweiz.ch\/shop\/"},{"@type":"ListItem","position":3,"name":"Radieschen Rosen"}]},{"@type":"WebSite","@id":"https:\/\/gogreen-schweiz.ch\/#website","url":"https:\/\/gogreen-schweiz.ch\/","name":"Go Green - Schweiz GmbH","description":"","publisher":{"@id":"https:\/\/gogreen-schweiz.ch\/#organization"},"potentialAction":[{"@type":"SearchAction","target":{"@type":"EntryPoint","urlTemplate":"https:\/\/gogreen-schweiz.ch\/?s={search_term_string}"},"query-input":{"@type":"PropertyValueSpecification","valueRequired":true,"valueName":"search_term_string"}}],"inLanguage":"en-GB"},{"@type":"Organization","@id":"https:\/\/gogreen-schweiz.ch\/#organization","name":"Go Green - Schweiz GmbH","url":"https:\/\/gogreen-schweiz.ch\/","logo":{"@type":"ImageObject","inLanguage":"en-GB","@id":"https:\/\/gogreen-schweiz.ch\/#\/schema\/logo\/image\/","url":"https:\/\/gogreen-schweiz.ch\/wp-content\/uploads\/2025\/07\/cropped-Go-Green.webp","contentUrl":"https:\/\/gogreen-schweiz.ch\/wp-content\/uploads\/2025\/07\/cropped-Go-Green.webp","width":512,"height":512,"caption":"Go Green - Schweiz GmbH"},"image":{"@id":"https:\/\/gogreen-schweiz.ch\/#\/schema\/logo\/image\/"},"sameAs":["https:\/\/www.instagram.com\/gogreenschweiz"]}]}},"jetpack_sharing_enabled":true,"_links":{"self":[{"href":"https:\/\/gogreen-schweiz.ch\/en\/wp-json\/wp\/v2\/product\/502","targetHints":{"allow":["GET"]}}],"collection":[{"href":"https:\/\/gogreen-schweiz.ch\/en\/wp-json\/wp\/v2\/product"}],"about":[{"href":"https:\/\/gogreen-schweiz.ch\/en\/wp-json\/wp\/v2\/types\/product"}],"wp:featuredmedia":[{"embeddable":true,"href":"https:\/\/gogreen-schweiz.ch\/en\/wp-json\/wp\/v2\/media\/503"}],"wp:attachment":[{"href":"https:\/\/gogreen-schweiz.ch\/en\/wp-json\/wp\/v2\/media?parent=502"}],"wp:term":[{"taxonomy":"product_brand","embeddable":true,"href":"https:\/\/gogreen-schweiz.ch\/en\/wp-json\/wp\/v2\/product_brand?post=502"},{"taxonomy":"product_cat","embeddable":true,"href":"https:\/\/gogreen-schweiz.ch\/en\/wp-json\/wp\/v2\/product_cat?post=502"},{"taxonomy":"product_tag","embeddable":true,"href":"https:\/\/gogreen-schweiz.ch\/en\/wp-json\/wp\/v2\/product_tag?post=502"}],"curies":[{"name":"wp","href":"https:\/\/api.w.org\/{rel}","templated":true}]}}