{"id":514,"date":"2025-07-06T19:35:13","date_gmt":"2025-07-06T17:35:13","guid":{"rendered":"https:\/\/gogreen-schweiz.ch\/?post_type=product&#038;p=514"},"modified":"2025-11-18T14:09:10","modified_gmt":"2025-11-18T12:09:10","slug":"radieschen-micro-mix","status":"publish","type":"product","link":"https:\/\/gogreen-schweiz.ch\/en\/product\/radieschen-micro-mix\/","title":{"rendered":"Radieschen Micro Mix"},"content":{"rendered":"<h3 data-start=\"575\" data-end=\"631\">\ud83c\udf3f <strong data-start=\"582\" data-end=\"631\">N\u00e4hrstoffpower wie bei den \u201evier Musketieren\u201c<\/strong><\/h3>\n<ul>\n<li data-start=\"635\" data-end=\"743\"><strong data-start=\"635\" data-end=\"658\">Daikon-Microgreens:<\/strong> herzf\u00f6rmige Bl\u00e4tter, reich an Vitamin C &amp; Antioxidantien \u2013 st\u00e4rken das Immunsystem<\/li>\n<li data-start=\"746\" data-end=\"818\"><strong data-start=\"746\" data-end=\"760\">Red Rambo:<\/strong> ballaststoffreich, kalorienarm und kr\u00e4ftig im Geschmack<\/li>\n<li data-start=\"821\" data-end=\"935\"><strong data-start=\"821\" data-end=\"844\">Rose &amp; Pink Radish:<\/strong> liefern Fols\u00e4ure, Eisen, Vitamine A, B, E und K \u2013 gut f\u00fcr Haut, Kreislauf und Zellschutz<\/li>\n<\/ul>\n<p data-start=\"937\" data-end=\"1009\">\ud83d\udc49 Die Mischung enth\u00e4lt alles, was dein K\u00f6rper liebt \u2013 und das mit Stil.<\/p>\n<h3 data-start=\"1016\" data-end=\"1074\">\ud83c\udf7d\ufe0f <strong data-start=\"1024\" data-end=\"1074\">So verwendest du Radish Micro Mix in der K\u00fcche<\/strong><\/h3>\n<ul>\n<li data-start=\"1078\" data-end=\"1122\">Auf <strong data-start=\"1082\" data-end=\"1099\">Avocado-Toast<\/strong> oder <strong data-start=\"1105\" data-end=\"1120\">Eierspeisen<\/strong><\/li>\n<li data-start=\"1125\" data-end=\"1169\">Als <strong data-start=\"1129\" data-end=\"1167\">Topping f\u00fcr Salate, Bowls &amp; Suppen<\/strong><\/li>\n<li data-start=\"1172\" data-end=\"1208\">In <strong data-start=\"1175\" data-end=\"1206\">Wraps, Sandwiches &amp; Burgern<\/strong><\/li>\n<li data-start=\"1211\" data-end=\"1239\">Als <strong data-start=\"1215\" data-end=\"1237\">Deko mit Geschmack<\/strong><\/li>\n<li data-start=\"1242\" data-end=\"1295\">Im <strong data-start=\"1245\" data-end=\"1264\">gr\u00fcnen Smoothie<\/strong> f\u00fcr extra Sch\u00e4rfe &amp; N\u00e4hrstoffe<\/li>\n<\/ul>\n<h3 data-start=\"1302\" data-end=\"1326\">\ud83c\udfa8 <strong data-start=\"1309\" data-end=\"1326\">Produktprofil<\/strong><\/h3>\n<ul>\n<li data-start=\"1330\" data-end=\"1360\"><strong data-start=\"1330\" data-end=\"1344\">Geschmack:<\/strong> w\u00fcrzig-frisch<\/li>\n<li data-start=\"1363\" data-end=\"1389\"><strong data-start=\"1363\" data-end=\"1373\">Stiel:<\/strong> rosa bis weiss<\/li>\n<li data-start=\"1392\" data-end=\"1411\"><strong data-start=\"1392\" data-end=\"1404\">Bl\u00e4tter:<\/strong> gr\u00fcn<\/li>\n<li data-start=\"1414\" data-end=\"1460\"><strong data-start=\"1414\" data-end=\"1429\">N\u00e4hrstoffe:<\/strong> A, B, C, E, K, Eisen, Phosphor<\/li>\n<\/ul>\n<p>&nbsp;<\/p>\n<h2 data-start=\"803\" data-end=\"856\"><strong data-start=\"806\" data-end=\"856\">Wichtige Informationen zu frischer Microgreens<\/strong><\/h2>\n<p data-start=\"857\" data-end=\"978\">Dieses Produkt ist <strong data-start=\"876\" data-end=\"901\">nur als Vorbestellung<\/strong> erh\u00e4ltlich.<br data-start=\"913\" data-end=\"916\" \/>Die Vorbereitungszeit betr\u00e4gt etwa <strong data-start=\"951\" data-end=\"961\">7 Tage<\/strong> ab Bestelldatum.<\/p>\n<p data-start=\"980\" data-end=\"1193\">Die Lieferung von frischer Microgreens ist <strong data-start=\"1023\" data-end=\"1065\">nur in bestimmten Regionen der Schweiz<\/strong> m\u00f6glich.<br data-start=\"1074\" data-end=\"1077\" \/>Vor Ihrer Bestellung <strong data-start=\"1098\" data-end=\"1136\">empfehlen wir, uns zu kontaktieren<\/strong>, um die Lieferm\u00f6glichkeit an Ihre Adresse zu best\u00e4tigen.<\/p>\n<p data-start=\"1241\" data-end=\"1336\"><strong data-start=\"1241\" data-end=\"1336\">Vielleicht wollten Sie lyophilisierte Microgreens, <a href=\"https:\/\/gogreen-schweiz.ch\/en\/product\/radieschen-micro-mix-samen\/\">Samen<\/a> oder <a href=\"https:\/\/gogreen-schweiz.ch\/en\/product\/radieschen-pulver\/\">Microgreens-Pulver<\/a> bestellen.<\/strong><\/p>","protected":false},"excerpt":{"rendered":"<p>Diese bunte Mischung vereint das Beste aus vier Rettichsorten: <strong data-start=\"385\" data-end=\"435\">Red Rambo, Pink Radish, Rose Radish und Daikon<\/strong>. Knackige Textur, intensive Farbe und ein w\u00fcrziger Geschmack \u2013 ideal f\u00fcr alle, die Abwechslung und Gesundheit auf dem Teller lieben.<\/p>","protected":false},"featured_media":512,"template":"","meta":{"_coblocks_attr":"","_coblocks_dimensions":"","_coblocks_responsive_height":"","_coblocks_accordion_ie_support":"","wprm-recipe-roundup-name":"","wprm-recipe-roundup-description":""},"product_brand":[],"product_cat":[30],"product_tag":[35,38,43,27,28,33,36,34],"class_list":{"0":"post-514","1":"product","2":"type-product","3":"status-publish","4":"has-post-thumbnail","6":"product_cat-microgreen","7":"product_tag-bowl","8":"product_tag-eier","9":"product_tag-fleisch","10":"product_tag-salat","11":"product_tag-sandwich","12":"product_tag-smoothie","13":"product_tag-suppe","14":"product_tag-wrap","15":"product_shipping_class-fresh","17":"first","18":"onbackorder","19":"taxable","20":"shipping-taxable","21":"purchasable","22":"product-type-simple"},"yoast_head":"<!-- This site is optimized with the Yoast SEO plugin v27.5 - https:\/\/yoast.com\/product\/yoast-seo-wordpress\/ -->\n<title>Radieschen Micro Mix - Go Green - Schweiz GmbH<\/title>\n<meta name=\"description\" content=\"Radieschen Micro Mix: aromatische, leicht scharfe Microgreens in Bio-Qualit\u00e4t. Reich an Vitamin C, Antioxidantien &amp; Mineralstoffen. Perfekt f\u00fcr Sandwiches, Bowls und Salate. Frisch aus Schweizer Anbau \u2013 jetzt bestellen!\" \/>\n<meta name=\"robots\" content=\"index, follow, max-snippet:-1, max-image-preview:large, max-video-preview:-1\" \/>\n<link rel=\"canonical\" href=\"https:\/\/gogreen-schweiz.ch\/en\/product\/radieschen-micro-mix\/\" \/>\n<meta property=\"og:locale\" content=\"en_GB\" \/>\n<meta property=\"og:type\" content=\"article\" \/>\n<meta property=\"og:title\" content=\"Radieschen Micro Mix - Go Green - Schweiz GmbH\" \/>\n<meta property=\"og:description\" content=\"Radieschen Micro Mix: aromatische, leicht scharfe Microgreens in Bio-Qualit\u00e4t. Reich an Vitamin C, Antioxidantien &amp; Mineralstoffen. Perfekt f\u00fcr Sandwiches, Bowls und Salate. Frisch aus Schweizer Anbau \u2013 jetzt bestellen!\" \/>\n<meta property=\"og:url\" content=\"https:\/\/gogreen-schweiz.ch\/en\/product\/radieschen-micro-mix\/\" \/>\n<meta property=\"og:site_name\" content=\"Go Green - Schweiz GmbH\" \/>\n<meta property=\"article:modified_time\" content=\"2025-11-18T12:09:10+00:00\" \/>\n<meta property=\"og:image\" content=\"https:\/\/gogreen-schweiz.ch\/wp-content\/uploads\/2025\/07\/Daikon-3.webp\" \/>\n\t<meta property=\"og:image:width\" content=\"600\" \/>\n\t<meta property=\"og:image:height\" content=\"600\" \/>\n\t<meta property=\"og:image:type\" content=\"image\/webp\" \/>\n<meta name=\"twitter:card\" content=\"summary_large_image\" \/>\n<meta name=\"twitter:label1\" content=\"Estimated reading time\" \/>\n\t<meta name=\"twitter:data1\" content=\"2 minutes\" \/>\n<script type=\"application\/ld+json\" class=\"yoast-schema-graph\">{\"@context\":\"https:\\\/\\\/schema.org\",\"@graph\":[{\"@type\":\"WebPage\",\"@id\":\"https:\\\/\\\/gogreen-schweiz.ch\\\/product\\\/radieschen-micro-mix\\\/\",\"url\":\"https:\\\/\\\/gogreen-schweiz.ch\\\/product\\\/radieschen-micro-mix\\\/\",\"name\":\"Radieschen Micro Mix - Go Green - Schweiz GmbH\",\"isPartOf\":{\"@id\":\"https:\\\/\\\/gogreen-schweiz.ch\\\/#website\"},\"primaryImageOfPage\":{\"@id\":\"https:\\\/\\\/gogreen-schweiz.ch\\\/product\\\/radieschen-micro-mix\\\/#primaryimage\"},\"image\":{\"@id\":\"https:\\\/\\\/gogreen-schweiz.ch\\\/product\\\/radieschen-micro-mix\\\/#primaryimage\"},\"thumbnailUrl\":\"https:\\\/\\\/gogreen-schweiz.ch\\\/wp-content\\\/uploads\\\/2025\\\/07\\\/Daikon-3.webp\",\"datePublished\":\"2025-07-06T17:35:13+00:00\",\"dateModified\":\"2025-11-18T12:09:10+00:00\",\"description\":\"Radieschen Micro Mix: aromatische, leicht scharfe Microgreens in Bio-Qualit\u00e4t. Reich an Vitamin C, Antioxidantien & Mineralstoffen. Perfekt f\u00fcr Sandwiches, Bowls und Salate. Frisch aus Schweizer Anbau \u2013 jetzt bestellen!\",\"breadcrumb\":{\"@id\":\"https:\\\/\\\/gogreen-schweiz.ch\\\/product\\\/radieschen-micro-mix\\\/#breadcrumb\"},\"inLanguage\":\"en-GB\",\"potentialAction\":[{\"@type\":\"ReadAction\",\"target\":[\"https:\\\/\\\/gogreen-schweiz.ch\\\/product\\\/radieschen-micro-mix\\\/\"]}]},{\"@type\":\"ImageObject\",\"inLanguage\":\"en-GB\",\"@id\":\"https:\\\/\\\/gogreen-schweiz.ch\\\/product\\\/radieschen-micro-mix\\\/#primaryimage\",\"url\":\"https:\\\/\\\/gogreen-schweiz.ch\\\/wp-content\\\/uploads\\\/2025\\\/07\\\/Daikon-3.webp\",\"contentUrl\":\"https:\\\/\\\/gogreen-schweiz.ch\\\/wp-content\\\/uploads\\\/2025\\\/07\\\/Daikon-3.webp\",\"width\":600,\"height\":600,\"caption\":\"Daikon microgreens\"},{\"@type\":\"BreadcrumbList\",\"@id\":\"https:\\\/\\\/gogreen-schweiz.ch\\\/product\\\/radieschen-micro-mix\\\/#breadcrumb\",\"itemListElement\":[{\"@type\":\"ListItem\",\"position\":1,\"name\":\"Home\",\"item\":\"https:\\\/\\\/gogreen-schweiz.ch\\\/\"},{\"@type\":\"ListItem\",\"position\":2,\"name\":\"Shop\",\"item\":\"https:\\\/\\\/gogreen-schweiz.ch\\\/shop\\\/\"},{\"@type\":\"ListItem\",\"position\":3,\"name\":\"Radieschen Micro Mix\"}]},{\"@type\":\"WebSite\",\"@id\":\"https:\\\/\\\/gogreen-schweiz.ch\\\/#website\",\"url\":\"https:\\\/\\\/gogreen-schweiz.ch\\\/\",\"name\":\"Go Green - Schweiz GmbH\",\"description\":\"\",\"publisher\":{\"@id\":\"https:\\\/\\\/gogreen-schweiz.ch\\\/#organization\"},\"potentialAction\":[{\"@type\":\"SearchAction\",\"target\":{\"@type\":\"EntryPoint\",\"urlTemplate\":\"https:\\\/\\\/gogreen-schweiz.ch\\\/?s={search_term_string}\"},\"query-input\":{\"@type\":\"PropertyValueSpecification\",\"valueRequired\":true,\"valueName\":\"search_term_string\"}}],\"inLanguage\":\"en-GB\"},{\"@type\":\"Organization\",\"@id\":\"https:\\\/\\\/gogreen-schweiz.ch\\\/#organization\",\"name\":\"Go Green - Schweiz GmbH\",\"url\":\"https:\\\/\\\/gogreen-schweiz.ch\\\/\",\"logo\":{\"@type\":\"ImageObject\",\"inLanguage\":\"en-GB\",\"@id\":\"https:\\\/\\\/gogreen-schweiz.ch\\\/#\\\/schema\\\/logo\\\/image\\\/\",\"url\":\"https:\\\/\\\/gogreen-schweiz.ch\\\/wp-content\\\/uploads\\\/2025\\\/07\\\/cropped-Go-Green.webp\",\"contentUrl\":\"https:\\\/\\\/gogreen-schweiz.ch\\\/wp-content\\\/uploads\\\/2025\\\/07\\\/cropped-Go-Green.webp\",\"width\":512,\"height\":512,\"caption\":\"Go Green - Schweiz GmbH\"},\"image\":{\"@id\":\"https:\\\/\\\/gogreen-schweiz.ch\\\/#\\\/schema\\\/logo\\\/image\\\/\"},\"sameAs\":[\"https:\\\/\\\/www.instagram.com\\\/gogreenschweiz\"]}]}<\/script>\n<!-- \/ Yoast SEO plugin. -->","yoast_head_json":{"title":"Radieschen Micro Mix - Go Green - Schweiz GmbH","description":"Radieschen Micro Mix: aromatische, leicht scharfe Microgreens in Bio-Qualit\u00e4t. Reich an Vitamin C, Antioxidantien & Mineralstoffen. Perfekt f\u00fcr Sandwiches, Bowls und Salate. Frisch aus Schweizer Anbau \u2013 jetzt bestellen!","robots":{"index":"index","follow":"follow","max-snippet":"max-snippet:-1","max-image-preview":"max-image-preview:large","max-video-preview":"max-video-preview:-1"},"canonical":"https:\/\/gogreen-schweiz.ch\/en\/product\/radieschen-micro-mix\/","og_locale":"en_GB","og_type":"article","og_title":"Radieschen Micro Mix - Go Green - Schweiz GmbH","og_description":"Radieschen Micro Mix: aromatische, leicht scharfe Microgreens in Bio-Qualit\u00e4t. Reich an Vitamin C, Antioxidantien & Mineralstoffen. Perfekt f\u00fcr Sandwiches, Bowls und Salate. Frisch aus Schweizer Anbau \u2013 jetzt bestellen!","og_url":"https:\/\/gogreen-schweiz.ch\/en\/product\/radieschen-micro-mix\/","og_site_name":"Go Green - Schweiz GmbH","article_modified_time":"2025-11-18T12:09:10+00:00","og_image":[{"width":600,"height":600,"url":"https:\/\/gogreen-schweiz.ch\/wp-content\/uploads\/2025\/07\/Daikon-3.webp","type":"image\/webp"}],"twitter_card":"summary_large_image","twitter_misc":{"Estimated reading time":"2 minutes"},"schema":{"@context":"https:\/\/schema.org","@graph":[{"@type":"WebPage","@id":"https:\/\/gogreen-schweiz.ch\/product\/radieschen-micro-mix\/","url":"https:\/\/gogreen-schweiz.ch\/product\/radieschen-micro-mix\/","name":"Radieschen Micro Mix - Go Green - Schweiz GmbH","isPartOf":{"@id":"https:\/\/gogreen-schweiz.ch\/#website"},"primaryImageOfPage":{"@id":"https:\/\/gogreen-schweiz.ch\/product\/radieschen-micro-mix\/#primaryimage"},"image":{"@id":"https:\/\/gogreen-schweiz.ch\/product\/radieschen-micro-mix\/#primaryimage"},"thumbnailUrl":"https:\/\/gogreen-schweiz.ch\/wp-content\/uploads\/2025\/07\/Daikon-3.webp","datePublished":"2025-07-06T17:35:13+00:00","dateModified":"2025-11-18T12:09:10+00:00","description":"Radieschen Micro Mix: aromatische, leicht scharfe Microgreens in Bio-Qualit\u00e4t. Reich an Vitamin C, Antioxidantien & Mineralstoffen. Perfekt f\u00fcr Sandwiches, Bowls und Salate. Frisch aus Schweizer Anbau \u2013 jetzt bestellen!","breadcrumb":{"@id":"https:\/\/gogreen-schweiz.ch\/product\/radieschen-micro-mix\/#breadcrumb"},"inLanguage":"en-GB","potentialAction":[{"@type":"ReadAction","target":["https:\/\/gogreen-schweiz.ch\/product\/radieschen-micro-mix\/"]}]},{"@type":"ImageObject","inLanguage":"en-GB","@id":"https:\/\/gogreen-schweiz.ch\/product\/radieschen-micro-mix\/#primaryimage","url":"https:\/\/gogreen-schweiz.ch\/wp-content\/uploads\/2025\/07\/Daikon-3.webp","contentUrl":"https:\/\/gogreen-schweiz.ch\/wp-content\/uploads\/2025\/07\/Daikon-3.webp","width":600,"height":600,"caption":"Daikon microgreens"},{"@type":"BreadcrumbList","@id":"https:\/\/gogreen-schweiz.ch\/product\/radieschen-micro-mix\/#breadcrumb","itemListElement":[{"@type":"ListItem","position":1,"name":"Home","item":"https:\/\/gogreen-schweiz.ch\/"},{"@type":"ListItem","position":2,"name":"Shop","item":"https:\/\/gogreen-schweiz.ch\/shop\/"},{"@type":"ListItem","position":3,"name":"Radieschen Micro Mix"}]},{"@type":"WebSite","@id":"https:\/\/gogreen-schweiz.ch\/#website","url":"https:\/\/gogreen-schweiz.ch\/","name":"Go Green - Schweiz GmbH","description":"","publisher":{"@id":"https:\/\/gogreen-schweiz.ch\/#organization"},"potentialAction":[{"@type":"SearchAction","target":{"@type":"EntryPoint","urlTemplate":"https:\/\/gogreen-schweiz.ch\/?s={search_term_string}"},"query-input":{"@type":"PropertyValueSpecification","valueRequired":true,"valueName":"search_term_string"}}],"inLanguage":"en-GB"},{"@type":"Organization","@id":"https:\/\/gogreen-schweiz.ch\/#organization","name":"Go Green - Schweiz GmbH","url":"https:\/\/gogreen-schweiz.ch\/","logo":{"@type":"ImageObject","inLanguage":"en-GB","@id":"https:\/\/gogreen-schweiz.ch\/#\/schema\/logo\/image\/","url":"https:\/\/gogreen-schweiz.ch\/wp-content\/uploads\/2025\/07\/cropped-Go-Green.webp","contentUrl":"https:\/\/gogreen-schweiz.ch\/wp-content\/uploads\/2025\/07\/cropped-Go-Green.webp","width":512,"height":512,"caption":"Go Green - Schweiz GmbH"},"image":{"@id":"https:\/\/gogreen-schweiz.ch\/#\/schema\/logo\/image\/"},"sameAs":["https:\/\/www.instagram.com\/gogreenschweiz"]}]}},"jetpack_sharing_enabled":true,"_links":{"self":[{"href":"https:\/\/gogreen-schweiz.ch\/en\/wp-json\/wp\/v2\/product\/514","targetHints":{"allow":["GET"]}}],"collection":[{"href":"https:\/\/gogreen-schweiz.ch\/en\/wp-json\/wp\/v2\/product"}],"about":[{"href":"https:\/\/gogreen-schweiz.ch\/en\/wp-json\/wp\/v2\/types\/product"}],"wp:featuredmedia":[{"embeddable":true,"href":"https:\/\/gogreen-schweiz.ch\/en\/wp-json\/wp\/v2\/media\/512"}],"wp:attachment":[{"href":"https:\/\/gogreen-schweiz.ch\/en\/wp-json\/wp\/v2\/media?parent=514"}],"wp:term":[{"taxonomy":"product_brand","embeddable":true,"href":"https:\/\/gogreen-schweiz.ch\/en\/wp-json\/wp\/v2\/product_brand?post=514"},{"taxonomy":"product_cat","embeddable":true,"href":"https:\/\/gogreen-schweiz.ch\/en\/wp-json\/wp\/v2\/product_cat?post=514"},{"taxonomy":"product_tag","embeddable":true,"href":"https:\/\/gogreen-schweiz.ch\/en\/wp-json\/wp\/v2\/product_tag?post=514"}],"curies":[{"name":"wp","href":"https:\/\/api.w.org\/{rel}","templated":true}]}}