{"id":516,"date":"2025-07-06T19:43:50","date_gmt":"2025-07-06T17:43:50","guid":{"rendered":"https:\/\/gogreen-schweiz.ch\/?post_type=product&#038;p=516"},"modified":"2025-11-18T14:10:05","modified_gmt":"2025-11-18T12:10:05","slug":"dunn-erbsen","status":"publish","type":"product","link":"https:\/\/gogreen-schweiz.ch\/en\/product\/dunn-erbsen\/","title":{"rendered":"Erbsen Dunn"},"content":{"rendered":"<h3 data-start=\"495\" data-end=\"543\">\ud83c\udf3f <strong data-start=\"502\" data-end=\"543\">Gesundheitliche Vorteile &amp; N\u00e4hrstoffe<\/strong><\/h3>\n<p data-start=\"545\" data-end=\"577\">Dunn-Erbsen-Microgreens liefern:<\/p>\n<ul>\n<li data-start=\"581\" data-end=\"673\"><strong data-start=\"581\" data-end=\"602\">Vitamine A, C &amp; K<\/strong> \u2013 f\u00fcr starke Knochen, gutes Sehverm\u00f6gen und ein gesundes Immunsystem<\/li>\n<li data-start=\"676\" data-end=\"748\"><strong data-start=\"676\" data-end=\"710\">Mineralien wie Kalzium &amp; Eisen<\/strong> \u2013 f\u00fcr Energie und Knochengesundheit<\/li>\n<li data-start=\"751\" data-end=\"820\"><strong data-start=\"751\" data-end=\"768\">Ballaststoffe<\/strong> \u2013 f\u00f6rdern die Verdauung und das Darmgleichgewicht<\/li>\n<li data-start=\"823\" data-end=\"892\"><strong data-start=\"823\" data-end=\"859\">Antioxidantien &amp; Phyton\u00e4hrstoffe<\/strong> \u2013 sch\u00fctzen vor oxidativem Stress<\/li>\n<\/ul>\n<p data-start=\"894\" data-end=\"921\">\ud83d\udca1 <em data-start=\"897\" data-end=\"919\">N\u00e4hrwerte pro 100 g:<\/em><\/p>\n<ul>\n<li data-start=\"924\" data-end=\"943\">Kalorien: 40 kcal<\/li>\n<li data-start=\"946\" data-end=\"960\">Protein: 4 g<\/li>\n<li data-start=\"963\" data-end=\"983\">Kohlenhydrate: 8 g<\/li>\n<li data-start=\"986\" data-end=\"999\">Fett: 0,5 g<\/li>\n<li data-start=\"1002\" data-end=\"1018\">Kalzium: 60 mg<\/li>\n<li data-start=\"1021\" data-end=\"1036\">Eisen: 2,5 mg<\/li>\n<li data-start=\"1039\" data-end=\"1055\">Kalium: 450 mg<\/li>\n<li data-start=\"1058\" data-end=\"1074\">Vitamin C: 55 mg<\/li>\n<\/ul>\n<h3 data-start=\"1081\" data-end=\"1123\">\ud83c\udf7d\ufe0f <strong data-start=\"1089\" data-end=\"1123\">Verwendungsideen f\u00fcr die K\u00fcche<\/strong><\/h3>\n<ul>\n<li data-start=\"1127\" data-end=\"1190\"><strong data-start=\"1127\" data-end=\"1141\">Salatbasis<\/strong> \u2013 frischer &amp; volumin\u00f6ser als klassischer Salat<\/li>\n<li data-start=\"1193\" data-end=\"1251\"><strong data-start=\"1193\" data-end=\"1218\">In Sandwiches &amp; Wraps<\/strong> \u2013 f\u00fcr mehr Crunch &amp; N\u00e4hrstoffe<\/li>\n<li data-start=\"1254\" data-end=\"1309\"><strong data-start=\"1254\" data-end=\"1269\">Im Smoothie<\/strong> \u2013 f\u00fcr extra Ballaststoffe und Frische<\/li>\n<li data-start=\"1312\" data-end=\"1373\"><strong data-start=\"1312\" data-end=\"1328\">Als Garnitur<\/strong> \u2013 auf Eierspeisen, Bowls, Reis oder Suppen<\/li>\n<li data-start=\"1376\" data-end=\"1436\"><strong data-start=\"1376\" data-end=\"1404\">F\u00fcr stylisches Anrichten<\/strong> \u2013 dank klarer Optik ohne Ranken<\/li>\n<\/ul>\n<h3 data-start=\"1443\" data-end=\"1476\">\ud83c\udf31 <strong data-start=\"1450\" data-end=\"1476\">Anbau &amp; Besonderheiten<\/strong><\/h3>\n<ul>\n<li data-start=\"1480\" data-end=\"1513\"><strong data-start=\"1480\" data-end=\"1511\">Erntebereit in nur 10 Tagen<\/strong><\/li>\n<li data-start=\"1516\" data-end=\"1588\"><strong data-start=\"1516\" data-end=\"1536\">Kein Rankenwuchs<\/strong> \u2013 einfache Handhabung &amp; sauberes Erscheinungsbild<\/li>\n<li data-start=\"1591\" data-end=\"1639\"><strong data-start=\"1591\" data-end=\"1639\">Zuverl\u00e4ssiger Ertrag &amp; unkomplizierter Anbau<\/strong><\/li>\n<\/ul>\n<p data-start=\"1641\" data-end=\"1749\">\ud83d\udc49 Ideal f\u00fcr alle, die <strong data-start=\"1664\" data-end=\"1682\">schnell ernten<\/strong>, <strong data-start=\"1684\" data-end=\"1700\">gesund essen<\/strong> und dabei nicht auf Geschmack verzichten wollen.<\/p>\n<h3 data-start=\"1756\" data-end=\"1780\">\ud83c\udfa8 <strong data-start=\"1763\" data-end=\"1780\">Produktprofil<\/strong><\/h3>\n<ul>\n<li data-start=\"1784\" data-end=\"1845\"><strong data-start=\"1784\" data-end=\"1798\">Geschmack:<\/strong> Frisch, leicht s\u00fcsslich, mit sanfter Nussnote<\/li>\n<li data-start=\"1848\" data-end=\"1875\"><strong data-start=\"1848\" data-end=\"1868\">Stiel &amp; Bl\u00e4tter:<\/strong> gr\u00fcn<\/li>\n<li data-start=\"1878\" data-end=\"1909\"><strong data-start=\"1878\" data-end=\"1893\">N\u00e4hrstoffe:<\/strong> A, C, K, Ca, Mg<\/li>\n<\/ul>\n<p>&nbsp;<\/p>\n<h2 data-start=\"803\" data-end=\"856\"><strong data-start=\"806\" data-end=\"856\">Wichtige Informationen zu frischer Microgreens<\/strong><\/h2>\n<p data-start=\"857\" data-end=\"978\">Dieses Produkt ist <strong data-start=\"876\" data-end=\"901\">nur als Vorbestellung<\/strong> erh\u00e4ltlich.<br data-start=\"913\" data-end=\"916\" \/>Die Vorbereitungszeit betr\u00e4gt etwa <strong data-start=\"951\" data-end=\"961\">7 Tage<\/strong> ab Bestelldatum.<\/p>\n<p data-start=\"980\" data-end=\"1193\">Die Lieferung von frischer Microgreens ist <strong data-start=\"1023\" data-end=\"1065\">nur in bestimmten Regionen der Schweiz<\/strong> m\u00f6glich.<br data-start=\"1074\" data-end=\"1077\" \/>Vor Ihrer Bestellung <strong data-start=\"1098\" data-end=\"1136\">empfehlen wir, uns zu kontaktieren<\/strong>, um die Lieferm\u00f6glichkeit an Ihre Adresse zu best\u00e4tigen.<\/p>\n<p data-start=\"1241\" data-end=\"1336\"><strong data-start=\"1241\" data-end=\"1336\">Vielleicht wollten Sie lyophilisierte Microgreens, <a href=\"https:\/\/gogreen-schweiz.ch\/en\/product\/erbsen-taiga-samen\/\">Samen<\/a> oder <a href=\"https:\/\/gogreen-schweiz.ch\/en\/product\/erbsen-pulver\/\">Microgreens-Pulver<\/a> bestellen.<\/strong><\/p>","protected":false},"excerpt":{"rendered":"<p><strong data-start=\"223\" data-end=\"298\">Schnell wachsend, ohne Ranken, mit langen Stielen und zarten Bl\u00e4ttern \u2013<\/strong> Dunn Pea ist die ideale Erbsen-Mikrogr\u00fcn-Sorte f\u00fcr Genie\u00dfer und Profis. Ihre knackige Textur und milde, leicht s\u00fc\u00dfliche Erbsennote machen sie zu einem Favoriten in der K\u00fcche und beim Anbau.<\/p>","protected":false},"featured_media":517,"template":"","meta":{"_coblocks_attr":"","_coblocks_dimensions":"","_coblocks_responsive_height":"","_coblocks_accordion_ie_support":"","wprm-recipe-roundup-name":"","wprm-recipe-roundup-description":""},"product_brand":[],"product_cat":[30],"product_tag":[32,27,28,33,34],"class_list":{"0":"post-516","1":"product","2":"type-product","3":"status-publish","4":"has-post-thumbnail","6":"product_cat-microgreen","7":"product_tag-garnitur","8":"product_tag-salat","9":"product_tag-sandwich","10":"product_tag-smoothie","11":"product_tag-wrap","12":"product_shipping_class-fresh","14":"first","15":"onbackorder","16":"taxable","17":"shipping-taxable","18":"purchasable","19":"product-type-simple"},"yoast_head":"<!-- This site is optimized with the Yoast SEO plugin v27.5 - https:\/\/yoast.com\/product\/yoast-seo-wordpress\/ -->\n<title>Erbsen Dunn - Go Green - Schweiz GmbH<\/title>\n<meta name=\"description\" content=\"Dunn Erbsen Microgreens: zarte, s\u00fcssliche Erbsensprossen voller Vitamine A, C, K und pflanzlichem Protein. Ideal f\u00fcr Salate, Sandwiches, Bowls und warme Gerichte. Frisch, bio &amp; nachhaltig in der Schweiz angebaut.\" \/>\n<meta name=\"robots\" content=\"index, follow, max-snippet:-1, max-image-preview:large, max-video-preview:-1\" \/>\n<link rel=\"canonical\" href=\"https:\/\/gogreen-schweiz.ch\/en\/product\/dunn-erbsen\/\" \/>\n<meta property=\"og:locale\" content=\"en_GB\" \/>\n<meta property=\"og:type\" content=\"article\" \/>\n<meta property=\"og:title\" content=\"Erbsen Dunn - Go Green - Schweiz GmbH\" \/>\n<meta property=\"og:description\" content=\"Dunn Erbsen Microgreens: zarte, s\u00fcssliche Erbsensprossen voller Vitamine A, C, K und pflanzlichem Protein. Ideal f\u00fcr Salate, Sandwiches, Bowls und warme Gerichte. Frisch, bio &amp; nachhaltig in der Schweiz angebaut.\" \/>\n<meta property=\"og:url\" content=\"https:\/\/gogreen-schweiz.ch\/en\/product\/dunn-erbsen\/\" \/>\n<meta property=\"og:site_name\" content=\"Go Green - Schweiz GmbH\" \/>\n<meta property=\"article:modified_time\" content=\"2025-11-18T12:10:05+00:00\" \/>\n<meta property=\"og:image\" content=\"https:\/\/gogreen-schweiz.ch\/wp-content\/uploads\/2025\/07\/Pea-Dunn-1.webp\" \/>\n\t<meta property=\"og:image:width\" content=\"733\" \/>\n\t<meta property=\"og:image:height\" content=\"733\" \/>\n\t<meta property=\"og:image:type\" content=\"image\/webp\" \/>\n<meta name=\"twitter:card\" content=\"summary_large_image\" \/>\n<meta name=\"twitter:label1\" content=\"Estimated reading time\" \/>\n\t<meta name=\"twitter:data1\" content=\"2 minutes\" \/>\n<script type=\"application\/ld+json\" class=\"yoast-schema-graph\">{\"@context\":\"https:\\\/\\\/schema.org\",\"@graph\":[{\"@type\":\"WebPage\",\"@id\":\"https:\\\/\\\/gogreen-schweiz.ch\\\/product\\\/dunn-erbsen\\\/\",\"url\":\"https:\\\/\\\/gogreen-schweiz.ch\\\/product\\\/dunn-erbsen\\\/\",\"name\":\"Erbsen Dunn - Go Green - Schweiz GmbH\",\"isPartOf\":{\"@id\":\"https:\\\/\\\/gogreen-schweiz.ch\\\/#website\"},\"primaryImageOfPage\":{\"@id\":\"https:\\\/\\\/gogreen-schweiz.ch\\\/product\\\/dunn-erbsen\\\/#primaryimage\"},\"image\":{\"@id\":\"https:\\\/\\\/gogreen-schweiz.ch\\\/product\\\/dunn-erbsen\\\/#primaryimage\"},\"thumbnailUrl\":\"https:\\\/\\\/gogreen-schweiz.ch\\\/wp-content\\\/uploads\\\/2025\\\/07\\\/Pea-Dunn-1.webp\",\"datePublished\":\"2025-07-06T17:43:50+00:00\",\"dateModified\":\"2025-11-18T12:10:05+00:00\",\"description\":\"Dunn Erbsen Microgreens: zarte, s\u00fcssliche Erbsensprossen voller Vitamine A, C, K und pflanzlichem Protein. Ideal f\u00fcr Salate, Sandwiches, Bowls und warme Gerichte. Frisch, bio & nachhaltig in der Schweiz angebaut.\",\"breadcrumb\":{\"@id\":\"https:\\\/\\\/gogreen-schweiz.ch\\\/product\\\/dunn-erbsen\\\/#breadcrumb\"},\"inLanguage\":\"en-GB\",\"potentialAction\":[{\"@type\":\"ReadAction\",\"target\":[\"https:\\\/\\\/gogreen-schweiz.ch\\\/product\\\/dunn-erbsen\\\/\"]}]},{\"@type\":\"ImageObject\",\"inLanguage\":\"en-GB\",\"@id\":\"https:\\\/\\\/gogreen-schweiz.ch\\\/product\\\/dunn-erbsen\\\/#primaryimage\",\"url\":\"https:\\\/\\\/gogreen-schweiz.ch\\\/wp-content\\\/uploads\\\/2025\\\/07\\\/Pea-Dunn-1.webp\",\"contentUrl\":\"https:\\\/\\\/gogreen-schweiz.ch\\\/wp-content\\\/uploads\\\/2025\\\/07\\\/Pea-Dunn-1.webp\",\"width\":733,\"height\":733,\"caption\":\"Erbsen microgreens\"},{\"@type\":\"BreadcrumbList\",\"@id\":\"https:\\\/\\\/gogreen-schweiz.ch\\\/product\\\/dunn-erbsen\\\/#breadcrumb\",\"itemListElement\":[{\"@type\":\"ListItem\",\"position\":1,\"name\":\"Home\",\"item\":\"https:\\\/\\\/gogreen-schweiz.ch\\\/\"},{\"@type\":\"ListItem\",\"position\":2,\"name\":\"Shop\",\"item\":\"https:\\\/\\\/gogreen-schweiz.ch\\\/shop\\\/\"},{\"@type\":\"ListItem\",\"position\":3,\"name\":\"Erbsen Dunn\"}]},{\"@type\":\"WebSite\",\"@id\":\"https:\\\/\\\/gogreen-schweiz.ch\\\/#website\",\"url\":\"https:\\\/\\\/gogreen-schweiz.ch\\\/\",\"name\":\"Go Green - Schweiz GmbH\",\"description\":\"\",\"publisher\":{\"@id\":\"https:\\\/\\\/gogreen-schweiz.ch\\\/#organization\"},\"potentialAction\":[{\"@type\":\"SearchAction\",\"target\":{\"@type\":\"EntryPoint\",\"urlTemplate\":\"https:\\\/\\\/gogreen-schweiz.ch\\\/?s={search_term_string}\"},\"query-input\":{\"@type\":\"PropertyValueSpecification\",\"valueRequired\":true,\"valueName\":\"search_term_string\"}}],\"inLanguage\":\"en-GB\"},{\"@type\":\"Organization\",\"@id\":\"https:\\\/\\\/gogreen-schweiz.ch\\\/#organization\",\"name\":\"Go Green - Schweiz GmbH\",\"url\":\"https:\\\/\\\/gogreen-schweiz.ch\\\/\",\"logo\":{\"@type\":\"ImageObject\",\"inLanguage\":\"en-GB\",\"@id\":\"https:\\\/\\\/gogreen-schweiz.ch\\\/#\\\/schema\\\/logo\\\/image\\\/\",\"url\":\"https:\\\/\\\/gogreen-schweiz.ch\\\/wp-content\\\/uploads\\\/2025\\\/07\\\/cropped-Go-Green.webp\",\"contentUrl\":\"https:\\\/\\\/gogreen-schweiz.ch\\\/wp-content\\\/uploads\\\/2025\\\/07\\\/cropped-Go-Green.webp\",\"width\":512,\"height\":512,\"caption\":\"Go Green - Schweiz GmbH\"},\"image\":{\"@id\":\"https:\\\/\\\/gogreen-schweiz.ch\\\/#\\\/schema\\\/logo\\\/image\\\/\"},\"sameAs\":[\"https:\\\/\\\/www.instagram.com\\\/gogreenschweiz\"]}]}<\/script>\n<!-- \/ Yoast SEO plugin. -->","yoast_head_json":{"title":"Erbsen Dunn - Go Green - Schweiz GmbH","description":"Dunn Erbsen Microgreens: zarte, s\u00fcssliche Erbsensprossen voller Vitamine A, C, K und pflanzlichem Protein. Ideal f\u00fcr Salate, Sandwiches, Bowls und warme Gerichte. Frisch, bio & nachhaltig in der Schweiz angebaut.","robots":{"index":"index","follow":"follow","max-snippet":"max-snippet:-1","max-image-preview":"max-image-preview:large","max-video-preview":"max-video-preview:-1"},"canonical":"https:\/\/gogreen-schweiz.ch\/en\/product\/dunn-erbsen\/","og_locale":"en_GB","og_type":"article","og_title":"Erbsen Dunn - Go Green - Schweiz GmbH","og_description":"Dunn Erbsen Microgreens: zarte, s\u00fcssliche Erbsensprossen voller Vitamine A, C, K und pflanzlichem Protein. Ideal f\u00fcr Salate, Sandwiches, Bowls und warme Gerichte. Frisch, bio & nachhaltig in der Schweiz angebaut.","og_url":"https:\/\/gogreen-schweiz.ch\/en\/product\/dunn-erbsen\/","og_site_name":"Go Green - Schweiz GmbH","article_modified_time":"2025-11-18T12:10:05+00:00","og_image":[{"width":733,"height":733,"url":"https:\/\/gogreen-schweiz.ch\/wp-content\/uploads\/2025\/07\/Pea-Dunn-1.webp","type":"image\/webp"}],"twitter_card":"summary_large_image","twitter_misc":{"Estimated reading time":"2 minutes"},"schema":{"@context":"https:\/\/schema.org","@graph":[{"@type":"WebPage","@id":"https:\/\/gogreen-schweiz.ch\/product\/dunn-erbsen\/","url":"https:\/\/gogreen-schweiz.ch\/product\/dunn-erbsen\/","name":"Erbsen Dunn - Go Green - Schweiz GmbH","isPartOf":{"@id":"https:\/\/gogreen-schweiz.ch\/#website"},"primaryImageOfPage":{"@id":"https:\/\/gogreen-schweiz.ch\/product\/dunn-erbsen\/#primaryimage"},"image":{"@id":"https:\/\/gogreen-schweiz.ch\/product\/dunn-erbsen\/#primaryimage"},"thumbnailUrl":"https:\/\/gogreen-schweiz.ch\/wp-content\/uploads\/2025\/07\/Pea-Dunn-1.webp","datePublished":"2025-07-06T17:43:50+00:00","dateModified":"2025-11-18T12:10:05+00:00","description":"Dunn Erbsen Microgreens: zarte, s\u00fcssliche Erbsensprossen voller Vitamine A, C, K und pflanzlichem Protein. Ideal f\u00fcr Salate, Sandwiches, Bowls und warme Gerichte. Frisch, bio & nachhaltig in der Schweiz angebaut.","breadcrumb":{"@id":"https:\/\/gogreen-schweiz.ch\/product\/dunn-erbsen\/#breadcrumb"},"inLanguage":"en-GB","potentialAction":[{"@type":"ReadAction","target":["https:\/\/gogreen-schweiz.ch\/product\/dunn-erbsen\/"]}]},{"@type":"ImageObject","inLanguage":"en-GB","@id":"https:\/\/gogreen-schweiz.ch\/product\/dunn-erbsen\/#primaryimage","url":"https:\/\/gogreen-schweiz.ch\/wp-content\/uploads\/2025\/07\/Pea-Dunn-1.webp","contentUrl":"https:\/\/gogreen-schweiz.ch\/wp-content\/uploads\/2025\/07\/Pea-Dunn-1.webp","width":733,"height":733,"caption":"Erbsen microgreens"},{"@type":"BreadcrumbList","@id":"https:\/\/gogreen-schweiz.ch\/product\/dunn-erbsen\/#breadcrumb","itemListElement":[{"@type":"ListItem","position":1,"name":"Home","item":"https:\/\/gogreen-schweiz.ch\/"},{"@type":"ListItem","position":2,"name":"Shop","item":"https:\/\/gogreen-schweiz.ch\/shop\/"},{"@type":"ListItem","position":3,"name":"Erbsen Dunn"}]},{"@type":"WebSite","@id":"https:\/\/gogreen-schweiz.ch\/#website","url":"https:\/\/gogreen-schweiz.ch\/","name":"Go Green - Schweiz GmbH","description":"","publisher":{"@id":"https:\/\/gogreen-schweiz.ch\/#organization"},"potentialAction":[{"@type":"SearchAction","target":{"@type":"EntryPoint","urlTemplate":"https:\/\/gogreen-schweiz.ch\/?s={search_term_string}"},"query-input":{"@type":"PropertyValueSpecification","valueRequired":true,"valueName":"search_term_string"}}],"inLanguage":"en-GB"},{"@type":"Organization","@id":"https:\/\/gogreen-schweiz.ch\/#organization","name":"Go Green - Schweiz GmbH","url":"https:\/\/gogreen-schweiz.ch\/","logo":{"@type":"ImageObject","inLanguage":"en-GB","@id":"https:\/\/gogreen-schweiz.ch\/#\/schema\/logo\/image\/","url":"https:\/\/gogreen-schweiz.ch\/wp-content\/uploads\/2025\/07\/cropped-Go-Green.webp","contentUrl":"https:\/\/gogreen-schweiz.ch\/wp-content\/uploads\/2025\/07\/cropped-Go-Green.webp","width":512,"height":512,"caption":"Go Green - Schweiz GmbH"},"image":{"@id":"https:\/\/gogreen-schweiz.ch\/#\/schema\/logo\/image\/"},"sameAs":["https:\/\/www.instagram.com\/gogreenschweiz"]}]}},"jetpack_sharing_enabled":true,"_links":{"self":[{"href":"https:\/\/gogreen-schweiz.ch\/en\/wp-json\/wp\/v2\/product\/516","targetHints":{"allow":["GET"]}}],"collection":[{"href":"https:\/\/gogreen-schweiz.ch\/en\/wp-json\/wp\/v2\/product"}],"about":[{"href":"https:\/\/gogreen-schweiz.ch\/en\/wp-json\/wp\/v2\/types\/product"}],"wp:featuredmedia":[{"embeddable":true,"href":"https:\/\/gogreen-schweiz.ch\/en\/wp-json\/wp\/v2\/media\/517"}],"wp:attachment":[{"href":"https:\/\/gogreen-schweiz.ch\/en\/wp-json\/wp\/v2\/media?parent=516"}],"wp:term":[{"taxonomy":"product_brand","embeddable":true,"href":"https:\/\/gogreen-schweiz.ch\/en\/wp-json\/wp\/v2\/product_brand?post=516"},{"taxonomy":"product_cat","embeddable":true,"href":"https:\/\/gogreen-schweiz.ch\/en\/wp-json\/wp\/v2\/product_cat?post=516"},{"taxonomy":"product_tag","embeddable":true,"href":"https:\/\/gogreen-schweiz.ch\/en\/wp-json\/wp\/v2\/product_tag?post=516"}],"curies":[{"name":"wp","href":"https:\/\/api.w.org\/{rel}","templated":true}]}}