{"id":520,"date":"2025-07-06T19:49:50","date_gmt":"2025-07-06T17:49:50","guid":{"rendered":"https:\/\/gogreen-schweiz.ch\/?post_type=product&#038;p=520"},"modified":"2025-11-18T14:15:39","modified_gmt":"2025-11-18T12:15:39","slug":"foxy-erbsen","status":"publish","type":"product","link":"https:\/\/gogreen-schweiz.ch\/en\/product\/foxy-erbsen\/","title":{"rendered":"Erbsen Foxy"},"content":{"rendered":"<h3 data-start=\"503\" data-end=\"550\">\ud83c\udf3f <strong data-start=\"510\" data-end=\"550\">N\u00e4hrwerte &amp; gesundheitliche Vorteile<\/strong><\/h3>\n<p data-start=\"552\" data-end=\"609\">Foxy-Microgreens liefern eine kraftvolle Kombination aus:<\/p>\n<ul>\n<li data-start=\"613\" data-end=\"679\"><strong data-start=\"613\" data-end=\"641\">Vitamine A, C, K und B12<\/strong> \u2013 f\u00fcr Immunsystem, Haut und Energie<\/li>\n<li data-start=\"682\" data-end=\"742\"><strong data-start=\"682\" data-end=\"697\">Mineralien:<\/strong> Kalzium, Magnesium, Phosphor, Kalium, Zink<\/li>\n<li data-start=\"745\" data-end=\"827\"><strong data-start=\"745\" data-end=\"784\">Ballaststoffe &amp; pflanzliches Eiwei\u00df<\/strong> \u2013 gut f\u00fcr Verdauung &amp; Muskelregeneration<\/li>\n<li data-start=\"830\" data-end=\"892\"><strong data-start=\"830\" data-end=\"848\">Antioxidantien<\/strong> \u2013 wirken entz\u00fcndungshemmend &amp; zellsch\u00fctzend<\/li>\n<\/ul>\n<p data-start=\"894\" data-end=\"921\">\ud83d\udca1 <em data-start=\"897\" data-end=\"919\">N\u00e4hrwerte pro 100 g:<\/em><\/p>\n<ul>\n<li data-start=\"924\" data-end=\"943\">Kalorien: 40 kcal<\/li>\n<li data-start=\"946\" data-end=\"959\">Eiweiss: 4 g<\/li>\n<li data-start=\"962\" data-end=\"982\">Kohlenhydrate: 8 g<\/li>\n<li data-start=\"985\" data-end=\"998\">Fett: 0,5 g<\/li>\n<li data-start=\"1001\" data-end=\"1017\">Kalzium: 60 mg<\/li>\n<li data-start=\"1020\" data-end=\"1035\">Eisen: 2,5 mg<\/li>\n<li data-start=\"1038\" data-end=\"1054\">Kalium: 450 mg<\/li>\n<li data-start=\"1057\" data-end=\"1073\">Vitamin C: 55 mg<\/li>\n<\/ul>\n<h3 data-start=\"1080\" data-end=\"1123\">\ud83c\udf7d\ufe0f <strong data-start=\"1088\" data-end=\"1123\">K\u00fcchenideen mit Foxy-Erbsengr\u00fcn<\/strong><\/h3>\n<ul>\n<li data-start=\"1127\" data-end=\"1171\"><strong data-start=\"1127\" data-end=\"1145\">Salate &amp; Bowls<\/strong> \u2013 knackig und dekorativ<\/li>\n<li data-start=\"1174\" data-end=\"1231\"><strong data-start=\"1174\" data-end=\"1204\">Sandwiches, Wraps &amp; Burger<\/strong> \u2013 f\u00fcr Textur und Frische<\/li>\n<li data-start=\"1234\" data-end=\"1285\"><strong data-start=\"1234\" data-end=\"1246\">Garnitur<\/strong> \u2013 auf Suppen, Cremes, Hauptgerichten<\/li>\n<li data-start=\"1288\" data-end=\"1347\"><strong data-start=\"1288\" data-end=\"1321\">R\u00fchr- &amp; Spiegeleier, Omeletts<\/strong> \u2013 f\u00fcr Aroma und Eleganz<\/li>\n<li data-start=\"1350\" data-end=\"1406\"><strong data-start=\"1350\" data-end=\"1382\">Reisgerichte &amp; Getreidebowls<\/strong> \u2013 als frischer Topper<\/li>\n<li data-start=\"1409\" data-end=\"1467\"><strong data-start=\"1409\" data-end=\"1431\">Krostini &amp; Canap\u00e9s<\/strong> \u2013 zusammen mit Frischk\u00e4se &amp; Honig<\/li>\n<li data-start=\"1470\" data-end=\"1541\"><strong data-start=\"1470\" data-end=\"1497\">Sushi &amp; Sashimi-Platten<\/strong> \u2013 visuell und geschmacklich ein Highlight<\/li>\n<li data-start=\"1544\" data-end=\"1615\"><strong data-start=\"1544\" data-end=\"1577\">Kurz sautierte Gem\u00fcsegerichte<\/strong> \u2013 am Ende hinzugeben f\u00fcr Farbe &amp; Biss<\/li>\n<\/ul>\n<p data-start=\"1617\" data-end=\"1703\">\ud83d\udc49 Tipp: Immer <strong data-start=\"1632\" data-end=\"1660\">frisch vor dem Servieren<\/strong> hinzuf\u00fcgen, um Optik &amp; Textur zu erhalten.<\/p>\n<h3 data-start=\"1710\" data-end=\"1734\">\ud83c\udfa8 <strong data-start=\"1717\" data-end=\"1734\">Produktprofil<\/strong><\/h3>\n<ul>\n<li data-start=\"1738\" data-end=\"1788\"><strong data-start=\"1738\" data-end=\"1752\">Geschmack:<\/strong> frisch, leicht s\u00fcsslich und nussig<\/li>\n<li data-start=\"1791\" data-end=\"1828\"><strong data-start=\"1791\" data-end=\"1811\">Stiel &amp; Bl\u00e4tter:<\/strong> leuchtend gr\u00fcn<\/li>\n<li data-start=\"1831\" data-end=\"1878\"><strong data-start=\"1831\" data-end=\"1846\">N\u00e4hrstoffe:<\/strong> A, C, K, B12, Ca, Mg, Fe, P, Zn<\/li>\n<\/ul>\n<p>&nbsp;<\/p>\n<h2 data-start=\"803\" data-end=\"856\"><strong data-start=\"806\" data-end=\"856\">Wichtige Informationen zu frischer Microgreens<\/strong><\/h2>\n<p data-start=\"857\" data-end=\"978\">Dieses Produkt ist <strong data-start=\"876\" data-end=\"901\">nur als Vorbestellung<\/strong> erh\u00e4ltlich.<br data-start=\"913\" data-end=\"916\" \/>Die Vorbereitungszeit betr\u00e4gt etwa <strong data-start=\"951\" data-end=\"961\">7 Tage<\/strong> ab Bestelldatum.<\/p>\n<p data-start=\"980\" data-end=\"1193\">Die Lieferung von frischer Microgreens ist <strong data-start=\"1023\" data-end=\"1065\">nur in bestimmten Regionen der Schweiz<\/strong> m\u00f6glich.<br data-start=\"1074\" data-end=\"1077\" \/>Vor Ihrer Bestellung <strong data-start=\"1098\" data-end=\"1136\">empfehlen wir, uns zu kontaktieren<\/strong>, um die Lieferm\u00f6glichkeit an Ihre Adresse zu best\u00e4tigen.<\/p>\n<p data-start=\"1241\" data-end=\"1336\"><strong data-start=\"1241\" data-end=\"1336\">Vielleicht wollten Sie lyophilisierte Microgreens, <a href=\"https:\/\/gogreen-schweiz.ch\/en\/product\/erbsen-taiga-samen\/\">Samen<\/a> oder <a href=\"https:\/\/gogreen-schweiz.ch\/en\/product\/erbsen-pulver\/\">Microgreens-Pulver<\/a> bestellen.<\/strong><\/p>\n<hr data-start=\"1075\" data-end=\"1078\" \/>","protected":false},"excerpt":{"rendered":"<p>Die <strong data-start=\"257\" data-end=\"283\">Foxy-Erbse (Afila-Typ)<\/strong> geh\u00f6rt zu den begehrtesten Microgreens weltweit \u2013 mit einer beeindruckenden Keimrate von 96\u202f%. Ihre leuchtend gr\u00fcnen Stiele, filigranen Ranken und zarten Bl\u00e4tter machen sie zur perfekten Zutat f\u00fcr kreative K\u00f6che.<\/p>","protected":false},"featured_media":521,"template":"","meta":{"_coblocks_attr":"","_coblocks_dimensions":"","_coblocks_responsive_height":"","_coblocks_accordion_ie_support":"","wprm-recipe-roundup-name":"","wprm-recipe-roundup-description":""},"product_brand":[],"product_cat":[30],"product_tag":[35,38,43,32,27,28,39,34],"class_list":{"0":"post-520","1":"product","2":"type-product","3":"status-publish","4":"has-post-thumbnail","6":"product_cat-microgreen","7":"product_tag-bowl","8":"product_tag-eier","9":"product_tag-fleisch","10":"product_tag-garnitur","11":"product_tag-salat","12":"product_tag-sandwich","13":"product_tag-sushi","14":"product_tag-wrap","15":"product_shipping_class-fresh","17":"first","18":"onbackorder","19":"taxable","20":"shipping-taxable","21":"purchasable","22":"product-type-simple"},"yoast_head":"<!-- This site is optimized with the Yoast SEO plugin v27.5 - https:\/\/yoast.com\/product\/yoast-seo-wordpress\/ -->\n<title>Erbsen Foxy - Go Green - Schweiz GmbH<\/title>\n<meta name=\"description\" content=\"Erbsen Microgreens: zarte, s\u00fcssliche Erbsensprossen voller Vitamine A, C, K und pflanzlichem Protein. Ideal f\u00fcr Salate, Sandwiches, Bowls und warme Gerichte. Frisch, bio &amp; nachhaltig in der Schweiz angebaut.\" \/>\n<meta name=\"robots\" content=\"index, follow, max-snippet:-1, max-image-preview:large, max-video-preview:-1\" \/>\n<link rel=\"canonical\" href=\"https:\/\/gogreen-schweiz.ch\/en\/product\/foxy-erbsen\/\" \/>\n<meta property=\"og:locale\" content=\"en_GB\" \/>\n<meta property=\"og:type\" content=\"article\" \/>\n<meta property=\"og:title\" content=\"Erbsen Foxy - Go Green - Schweiz GmbH\" \/>\n<meta property=\"og:description\" content=\"Erbsen Microgreens: zarte, s\u00fcssliche Erbsensprossen voller Vitamine A, C, K und pflanzlichem Protein. Ideal f\u00fcr Salate, Sandwiches, Bowls und warme Gerichte. Frisch, bio &amp; nachhaltig in der Schweiz angebaut.\" \/>\n<meta property=\"og:url\" content=\"https:\/\/gogreen-schweiz.ch\/en\/product\/foxy-erbsen\/\" \/>\n<meta property=\"og:site_name\" content=\"Go Green - Schweiz GmbH\" \/>\n<meta property=\"article:modified_time\" content=\"2025-11-18T12:15:39+00:00\" \/>\n<meta property=\"og:image\" content=\"https:\/\/gogreen-schweiz.ch\/wp-content\/uploads\/2025\/07\/Pea-Foxy-1.webp\" \/>\n\t<meta property=\"og:image:width\" content=\"635\" \/>\n\t<meta property=\"og:image:height\" content=\"635\" \/>\n\t<meta property=\"og:image:type\" content=\"image\/webp\" \/>\n<meta name=\"twitter:card\" content=\"summary_large_image\" \/>\n<meta name=\"twitter:label1\" content=\"Estimated reading time\" \/>\n\t<meta name=\"twitter:data1\" content=\"2 minutes\" \/>\n<script type=\"application\/ld+json\" class=\"yoast-schema-graph\">{\"@context\":\"https:\\\/\\\/schema.org\",\"@graph\":[{\"@type\":\"WebPage\",\"@id\":\"https:\\\/\\\/gogreen-schweiz.ch\\\/product\\\/foxy-erbsen\\\/\",\"url\":\"https:\\\/\\\/gogreen-schweiz.ch\\\/product\\\/foxy-erbsen\\\/\",\"name\":\"Erbsen Foxy - Go Green - Schweiz GmbH\",\"isPartOf\":{\"@id\":\"https:\\\/\\\/gogreen-schweiz.ch\\\/#website\"},\"primaryImageOfPage\":{\"@id\":\"https:\\\/\\\/gogreen-schweiz.ch\\\/product\\\/foxy-erbsen\\\/#primaryimage\"},\"image\":{\"@id\":\"https:\\\/\\\/gogreen-schweiz.ch\\\/product\\\/foxy-erbsen\\\/#primaryimage\"},\"thumbnailUrl\":\"https:\\\/\\\/gogreen-schweiz.ch\\\/wp-content\\\/uploads\\\/2025\\\/07\\\/Pea-Foxy-1.webp\",\"datePublished\":\"2025-07-06T17:49:50+00:00\",\"dateModified\":\"2025-11-18T12:15:39+00:00\",\"description\":\"Erbsen Microgreens: zarte, s\u00fcssliche Erbsensprossen voller Vitamine A, C, K und pflanzlichem Protein. Ideal f\u00fcr Salate, Sandwiches, Bowls und warme Gerichte. Frisch, bio & nachhaltig in der Schweiz angebaut.\",\"breadcrumb\":{\"@id\":\"https:\\\/\\\/gogreen-schweiz.ch\\\/product\\\/foxy-erbsen\\\/#breadcrumb\"},\"inLanguage\":\"en-GB\",\"potentialAction\":[{\"@type\":\"ReadAction\",\"target\":[\"https:\\\/\\\/gogreen-schweiz.ch\\\/product\\\/foxy-erbsen\\\/\"]}]},{\"@type\":\"ImageObject\",\"inLanguage\":\"en-GB\",\"@id\":\"https:\\\/\\\/gogreen-schweiz.ch\\\/product\\\/foxy-erbsen\\\/#primaryimage\",\"url\":\"https:\\\/\\\/gogreen-schweiz.ch\\\/wp-content\\\/uploads\\\/2025\\\/07\\\/Pea-Foxy-1.webp\",\"contentUrl\":\"https:\\\/\\\/gogreen-schweiz.ch\\\/wp-content\\\/uploads\\\/2025\\\/07\\\/Pea-Foxy-1.webp\",\"width\":635,\"height\":635,\"caption\":\"Erbsen microgreens\"},{\"@type\":\"BreadcrumbList\",\"@id\":\"https:\\\/\\\/gogreen-schweiz.ch\\\/product\\\/foxy-erbsen\\\/#breadcrumb\",\"itemListElement\":[{\"@type\":\"ListItem\",\"position\":1,\"name\":\"Home\",\"item\":\"https:\\\/\\\/gogreen-schweiz.ch\\\/\"},{\"@type\":\"ListItem\",\"position\":2,\"name\":\"Shop\",\"item\":\"https:\\\/\\\/gogreen-schweiz.ch\\\/shop\\\/\"},{\"@type\":\"ListItem\",\"position\":3,\"name\":\"Erbsen Foxy\"}]},{\"@type\":\"WebSite\",\"@id\":\"https:\\\/\\\/gogreen-schweiz.ch\\\/#website\",\"url\":\"https:\\\/\\\/gogreen-schweiz.ch\\\/\",\"name\":\"Go Green - Schweiz GmbH\",\"description\":\"\",\"publisher\":{\"@id\":\"https:\\\/\\\/gogreen-schweiz.ch\\\/#organization\"},\"potentialAction\":[{\"@type\":\"SearchAction\",\"target\":{\"@type\":\"EntryPoint\",\"urlTemplate\":\"https:\\\/\\\/gogreen-schweiz.ch\\\/?s={search_term_string}\"},\"query-input\":{\"@type\":\"PropertyValueSpecification\",\"valueRequired\":true,\"valueName\":\"search_term_string\"}}],\"inLanguage\":\"en-GB\"},{\"@type\":\"Organization\",\"@id\":\"https:\\\/\\\/gogreen-schweiz.ch\\\/#organization\",\"name\":\"Go Green - Schweiz GmbH\",\"url\":\"https:\\\/\\\/gogreen-schweiz.ch\\\/\",\"logo\":{\"@type\":\"ImageObject\",\"inLanguage\":\"en-GB\",\"@id\":\"https:\\\/\\\/gogreen-schweiz.ch\\\/#\\\/schema\\\/logo\\\/image\\\/\",\"url\":\"https:\\\/\\\/gogreen-schweiz.ch\\\/wp-content\\\/uploads\\\/2025\\\/07\\\/cropped-Go-Green.webp\",\"contentUrl\":\"https:\\\/\\\/gogreen-schweiz.ch\\\/wp-content\\\/uploads\\\/2025\\\/07\\\/cropped-Go-Green.webp\",\"width\":512,\"height\":512,\"caption\":\"Go Green - Schweiz GmbH\"},\"image\":{\"@id\":\"https:\\\/\\\/gogreen-schweiz.ch\\\/#\\\/schema\\\/logo\\\/image\\\/\"},\"sameAs\":[\"https:\\\/\\\/www.instagram.com\\\/gogreenschweiz\"]}]}<\/script>\n<!-- \/ Yoast SEO plugin. -->","yoast_head_json":{"title":"Erbsen Foxy - Go Green - Schweiz GmbH","description":"Erbsen Microgreens: zarte, s\u00fcssliche Erbsensprossen voller Vitamine A, C, K und pflanzlichem Protein. Ideal f\u00fcr Salate, Sandwiches, Bowls und warme Gerichte. Frisch, bio & nachhaltig in der Schweiz angebaut.","robots":{"index":"index","follow":"follow","max-snippet":"max-snippet:-1","max-image-preview":"max-image-preview:large","max-video-preview":"max-video-preview:-1"},"canonical":"https:\/\/gogreen-schweiz.ch\/en\/product\/foxy-erbsen\/","og_locale":"en_GB","og_type":"article","og_title":"Erbsen Foxy - Go Green - Schweiz GmbH","og_description":"Erbsen Microgreens: zarte, s\u00fcssliche Erbsensprossen voller Vitamine A, C, K und pflanzlichem Protein. Ideal f\u00fcr Salate, Sandwiches, Bowls und warme Gerichte. Frisch, bio & nachhaltig in der Schweiz angebaut.","og_url":"https:\/\/gogreen-schweiz.ch\/en\/product\/foxy-erbsen\/","og_site_name":"Go Green - Schweiz GmbH","article_modified_time":"2025-11-18T12:15:39+00:00","og_image":[{"width":635,"height":635,"url":"https:\/\/gogreen-schweiz.ch\/wp-content\/uploads\/2025\/07\/Pea-Foxy-1.webp","type":"image\/webp"}],"twitter_card":"summary_large_image","twitter_misc":{"Estimated reading time":"2 minutes"},"schema":{"@context":"https:\/\/schema.org","@graph":[{"@type":"WebPage","@id":"https:\/\/gogreen-schweiz.ch\/product\/foxy-erbsen\/","url":"https:\/\/gogreen-schweiz.ch\/product\/foxy-erbsen\/","name":"Erbsen Foxy - Go Green - Schweiz GmbH","isPartOf":{"@id":"https:\/\/gogreen-schweiz.ch\/#website"},"primaryImageOfPage":{"@id":"https:\/\/gogreen-schweiz.ch\/product\/foxy-erbsen\/#primaryimage"},"image":{"@id":"https:\/\/gogreen-schweiz.ch\/product\/foxy-erbsen\/#primaryimage"},"thumbnailUrl":"https:\/\/gogreen-schweiz.ch\/wp-content\/uploads\/2025\/07\/Pea-Foxy-1.webp","datePublished":"2025-07-06T17:49:50+00:00","dateModified":"2025-11-18T12:15:39+00:00","description":"Erbsen Microgreens: zarte, s\u00fcssliche Erbsensprossen voller Vitamine A, C, K und pflanzlichem Protein. Ideal f\u00fcr Salate, Sandwiches, Bowls und warme Gerichte. Frisch, bio & nachhaltig in der Schweiz angebaut.","breadcrumb":{"@id":"https:\/\/gogreen-schweiz.ch\/product\/foxy-erbsen\/#breadcrumb"},"inLanguage":"en-GB","potentialAction":[{"@type":"ReadAction","target":["https:\/\/gogreen-schweiz.ch\/product\/foxy-erbsen\/"]}]},{"@type":"ImageObject","inLanguage":"en-GB","@id":"https:\/\/gogreen-schweiz.ch\/product\/foxy-erbsen\/#primaryimage","url":"https:\/\/gogreen-schweiz.ch\/wp-content\/uploads\/2025\/07\/Pea-Foxy-1.webp","contentUrl":"https:\/\/gogreen-schweiz.ch\/wp-content\/uploads\/2025\/07\/Pea-Foxy-1.webp","width":635,"height":635,"caption":"Erbsen microgreens"},{"@type":"BreadcrumbList","@id":"https:\/\/gogreen-schweiz.ch\/product\/foxy-erbsen\/#breadcrumb","itemListElement":[{"@type":"ListItem","position":1,"name":"Home","item":"https:\/\/gogreen-schweiz.ch\/"},{"@type":"ListItem","position":2,"name":"Shop","item":"https:\/\/gogreen-schweiz.ch\/shop\/"},{"@type":"ListItem","position":3,"name":"Erbsen Foxy"}]},{"@type":"WebSite","@id":"https:\/\/gogreen-schweiz.ch\/#website","url":"https:\/\/gogreen-schweiz.ch\/","name":"Go Green - Schweiz GmbH","description":"","publisher":{"@id":"https:\/\/gogreen-schweiz.ch\/#organization"},"potentialAction":[{"@type":"SearchAction","target":{"@type":"EntryPoint","urlTemplate":"https:\/\/gogreen-schweiz.ch\/?s={search_term_string}"},"query-input":{"@type":"PropertyValueSpecification","valueRequired":true,"valueName":"search_term_string"}}],"inLanguage":"en-GB"},{"@type":"Organization","@id":"https:\/\/gogreen-schweiz.ch\/#organization","name":"Go Green - Schweiz GmbH","url":"https:\/\/gogreen-schweiz.ch\/","logo":{"@type":"ImageObject","inLanguage":"en-GB","@id":"https:\/\/gogreen-schweiz.ch\/#\/schema\/logo\/image\/","url":"https:\/\/gogreen-schweiz.ch\/wp-content\/uploads\/2025\/07\/cropped-Go-Green.webp","contentUrl":"https:\/\/gogreen-schweiz.ch\/wp-content\/uploads\/2025\/07\/cropped-Go-Green.webp","width":512,"height":512,"caption":"Go Green - Schweiz GmbH"},"image":{"@id":"https:\/\/gogreen-schweiz.ch\/#\/schema\/logo\/image\/"},"sameAs":["https:\/\/www.instagram.com\/gogreenschweiz"]}]}},"jetpack_sharing_enabled":true,"_links":{"self":[{"href":"https:\/\/gogreen-schweiz.ch\/en\/wp-json\/wp\/v2\/product\/520","targetHints":{"allow":["GET"]}}],"collection":[{"href":"https:\/\/gogreen-schweiz.ch\/en\/wp-json\/wp\/v2\/product"}],"about":[{"href":"https:\/\/gogreen-schweiz.ch\/en\/wp-json\/wp\/v2\/types\/product"}],"wp:featuredmedia":[{"embeddable":true,"href":"https:\/\/gogreen-schweiz.ch\/en\/wp-json\/wp\/v2\/media\/521"}],"wp:attachment":[{"href":"https:\/\/gogreen-schweiz.ch\/en\/wp-json\/wp\/v2\/media?parent=520"}],"wp:term":[{"taxonomy":"product_brand","embeddable":true,"href":"https:\/\/gogreen-schweiz.ch\/en\/wp-json\/wp\/v2\/product_brand?post=520"},{"taxonomy":"product_cat","embeddable":true,"href":"https:\/\/gogreen-schweiz.ch\/en\/wp-json\/wp\/v2\/product_cat?post=520"},{"taxonomy":"product_tag","embeddable":true,"href":"https:\/\/gogreen-schweiz.ch\/en\/wp-json\/wp\/v2\/product_tag?post=520"}],"curies":[{"name":"wp","href":"https:\/\/api.w.org\/{rel}","templated":true}]}}