{"id":530,"date":"2025-07-06T20:00:06","date_gmt":"2025-07-06T18:00:06","guid":{"rendered":"https:\/\/gogreen-schweiz.ch\/?post_type=product&#038;p=530"},"modified":"2025-11-18T14:14:50","modified_gmt":"2025-11-18T12:14:50","slug":"jumbo-erbsen","status":"publish","type":"product","link":"https:\/\/gogreen-schweiz.ch\/en\/product\/jumbo-erbsen\/","title":{"rendered":"Erbsen Jumbo"},"content":{"rendered":"<h3 data-start=\"503\" data-end=\"550\">\ud83c\udf3f <strong data-start=\"510\" data-end=\"550\">N\u00e4hrwerte &amp; gesundheitliche Vorteile<\/strong><\/h3>\n<p data-start=\"552\" data-end=\"613\">Diese Microgreens bieten eine ausgezeichnete Kombination aus:<\/p>\n<ul>\n<li data-start=\"617\" data-end=\"676\"><strong data-start=\"617\" data-end=\"638\">Vitamine A, C &amp; K<\/strong> \u2013 f\u00fcr Immunsystem, Haut und Knochen<\/li>\n<li data-start=\"679\" data-end=\"739\"><strong data-start=\"679\" data-end=\"694\">Mineralien:<\/strong> Kalzium, Magnesium, Phosphor, Kalium, Zink<\/li>\n<li data-start=\"742\" data-end=\"824\"><strong data-start=\"742\" data-end=\"781\">Ballaststoffe &amp; pflanzliches Eiwei\u00df<\/strong> \u2013 f\u00f6rdern Verdauung &amp; Muskelregeneration<\/li>\n<li data-start=\"827\" data-end=\"891\"><strong data-start=\"827\" data-end=\"845\">Antioxidantien<\/strong> \u2013 wirken entz\u00fcndungshemmend &amp; zellsch\u00fctzend<\/li>\n<li data-start=\"894\" data-end=\"955\"><strong data-start=\"894\" data-end=\"918\">Pr\u00e4biotische Wirkung<\/strong> \u2013 unterst\u00fctzt eine gesunde Darmflora<\/li>\n<\/ul>\n<p data-start=\"957\" data-end=\"984\">\ud83d\udca1 <em data-start=\"960\" data-end=\"982\">N\u00e4hrwerte pro 100 g:<\/em><\/p>\n<ul>\n<li data-start=\"987\" data-end=\"1006\">Kalorien: 42 kcal<\/li>\n<li data-start=\"1009\" data-end=\"1024\">Eiwei\u00df: 3,5 g<\/li>\n<li data-start=\"1027\" data-end=\"1047\">Kohlenhydrate: 7 g<\/li>\n<li data-start=\"1050\" data-end=\"1063\">Fett: 0,4 g<\/li>\n<li data-start=\"1066\" data-end=\"1086\">Ballaststoffe: 2 g<\/li>\n<li data-start=\"1089\" data-end=\"1107\">Vitamin C: 25 mg<\/li>\n<li data-start=\"1110\" data-end=\"1126\">Kalzium: 40 mg<\/li>\n<li data-start=\"1129\" data-end=\"1144\">Eisen: 1,5 mg<\/li>\n<li data-start=\"1147\" data-end=\"1161\">Kalium: 280 mg<\/li>\n<\/ul>\n<h3 data-start=\"1168\" data-end=\"1196\">\ud83c\udf7d\ufe0f <strong data-start=\"1176\" data-end=\"1196\">K\u00fcchenverwendung<\/strong><\/h3>\n<p data-start=\"1198\" data-end=\"1208\">Ideal f\u00fcr:<\/p>\n<ul>\n<li data-start=\"1212\" data-end=\"1262\"><strong data-start=\"1212\" data-end=\"1237\">Salate, Bowls &amp; Wraps<\/strong> \u2013 f\u00fcr Frische &amp; Textur<\/li>\n<li data-start=\"1265\" data-end=\"1311\"><strong data-start=\"1265\" data-end=\"1278\">Smoothies<\/strong> \u2013 f\u00fcr nat\u00fcrliche Ballaststoffe<\/li>\n<li data-start=\"1314\" data-end=\"1377\"><strong data-start=\"1314\" data-end=\"1336\">Sautierte Gerichte<\/strong> \u2013 leicht ged\u00e4mpft oder roh als Topping<\/li>\n<li data-start=\"1380\" data-end=\"1452\"><strong data-start=\"1380\" data-end=\"1416\">Sandwiches, Eierspeisen &amp; Snacks<\/strong> \u2013 direkt und unkompliziert genie\u00dfen<\/li>\n<\/ul>\n<p data-start=\"1454\" data-end=\"1526\">\ud83d\udc49 Tipp: <em data-start=\"1463\" data-end=\"1500\">Frisch oder leicht gegart verwenden<\/em>, um Vitamine zu erhalten.<\/p>\n<h3 data-start=\"1533\" data-end=\"1557\">\ud83c\udfa8 <strong data-start=\"1540\" data-end=\"1557\">Produktprofil<\/strong><\/h3>\n<ul>\n<li data-start=\"1561\" data-end=\"1611\"><strong data-start=\"1561\" data-end=\"1575\">Geschmack:<\/strong> Frisch, leicht s\u00fcsslich und nussig<\/li>\n<li data-start=\"1614\" data-end=\"1641\"><strong data-start=\"1614\" data-end=\"1634\">Stiel &amp; Bl\u00e4tter:<\/strong> gr\u00fcn<\/li>\n<li data-start=\"1644\" data-end=\"1675\"><strong data-start=\"1644\" data-end=\"1659\">N\u00e4hrstoffe:<\/strong> A, C, K, Ca, Mg<\/li>\n<\/ul>\n<p>&nbsp;<\/p>\n<h2 data-start=\"803\" data-end=\"856\"><strong data-start=\"806\" data-end=\"856\">Wichtige Informationen zu frischer Microgreens<\/strong><\/h2>\n<p data-start=\"857\" data-end=\"978\">Dieses Produkt ist <strong data-start=\"876\" data-end=\"901\">nur als Vorbestellung<\/strong> erh\u00e4ltlich.<br data-start=\"913\" data-end=\"916\" \/>Die Vorbereitungszeit betr\u00e4gt etwa <strong data-start=\"951\" data-end=\"961\">7 Tage<\/strong> ab Bestelldatum.<\/p>\n<p data-start=\"980\" data-end=\"1193\">Die Lieferung von frischer Microgreens ist <strong data-start=\"1023\" data-end=\"1065\">nur in bestimmten Regionen der Schweiz<\/strong> m\u00f6glich.<br data-start=\"1074\" data-end=\"1077\" \/>Vor Ihrer Bestellung <strong data-start=\"1098\" data-end=\"1136\">empfehlen wir, uns zu kontaktieren<\/strong>, um die Lieferm\u00f6glichkeit an Ihre Adresse zu best\u00e4tigen.<\/p>\n<p data-start=\"1241\" data-end=\"1336\"><strong data-start=\"1241\" data-end=\"1336\">Vielleicht wollten Sie lyophilisierte Microgreens, <a href=\"https:\/\/gogreen-schweiz.ch\/en\/product\/erbsen-taiga-samen\/\">Samen<\/a> oder <a href=\"https:\/\/gogreen-schweiz.ch\/en\/product\/erbsen-pulver\/\">Microgreens-Pulver<\/a> bestellen.<\/strong><\/p>","protected":false},"excerpt":{"rendered":"<p data-start=\"228\" data-end=\"496\">Die Jumbo-Erbse liefert <strong data-start=\"301\" data-end=\"323\">schnelles Wachstum<\/strong>, <strong data-start=\"325\" data-end=\"342\">lange Frische<\/strong> und einen Geschmack, den man nicht vergisst: <strong data-start=\"388\" data-end=\"412\">s\u00fc\u00df, knackig, nussig<\/strong> \u2013 perfekt f\u00fcr moderne, gesunde K\u00fcche oder als n\u00e4hrstoffreicher Snack zwischendurch.<\/p>","protected":false},"featured_media":529,"template":"","meta":{"_coblocks_attr":"","_coblocks_dimensions":"","_coblocks_responsive_height":"","_coblocks_accordion_ie_support":"","wprm-recipe-roundup-name":"","wprm-recipe-roundup-description":""},"product_brand":[],"product_cat":[30],"product_tag":[35,38,27,28,33,34],"class_list":{"0":"post-530","1":"product","2":"type-product","3":"status-publish","4":"has-post-thumbnail","6":"product_cat-microgreen","7":"product_tag-bowl","8":"product_tag-eier","9":"product_tag-salat","10":"product_tag-sandwich","11":"product_tag-smoothie","12":"product_tag-wrap","13":"product_shipping_class-fresh","15":"first","16":"onbackorder","17":"taxable","18":"shipping-taxable","19":"purchasable","20":"product-type-simple"},"yoast_head":"<!-- This site is optimized with the Yoast SEO plugin v27.5 - https:\/\/yoast.com\/product\/yoast-seo-wordpress\/ -->\n<title>Erbsen Jumbo - Go Green - Schweiz GmbH<\/title>\n<meta name=\"description\" content=\"Erbsen Microgreens: zarte, s\u00fcssliche Erbsensprossen voller Vitamine A, C, K und pflanzlichem Protein. Ideal f\u00fcr Salate, Sandwiches, Bowls und warme Gerichte. Frisch, bio &amp; nachhaltig in der Schweiz angebaut.\" \/>\n<meta name=\"robots\" content=\"index, follow, max-snippet:-1, max-image-preview:large, max-video-preview:-1\" \/>\n<link rel=\"canonical\" href=\"https:\/\/gogreen-schweiz.ch\/en\/product\/jumbo-erbsen\/\" \/>\n<meta property=\"og:locale\" content=\"en_GB\" \/>\n<meta property=\"og:type\" content=\"article\" \/>\n<meta property=\"og:title\" content=\"Erbsen Jumbo - Go Green - Schweiz GmbH\" \/>\n<meta property=\"og:description\" content=\"Erbsen Microgreens: zarte, s\u00fcssliche Erbsensprossen voller Vitamine A, C, K und pflanzlichem Protein. Ideal f\u00fcr Salate, Sandwiches, Bowls und warme Gerichte. Frisch, bio &amp; nachhaltig in der Schweiz angebaut.\" \/>\n<meta property=\"og:url\" content=\"https:\/\/gogreen-schweiz.ch\/en\/product\/jumbo-erbsen\/\" \/>\n<meta property=\"og:site_name\" content=\"Go Green - Schweiz GmbH\" \/>\n<meta property=\"article:modified_time\" content=\"2025-11-18T12:14:50+00:00\" \/>\n<meta property=\"og:image\" content=\"https:\/\/gogreen-schweiz.ch\/wp-content\/uploads\/2025\/07\/Pea-Jumbo.webp\" \/>\n\t<meta property=\"og:image:width\" content=\"600\" \/>\n\t<meta property=\"og:image:height\" content=\"600\" \/>\n\t<meta property=\"og:image:type\" content=\"image\/webp\" \/>\n<meta name=\"twitter:card\" content=\"summary_large_image\" \/>\n<meta name=\"twitter:label1\" content=\"Estimated reading time\" \/>\n\t<meta name=\"twitter:data1\" content=\"2 minutes\" \/>\n<script type=\"application\/ld+json\" class=\"yoast-schema-graph\">{\"@context\":\"https:\\\/\\\/schema.org\",\"@graph\":[{\"@type\":\"WebPage\",\"@id\":\"https:\\\/\\\/gogreen-schweiz.ch\\\/product\\\/jumbo-erbsen\\\/\",\"url\":\"https:\\\/\\\/gogreen-schweiz.ch\\\/product\\\/jumbo-erbsen\\\/\",\"name\":\"Erbsen Jumbo - Go Green - Schweiz GmbH\",\"isPartOf\":{\"@id\":\"https:\\\/\\\/gogreen-schweiz.ch\\\/#website\"},\"primaryImageOfPage\":{\"@id\":\"https:\\\/\\\/gogreen-schweiz.ch\\\/product\\\/jumbo-erbsen\\\/#primaryimage\"},\"image\":{\"@id\":\"https:\\\/\\\/gogreen-schweiz.ch\\\/product\\\/jumbo-erbsen\\\/#primaryimage\"},\"thumbnailUrl\":\"https:\\\/\\\/gogreen-schweiz.ch\\\/wp-content\\\/uploads\\\/2025\\\/07\\\/Pea-Jumbo.webp\",\"datePublished\":\"2025-07-06T18:00:06+00:00\",\"dateModified\":\"2025-11-18T12:14:50+00:00\",\"description\":\"Erbsen Microgreens: zarte, s\u00fcssliche Erbsensprossen voller Vitamine A, C, K und pflanzlichem Protein. Ideal f\u00fcr Salate, Sandwiches, Bowls und warme Gerichte. Frisch, bio & nachhaltig in der Schweiz angebaut.\",\"breadcrumb\":{\"@id\":\"https:\\\/\\\/gogreen-schweiz.ch\\\/product\\\/jumbo-erbsen\\\/#breadcrumb\"},\"inLanguage\":\"en-GB\",\"potentialAction\":[{\"@type\":\"ReadAction\",\"target\":[\"https:\\\/\\\/gogreen-schweiz.ch\\\/product\\\/jumbo-erbsen\\\/\"]}]},{\"@type\":\"ImageObject\",\"inLanguage\":\"en-GB\",\"@id\":\"https:\\\/\\\/gogreen-schweiz.ch\\\/product\\\/jumbo-erbsen\\\/#primaryimage\",\"url\":\"https:\\\/\\\/gogreen-schweiz.ch\\\/wp-content\\\/uploads\\\/2025\\\/07\\\/Pea-Jumbo.webp\",\"contentUrl\":\"https:\\\/\\\/gogreen-schweiz.ch\\\/wp-content\\\/uploads\\\/2025\\\/07\\\/Pea-Jumbo.webp\",\"width\":600,\"height\":600,\"caption\":\"Erbsen microgreens\"},{\"@type\":\"BreadcrumbList\",\"@id\":\"https:\\\/\\\/gogreen-schweiz.ch\\\/product\\\/jumbo-erbsen\\\/#breadcrumb\",\"itemListElement\":[{\"@type\":\"ListItem\",\"position\":1,\"name\":\"Home\",\"item\":\"https:\\\/\\\/gogreen-schweiz.ch\\\/\"},{\"@type\":\"ListItem\",\"position\":2,\"name\":\"Shop\",\"item\":\"https:\\\/\\\/gogreen-schweiz.ch\\\/shop\\\/\"},{\"@type\":\"ListItem\",\"position\":3,\"name\":\"Erbsen Jumbo\"}]},{\"@type\":\"WebSite\",\"@id\":\"https:\\\/\\\/gogreen-schweiz.ch\\\/#website\",\"url\":\"https:\\\/\\\/gogreen-schweiz.ch\\\/\",\"name\":\"Go Green - Schweiz GmbH\",\"description\":\"\",\"publisher\":{\"@id\":\"https:\\\/\\\/gogreen-schweiz.ch\\\/#organization\"},\"potentialAction\":[{\"@type\":\"SearchAction\",\"target\":{\"@type\":\"EntryPoint\",\"urlTemplate\":\"https:\\\/\\\/gogreen-schweiz.ch\\\/?s={search_term_string}\"},\"query-input\":{\"@type\":\"PropertyValueSpecification\",\"valueRequired\":true,\"valueName\":\"search_term_string\"}}],\"inLanguage\":\"en-GB\"},{\"@type\":\"Organization\",\"@id\":\"https:\\\/\\\/gogreen-schweiz.ch\\\/#organization\",\"name\":\"Go Green - Schweiz GmbH\",\"url\":\"https:\\\/\\\/gogreen-schweiz.ch\\\/\",\"logo\":{\"@type\":\"ImageObject\",\"inLanguage\":\"en-GB\",\"@id\":\"https:\\\/\\\/gogreen-schweiz.ch\\\/#\\\/schema\\\/logo\\\/image\\\/\",\"url\":\"https:\\\/\\\/gogreen-schweiz.ch\\\/wp-content\\\/uploads\\\/2025\\\/07\\\/cropped-Go-Green.webp\",\"contentUrl\":\"https:\\\/\\\/gogreen-schweiz.ch\\\/wp-content\\\/uploads\\\/2025\\\/07\\\/cropped-Go-Green.webp\",\"width\":512,\"height\":512,\"caption\":\"Go Green - Schweiz GmbH\"},\"image\":{\"@id\":\"https:\\\/\\\/gogreen-schweiz.ch\\\/#\\\/schema\\\/logo\\\/image\\\/\"},\"sameAs\":[\"https:\\\/\\\/www.instagram.com\\\/gogreenschweiz\"]}]}<\/script>\n<!-- \/ Yoast SEO plugin. -->","yoast_head_json":{"title":"Erbsen Jumbo - Go Green - Schweiz GmbH","description":"Erbsen Microgreens: zarte, s\u00fcssliche Erbsensprossen voller Vitamine A, C, K und pflanzlichem Protein. Ideal f\u00fcr Salate, Sandwiches, Bowls und warme Gerichte. Frisch, bio & nachhaltig in der Schweiz angebaut.","robots":{"index":"index","follow":"follow","max-snippet":"max-snippet:-1","max-image-preview":"max-image-preview:large","max-video-preview":"max-video-preview:-1"},"canonical":"https:\/\/gogreen-schweiz.ch\/en\/product\/jumbo-erbsen\/","og_locale":"en_GB","og_type":"article","og_title":"Erbsen Jumbo - Go Green - Schweiz GmbH","og_description":"Erbsen Microgreens: zarte, s\u00fcssliche Erbsensprossen voller Vitamine A, C, K und pflanzlichem Protein. Ideal f\u00fcr Salate, Sandwiches, Bowls und warme Gerichte. Frisch, bio & nachhaltig in der Schweiz angebaut.","og_url":"https:\/\/gogreen-schweiz.ch\/en\/product\/jumbo-erbsen\/","og_site_name":"Go Green - Schweiz GmbH","article_modified_time":"2025-11-18T12:14:50+00:00","og_image":[{"width":600,"height":600,"url":"https:\/\/gogreen-schweiz.ch\/wp-content\/uploads\/2025\/07\/Pea-Jumbo.webp","type":"image\/webp"}],"twitter_card":"summary_large_image","twitter_misc":{"Estimated reading time":"2 minutes"},"schema":{"@context":"https:\/\/schema.org","@graph":[{"@type":"WebPage","@id":"https:\/\/gogreen-schweiz.ch\/product\/jumbo-erbsen\/","url":"https:\/\/gogreen-schweiz.ch\/product\/jumbo-erbsen\/","name":"Erbsen Jumbo - Go Green - Schweiz GmbH","isPartOf":{"@id":"https:\/\/gogreen-schweiz.ch\/#website"},"primaryImageOfPage":{"@id":"https:\/\/gogreen-schweiz.ch\/product\/jumbo-erbsen\/#primaryimage"},"image":{"@id":"https:\/\/gogreen-schweiz.ch\/product\/jumbo-erbsen\/#primaryimage"},"thumbnailUrl":"https:\/\/gogreen-schweiz.ch\/wp-content\/uploads\/2025\/07\/Pea-Jumbo.webp","datePublished":"2025-07-06T18:00:06+00:00","dateModified":"2025-11-18T12:14:50+00:00","description":"Erbsen Microgreens: zarte, s\u00fcssliche Erbsensprossen voller Vitamine A, C, K und pflanzlichem Protein. Ideal f\u00fcr Salate, Sandwiches, Bowls und warme Gerichte. Frisch, bio & nachhaltig in der Schweiz angebaut.","breadcrumb":{"@id":"https:\/\/gogreen-schweiz.ch\/product\/jumbo-erbsen\/#breadcrumb"},"inLanguage":"en-GB","potentialAction":[{"@type":"ReadAction","target":["https:\/\/gogreen-schweiz.ch\/product\/jumbo-erbsen\/"]}]},{"@type":"ImageObject","inLanguage":"en-GB","@id":"https:\/\/gogreen-schweiz.ch\/product\/jumbo-erbsen\/#primaryimage","url":"https:\/\/gogreen-schweiz.ch\/wp-content\/uploads\/2025\/07\/Pea-Jumbo.webp","contentUrl":"https:\/\/gogreen-schweiz.ch\/wp-content\/uploads\/2025\/07\/Pea-Jumbo.webp","width":600,"height":600,"caption":"Erbsen microgreens"},{"@type":"BreadcrumbList","@id":"https:\/\/gogreen-schweiz.ch\/product\/jumbo-erbsen\/#breadcrumb","itemListElement":[{"@type":"ListItem","position":1,"name":"Home","item":"https:\/\/gogreen-schweiz.ch\/"},{"@type":"ListItem","position":2,"name":"Shop","item":"https:\/\/gogreen-schweiz.ch\/shop\/"},{"@type":"ListItem","position":3,"name":"Erbsen Jumbo"}]},{"@type":"WebSite","@id":"https:\/\/gogreen-schweiz.ch\/#website","url":"https:\/\/gogreen-schweiz.ch\/","name":"Go Green - Schweiz GmbH","description":"","publisher":{"@id":"https:\/\/gogreen-schweiz.ch\/#organization"},"potentialAction":[{"@type":"SearchAction","target":{"@type":"EntryPoint","urlTemplate":"https:\/\/gogreen-schweiz.ch\/?s={search_term_string}"},"query-input":{"@type":"PropertyValueSpecification","valueRequired":true,"valueName":"search_term_string"}}],"inLanguage":"en-GB"},{"@type":"Organization","@id":"https:\/\/gogreen-schweiz.ch\/#organization","name":"Go Green - Schweiz GmbH","url":"https:\/\/gogreen-schweiz.ch\/","logo":{"@type":"ImageObject","inLanguage":"en-GB","@id":"https:\/\/gogreen-schweiz.ch\/#\/schema\/logo\/image\/","url":"https:\/\/gogreen-schweiz.ch\/wp-content\/uploads\/2025\/07\/cropped-Go-Green.webp","contentUrl":"https:\/\/gogreen-schweiz.ch\/wp-content\/uploads\/2025\/07\/cropped-Go-Green.webp","width":512,"height":512,"caption":"Go Green - Schweiz GmbH"},"image":{"@id":"https:\/\/gogreen-schweiz.ch\/#\/schema\/logo\/image\/"},"sameAs":["https:\/\/www.instagram.com\/gogreenschweiz"]}]}},"jetpack_sharing_enabled":true,"_links":{"self":[{"href":"https:\/\/gogreen-schweiz.ch\/en\/wp-json\/wp\/v2\/product\/530","targetHints":{"allow":["GET"]}}],"collection":[{"href":"https:\/\/gogreen-schweiz.ch\/en\/wp-json\/wp\/v2\/product"}],"about":[{"href":"https:\/\/gogreen-schweiz.ch\/en\/wp-json\/wp\/v2\/types\/product"}],"wp:featuredmedia":[{"embeddable":true,"href":"https:\/\/gogreen-schweiz.ch\/en\/wp-json\/wp\/v2\/media\/529"}],"wp:attachment":[{"href":"https:\/\/gogreen-schweiz.ch\/en\/wp-json\/wp\/v2\/media?parent=530"}],"wp:term":[{"taxonomy":"product_brand","embeddable":true,"href":"https:\/\/gogreen-schweiz.ch\/en\/wp-json\/wp\/v2\/product_brand?post=530"},{"taxonomy":"product_cat","embeddable":true,"href":"https:\/\/gogreen-schweiz.ch\/en\/wp-json\/wp\/v2\/product_cat?post=530"},{"taxonomy":"product_tag","embeddable":true,"href":"https:\/\/gogreen-schweiz.ch\/en\/wp-json\/wp\/v2\/product_tag?post=530"}],"curies":[{"name":"wp","href":"https:\/\/api.w.org\/{rel}","templated":true}]}}