{"id":569,"date":"2025-07-07T15:40:09","date_gmt":"2025-07-07T13:40:09","guid":{"rendered":"https:\/\/gogreen-schweiz.ch\/?post_type=product&#038;p=569"},"modified":"2026-01-27T09:52:55","modified_gmt":"2026-01-27T07:52:55","slug":"brokkoli-mikrogruen-pulver","status":"publish","type":"product","link":"https:\/\/gogreen-schweiz.ch\/en\/product\/brokkoli-mikrogruen-pulver\/","title":{"rendered":"Brokkoli Pulver"},"content":{"rendered":"<p data-start=\"589\" data-end=\"613\">Unser gefriergetrocknetes Brokkoli-Microgreens-Pulver wird in der Schweiz von Hand aus frischen, biologisch angebauten Microgreens hergestellt.<\/p>\n<p data-start=\"589\" data-end=\"613\">Im Gegensatz zu ausgewachsenem Brokkoli enthalten Microgreens bis zu 40-mal mehr N\u00e4hrstoffe, was dieses Pulver zu einem echten Superfood f\u00fcr Ihr t\u00e4gliches Gesundheitsprogramm macht.<\/p>\n<h3 data-start=\"589\" data-end=\"613\">\ud83c\udf3f <strong data-start=\"596\" data-end=\"613\">Was ist drin?<\/strong><\/h3>\n<ul>\n<li data-start=\"617\" data-end=\"688\">100\u202f% Brokkoli-Mikrogr\u00fcn \u2013 <strong data-start=\"644\" data-end=\"686\">ohne Zus\u00e4tze oder Konservierungsstoffe<\/strong><\/li>\n<li data-start=\"691\" data-end=\"729\">Frei von Gluten, Gentechnik und Soja<\/li>\n<li data-start=\"732\" data-end=\"782\">Handgezogen &amp; nachhaltig angebaut in der Schweiz<\/li>\n<li data-start=\"785\" data-end=\"831\">1\/2 TL Pulver = eine Handvoll frisches Mikrogr\u00fcn = zwei Gl\u00e4ser ausgewachsenes Gem\u00fcse<\/li>\n<\/ul>\n<h3 data-start=\"838\" data-end=\"873\">\ud83d\udc9a <strong data-start=\"845\" data-end=\"873\">Gesundheitliche Vorteile<\/strong><\/h3>\n<p data-start=\"875\" data-end=\"952\">Brokkoli-Mikrogr\u00fcn gilt als eines der n\u00e4hrstoffreichsten Superfoods der Welt:<\/p>\n<ul>\n<li data-start=\"956\" data-end=\"1031\">\ud83d\udca5 <strong data-start=\"959\" data-end=\"974\">Sulforaphan<\/strong> \u2013 starkes Antioxidans mit entz\u00fcndungshemmender Wirkung<\/li>\n<li data-start=\"1034\" data-end=\"1094\">\ud83d\udee1\ufe0f St\u00e4rkt das Immunsystem &amp; unterst\u00fctzt die Zellreinigung<\/li>\n<li data-start=\"1097\" data-end=\"1141\">\ud83d\udcaa Gut f\u00fcr Haut, Blutgef\u00e4sse &amp; Stoffwechsel<\/li>\n<li data-start=\"1144\" data-end=\"1196\">\ud83d\udd0b Nat\u00fcrlicher Energieschub \u2013 ganz ohne Stimulanzien<\/li>\n<\/ul>\n<h3 data-start=\"1203\" data-end=\"1238\">\ud83c\udf7d <strong data-start=\"1210\" data-end=\"1238\">Verwendungsm\u00f6glichkeiten<\/strong><\/h3>\n<ul>\n<li data-start=\"1242\" data-end=\"1293\">In <strong data-start=\"1245\" data-end=\"1291\">Smoothies, S\u00e4ften, Wasser oder Kokoswasser<\/strong><\/li>\n<li data-start=\"1296\" data-end=\"1354\">Als Topping auf <strong data-start=\"1312\" data-end=\"1352\">Salaten, Suppen, Bowls oder Porridge<\/strong><\/li>\n<li data-start=\"1357\" data-end=\"1415\">Ideal f\u00fcr <strong data-start=\"1367\" data-end=\"1415\">Detox-Kuren, Sportern\u00e4hrung oder vegane Di\u00e4t<\/strong><\/li>\n<\/ul>\n<p>25 g gefriergetrocknetes Pulver werden aus mehr als 250 g frischem Microgreens hergestellt.<br \/>\nEin 25-g-Glas enth\u00e4lt Pulver f\u00fcr zwei Monate t\u00e4glicher Einnahme.<\/p>","protected":false},"excerpt":{"rendered":"<p>Entdecken Sie die bemerkenswerte Kraft von Brokkoli in seiner konzentriertesten Form.<\/p>","protected":false},"featured_media":1376,"template":"","meta":{"_coblocks_attr":"","_coblocks_dimensions":"","_coblocks_responsive_height":"","_coblocks_accordion_ie_support":"","wprm-recipe-roundup-name":"","wprm-recipe-roundup-description":""},"product_brand":[],"product_cat":[52],"product_tag":[27,33,36],"class_list":{"0":"post-569","1":"product","2":"type-product","3":"status-publish","4":"has-post-thumbnail","6":"product_cat-microgreen-pulver","7":"product_tag-salat","8":"product_tag-smoothie","9":"product_tag-suppe","10":"product_shipping_class-dry","12":"first","13":"instock","14":"featured","15":"taxable","16":"shipping-taxable","17":"purchasable","18":"product-type-variable"},"yoast_head":"<!-- This site is optimized with the Yoast SEO plugin v27.5 - https:\/\/yoast.com\/product\/yoast-seo-wordpress\/ -->\n<title>Brokkoli Microgreens Pulver \u2013 Bio Superfood aus der Schweiz | Go Green<\/title>\n<meta name=\"description\" content=\"Gefriergetrocknetes Brokkoli-Microgreens \u2013 voller Vitamine, Sulforaphan &amp; Antioxidantien. Bio, lokal &amp; ohne Zus\u00e4tze. Jetzt online bestellen!\" \/>\n<meta name=\"robots\" content=\"index, follow, max-snippet:-1, max-image-preview:large, max-video-preview:-1\" \/>\n<link rel=\"canonical\" href=\"https:\/\/gogreen-schweiz.ch\/en\/product\/brokkoli-mikrogruen-pulver\/\" \/>\n<meta property=\"og:locale\" content=\"en_GB\" \/>\n<meta property=\"og:type\" content=\"article\" \/>\n<meta property=\"og:title\" content=\"Brokkoli Microgreens Pulver \u2013 Bio Superfood aus der Schweiz | Go Green\" \/>\n<meta property=\"og:description\" content=\"Gefriergetrocknetes Brokkoli-Microgreens \u2013 voller Vitamine, Sulforaphan &amp; Antioxidantien. Bio, lokal &amp; ohne Zus\u00e4tze. Jetzt online bestellen!\" \/>\n<meta property=\"og:url\" content=\"https:\/\/gogreen-schweiz.ch\/en\/product\/brokkoli-mikrogruen-pulver\/\" \/>\n<meta property=\"og:site_name\" content=\"Go Green - Schweiz GmbH\" \/>\n<meta property=\"article:modified_time\" content=\"2026-01-27T07:52:55+00:00\" \/>\n<meta property=\"og:image\" content=\"https:\/\/gogreen-schweiz.ch\/wp-content\/uploads\/2025\/07\/Broccoli-pulver-1.webp\" \/>\n\t<meta property=\"og:image:width\" content=\"1200\" \/>\n\t<meta property=\"og:image:height\" content=\"1200\" \/>\n\t<meta property=\"og:image:type\" content=\"image\/webp\" \/>\n<meta name=\"twitter:card\" content=\"summary_large_image\" \/>\n<meta name=\"twitter:label1\" content=\"Estimated reading time\" \/>\n\t<meta name=\"twitter:data1\" content=\"2 minutes\" \/>\n<script type=\"application\/ld+json\" class=\"yoast-schema-graph\">{\"@context\":\"https:\\\/\\\/schema.org\",\"@graph\":[{\"@type\":\"WebPage\",\"@id\":\"https:\\\/\\\/gogreen-schweiz.ch\\\/product\\\/brokkoli-mikrogruen-pulver\\\/\",\"url\":\"https:\\\/\\\/gogreen-schweiz.ch\\\/product\\\/brokkoli-mikrogruen-pulver\\\/\",\"name\":\"Brokkoli Microgreens Pulver \u2013 Bio Superfood aus der Schweiz | Go Green\",\"isPartOf\":{\"@id\":\"https:\\\/\\\/gogreen-schweiz.ch\\\/#website\"},\"primaryImageOfPage\":{\"@id\":\"https:\\\/\\\/gogreen-schweiz.ch\\\/product\\\/brokkoli-mikrogruen-pulver\\\/#primaryimage\"},\"image\":{\"@id\":\"https:\\\/\\\/gogreen-schweiz.ch\\\/product\\\/brokkoli-mikrogruen-pulver\\\/#primaryimage\"},\"thumbnailUrl\":\"https:\\\/\\\/gogreen-schweiz.ch\\\/wp-content\\\/uploads\\\/2025\\\/07\\\/Broccoli-pulver-1.webp\",\"datePublished\":\"2025-07-07T13:40:09+00:00\",\"dateModified\":\"2026-01-27T07:52:55+00:00\",\"description\":\"Gefriergetrocknetes Brokkoli-Microgreens \u2013 voller Vitamine, Sulforaphan & Antioxidantien. Bio, lokal & ohne Zus\u00e4tze. Jetzt online bestellen!\",\"breadcrumb\":{\"@id\":\"https:\\\/\\\/gogreen-schweiz.ch\\\/product\\\/brokkoli-mikrogruen-pulver\\\/#breadcrumb\"},\"inLanguage\":\"en-GB\",\"potentialAction\":[{\"@type\":\"ReadAction\",\"target\":[\"https:\\\/\\\/gogreen-schweiz.ch\\\/product\\\/brokkoli-mikrogruen-pulver\\\/\"]}]},{\"@type\":\"ImageObject\",\"inLanguage\":\"en-GB\",\"@id\":\"https:\\\/\\\/gogreen-schweiz.ch\\\/product\\\/brokkoli-mikrogruen-pulver\\\/#primaryimage\",\"url\":\"https:\\\/\\\/gogreen-schweiz.ch\\\/wp-content\\\/uploads\\\/2025\\\/07\\\/Broccoli-pulver-1.webp\",\"contentUrl\":\"https:\\\/\\\/gogreen-schweiz.ch\\\/wp-content\\\/uploads\\\/2025\\\/07\\\/Broccoli-pulver-1.webp\",\"width\":1200,\"height\":1200,\"caption\":\"Brokkoli microgreens pulver\"},{\"@type\":\"BreadcrumbList\",\"@id\":\"https:\\\/\\\/gogreen-schweiz.ch\\\/product\\\/brokkoli-mikrogruen-pulver\\\/#breadcrumb\",\"itemListElement\":[{\"@type\":\"ListItem\",\"position\":1,\"name\":\"Home\",\"item\":\"https:\\\/\\\/gogreen-schweiz.ch\\\/\"},{\"@type\":\"ListItem\",\"position\":2,\"name\":\"Shop\",\"item\":\"https:\\\/\\\/gogreen-schweiz.ch\\\/shop\\\/\"},{\"@type\":\"ListItem\",\"position\":3,\"name\":\"Brokkoli Pulver\"}]},{\"@type\":\"WebSite\",\"@id\":\"https:\\\/\\\/gogreen-schweiz.ch\\\/#website\",\"url\":\"https:\\\/\\\/gogreen-schweiz.ch\\\/\",\"name\":\"Go Green - Schweiz GmbH\",\"description\":\"\",\"publisher\":{\"@id\":\"https:\\\/\\\/gogreen-schweiz.ch\\\/#organization\"},\"potentialAction\":[{\"@type\":\"SearchAction\",\"target\":{\"@type\":\"EntryPoint\",\"urlTemplate\":\"https:\\\/\\\/gogreen-schweiz.ch\\\/?s={search_term_string}\"},\"query-input\":{\"@type\":\"PropertyValueSpecification\",\"valueRequired\":true,\"valueName\":\"search_term_string\"}}],\"inLanguage\":\"en-GB\"},{\"@type\":\"Organization\",\"@id\":\"https:\\\/\\\/gogreen-schweiz.ch\\\/#organization\",\"name\":\"Go Green - Schweiz GmbH\",\"url\":\"https:\\\/\\\/gogreen-schweiz.ch\\\/\",\"logo\":{\"@type\":\"ImageObject\",\"inLanguage\":\"en-GB\",\"@id\":\"https:\\\/\\\/gogreen-schweiz.ch\\\/#\\\/schema\\\/logo\\\/image\\\/\",\"url\":\"https:\\\/\\\/gogreen-schweiz.ch\\\/wp-content\\\/uploads\\\/2025\\\/07\\\/cropped-Go-Green.webp\",\"contentUrl\":\"https:\\\/\\\/gogreen-schweiz.ch\\\/wp-content\\\/uploads\\\/2025\\\/07\\\/cropped-Go-Green.webp\",\"width\":512,\"height\":512,\"caption\":\"Go Green - Schweiz GmbH\"},\"image\":{\"@id\":\"https:\\\/\\\/gogreen-schweiz.ch\\\/#\\\/schema\\\/logo\\\/image\\\/\"},\"sameAs\":[\"https:\\\/\\\/www.instagram.com\\\/gogreenschweiz\"]}]}<\/script>\n<!-- \/ Yoast SEO plugin. -->","yoast_head_json":{"title":"Brokkoli Microgreens Pulver \u2013 Bio Superfood aus der Schweiz | Go Green","description":"Gefriergetrocknetes Brokkoli-Microgreens \u2013 voller Vitamine, Sulforaphan & Antioxidantien. Bio, lokal & ohne Zus\u00e4tze. Jetzt online bestellen!","robots":{"index":"index","follow":"follow","max-snippet":"max-snippet:-1","max-image-preview":"max-image-preview:large","max-video-preview":"max-video-preview:-1"},"canonical":"https:\/\/gogreen-schweiz.ch\/en\/product\/brokkoli-mikrogruen-pulver\/","og_locale":"en_GB","og_type":"article","og_title":"Brokkoli Microgreens Pulver \u2013 Bio Superfood aus der Schweiz | Go Green","og_description":"Gefriergetrocknetes Brokkoli-Microgreens \u2013 voller Vitamine, Sulforaphan & Antioxidantien. Bio, lokal & ohne Zus\u00e4tze. Jetzt online bestellen!","og_url":"https:\/\/gogreen-schweiz.ch\/en\/product\/brokkoli-mikrogruen-pulver\/","og_site_name":"Go Green - Schweiz GmbH","article_modified_time":"2026-01-27T07:52:55+00:00","og_image":[{"width":1200,"height":1200,"url":"https:\/\/gogreen-schweiz.ch\/wp-content\/uploads\/2025\/07\/Broccoli-pulver-1.webp","type":"image\/webp"}],"twitter_card":"summary_large_image","twitter_misc":{"Estimated reading time":"2 minutes"},"schema":{"@context":"https:\/\/schema.org","@graph":[{"@type":"WebPage","@id":"https:\/\/gogreen-schweiz.ch\/product\/brokkoli-mikrogruen-pulver\/","url":"https:\/\/gogreen-schweiz.ch\/product\/brokkoli-mikrogruen-pulver\/","name":"Brokkoli Microgreens Pulver \u2013 Bio Superfood aus der Schweiz | Go Green","isPartOf":{"@id":"https:\/\/gogreen-schweiz.ch\/#website"},"primaryImageOfPage":{"@id":"https:\/\/gogreen-schweiz.ch\/product\/brokkoli-mikrogruen-pulver\/#primaryimage"},"image":{"@id":"https:\/\/gogreen-schweiz.ch\/product\/brokkoli-mikrogruen-pulver\/#primaryimage"},"thumbnailUrl":"https:\/\/gogreen-schweiz.ch\/wp-content\/uploads\/2025\/07\/Broccoli-pulver-1.webp","datePublished":"2025-07-07T13:40:09+00:00","dateModified":"2026-01-27T07:52:55+00:00","description":"Gefriergetrocknetes Brokkoli-Microgreens \u2013 voller Vitamine, Sulforaphan & Antioxidantien. Bio, lokal & ohne Zus\u00e4tze. Jetzt online bestellen!","breadcrumb":{"@id":"https:\/\/gogreen-schweiz.ch\/product\/brokkoli-mikrogruen-pulver\/#breadcrumb"},"inLanguage":"en-GB","potentialAction":[{"@type":"ReadAction","target":["https:\/\/gogreen-schweiz.ch\/product\/brokkoli-mikrogruen-pulver\/"]}]},{"@type":"ImageObject","inLanguage":"en-GB","@id":"https:\/\/gogreen-schweiz.ch\/product\/brokkoli-mikrogruen-pulver\/#primaryimage","url":"https:\/\/gogreen-schweiz.ch\/wp-content\/uploads\/2025\/07\/Broccoli-pulver-1.webp","contentUrl":"https:\/\/gogreen-schweiz.ch\/wp-content\/uploads\/2025\/07\/Broccoli-pulver-1.webp","width":1200,"height":1200,"caption":"Brokkoli microgreens pulver"},{"@type":"BreadcrumbList","@id":"https:\/\/gogreen-schweiz.ch\/product\/brokkoli-mikrogruen-pulver\/#breadcrumb","itemListElement":[{"@type":"ListItem","position":1,"name":"Home","item":"https:\/\/gogreen-schweiz.ch\/"},{"@type":"ListItem","position":2,"name":"Shop","item":"https:\/\/gogreen-schweiz.ch\/shop\/"},{"@type":"ListItem","position":3,"name":"Brokkoli Pulver"}]},{"@type":"WebSite","@id":"https:\/\/gogreen-schweiz.ch\/#website","url":"https:\/\/gogreen-schweiz.ch\/","name":"Go Green - Schweiz GmbH","description":"","publisher":{"@id":"https:\/\/gogreen-schweiz.ch\/#organization"},"potentialAction":[{"@type":"SearchAction","target":{"@type":"EntryPoint","urlTemplate":"https:\/\/gogreen-schweiz.ch\/?s={search_term_string}"},"query-input":{"@type":"PropertyValueSpecification","valueRequired":true,"valueName":"search_term_string"}}],"inLanguage":"en-GB"},{"@type":"Organization","@id":"https:\/\/gogreen-schweiz.ch\/#organization","name":"Go Green - Schweiz GmbH","url":"https:\/\/gogreen-schweiz.ch\/","logo":{"@type":"ImageObject","inLanguage":"en-GB","@id":"https:\/\/gogreen-schweiz.ch\/#\/schema\/logo\/image\/","url":"https:\/\/gogreen-schweiz.ch\/wp-content\/uploads\/2025\/07\/cropped-Go-Green.webp","contentUrl":"https:\/\/gogreen-schweiz.ch\/wp-content\/uploads\/2025\/07\/cropped-Go-Green.webp","width":512,"height":512,"caption":"Go Green - Schweiz GmbH"},"image":{"@id":"https:\/\/gogreen-schweiz.ch\/#\/schema\/logo\/image\/"},"sameAs":["https:\/\/www.instagram.com\/gogreenschweiz"]}]}},"jetpack_sharing_enabled":true,"_links":{"self":[{"href":"https:\/\/gogreen-schweiz.ch\/en\/wp-json\/wp\/v2\/product\/569","targetHints":{"allow":["GET"]}}],"collection":[{"href":"https:\/\/gogreen-schweiz.ch\/en\/wp-json\/wp\/v2\/product"}],"about":[{"href":"https:\/\/gogreen-schweiz.ch\/en\/wp-json\/wp\/v2\/types\/product"}],"wp:featuredmedia":[{"embeddable":true,"href":"https:\/\/gogreen-schweiz.ch\/en\/wp-json\/wp\/v2\/media\/1376"}],"wp:attachment":[{"href":"https:\/\/gogreen-schweiz.ch\/en\/wp-json\/wp\/v2\/media?parent=569"}],"wp:term":[{"taxonomy":"product_brand","embeddable":true,"href":"https:\/\/gogreen-schweiz.ch\/en\/wp-json\/wp\/v2\/product_brand?post=569"},{"taxonomy":"product_cat","embeddable":true,"href":"https:\/\/gogreen-schweiz.ch\/en\/wp-json\/wp\/v2\/product_cat?post=569"},{"taxonomy":"product_tag","embeddable":true,"href":"https:\/\/gogreen-schweiz.ch\/en\/wp-json\/wp\/v2\/product_tag?post=569"}],"curies":[{"name":"wp","href":"https:\/\/api.w.org\/{rel}","templated":true}]}}