{"id":705,"date":"2025-07-18T10:30:48","date_gmt":"2025-07-18T08:30:48","guid":{"rendered":"https:\/\/gogreen-schweiz.ch\/?post_type=product&#038;p=705"},"modified":"2025-11-18T13:36:07","modified_gmt":"2025-11-18T11:36:07","slug":"brokkoli-calabrese","status":"publish","type":"product","link":"https:\/\/gogreen-schweiz.ch\/en\/product\/brokkoli-calabrese\/","title":{"rendered":"Brokkoli Calabrese"},"content":{"rendered":"<p>Diese zarten Bl\u00e4tter punkten nicht nur geschmacklich, sondern auch durch ihre leuchtend gr\u00fcne Farbe und knackige Textur.<\/p>\n<p><strong data-start=\"496\" data-end=\"510\">Geschmack:<\/strong> Mild-kohlig, leicht pfeffrig<br data-start=\"539\" data-end=\"542\" \/><strong data-start=\"542\" data-end=\"557\">Stielfarbe:<\/strong> Weiss<br data-start=\"562\" data-end=\"565\" \/><strong data-start=\"565\" data-end=\"580\">Blattfarbe:<\/strong> Gr\u00fcn<br data-start=\"585\" data-end=\"588\" \/><strong data-start=\"588\" data-end=\"617\">Vitamine &amp; Mineralstoffe:<\/strong><br data-start=\"617\" data-end=\"620\" \/>\u2013 Vit A, B1, B2, C<br data-start=\"638\" data-end=\"641\" \/>\u2013 Ca, Fe, Mg, P<\/p>\n<p><strong data-start=\"661\" data-end=\"678\">Besonderheit:<\/strong> Extrem reich an <strong data-start=\"695\" data-end=\"710\">Sulforaphan<\/strong> \u2013 einem krebshemmenden Wirkstoff, der in Mikrogr\u00fcn bis zu 200x st\u00e4rker konzentriert ist als in reifer Brokkoli. Ideal f\u00fcr gesundheitsbewusste Ern\u00e4hrung.<\/p>\n<p>&nbsp;<\/p>\n<h2 data-start=\"803\" data-end=\"856\"><strong data-start=\"806\" data-end=\"856\">Wichtige Informationen zu frischer Microgreens<\/strong><\/h2>\n<p data-start=\"857\" data-end=\"978\">Dieses Produkt ist <strong data-start=\"876\" data-end=\"901\">nur als Vorbestellung<\/strong> erh\u00e4ltlich.<br data-start=\"913\" data-end=\"916\" \/>Die Vorbereitungszeit betr\u00e4gt etwa <strong data-start=\"951\" data-end=\"961\">7 Tage<\/strong> ab Bestelldatum.<\/p>\n<p data-start=\"980\" data-end=\"1193\">Die Lieferung von frischer Microgreens ist <strong data-start=\"1023\" data-end=\"1065\">nur in bestimmten Regionen der Schweiz<\/strong> m\u00f6glich.<br data-start=\"1074\" data-end=\"1077\" \/>Vor Ihrer Bestellung <strong data-start=\"1098\" data-end=\"1136\">empfehlen wir, uns zu kontaktieren<\/strong>, um die Lieferm\u00f6glichkeit an Ihre Adresse zu best\u00e4tigen.<\/p>\n<p data-start=\"1241\" data-end=\"1336\"><strong data-start=\"1241\" data-end=\"1336\">Vielleicht wollten Sie lyophilisierte Microgreens, <a href=\"https:\/\/gogreen-schweiz.ch\/en\/product\/brokkoli-samen\/\">Samen<\/a> oder <a href=\"https:\/\/gogreen-schweiz.ch\/en\/product\/brokkoli-mikrogruen-pulver\/\">Microgreens-Pulver<\/a> bestellen.<\/strong><\/p>","protected":false},"excerpt":{"rendered":"<p>Mild, frisch und mit einem Hauch von Meerrettich \u2013 Brokkoli-Mikrogr\u00fcn der Sorte <strong data-start=\"197\" data-end=\"210\">Calabrese<\/strong> verleiht deinen Gerichten einen sanften, w\u00fcrzigen Kick. Ideal als Topping f\u00fcr Salate, Bowls, Pizza oder Suppen \u2013 oder als vitaminreicher Zusatz im Smoothie.<\/p>","protected":false},"featured_media":703,"template":"","meta":{"_coblocks_attr":"","_coblocks_dimensions":"","_coblocks_responsive_height":"","_coblocks_accordion_ie_support":"","wprm-recipe-roundup-name":"","wprm-recipe-roundup-description":""},"product_brand":[],"product_cat":[30],"product_tag":[35,38,50,37,27,28,33,36,39],"class_list":{"0":"post-705","1":"product","2":"type-product","3":"status-publish","4":"has-post-thumbnail","6":"product_cat-microgreen","7":"product_tag-bowl","8":"product_tag-eier","9":"product_tag-pasta","10":"product_tag-pizza","11":"product_tag-salat","12":"product_tag-sandwich","13":"product_tag-smoothie","14":"product_tag-suppe","15":"product_tag-sushi","16":"product_shipping_class-fresh","18":"first","19":"onbackorder","20":"taxable","21":"shipping-taxable","22":"purchasable","23":"product-type-simple"},"yoast_head":"<!-- This site is optimized with the Yoast SEO plugin v27.5 - https:\/\/yoast.com\/product\/yoast-seo-wordpress\/ -->\n<title>Brokkoli Calabrese - Go Green - Schweiz GmbH<\/title>\n<meta name=\"description\" content=\"Frisches Brokkoli Microgreens der Sorte Calabrese \u2013 reich an Vitaminen A, B, C, Magnesium &amp; Sulforaphan. Mild-w\u00fcrziger Geschmack. Ideal f\u00fcr Salate, Bowls &amp; Smoothies.\" \/>\n<meta name=\"robots\" content=\"index, follow, max-snippet:-1, max-image-preview:large, max-video-preview:-1\" \/>\n<link rel=\"canonical\" href=\"https:\/\/gogreen-schweiz.ch\/en\/product\/brokkoli-calabrese\/\" \/>\n<meta property=\"og:locale\" content=\"en_GB\" \/>\n<meta property=\"og:type\" content=\"article\" \/>\n<meta property=\"og:title\" content=\"Brokkoli Calabrese - Go Green - Schweiz GmbH\" \/>\n<meta property=\"og:description\" content=\"Frisches Brokkoli Microgreens der Sorte Calabrese \u2013 reich an Vitaminen A, B, C, Magnesium &amp; Sulforaphan. Mild-w\u00fcrziger Geschmack. Ideal f\u00fcr Salate, Bowls &amp; Smoothies.\" \/>\n<meta property=\"og:url\" content=\"https:\/\/gogreen-schweiz.ch\/en\/product\/brokkoli-calabrese\/\" \/>\n<meta property=\"og:site_name\" content=\"Go Green - Schweiz GmbH\" \/>\n<meta property=\"article:modified_time\" content=\"2025-11-18T11:36:07+00:00\" \/>\n<meta property=\"og:image\" content=\"https:\/\/gogreen-schweiz.ch\/wp-content\/uploads\/2025\/07\/Broccoli-Calabrese.webp\" \/>\n\t<meta property=\"og:image:width\" content=\"600\" \/>\n\t<meta property=\"og:image:height\" content=\"600\" \/>\n\t<meta property=\"og:image:type\" content=\"image\/webp\" \/>\n<meta name=\"twitter:card\" content=\"summary_large_image\" \/>\n<meta name=\"twitter:label1\" content=\"Estimated reading time\" \/>\n\t<meta name=\"twitter:data1\" content=\"1 minute\" \/>\n<script type=\"application\/ld+json\" class=\"yoast-schema-graph\">{\"@context\":\"https:\\\/\\\/schema.org\",\"@graph\":[{\"@type\":\"WebPage\",\"@id\":\"https:\\\/\\\/gogreen-schweiz.ch\\\/product\\\/brokkoli-calabrese\\\/\",\"url\":\"https:\\\/\\\/gogreen-schweiz.ch\\\/product\\\/brokkoli-calabrese\\\/\",\"name\":\"Brokkoli Calabrese - Go Green - Schweiz GmbH\",\"isPartOf\":{\"@id\":\"https:\\\/\\\/gogreen-schweiz.ch\\\/#website\"},\"primaryImageOfPage\":{\"@id\":\"https:\\\/\\\/gogreen-schweiz.ch\\\/product\\\/brokkoli-calabrese\\\/#primaryimage\"},\"image\":{\"@id\":\"https:\\\/\\\/gogreen-schweiz.ch\\\/product\\\/brokkoli-calabrese\\\/#primaryimage\"},\"thumbnailUrl\":\"https:\\\/\\\/gogreen-schweiz.ch\\\/wp-content\\\/uploads\\\/2025\\\/07\\\/Broccoli-Calabrese.webp\",\"datePublished\":\"2025-07-18T08:30:48+00:00\",\"dateModified\":\"2025-11-18T11:36:07+00:00\",\"description\":\"Frisches Brokkoli Microgreens der Sorte Calabrese \u2013 reich an Vitaminen A, B, C, Magnesium & Sulforaphan. Mild-w\u00fcrziger Geschmack. Ideal f\u00fcr Salate, Bowls & Smoothies.\",\"breadcrumb\":{\"@id\":\"https:\\\/\\\/gogreen-schweiz.ch\\\/product\\\/brokkoli-calabrese\\\/#breadcrumb\"},\"inLanguage\":\"en-GB\",\"potentialAction\":[{\"@type\":\"ReadAction\",\"target\":[\"https:\\\/\\\/gogreen-schweiz.ch\\\/product\\\/brokkoli-calabrese\\\/\"]}]},{\"@type\":\"ImageObject\",\"inLanguage\":\"en-GB\",\"@id\":\"https:\\\/\\\/gogreen-schweiz.ch\\\/product\\\/brokkoli-calabrese\\\/#primaryimage\",\"url\":\"https:\\\/\\\/gogreen-schweiz.ch\\\/wp-content\\\/uploads\\\/2025\\\/07\\\/Broccoli-Calabrese.webp\",\"contentUrl\":\"https:\\\/\\\/gogreen-schweiz.ch\\\/wp-content\\\/uploads\\\/2025\\\/07\\\/Broccoli-Calabrese.webp\",\"width\":600,\"height\":600},{\"@type\":\"BreadcrumbList\",\"@id\":\"https:\\\/\\\/gogreen-schweiz.ch\\\/product\\\/brokkoli-calabrese\\\/#breadcrumb\",\"itemListElement\":[{\"@type\":\"ListItem\",\"position\":1,\"name\":\"Home\",\"item\":\"https:\\\/\\\/gogreen-schweiz.ch\\\/\"},{\"@type\":\"ListItem\",\"position\":2,\"name\":\"Shop\",\"item\":\"https:\\\/\\\/gogreen-schweiz.ch\\\/shop\\\/\"},{\"@type\":\"ListItem\",\"position\":3,\"name\":\"Brokkoli Calabrese\"}]},{\"@type\":\"WebSite\",\"@id\":\"https:\\\/\\\/gogreen-schweiz.ch\\\/#website\",\"url\":\"https:\\\/\\\/gogreen-schweiz.ch\\\/\",\"name\":\"Go Green - Schweiz GmbH\",\"description\":\"\",\"publisher\":{\"@id\":\"https:\\\/\\\/gogreen-schweiz.ch\\\/#organization\"},\"potentialAction\":[{\"@type\":\"SearchAction\",\"target\":{\"@type\":\"EntryPoint\",\"urlTemplate\":\"https:\\\/\\\/gogreen-schweiz.ch\\\/?s={search_term_string}\"},\"query-input\":{\"@type\":\"PropertyValueSpecification\",\"valueRequired\":true,\"valueName\":\"search_term_string\"}}],\"inLanguage\":\"en-GB\"},{\"@type\":\"Organization\",\"@id\":\"https:\\\/\\\/gogreen-schweiz.ch\\\/#organization\",\"name\":\"Go Green - Schweiz GmbH\",\"url\":\"https:\\\/\\\/gogreen-schweiz.ch\\\/\",\"logo\":{\"@type\":\"ImageObject\",\"inLanguage\":\"en-GB\",\"@id\":\"https:\\\/\\\/gogreen-schweiz.ch\\\/#\\\/schema\\\/logo\\\/image\\\/\",\"url\":\"https:\\\/\\\/gogreen-schweiz.ch\\\/wp-content\\\/uploads\\\/2025\\\/07\\\/cropped-Go-Green.webp\",\"contentUrl\":\"https:\\\/\\\/gogreen-schweiz.ch\\\/wp-content\\\/uploads\\\/2025\\\/07\\\/cropped-Go-Green.webp\",\"width\":512,\"height\":512,\"caption\":\"Go Green - Schweiz GmbH\"},\"image\":{\"@id\":\"https:\\\/\\\/gogreen-schweiz.ch\\\/#\\\/schema\\\/logo\\\/image\\\/\"},\"sameAs\":[\"https:\\\/\\\/www.instagram.com\\\/gogreenschweiz\"]}]}<\/script>\n<!-- \/ Yoast SEO plugin. -->","yoast_head_json":{"title":"Brokkoli Calabrese - Go Green - Schweiz GmbH","description":"Frisches Brokkoli Microgreens der Sorte Calabrese \u2013 reich an Vitaminen A, B, C, Magnesium & Sulforaphan. Mild-w\u00fcrziger Geschmack. Ideal f\u00fcr Salate, Bowls & Smoothies.","robots":{"index":"index","follow":"follow","max-snippet":"max-snippet:-1","max-image-preview":"max-image-preview:large","max-video-preview":"max-video-preview:-1"},"canonical":"https:\/\/gogreen-schweiz.ch\/en\/product\/brokkoli-calabrese\/","og_locale":"en_GB","og_type":"article","og_title":"Brokkoli Calabrese - Go Green - Schweiz GmbH","og_description":"Frisches Brokkoli Microgreens der Sorte Calabrese \u2013 reich an Vitaminen A, B, C, Magnesium & Sulforaphan. Mild-w\u00fcrziger Geschmack. Ideal f\u00fcr Salate, Bowls & Smoothies.","og_url":"https:\/\/gogreen-schweiz.ch\/en\/product\/brokkoli-calabrese\/","og_site_name":"Go Green - Schweiz GmbH","article_modified_time":"2025-11-18T11:36:07+00:00","og_image":[{"width":600,"height":600,"url":"https:\/\/gogreen-schweiz.ch\/wp-content\/uploads\/2025\/07\/Broccoli-Calabrese.webp","type":"image\/webp"}],"twitter_card":"summary_large_image","twitter_misc":{"Estimated reading time":"1 minute"},"schema":{"@context":"https:\/\/schema.org","@graph":[{"@type":"WebPage","@id":"https:\/\/gogreen-schweiz.ch\/product\/brokkoli-calabrese\/","url":"https:\/\/gogreen-schweiz.ch\/product\/brokkoli-calabrese\/","name":"Brokkoli Calabrese - Go Green - Schweiz GmbH","isPartOf":{"@id":"https:\/\/gogreen-schweiz.ch\/#website"},"primaryImageOfPage":{"@id":"https:\/\/gogreen-schweiz.ch\/product\/brokkoli-calabrese\/#primaryimage"},"image":{"@id":"https:\/\/gogreen-schweiz.ch\/product\/brokkoli-calabrese\/#primaryimage"},"thumbnailUrl":"https:\/\/gogreen-schweiz.ch\/wp-content\/uploads\/2025\/07\/Broccoli-Calabrese.webp","datePublished":"2025-07-18T08:30:48+00:00","dateModified":"2025-11-18T11:36:07+00:00","description":"Frisches Brokkoli Microgreens der Sorte Calabrese \u2013 reich an Vitaminen A, B, C, Magnesium & Sulforaphan. Mild-w\u00fcrziger Geschmack. Ideal f\u00fcr Salate, Bowls & Smoothies.","breadcrumb":{"@id":"https:\/\/gogreen-schweiz.ch\/product\/brokkoli-calabrese\/#breadcrumb"},"inLanguage":"en-GB","potentialAction":[{"@type":"ReadAction","target":["https:\/\/gogreen-schweiz.ch\/product\/brokkoli-calabrese\/"]}]},{"@type":"ImageObject","inLanguage":"en-GB","@id":"https:\/\/gogreen-schweiz.ch\/product\/brokkoli-calabrese\/#primaryimage","url":"https:\/\/gogreen-schweiz.ch\/wp-content\/uploads\/2025\/07\/Broccoli-Calabrese.webp","contentUrl":"https:\/\/gogreen-schweiz.ch\/wp-content\/uploads\/2025\/07\/Broccoli-Calabrese.webp","width":600,"height":600},{"@type":"BreadcrumbList","@id":"https:\/\/gogreen-schweiz.ch\/product\/brokkoli-calabrese\/#breadcrumb","itemListElement":[{"@type":"ListItem","position":1,"name":"Home","item":"https:\/\/gogreen-schweiz.ch\/"},{"@type":"ListItem","position":2,"name":"Shop","item":"https:\/\/gogreen-schweiz.ch\/shop\/"},{"@type":"ListItem","position":3,"name":"Brokkoli Calabrese"}]},{"@type":"WebSite","@id":"https:\/\/gogreen-schweiz.ch\/#website","url":"https:\/\/gogreen-schweiz.ch\/","name":"Go Green - Schweiz GmbH","description":"","publisher":{"@id":"https:\/\/gogreen-schweiz.ch\/#organization"},"potentialAction":[{"@type":"SearchAction","target":{"@type":"EntryPoint","urlTemplate":"https:\/\/gogreen-schweiz.ch\/?s={search_term_string}"},"query-input":{"@type":"PropertyValueSpecification","valueRequired":true,"valueName":"search_term_string"}}],"inLanguage":"en-GB"},{"@type":"Organization","@id":"https:\/\/gogreen-schweiz.ch\/#organization","name":"Go Green - Schweiz GmbH","url":"https:\/\/gogreen-schweiz.ch\/","logo":{"@type":"ImageObject","inLanguage":"en-GB","@id":"https:\/\/gogreen-schweiz.ch\/#\/schema\/logo\/image\/","url":"https:\/\/gogreen-schweiz.ch\/wp-content\/uploads\/2025\/07\/cropped-Go-Green.webp","contentUrl":"https:\/\/gogreen-schweiz.ch\/wp-content\/uploads\/2025\/07\/cropped-Go-Green.webp","width":512,"height":512,"caption":"Go Green - Schweiz GmbH"},"image":{"@id":"https:\/\/gogreen-schweiz.ch\/#\/schema\/logo\/image\/"},"sameAs":["https:\/\/www.instagram.com\/gogreenschweiz"]}]}},"jetpack_sharing_enabled":true,"_links":{"self":[{"href":"https:\/\/gogreen-schweiz.ch\/en\/wp-json\/wp\/v2\/product\/705","targetHints":{"allow":["GET"]}}],"collection":[{"href":"https:\/\/gogreen-schweiz.ch\/en\/wp-json\/wp\/v2\/product"}],"about":[{"href":"https:\/\/gogreen-schweiz.ch\/en\/wp-json\/wp\/v2\/types\/product"}],"wp:featuredmedia":[{"embeddable":true,"href":"https:\/\/gogreen-schweiz.ch\/en\/wp-json\/wp\/v2\/media\/703"}],"wp:attachment":[{"href":"https:\/\/gogreen-schweiz.ch\/en\/wp-json\/wp\/v2\/media?parent=705"}],"wp:term":[{"taxonomy":"product_brand","embeddable":true,"href":"https:\/\/gogreen-schweiz.ch\/en\/wp-json\/wp\/v2\/product_brand?post=705"},{"taxonomy":"product_cat","embeddable":true,"href":"https:\/\/gogreen-schweiz.ch\/en\/wp-json\/wp\/v2\/product_cat?post=705"},{"taxonomy":"product_tag","embeddable":true,"href":"https:\/\/gogreen-schweiz.ch\/en\/wp-json\/wp\/v2\/product_tag?post=705"}],"curies":[{"name":"wp","href":"https:\/\/api.w.org\/{rel}","templated":true}]}}