{"id":712,"date":"2025-07-18T10:41:54","date_gmt":"2025-07-18T08:41:54","guid":{"rendered":"https:\/\/gogreen-schweiz.ch\/?post_type=product&#038;p=712"},"modified":"2025-11-18T13:38:13","modified_gmt":"2025-11-18T11:38:13","slug":"chickpea","status":"publish","type":"product","link":"https:\/\/gogreen-schweiz.ch\/en\/product\/chickpea\/","title":{"rendered":"Chickpea (Kichererbse)"},"content":{"rendered":"<p>Ob im Salat, auf Sandwiches oder als Topping f\u00fcr Suppen und Bowls: Diese Microgreens sind vielseitig einsetzbar und liefern dabei jede Menge pflanzliches Eiwei\u00df, Ballaststoffe, Eisen und Kalzium.<\/p>\n<p data-start=\"538\" data-end=\"701\"><strong data-start=\"538\" data-end=\"552\">Geschmack:<\/strong> Mild nussig<br data-start=\"564\" data-end=\"567\" \/><strong data-start=\"567\" data-end=\"582\">Stielfarbe:<\/strong> Gr\u00fcn<br data-start=\"587\" data-end=\"590\" \/><strong data-start=\"590\" data-end=\"605\">Blattfarbe:<\/strong> Gr\u00fcn<br data-start=\"610\" data-end=\"613\" \/><strong data-start=\"613\" data-end=\"642\">Vitamine &amp; Mineralstoffe:<\/strong><br data-start=\"642\" data-end=\"645\" \/>\u2013 Ca, Fe, K, P<br data-start=\"659\" data-end=\"662\" \/>\u2013 Ballaststoffe &amp; pflanzliches Eiwei\u00df<\/p>\n<p data-start=\"703\" data-end=\"850\"><strong data-start=\"703\" data-end=\"720\">Besonderheit:<\/strong> Hervorragend f\u00fcr vegane &amp; vegetarische Ern\u00e4hrung. Gut bek\u00f6mmlich, s\u00e4ttigend und roh verzehrbar \u2013 ideal f\u00fcr Salate, Wraps &amp; Bowls.<\/p>\n<p data-start=\"703\" data-end=\"850\">\n<h2 data-start=\"803\" data-end=\"856\"><strong data-start=\"806\" data-end=\"856\">Wichtige Informationen zu frischer Microgreens<\/strong><\/h2>\n<p data-start=\"857\" data-end=\"978\">Dieses Produkt ist <strong data-start=\"876\" data-end=\"901\">nur als Vorbestellung<\/strong> erh\u00e4ltlich.<br data-start=\"913\" data-end=\"916\" \/>Die Vorbereitungszeit betr\u00e4gt etwa <strong data-start=\"951\" data-end=\"961\">7 Tage<\/strong> ab Bestelldatum.<\/p>\n<p data-start=\"980\" data-end=\"1193\">Die Lieferung von frischer Microgreens ist <strong data-start=\"1023\" data-end=\"1065\">nur in bestimmten Regionen der Schweiz<\/strong> m\u00f6glich.<br data-start=\"1074\" data-end=\"1077\" \/>Vor Ihrer Bestellung <strong data-start=\"1098\" data-end=\"1136\">empfehlen wir, uns zu kontaktieren<\/strong>, um die Lieferm\u00f6glichkeit an Ihre Adresse zu best\u00e4tigen.<\/p>\n<p data-start=\"1241\" data-end=\"1336\"><strong data-start=\"1241\" data-end=\"1336\">Vielleicht wollten Sie lyophilisierte Microgreens, <a href=\"https:\/\/gogreen-schweiz.ch\/en\/product\/chickpea-kichererbse-samen\/\">Samen<\/a> oder <a href=\"https:\/\/gogreen-schweiz.ch\/en\/product-category\/microgreen-pulver\/\">Microgreens-Pulver<\/a> bestellen.<\/strong><\/p>","protected":false},"excerpt":{"rendered":"<p>Ein jahrtausendealtes Superfood neu entdeckt! Chickpea-Mikrogr\u00fcn \u00fcberzeugt mit einem mild-nussigen Geschmack, zartem Biss und hohem N\u00e4hrstoffgehalt \u2013 perfekt f\u00fcr eine pflanzenbasierte Ern\u00e4hrung.<\/p>","protected":false},"featured_media":710,"template":"","meta":{"_coblocks_attr":"","_coblocks_dimensions":"","_coblocks_responsive_height":"","_coblocks_accordion_ie_support":"","wprm-recipe-roundup-name":"","wprm-recipe-roundup-description":""},"product_brand":[],"product_cat":[30],"product_tag":[35,27,28,36,34],"class_list":{"0":"post-712","1":"product","2":"type-product","3":"status-publish","4":"has-post-thumbnail","6":"product_cat-microgreen","7":"product_tag-bowl","8":"product_tag-salat","9":"product_tag-sandwich","10":"product_tag-suppe","11":"product_tag-wrap","12":"product_shipping_class-fresh","14":"first","15":"onbackorder","16":"taxable","17":"shipping-taxable","18":"purchasable","19":"product-type-simple"},"yoast_head":"<!-- This site is optimized with the Yoast SEO plugin v27.5 - https:\/\/yoast.com\/product\/yoast-seo-wordpress\/ -->\n<title>Chickpea (Kichererbse) - Go Green - Schweiz GmbH<\/title>\n<meta name=\"description\" content=\"Chickpea-Mikrogr\u00fcn \u2013 mild-nussig im Geschmack, voller pflanzlichem Eiwei\u00df, Eisen, Kalzium &amp; Ballaststoffen. Perfekt f\u00fcr Salate, Bowls, Wraps &amp; vegane Ern\u00e4hrung.\" \/>\n<meta name=\"robots\" content=\"index, follow, max-snippet:-1, max-image-preview:large, max-video-preview:-1\" \/>\n<link rel=\"canonical\" href=\"https:\/\/gogreen-schweiz.ch\/en\/product\/chickpea\/\" \/>\n<meta property=\"og:locale\" content=\"en_GB\" \/>\n<meta property=\"og:type\" content=\"article\" \/>\n<meta property=\"og:title\" content=\"Chickpea (Kichererbse) - Go Green - Schweiz GmbH\" \/>\n<meta property=\"og:description\" content=\"Chickpea-Mikrogr\u00fcn \u2013 mild-nussig im Geschmack, voller pflanzlichem Eiwei\u00df, Eisen, Kalzium &amp; Ballaststoffen. Perfekt f\u00fcr Salate, Bowls, Wraps &amp; vegane Ern\u00e4hrung.\" \/>\n<meta property=\"og:url\" content=\"https:\/\/gogreen-schweiz.ch\/en\/product\/chickpea\/\" \/>\n<meta property=\"og:site_name\" content=\"Go Green - Schweiz GmbH\" \/>\n<meta property=\"article:modified_time\" content=\"2025-11-18T11:38:13+00:00\" \/>\n<meta property=\"og:image\" content=\"https:\/\/gogreen-schweiz.ch\/wp-content\/uploads\/2025\/07\/Chickpea-2.webp\" \/>\n\t<meta property=\"og:image:width\" content=\"600\" \/>\n\t<meta property=\"og:image:height\" content=\"600\" \/>\n\t<meta property=\"og:image:type\" content=\"image\/webp\" \/>\n<meta name=\"twitter:card\" content=\"summary_large_image\" \/>\n<meta name=\"twitter:label1\" content=\"Estimated reading time\" \/>\n\t<meta name=\"twitter:data1\" content=\"1 minute\" \/>\n<script type=\"application\/ld+json\" class=\"yoast-schema-graph\">{\"@context\":\"https:\\\/\\\/schema.org\",\"@graph\":[{\"@type\":\"WebPage\",\"@id\":\"https:\\\/\\\/gogreen-schweiz.ch\\\/product\\\/chickpea\\\/\",\"url\":\"https:\\\/\\\/gogreen-schweiz.ch\\\/product\\\/chickpea\\\/\",\"name\":\"Chickpea (Kichererbse) - Go Green - Schweiz GmbH\",\"isPartOf\":{\"@id\":\"https:\\\/\\\/gogreen-schweiz.ch\\\/#website\"},\"primaryImageOfPage\":{\"@id\":\"https:\\\/\\\/gogreen-schweiz.ch\\\/product\\\/chickpea\\\/#primaryimage\"},\"image\":{\"@id\":\"https:\\\/\\\/gogreen-schweiz.ch\\\/product\\\/chickpea\\\/#primaryimage\"},\"thumbnailUrl\":\"https:\\\/\\\/gogreen-schweiz.ch\\\/wp-content\\\/uploads\\\/2025\\\/07\\\/Chickpea-2.webp\",\"datePublished\":\"2025-07-18T08:41:54+00:00\",\"dateModified\":\"2025-11-18T11:38:13+00:00\",\"description\":\"Chickpea-Mikrogr\u00fcn \u2013 mild-nussig im Geschmack, voller pflanzlichem Eiwei\u00df, Eisen, Kalzium & Ballaststoffen. Perfekt f\u00fcr Salate, Bowls, Wraps & vegane Ern\u00e4hrung.\",\"breadcrumb\":{\"@id\":\"https:\\\/\\\/gogreen-schweiz.ch\\\/product\\\/chickpea\\\/#breadcrumb\"},\"inLanguage\":\"en-GB\",\"potentialAction\":[{\"@type\":\"ReadAction\",\"target\":[\"https:\\\/\\\/gogreen-schweiz.ch\\\/product\\\/chickpea\\\/\"]}]},{\"@type\":\"ImageObject\",\"inLanguage\":\"en-GB\",\"@id\":\"https:\\\/\\\/gogreen-schweiz.ch\\\/product\\\/chickpea\\\/#primaryimage\",\"url\":\"https:\\\/\\\/gogreen-schweiz.ch\\\/wp-content\\\/uploads\\\/2025\\\/07\\\/Chickpea-2.webp\",\"contentUrl\":\"https:\\\/\\\/gogreen-schweiz.ch\\\/wp-content\\\/uploads\\\/2025\\\/07\\\/Chickpea-2.webp\",\"width\":600,\"height\":600},{\"@type\":\"BreadcrumbList\",\"@id\":\"https:\\\/\\\/gogreen-schweiz.ch\\\/product\\\/chickpea\\\/#breadcrumb\",\"itemListElement\":[{\"@type\":\"ListItem\",\"position\":1,\"name\":\"Home\",\"item\":\"https:\\\/\\\/gogreen-schweiz.ch\\\/\"},{\"@type\":\"ListItem\",\"position\":2,\"name\":\"Shop\",\"item\":\"https:\\\/\\\/gogreen-schweiz.ch\\\/shop\\\/\"},{\"@type\":\"ListItem\",\"position\":3,\"name\":\"Chickpea (Kichererbse)\"}]},{\"@type\":\"WebSite\",\"@id\":\"https:\\\/\\\/gogreen-schweiz.ch\\\/#website\",\"url\":\"https:\\\/\\\/gogreen-schweiz.ch\\\/\",\"name\":\"Go Green - Schweiz GmbH\",\"description\":\"\",\"publisher\":{\"@id\":\"https:\\\/\\\/gogreen-schweiz.ch\\\/#organization\"},\"potentialAction\":[{\"@type\":\"SearchAction\",\"target\":{\"@type\":\"EntryPoint\",\"urlTemplate\":\"https:\\\/\\\/gogreen-schweiz.ch\\\/?s={search_term_string}\"},\"query-input\":{\"@type\":\"PropertyValueSpecification\",\"valueRequired\":true,\"valueName\":\"search_term_string\"}}],\"inLanguage\":\"en-GB\"},{\"@type\":\"Organization\",\"@id\":\"https:\\\/\\\/gogreen-schweiz.ch\\\/#organization\",\"name\":\"Go Green - Schweiz GmbH\",\"url\":\"https:\\\/\\\/gogreen-schweiz.ch\\\/\",\"logo\":{\"@type\":\"ImageObject\",\"inLanguage\":\"en-GB\",\"@id\":\"https:\\\/\\\/gogreen-schweiz.ch\\\/#\\\/schema\\\/logo\\\/image\\\/\",\"url\":\"https:\\\/\\\/gogreen-schweiz.ch\\\/wp-content\\\/uploads\\\/2025\\\/07\\\/cropped-Go-Green.webp\",\"contentUrl\":\"https:\\\/\\\/gogreen-schweiz.ch\\\/wp-content\\\/uploads\\\/2025\\\/07\\\/cropped-Go-Green.webp\",\"width\":512,\"height\":512,\"caption\":\"Go Green - Schweiz GmbH\"},\"image\":{\"@id\":\"https:\\\/\\\/gogreen-schweiz.ch\\\/#\\\/schema\\\/logo\\\/image\\\/\"},\"sameAs\":[\"https:\\\/\\\/www.instagram.com\\\/gogreenschweiz\"]}]}<\/script>\n<!-- \/ Yoast SEO plugin. -->","yoast_head_json":{"title":"Chickpea (Kichererbse) - Go Green - Schweiz GmbH","description":"Chickpea-Mikrogr\u00fcn \u2013 mild-nussig im Geschmack, voller pflanzlichem Eiwei\u00df, Eisen, Kalzium & Ballaststoffen. Perfekt f\u00fcr Salate, Bowls, Wraps & vegane Ern\u00e4hrung.","robots":{"index":"index","follow":"follow","max-snippet":"max-snippet:-1","max-image-preview":"max-image-preview:large","max-video-preview":"max-video-preview:-1"},"canonical":"https:\/\/gogreen-schweiz.ch\/en\/product\/chickpea\/","og_locale":"en_GB","og_type":"article","og_title":"Chickpea (Kichererbse) - Go Green - Schweiz GmbH","og_description":"Chickpea-Mikrogr\u00fcn \u2013 mild-nussig im Geschmack, voller pflanzlichem Eiwei\u00df, Eisen, Kalzium & Ballaststoffen. Perfekt f\u00fcr Salate, Bowls, Wraps & vegane Ern\u00e4hrung.","og_url":"https:\/\/gogreen-schweiz.ch\/en\/product\/chickpea\/","og_site_name":"Go Green - Schweiz GmbH","article_modified_time":"2025-11-18T11:38:13+00:00","og_image":[{"width":600,"height":600,"url":"https:\/\/gogreen-schweiz.ch\/wp-content\/uploads\/2025\/07\/Chickpea-2.webp","type":"image\/webp"}],"twitter_card":"summary_large_image","twitter_misc":{"Estimated reading time":"1 minute"},"schema":{"@context":"https:\/\/schema.org","@graph":[{"@type":"WebPage","@id":"https:\/\/gogreen-schweiz.ch\/product\/chickpea\/","url":"https:\/\/gogreen-schweiz.ch\/product\/chickpea\/","name":"Chickpea (Kichererbse) - Go Green - Schweiz GmbH","isPartOf":{"@id":"https:\/\/gogreen-schweiz.ch\/#website"},"primaryImageOfPage":{"@id":"https:\/\/gogreen-schweiz.ch\/product\/chickpea\/#primaryimage"},"image":{"@id":"https:\/\/gogreen-schweiz.ch\/product\/chickpea\/#primaryimage"},"thumbnailUrl":"https:\/\/gogreen-schweiz.ch\/wp-content\/uploads\/2025\/07\/Chickpea-2.webp","datePublished":"2025-07-18T08:41:54+00:00","dateModified":"2025-11-18T11:38:13+00:00","description":"Chickpea-Mikrogr\u00fcn \u2013 mild-nussig im Geschmack, voller pflanzlichem Eiwei\u00df, Eisen, Kalzium & Ballaststoffen. Perfekt f\u00fcr Salate, Bowls, Wraps & vegane Ern\u00e4hrung.","breadcrumb":{"@id":"https:\/\/gogreen-schweiz.ch\/product\/chickpea\/#breadcrumb"},"inLanguage":"en-GB","potentialAction":[{"@type":"ReadAction","target":["https:\/\/gogreen-schweiz.ch\/product\/chickpea\/"]}]},{"@type":"ImageObject","inLanguage":"en-GB","@id":"https:\/\/gogreen-schweiz.ch\/product\/chickpea\/#primaryimage","url":"https:\/\/gogreen-schweiz.ch\/wp-content\/uploads\/2025\/07\/Chickpea-2.webp","contentUrl":"https:\/\/gogreen-schweiz.ch\/wp-content\/uploads\/2025\/07\/Chickpea-2.webp","width":600,"height":600},{"@type":"BreadcrumbList","@id":"https:\/\/gogreen-schweiz.ch\/product\/chickpea\/#breadcrumb","itemListElement":[{"@type":"ListItem","position":1,"name":"Home","item":"https:\/\/gogreen-schweiz.ch\/"},{"@type":"ListItem","position":2,"name":"Shop","item":"https:\/\/gogreen-schweiz.ch\/shop\/"},{"@type":"ListItem","position":3,"name":"Chickpea (Kichererbse)"}]},{"@type":"WebSite","@id":"https:\/\/gogreen-schweiz.ch\/#website","url":"https:\/\/gogreen-schweiz.ch\/","name":"Go Green - Schweiz GmbH","description":"","publisher":{"@id":"https:\/\/gogreen-schweiz.ch\/#organization"},"potentialAction":[{"@type":"SearchAction","target":{"@type":"EntryPoint","urlTemplate":"https:\/\/gogreen-schweiz.ch\/?s={search_term_string}"},"query-input":{"@type":"PropertyValueSpecification","valueRequired":true,"valueName":"search_term_string"}}],"inLanguage":"en-GB"},{"@type":"Organization","@id":"https:\/\/gogreen-schweiz.ch\/#organization","name":"Go Green - Schweiz GmbH","url":"https:\/\/gogreen-schweiz.ch\/","logo":{"@type":"ImageObject","inLanguage":"en-GB","@id":"https:\/\/gogreen-schweiz.ch\/#\/schema\/logo\/image\/","url":"https:\/\/gogreen-schweiz.ch\/wp-content\/uploads\/2025\/07\/cropped-Go-Green.webp","contentUrl":"https:\/\/gogreen-schweiz.ch\/wp-content\/uploads\/2025\/07\/cropped-Go-Green.webp","width":512,"height":512,"caption":"Go Green - Schweiz GmbH"},"image":{"@id":"https:\/\/gogreen-schweiz.ch\/#\/schema\/logo\/image\/"},"sameAs":["https:\/\/www.instagram.com\/gogreenschweiz"]}]}},"jetpack_sharing_enabled":true,"_links":{"self":[{"href":"https:\/\/gogreen-schweiz.ch\/en\/wp-json\/wp\/v2\/product\/712","targetHints":{"allow":["GET"]}}],"collection":[{"href":"https:\/\/gogreen-schweiz.ch\/en\/wp-json\/wp\/v2\/product"}],"about":[{"href":"https:\/\/gogreen-schweiz.ch\/en\/wp-json\/wp\/v2\/types\/product"}],"wp:featuredmedia":[{"embeddable":true,"href":"https:\/\/gogreen-schweiz.ch\/en\/wp-json\/wp\/v2\/media\/710"}],"wp:attachment":[{"href":"https:\/\/gogreen-schweiz.ch\/en\/wp-json\/wp\/v2\/media?parent=712"}],"wp:term":[{"taxonomy":"product_brand","embeddable":true,"href":"https:\/\/gogreen-schweiz.ch\/en\/wp-json\/wp\/v2\/product_brand?post=712"},{"taxonomy":"product_cat","embeddable":true,"href":"https:\/\/gogreen-schweiz.ch\/en\/wp-json\/wp\/v2\/product_cat?post=712"},{"taxonomy":"product_tag","embeddable":true,"href":"https:\/\/gogreen-schweiz.ch\/en\/wp-json\/wp\/v2\/product_tag?post=712"}],"curies":[{"name":"wp","href":"https:\/\/api.w.org\/{rel}","templated":true}]}}