{"id":716,"date":"2025-07-18T10:47:07","date_gmt":"2025-07-18T08:47:07","guid":{"rendered":"https:\/\/gogreen-schweiz.ch\/?post_type=product&#038;p=716"},"modified":"2025-11-18T13:39:10","modified_gmt":"2025-11-18T11:39:10","slug":"weissklee","status":"publish","type":"product","link":"https:\/\/gogreen-schweiz.ch\/en\/product\/weissklee\/","title":{"rendered":"Weissklee"},"content":{"rendered":"<p data-start=\"481\" data-end=\"644\">Klein, zart und erstaunlich n\u00e4hrstoffreich \u2013 Klee-Mikrogr\u00fcn ist ideal f\u00fcr alle, die einen milden Geschmack, Vielseitigkeit und gesundheitlichen Mehrwert suchen.<\/p>\n<p data-start=\"481\" data-end=\"644\"><strong data-start=\"481\" data-end=\"495\">Geschmack:<\/strong> Mild, leicht s\u00fcsslich<br data-start=\"516\" data-end=\"519\" \/><strong data-start=\"519\" data-end=\"534\">Stielfarbe:<\/strong> Weiss<br data-start=\"539\" data-end=\"542\" \/><strong data-start=\"542\" data-end=\"557\">Blattfarbe:<\/strong> Gr\u00fcn<br data-start=\"562\" data-end=\"565\" \/><strong data-start=\"565\" data-end=\"594\">Vitamine &amp; Mineralstoffe:<\/strong><br data-start=\"594\" data-end=\"597\" \/>\u2013 Vit A, B, C, E, K<br data-start=\"610\" data-end=\"613\" \/>\u2013 Ca, Fe, Fols\u00e4ure, pflanzliches Eiweiss<\/p>\n<p data-start=\"646\" data-end=\"783\"><strong data-start=\"646\" data-end=\"663\">Besonderheit:<\/strong> Besonders bek\u00f6mmlich, zart im Biss und voller Vitalstoffe. Perfekt f\u00fcr leichte Gerichte und \u00e4sthetische Pr\u00e4sentationen.<\/p>\n<p data-start=\"357\" data-end=\"460\">Klee hat einen <strong data-start=\"372\" data-end=\"410\">milden, leicht s\u00fcsslichen Geschmack<\/strong> mit frischer Gr\u00fcn-Note und passt hervorragend zu:<\/p>\n<ul>\n<li data-start=\"464\" data-end=\"476\">\ud83e\udd57 Salaten<\/li>\n<li data-start=\"479\" data-end=\"494\">\ud83e\udd6a Sandwiches<\/li>\n<li data-start=\"497\" data-end=\"507\">\ud83e\udd63 Bowls<\/li>\n<li data-start=\"510\" data-end=\"532\">\ud83e\udd64 Smoothies &amp; S\u00e4fte<\/li>\n<\/ul>\n<h2 data-start=\"803\" data-end=\"856\"><strong data-start=\"806\" data-end=\"856\">Wichtige Informationen zu frischer Microgreens<\/strong><\/h2>\n<p data-start=\"857\" data-end=\"978\">Dieses Produkt ist <strong data-start=\"876\" data-end=\"901\">nur als Vorbestellung<\/strong> erh\u00e4ltlich.<br data-start=\"913\" data-end=\"916\" \/>Die Vorbereitungszeit betr\u00e4gt etwa <strong data-start=\"951\" data-end=\"961\">7 Tage<\/strong> ab Bestelldatum.<\/p>\n<p data-start=\"980\" data-end=\"1193\">Die Lieferung von frischer Microgreens ist <strong data-start=\"1023\" data-end=\"1065\">nur in bestimmten Regionen der Schweiz<\/strong> m\u00f6glich.<br data-start=\"1074\" data-end=\"1077\" \/>Vor Ihrer Bestellung <strong data-start=\"1098\" data-end=\"1136\">empfehlen wir, uns zu kontaktieren<\/strong>, um die Lieferm\u00f6glichkeit an Ihre Adresse zu best\u00e4tigen.<\/p>\n<p data-start=\"1241\" data-end=\"1336\"><strong data-start=\"1241\" data-end=\"1336\">Vielleicht wollten Sie lyophilisierte Microgreens, <a href=\"https:\/\/gogreen-schweiz.ch\/en\/product\/klee-samen\/\">Samen<\/a> oder <a href=\"https:\/\/gogreen-schweiz.ch\/en\/product-category\/microgreen-pulver\/\">Microgreens-Pulver<\/a> bestellen.<\/strong><\/p>","protected":false},"excerpt":{"rendered":"<p data-start=\"170\" data-end=\"410\">Mild im Geschmack und filigran im Aussehen \u2013 Weissklee-Mikrogr\u00fcn bringt eine leicht s\u00fc\u00dfliche Note auf deinen Teller. Die zarten wei\u00dfen Stiele mit gr\u00fcnen Bl\u00e4ttern sind ein echter Hingucker und passen perfekt zu Salaten, Sandwiches oder Bowls.<\/p>\n<p data-start=\"412\" data-end=\"474\">Ideal f\u00fcr die heimische K\u00fcche oder anspruchsvolle Gastronomie.<\/p>","protected":false},"featured_media":651,"template":"","meta":{"_coblocks_attr":"","_coblocks_dimensions":"","_coblocks_responsive_height":"","_coblocks_accordion_ie_support":"","wprm-recipe-roundup-name":"","wprm-recipe-roundup-description":""},"product_brand":[],"product_cat":[30],"product_tag":[35,27,28],"class_list":{"0":"post-716","1":"product","2":"type-product","3":"status-publish","4":"has-post-thumbnail","6":"product_cat-microgreen","7":"product_tag-bowl","8":"product_tag-salat","9":"product_tag-sandwich","10":"product_shipping_class-fresh","12":"first","13":"onbackorder","14":"taxable","15":"shipping-taxable","16":"purchasable","17":"product-type-simple"},"yoast_head":"<!-- This site is optimized with the Yoast SEO plugin v27.5 - https:\/\/yoast.com\/product\/yoast-seo-wordpress\/ -->\n<title>Weissklee - Go Green - Schweiz GmbH<\/title>\n<meta name=\"description\" content=\"Weissklee Microgreens: mild, nussig und reich an pflanzlichem Eiweiss, Vitaminen A, C, E sowie Mineralstoffen wie Eisen und Magnesium. Perfekt f\u00fcr Salate, Sandwiches, Smoothies und als Protein-Boost. Frisch, bio &amp; nachhaltig in der Schweiz angebaut.\" \/>\n<meta name=\"robots\" content=\"index, follow, max-snippet:-1, max-image-preview:large, max-video-preview:-1\" \/>\n<link rel=\"canonical\" href=\"https:\/\/gogreen-schweiz.ch\/en\/product\/weissklee\/\" \/>\n<meta property=\"og:locale\" content=\"en_GB\" \/>\n<meta property=\"og:type\" content=\"article\" \/>\n<meta property=\"og:title\" content=\"Weissklee - Go Green - Schweiz GmbH\" \/>\n<meta property=\"og:description\" content=\"Weissklee Microgreens: mild, nussig und reich an pflanzlichem Eiweiss, Vitaminen A, C, E sowie Mineralstoffen wie Eisen und Magnesium. Perfekt f\u00fcr Salate, Sandwiches, Smoothies und als Protein-Boost. Frisch, bio &amp; nachhaltig in der Schweiz angebaut.\" \/>\n<meta property=\"og:url\" content=\"https:\/\/gogreen-schweiz.ch\/en\/product\/weissklee\/\" \/>\n<meta property=\"og:site_name\" content=\"Go Green - Schweiz GmbH\" \/>\n<meta property=\"article:modified_time\" content=\"2025-11-18T11:39:10+00:00\" \/>\n<meta property=\"og:image\" content=\"https:\/\/gogreen-schweiz.ch\/wp-content\/uploads\/2025\/07\/Klee-1.webp\" \/>\n\t<meta property=\"og:image:width\" content=\"600\" \/>\n\t<meta property=\"og:image:height\" content=\"600\" \/>\n\t<meta property=\"og:image:type\" content=\"image\/webp\" \/>\n<meta name=\"twitter:card\" content=\"summary_large_image\" \/>\n<meta name=\"twitter:label1\" content=\"Estimated reading time\" \/>\n\t<meta name=\"twitter:data1\" content=\"1 minute\" \/>\n<script type=\"application\/ld+json\" class=\"yoast-schema-graph\">{\"@context\":\"https:\\\/\\\/schema.org\",\"@graph\":[{\"@type\":\"WebPage\",\"@id\":\"https:\\\/\\\/gogreen-schweiz.ch\\\/product\\\/weissklee\\\/\",\"url\":\"https:\\\/\\\/gogreen-schweiz.ch\\\/product\\\/weissklee\\\/\",\"name\":\"Weissklee - Go Green - Schweiz GmbH\",\"isPartOf\":{\"@id\":\"https:\\\/\\\/gogreen-schweiz.ch\\\/#website\"},\"primaryImageOfPage\":{\"@id\":\"https:\\\/\\\/gogreen-schweiz.ch\\\/product\\\/weissklee\\\/#primaryimage\"},\"image\":{\"@id\":\"https:\\\/\\\/gogreen-schweiz.ch\\\/product\\\/weissklee\\\/#primaryimage\"},\"thumbnailUrl\":\"https:\\\/\\\/gogreen-schweiz.ch\\\/wp-content\\\/uploads\\\/2025\\\/07\\\/Klee-1.webp\",\"datePublished\":\"2025-07-18T08:47:07+00:00\",\"dateModified\":\"2025-11-18T11:39:10+00:00\",\"description\":\"Weissklee Microgreens: mild, nussig und reich an pflanzlichem Eiweiss, Vitaminen A, C, E sowie Mineralstoffen wie Eisen und Magnesium. Perfekt f\u00fcr Salate, Sandwiches, Smoothies und als Protein-Boost. Frisch, bio & nachhaltig in der Schweiz angebaut.\",\"breadcrumb\":{\"@id\":\"https:\\\/\\\/gogreen-schweiz.ch\\\/product\\\/weissklee\\\/#breadcrumb\"},\"inLanguage\":\"en-GB\",\"potentialAction\":[{\"@type\":\"ReadAction\",\"target\":[\"https:\\\/\\\/gogreen-schweiz.ch\\\/product\\\/weissklee\\\/\"]}]},{\"@type\":\"ImageObject\",\"inLanguage\":\"en-GB\",\"@id\":\"https:\\\/\\\/gogreen-schweiz.ch\\\/product\\\/weissklee\\\/#primaryimage\",\"url\":\"https:\\\/\\\/gogreen-schweiz.ch\\\/wp-content\\\/uploads\\\/2025\\\/07\\\/Klee-1.webp\",\"contentUrl\":\"https:\\\/\\\/gogreen-schweiz.ch\\\/wp-content\\\/uploads\\\/2025\\\/07\\\/Klee-1.webp\",\"width\":600,\"height\":600,\"caption\":\"klee microgreen\"},{\"@type\":\"BreadcrumbList\",\"@id\":\"https:\\\/\\\/gogreen-schweiz.ch\\\/product\\\/weissklee\\\/#breadcrumb\",\"itemListElement\":[{\"@type\":\"ListItem\",\"position\":1,\"name\":\"Home\",\"item\":\"https:\\\/\\\/gogreen-schweiz.ch\\\/\"},{\"@type\":\"ListItem\",\"position\":2,\"name\":\"Shop\",\"item\":\"https:\\\/\\\/gogreen-schweiz.ch\\\/shop\\\/\"},{\"@type\":\"ListItem\",\"position\":3,\"name\":\"Weissklee\"}]},{\"@type\":\"WebSite\",\"@id\":\"https:\\\/\\\/gogreen-schweiz.ch\\\/#website\",\"url\":\"https:\\\/\\\/gogreen-schweiz.ch\\\/\",\"name\":\"Go Green - Schweiz GmbH\",\"description\":\"\",\"publisher\":{\"@id\":\"https:\\\/\\\/gogreen-schweiz.ch\\\/#organization\"},\"potentialAction\":[{\"@type\":\"SearchAction\",\"target\":{\"@type\":\"EntryPoint\",\"urlTemplate\":\"https:\\\/\\\/gogreen-schweiz.ch\\\/?s={search_term_string}\"},\"query-input\":{\"@type\":\"PropertyValueSpecification\",\"valueRequired\":true,\"valueName\":\"search_term_string\"}}],\"inLanguage\":\"en-GB\"},{\"@type\":\"Organization\",\"@id\":\"https:\\\/\\\/gogreen-schweiz.ch\\\/#organization\",\"name\":\"Go Green - Schweiz GmbH\",\"url\":\"https:\\\/\\\/gogreen-schweiz.ch\\\/\",\"logo\":{\"@type\":\"ImageObject\",\"inLanguage\":\"en-GB\",\"@id\":\"https:\\\/\\\/gogreen-schweiz.ch\\\/#\\\/schema\\\/logo\\\/image\\\/\",\"url\":\"https:\\\/\\\/gogreen-schweiz.ch\\\/wp-content\\\/uploads\\\/2025\\\/07\\\/cropped-Go-Green.webp\",\"contentUrl\":\"https:\\\/\\\/gogreen-schweiz.ch\\\/wp-content\\\/uploads\\\/2025\\\/07\\\/cropped-Go-Green.webp\",\"width\":512,\"height\":512,\"caption\":\"Go Green - Schweiz GmbH\"},\"image\":{\"@id\":\"https:\\\/\\\/gogreen-schweiz.ch\\\/#\\\/schema\\\/logo\\\/image\\\/\"},\"sameAs\":[\"https:\\\/\\\/www.instagram.com\\\/gogreenschweiz\"]}]}<\/script>\n<!-- \/ Yoast SEO plugin. -->","yoast_head_json":{"title":"Weissklee - Go Green - Schweiz GmbH","description":"Weissklee Microgreens: mild, nussig und reich an pflanzlichem Eiweiss, Vitaminen A, C, E sowie Mineralstoffen wie Eisen und Magnesium. Perfekt f\u00fcr Salate, Sandwiches, Smoothies und als Protein-Boost. Frisch, bio & nachhaltig in der Schweiz angebaut.","robots":{"index":"index","follow":"follow","max-snippet":"max-snippet:-1","max-image-preview":"max-image-preview:large","max-video-preview":"max-video-preview:-1"},"canonical":"https:\/\/gogreen-schweiz.ch\/en\/product\/weissklee\/","og_locale":"en_GB","og_type":"article","og_title":"Weissklee - Go Green - Schweiz GmbH","og_description":"Weissklee Microgreens: mild, nussig und reich an pflanzlichem Eiweiss, Vitaminen A, C, E sowie Mineralstoffen wie Eisen und Magnesium. Perfekt f\u00fcr Salate, Sandwiches, Smoothies und als Protein-Boost. Frisch, bio & nachhaltig in der Schweiz angebaut.","og_url":"https:\/\/gogreen-schweiz.ch\/en\/product\/weissklee\/","og_site_name":"Go Green - Schweiz GmbH","article_modified_time":"2025-11-18T11:39:10+00:00","og_image":[{"width":600,"height":600,"url":"https:\/\/gogreen-schweiz.ch\/wp-content\/uploads\/2025\/07\/Klee-1.webp","type":"image\/webp"}],"twitter_card":"summary_large_image","twitter_misc":{"Estimated reading time":"1 minute"},"schema":{"@context":"https:\/\/schema.org","@graph":[{"@type":"WebPage","@id":"https:\/\/gogreen-schweiz.ch\/product\/weissklee\/","url":"https:\/\/gogreen-schweiz.ch\/product\/weissklee\/","name":"Weissklee - Go Green - Schweiz GmbH","isPartOf":{"@id":"https:\/\/gogreen-schweiz.ch\/#website"},"primaryImageOfPage":{"@id":"https:\/\/gogreen-schweiz.ch\/product\/weissklee\/#primaryimage"},"image":{"@id":"https:\/\/gogreen-schweiz.ch\/product\/weissklee\/#primaryimage"},"thumbnailUrl":"https:\/\/gogreen-schweiz.ch\/wp-content\/uploads\/2025\/07\/Klee-1.webp","datePublished":"2025-07-18T08:47:07+00:00","dateModified":"2025-11-18T11:39:10+00:00","description":"Weissklee Microgreens: mild, nussig und reich an pflanzlichem Eiweiss, Vitaminen A, C, E sowie Mineralstoffen wie Eisen und Magnesium. Perfekt f\u00fcr Salate, Sandwiches, Smoothies und als Protein-Boost. Frisch, bio & nachhaltig in der Schweiz angebaut.","breadcrumb":{"@id":"https:\/\/gogreen-schweiz.ch\/product\/weissklee\/#breadcrumb"},"inLanguage":"en-GB","potentialAction":[{"@type":"ReadAction","target":["https:\/\/gogreen-schweiz.ch\/product\/weissklee\/"]}]},{"@type":"ImageObject","inLanguage":"en-GB","@id":"https:\/\/gogreen-schweiz.ch\/product\/weissklee\/#primaryimage","url":"https:\/\/gogreen-schweiz.ch\/wp-content\/uploads\/2025\/07\/Klee-1.webp","contentUrl":"https:\/\/gogreen-schweiz.ch\/wp-content\/uploads\/2025\/07\/Klee-1.webp","width":600,"height":600,"caption":"klee microgreen"},{"@type":"BreadcrumbList","@id":"https:\/\/gogreen-schweiz.ch\/product\/weissklee\/#breadcrumb","itemListElement":[{"@type":"ListItem","position":1,"name":"Home","item":"https:\/\/gogreen-schweiz.ch\/"},{"@type":"ListItem","position":2,"name":"Shop","item":"https:\/\/gogreen-schweiz.ch\/shop\/"},{"@type":"ListItem","position":3,"name":"Weissklee"}]},{"@type":"WebSite","@id":"https:\/\/gogreen-schweiz.ch\/#website","url":"https:\/\/gogreen-schweiz.ch\/","name":"Go Green - Schweiz GmbH","description":"","publisher":{"@id":"https:\/\/gogreen-schweiz.ch\/#organization"},"potentialAction":[{"@type":"SearchAction","target":{"@type":"EntryPoint","urlTemplate":"https:\/\/gogreen-schweiz.ch\/?s={search_term_string}"},"query-input":{"@type":"PropertyValueSpecification","valueRequired":true,"valueName":"search_term_string"}}],"inLanguage":"en-GB"},{"@type":"Organization","@id":"https:\/\/gogreen-schweiz.ch\/#organization","name":"Go Green - Schweiz GmbH","url":"https:\/\/gogreen-schweiz.ch\/","logo":{"@type":"ImageObject","inLanguage":"en-GB","@id":"https:\/\/gogreen-schweiz.ch\/#\/schema\/logo\/image\/","url":"https:\/\/gogreen-schweiz.ch\/wp-content\/uploads\/2025\/07\/cropped-Go-Green.webp","contentUrl":"https:\/\/gogreen-schweiz.ch\/wp-content\/uploads\/2025\/07\/cropped-Go-Green.webp","width":512,"height":512,"caption":"Go Green - Schweiz GmbH"},"image":{"@id":"https:\/\/gogreen-schweiz.ch\/#\/schema\/logo\/image\/"},"sameAs":["https:\/\/www.instagram.com\/gogreenschweiz"]}]}},"jetpack_sharing_enabled":true,"_links":{"self":[{"href":"https:\/\/gogreen-schweiz.ch\/en\/wp-json\/wp\/v2\/product\/716","targetHints":{"allow":["GET"]}}],"collection":[{"href":"https:\/\/gogreen-schweiz.ch\/en\/wp-json\/wp\/v2\/product"}],"about":[{"href":"https:\/\/gogreen-schweiz.ch\/en\/wp-json\/wp\/v2\/types\/product"}],"wp:featuredmedia":[{"embeddable":true,"href":"https:\/\/gogreen-schweiz.ch\/en\/wp-json\/wp\/v2\/media\/651"}],"wp:attachment":[{"href":"https:\/\/gogreen-schweiz.ch\/en\/wp-json\/wp\/v2\/media?parent=716"}],"wp:term":[{"taxonomy":"product_brand","embeddable":true,"href":"https:\/\/gogreen-schweiz.ch\/en\/wp-json\/wp\/v2\/product_brand?post=716"},{"taxonomy":"product_cat","embeddable":true,"href":"https:\/\/gogreen-schweiz.ch\/en\/wp-json\/wp\/v2\/product_cat?post=716"},{"taxonomy":"product_tag","embeddable":true,"href":"https:\/\/gogreen-schweiz.ch\/en\/wp-json\/wp\/v2\/product_tag?post=716"}],"curies":[{"name":"wp","href":"https:\/\/api.w.org\/{rel}","templated":true}]}}