{"id":720,"date":"2025-07-18T10:53:28","date_gmt":"2025-07-18T08:53:28","guid":{"rendered":"https:\/\/gogreen-schweiz.ch\/?post_type=product&#038;p=720"},"modified":"2025-11-18T13:39:57","modified_gmt":"2025-11-18T11:39:57","slug":"dicke-bohne-fava-bean","status":"publish","type":"product","link":"https:\/\/gogreen-schweiz.ch\/en\/product\/dicke-bohne-fava-bean\/","title":{"rendered":"Dicke Bohne (Fava Bean)"},"content":{"rendered":"<p>Ideal als Topping, f\u00fcr Bowls oder kurz blanchiert mit Oliven\u00f6l und Gew\u00fcrzen!<\/p>\n<p data-start=\"497\" data-end=\"689\"><strong data-start=\"497\" data-end=\"511\">Geschmack:<\/strong> Cremig, erdig, nussig, leicht s\u00fc\u00dflich<br data-start=\"549\" data-end=\"552\" \/><strong data-start=\"552\" data-end=\"567\">Stielfarbe:<\/strong> Gr\u00fcn<br data-start=\"572\" data-end=\"575\" \/><strong data-start=\"575\" data-end=\"590\">Blattfarbe:<\/strong> Gr\u00fcn<br data-start=\"595\" data-end=\"598\" \/><strong data-start=\"598\" data-end=\"627\">Vitamine &amp; Mineralstoffe:<\/strong><br data-start=\"627\" data-end=\"630\" \/>\u2013 Vit B1, B6, C, K<br data-start=\"648\" data-end=\"651\" \/>\u2013 Fols\u00e4ure, Mg, Mn, Se, Cu, Fe, P, K<\/p>\n<p data-start=\"691\" data-end=\"805\"><strong data-start=\"691\" data-end=\"708\">Besonderheit:<\/strong> Enth\u00e4lt ca. 30\u202f% pflanzliches Eiweiss bei nur 3\u202f% Fett. Nicht geeignet f\u00fcr Personen mit Favismus.<\/p>\n<p data-start=\"691\" data-end=\"805\">\n<h2 data-start=\"803\" data-end=\"856\"><strong data-start=\"806\" data-end=\"856\">Wichtige Informationen zu frischer Microgreens<\/strong><\/h2>\n<p data-start=\"857\" data-end=\"978\">Dieses Produkt ist <strong data-start=\"876\" data-end=\"901\">nur als Vorbestellung<\/strong> erh\u00e4ltlich.<br data-start=\"913\" data-end=\"916\" \/>Die Vorbereitungszeit betr\u00e4gt etwa <strong data-start=\"951\" data-end=\"961\">7 Tage<\/strong> ab Bestelldatum.<\/p>\n<p data-start=\"980\" data-end=\"1193\">Die Lieferung von frischer Microgreens ist <strong data-start=\"1023\" data-end=\"1065\">nur in bestimmten Regionen der Schweiz<\/strong> m\u00f6glich.<br data-start=\"1074\" data-end=\"1077\" \/>Vor Ihrer Bestellung <strong data-start=\"1098\" data-end=\"1136\">empfehlen wir, uns zu kontaktieren<\/strong>, um die Lieferm\u00f6glichkeit an Ihre Adresse zu best\u00e4tigen.<\/p>\n<p data-start=\"1241\" data-end=\"1336\"><strong data-start=\"1241\" data-end=\"1336\">Vielleicht wollten Sie lyophilisierte Microgreens, <a href=\"https:\/\/gogreen-schweiz.ch\/en\/product\/dicke-bohne-samen\/\">Samen<\/a> oder <a href=\"https:\/\/gogreen-schweiz.ch\/en\/product-category\/microgreen-pulver\/\">Microgreens-Pulver<\/a> bestellen.<\/strong><\/p>","protected":false},"excerpt":{"rendered":"<p>Dieses Mikrogr\u00fcn beeindruckt mit dicken, saftigen Stielen, gr\u00fcnen Bl\u00e4ttern und einem angenehm mild-nussigen Geschmack. Es ist nicht nur ein Genuss, sondern auch ein echtes N\u00e4hrstoffwunder: proteinreich, fettarm und vollgepackt mit Vitaminen und Mineralien.<\/p>","protected":false},"featured_media":717,"template":"","meta":{"_coblocks_attr":"","_coblocks_dimensions":"","_coblocks_responsive_height":"","_coblocks_accordion_ie_support":"","wprm-recipe-roundup-name":"","wprm-recipe-roundup-description":""},"product_brand":[],"product_cat":[30],"product_tag":[35,43,27,28,34],"class_list":{"0":"post-720","1":"product","2":"type-product","3":"status-publish","4":"has-post-thumbnail","6":"product_cat-microgreen","7":"product_tag-bowl","8":"product_tag-fleisch","9":"product_tag-salat","10":"product_tag-sandwich","11":"product_tag-wrap","12":"product_shipping_class-fresh","14":"first","15":"onbackorder","16":"taxable","17":"shipping-taxable","18":"purchasable","19":"product-type-simple"},"yoast_head":"<!-- This site is optimized with the Yoast SEO plugin v27.5 - https:\/\/yoast.com\/product\/yoast-seo-wordpress\/ -->\n<title>Dicke Bohne (Fava Bean) - Go Green - Schweiz GmbH<\/title>\n<meta name=\"description\" content=\"Fava-Bohnen-Mikrogr\u00fcn \u2013 cremig-nussig im Geschmack, reich an pflanzlichem Eiwei\u00df, Vitaminen B, C, K &amp; Mineralien. Ideal f\u00fcr Bowls, Toppings &amp; vegane K\u00fcche.\" \/>\n<meta name=\"robots\" content=\"index, follow, max-snippet:-1, max-image-preview:large, max-video-preview:-1\" \/>\n<link rel=\"canonical\" href=\"https:\/\/gogreen-schweiz.ch\/en\/product\/dicke-bohne-fava-bean\/\" \/>\n<meta property=\"og:locale\" content=\"en_GB\" \/>\n<meta property=\"og:type\" content=\"article\" \/>\n<meta property=\"og:title\" content=\"Dicke Bohne (Fava Bean) - Go Green - Schweiz GmbH\" \/>\n<meta property=\"og:description\" content=\"Fava-Bohnen-Mikrogr\u00fcn \u2013 cremig-nussig im Geschmack, reich an pflanzlichem Eiwei\u00df, Vitaminen B, C, K &amp; Mineralien. Ideal f\u00fcr Bowls, Toppings &amp; vegane K\u00fcche.\" \/>\n<meta property=\"og:url\" content=\"https:\/\/gogreen-schweiz.ch\/en\/product\/dicke-bohne-fava-bean\/\" \/>\n<meta property=\"og:site_name\" content=\"Go Green - Schweiz GmbH\" \/>\n<meta property=\"article:modified_time\" content=\"2025-11-18T11:39:57+00:00\" \/>\n<meta property=\"og:image\" content=\"https:\/\/gogreen-schweiz.ch\/wp-content\/uploads\/2025\/07\/Fava-1.webp\" \/>\n\t<meta property=\"og:image:width\" content=\"600\" \/>\n\t<meta property=\"og:image:height\" content=\"600\" \/>\n\t<meta property=\"og:image:type\" content=\"image\/webp\" \/>\n<meta name=\"twitter:card\" content=\"summary_large_image\" \/>\n<meta name=\"twitter:label1\" content=\"Estimated reading time\" \/>\n\t<meta name=\"twitter:data1\" content=\"1 minute\" \/>\n<script type=\"application\/ld+json\" class=\"yoast-schema-graph\">{\"@context\":\"https:\\\/\\\/schema.org\",\"@graph\":[{\"@type\":\"WebPage\",\"@id\":\"https:\\\/\\\/gogreen-schweiz.ch\\\/product\\\/dicke-bohne-fava-bean\\\/\",\"url\":\"https:\\\/\\\/gogreen-schweiz.ch\\\/product\\\/dicke-bohne-fava-bean\\\/\",\"name\":\"Dicke Bohne (Fava Bean) - Go Green - Schweiz GmbH\",\"isPartOf\":{\"@id\":\"https:\\\/\\\/gogreen-schweiz.ch\\\/#website\"},\"primaryImageOfPage\":{\"@id\":\"https:\\\/\\\/gogreen-schweiz.ch\\\/product\\\/dicke-bohne-fava-bean\\\/#primaryimage\"},\"image\":{\"@id\":\"https:\\\/\\\/gogreen-schweiz.ch\\\/product\\\/dicke-bohne-fava-bean\\\/#primaryimage\"},\"thumbnailUrl\":\"https:\\\/\\\/gogreen-schweiz.ch\\\/wp-content\\\/uploads\\\/2025\\\/07\\\/Fava-1.webp\",\"datePublished\":\"2025-07-18T08:53:28+00:00\",\"dateModified\":\"2025-11-18T11:39:57+00:00\",\"description\":\"Fava-Bohnen-Mikrogr\u00fcn \u2013 cremig-nussig im Geschmack, reich an pflanzlichem Eiwei\u00df, Vitaminen B, C, K & Mineralien. Ideal f\u00fcr Bowls, Toppings & vegane K\u00fcche.\",\"breadcrumb\":{\"@id\":\"https:\\\/\\\/gogreen-schweiz.ch\\\/product\\\/dicke-bohne-fava-bean\\\/#breadcrumb\"},\"inLanguage\":\"en-GB\",\"potentialAction\":[{\"@type\":\"ReadAction\",\"target\":[\"https:\\\/\\\/gogreen-schweiz.ch\\\/product\\\/dicke-bohne-fava-bean\\\/\"]}]},{\"@type\":\"ImageObject\",\"inLanguage\":\"en-GB\",\"@id\":\"https:\\\/\\\/gogreen-schweiz.ch\\\/product\\\/dicke-bohne-fava-bean\\\/#primaryimage\",\"url\":\"https:\\\/\\\/gogreen-schweiz.ch\\\/wp-content\\\/uploads\\\/2025\\\/07\\\/Fava-1.webp\",\"contentUrl\":\"https:\\\/\\\/gogreen-schweiz.ch\\\/wp-content\\\/uploads\\\/2025\\\/07\\\/Fava-1.webp\",\"width\":600,\"height\":600},{\"@type\":\"BreadcrumbList\",\"@id\":\"https:\\\/\\\/gogreen-schweiz.ch\\\/product\\\/dicke-bohne-fava-bean\\\/#breadcrumb\",\"itemListElement\":[{\"@type\":\"ListItem\",\"position\":1,\"name\":\"Home\",\"item\":\"https:\\\/\\\/gogreen-schweiz.ch\\\/\"},{\"@type\":\"ListItem\",\"position\":2,\"name\":\"Shop\",\"item\":\"https:\\\/\\\/gogreen-schweiz.ch\\\/shop\\\/\"},{\"@type\":\"ListItem\",\"position\":3,\"name\":\"Dicke Bohne (Fava Bean)\"}]},{\"@type\":\"WebSite\",\"@id\":\"https:\\\/\\\/gogreen-schweiz.ch\\\/#website\",\"url\":\"https:\\\/\\\/gogreen-schweiz.ch\\\/\",\"name\":\"Go Green - Schweiz GmbH\",\"description\":\"\",\"publisher\":{\"@id\":\"https:\\\/\\\/gogreen-schweiz.ch\\\/#organization\"},\"potentialAction\":[{\"@type\":\"SearchAction\",\"target\":{\"@type\":\"EntryPoint\",\"urlTemplate\":\"https:\\\/\\\/gogreen-schweiz.ch\\\/?s={search_term_string}\"},\"query-input\":{\"@type\":\"PropertyValueSpecification\",\"valueRequired\":true,\"valueName\":\"search_term_string\"}}],\"inLanguage\":\"en-GB\"},{\"@type\":\"Organization\",\"@id\":\"https:\\\/\\\/gogreen-schweiz.ch\\\/#organization\",\"name\":\"Go Green - Schweiz GmbH\",\"url\":\"https:\\\/\\\/gogreen-schweiz.ch\\\/\",\"logo\":{\"@type\":\"ImageObject\",\"inLanguage\":\"en-GB\",\"@id\":\"https:\\\/\\\/gogreen-schweiz.ch\\\/#\\\/schema\\\/logo\\\/image\\\/\",\"url\":\"https:\\\/\\\/gogreen-schweiz.ch\\\/wp-content\\\/uploads\\\/2025\\\/07\\\/cropped-Go-Green.webp\",\"contentUrl\":\"https:\\\/\\\/gogreen-schweiz.ch\\\/wp-content\\\/uploads\\\/2025\\\/07\\\/cropped-Go-Green.webp\",\"width\":512,\"height\":512,\"caption\":\"Go Green - Schweiz GmbH\"},\"image\":{\"@id\":\"https:\\\/\\\/gogreen-schweiz.ch\\\/#\\\/schema\\\/logo\\\/image\\\/\"},\"sameAs\":[\"https:\\\/\\\/www.instagram.com\\\/gogreenschweiz\"]}]}<\/script>\n<!-- \/ Yoast SEO plugin. -->","yoast_head_json":{"title":"Dicke Bohne (Fava Bean) - Go Green - Schweiz GmbH","description":"Fava-Bohnen-Mikrogr\u00fcn \u2013 cremig-nussig im Geschmack, reich an pflanzlichem Eiwei\u00df, Vitaminen B, C, K & Mineralien. Ideal f\u00fcr Bowls, Toppings & vegane K\u00fcche.","robots":{"index":"index","follow":"follow","max-snippet":"max-snippet:-1","max-image-preview":"max-image-preview:large","max-video-preview":"max-video-preview:-1"},"canonical":"https:\/\/gogreen-schweiz.ch\/en\/product\/dicke-bohne-fava-bean\/","og_locale":"en_GB","og_type":"article","og_title":"Dicke Bohne (Fava Bean) - Go Green - Schweiz GmbH","og_description":"Fava-Bohnen-Mikrogr\u00fcn \u2013 cremig-nussig im Geschmack, reich an pflanzlichem Eiwei\u00df, Vitaminen B, C, K & Mineralien. Ideal f\u00fcr Bowls, Toppings & vegane K\u00fcche.","og_url":"https:\/\/gogreen-schweiz.ch\/en\/product\/dicke-bohne-fava-bean\/","og_site_name":"Go Green - Schweiz GmbH","article_modified_time":"2025-11-18T11:39:57+00:00","og_image":[{"width":600,"height":600,"url":"https:\/\/gogreen-schweiz.ch\/wp-content\/uploads\/2025\/07\/Fava-1.webp","type":"image\/webp"}],"twitter_card":"summary_large_image","twitter_misc":{"Estimated reading time":"1 minute"},"schema":{"@context":"https:\/\/schema.org","@graph":[{"@type":"WebPage","@id":"https:\/\/gogreen-schweiz.ch\/product\/dicke-bohne-fava-bean\/","url":"https:\/\/gogreen-schweiz.ch\/product\/dicke-bohne-fava-bean\/","name":"Dicke Bohne (Fava Bean) - Go Green - Schweiz GmbH","isPartOf":{"@id":"https:\/\/gogreen-schweiz.ch\/#website"},"primaryImageOfPage":{"@id":"https:\/\/gogreen-schweiz.ch\/product\/dicke-bohne-fava-bean\/#primaryimage"},"image":{"@id":"https:\/\/gogreen-schweiz.ch\/product\/dicke-bohne-fava-bean\/#primaryimage"},"thumbnailUrl":"https:\/\/gogreen-schweiz.ch\/wp-content\/uploads\/2025\/07\/Fava-1.webp","datePublished":"2025-07-18T08:53:28+00:00","dateModified":"2025-11-18T11:39:57+00:00","description":"Fava-Bohnen-Mikrogr\u00fcn \u2013 cremig-nussig im Geschmack, reich an pflanzlichem Eiwei\u00df, Vitaminen B, C, K & Mineralien. Ideal f\u00fcr Bowls, Toppings & vegane K\u00fcche.","breadcrumb":{"@id":"https:\/\/gogreen-schweiz.ch\/product\/dicke-bohne-fava-bean\/#breadcrumb"},"inLanguage":"en-GB","potentialAction":[{"@type":"ReadAction","target":["https:\/\/gogreen-schweiz.ch\/product\/dicke-bohne-fava-bean\/"]}]},{"@type":"ImageObject","inLanguage":"en-GB","@id":"https:\/\/gogreen-schweiz.ch\/product\/dicke-bohne-fava-bean\/#primaryimage","url":"https:\/\/gogreen-schweiz.ch\/wp-content\/uploads\/2025\/07\/Fava-1.webp","contentUrl":"https:\/\/gogreen-schweiz.ch\/wp-content\/uploads\/2025\/07\/Fava-1.webp","width":600,"height":600},{"@type":"BreadcrumbList","@id":"https:\/\/gogreen-schweiz.ch\/product\/dicke-bohne-fava-bean\/#breadcrumb","itemListElement":[{"@type":"ListItem","position":1,"name":"Home","item":"https:\/\/gogreen-schweiz.ch\/"},{"@type":"ListItem","position":2,"name":"Shop","item":"https:\/\/gogreen-schweiz.ch\/shop\/"},{"@type":"ListItem","position":3,"name":"Dicke Bohne (Fava Bean)"}]},{"@type":"WebSite","@id":"https:\/\/gogreen-schweiz.ch\/#website","url":"https:\/\/gogreen-schweiz.ch\/","name":"Go Green - Schweiz GmbH","description":"","publisher":{"@id":"https:\/\/gogreen-schweiz.ch\/#organization"},"potentialAction":[{"@type":"SearchAction","target":{"@type":"EntryPoint","urlTemplate":"https:\/\/gogreen-schweiz.ch\/?s={search_term_string}"},"query-input":{"@type":"PropertyValueSpecification","valueRequired":true,"valueName":"search_term_string"}}],"inLanguage":"en-GB"},{"@type":"Organization","@id":"https:\/\/gogreen-schweiz.ch\/#organization","name":"Go Green - Schweiz GmbH","url":"https:\/\/gogreen-schweiz.ch\/","logo":{"@type":"ImageObject","inLanguage":"en-GB","@id":"https:\/\/gogreen-schweiz.ch\/#\/schema\/logo\/image\/","url":"https:\/\/gogreen-schweiz.ch\/wp-content\/uploads\/2025\/07\/cropped-Go-Green.webp","contentUrl":"https:\/\/gogreen-schweiz.ch\/wp-content\/uploads\/2025\/07\/cropped-Go-Green.webp","width":512,"height":512,"caption":"Go Green - Schweiz GmbH"},"image":{"@id":"https:\/\/gogreen-schweiz.ch\/#\/schema\/logo\/image\/"},"sameAs":["https:\/\/www.instagram.com\/gogreenschweiz"]}]}},"jetpack_sharing_enabled":true,"_links":{"self":[{"href":"https:\/\/gogreen-schweiz.ch\/en\/wp-json\/wp\/v2\/product\/720","targetHints":{"allow":["GET"]}}],"collection":[{"href":"https:\/\/gogreen-schweiz.ch\/en\/wp-json\/wp\/v2\/product"}],"about":[{"href":"https:\/\/gogreen-schweiz.ch\/en\/wp-json\/wp\/v2\/types\/product"}],"wp:featuredmedia":[{"embeddable":true,"href":"https:\/\/gogreen-schweiz.ch\/en\/wp-json\/wp\/v2\/media\/717"}],"wp:attachment":[{"href":"https:\/\/gogreen-schweiz.ch\/en\/wp-json\/wp\/v2\/media?parent=720"}],"wp:term":[{"taxonomy":"product_brand","embeddable":true,"href":"https:\/\/gogreen-schweiz.ch\/en\/wp-json\/wp\/v2\/product_brand?post=720"},{"taxonomy":"product_cat","embeddable":true,"href":"https:\/\/gogreen-schweiz.ch\/en\/wp-json\/wp\/v2\/product_cat?post=720"},{"taxonomy":"product_tag","embeddable":true,"href":"https:\/\/gogreen-schweiz.ch\/en\/wp-json\/wp\/v2\/product_tag?post=720"}],"curies":[{"name":"wp","href":"https:\/\/api.w.org\/{rel}","templated":true}]}}