{"id":731,"date":"2025-07-18T11:08:16","date_gmt":"2025-07-18T09:08:16","guid":{"rendered":"https:\/\/gogreen-schweiz.ch\/?post_type=product&#038;p=731"},"modified":"2026-04-21T16:14:01","modified_gmt":"2026-04-21T14:14:01","slug":"lauch","status":"publish","type":"product","link":"https:\/\/gogreen-schweiz.ch\/en\/product\/lauch\/","title":{"rendered":"Lauch"},"content":{"rendered":"<p data-start=\"393\" data-end=\"477\">Beliebt bei Spitzenk\u00f6chen \u2013 perfekt f\u00fcr Salate, Suppen, Sandwiches oder als Topping.<\/p>\n<p data-start=\"484\" data-end=\"673\"><strong data-start=\"484\" data-end=\"498\">Geschmack:<\/strong> Mild zwiebelig, mit Knoblauchnote<br data-start=\"532\" data-end=\"535\" \/><strong data-start=\"535\" data-end=\"550\">Stielfarbe:<\/strong> Gr\u00fcn<br data-start=\"555\" data-end=\"558\" \/><strong data-start=\"558\" data-end=\"573\">Blattfarbe:<\/strong> Gr\u00fcn<br data-start=\"578\" data-end=\"581\" \/><strong data-start=\"581\" data-end=\"610\">Vitamine &amp; Mineralstoffe:<\/strong><br data-start=\"610\" data-end=\"613\" \/>\u2013 Vit A, B6, C, E, K<br data-start=\"633\" data-end=\"636\" \/>\u2013 Ca, Mg, Mn, Fe, Omega-3, Fols\u00e4ure<\/p>\n<p data-start=\"675\" data-end=\"803\"><strong data-start=\"675\" data-end=\"692\">Besonderheit:<\/strong> Reich an Schwefelverbindungen &amp; Antioxidantien \u2013 unterst\u00fctzt Immunsystem &amp; Herz-Kreislauf. Ideal roh geniessen.<\/p>\n<p data-start=\"675\" data-end=\"803\">\n<h2 data-start=\"803\" data-end=\"856\"><strong data-start=\"806\" data-end=\"856\">Wichtige Informationen zu frischer Microgreens<\/strong><\/h2>\n<p data-start=\"857\" data-end=\"978\">Dieses Produkt ist <strong data-start=\"876\" data-end=\"901\">nur als Vorbestellung<\/strong> erh\u00e4ltlich.<br data-start=\"913\" data-end=\"916\" \/>Die Vorbereitungszeit betr\u00e4gt etwa <strong data-start=\"951\" data-end=\"961\">7 Tage<\/strong> ab Bestelldatum.<\/p>\n<p data-start=\"980\" data-end=\"1193\">Die Lieferung von frischer Microgreens ist <strong data-start=\"1023\" data-end=\"1065\">nur in bestimmten Regionen der Schweiz<\/strong> m\u00f6glich.<br data-start=\"1074\" data-end=\"1077\" \/>Vor Ihrer Bestellung <strong data-start=\"1098\" data-end=\"1136\">empfehlen wir, uns zu kontaktieren<\/strong>, um die Lieferm\u00f6glichkeit an Ihre Adresse zu best\u00e4tigen.<\/p>\n<p data-start=\"1241\" data-end=\"1336\"><strong data-start=\"1241\" data-end=\"1336\">Vielleicht wollten Sie lyophilisierte Microgreens, <a href=\"https:\/\/gogreen-schweiz.ch\/en\/product\/lauch-samen\/\">Samen<\/a> oder <a href=\"https:\/\/gogreen-schweiz.ch\/en\/product-category\/microgreen-pulver\/\">Microgreens-Pulver<\/a> bestellen.<\/strong><\/p>","protected":false},"excerpt":{"rendered":"<p>Fein, elegant, vielseitig \u2013 Lauch-Mikrogr\u00fcn bringt einen zarten, zwiebeligen Geschmack in die K\u00fcche und ist optisch ein Highlight. Die zarten gr\u00fcnen Halme mit kleinen schwarzen Samen an der Spitze erinnern an Perlen und sorgen f\u00fcr einen raffinierten Touch auf jedem Teller.<\/p>","protected":false},"featured_media":732,"template":"","meta":{"_coblocks_attr":"","_coblocks_dimensions":"","_coblocks_responsive_height":"","_coblocks_accordion_ie_support":"","wprm-recipe-roundup-name":"","wprm-recipe-roundup-description":""},"product_brand":[],"product_cat":[30],"product_tag":[27,28,36],"class_list":{"0":"post-731","1":"product","2":"type-product","3":"status-publish","4":"has-post-thumbnail","6":"product_cat-microgreen","7":"product_tag-salat","8":"product_tag-sandwich","9":"product_tag-suppe","10":"product_shipping_class-fresh","12":"first","13":"onbackorder","14":"taxable","15":"shipping-taxable","16":"purchasable","17":"product-type-simple"},"yoast_head":"<!-- This site is optimized with the Yoast SEO plugin v27.5 - https:\/\/yoast.com\/product\/yoast-seo-wordpress\/ -->\n<title>Lauch - Go Green - Schweiz GmbH<\/title>\n<meta name=\"description\" content=\"Lauch-Mikrogr\u00fcn mit mildem Zwiebel-Knoblauch-Geschmack. Reich an Vitaminen A, C, K, Eisen, Magnesium &amp; Omega-3. Perfekt f\u00fcr Salate, Suppen &amp; feine K\u00fcche.\" \/>\n<meta name=\"robots\" content=\"index, follow, max-snippet:-1, max-image-preview:large, max-video-preview:-1\" \/>\n<link rel=\"canonical\" href=\"https:\/\/gogreen-schweiz.ch\/en\/product\/lauch\/\" \/>\n<meta property=\"og:locale\" content=\"en_GB\" \/>\n<meta property=\"og:type\" content=\"article\" \/>\n<meta property=\"og:title\" content=\"Lauch - Go Green - Schweiz GmbH\" \/>\n<meta property=\"og:description\" content=\"Lauch-Mikrogr\u00fcn mit mildem Zwiebel-Knoblauch-Geschmack. Reich an Vitaminen A, C, K, Eisen, Magnesium &amp; Omega-3. Perfekt f\u00fcr Salate, Suppen &amp; feine K\u00fcche.\" \/>\n<meta property=\"og:url\" content=\"https:\/\/gogreen-schweiz.ch\/en\/product\/lauch\/\" \/>\n<meta property=\"og:site_name\" content=\"Go Green - Schweiz GmbH\" \/>\n<meta property=\"article:modified_time\" content=\"2026-04-21T14:14:01+00:00\" \/>\n<meta property=\"og:image\" content=\"https:\/\/gogreen-schweiz.ch\/wp-content\/uploads\/2025\/07\/Leek-1.webp\" \/>\n\t<meta property=\"og:image:width\" content=\"600\" \/>\n\t<meta property=\"og:image:height\" content=\"600\" \/>\n\t<meta property=\"og:image:type\" content=\"image\/webp\" \/>\n<meta name=\"twitter:card\" content=\"summary_large_image\" \/>\n<meta name=\"twitter:label1\" content=\"Estimated reading time\" \/>\n\t<meta name=\"twitter:data1\" content=\"1 minute\" \/>\n<script type=\"application\/ld+json\" class=\"yoast-schema-graph\">{\"@context\":\"https:\\\/\\\/schema.org\",\"@graph\":[{\"@type\":\"WebPage\",\"@id\":\"https:\\\/\\\/gogreen-schweiz.ch\\\/product\\\/lauch\\\/\",\"url\":\"https:\\\/\\\/gogreen-schweiz.ch\\\/product\\\/lauch\\\/\",\"name\":\"Lauch - Go Green - Schweiz GmbH\",\"isPartOf\":{\"@id\":\"https:\\\/\\\/gogreen-schweiz.ch\\\/#website\"},\"primaryImageOfPage\":{\"@id\":\"https:\\\/\\\/gogreen-schweiz.ch\\\/product\\\/lauch\\\/#primaryimage\"},\"image\":{\"@id\":\"https:\\\/\\\/gogreen-schweiz.ch\\\/product\\\/lauch\\\/#primaryimage\"},\"thumbnailUrl\":\"https:\\\/\\\/gogreen-schweiz.ch\\\/wp-content\\\/uploads\\\/2025\\\/07\\\/Leek-1.webp\",\"datePublished\":\"2025-07-18T09:08:16+00:00\",\"dateModified\":\"2026-04-21T14:14:01+00:00\",\"description\":\"Lauch-Mikrogr\u00fcn mit mildem Zwiebel-Knoblauch-Geschmack. Reich an Vitaminen A, C, K, Eisen, Magnesium & Omega-3. Perfekt f\u00fcr Salate, Suppen & feine K\u00fcche.\",\"breadcrumb\":{\"@id\":\"https:\\\/\\\/gogreen-schweiz.ch\\\/product\\\/lauch\\\/#breadcrumb\"},\"inLanguage\":\"en-GB\",\"potentialAction\":[{\"@type\":\"ReadAction\",\"target\":[\"https:\\\/\\\/gogreen-schweiz.ch\\\/product\\\/lauch\\\/\"]}]},{\"@type\":\"ImageObject\",\"inLanguage\":\"en-GB\",\"@id\":\"https:\\\/\\\/gogreen-schweiz.ch\\\/product\\\/lauch\\\/#primaryimage\",\"url\":\"https:\\\/\\\/gogreen-schweiz.ch\\\/wp-content\\\/uploads\\\/2025\\\/07\\\/Leek-1.webp\",\"contentUrl\":\"https:\\\/\\\/gogreen-schweiz.ch\\\/wp-content\\\/uploads\\\/2025\\\/07\\\/Leek-1.webp\",\"width\":600,\"height\":600},{\"@type\":\"BreadcrumbList\",\"@id\":\"https:\\\/\\\/gogreen-schweiz.ch\\\/product\\\/lauch\\\/#breadcrumb\",\"itemListElement\":[{\"@type\":\"ListItem\",\"position\":1,\"name\":\"Home\",\"item\":\"https:\\\/\\\/gogreen-schweiz.ch\\\/\"},{\"@type\":\"ListItem\",\"position\":2,\"name\":\"Shop\",\"item\":\"https:\\\/\\\/gogreen-schweiz.ch\\\/shop\\\/\"},{\"@type\":\"ListItem\",\"position\":3,\"name\":\"Lauch\"}]},{\"@type\":\"WebSite\",\"@id\":\"https:\\\/\\\/gogreen-schweiz.ch\\\/#website\",\"url\":\"https:\\\/\\\/gogreen-schweiz.ch\\\/\",\"name\":\"Go Green - Schweiz GmbH\",\"description\":\"\",\"publisher\":{\"@id\":\"https:\\\/\\\/gogreen-schweiz.ch\\\/#organization\"},\"potentialAction\":[{\"@type\":\"SearchAction\",\"target\":{\"@type\":\"EntryPoint\",\"urlTemplate\":\"https:\\\/\\\/gogreen-schweiz.ch\\\/?s={search_term_string}\"},\"query-input\":{\"@type\":\"PropertyValueSpecification\",\"valueRequired\":true,\"valueName\":\"search_term_string\"}}],\"inLanguage\":\"en-GB\"},{\"@type\":\"Organization\",\"@id\":\"https:\\\/\\\/gogreen-schweiz.ch\\\/#organization\",\"name\":\"Go Green - Schweiz GmbH\",\"url\":\"https:\\\/\\\/gogreen-schweiz.ch\\\/\",\"logo\":{\"@type\":\"ImageObject\",\"inLanguage\":\"en-GB\",\"@id\":\"https:\\\/\\\/gogreen-schweiz.ch\\\/#\\\/schema\\\/logo\\\/image\\\/\",\"url\":\"https:\\\/\\\/gogreen-schweiz.ch\\\/wp-content\\\/uploads\\\/2025\\\/07\\\/cropped-Go-Green.webp\",\"contentUrl\":\"https:\\\/\\\/gogreen-schweiz.ch\\\/wp-content\\\/uploads\\\/2025\\\/07\\\/cropped-Go-Green.webp\",\"width\":512,\"height\":512,\"caption\":\"Go Green - Schweiz GmbH\"},\"image\":{\"@id\":\"https:\\\/\\\/gogreen-schweiz.ch\\\/#\\\/schema\\\/logo\\\/image\\\/\"},\"sameAs\":[\"https:\\\/\\\/www.instagram.com\\\/gogreenschweiz\"]}]}<\/script>\n<!-- \/ Yoast SEO plugin. -->","yoast_head_json":{"title":"Lauch - Go Green - Schweiz GmbH","description":"Lauch-Mikrogr\u00fcn mit mildem Zwiebel-Knoblauch-Geschmack. Reich an Vitaminen A, C, K, Eisen, Magnesium & Omega-3. Perfekt f\u00fcr Salate, Suppen & feine K\u00fcche.","robots":{"index":"index","follow":"follow","max-snippet":"max-snippet:-1","max-image-preview":"max-image-preview:large","max-video-preview":"max-video-preview:-1"},"canonical":"https:\/\/gogreen-schweiz.ch\/en\/product\/lauch\/","og_locale":"en_GB","og_type":"article","og_title":"Lauch - Go Green - Schweiz GmbH","og_description":"Lauch-Mikrogr\u00fcn mit mildem Zwiebel-Knoblauch-Geschmack. Reich an Vitaminen A, C, K, Eisen, Magnesium & Omega-3. Perfekt f\u00fcr Salate, Suppen & feine K\u00fcche.","og_url":"https:\/\/gogreen-schweiz.ch\/en\/product\/lauch\/","og_site_name":"Go Green - Schweiz GmbH","article_modified_time":"2026-04-21T14:14:01+00:00","og_image":[{"width":600,"height":600,"url":"https:\/\/gogreen-schweiz.ch\/wp-content\/uploads\/2025\/07\/Leek-1.webp","type":"image\/webp"}],"twitter_card":"summary_large_image","twitter_misc":{"Estimated reading time":"1 minute"},"schema":{"@context":"https:\/\/schema.org","@graph":[{"@type":"WebPage","@id":"https:\/\/gogreen-schweiz.ch\/product\/lauch\/","url":"https:\/\/gogreen-schweiz.ch\/product\/lauch\/","name":"Lauch - Go Green - Schweiz GmbH","isPartOf":{"@id":"https:\/\/gogreen-schweiz.ch\/#website"},"primaryImageOfPage":{"@id":"https:\/\/gogreen-schweiz.ch\/product\/lauch\/#primaryimage"},"image":{"@id":"https:\/\/gogreen-schweiz.ch\/product\/lauch\/#primaryimage"},"thumbnailUrl":"https:\/\/gogreen-schweiz.ch\/wp-content\/uploads\/2025\/07\/Leek-1.webp","datePublished":"2025-07-18T09:08:16+00:00","dateModified":"2026-04-21T14:14:01+00:00","description":"Lauch-Mikrogr\u00fcn mit mildem Zwiebel-Knoblauch-Geschmack. Reich an Vitaminen A, C, K, Eisen, Magnesium & Omega-3. Perfekt f\u00fcr Salate, Suppen & feine K\u00fcche.","breadcrumb":{"@id":"https:\/\/gogreen-schweiz.ch\/product\/lauch\/#breadcrumb"},"inLanguage":"en-GB","potentialAction":[{"@type":"ReadAction","target":["https:\/\/gogreen-schweiz.ch\/product\/lauch\/"]}]},{"@type":"ImageObject","inLanguage":"en-GB","@id":"https:\/\/gogreen-schweiz.ch\/product\/lauch\/#primaryimage","url":"https:\/\/gogreen-schweiz.ch\/wp-content\/uploads\/2025\/07\/Leek-1.webp","contentUrl":"https:\/\/gogreen-schweiz.ch\/wp-content\/uploads\/2025\/07\/Leek-1.webp","width":600,"height":600},{"@type":"BreadcrumbList","@id":"https:\/\/gogreen-schweiz.ch\/product\/lauch\/#breadcrumb","itemListElement":[{"@type":"ListItem","position":1,"name":"Home","item":"https:\/\/gogreen-schweiz.ch\/"},{"@type":"ListItem","position":2,"name":"Shop","item":"https:\/\/gogreen-schweiz.ch\/shop\/"},{"@type":"ListItem","position":3,"name":"Lauch"}]},{"@type":"WebSite","@id":"https:\/\/gogreen-schweiz.ch\/#website","url":"https:\/\/gogreen-schweiz.ch\/","name":"Go Green - Schweiz GmbH","description":"","publisher":{"@id":"https:\/\/gogreen-schweiz.ch\/#organization"},"potentialAction":[{"@type":"SearchAction","target":{"@type":"EntryPoint","urlTemplate":"https:\/\/gogreen-schweiz.ch\/?s={search_term_string}"},"query-input":{"@type":"PropertyValueSpecification","valueRequired":true,"valueName":"search_term_string"}}],"inLanguage":"en-GB"},{"@type":"Organization","@id":"https:\/\/gogreen-schweiz.ch\/#organization","name":"Go Green - Schweiz GmbH","url":"https:\/\/gogreen-schweiz.ch\/","logo":{"@type":"ImageObject","inLanguage":"en-GB","@id":"https:\/\/gogreen-schweiz.ch\/#\/schema\/logo\/image\/","url":"https:\/\/gogreen-schweiz.ch\/wp-content\/uploads\/2025\/07\/cropped-Go-Green.webp","contentUrl":"https:\/\/gogreen-schweiz.ch\/wp-content\/uploads\/2025\/07\/cropped-Go-Green.webp","width":512,"height":512,"caption":"Go Green - Schweiz GmbH"},"image":{"@id":"https:\/\/gogreen-schweiz.ch\/#\/schema\/logo\/image\/"},"sameAs":["https:\/\/www.instagram.com\/gogreenschweiz"]}]}},"jetpack_sharing_enabled":true,"_links":{"self":[{"href":"https:\/\/gogreen-schweiz.ch\/en\/wp-json\/wp\/v2\/product\/731","targetHints":{"allow":["GET"]}}],"collection":[{"href":"https:\/\/gogreen-schweiz.ch\/en\/wp-json\/wp\/v2\/product"}],"about":[{"href":"https:\/\/gogreen-schweiz.ch\/en\/wp-json\/wp\/v2\/types\/product"}],"wp:featuredmedia":[{"embeddable":true,"href":"https:\/\/gogreen-schweiz.ch\/en\/wp-json\/wp\/v2\/media\/732"}],"wp:attachment":[{"href":"https:\/\/gogreen-schweiz.ch\/en\/wp-json\/wp\/v2\/media?parent=731"}],"wp:term":[{"taxonomy":"product_brand","embeddable":true,"href":"https:\/\/gogreen-schweiz.ch\/en\/wp-json\/wp\/v2\/product_brand?post=731"},{"taxonomy":"product_cat","embeddable":true,"href":"https:\/\/gogreen-schweiz.ch\/en\/wp-json\/wp\/v2\/product_cat?post=731"},{"taxonomy":"product_tag","embeddable":true,"href":"https:\/\/gogreen-schweiz.ch\/en\/wp-json\/wp\/v2\/product_tag?post=731"}],"curies":[{"name":"wp","href":"https:\/\/api.w.org\/{rel}","templated":true}]}}