{"id":735,"date":"2025-07-18T11:13:23","date_gmt":"2025-07-18T09:13:23","guid":{"rendered":"https:\/\/gogreen-schweiz.ch\/?post_type=product&#038;p=735"},"modified":"2026-04-21T16:11:16","modified_gmt":"2026-04-21T14:11:16","slug":"mungobohne","status":"publish","type":"product","link":"https:\/\/gogreen-schweiz.ch\/en\/product\/mungobohne\/","title":{"rendered":"Mungobohne"},"content":{"rendered":"<p>Ob als Topping, in Bowls, Salaten oder Wok-Gerichten \u2013 Mungobohne bringt N\u00e4hrstoffe und Frische auf den Teller.<\/p>\n<p data-start=\"530\" data-end=\"703\"><strong data-start=\"530\" data-end=\"544\">Geschmack:<\/strong> Neutral, leicht nussig<br data-start=\"567\" data-end=\"570\" \/><strong data-start=\"570\" data-end=\"585\">Stielfarbe:<\/strong> Wei\u00df bis rosa<br data-start=\"599\" data-end=\"602\" \/><strong data-start=\"602\" data-end=\"617\">Blattfarbe:<\/strong> Gr\u00fcn<br data-start=\"622\" data-end=\"625\" \/><strong data-start=\"625\" data-end=\"654\">Vitamine &amp; Mineralstoffe:<\/strong><br data-start=\"654\" data-end=\"657\" \/>\u2013 Vit E, B1, B2, B3, B6<br data-start=\"680\" data-end=\"683\" \/>\u2013 Ca, Mg, P, K, Zn<\/p>\n<p data-start=\"705\" data-end=\"876\"><strong data-start=\"705\" data-end=\"722\">Besonderheit:<\/strong><br data-start=\"722\" data-end=\"725\" \/>Reich an pflanzlichem Eiweiss, verdauungsf\u00f6rdernden Enzymen und Antioxidantien. Ideal f\u00fcr vegane Ern\u00e4hrung, Di\u00e4ten &amp; als frische Eiwei\u00dfquelle im Alltag.<\/p>\n<p data-start=\"705\" data-end=\"876\">\n<h2 data-start=\"803\" data-end=\"856\"><strong data-start=\"806\" data-end=\"856\">Wichtige Informationen zu frischer Microgreens<\/strong><\/h2>\n<p data-start=\"857\" data-end=\"978\">Dieses Produkt ist <strong data-start=\"876\" data-end=\"901\">nur als Vorbestellung<\/strong> erh\u00e4ltlich.<br data-start=\"913\" data-end=\"916\" \/>Die Vorbereitungszeit betr\u00e4gt etwa <strong data-start=\"951\" data-end=\"961\">7 Tage<\/strong> ab Bestelldatum.<\/p>\n<p data-start=\"980\" data-end=\"1193\">Die Lieferung von frischer Microgreens ist <strong data-start=\"1023\" data-end=\"1065\">nur in bestimmten Regionen der Schweiz<\/strong> m\u00f6glich.<br data-start=\"1074\" data-end=\"1077\" \/>Vor Ihrer Bestellung <strong data-start=\"1098\" data-end=\"1136\">empfehlen wir, uns zu kontaktieren<\/strong>, um die Lieferm\u00f6glichkeit an Ihre Adresse zu best\u00e4tigen.<\/p>\n<p data-start=\"1241\" data-end=\"1336\"><strong data-start=\"1241\" data-end=\"1336\">Vielleicht wollten Sie lyophilisierte Microgreens, <a href=\"https:\/\/gogreen-schweiz.ch\/en\/product\/mungobohne-samen\/\">Samen<\/a> oder <a href=\"https:\/\/gogreen-schweiz.ch\/en\/product-category\/microgreen-pulver\/\">Microgreens-Pulver<\/a> bestellen.<\/strong><\/p>","protected":false},"excerpt":{"rendered":"<p>Mild, knackig und voller Vitalstoffe \u2013 Mungobohnen-Mikrogr\u00fcn ist eine beliebte Zutat in der asiatischen K\u00fcche und in der gesundheitsbewussten Ern\u00e4hrung weltweit. Mit seinem zarten, leicht nussigen Geschmack und seiner frischen Textur passt es perfekt zu einer Vielzahl von Gerichten.<\/p>","protected":false},"featured_media":737,"template":"","meta":{"_coblocks_attr":"","_coblocks_dimensions":"","_coblocks_responsive_height":"","_coblocks_accordion_ie_support":"","wprm-recipe-roundup-name":"","wprm-recipe-roundup-description":""},"product_brand":[],"product_cat":[30],"product_tag":[35,27,36],"class_list":{"0":"post-735","1":"product","2":"type-product","3":"status-publish","4":"has-post-thumbnail","6":"product_cat-microgreen","7":"product_tag-bowl","8":"product_tag-salat","9":"product_tag-suppe","10":"product_shipping_class-fresh","12":"first","13":"onbackorder","14":"taxable","15":"shipping-taxable","16":"purchasable","17":"product-type-simple"},"yoast_head":"<!-- This site is optimized with the Yoast SEO plugin v27.5 - https:\/\/yoast.com\/product\/yoast-seo-wordpress\/ -->\n<title>Mungobohne - Go Green - Schweiz GmbH<\/title>\n<meta name=\"description\" content=\"Mungobohnen-Mikrogr\u00fcn \u2013 reich an pflanzlichem Eiweiss, Vitaminen B, E, Kalzium &amp; Magnesium. Leicht nussig im Geschmack. Perfekt f\u00fcr Bowls, Salate, Suppen &amp; Wokgerichte.\" \/>\n<meta name=\"robots\" content=\"index, follow, max-snippet:-1, max-image-preview:large, max-video-preview:-1\" \/>\n<link rel=\"canonical\" href=\"https:\/\/gogreen-schweiz.ch\/en\/product\/mungobohne\/\" \/>\n<meta property=\"og:locale\" content=\"en_GB\" \/>\n<meta property=\"og:type\" content=\"article\" \/>\n<meta property=\"og:title\" content=\"Mungobohne - Go Green - Schweiz GmbH\" \/>\n<meta property=\"og:description\" content=\"Mungobohnen-Mikrogr\u00fcn \u2013 reich an pflanzlichem Eiweiss, Vitaminen B, E, Kalzium &amp; Magnesium. Leicht nussig im Geschmack. Perfekt f\u00fcr Bowls, Salate, Suppen &amp; Wokgerichte.\" \/>\n<meta property=\"og:url\" content=\"https:\/\/gogreen-schweiz.ch\/en\/product\/mungobohne\/\" \/>\n<meta property=\"og:site_name\" content=\"Go Green - Schweiz GmbH\" \/>\n<meta property=\"article:modified_time\" content=\"2026-04-21T14:11:16+00:00\" \/>\n<meta property=\"og:image\" content=\"https:\/\/gogreen-schweiz.ch\/wp-content\/uploads\/2025\/07\/Mungobohne-2.webp\" \/>\n\t<meta property=\"og:image:width\" content=\"600\" \/>\n\t<meta property=\"og:image:height\" content=\"600\" \/>\n\t<meta property=\"og:image:type\" content=\"image\/webp\" \/>\n<meta name=\"twitter:card\" content=\"summary_large_image\" \/>\n<meta name=\"twitter:label1\" content=\"Estimated reading time\" \/>\n\t<meta name=\"twitter:data1\" content=\"1 minute\" \/>\n<script type=\"application\/ld+json\" class=\"yoast-schema-graph\">{\"@context\":\"https:\\\/\\\/schema.org\",\"@graph\":[{\"@type\":\"WebPage\",\"@id\":\"https:\\\/\\\/gogreen-schweiz.ch\\\/product\\\/mungobohne\\\/\",\"url\":\"https:\\\/\\\/gogreen-schweiz.ch\\\/product\\\/mungobohne\\\/\",\"name\":\"Mungobohne - Go Green - Schweiz GmbH\",\"isPartOf\":{\"@id\":\"https:\\\/\\\/gogreen-schweiz.ch\\\/#website\"},\"primaryImageOfPage\":{\"@id\":\"https:\\\/\\\/gogreen-schweiz.ch\\\/product\\\/mungobohne\\\/#primaryimage\"},\"image\":{\"@id\":\"https:\\\/\\\/gogreen-schweiz.ch\\\/product\\\/mungobohne\\\/#primaryimage\"},\"thumbnailUrl\":\"https:\\\/\\\/gogreen-schweiz.ch\\\/wp-content\\\/uploads\\\/2025\\\/07\\\/Mungobohne-2.webp\",\"datePublished\":\"2025-07-18T09:13:23+00:00\",\"dateModified\":\"2026-04-21T14:11:16+00:00\",\"description\":\"Mungobohnen-Mikrogr\u00fcn \u2013 reich an pflanzlichem Eiweiss, Vitaminen B, E, Kalzium & Magnesium. Leicht nussig im Geschmack. Perfekt f\u00fcr Bowls, Salate, Suppen & Wokgerichte.\",\"breadcrumb\":{\"@id\":\"https:\\\/\\\/gogreen-schweiz.ch\\\/product\\\/mungobohne\\\/#breadcrumb\"},\"inLanguage\":\"en-GB\",\"potentialAction\":[{\"@type\":\"ReadAction\",\"target\":[\"https:\\\/\\\/gogreen-schweiz.ch\\\/product\\\/mungobohne\\\/\"]}]},{\"@type\":\"ImageObject\",\"inLanguage\":\"en-GB\",\"@id\":\"https:\\\/\\\/gogreen-schweiz.ch\\\/product\\\/mungobohne\\\/#primaryimage\",\"url\":\"https:\\\/\\\/gogreen-schweiz.ch\\\/wp-content\\\/uploads\\\/2025\\\/07\\\/Mungobohne-2.webp\",\"contentUrl\":\"https:\\\/\\\/gogreen-schweiz.ch\\\/wp-content\\\/uploads\\\/2025\\\/07\\\/Mungobohne-2.webp\",\"width\":600,\"height\":600},{\"@type\":\"BreadcrumbList\",\"@id\":\"https:\\\/\\\/gogreen-schweiz.ch\\\/product\\\/mungobohne\\\/#breadcrumb\",\"itemListElement\":[{\"@type\":\"ListItem\",\"position\":1,\"name\":\"Home\",\"item\":\"https:\\\/\\\/gogreen-schweiz.ch\\\/\"},{\"@type\":\"ListItem\",\"position\":2,\"name\":\"Shop\",\"item\":\"https:\\\/\\\/gogreen-schweiz.ch\\\/shop\\\/\"},{\"@type\":\"ListItem\",\"position\":3,\"name\":\"Mungobohne\"}]},{\"@type\":\"WebSite\",\"@id\":\"https:\\\/\\\/gogreen-schweiz.ch\\\/#website\",\"url\":\"https:\\\/\\\/gogreen-schweiz.ch\\\/\",\"name\":\"Go Green - Schweiz GmbH\",\"description\":\"\",\"publisher\":{\"@id\":\"https:\\\/\\\/gogreen-schweiz.ch\\\/#organization\"},\"potentialAction\":[{\"@type\":\"SearchAction\",\"target\":{\"@type\":\"EntryPoint\",\"urlTemplate\":\"https:\\\/\\\/gogreen-schweiz.ch\\\/?s={search_term_string}\"},\"query-input\":{\"@type\":\"PropertyValueSpecification\",\"valueRequired\":true,\"valueName\":\"search_term_string\"}}],\"inLanguage\":\"en-GB\"},{\"@type\":\"Organization\",\"@id\":\"https:\\\/\\\/gogreen-schweiz.ch\\\/#organization\",\"name\":\"Go Green - Schweiz GmbH\",\"url\":\"https:\\\/\\\/gogreen-schweiz.ch\\\/\",\"logo\":{\"@type\":\"ImageObject\",\"inLanguage\":\"en-GB\",\"@id\":\"https:\\\/\\\/gogreen-schweiz.ch\\\/#\\\/schema\\\/logo\\\/image\\\/\",\"url\":\"https:\\\/\\\/gogreen-schweiz.ch\\\/wp-content\\\/uploads\\\/2025\\\/07\\\/cropped-Go-Green.webp\",\"contentUrl\":\"https:\\\/\\\/gogreen-schweiz.ch\\\/wp-content\\\/uploads\\\/2025\\\/07\\\/cropped-Go-Green.webp\",\"width\":512,\"height\":512,\"caption\":\"Go Green - Schweiz GmbH\"},\"image\":{\"@id\":\"https:\\\/\\\/gogreen-schweiz.ch\\\/#\\\/schema\\\/logo\\\/image\\\/\"},\"sameAs\":[\"https:\\\/\\\/www.instagram.com\\\/gogreenschweiz\"]}]}<\/script>\n<!-- \/ Yoast SEO plugin. -->","yoast_head_json":{"title":"Mungobohne - Go Green - Schweiz GmbH","description":"Mungobohnen-Mikrogr\u00fcn \u2013 reich an pflanzlichem Eiweiss, Vitaminen B, E, Kalzium & Magnesium. Leicht nussig im Geschmack. Perfekt f\u00fcr Bowls, Salate, Suppen & Wokgerichte.","robots":{"index":"index","follow":"follow","max-snippet":"max-snippet:-1","max-image-preview":"max-image-preview:large","max-video-preview":"max-video-preview:-1"},"canonical":"https:\/\/gogreen-schweiz.ch\/en\/product\/mungobohne\/","og_locale":"en_GB","og_type":"article","og_title":"Mungobohne - Go Green - Schweiz GmbH","og_description":"Mungobohnen-Mikrogr\u00fcn \u2013 reich an pflanzlichem Eiweiss, Vitaminen B, E, Kalzium & Magnesium. Leicht nussig im Geschmack. Perfekt f\u00fcr Bowls, Salate, Suppen & Wokgerichte.","og_url":"https:\/\/gogreen-schweiz.ch\/en\/product\/mungobohne\/","og_site_name":"Go Green - Schweiz GmbH","article_modified_time":"2026-04-21T14:11:16+00:00","og_image":[{"width":600,"height":600,"url":"https:\/\/gogreen-schweiz.ch\/wp-content\/uploads\/2025\/07\/Mungobohne-2.webp","type":"image\/webp"}],"twitter_card":"summary_large_image","twitter_misc":{"Estimated reading time":"1 minute"},"schema":{"@context":"https:\/\/schema.org","@graph":[{"@type":"WebPage","@id":"https:\/\/gogreen-schweiz.ch\/product\/mungobohne\/","url":"https:\/\/gogreen-schweiz.ch\/product\/mungobohne\/","name":"Mungobohne - Go Green - Schweiz GmbH","isPartOf":{"@id":"https:\/\/gogreen-schweiz.ch\/#website"},"primaryImageOfPage":{"@id":"https:\/\/gogreen-schweiz.ch\/product\/mungobohne\/#primaryimage"},"image":{"@id":"https:\/\/gogreen-schweiz.ch\/product\/mungobohne\/#primaryimage"},"thumbnailUrl":"https:\/\/gogreen-schweiz.ch\/wp-content\/uploads\/2025\/07\/Mungobohne-2.webp","datePublished":"2025-07-18T09:13:23+00:00","dateModified":"2026-04-21T14:11:16+00:00","description":"Mungobohnen-Mikrogr\u00fcn \u2013 reich an pflanzlichem Eiweiss, Vitaminen B, E, Kalzium & Magnesium. Leicht nussig im Geschmack. Perfekt f\u00fcr Bowls, Salate, Suppen & Wokgerichte.","breadcrumb":{"@id":"https:\/\/gogreen-schweiz.ch\/product\/mungobohne\/#breadcrumb"},"inLanguage":"en-GB","potentialAction":[{"@type":"ReadAction","target":["https:\/\/gogreen-schweiz.ch\/product\/mungobohne\/"]}]},{"@type":"ImageObject","inLanguage":"en-GB","@id":"https:\/\/gogreen-schweiz.ch\/product\/mungobohne\/#primaryimage","url":"https:\/\/gogreen-schweiz.ch\/wp-content\/uploads\/2025\/07\/Mungobohne-2.webp","contentUrl":"https:\/\/gogreen-schweiz.ch\/wp-content\/uploads\/2025\/07\/Mungobohne-2.webp","width":600,"height":600},{"@type":"BreadcrumbList","@id":"https:\/\/gogreen-schweiz.ch\/product\/mungobohne\/#breadcrumb","itemListElement":[{"@type":"ListItem","position":1,"name":"Home","item":"https:\/\/gogreen-schweiz.ch\/"},{"@type":"ListItem","position":2,"name":"Shop","item":"https:\/\/gogreen-schweiz.ch\/shop\/"},{"@type":"ListItem","position":3,"name":"Mungobohne"}]},{"@type":"WebSite","@id":"https:\/\/gogreen-schweiz.ch\/#website","url":"https:\/\/gogreen-schweiz.ch\/","name":"Go Green - Schweiz GmbH","description":"","publisher":{"@id":"https:\/\/gogreen-schweiz.ch\/#organization"},"potentialAction":[{"@type":"SearchAction","target":{"@type":"EntryPoint","urlTemplate":"https:\/\/gogreen-schweiz.ch\/?s={search_term_string}"},"query-input":{"@type":"PropertyValueSpecification","valueRequired":true,"valueName":"search_term_string"}}],"inLanguage":"en-GB"},{"@type":"Organization","@id":"https:\/\/gogreen-schweiz.ch\/#organization","name":"Go Green - Schweiz GmbH","url":"https:\/\/gogreen-schweiz.ch\/","logo":{"@type":"ImageObject","inLanguage":"en-GB","@id":"https:\/\/gogreen-schweiz.ch\/#\/schema\/logo\/image\/","url":"https:\/\/gogreen-schweiz.ch\/wp-content\/uploads\/2025\/07\/cropped-Go-Green.webp","contentUrl":"https:\/\/gogreen-schweiz.ch\/wp-content\/uploads\/2025\/07\/cropped-Go-Green.webp","width":512,"height":512,"caption":"Go Green - Schweiz GmbH"},"image":{"@id":"https:\/\/gogreen-schweiz.ch\/#\/schema\/logo\/image\/"},"sameAs":["https:\/\/www.instagram.com\/gogreenschweiz"]}]}},"jetpack_sharing_enabled":true,"_links":{"self":[{"href":"https:\/\/gogreen-schweiz.ch\/en\/wp-json\/wp\/v2\/product\/735","targetHints":{"allow":["GET"]}}],"collection":[{"href":"https:\/\/gogreen-schweiz.ch\/en\/wp-json\/wp\/v2\/product"}],"about":[{"href":"https:\/\/gogreen-schweiz.ch\/en\/wp-json\/wp\/v2\/types\/product"}],"wp:featuredmedia":[{"embeddable":true,"href":"https:\/\/gogreen-schweiz.ch\/en\/wp-json\/wp\/v2\/media\/737"}],"wp:attachment":[{"href":"https:\/\/gogreen-schweiz.ch\/en\/wp-json\/wp\/v2\/media?parent=735"}],"wp:term":[{"taxonomy":"product_brand","embeddable":true,"href":"https:\/\/gogreen-schweiz.ch\/en\/wp-json\/wp\/v2\/product_brand?post=735"},{"taxonomy":"product_cat","embeddable":true,"href":"https:\/\/gogreen-schweiz.ch\/en\/wp-json\/wp\/v2\/product_cat?post=735"},{"taxonomy":"product_tag","embeddable":true,"href":"https:\/\/gogreen-schweiz.ch\/en\/wp-json\/wp\/v2\/product_tag?post=735"}],"curies":[{"name":"wp","href":"https:\/\/api.w.org\/{rel}","templated":true}]}}