{"id":782,"date":"2025-07-25T16:17:49","date_gmt":"2025-07-25T14:17:49","guid":{"rendered":"https:\/\/gogreen-schweiz.ch\/?post_type=product&#038;p=782"},"modified":"2025-11-18T13:18:12","modified_gmt":"2025-11-18T11:18:12","slug":"radieschen-pulver","status":"publish","type":"product","link":"https:\/\/gogreen-schweiz.ch\/en\/product\/radieschen-pulver\/","title":{"rendered":"Radieschen Pulver"},"content":{"rendered":"<h3 data-start=\"612\" data-end=\"652\">Was macht unser Pulver besonders?<\/h3>\n<ul>\n<li data-start=\"655\" data-end=\"710\">100\u202f% BIO, ohne Zus\u00e4tze, Farbstoffe oder Tr\u00e4gerstoffe<\/li>\n<li data-start=\"713\" data-end=\"760\">Von Hand angebaut und geerntet in der Schweiz<\/li>\n<li data-start=\"763\" data-end=\"814\">Mit Liebe verarbeitet und lokal gefriergetrocknet<\/li>\n<li data-start=\"817\" data-end=\"895\">Ideal f\u00fcr Smoothies, Bowls, Dips, Suppen oder als nat\u00fcrliche Nahrungserg\u00e4nzung<\/li>\n<\/ul>\n<h3 data-start=\"897\" data-end=\"920\">N\u00e4hrstoffprofil:<\/h3>\n<p data-start=\"921\" data-end=\"969\">Radieschen-Mikrogreens enthalten besonders viel:<\/p>\n<ul>\n<li data-start=\"972\" data-end=\"1033\"><strong data-start=\"972\" data-end=\"989\">Vitamin C &amp; K<\/strong> \u2013 f\u00fcr Immunsystem, Haut und Blutgerinnung<\/li>\n<li data-start=\"1036\" data-end=\"1093\"><strong data-start=\"1036\" data-end=\"1050\">Folat (B9)<\/strong> \u2013 wichtig f\u00fcr Zellteilung &amp; Stoffwechsel<\/li>\n<li data-start=\"1096\" data-end=\"1150\"><strong data-start=\"1096\" data-end=\"1127\">Kalium, Calcium &amp; Magnesium<\/strong> \u2013 f\u00fcr Herz &amp; Muskeln<\/li>\n<li data-start=\"1096\" data-end=\"1150\">Reich an Antioxidantien<\/li>\n<li data-start=\"1096\" data-end=\"1150\">Entz\u00fcndungshemmend und reinigend<\/li>\n<li data-start=\"1096\" data-end=\"1150\">Unterst\u00fctzt Haut, Leber und Stoffwechsel<\/li>\n<li data-start=\"1096\" data-end=\"1150\">Nat\u00fcrliche Sch\u00e4rfe \u2013 geschmacklich intensiv<\/li>\n<li data-start=\"1096\" data-end=\"1150\">Regt die Verdauung an<\/li>\n<li data-start=\"1153\" data-end=\"1237\"><strong data-start=\"1153\" data-end=\"1180\">Senf\u00f6le (Glucosinolate)<\/strong> \u2013 nat\u00fcrliche Pflanzenstoffe mit antimikrobieller Wirkung<\/li>\n<\/ul>\n<p data-start=\"1239\" data-end=\"1256\"><strong>Anwendung:<\/strong> 1\u20132 TL t\u00e4glich in Getr\u00e4nke oder Speisen mischen. Besonders wirksam roh oder in lauwarmen Gerichten.<\/p>\n<h3 data-start=\"109\" data-end=\"141\">Geschmack &amp; Verwendung<\/h3>\n<p data-start=\"142\" data-end=\"440\">Dank seines <strong data-start=\"154\" data-end=\"184\">w\u00fcrzig-scharfen Geschmacks<\/strong> eignet sich unser Radieschenpulver nicht nur als n\u00e4hrstoffreiche Erg\u00e4nzung, sondern auch als <strong data-start=\"278\" data-end=\"300\">nat\u00fcrliches Gew\u00fcrz<\/strong> f\u00fcr kalte Gerichte.<br data-start=\"320\" data-end=\"323\" \/>Ideal f\u00fcr Bowls, Dips, Salate, Hummus oder aufs Butterbrot \u2013 f\u00fcr alle, die Geschmack und Gesundheit verbinden wollen.<\/p>\n<p data-start=\"1363\" data-end=\"1507\">25 g gefriergetrocknetes Pulver werden aus mehr als 250 g frischem Microgreens hergestellt.<br \/>\nEin 25-g-Glas enth\u00e4lt Pulver f\u00fcr zwei Monate t\u00e4glicher Einnahme.<\/p>","protected":false},"excerpt":{"rendered":"<p data-start=\"196\" data-end=\"487\"><strong data-start=\"1122\" data-end=\"1180\">W\u00fcrziges Superfood aus frischen Radieschen-Microgreens. <\/strong>Unser Radieschen-Microgreens-Pulver wird <strong data-start=\"1224\" data-end=\"1251\">von Hand in der Schweiz<\/strong> aus frischen, biologisch angebauten Microgreens hergestellt. Durch die schonende Gefriertrocknung bleiben Aroma, Sch\u00e4rfe und alle aktiven N\u00e4hrstoffe erhalten.<\/p>","protected":false},"featured_media":1382,"template":"","meta":{"_coblocks_attr":"","_coblocks_dimensions":"","_coblocks_responsive_height":"","_coblocks_accordion_ie_support":"","wprm-recipe-roundup-name":"","wprm-recipe-roundup-description":""},"product_brand":[],"product_cat":[52],"product_tag":[],"class_list":{"0":"post-782","1":"product","2":"type-product","3":"status-publish","4":"has-post-thumbnail","6":"product_cat-microgreen-pulver","7":"product_shipping_class-dry","9":"first","10":"instock","11":"featured","12":"taxable","13":"shipping-taxable","14":"purchasable","15":"product-type-variable"},"yoast_head":"<!-- This site is optimized with the Yoast SEO plugin v27.5 - https:\/\/yoast.com\/product\/yoast-seo-wordpress\/ -->\n<title>Radieschen-Microgreens-Pulver \u2013 nat\u00fcrlich scharf &amp; gesund<\/title>\n<meta name=\"description\" content=\"Gefriergetrocknetes Pulver aus Bio-Microgreens. Ohne Zus\u00e4tze. Unterst\u00fctzt Verdauung, Leber und Immunsystem. Hergestellt in der Schweiz.\" \/>\n<meta name=\"robots\" content=\"index, follow, max-snippet:-1, max-image-preview:large, max-video-preview:-1\" \/>\n<link rel=\"canonical\" href=\"https:\/\/gogreen-schweiz.ch\/en\/product\/radieschen-pulver\/\" \/>\n<meta property=\"og:locale\" content=\"en_GB\" \/>\n<meta property=\"og:type\" content=\"article\" \/>\n<meta property=\"og:title\" content=\"Radieschen-Microgreens-Pulver \u2013 nat\u00fcrlich scharf &amp; gesund\" \/>\n<meta property=\"og:description\" content=\"Gefriergetrocknetes Pulver aus Bio-Microgreens. Ohne Zus\u00e4tze. Unterst\u00fctzt Verdauung, Leber und Immunsystem. Hergestellt in der Schweiz.\" \/>\n<meta property=\"og:url\" content=\"https:\/\/gogreen-schweiz.ch\/en\/product\/radieschen-pulver\/\" \/>\n<meta property=\"og:site_name\" content=\"Go Green - Schweiz GmbH\" \/>\n<meta property=\"article:modified_time\" content=\"2025-11-18T11:18:12+00:00\" \/>\n<meta property=\"og:image\" content=\"https:\/\/gogreen-schweiz.ch\/wp-content\/uploads\/2025\/09\/Radieschen-Pulver-1.webp\" \/>\n\t<meta property=\"og:image:width\" content=\"1200\" \/>\n\t<meta property=\"og:image:height\" content=\"1200\" \/>\n\t<meta property=\"og:image:type\" content=\"image\/webp\" \/>\n<meta name=\"twitter:card\" content=\"summary_large_image\" \/>\n<meta name=\"twitter:label1\" content=\"Estimated reading time\" \/>\n\t<meta name=\"twitter:data1\" content=\"2 minutes\" \/>\n<script type=\"application\/ld+json\" class=\"yoast-schema-graph\">{\"@context\":\"https:\\\/\\\/schema.org\",\"@graph\":[{\"@type\":\"WebPage\",\"@id\":\"https:\\\/\\\/gogreen-schweiz.ch\\\/product\\\/radieschen-pulver\\\/\",\"url\":\"https:\\\/\\\/gogreen-schweiz.ch\\\/product\\\/radieschen-pulver\\\/\",\"name\":\"Radieschen-Microgreens-Pulver \u2013 nat\u00fcrlich scharf & gesund\",\"isPartOf\":{\"@id\":\"https:\\\/\\\/gogreen-schweiz.ch\\\/#website\"},\"primaryImageOfPage\":{\"@id\":\"https:\\\/\\\/gogreen-schweiz.ch\\\/product\\\/radieschen-pulver\\\/#primaryimage\"},\"image\":{\"@id\":\"https:\\\/\\\/gogreen-schweiz.ch\\\/product\\\/radieschen-pulver\\\/#primaryimage\"},\"thumbnailUrl\":\"https:\\\/\\\/gogreen-schweiz.ch\\\/wp-content\\\/uploads\\\/2025\\\/09\\\/Radieschen-Pulver-1.webp\",\"datePublished\":\"2025-07-25T14:17:49+00:00\",\"dateModified\":\"2025-11-18T11:18:12+00:00\",\"description\":\"Gefriergetrocknetes Pulver aus Bio-Microgreens. Ohne Zus\u00e4tze. Unterst\u00fctzt Verdauung, Leber und Immunsystem. Hergestellt in der Schweiz.\",\"breadcrumb\":{\"@id\":\"https:\\\/\\\/gogreen-schweiz.ch\\\/product\\\/radieschen-pulver\\\/#breadcrumb\"},\"inLanguage\":\"en-GB\",\"potentialAction\":[{\"@type\":\"ReadAction\",\"target\":[\"https:\\\/\\\/gogreen-schweiz.ch\\\/product\\\/radieschen-pulver\\\/\"]}]},{\"@type\":\"ImageObject\",\"inLanguage\":\"en-GB\",\"@id\":\"https:\\\/\\\/gogreen-schweiz.ch\\\/product\\\/radieschen-pulver\\\/#primaryimage\",\"url\":\"https:\\\/\\\/gogreen-schweiz.ch\\\/wp-content\\\/uploads\\\/2025\\\/09\\\/Radieschen-Pulver-1.webp\",\"contentUrl\":\"https:\\\/\\\/gogreen-schweiz.ch\\\/wp-content\\\/uploads\\\/2025\\\/09\\\/Radieschen-Pulver-1.webp\",\"width\":1200,\"height\":1200,\"caption\":\"Radieschen microgreens pulver\"},{\"@type\":\"BreadcrumbList\",\"@id\":\"https:\\\/\\\/gogreen-schweiz.ch\\\/product\\\/radieschen-pulver\\\/#breadcrumb\",\"itemListElement\":[{\"@type\":\"ListItem\",\"position\":1,\"name\":\"Home\",\"item\":\"https:\\\/\\\/gogreen-schweiz.ch\\\/\"},{\"@type\":\"ListItem\",\"position\":2,\"name\":\"Shop\",\"item\":\"https:\\\/\\\/gogreen-schweiz.ch\\\/shop\\\/\"},{\"@type\":\"ListItem\",\"position\":3,\"name\":\"Radieschen Pulver\"}]},{\"@type\":\"WebSite\",\"@id\":\"https:\\\/\\\/gogreen-schweiz.ch\\\/#website\",\"url\":\"https:\\\/\\\/gogreen-schweiz.ch\\\/\",\"name\":\"Go Green - Schweiz GmbH\",\"description\":\"\",\"publisher\":{\"@id\":\"https:\\\/\\\/gogreen-schweiz.ch\\\/#organization\"},\"potentialAction\":[{\"@type\":\"SearchAction\",\"target\":{\"@type\":\"EntryPoint\",\"urlTemplate\":\"https:\\\/\\\/gogreen-schweiz.ch\\\/?s={search_term_string}\"},\"query-input\":{\"@type\":\"PropertyValueSpecification\",\"valueRequired\":true,\"valueName\":\"search_term_string\"}}],\"inLanguage\":\"en-GB\"},{\"@type\":\"Organization\",\"@id\":\"https:\\\/\\\/gogreen-schweiz.ch\\\/#organization\",\"name\":\"Go Green - Schweiz GmbH\",\"url\":\"https:\\\/\\\/gogreen-schweiz.ch\\\/\",\"logo\":{\"@type\":\"ImageObject\",\"inLanguage\":\"en-GB\",\"@id\":\"https:\\\/\\\/gogreen-schweiz.ch\\\/#\\\/schema\\\/logo\\\/image\\\/\",\"url\":\"https:\\\/\\\/gogreen-schweiz.ch\\\/wp-content\\\/uploads\\\/2025\\\/07\\\/cropped-Go-Green.webp\",\"contentUrl\":\"https:\\\/\\\/gogreen-schweiz.ch\\\/wp-content\\\/uploads\\\/2025\\\/07\\\/cropped-Go-Green.webp\",\"width\":512,\"height\":512,\"caption\":\"Go Green - Schweiz GmbH\"},\"image\":{\"@id\":\"https:\\\/\\\/gogreen-schweiz.ch\\\/#\\\/schema\\\/logo\\\/image\\\/\"},\"sameAs\":[\"https:\\\/\\\/www.instagram.com\\\/gogreenschweiz\"]}]}<\/script>\n<!-- \/ Yoast SEO plugin. -->","yoast_head_json":{"title":"Radieschen-Microgreens-Pulver \u2013 nat\u00fcrlich scharf & gesund","description":"Gefriergetrocknetes Pulver aus Bio-Microgreens. Ohne Zus\u00e4tze. Unterst\u00fctzt Verdauung, Leber und Immunsystem. Hergestellt in der Schweiz.","robots":{"index":"index","follow":"follow","max-snippet":"max-snippet:-1","max-image-preview":"max-image-preview:large","max-video-preview":"max-video-preview:-1"},"canonical":"https:\/\/gogreen-schweiz.ch\/en\/product\/radieschen-pulver\/","og_locale":"en_GB","og_type":"article","og_title":"Radieschen-Microgreens-Pulver \u2013 nat\u00fcrlich scharf & gesund","og_description":"Gefriergetrocknetes Pulver aus Bio-Microgreens. Ohne Zus\u00e4tze. Unterst\u00fctzt Verdauung, Leber und Immunsystem. Hergestellt in der Schweiz.","og_url":"https:\/\/gogreen-schweiz.ch\/en\/product\/radieschen-pulver\/","og_site_name":"Go Green - Schweiz GmbH","article_modified_time":"2025-11-18T11:18:12+00:00","og_image":[{"width":1200,"height":1200,"url":"https:\/\/gogreen-schweiz.ch\/wp-content\/uploads\/2025\/09\/Radieschen-Pulver-1.webp","type":"image\/webp"}],"twitter_card":"summary_large_image","twitter_misc":{"Estimated reading time":"2 minutes"},"schema":{"@context":"https:\/\/schema.org","@graph":[{"@type":"WebPage","@id":"https:\/\/gogreen-schweiz.ch\/product\/radieschen-pulver\/","url":"https:\/\/gogreen-schweiz.ch\/product\/radieschen-pulver\/","name":"Radieschen-Microgreens-Pulver \u2013 nat\u00fcrlich scharf & gesund","isPartOf":{"@id":"https:\/\/gogreen-schweiz.ch\/#website"},"primaryImageOfPage":{"@id":"https:\/\/gogreen-schweiz.ch\/product\/radieschen-pulver\/#primaryimage"},"image":{"@id":"https:\/\/gogreen-schweiz.ch\/product\/radieschen-pulver\/#primaryimage"},"thumbnailUrl":"https:\/\/gogreen-schweiz.ch\/wp-content\/uploads\/2025\/09\/Radieschen-Pulver-1.webp","datePublished":"2025-07-25T14:17:49+00:00","dateModified":"2025-11-18T11:18:12+00:00","description":"Gefriergetrocknetes Pulver aus Bio-Microgreens. Ohne Zus\u00e4tze. Unterst\u00fctzt Verdauung, Leber und Immunsystem. Hergestellt in der Schweiz.","breadcrumb":{"@id":"https:\/\/gogreen-schweiz.ch\/product\/radieschen-pulver\/#breadcrumb"},"inLanguage":"en-GB","potentialAction":[{"@type":"ReadAction","target":["https:\/\/gogreen-schweiz.ch\/product\/radieschen-pulver\/"]}]},{"@type":"ImageObject","inLanguage":"en-GB","@id":"https:\/\/gogreen-schweiz.ch\/product\/radieschen-pulver\/#primaryimage","url":"https:\/\/gogreen-schweiz.ch\/wp-content\/uploads\/2025\/09\/Radieschen-Pulver-1.webp","contentUrl":"https:\/\/gogreen-schweiz.ch\/wp-content\/uploads\/2025\/09\/Radieschen-Pulver-1.webp","width":1200,"height":1200,"caption":"Radieschen microgreens pulver"},{"@type":"BreadcrumbList","@id":"https:\/\/gogreen-schweiz.ch\/product\/radieschen-pulver\/#breadcrumb","itemListElement":[{"@type":"ListItem","position":1,"name":"Home","item":"https:\/\/gogreen-schweiz.ch\/"},{"@type":"ListItem","position":2,"name":"Shop","item":"https:\/\/gogreen-schweiz.ch\/shop\/"},{"@type":"ListItem","position":3,"name":"Radieschen Pulver"}]},{"@type":"WebSite","@id":"https:\/\/gogreen-schweiz.ch\/#website","url":"https:\/\/gogreen-schweiz.ch\/","name":"Go Green - Schweiz GmbH","description":"","publisher":{"@id":"https:\/\/gogreen-schweiz.ch\/#organization"},"potentialAction":[{"@type":"SearchAction","target":{"@type":"EntryPoint","urlTemplate":"https:\/\/gogreen-schweiz.ch\/?s={search_term_string}"},"query-input":{"@type":"PropertyValueSpecification","valueRequired":true,"valueName":"search_term_string"}}],"inLanguage":"en-GB"},{"@type":"Organization","@id":"https:\/\/gogreen-schweiz.ch\/#organization","name":"Go Green - Schweiz GmbH","url":"https:\/\/gogreen-schweiz.ch\/","logo":{"@type":"ImageObject","inLanguage":"en-GB","@id":"https:\/\/gogreen-schweiz.ch\/#\/schema\/logo\/image\/","url":"https:\/\/gogreen-schweiz.ch\/wp-content\/uploads\/2025\/07\/cropped-Go-Green.webp","contentUrl":"https:\/\/gogreen-schweiz.ch\/wp-content\/uploads\/2025\/07\/cropped-Go-Green.webp","width":512,"height":512,"caption":"Go Green - Schweiz GmbH"},"image":{"@id":"https:\/\/gogreen-schweiz.ch\/#\/schema\/logo\/image\/"},"sameAs":["https:\/\/www.instagram.com\/gogreenschweiz"]}]}},"jetpack_sharing_enabled":true,"_links":{"self":[{"href":"https:\/\/gogreen-schweiz.ch\/en\/wp-json\/wp\/v2\/product\/782","targetHints":{"allow":["GET"]}}],"collection":[{"href":"https:\/\/gogreen-schweiz.ch\/en\/wp-json\/wp\/v2\/product"}],"about":[{"href":"https:\/\/gogreen-schweiz.ch\/en\/wp-json\/wp\/v2\/types\/product"}],"wp:featuredmedia":[{"embeddable":true,"href":"https:\/\/gogreen-schweiz.ch\/en\/wp-json\/wp\/v2\/media\/1382"}],"wp:attachment":[{"href":"https:\/\/gogreen-schweiz.ch\/en\/wp-json\/wp\/v2\/media?parent=782"}],"wp:term":[{"taxonomy":"product_brand","embeddable":true,"href":"https:\/\/gogreen-schweiz.ch\/en\/wp-json\/wp\/v2\/product_brand?post=782"},{"taxonomy":"product_cat","embeddable":true,"href":"https:\/\/gogreen-schweiz.ch\/en\/wp-json\/wp\/v2\/product_cat?post=782"},{"taxonomy":"product_tag","embeddable":true,"href":"https:\/\/gogreen-schweiz.ch\/en\/wp-json\/wp\/v2\/product_tag?post=782"}],"curies":[{"name":"wp","href":"https:\/\/api.w.org\/{rel}","templated":true}]}}