{"id":815,"date":"2025-08-04T15:06:58","date_gmt":"2025-08-04T13:06:58","guid":{"rendered":"https:\/\/gogreen-schweiz.ch\/?post_type=product&#038;p=815"},"modified":"2026-04-21T16:13:44","modified_gmt":"2026-04-21T14:13:44","slug":"nasturtium-empress-of-india","status":"publish","type":"product","link":"https:\/\/gogreen-schweiz.ch\/en\/product\/nasturtium-empress-of-india\/","title":{"rendered":"Kapuzinerkresse (Empress of India)"},"content":{"rendered":"<h3 data-start=\"658\" data-end=\"679\">\ud83c\udf31 Eigenschaften:<\/h3>\n<ul>\n<li data-start=\"682\" data-end=\"729\"><strong data-start=\"682\" data-end=\"696\">Geschmack:<\/strong> Frisch, k\u00fchlend, leicht scharf<\/li>\n<li data-start=\"732\" data-end=\"778\"><strong data-start=\"732\" data-end=\"742\">Farbe:<\/strong> Rosa Stiele &amp; dunkelgr\u00fcne Bl\u00e4tter<\/li>\n<li data-start=\"781\" data-end=\"839\"><strong data-start=\"781\" data-end=\"796\">N\u00e4hrstoffe:<\/strong> Vitamine A, B, C, Kupfer, Antioxidantien<\/li>\n<li data-start=\"842\" data-end=\"919\"><strong data-start=\"842\" data-end=\"859\">Besonderheit:<\/strong> Enth\u00e4lt Myrosinase \u2013 ein nat\u00fcrliches antibakterielles Enzym<\/li>\n<\/ul>\n<h3 data-start=\"926\" data-end=\"944\">\ud83c\udf7d\ufe0f Anwendung:<\/h3>\n<p data-start=\"945\" data-end=\"1000\">Ideal als essbare Dekoration oder Geschmackstr\u00e4ger f\u00fcr:<\/p>\n<ul>\n<li data-start=\"1003\" data-end=\"1023\">Gourmet-Vorspeisen<\/li>\n<li data-start=\"1026\" data-end=\"1054\">Fisch- und Fleischgerichte<\/li>\n<li data-start=\"1057\" data-end=\"1077\">Sommerliche Salate<\/li>\n<li data-start=\"1080\" data-end=\"1102\">Vegane Bowls und Tapas<\/li>\n<\/ul>\n<p><strong data-start=\"1109\" data-end=\"1169\">Verf\u00fcgbar als frische Microgreens oder auf Vorbestellung<\/strong><br data-start=\"1169\" data-end=\"1172\" \/>Angebaut mit Liebe, von Hand geerntet, ganz ohne Chemie \u2013 wie all unsere Produkte.<\/p>\n<p>&nbsp;<\/p>\n<h2 data-start=\"803\" data-end=\"856\"><strong data-start=\"806\" data-end=\"856\">Wichtige Informationen zu frischer Microgreens<\/strong><\/h2>\n<p data-start=\"857\" data-end=\"978\">Dieses Produkt ist <strong data-start=\"876\" data-end=\"901\">nur als Vorbestellung<\/strong> erh\u00e4ltlich. Die Vorbereitungszeit betr\u00e4gt etwa <strong data-start=\"951\" data-end=\"961\">7 Tage<\/strong> ab Bestelldatum.<\/p>\n<p data-start=\"980\" data-end=\"1193\">Die Lieferung von frischer Microgreens ist <strong data-start=\"1023\" data-end=\"1065\">nur in bestimmten Regionen der Schweiz<\/strong> m\u00f6glich. Vor Ihrer Bestellung <strong data-start=\"1098\" data-end=\"1136\">empfehlen wir, uns zu kontaktieren<\/strong>, um die Lieferm\u00f6glichkeit an Ihre Adresse zu best\u00e4tigen.<\/p>\n<p data-start=\"980\" data-end=\"1193\">Vielleicht wollten Sie lyophilisierte Microgreens, <a href=\"https:\/\/gogreen-schweiz.ch\/en\/product\/kapuzinerkresse-empress-of-india-samen\/\">Samen<\/a> oder <a href=\"https:\/\/gogreen-schweiz.ch\/en\/product-category\/microgreen-pulver\/\">Microgreens-Pulver<\/a> bestellen.<\/p>","protected":false},"excerpt":{"rendered":"<p data-start=\"218\" data-end=\"460\">Nasturtium oder Kapuzinerkresse.<\/p>\n<p data-start=\"218\" data-end=\"460\">Erleben Sie den intensiven Geschmack und die faszinierende Farbe dieses seltenen Microgreens. Die Sorte <em data-start=\"322\" data-end=\"340\">Empress of India<\/em> besticht durch ihre dunkelgr\u00fcnen bis bl\u00e4ulichen Bl\u00e4tter und rosa-gr\u00fcnen Stiele \u2013 ein echter Hingucker auf jedem Teller.<\/p>\n<p data-start=\"462\" data-end=\"651\">Diese Sorte ist besonders beliebt bei Sternek\u00f6chen, denn sie vereint <strong data-start=\"531\" data-end=\"554\">\u00e4sthetische Eleganz<\/strong> mit <strong data-start=\"559\" data-end=\"586\">w\u00fcrzig-frischer Sch\u00e4rfe<\/strong> und bietet gleichzeitig eine F\u00fclle an wertvollen Inhaltsstoffen.<\/p>","protected":false},"featured_media":813,"template":"","meta":{"_coblocks_attr":"","_coblocks_dimensions":"","_coblocks_responsive_height":"","_coblocks_accordion_ie_support":"","wprm-recipe-roundup-name":"","wprm-recipe-roundup-description":""},"product_brand":[],"product_cat":[30],"product_tag":[],"class_list":{"0":"post-815","1":"product","2":"type-product","3":"status-publish","4":"has-post-thumbnail","6":"product_cat-microgreen","7":"product_shipping_class-fresh","9":"first","10":"onbackorder","11":"taxable","12":"shipping-taxable","13":"purchasable","14":"product-type-simple"},"yoast_head":"<!-- This site is optimized with the Yoast SEO plugin v27.5 - https:\/\/yoast.com\/product\/yoast-seo-wordpress\/ -->\n<title>Kapuzinerkresse (Empress of India) - Go Green - Schweiz GmbH<\/title>\n<meta name=\"description\" content=\"Entdecken Sie die scharf-frischen Kapuzinerkresse Microgreens der Sorte Empress of India \u2013 100\u202f% BIO, lokal angebaut, von Hand geerntet. Ideal f\u00fcr Salate, Fisch &amp; Gourmetgerichte.\" \/>\n<meta name=\"robots\" content=\"index, follow, max-snippet:-1, max-image-preview:large, max-video-preview:-1\" \/>\n<link rel=\"canonical\" href=\"https:\/\/gogreen-schweiz.ch\/en\/product\/nasturtium-empress-of-india\/\" \/>\n<meta property=\"og:locale\" content=\"en_GB\" \/>\n<meta property=\"og:type\" content=\"article\" \/>\n<meta property=\"og:title\" content=\"Kapuzinerkresse (Empress of India) - Go Green - Schweiz GmbH\" \/>\n<meta property=\"og:description\" content=\"Entdecken Sie die scharf-frischen Kapuzinerkresse Microgreens der Sorte Empress of India \u2013 100\u202f% BIO, lokal angebaut, von Hand geerntet. Ideal f\u00fcr Salate, Fisch &amp; Gourmetgerichte.\" \/>\n<meta property=\"og:url\" content=\"https:\/\/gogreen-schweiz.ch\/en\/product\/nasturtium-empress-of-india\/\" \/>\n<meta property=\"og:site_name\" content=\"Go Green - Schweiz GmbH\" \/>\n<meta property=\"article:modified_time\" content=\"2026-04-21T14:13:44+00:00\" \/>\n<meta property=\"og:image\" content=\"https:\/\/gogreen-schweiz.ch\/wp-content\/uploads\/2025\/08\/Nasturtium.webp\" \/>\n\t<meta property=\"og:image:width\" content=\"600\" \/>\n\t<meta property=\"og:image:height\" content=\"600\" \/>\n\t<meta property=\"og:image:type\" content=\"image\/webp\" \/>\n<meta name=\"twitter:card\" content=\"summary_large_image\" \/>\n<meta name=\"twitter:label1\" content=\"Estimated reading time\" \/>\n\t<meta name=\"twitter:data1\" content=\"1 minute\" \/>\n<script type=\"application\/ld+json\" class=\"yoast-schema-graph\">{\"@context\":\"https:\\\/\\\/schema.org\",\"@graph\":[{\"@type\":\"WebPage\",\"@id\":\"https:\\\/\\\/gogreen-schweiz.ch\\\/product\\\/nasturtium-empress-of-india\\\/\",\"url\":\"https:\\\/\\\/gogreen-schweiz.ch\\\/product\\\/nasturtium-empress-of-india\\\/\",\"name\":\"Kapuzinerkresse (Empress of India) - Go Green - Schweiz GmbH\",\"isPartOf\":{\"@id\":\"https:\\\/\\\/gogreen-schweiz.ch\\\/#website\"},\"primaryImageOfPage\":{\"@id\":\"https:\\\/\\\/gogreen-schweiz.ch\\\/product\\\/nasturtium-empress-of-india\\\/#primaryimage\"},\"image\":{\"@id\":\"https:\\\/\\\/gogreen-schweiz.ch\\\/product\\\/nasturtium-empress-of-india\\\/#primaryimage\"},\"thumbnailUrl\":\"https:\\\/\\\/gogreen-schweiz.ch\\\/wp-content\\\/uploads\\\/2025\\\/08\\\/Nasturtium.webp\",\"datePublished\":\"2025-08-04T13:06:58+00:00\",\"dateModified\":\"2026-04-21T14:13:44+00:00\",\"description\":\"Entdecken Sie die scharf-frischen Kapuzinerkresse Microgreens der Sorte Empress of India \u2013 100\u202f% BIO, lokal angebaut, von Hand geerntet. Ideal f\u00fcr Salate, Fisch & Gourmetgerichte.\",\"breadcrumb\":{\"@id\":\"https:\\\/\\\/gogreen-schweiz.ch\\\/product\\\/nasturtium-empress-of-india\\\/#breadcrumb\"},\"inLanguage\":\"en-GB\",\"potentialAction\":[{\"@type\":\"ReadAction\",\"target\":[\"https:\\\/\\\/gogreen-schweiz.ch\\\/product\\\/nasturtium-empress-of-india\\\/\"]}]},{\"@type\":\"ImageObject\",\"inLanguage\":\"en-GB\",\"@id\":\"https:\\\/\\\/gogreen-schweiz.ch\\\/product\\\/nasturtium-empress-of-india\\\/#primaryimage\",\"url\":\"https:\\\/\\\/gogreen-schweiz.ch\\\/wp-content\\\/uploads\\\/2025\\\/08\\\/Nasturtium.webp\",\"contentUrl\":\"https:\\\/\\\/gogreen-schweiz.ch\\\/wp-content\\\/uploads\\\/2025\\\/08\\\/Nasturtium.webp\",\"width\":600,\"height\":600,\"caption\":\"Nasturtium\"},{\"@type\":\"BreadcrumbList\",\"@id\":\"https:\\\/\\\/gogreen-schweiz.ch\\\/product\\\/nasturtium-empress-of-india\\\/#breadcrumb\",\"itemListElement\":[{\"@type\":\"ListItem\",\"position\":1,\"name\":\"Home\",\"item\":\"https:\\\/\\\/gogreen-schweiz.ch\\\/\"},{\"@type\":\"ListItem\",\"position\":2,\"name\":\"Shop\",\"item\":\"https:\\\/\\\/gogreen-schweiz.ch\\\/shop\\\/\"},{\"@type\":\"ListItem\",\"position\":3,\"name\":\"Kapuzinerkresse (Empress of India)\"}]},{\"@type\":\"WebSite\",\"@id\":\"https:\\\/\\\/gogreen-schweiz.ch\\\/#website\",\"url\":\"https:\\\/\\\/gogreen-schweiz.ch\\\/\",\"name\":\"Go Green - Schweiz GmbH\",\"description\":\"\",\"publisher\":{\"@id\":\"https:\\\/\\\/gogreen-schweiz.ch\\\/#organization\"},\"potentialAction\":[{\"@type\":\"SearchAction\",\"target\":{\"@type\":\"EntryPoint\",\"urlTemplate\":\"https:\\\/\\\/gogreen-schweiz.ch\\\/?s={search_term_string}\"},\"query-input\":{\"@type\":\"PropertyValueSpecification\",\"valueRequired\":true,\"valueName\":\"search_term_string\"}}],\"inLanguage\":\"en-GB\"},{\"@type\":\"Organization\",\"@id\":\"https:\\\/\\\/gogreen-schweiz.ch\\\/#organization\",\"name\":\"Go Green - Schweiz GmbH\",\"url\":\"https:\\\/\\\/gogreen-schweiz.ch\\\/\",\"logo\":{\"@type\":\"ImageObject\",\"inLanguage\":\"en-GB\",\"@id\":\"https:\\\/\\\/gogreen-schweiz.ch\\\/#\\\/schema\\\/logo\\\/image\\\/\",\"url\":\"https:\\\/\\\/gogreen-schweiz.ch\\\/wp-content\\\/uploads\\\/2025\\\/07\\\/cropped-Go-Green.webp\",\"contentUrl\":\"https:\\\/\\\/gogreen-schweiz.ch\\\/wp-content\\\/uploads\\\/2025\\\/07\\\/cropped-Go-Green.webp\",\"width\":512,\"height\":512,\"caption\":\"Go Green - Schweiz GmbH\"},\"image\":{\"@id\":\"https:\\\/\\\/gogreen-schweiz.ch\\\/#\\\/schema\\\/logo\\\/image\\\/\"},\"sameAs\":[\"https:\\\/\\\/www.instagram.com\\\/gogreenschweiz\"]}]}<\/script>\n<!-- \/ Yoast SEO plugin. -->","yoast_head_json":{"title":"Kapuzinerkresse (Empress of India) - Go Green - Schweiz GmbH","description":"Entdecken Sie die scharf-frischen Kapuzinerkresse Microgreens der Sorte Empress of India \u2013 100\u202f% BIO, lokal angebaut, von Hand geerntet. Ideal f\u00fcr Salate, Fisch & Gourmetgerichte.","robots":{"index":"index","follow":"follow","max-snippet":"max-snippet:-1","max-image-preview":"max-image-preview:large","max-video-preview":"max-video-preview:-1"},"canonical":"https:\/\/gogreen-schweiz.ch\/en\/product\/nasturtium-empress-of-india\/","og_locale":"en_GB","og_type":"article","og_title":"Kapuzinerkresse (Empress of India) - Go Green - Schweiz GmbH","og_description":"Entdecken Sie die scharf-frischen Kapuzinerkresse Microgreens der Sorte Empress of India \u2013 100\u202f% BIO, lokal angebaut, von Hand geerntet. Ideal f\u00fcr Salate, Fisch & Gourmetgerichte.","og_url":"https:\/\/gogreen-schweiz.ch\/en\/product\/nasturtium-empress-of-india\/","og_site_name":"Go Green - Schweiz GmbH","article_modified_time":"2026-04-21T14:13:44+00:00","og_image":[{"width":600,"height":600,"url":"https:\/\/gogreen-schweiz.ch\/wp-content\/uploads\/2025\/08\/Nasturtium.webp","type":"image\/webp"}],"twitter_card":"summary_large_image","twitter_misc":{"Estimated reading time":"1 minute"},"schema":{"@context":"https:\/\/schema.org","@graph":[{"@type":"WebPage","@id":"https:\/\/gogreen-schweiz.ch\/product\/nasturtium-empress-of-india\/","url":"https:\/\/gogreen-schweiz.ch\/product\/nasturtium-empress-of-india\/","name":"Kapuzinerkresse (Empress of India) - Go Green - Schweiz GmbH","isPartOf":{"@id":"https:\/\/gogreen-schweiz.ch\/#website"},"primaryImageOfPage":{"@id":"https:\/\/gogreen-schweiz.ch\/product\/nasturtium-empress-of-india\/#primaryimage"},"image":{"@id":"https:\/\/gogreen-schweiz.ch\/product\/nasturtium-empress-of-india\/#primaryimage"},"thumbnailUrl":"https:\/\/gogreen-schweiz.ch\/wp-content\/uploads\/2025\/08\/Nasturtium.webp","datePublished":"2025-08-04T13:06:58+00:00","dateModified":"2026-04-21T14:13:44+00:00","description":"Entdecken Sie die scharf-frischen Kapuzinerkresse Microgreens der Sorte Empress of India \u2013 100\u202f% BIO, lokal angebaut, von Hand geerntet. Ideal f\u00fcr Salate, Fisch & Gourmetgerichte.","breadcrumb":{"@id":"https:\/\/gogreen-schweiz.ch\/product\/nasturtium-empress-of-india\/#breadcrumb"},"inLanguage":"en-GB","potentialAction":[{"@type":"ReadAction","target":["https:\/\/gogreen-schweiz.ch\/product\/nasturtium-empress-of-india\/"]}]},{"@type":"ImageObject","inLanguage":"en-GB","@id":"https:\/\/gogreen-schweiz.ch\/product\/nasturtium-empress-of-india\/#primaryimage","url":"https:\/\/gogreen-schweiz.ch\/wp-content\/uploads\/2025\/08\/Nasturtium.webp","contentUrl":"https:\/\/gogreen-schweiz.ch\/wp-content\/uploads\/2025\/08\/Nasturtium.webp","width":600,"height":600,"caption":"Nasturtium"},{"@type":"BreadcrumbList","@id":"https:\/\/gogreen-schweiz.ch\/product\/nasturtium-empress-of-india\/#breadcrumb","itemListElement":[{"@type":"ListItem","position":1,"name":"Home","item":"https:\/\/gogreen-schweiz.ch\/"},{"@type":"ListItem","position":2,"name":"Shop","item":"https:\/\/gogreen-schweiz.ch\/shop\/"},{"@type":"ListItem","position":3,"name":"Kapuzinerkresse (Empress of India)"}]},{"@type":"WebSite","@id":"https:\/\/gogreen-schweiz.ch\/#website","url":"https:\/\/gogreen-schweiz.ch\/","name":"Go Green - Schweiz GmbH","description":"","publisher":{"@id":"https:\/\/gogreen-schweiz.ch\/#organization"},"potentialAction":[{"@type":"SearchAction","target":{"@type":"EntryPoint","urlTemplate":"https:\/\/gogreen-schweiz.ch\/?s={search_term_string}"},"query-input":{"@type":"PropertyValueSpecification","valueRequired":true,"valueName":"search_term_string"}}],"inLanguage":"en-GB"},{"@type":"Organization","@id":"https:\/\/gogreen-schweiz.ch\/#organization","name":"Go Green - Schweiz GmbH","url":"https:\/\/gogreen-schweiz.ch\/","logo":{"@type":"ImageObject","inLanguage":"en-GB","@id":"https:\/\/gogreen-schweiz.ch\/#\/schema\/logo\/image\/","url":"https:\/\/gogreen-schweiz.ch\/wp-content\/uploads\/2025\/07\/cropped-Go-Green.webp","contentUrl":"https:\/\/gogreen-schweiz.ch\/wp-content\/uploads\/2025\/07\/cropped-Go-Green.webp","width":512,"height":512,"caption":"Go Green - Schweiz GmbH"},"image":{"@id":"https:\/\/gogreen-schweiz.ch\/#\/schema\/logo\/image\/"},"sameAs":["https:\/\/www.instagram.com\/gogreenschweiz"]}]}},"jetpack_sharing_enabled":true,"_links":{"self":[{"href":"https:\/\/gogreen-schweiz.ch\/en\/wp-json\/wp\/v2\/product\/815","targetHints":{"allow":["GET"]}}],"collection":[{"href":"https:\/\/gogreen-schweiz.ch\/en\/wp-json\/wp\/v2\/product"}],"about":[{"href":"https:\/\/gogreen-schweiz.ch\/en\/wp-json\/wp\/v2\/types\/product"}],"wp:featuredmedia":[{"embeddable":true,"href":"https:\/\/gogreen-schweiz.ch\/en\/wp-json\/wp\/v2\/media\/813"}],"wp:attachment":[{"href":"https:\/\/gogreen-schweiz.ch\/en\/wp-json\/wp\/v2\/media?parent=815"}],"wp:term":[{"taxonomy":"product_brand","embeddable":true,"href":"https:\/\/gogreen-schweiz.ch\/en\/wp-json\/wp\/v2\/product_brand?post=815"},{"taxonomy":"product_cat","embeddable":true,"href":"https:\/\/gogreen-schweiz.ch\/en\/wp-json\/wp\/v2\/product_cat?post=815"},{"taxonomy":"product_tag","embeddable":true,"href":"https:\/\/gogreen-schweiz.ch\/en\/wp-json\/wp\/v2\/product_tag?post=815"}],"curies":[{"name":"wp","href":"https:\/\/api.w.org\/{rel}","templated":true}]}}